{"id":11372,"date":"2022-09-19T16:19:27","date_gmt":"2022-09-19T16:19:27","guid":{"rendered":"https:\/\/www.upjs.sk\/filozoficka-fakulta\/info-pre-zamestnancov\/terminy-zasadnuti\/"},"modified":"2026-03-31T09:25:25","modified_gmt":"2026-03-31T08:25:25","slug":"terminy-zasadnuti","status":"publish","type":"page","link":"https:\/\/www.upjs.sk\/filozoficka-fakulta\/info-pre-zamestnancov\/terminy-zasadnuti\/","title":{"rendered":"Term\u00edny zasadnut\u00ed org\u00e1nov fakulty"},"content":{"rendered":"\n<figure class=\"wp-block-table caption-align-center is-style-stripes\"><table><tbody><tr><td>&nbsp;<\/td><td class=\"has-text-align-center\" data-align=\"center\"><strong>Vedenie FF<\/strong><\/td><td class=\"has-text-align-center\" data-align=\"center\"><strong>Kol\u00e9gium dekanky FF<\/strong><\/td><td class=\"has-text-align-center\" data-align=\"center\"><strong>AS FF<\/strong><\/td><td class=\"has-text-align-center\" data-align=\"center\"><strong>VR FF<\/strong><\/td><\/tr><tr><td>&nbsp; september<\/td><td class=\"has-text-align-center\" data-align=\"center\">11. 9. 2025<br>25. 9. 2025<\/td><td class=\"has-text-align-center\" data-align=\"center\">18. &#8211; 19. 9. 2025<\/td><td class=\"has-text-align-center\" data-align=\"center\">22. 9. 2025<\/td><td class=\"has-text-align-center\" data-align=\"center\">&nbsp;<\/td><\/tr><tr><td>&nbsp; okt\u00f3ber<\/td><td class=\"has-text-align-center\" data-align=\"center\">16. 10. 2025<\/td><td class=\"has-text-align-center\" data-align=\"center\"><\/td><td class=\"has-text-align-center\" data-align=\"center\"><\/td><td class=\"has-text-align-center\" data-align=\"center\">17. 10. 2025<\/td><\/tr><tr><td>&nbsp; november<\/td><td class=\"has-text-align-center\" data-align=\"center\">6. 11. 2025<br>20. 11. 2025<\/td><td class=\"has-text-align-center\" data-align=\"center\">3. 11. 2025<\/td><td class=\"has-text-align-center\" data-align=\"center\">&nbsp;<\/td><td class=\"has-text-align-center\" data-align=\"center\">&nbsp;<\/td><\/tr><tr><td>&nbsp; december<\/td><td class=\"has-text-align-center\" data-align=\"center\">4. 12. 2025<br>18. 12. 2025<\/td><td class=\"has-text-align-center\" data-align=\"center\">1. 12. 2025<\/td><td class=\"has-text-align-center\" data-align=\"center\">8. 12. 2025&nbsp;<\/td><td class=\"has-text-align-center\" data-align=\"center\">11. 12. 2025<\/td><\/tr><tr><td>&nbsp; janu\u00e1r<\/td><td class=\"has-text-align-center\" data-align=\"center\">22. 1. 2026<\/td><td class=\"has-text-align-center\" data-align=\"center\">19. 1. 2026&nbsp;<\/td><td class=\"has-text-align-center\" data-align=\"center\">&nbsp;<\/td><td class=\"has-text-align-center\" data-align=\"center\">&nbsp;<\/td><\/tr><tr><td>&nbsp; febru\u00e1r<\/td><td class=\"has-text-align-center\" data-align=\"center\">5. 2. 2026<br>19. 2. 2026<br>26. 2. 2026<\/td><td class=\"has-text-align-center\" data-align=\"center\">&nbsp;9. 2. 2026<\/td><td class=\"has-text-align-center\" data-align=\"center\"><\/td><td class=\"has-text-align-center\" data-align=\"center\"><\/td><\/tr><tr><td>&nbsp; marec<\/td><td class=\"has-text-align-center\" data-align=\"center\">12. 3. 2026<br>26. 3. 2026<\/td><td class=\"has-text-align-center\" data-align=\"center\">&nbsp;2. 3. 2026<br>30. 3. 2026<\/td><td class=\"has-text-align-center\" data-align=\"center\">9. 3. 2026<\/td><td class=\"has-text-align-center\" data-align=\"center\">&nbsp;20. 3. 2026<\/td><\/tr><tr><td>&nbsp; apr\u00edl<\/td><td class=\"has-text-align-center\" data-align=\"center\">9. 4. 2026<br>23. 4. 2026&nbsp;<\/td><td class=\"has-text-align-center\" data-align=\"center\">27. 4. 2026<\/td><td class=\"has-text-align-center\" data-align=\"center\">20. 4. 2026<\/td><td class=\"has-text-align-center\" data-align=\"center\">&nbsp;<\/td><\/tr><tr><td>&nbsp; m\u00e1j<\/td><td class=\"has-text-align-center\" data-align=\"center\">7. 5. 2026<br>21. 5. 2026<\/td><td class=\"has-text-align-center\" data-align=\"center\"><\/td><td class=\"has-text-align-center\" data-align=\"center\">11. 5. 2026<\/td><td class=\"has-text-align-center\" data-align=\"center\">&nbsp;15. 5. 2026<\/td><\/tr><tr><td>&nbsp; j\u00fan<\/td><td class=\"has-text-align-center\" data-align=\"center\">4. 6. 2026<br>18. 6. 2026<\/td><td class=\"has-text-align-center\" data-align=\"center\">8. 6. 2026<\/td><td class=\"has-text-align-center\" data-align=\"center\">&nbsp;<\/td><td class=\"has-text-align-center\" data-align=\"center\">&nbsp;<\/td><\/tr><\/tbody><\/table><\/figure>\n\n\n\n<p>Vysvetlivky:<br>m.z. &#8211; mimoriadne zasadnutie<\/p>\n","protected":false},"excerpt":{"rendered":"<p>&nbsp; Vedenie FF Kol\u00e9gium dekanky FF AS FF VR FF &nbsp; september 11. 9. 202525. 9. 2025 18. &#8211; 19. 9. 2025 22. 9. 2025 &nbsp; &nbsp; okt\u00f3ber 16. 10. 2025 17. 10. 2025 &nbsp; november 6. 11. 202520. 11. 2025 3. 11. 2025 &nbsp; &nbsp; &nbsp; december 4. 12. 202518. 12. 2025 1. 12. &hellip; <a href=\"https:\/\/www.upjs.sk\/filozoficka-fakulta\/info-pre-zamestnancov\/terminy-zasadnuti\/\">\u010c\u00edta\u0165 \u010falej<\/a><\/p>\n","protected":false},"author":1,"featured_media":0,"parent":16361,"menu_order":0,"comment_status":"closed","ping_status":"closed","template":"","meta":{"_acf_changed":false,"_editorskit_title_hidden":false,"_editorskit_reading_time":1,"_editorskit_is_block_options_detached":false,"_editorskit_block_options_position":"{}","footnotes":""},"categories":[],"tags":[],"class_list":["post-11372","page","type-page","status-publish","hentry"],"acf":{"acf_link_na_externy_obsah":""},"yoast_head":"<!-- This site is optimized with the Yoast SEO plugin v27.4 - https:\/\/yoast.com\/product\/yoast-seo-wordpress\/ -->\n<title>Term\u00edny zasadnut\u00ed org\u00e1nov fakulty - Filozofick\u00e1 fakulta | UPJ\u0160<\/title>\n<meta name=\"robots\" content=\"index, follow, max-snippet:-1, max-image-preview:large, max-video-preview:-1\" \/>\n<link rel=\"canonical\" href=\"https:\/\/www.upjs.sk\/filozoficka-fakulta\/info-pre-zamestnancov\/terminy-zasadnuti\/\" \/>\n<meta property=\"og:locale\" content=\"sk_SK\" \/>\n<meta property=\"og:type\" content=\"article\" \/>\n<meta property=\"og:title\" content=\"Term\u00edny zasadnut\u00ed org\u00e1nov fakulty - Filozofick\u00e1 fakulta | UPJ\u0160\" \/>\n<meta property=\"og:description\" content=\"&nbsp; Vedenie FF Kol\u00e9gium dekanky FF AS FF VR FF &nbsp; september 11. 9. 202525. 9. 2025 18. &#8211; 19. 9. 2025 22. 9. 2025 &nbsp; &nbsp; okt\u00f3ber 16. 10. 2025 17. 10. 2025 &nbsp; november 6. 11. 202520. 11. 2025 3. 11. 2025 &nbsp; &nbsp; &nbsp; december 4. 12. 202518. 12. 2025 1. 12. &hellip; \u010c\u00edta\u0165 \u010falej\" \/>\n<meta property=\"og:url\" content=\"https:\/\/www.upjs.sk\/filozoficka-fakulta\/info-pre-zamestnancov\/terminy-zasadnuti\/\" \/>\n<meta property=\"og:site_name\" content=\"Filozofick\u00e1 fakulta | UPJ\u0160\" \/>\n<meta property=\"article:modified_time\" content=\"2026-03-31T08:25:25+00:00\" \/>\n<meta name=\"twitter:card\" content=\"summary_large_image\" \/>\n<meta name=\"twitter:label1\" content=\"Predpokladan\u00fd \u010das \u010d\u00edtania\" \/>\n\t<meta name=\"twitter:data1\" content=\"1 min\u00fata\" \/>\n<script type=\"application\/ld+json\" class=\"yoast-schema-graph\">{\"@context\":\"https:\\\/\\\/schema.org\",\"@graph\":[{\"@type\":\"WebPage\",\"@id\":\"https:\\\/\\\/www.upjs.sk\\\/filozoficka-fakulta\\\/info-pre-zamestnancov\\\/terminy-zasadnuti\\\/\",\"url\":\"https:\\\/\\\/www.upjs.sk\\\/filozoficka-fakulta\\\/info-pre-zamestnancov\\\/terminy-zasadnuti\\\/\",\"name\":\"Term\u00edny zasadnut\u00ed org\u00e1nov fakulty - Filozofick\u00e1 fakulta | UPJ\u0160\",\"isPartOf\":{\"@id\":\"https:\\\/\\\/www.upjs.sk\\\/filozoficka-fakulta\\\/#website\"},\"datePublished\":\"2022-09-19T16:19:27+00:00\",\"dateModified\":\"2026-03-31T08:25:25+00:00\",\"breadcrumb\":{\"@id\":\"https:\\\/\\\/www.upjs.sk\\\/filozoficka-fakulta\\\/info-pre-zamestnancov\\\/terminy-zasadnuti\\\/#breadcrumb\"},\"inLanguage\":\"sk-SK\",\"potentialAction\":[{\"@type\":\"ReadAction\",\"target\":[\"https:\\\/\\\/www.upjs.sk\\\/filozoficka-fakulta\\\/info-pre-zamestnancov\\\/terminy-zasadnuti\\\/\"]}]},{\"@type\":\"BreadcrumbList\",\"@id\":\"https:\\\/\\\/www.upjs.sk\\\/filozoficka-fakulta\\\/info-pre-zamestnancov\\\/terminy-zasadnuti\\\/#breadcrumb\",\"itemListElement\":[{\"@type\":\"ListItem\",\"position\":1,\"name\":\"Home\",\"item\":\"https:\\\/\\\/www.upjs.sk\\\/filozoficka-fakulta\\\/\"},{\"@type\":\"ListItem\",\"position\":2,\"name\":\"Inform\u00e1cie pre zamestnancov\",\"item\":\"https:\\\/\\\/www.upjs.sk\\\/filozoficka-fakulta\\\/info-pre-zamestnancov\\\/\"},{\"@type\":\"ListItem\",\"position\":3,\"name\":\"Term\u00edny zasadnut\u00ed org\u00e1nov fakulty\"}]},{\"@type\":\"WebSite\",\"@id\":\"https:\\\/\\\/www.upjs.sk\\\/filozoficka-fakulta\\\/#website\",\"url\":\"https:\\\/\\\/www.upjs.sk\\\/filozoficka-fakulta\\\/\",\"name\":\"Filozofick\u00e1 fakulta | UPJ\u0160\",\"description\":\"\",\"publisher\":{\"@id\":\"https:\\\/\\\/www.upjs.sk\\\/filozoficka-fakulta\\\/#organization\"},\"potentialAction\":[{\"@type\":\"SearchAction\",\"target\":{\"@type\":\"EntryPoint\",\"urlTemplate\":\"https:\\\/\\\/www.upjs.sk\\\/filozoficka-fakulta\\\/?s={search_term_string}\"},\"query-input\":{\"@type\":\"PropertyValueSpecification\",\"valueRequired\":true,\"valueName\":\"search_term_string\"}}],\"inLanguage\":\"sk-SK\"},{\"@type\":\"Organization\",\"@id\":\"https:\\\/\\\/www.upjs.sk\\\/filozoficka-fakulta\\\/#organization\",\"name\":\"Filozofick\u00e1 fakulta | UPJ\u0160\",\"url\":\"https:\\\/\\\/www.upjs.sk\\\/filozoficka-fakulta\\\/\",\"logo\":{\"@type\":\"ImageObject\",\"inLanguage\":\"sk-SK\",\"@id\":\"https:\\\/\\\/www.upjs.sk\\\/filozoficka-fakulta\\\/#\\\/schema\\\/logo\\\/image\\\/\",\"url\":\"https:\\\/\\\/www.upjs.sk\\\/app\\\/uploads\\\/sites\\\/7\\\/2022\\\/09\\\/logo-filozoficka-fakulta.png\",\"contentUrl\":\"https:\\\/\\\/www.upjs.sk\\\/app\\\/uploads\\\/sites\\\/7\\\/2022\\\/09\\\/logo-filozoficka-fakulta.png\",\"width\":415,\"height\":87,\"caption\":\"Filozofick\u00e1 fakulta | UPJ\u0160\"},\"image\":{\"@id\":\"https:\\\/\\\/www.upjs.sk\\\/filozoficka-fakulta\\\/#\\\/schema\\\/logo\\\/image\\\/\"}}]}<\/script>\n<!-- \/ Yoast SEO plugin. -->","yoast_head_json":{"title":"Term\u00edny zasadnut\u00ed org\u00e1nov fakulty - Filozofick\u00e1 fakulta | UPJ\u0160","robots":{"index":"index","follow":"follow","max-snippet":"max-snippet:-1","max-image-preview":"max-image-preview:large","max-video-preview":"max-video-preview:-1"},"canonical":"https:\/\/www.upjs.sk\/filozoficka-fakulta\/info-pre-zamestnancov\/terminy-zasadnuti\/","og_locale":"sk_SK","og_type":"article","og_title":"Term\u00edny zasadnut\u00ed org\u00e1nov fakulty - Filozofick\u00e1 fakulta | UPJ\u0160","og_description":"&nbsp; Vedenie FF Kol\u00e9gium dekanky FF AS FF VR FF &nbsp; september 11. 9. 202525. 9. 2025 18. &#8211; 19. 9. 2025 22. 9. 2025 &nbsp; &nbsp; okt\u00f3ber 16. 10. 2025 17. 10. 2025 &nbsp; november 6. 11. 202520. 11. 2025 3. 11. 2025 &nbsp; &nbsp; &nbsp; december 4. 12. 202518. 12. 2025 1. 12. &hellip; \u010c\u00edta\u0165 \u010falej","og_url":"https:\/\/www.upjs.sk\/filozoficka-fakulta\/info-pre-zamestnancov\/terminy-zasadnuti\/","og_site_name":"Filozofick\u00e1 fakulta | UPJ\u0160","article_modified_time":"2026-03-31T08:25:25+00:00","twitter_card":"summary_large_image","twitter_misc":{"Predpokladan\u00fd \u010das \u010d\u00edtania":"1 min\u00fata"},"schema":{"@context":"https:\/\/schema.org","@graph":[{"@type":"WebPage","@id":"https:\/\/www.upjs.sk\/filozoficka-fakulta\/info-pre-zamestnancov\/terminy-zasadnuti\/","url":"https:\/\/www.upjs.sk\/filozoficka-fakulta\/info-pre-zamestnancov\/terminy-zasadnuti\/","name":"Term\u00edny zasadnut\u00ed org\u00e1nov fakulty - Filozofick\u00e1 fakulta | UPJ\u0160","isPartOf":{"@id":"https:\/\/www.upjs.sk\/filozoficka-fakulta\/#website"},"datePublished":"2022-09-19T16:19:27+00:00","dateModified":"2026-03-31T08:25:25+00:00","breadcrumb":{"@id":"https:\/\/www.upjs.sk\/filozoficka-fakulta\/info-pre-zamestnancov\/terminy-zasadnuti\/#breadcrumb"},"inLanguage":"sk-SK","potentialAction":[{"@type":"ReadAction","target":["https:\/\/www.upjs.sk\/filozoficka-fakulta\/info-pre-zamestnancov\/terminy-zasadnuti\/"]}]},{"@type":"BreadcrumbList","@id":"https:\/\/www.upjs.sk\/filozoficka-fakulta\/info-pre-zamestnancov\/terminy-zasadnuti\/#breadcrumb","itemListElement":[{"@type":"ListItem","position":1,"name":"Home","item":"https:\/\/www.upjs.sk\/filozoficka-fakulta\/"},{"@type":"ListItem","position":2,"name":"Inform\u00e1cie pre zamestnancov","item":"https:\/\/www.upjs.sk\/filozoficka-fakulta\/info-pre-zamestnancov\/"},{"@type":"ListItem","position":3,"name":"Term\u00edny zasadnut\u00ed org\u00e1nov fakulty"}]},{"@type":"WebSite","@id":"https:\/\/www.upjs.sk\/filozoficka-fakulta\/#website","url":"https:\/\/www.upjs.sk\/filozoficka-fakulta\/","name":"Filozofick\u00e1 fakulta | UPJ\u0160","description":"","publisher":{"@id":"https:\/\/www.upjs.sk\/filozoficka-fakulta\/#organization"},"potentialAction":[{"@type":"SearchAction","target":{"@type":"EntryPoint","urlTemplate":"https:\/\/www.upjs.sk\/filozoficka-fakulta\/?s={search_term_string}"},"query-input":{"@type":"PropertyValueSpecification","valueRequired":true,"valueName":"search_term_string"}}],"inLanguage":"sk-SK"},{"@type":"Organization","@id":"https:\/\/www.upjs.sk\/filozoficka-fakulta\/#organization","name":"Filozofick\u00e1 fakulta | UPJ\u0160","url":"https:\/\/www.upjs.sk\/filozoficka-fakulta\/","logo":{"@type":"ImageObject","inLanguage":"sk-SK","@id":"https:\/\/www.upjs.sk\/filozoficka-fakulta\/#\/schema\/logo\/image\/","url":"https:\/\/www.upjs.sk\/app\/uploads\/sites\/7\/2022\/09\/logo-filozoficka-fakulta.png","contentUrl":"https:\/\/www.upjs.sk\/app\/uploads\/sites\/7\/2022\/09\/logo-filozoficka-fakulta.png","width":415,"height":87,"caption":"Filozofick\u00e1 fakulta | UPJ\u0160"},"image":{"@id":"https:\/\/www.upjs.sk\/filozoficka-fakulta\/#\/schema\/logo\/image\/"}}]}},"_links":{"self":[{"href":"https:\/\/www.upjs.sk\/filozoficka-fakulta\/wp-json\/wp\/v2\/pages\/11372","targetHints":{"allow":["GET"]}}],"collection":[{"href":"https:\/\/www.upjs.sk\/filozoficka-fakulta\/wp-json\/wp\/v2\/pages"}],"about":[{"href":"https:\/\/www.upjs.sk\/filozoficka-fakulta\/wp-json\/wp\/v2\/types\/page"}],"author":[{"embeddable":true,"href":"https:\/\/www.upjs.sk\/filozoficka-fakulta\/wp-json\/wp\/v2\/users\/1"}],"replies":[{"embeddable":true,"href":"https:\/\/www.upjs.sk\/filozoficka-fakulta\/wp-json\/wp\/v2\/comments?post=11372"}],"version-history":[{"count":20,"href":"https:\/\/www.upjs.sk\/filozoficka-fakulta\/wp-json\/wp\/v2\/pages\/11372\/revisions"}],"predecessor-version":[{"id":59482,"href":"https:\/\/www.upjs.sk\/filozoficka-fakulta\/wp-json\/wp\/v2\/pages\/11372\/revisions\/59482"}],"up":[{"embeddable":true,"href":"https:\/\/www.upjs.sk\/filozoficka-fakulta\/wp-json\/wp\/v2\/pages\/16361"}],"wp:attachment":[{"href":"https:\/\/www.upjs.sk\/filozoficka-fakulta\/wp-json\/wp\/v2\/media?parent=11372"}],"wp:term":[{"taxonomy":"category","embeddable":true,"href":"https:\/\/www.upjs.sk\/filozoficka-fakulta\/wp-json\/wp\/v2\/categories?post=11372"},{"taxonomy":"post_tag","embeddable":true,"href":"https:\/\/www.upjs.sk\/filozoficka-fakulta\/wp-json\/wp\/v2\/tags?post=11372"}],"curies":[{"name":"wp","href":"https:\/\/api.w.org\/{rel}","templated":true}]}}