{"id":11544,"date":"2019-07-17T08:42:07","date_gmt":"2019-07-17T08:42:07","guid":{"rendered":"https:\/\/www.upjs.sk\/filozoficka-fakulta\/info-pre-verejnost-a-media\/studentky-kaa-prezentacie\/"},"modified":"2022-11-13T21:39:59","modified_gmt":"2022-11-13T20:39:59","slug":"studentky-kaa-prezentacie","status":"publish","type":"page","link":"https:\/\/www.upjs.sk\/filozoficka-fakulta\/info-pre-verejnost-a-media\/studentky-kaa-prezentacie\/","title":{"rendered":"\u0160tudentky KAA FF UPJ\u0160 prezentovali svoje pr\u00e1ce z americkej literat\u00fary"},"content":{"rendered":"<p style=\"text-align: justify;\">\u00a0 \u00a0 \u00a0KATEDRA ANGLISTIKY A AMERIKANISTIKY FF UPJ\u0160 V KO\u0160ICIACH \u2013 v spolupr\u00e1ci s INFOUSA a \u0160T\u00c1TNOU VEDECKOU KNI\u017dNICOU V KO\u0160ICIACH \u2013 ka\u017edoro\u010dne organizuje populariza\u010dn\u00e9 predn\u00e1\u0161ky nielen pre \u0161tudentov, ale aj \u0161irok\u00fa verejnos\u0165.<br \/> \u00a0 \u00a0 \u00a0Tento rok \u0161tudentky 1. ro\u010dn\u00edka magistersk\u00e9ho stup\u0148a \u0161t\u00fadia prezentovali svoje bakal\u00e1rske pr\u00e1ce z americkej literat\u00fary na t\u00e9my holokaust, identita americk\u00fdch indi\u00e1nov, groteska v americkej ju\u017eanskej literat\u00fare a feminizmus.<br \/> \u00a0 \u00a0 \u00a0Podujatie sa uskuto\u010dnilo 9. decembra 2015 v priestoroch InfoUSA (\u0160VK) na Hlavnej \u010d. 10 v Ko\u0161iciach. Predn\u00e1\u0161aj\u00facimi boli:<\/p>\n<ul>\n<li style=\"text-align: justify;\"><strong>Bc. Karina Behinov\u00e1<\/strong> \u2013 <em>Identity Development in Native American Literature: Elements of assimilation and identity in L. M. Silko&#8217;s Ceremony, L. Erdrich&#8217;s American Horse and the Native American traditional story Yellow Woman<\/em>;<\/li>\n<li style=\"text-align: justify;\"><strong>Bc. Lucia Dombrovsk\u00e1<\/strong> \u2013 <em>Sophie&#8217;s Choice: Trauma of the Holocaust Survivor<\/em>;<\/li>\n<li style=\"text-align: justify;\"><strong>Bc. Andrea Petrov\u010dinov\u00e1<\/strong> \u2013 <em>Grotesque elements in the short stories by Flannery O&#8217;Connor<\/em>;<\/li>\n<li style=\"text-align: justify;\"><strong>Bc. Lucia Rusinkov\u00e1<\/strong> \u2013 <em>Feminism in Joyce Carol Oates<\/em>.<\/li>\n<\/ul>\n<p style=\"text-align: justify;\">\u00a0 \u00a0 \u00a0Po predn\u00e1\u0161kach sa rozvinula zauj\u00edmav\u00e1 diskusia o \u00faskaliach p\u00edsania z\u00e1vere\u010dn\u00fdch pr\u00e1c, vyh\u013ead\u00e1van\u00ed akademick\u00fdch zdrojov, ale aj o motiv\u00e1cii nap\u00edsa\u0165 kvalitn\u00fa z\u00e1vere\u010dn\u00fa pr\u00e1cu.<br \/> \u00a0 \u00a0 \u00a0Podujatie zorganizoval Mgr. Jozef Fabrici \u2013 ved\u00faci centra InfoUSA \u2013 pod z\u00e1\u0161titou ved\u00facej KAA FF UPJ\u0160 v Ko\u0161iciach doc. Mgr. Sl\u00e1vky Toma\u0161\u010d\u00edkovej, PhD.<\/p>\n<p style=\"text-align: right;\">Text:\u00a0<strong>Mgr. Zuzana Bur\u00e1kov\u00e1, PhD. <\/strong><\/p>\n<p style=\"text-align: justify;\"><strong>FOTOGAL\u00c9RIA:<\/strong><br \/> <span style=\"font-size:10px\">\u25ba<\/span>\u00a0<a href=\"https:\/\/www.facebook.com\/media\/set\/?set=a.10156380419430596.1073741860.201886415595&#038;type=3\" target=\"_blank\" rel=\"noopener\">https:\/\/www.facebook.com\/media\/set\/?set=a.10156380419430596.1073741860.20188641 5595&#038;type=3<\/a><br \/> <span style=\"font-size:10px\">\u25ba<\/span>\u00a0<a href=\"http:\/\/infousa.sk\/gallery\/view\/public-presentations-of-selected-american-literature-thesis\" target=\"_blank\" rel=\"noopener\">http:\/\/infousa.sk\/gallery\/view\/public-presentations-of-selected-american-literature-thesis<\/a><\/p>\n","protected":false},"excerpt":{"rendered":"<p>\u00a0 \u00a0 \u00a0KATEDRA ANGLISTIKY A AMERIKANISTIKY FF UPJ\u0160 V KO\u0160ICIACH \u2013 v spolupr\u00e1ci s INFOUSA a \u0160T\u00c1TNOU VEDECKOU KNI\u017dNICOU V KO\u0160ICIACH \u2013 ka\u017edoro\u010dne organizuje populariza\u010dn\u00e9 predn\u00e1\u0161ky nielen pre \u0161tudentov, ale aj \u0161irok\u00fa verejnos\u0165. \u00a0 \u00a0 \u00a0Tento rok \u0161tudentky 1. ro\u010dn\u00edka magistersk\u00e9ho stup\u0148a \u0161t\u00fadia prezentovali svoje bakal\u00e1rske pr\u00e1ce z americkej literat\u00fary na t\u00e9my holokaust, identita americk\u00fdch &hellip; <a href=\"https:\/\/www.upjs.sk\/filozoficka-fakulta\/info-pre-verejnost-a-media\/studentky-kaa-prezentacie\/\">\u010c\u00edta\u0165 \u010falej<\/a><\/p>\n","protected":false},"author":1,"featured_media":11545,"parent":16533,"menu_order":22,"comment_status":"closed","ping_status":"closed","template":"","meta":{"_acf_changed":false,"_editorskit_title_hidden":false,"_editorskit_reading_time":0,"_editorskit_is_block_options_detached":false,"_editorskit_block_options_position":"{}","footnotes":""},"categories":[],"tags":[],"class_list":["post-11544","page","type-page","status-publish","has-post-thumbnail","hentry"],"acf":{"acf_link_na_externy_obsah":""},"yoast_head":"<!-- This site is optimized with the Yoast SEO plugin v27.5 - https:\/\/yoast.com\/product\/yoast-seo-wordpress\/ -->\n<title>\u0160tudentky KAA FF UPJ\u0160 prezentovali svoje pr\u00e1ce z americkej literat\u00fary - Filozofick\u00e1 fakulta | UPJ\u0160<\/title>\n<meta name=\"robots\" content=\"index, follow, max-snippet:-1, max-image-preview:large, max-video-preview:-1\" \/>\n<link rel=\"canonical\" href=\"https:\/\/www.upjs.sk\/filozoficka-fakulta\/info-pre-verejnost-a-media\/studentky-kaa-prezentacie\/\" \/>\n<meta property=\"og:locale\" content=\"sk_SK\" \/>\n<meta property=\"og:type\" content=\"article\" \/>\n<meta property=\"og:title\" content=\"\u0160tudentky KAA FF UPJ\u0160 prezentovali svoje pr\u00e1ce z americkej literat\u00fary - Filozofick\u00e1 fakulta | UPJ\u0160\" \/>\n<meta property=\"og:description\" content=\"\u00a0 \u00a0 \u00a0KATEDRA ANGLISTIKY A AMERIKANISTIKY FF UPJ\u0160 V KO\u0160ICIACH \u2013 v spolupr\u00e1ci s INFOUSA a \u0160T\u00c1TNOU VEDECKOU KNI\u017dNICOU V KO\u0160ICIACH \u2013 ka\u017edoro\u010dne organizuje populariza\u010dn\u00e9 predn\u00e1\u0161ky nielen pre \u0161tudentov, ale aj \u0161irok\u00fa verejnos\u0165. \u00a0 \u00a0 \u00a0Tento rok \u0161tudentky 1. ro\u010dn\u00edka magistersk\u00e9ho stup\u0148a \u0161t\u00fadia prezentovali svoje bakal\u00e1rske pr\u00e1ce z americkej literat\u00fary na t\u00e9my holokaust, identita americk\u00fdch &hellip; \u010c\u00edta\u0165 \u010falej\" \/>\n<meta property=\"og:url\" content=\"https:\/\/www.upjs.sk\/filozoficka-fakulta\/info-pre-verejnost-a-media\/studentky-kaa-prezentacie\/\" \/>\n<meta property=\"og:site_name\" content=\"Filozofick\u00e1 fakulta | UPJ\u0160\" \/>\n<meta property=\"article:modified_time\" content=\"2022-11-13T20:39:59+00:00\" \/>\n<meta property=\"og:image\" content=\"https:\/\/www.upjs.sk\/app\/uploads\/sites\/7\/2022\/09\/1-3.jpg\" \/>\n\t<meta property=\"og:image:width\" content=\"960\" \/>\n\t<meta property=\"og:image:height\" content=\"719\" \/>\n\t<meta property=\"og:image:type\" content=\"image\/jpeg\" \/>\n<meta name=\"twitter:card\" content=\"summary_large_image\" \/>\n<meta name=\"twitter:label1\" content=\"Predpokladan\u00fd \u010das \u010d\u00edtania\" \/>\n\t<meta name=\"twitter:data1\" content=\"1 min\u00fata\" \/>\n<script type=\"application\/ld+json\" class=\"yoast-schema-graph\">{\"@context\":\"https:\\\/\\\/schema.org\",\"@graph\":[{\"@type\":\"WebPage\",\"@id\":\"https:\\\/\\\/www.upjs.sk\\\/filozoficka-fakulta\\\/info-pre-verejnost-a-media\\\/studentky-kaa-prezentacie\\\/\",\"url\":\"https:\\\/\\\/www.upjs.sk\\\/filozoficka-fakulta\\\/info-pre-verejnost-a-media\\\/studentky-kaa-prezentacie\\\/\",\"name\":\"\u0160tudentky KAA FF UPJ\u0160 prezentovali svoje pr\u00e1ce z americkej literat\u00fary - Filozofick\u00e1 fakulta | UPJ\u0160\",\"isPartOf\":{\"@id\":\"https:\\\/\\\/www.upjs.sk\\\/filozoficka-fakulta\\\/#website\"},\"primaryImageOfPage\":{\"@id\":\"https:\\\/\\\/www.upjs.sk\\\/filozoficka-fakulta\\\/info-pre-verejnost-a-media\\\/studentky-kaa-prezentacie\\\/#primaryimage\"},\"image\":{\"@id\":\"https:\\\/\\\/www.upjs.sk\\\/filozoficka-fakulta\\\/info-pre-verejnost-a-media\\\/studentky-kaa-prezentacie\\\/#primaryimage\"},\"thumbnailUrl\":\"https:\\\/\\\/www.upjs.sk\\\/app\\\/uploads\\\/sites\\\/7\\\/2022\\\/09\\\/1-3.jpg\",\"datePublished\":\"2019-07-17T08:42:07+00:00\",\"dateModified\":\"2022-11-13T20:39:59+00:00\",\"breadcrumb\":{\"@id\":\"https:\\\/\\\/www.upjs.sk\\\/filozoficka-fakulta\\\/info-pre-verejnost-a-media\\\/studentky-kaa-prezentacie\\\/#breadcrumb\"},\"inLanguage\":\"sk-SK\",\"potentialAction\":[{\"@type\":\"ReadAction\",\"target\":[\"https:\\\/\\\/www.upjs.sk\\\/filozoficka-fakulta\\\/info-pre-verejnost-a-media\\\/studentky-kaa-prezentacie\\\/\"]}]},{\"@type\":\"ImageObject\",\"inLanguage\":\"sk-SK\",\"@id\":\"https:\\\/\\\/www.upjs.sk\\\/filozoficka-fakulta\\\/info-pre-verejnost-a-media\\\/studentky-kaa-prezentacie\\\/#primaryimage\",\"url\":\"https:\\\/\\\/www.upjs.sk\\\/app\\\/uploads\\\/sites\\\/7\\\/2022\\\/09\\\/1-3.jpg\",\"contentUrl\":\"https:\\\/\\\/www.upjs.sk\\\/app\\\/uploads\\\/sites\\\/7\\\/2022\\\/09\\\/1-3.jpg\",\"width\":960,\"height\":719,\"caption\":\"studentky-KAA-prezentacie\"},{\"@type\":\"BreadcrumbList\",\"@id\":\"https:\\\/\\\/www.upjs.sk\\\/filozoficka-fakulta\\\/info-pre-verejnost-a-media\\\/studentky-kaa-prezentacie\\\/#breadcrumb\",\"itemListElement\":[{\"@type\":\"ListItem\",\"position\":1,\"name\":\"Home\",\"item\":\"https:\\\/\\\/www.upjs.sk\\\/filozoficka-fakulta\\\/\"},{\"@type\":\"ListItem\",\"position\":2,\"name\":\"Inform\u00e1cie pre verejnos\u0165 a m\u00e9di\u00e1\",\"item\":\"https:\\\/\\\/www.upjs.sk\\\/filozoficka-fakulta\\\/info-pre-verejnost-a-media\\\/\"},{\"@type\":\"ListItem\",\"position\":3,\"name\":\"\u0160tudentky KAA FF UPJ\u0160 prezentovali svoje pr\u00e1ce z americkej literat\u00fary\"}]},{\"@type\":\"WebSite\",\"@id\":\"https:\\\/\\\/www.upjs.sk\\\/filozoficka-fakulta\\\/#website\",\"url\":\"https:\\\/\\\/www.upjs.sk\\\/filozoficka-fakulta\\\/\",\"name\":\"Filozofick\u00e1 fakulta | UPJ\u0160\",\"description\":\"\",\"publisher\":{\"@id\":\"https:\\\/\\\/www.upjs.sk\\\/filozoficka-fakulta\\\/#organization\"},\"potentialAction\":[{\"@type\":\"SearchAction\",\"target\":{\"@type\":\"EntryPoint\",\"urlTemplate\":\"https:\\\/\\\/www.upjs.sk\\\/filozoficka-fakulta\\\/?s={search_term_string}\"},\"query-input\":{\"@type\":\"PropertyValueSpecification\",\"valueRequired\":true,\"valueName\":\"search_term_string\"}}],\"inLanguage\":\"sk-SK\"},{\"@type\":\"Organization\",\"@id\":\"https:\\\/\\\/www.upjs.sk\\\/filozoficka-fakulta\\\/#organization\",\"name\":\"Filozofick\u00e1 fakulta | UPJ\u0160\",\"url\":\"https:\\\/\\\/www.upjs.sk\\\/filozoficka-fakulta\\\/\",\"logo\":{\"@type\":\"ImageObject\",\"inLanguage\":\"sk-SK\",\"@id\":\"https:\\\/\\\/www.upjs.sk\\\/filozoficka-fakulta\\\/#\\\/schema\\\/logo\\\/image\\\/\",\"url\":\"https:\\\/\\\/www.upjs.sk\\\/app\\\/uploads\\\/sites\\\/7\\\/2022\\\/09\\\/logo-filozoficka-fakulta.png\",\"contentUrl\":\"https:\\\/\\\/www.upjs.sk\\\/app\\\/uploads\\\/sites\\\/7\\\/2022\\\/09\\\/logo-filozoficka-fakulta.png\",\"width\":415,\"height\":87,\"caption\":\"Filozofick\u00e1 fakulta | UPJ\u0160\"},\"image\":{\"@id\":\"https:\\\/\\\/www.upjs.sk\\\/filozoficka-fakulta\\\/#\\\/schema\\\/logo\\\/image\\\/\"}}]}<\/script>\n<!-- \/ Yoast SEO plugin. -->","yoast_head_json":{"title":"\u0160tudentky KAA FF UPJ\u0160 prezentovali svoje pr\u00e1ce z americkej literat\u00fary - Filozofick\u00e1 fakulta | UPJ\u0160","robots":{"index":"index","follow":"follow","max-snippet":"max-snippet:-1","max-image-preview":"max-image-preview:large","max-video-preview":"max-video-preview:-1"},"canonical":"https:\/\/www.upjs.sk\/filozoficka-fakulta\/info-pre-verejnost-a-media\/studentky-kaa-prezentacie\/","og_locale":"sk_SK","og_type":"article","og_title":"\u0160tudentky KAA FF UPJ\u0160 prezentovali svoje pr\u00e1ce z americkej literat\u00fary - Filozofick\u00e1 fakulta | UPJ\u0160","og_description":"\u00a0 \u00a0 \u00a0KATEDRA ANGLISTIKY A AMERIKANISTIKY FF UPJ\u0160 V KO\u0160ICIACH \u2013 v spolupr\u00e1ci s INFOUSA a \u0160T\u00c1TNOU VEDECKOU KNI\u017dNICOU V KO\u0160ICIACH \u2013 ka\u017edoro\u010dne organizuje populariza\u010dn\u00e9 predn\u00e1\u0161ky nielen pre \u0161tudentov, ale aj \u0161irok\u00fa verejnos\u0165. \u00a0 \u00a0 \u00a0Tento rok \u0161tudentky 1. ro\u010dn\u00edka magistersk\u00e9ho stup\u0148a \u0161t\u00fadia prezentovali svoje bakal\u00e1rske pr\u00e1ce z americkej literat\u00fary na t\u00e9my holokaust, identita americk\u00fdch &hellip; \u010c\u00edta\u0165 \u010falej","og_url":"https:\/\/www.upjs.sk\/filozoficka-fakulta\/info-pre-verejnost-a-media\/studentky-kaa-prezentacie\/","og_site_name":"Filozofick\u00e1 fakulta | UPJ\u0160","article_modified_time":"2022-11-13T20:39:59+00:00","og_image":[{"width":960,"height":719,"url":"https:\/\/www.upjs.sk\/app\/uploads\/sites\/7\/2022\/09\/1-3.jpg","type":"image\/jpeg"}],"twitter_card":"summary_large_image","twitter_misc":{"Predpokladan\u00fd \u010das \u010d\u00edtania":"1 min\u00fata"},"schema":{"@context":"https:\/\/schema.org","@graph":[{"@type":"WebPage","@id":"https:\/\/www.upjs.sk\/filozoficka-fakulta\/info-pre-verejnost-a-media\/studentky-kaa-prezentacie\/","url":"https:\/\/www.upjs.sk\/filozoficka-fakulta\/info-pre-verejnost-a-media\/studentky-kaa-prezentacie\/","name":"\u0160tudentky KAA FF UPJ\u0160 prezentovali svoje pr\u00e1ce z americkej literat\u00fary - Filozofick\u00e1 fakulta | UPJ\u0160","isPartOf":{"@id":"https:\/\/www.upjs.sk\/filozoficka-fakulta\/#website"},"primaryImageOfPage":{"@id":"https:\/\/www.upjs.sk\/filozoficka-fakulta\/info-pre-verejnost-a-media\/studentky-kaa-prezentacie\/#primaryimage"},"image":{"@id":"https:\/\/www.upjs.sk\/filozoficka-fakulta\/info-pre-verejnost-a-media\/studentky-kaa-prezentacie\/#primaryimage"},"thumbnailUrl":"https:\/\/www.upjs.sk\/app\/uploads\/sites\/7\/2022\/09\/1-3.jpg","datePublished":"2019-07-17T08:42:07+00:00","dateModified":"2022-11-13T20:39:59+00:00","breadcrumb":{"@id":"https:\/\/www.upjs.sk\/filozoficka-fakulta\/info-pre-verejnost-a-media\/studentky-kaa-prezentacie\/#breadcrumb"},"inLanguage":"sk-SK","potentialAction":[{"@type":"ReadAction","target":["https:\/\/www.upjs.sk\/filozoficka-fakulta\/info-pre-verejnost-a-media\/studentky-kaa-prezentacie\/"]}]},{"@type":"ImageObject","inLanguage":"sk-SK","@id":"https:\/\/www.upjs.sk\/filozoficka-fakulta\/info-pre-verejnost-a-media\/studentky-kaa-prezentacie\/#primaryimage","url":"https:\/\/www.upjs.sk\/app\/uploads\/sites\/7\/2022\/09\/1-3.jpg","contentUrl":"https:\/\/www.upjs.sk\/app\/uploads\/sites\/7\/2022\/09\/1-3.jpg","width":960,"height":719,"caption":"studentky-KAA-prezentacie"},{"@type":"BreadcrumbList","@id":"https:\/\/www.upjs.sk\/filozoficka-fakulta\/info-pre-verejnost-a-media\/studentky-kaa-prezentacie\/#breadcrumb","itemListElement":[{"@type":"ListItem","position":1,"name":"Home","item":"https:\/\/www.upjs.sk\/filozoficka-fakulta\/"},{"@type":"ListItem","position":2,"name":"Inform\u00e1cie pre verejnos\u0165 a m\u00e9di\u00e1","item":"https:\/\/www.upjs.sk\/filozoficka-fakulta\/info-pre-verejnost-a-media\/"},{"@type":"ListItem","position":3,"name":"\u0160tudentky KAA FF UPJ\u0160 prezentovali svoje pr\u00e1ce z americkej literat\u00fary"}]},{"@type":"WebSite","@id":"https:\/\/www.upjs.sk\/filozoficka-fakulta\/#website","url":"https:\/\/www.upjs.sk\/filozoficka-fakulta\/","name":"Filozofick\u00e1 fakulta | UPJ\u0160","description":"","publisher":{"@id":"https:\/\/www.upjs.sk\/filozoficka-fakulta\/#organization"},"potentialAction":[{"@type":"SearchAction","target":{"@type":"EntryPoint","urlTemplate":"https:\/\/www.upjs.sk\/filozoficka-fakulta\/?s={search_term_string}"},"query-input":{"@type":"PropertyValueSpecification","valueRequired":true,"valueName":"search_term_string"}}],"inLanguage":"sk-SK"},{"@type":"Organization","@id":"https:\/\/www.upjs.sk\/filozoficka-fakulta\/#organization","name":"Filozofick\u00e1 fakulta | UPJ\u0160","url":"https:\/\/www.upjs.sk\/filozoficka-fakulta\/","logo":{"@type":"ImageObject","inLanguage":"sk-SK","@id":"https:\/\/www.upjs.sk\/filozoficka-fakulta\/#\/schema\/logo\/image\/","url":"https:\/\/www.upjs.sk\/app\/uploads\/sites\/7\/2022\/09\/logo-filozoficka-fakulta.png","contentUrl":"https:\/\/www.upjs.sk\/app\/uploads\/sites\/7\/2022\/09\/logo-filozoficka-fakulta.png","width":415,"height":87,"caption":"Filozofick\u00e1 fakulta | UPJ\u0160"},"image":{"@id":"https:\/\/www.upjs.sk\/filozoficka-fakulta\/#\/schema\/logo\/image\/"}}]}},"_links":{"self":[{"href":"https:\/\/www.upjs.sk\/filozoficka-fakulta\/wp-json\/wp\/v2\/pages\/11544","targetHints":{"allow":["GET"]}}],"collection":[{"href":"https:\/\/www.upjs.sk\/filozoficka-fakulta\/wp-json\/wp\/v2\/pages"}],"about":[{"href":"https:\/\/www.upjs.sk\/filozoficka-fakulta\/wp-json\/wp\/v2\/types\/page"}],"author":[{"embeddable":true,"href":"https:\/\/www.upjs.sk\/filozoficka-fakulta\/wp-json\/wp\/v2\/users\/1"}],"replies":[{"embeddable":true,"href":"https:\/\/www.upjs.sk\/filozoficka-fakulta\/wp-json\/wp\/v2\/comments?post=11544"}],"version-history":[{"count":2,"href":"https:\/\/www.upjs.sk\/filozoficka-fakulta\/wp-json\/wp\/v2\/pages\/11544\/revisions"}],"predecessor-version":[{"id":16875,"href":"https:\/\/www.upjs.sk\/filozoficka-fakulta\/wp-json\/wp\/v2\/pages\/11544\/revisions\/16875"}],"up":[{"embeddable":true,"href":"https:\/\/www.upjs.sk\/filozoficka-fakulta\/wp-json\/wp\/v2\/pages\/16533"}],"wp:featuredmedia":[{"embeddable":true,"href":"https:\/\/www.upjs.sk\/filozoficka-fakulta\/wp-json\/wp\/v2\/media\/11545"}],"wp:attachment":[{"href":"https:\/\/www.upjs.sk\/filozoficka-fakulta\/wp-json\/wp\/v2\/media?parent=11544"}],"wp:term":[{"taxonomy":"category","embeddable":true,"href":"https:\/\/www.upjs.sk\/filozoficka-fakulta\/wp-json\/wp\/v2\/categories?post=11544"},{"taxonomy":"post_tag","embeddable":true,"href":"https:\/\/www.upjs.sk\/filozoficka-fakulta\/wp-json\/wp\/v2\/tags?post=11544"}],"curies":[{"name":"wp","href":"https:\/\/api.w.org\/{rel}","templated":true}]}}