{"id":11725,"date":"2019-07-19T10:08:57","date_gmt":"2019-07-19T10:08:57","guid":{"rendered":"https:\/\/www.upjs.sk\/filozoficka-fakulta\/info-pre-verejnost-a-media\/ap-film\/"},"modified":"2025-01-17T12:38:55","modified_gmt":"2025-01-17T11:38:55","slug":"ap-film","status":"publish","type":"page","link":"https:\/\/www.upjs.sk\/filozoficka-fakulta\/info-pre-verejnost-a-media\/ap-film\/","title":{"rendered":"\u0160tudenti masm\u00e9di\u00ed FF UPJ\u0160 zv\u00ed\u0165azili na Akademickom Pre\u0161ove s kr\u00e1tkym filmom"},"content":{"rendered":"\n<div class=\"wp-block-media-text is-stacked-on-mobile\" style=\"grid-template-columns:36% auto\"><figure class=\"wp-block-media-text__media\"><a href=\"https:\/\/www.upjs.sk\/app\/uploads\/sites\/7\/2022\/09\/Diplom-AP.jpg\" target=\"_blank\" rel=\" noreferrer noopener\"><img loading=\"lazy\" decoding=\"async\" width=\"735\" height=\"1024\" src=\"https:\/\/www.upjs.sk\/app\/uploads\/sites\/7\/2022\/09\/Diplom-AP-735x1024.jpg\" alt=\"AP-film\" class=\"wp-image-11726 size-full\" srcset=\"https:\/\/www.upjs.sk\/app\/uploads\/sites\/7\/2022\/09\/Diplom-AP-735x1024.jpg 735w, https:\/\/www.upjs.sk\/app\/uploads\/sites\/7\/2022\/09\/Diplom-AP-215x300.jpg 215w, https:\/\/www.upjs.sk\/app\/uploads\/sites\/7\/2022\/09\/Diplom-AP-768x1070.jpg 768w, https:\/\/www.upjs.sk\/app\/uploads\/sites\/7\/2022\/09\/Diplom-AP.jpg 839w\" sizes=\"auto, (max-width: 735px) 100vw, 735px\" \/><\/a><\/figure><div class=\"wp-block-media-text__content\">\n<p>&nbsp; &nbsp; &nbsp;\u0160tudenti prv\u00e9ho ro\u010dn\u00edka magistersk\u00e9ho stup\u0148a \u0161t\u00fadia v odbore <em>masmedi\u00e1lne \u0161t\u00fadi\u00e1<\/em> na Katedre slovakistiky, slovansk\u00fdch filol\u00f3gi\u00ed a komunik\u00e1cie Filozofickej fakulty UPJ\u0160 v Ko\u0161iciach si z jubilejn\u00e9ho 50. ro\u010dn\u00edka Akademick\u00e9ho Pre\u0161ova priniesli v\u00ed\u0165azstvo v novovytvorenej kateg\u00f3rii <em>kr\u00e1tkometr\u00e1\u017eny film<\/em>.<br>&nbsp; &nbsp; &nbsp;Triumf im priniesol kr\u00e1tky film <strong><em>Ako sa nat\u00e1\u010dal film s nulov\u00fdm rozpo\u010dtom<\/em><\/strong>. In\u0161pir\u00e1ciou pre \u0161tudentov boli z\u00e1bery zo z\u00e1kulisia nakr\u00facania \u0161tudentsk\u00e9ho dokument\u00e1rneho filmu s n\u00e1zvom <em>Vra\u017edy v literat\u00fare<\/em>. \u201eNakr\u00facanie filmu poskytuje \u0161irok\u00fd priestor na realiz\u00e1ciu. Na\u0161ou prim\u00e1rnou snahou bolo z\u00edska\u0165 \u010do najviac sk\u00fasenost\u00ed. Na Akademickom Pre\u0161ove sa po prv\u00fd raz objavila kateg\u00f3ria filmu a ako \u0161tudenti masm\u00e9di\u00ed na FF UPJ\u0160 sme tam rozhodne nechceli ch\u00fdba\u0165,\u201c uviedla re\u017eis\u00e9rka filmu Petronela Vavrekov\u00e1.<br>&nbsp; &nbsp; &nbsp;Film m\u00e1 formu rozpr\u00e1vky, pozost\u00e1va zo \u0161iestich kapitol. \u0160tudenti \u2013 chrabr\u00ed rytieri na n\u00e1ro\u010dnej ceste pri sp\u013a\u0148an\u00ed ne\u013eahkej \u00falohy nakr\u00fati\u0165 film s nulov\u00fdm rozpo\u010dtom \u2013 prekon\u00e1vaj\u00fa viacer\u00e9 prek\u00e1\u017eky. Ich nepriate\u013emi s\u00fa \u010das, priestor, technika, stres a najm\u00e4 rozpo\u010det, teda finan\u010dn\u00e9 prostriedky. Na ceste za svoj\u00edm cie\u013eom sa stret\u00e1vaj\u00fa aj s dobr\u00fdmi v\u00edlami, v\u010faka ktor\u00fdm maj\u00fa \u0161ancu nad nepriate\u013emi zv\u00ed\u0165azi\u0165&#8230;<br>&nbsp; &nbsp; &nbsp;Na pr\u00edprave filmu sa podie\u013eali: <strong>Bc. Petronela Vavrekov\u00e1<\/strong> (r\u00e9\u017eia, produkcia), <strong>Bc. Veronika Rusn\u00e1kov\u00e1<\/strong> (kamera, strih), <strong>Bc. Alena Oravcov\u00e1<\/strong> (scen\u00e1r), <strong>Bc. Martin Majd\u00e1k<\/strong> (koment\u00e1r), <strong>Bc. \u013dubom\u00edra Ivankov\u00e1<\/strong> (dramaturgia).<\/p>\n\n\n\n<p>Text: <strong>Bc. Petronela Vavrekov\u00e1<\/strong><br>Katedra slovakistiky, slovansk\u00fdch filol\u00f3gi\u00ed a komunik\u00e1cie FF UPJ\u0160<\/p>\n<\/div><\/div>\n","protected":false},"excerpt":{"rendered":"<p>&nbsp; &nbsp; &nbsp;\u0160tudenti prv\u00e9ho ro\u010dn\u00edka magistersk\u00e9ho stup\u0148a \u0161t\u00fadia v odbore masmedi\u00e1lne \u0161t\u00fadi\u00e1 na Katedre slovakistiky, slovansk\u00fdch filol\u00f3gi\u00ed a komunik\u00e1cie Filozofickej fakulty UPJ\u0160 v Ko\u0161iciach si z jubilejn\u00e9ho 50. ro\u010dn\u00edka Akademick\u00e9ho Pre\u0161ova priniesli v\u00ed\u0165azstvo v novovytvorenej kateg\u00f3rii kr\u00e1tkometr\u00e1\u017eny film.&nbsp; &nbsp; &nbsp;Triumf im priniesol kr\u00e1tky film Ako sa nat\u00e1\u010dal film s nulov\u00fdm rozpo\u010dtom. In\u0161pir\u00e1ciou pre \u0161tudentov boli &hellip; <a href=\"https:\/\/www.upjs.sk\/filozoficka-fakulta\/info-pre-verejnost-a-media\/ap-film\/\">\u010c\u00edta\u0165 \u010falej<\/a><\/p>\n","protected":false},"author":1,"featured_media":11726,"parent":16533,"menu_order":69,"comment_status":"closed","ping_status":"closed","template":"","meta":{"_acf_changed":false,"_editorskit_title_hidden":false,"_editorskit_reading_time":0,"_editorskit_is_block_options_detached":false,"_editorskit_block_options_position":"{}","footnotes":""},"categories":[],"tags":[],"class_list":["post-11725","page","type-page","status-publish","has-post-thumbnail","hentry"],"acf":{"acf_link_na_externy_obsah":""},"yoast_head":"<!-- This site is optimized with the Yoast SEO plugin v27.4 - https:\/\/yoast.com\/product\/yoast-seo-wordpress\/ -->\n<title>\u0160tudenti masm\u00e9di\u00ed FF UPJ\u0160 zv\u00ed\u0165azili na Akademickom Pre\u0161ove s kr\u00e1tkym filmom - Filozofick\u00e1 fakulta | UPJ\u0160<\/title>\n<meta name=\"robots\" content=\"index, follow, max-snippet:-1, max-image-preview:large, max-video-preview:-1\" \/>\n<link rel=\"canonical\" href=\"https:\/\/www.upjs.sk\/filozoficka-fakulta\/info-pre-verejnost-a-media\/ap-film\/\" \/>\n<meta property=\"og:locale\" content=\"sk_SK\" \/>\n<meta property=\"og:type\" content=\"article\" \/>\n<meta property=\"og:title\" content=\"\u0160tudenti masm\u00e9di\u00ed FF UPJ\u0160 zv\u00ed\u0165azili na Akademickom Pre\u0161ove s kr\u00e1tkym filmom - Filozofick\u00e1 fakulta | UPJ\u0160\" \/>\n<meta property=\"og:description\" content=\"&nbsp; &nbsp; &nbsp;\u0160tudenti prv\u00e9ho ro\u010dn\u00edka magistersk\u00e9ho stup\u0148a \u0161t\u00fadia v odbore masmedi\u00e1lne \u0161t\u00fadi\u00e1 na Katedre slovakistiky, slovansk\u00fdch filol\u00f3gi\u00ed a komunik\u00e1cie Filozofickej fakulty UPJ\u0160 v Ko\u0161iciach si z jubilejn\u00e9ho 50. ro\u010dn\u00edka Akademick\u00e9ho Pre\u0161ova priniesli v\u00ed\u0165azstvo v novovytvorenej kateg\u00f3rii kr\u00e1tkometr\u00e1\u017eny film.&nbsp; &nbsp; &nbsp;Triumf im priniesol kr\u00e1tky film Ako sa nat\u00e1\u010dal film s nulov\u00fdm rozpo\u010dtom. In\u0161pir\u00e1ciou pre \u0161tudentov boli &hellip; \u010c\u00edta\u0165 \u010falej\" \/>\n<meta property=\"og:url\" content=\"https:\/\/www.upjs.sk\/filozoficka-fakulta\/info-pre-verejnost-a-media\/ap-film\/\" \/>\n<meta property=\"og:site_name\" content=\"Filozofick\u00e1 fakulta | UPJ\u0160\" \/>\n<meta property=\"article:modified_time\" content=\"2025-01-17T11:38:55+00:00\" \/>\n<meta property=\"og:image\" content=\"https:\/\/www.upjs.sk\/app\/uploads\/sites\/7\/2022\/09\/Diplom-AP.jpg\" \/>\n\t<meta property=\"og:image:width\" content=\"839\" \/>\n\t<meta property=\"og:image:height\" content=\"1169\" \/>\n\t<meta property=\"og:image:type\" content=\"image\/jpeg\" \/>\n<meta name=\"twitter:card\" content=\"summary_large_image\" \/>\n<meta name=\"twitter:label1\" content=\"Predpokladan\u00fd \u010das \u010d\u00edtania\" \/>\n\t<meta name=\"twitter:data1\" content=\"2 min\u00faty\" \/>\n<script type=\"application\/ld+json\" class=\"yoast-schema-graph\">{\"@context\":\"https:\\\/\\\/schema.org\",\"@graph\":[{\"@type\":\"WebPage\",\"@id\":\"https:\\\/\\\/www.upjs.sk\\\/filozoficka-fakulta\\\/info-pre-verejnost-a-media\\\/ap-film\\\/\",\"url\":\"https:\\\/\\\/www.upjs.sk\\\/filozoficka-fakulta\\\/info-pre-verejnost-a-media\\\/ap-film\\\/\",\"name\":\"\u0160tudenti masm\u00e9di\u00ed FF UPJ\u0160 zv\u00ed\u0165azili na Akademickom Pre\u0161ove s kr\u00e1tkym filmom - Filozofick\u00e1 fakulta | UPJ\u0160\",\"isPartOf\":{\"@id\":\"https:\\\/\\\/www.upjs.sk\\\/filozoficka-fakulta\\\/#website\"},\"primaryImageOfPage\":{\"@id\":\"https:\\\/\\\/www.upjs.sk\\\/filozoficka-fakulta\\\/info-pre-verejnost-a-media\\\/ap-film\\\/#primaryimage\"},\"image\":{\"@id\":\"https:\\\/\\\/www.upjs.sk\\\/filozoficka-fakulta\\\/info-pre-verejnost-a-media\\\/ap-film\\\/#primaryimage\"},\"thumbnailUrl\":\"https:\\\/\\\/www.upjs.sk\\\/app\\\/uploads\\\/sites\\\/7\\\/2022\\\/09\\\/Diplom-AP.jpg\",\"datePublished\":\"2019-07-19T10:08:57+00:00\",\"dateModified\":\"2025-01-17T11:38:55+00:00\",\"breadcrumb\":{\"@id\":\"https:\\\/\\\/www.upjs.sk\\\/filozoficka-fakulta\\\/info-pre-verejnost-a-media\\\/ap-film\\\/#breadcrumb\"},\"inLanguage\":\"sk-SK\",\"potentialAction\":[{\"@type\":\"ReadAction\",\"target\":[\"https:\\\/\\\/www.upjs.sk\\\/filozoficka-fakulta\\\/info-pre-verejnost-a-media\\\/ap-film\\\/\"]}]},{\"@type\":\"ImageObject\",\"inLanguage\":\"sk-SK\",\"@id\":\"https:\\\/\\\/www.upjs.sk\\\/filozoficka-fakulta\\\/info-pre-verejnost-a-media\\\/ap-film\\\/#primaryimage\",\"url\":\"https:\\\/\\\/www.upjs.sk\\\/app\\\/uploads\\\/sites\\\/7\\\/2022\\\/09\\\/Diplom-AP.jpg\",\"contentUrl\":\"https:\\\/\\\/www.upjs.sk\\\/app\\\/uploads\\\/sites\\\/7\\\/2022\\\/09\\\/Diplom-AP.jpg\",\"width\":839,\"height\":1169,\"caption\":\"AP-film\"},{\"@type\":\"BreadcrumbList\",\"@id\":\"https:\\\/\\\/www.upjs.sk\\\/filozoficka-fakulta\\\/info-pre-verejnost-a-media\\\/ap-film\\\/#breadcrumb\",\"itemListElement\":[{\"@type\":\"ListItem\",\"position\":1,\"name\":\"Home\",\"item\":\"https:\\\/\\\/www.upjs.sk\\\/filozoficka-fakulta\\\/\"},{\"@type\":\"ListItem\",\"position\":2,\"name\":\"Inform\u00e1cie pre verejnos\u0165 a m\u00e9di\u00e1\",\"item\":\"https:\\\/\\\/www.upjs.sk\\\/filozoficka-fakulta\\\/info-pre-verejnost-a-media\\\/\"},{\"@type\":\"ListItem\",\"position\":3,\"name\":\"\u0160tudenti masm\u00e9di\u00ed FF UPJ\u0160 zv\u00ed\u0165azili na Akademickom Pre\u0161ove s kr\u00e1tkym filmom\"}]},{\"@type\":\"WebSite\",\"@id\":\"https:\\\/\\\/www.upjs.sk\\\/filozoficka-fakulta\\\/#website\",\"url\":\"https:\\\/\\\/www.upjs.sk\\\/filozoficka-fakulta\\\/\",\"name\":\"Filozofick\u00e1 fakulta | UPJ\u0160\",\"description\":\"\",\"publisher\":{\"@id\":\"https:\\\/\\\/www.upjs.sk\\\/filozoficka-fakulta\\\/#organization\"},\"potentialAction\":[{\"@type\":\"SearchAction\",\"target\":{\"@type\":\"EntryPoint\",\"urlTemplate\":\"https:\\\/\\\/www.upjs.sk\\\/filozoficka-fakulta\\\/?s={search_term_string}\"},\"query-input\":{\"@type\":\"PropertyValueSpecification\",\"valueRequired\":true,\"valueName\":\"search_term_string\"}}],\"inLanguage\":\"sk-SK\"},{\"@type\":\"Organization\",\"@id\":\"https:\\\/\\\/www.upjs.sk\\\/filozoficka-fakulta\\\/#organization\",\"name\":\"Filozofick\u00e1 fakulta | UPJ\u0160\",\"url\":\"https:\\\/\\\/www.upjs.sk\\\/filozoficka-fakulta\\\/\",\"logo\":{\"@type\":\"ImageObject\",\"inLanguage\":\"sk-SK\",\"@id\":\"https:\\\/\\\/www.upjs.sk\\\/filozoficka-fakulta\\\/#\\\/schema\\\/logo\\\/image\\\/\",\"url\":\"https:\\\/\\\/www.upjs.sk\\\/app\\\/uploads\\\/sites\\\/7\\\/2022\\\/09\\\/logo-filozoficka-fakulta.png\",\"contentUrl\":\"https:\\\/\\\/www.upjs.sk\\\/app\\\/uploads\\\/sites\\\/7\\\/2022\\\/09\\\/logo-filozoficka-fakulta.png\",\"width\":415,\"height\":87,\"caption\":\"Filozofick\u00e1 fakulta | UPJ\u0160\"},\"image\":{\"@id\":\"https:\\\/\\\/www.upjs.sk\\\/filozoficka-fakulta\\\/#\\\/schema\\\/logo\\\/image\\\/\"}}]}<\/script>\n<!-- \/ Yoast SEO plugin. -->","yoast_head_json":{"title":"\u0160tudenti masm\u00e9di\u00ed FF UPJ\u0160 zv\u00ed\u0165azili na Akademickom Pre\u0161ove s kr\u00e1tkym filmom - Filozofick\u00e1 fakulta | UPJ\u0160","robots":{"index":"index","follow":"follow","max-snippet":"max-snippet:-1","max-image-preview":"max-image-preview:large","max-video-preview":"max-video-preview:-1"},"canonical":"https:\/\/www.upjs.sk\/filozoficka-fakulta\/info-pre-verejnost-a-media\/ap-film\/","og_locale":"sk_SK","og_type":"article","og_title":"\u0160tudenti masm\u00e9di\u00ed FF UPJ\u0160 zv\u00ed\u0165azili na Akademickom Pre\u0161ove s kr\u00e1tkym filmom - Filozofick\u00e1 fakulta | UPJ\u0160","og_description":"&nbsp; &nbsp; &nbsp;\u0160tudenti prv\u00e9ho ro\u010dn\u00edka magistersk\u00e9ho stup\u0148a \u0161t\u00fadia v odbore masmedi\u00e1lne \u0161t\u00fadi\u00e1 na Katedre slovakistiky, slovansk\u00fdch filol\u00f3gi\u00ed a komunik\u00e1cie Filozofickej fakulty UPJ\u0160 v Ko\u0161iciach si z jubilejn\u00e9ho 50. ro\u010dn\u00edka Akademick\u00e9ho Pre\u0161ova priniesli v\u00ed\u0165azstvo v novovytvorenej kateg\u00f3rii kr\u00e1tkometr\u00e1\u017eny film.&nbsp; &nbsp; &nbsp;Triumf im priniesol kr\u00e1tky film Ako sa nat\u00e1\u010dal film s nulov\u00fdm rozpo\u010dtom. In\u0161pir\u00e1ciou pre \u0161tudentov boli &hellip; \u010c\u00edta\u0165 \u010falej","og_url":"https:\/\/www.upjs.sk\/filozoficka-fakulta\/info-pre-verejnost-a-media\/ap-film\/","og_site_name":"Filozofick\u00e1 fakulta | UPJ\u0160","article_modified_time":"2025-01-17T11:38:55+00:00","og_image":[{"width":839,"height":1169,"url":"https:\/\/www.upjs.sk\/app\/uploads\/sites\/7\/2022\/09\/Diplom-AP.jpg","type":"image\/jpeg"}],"twitter_card":"summary_large_image","twitter_misc":{"Predpokladan\u00fd \u010das \u010d\u00edtania":"2 min\u00faty"},"schema":{"@context":"https:\/\/schema.org","@graph":[{"@type":"WebPage","@id":"https:\/\/www.upjs.sk\/filozoficka-fakulta\/info-pre-verejnost-a-media\/ap-film\/","url":"https:\/\/www.upjs.sk\/filozoficka-fakulta\/info-pre-verejnost-a-media\/ap-film\/","name":"\u0160tudenti masm\u00e9di\u00ed FF UPJ\u0160 zv\u00ed\u0165azili na Akademickom Pre\u0161ove s kr\u00e1tkym filmom - Filozofick\u00e1 fakulta | UPJ\u0160","isPartOf":{"@id":"https:\/\/www.upjs.sk\/filozoficka-fakulta\/#website"},"primaryImageOfPage":{"@id":"https:\/\/www.upjs.sk\/filozoficka-fakulta\/info-pre-verejnost-a-media\/ap-film\/#primaryimage"},"image":{"@id":"https:\/\/www.upjs.sk\/filozoficka-fakulta\/info-pre-verejnost-a-media\/ap-film\/#primaryimage"},"thumbnailUrl":"https:\/\/www.upjs.sk\/app\/uploads\/sites\/7\/2022\/09\/Diplom-AP.jpg","datePublished":"2019-07-19T10:08:57+00:00","dateModified":"2025-01-17T11:38:55+00:00","breadcrumb":{"@id":"https:\/\/www.upjs.sk\/filozoficka-fakulta\/info-pre-verejnost-a-media\/ap-film\/#breadcrumb"},"inLanguage":"sk-SK","potentialAction":[{"@type":"ReadAction","target":["https:\/\/www.upjs.sk\/filozoficka-fakulta\/info-pre-verejnost-a-media\/ap-film\/"]}]},{"@type":"ImageObject","inLanguage":"sk-SK","@id":"https:\/\/www.upjs.sk\/filozoficka-fakulta\/info-pre-verejnost-a-media\/ap-film\/#primaryimage","url":"https:\/\/www.upjs.sk\/app\/uploads\/sites\/7\/2022\/09\/Diplom-AP.jpg","contentUrl":"https:\/\/www.upjs.sk\/app\/uploads\/sites\/7\/2022\/09\/Diplom-AP.jpg","width":839,"height":1169,"caption":"AP-film"},{"@type":"BreadcrumbList","@id":"https:\/\/www.upjs.sk\/filozoficka-fakulta\/info-pre-verejnost-a-media\/ap-film\/#breadcrumb","itemListElement":[{"@type":"ListItem","position":1,"name":"Home","item":"https:\/\/www.upjs.sk\/filozoficka-fakulta\/"},{"@type":"ListItem","position":2,"name":"Inform\u00e1cie pre verejnos\u0165 a m\u00e9di\u00e1","item":"https:\/\/www.upjs.sk\/filozoficka-fakulta\/info-pre-verejnost-a-media\/"},{"@type":"ListItem","position":3,"name":"\u0160tudenti masm\u00e9di\u00ed FF UPJ\u0160 zv\u00ed\u0165azili na Akademickom Pre\u0161ove s kr\u00e1tkym filmom"}]},{"@type":"WebSite","@id":"https:\/\/www.upjs.sk\/filozoficka-fakulta\/#website","url":"https:\/\/www.upjs.sk\/filozoficka-fakulta\/","name":"Filozofick\u00e1 fakulta | UPJ\u0160","description":"","publisher":{"@id":"https:\/\/www.upjs.sk\/filozoficka-fakulta\/#organization"},"potentialAction":[{"@type":"SearchAction","target":{"@type":"EntryPoint","urlTemplate":"https:\/\/www.upjs.sk\/filozoficka-fakulta\/?s={search_term_string}"},"query-input":{"@type":"PropertyValueSpecification","valueRequired":true,"valueName":"search_term_string"}}],"inLanguage":"sk-SK"},{"@type":"Organization","@id":"https:\/\/www.upjs.sk\/filozoficka-fakulta\/#organization","name":"Filozofick\u00e1 fakulta | UPJ\u0160","url":"https:\/\/www.upjs.sk\/filozoficka-fakulta\/","logo":{"@type":"ImageObject","inLanguage":"sk-SK","@id":"https:\/\/www.upjs.sk\/filozoficka-fakulta\/#\/schema\/logo\/image\/","url":"https:\/\/www.upjs.sk\/app\/uploads\/sites\/7\/2022\/09\/logo-filozoficka-fakulta.png","contentUrl":"https:\/\/www.upjs.sk\/app\/uploads\/sites\/7\/2022\/09\/logo-filozoficka-fakulta.png","width":415,"height":87,"caption":"Filozofick\u00e1 fakulta | UPJ\u0160"},"image":{"@id":"https:\/\/www.upjs.sk\/filozoficka-fakulta\/#\/schema\/logo\/image\/"}}]}},"_links":{"self":[{"href":"https:\/\/www.upjs.sk\/filozoficka-fakulta\/wp-json\/wp\/v2\/pages\/11725","targetHints":{"allow":["GET"]}}],"collection":[{"href":"https:\/\/www.upjs.sk\/filozoficka-fakulta\/wp-json\/wp\/v2\/pages"}],"about":[{"href":"https:\/\/www.upjs.sk\/filozoficka-fakulta\/wp-json\/wp\/v2\/types\/page"}],"author":[{"embeddable":true,"href":"https:\/\/www.upjs.sk\/filozoficka-fakulta\/wp-json\/wp\/v2\/users\/1"}],"replies":[{"embeddable":true,"href":"https:\/\/www.upjs.sk\/filozoficka-fakulta\/wp-json\/wp\/v2\/comments?post=11725"}],"version-history":[{"count":5,"href":"https:\/\/www.upjs.sk\/filozoficka-fakulta\/wp-json\/wp\/v2\/pages\/11725\/revisions"}],"predecessor-version":[{"id":53124,"href":"https:\/\/www.upjs.sk\/filozoficka-fakulta\/wp-json\/wp\/v2\/pages\/11725\/revisions\/53124"}],"up":[{"embeddable":true,"href":"https:\/\/www.upjs.sk\/filozoficka-fakulta\/wp-json\/wp\/v2\/pages\/16533"}],"wp:featuredmedia":[{"embeddable":true,"href":"https:\/\/www.upjs.sk\/filozoficka-fakulta\/wp-json\/wp\/v2\/media\/11726"}],"wp:attachment":[{"href":"https:\/\/www.upjs.sk\/filozoficka-fakulta\/wp-json\/wp\/v2\/media?parent=11725"}],"wp:term":[{"taxonomy":"category","embeddable":true,"href":"https:\/\/www.upjs.sk\/filozoficka-fakulta\/wp-json\/wp\/v2\/categories?post=11725"},{"taxonomy":"post_tag","embeddable":true,"href":"https:\/\/www.upjs.sk\/filozoficka-fakulta\/wp-json\/wp\/v2\/tags?post=11725"}],"curies":[{"name":"wp","href":"https:\/\/api.w.org\/{rel}","templated":true}]}}