{"id":12411,"date":"2021-11-30T08:53:17","date_gmt":"2021-11-30T08:53:17","guid":{"rendered":"https:\/\/www.upjs.sk\/filozoficka-fakulta\/info-pre-verejnost-a-media\/ke-dni-sp-2021\/"},"modified":"2022-11-13T21:40:28","modified_gmt":"2022-11-13T20:40:28","slug":"ke-dni-sp-2021","status":"publish","type":"page","link":"https:\/\/www.upjs.sk\/filozoficka-fakulta\/info-pre-verejnost-a-media\/ke-dni-sp-2021\/","title":{"rendered":"Aktu\u00e1lny ro\u010dn\u00edk Ko\u0161ick\u00fdch dn\u00ed soci\u00e1lnej pr\u00e1ce bol venovan\u00fd metanoi v te\u00f3rii a praxi soci\u00e1lnej pr\u00e1ce"},"content":{"rendered":"<p>\u00a0<\/p>\n<p style=\"text-align:justify\"><span style=\"color:#f39c12\"><strong>\u00a0 \u00a0 \u00a0Katedra soci\u00e1lnej pr\u00e1ce Filozofickej fakulty Univerzity Pavla Jozefa \u0160af\u00e1rika v Ko\u0161iciach<\/strong><\/span> zorganizovala 26. novembra 2021 vedeck\u00fa konferenciu s medzin\u00e1rodnou \u00fa\u010das\u0165ou v r\u00e1mci 9. ro\u010dn\u00edka Ko\u0161ick\u00fdch dn\u00ed soci\u00e1lnej pr\u00e1ce, ktor\u00e1 bola venovan\u00e1 metanoi v te\u00f3rii a praxi soci\u00e1lnej pr\u00e1ce.<br \/> \u00a0 \u00a0 \u00a0Nov\u00e9 v\u00fdzvy, ktor\u00e9 boli spolo\u010dnos\u0165ou nastolen\u00e9 pred soci\u00e1lnu pr\u00e1cu a pom\u00e1haj\u00face profesie, vy\u017eaduj\u00fa komplexn\u00fa zmenu v myslen\u00ed, pr\u00edstupe k jednotliv\u00fdm soci\u00e1lnym probl\u00e9mom a obsahovom zameran\u00ed soci\u00e1lnej pr\u00e1ce v s\u00fa\u010dasnej spolo\u010dnosti. Metanoia, ako \u00fastredn\u00fd pojem dominuj\u00faci naprie\u010d celou konferenciou, predstavovala my\u0161lienku zmeny zm\u00fd\u0161\u013eania soci\u00e1lnej pr\u00e1ce ako hodnotnej vednej discipl\u00edny ako aj ozdravenie postojov s\u00fa\u010dasnej spolo\u010dnosti vo\u010di nej.<br \/> \u00a0 \u00a0 \u00a0Katedra soci\u00e1lnej pr\u00e1ce FF UPJ\u0160 hostila v online priestore v\u00fdskumn\u00edkov, ale aj praktikov z piatich slovensk\u00fdch a troch \u010desk\u00fdch univerz\u00edt a vysok\u00fdch \u0161k\u00f4l. Rovnako pr\u00ednosn\u00e1 bola aj \u00fa\u010das\u0165 odborn\u00edkov zo \u0161pecializovan\u00e9ho zariadenia a zariadenia pre seniorov ARCUS a neziskovej organiz\u00e1cie Facilitas.<br \/> \u00a0 \u00a0 \u00a0V priebehu online konferencie zazneli \u0161tyri hlavn\u00e9 refer\u00e1ty. Katedru soci\u00e1lnej pr\u00e1ce Pedagogickej fakulty Univerzity Mateja Bela v Banskej Bystrici reprezentoval ved\u00faci katedry <strong>prof. PaedDr. Peter Jusko, PhD.<\/strong>, refer\u00e1tom s n\u00e1zvom Radikaliz\u00e1cia a n\u00e1siln\u00fd extr\u00e9mizmus vo vybran\u00fdch spolo\u010densk\u00fdch kontextoch a <strong>doc. PhDr. Ladislav Vaska, PhD.<\/strong>, v spolupr\u00e1ci s <strong>PhDr. Janou Vr\u0165ovou<\/strong> s predn\u00e1\u0161kou na t\u00e9mu Metanoia v superv\u00edzii a online svet vo vz\u00e1jomnej interakcii. Refer\u00e1t Digit\u00e1lne technol\u00f3gie a soci\u00e1lna pr\u00e1ca. Vz\u0165ah kopulat\u00edvny alebo disjunkt\u00edvny? predniesol ved\u00faci Katedry soci\u00e1lnej pr\u00e1ce Pedagogickej fakulty Katol\u00edckej univerzity v Ru\u017eomberku <strong>Mgr. Daniel Markovi\u010d, PhD.<\/strong> S\u00e9riu hlavn\u00fdch refer\u00e1tov zakon\u010dil reprezentant Katedry soci\u00e1lnej pr\u00e1ce Fakulty zdravotn\u00edctva a soci\u00e1lnej pr\u00e1ce Trnavskej univerzity v Trnave <strong>Mgr. Peter Patyi, PhD.<\/strong>, ktor\u00fd predstavil poh\u013ead na metanoiu soci\u00e1lnej pr\u00e1ce predn\u00e1\u0161kou Od pocitov k meraniu \u2013 aplikovan\u00fd v\u00fdskum ako n\u00e1stroj zmeny vn\u00edmania modelov posudzovania v soci\u00e1lnej pr\u00e1ci.<br \/> \u00a0 \u00a0 \u00a0\u010eal\u0161ie pr\u00edspevky sa orientovali na \u0161irok\u00e9 spektrum obsahov soci\u00e1lnej pr\u00e1ce, ak\u00fdmi s\u00fa presah arteterapie do soci\u00e1lnej pr\u00e1ce, rizikov\u00e9 spr\u00e1vanie a potreba soci\u00e1lneho za\u010dlenenia rizikov\u00fdch a patologick\u00fdch adolescentov, \u017eivotn\u00fd zmysel pracovn\u00edkov v pom\u00e1haj\u00facich profesi\u00e1ch, soci\u00e1lna prevencia, radikalizmus a extr\u00e9mizmus, ale aj \u0161kolsk\u00e9 n\u00e1silie \u010di starostlivos\u0165 o seba v kontexte z\u00e1visl\u00fdch klientov.<br \/> \u00a0 \u00a0 \u00a0Netradi\u010dnou formou bolo spolo\u010dn\u00e9 rozhodnutie o hlavn\u00fdch v\u00fdzvach, pred ktor\u00fdmi stoj\u00ed s\u00fa\u010dasn\u00e1 soci\u00e1lna pr\u00e1ca formulovan\u00fdch do \u0161tyroch nadch\u00e1dzaj\u00facich z\u00e1verov.<br \/> 1.\u00a0\u00a0 \u00a0\u017divot v s\u00fa\u010dasnej spolo\u010dnosti ako aj n\u00e1h\u013ead na d\u00f4le\u017eit\u00e9 spolo\u010densk\u00e9, kult\u00farne a najm\u00e4 soci\u00e1lne ot\u00e1zky je pozna\u010den\u00fd v\u00fdraznou dichotomiz\u00e1ciou. V tomto kontexte nar\u00e1\u017eame na neust\u00e1le sa zvy\u0161uj\u00facu potrebu rie\u0161enia z\u00e1va\u017en\u00fdch spolo\u010densk\u00fdch a soci\u00e1lnych potrieb a probl\u00e9mov vr\u00e1tane v\u00fdraznej hodnotovej plurality. Soci\u00e1lnu pr\u00e1cu pova\u017eujeme za hlavn\u00e9ho akt\u00e9ra a inici\u00e1tora soci\u00e1lnej s\u00fadr\u017enosti, a to v priamej podobe prostredn\u00edctvom sebe vlastn\u00fdch met\u00f3d, ale aj v nepriamej podobe, prostredn\u00edctvom pr\u00ednosov pre rozvoj ob\u010dianskej spolo\u010dnosti.<br \/> 2.\u00a0\u00a0 \u00a0\u0160pecifikom soci\u00e1lnej pr\u00e1ce je schopnos\u0165 pru\u017ene reagova\u0165 na zmeny v spolo\u010dnosti, \u010doho d\u00f4kazom je aj jej podiel na rie\u0161en\u00ed s\u00fa\u010dasnej situ\u00e1cie. Profesion\u00e1lnou nevyhnutnos\u0165ou soci\u00e1lnych pracovn\u00edkov je rie\u0161enie pandemickej situ\u00e1cie z h\u013eadiska d\u00f4sledkov na jedincov, rodiny, komunity a spolo\u010dnos\u0165. Svoju flexibilitu dokazuje r\u00fdchlou reakciou na aktu\u00e1lny dopyt v oblastiach slu\u017eieb, starostlivosti a pomoci, ale aj v sp\u00f4sobe poskytovania t\u00fdchto slu\u017eieb.<br \/> 3.\u00a0\u00a0 \u00a0Zmeny s\u00fa\u010dasnej spolo\u010dnosti, ak\u00fdmi je aj pand\u00e9mia, z dlhodob\u00e9ho h\u013eadiska ovplyvnili na\u0161e ka\u017edodenn\u00e9 \u017eivoty. Zrejme posilnia poz\u00edciu pom\u00e1haj\u00facich profesion\u00e1lov, av\u0161ak s nevyhnutnos\u0165ou disponova\u0165 nov\u00fdmi typmi kompetenci\u00ed, najm\u00e4 digit\u00e1lnymi. V\u00fdzvou pre vzdel\u00e1vate\u013eov je prisp\u00f4sobi\u0165 vzdel\u00e1vacie programy IKT pre pom\u00e1haj\u00facich profesion\u00e1lov, soci\u00e1lnych pracovn\u00edkov nevyn\u00edmaj\u00fac tak, aby ich vyu\u017e\u00edvanie pova\u017eovali za u\u017eito\u010dn\u00e9, komfortn\u00e9 a neohrozuj\u00face.<br \/> 4.\u00a0\u00a0 \u00a0Pre zv\u00fd\u0161enie kvality poskytovan\u00fdch slu\u017eieb v oblasti soci\u00e1lnej pr\u00e1ce je nevyhnutn\u00e9 zv\u00fd\u0161i\u0165 mieru realiz\u00e1cie aplikovan\u00e9ho v\u00fdskumu a v\u00fdvoja n\u00e1strojov diagnostiky a merania pre v\u00fdkon praxe soci\u00e1lnej pr\u00e1ce.\u00a0<br \/> \u00a0 \u00a0 \u00a0Spolo\u010dn\u00fdmi z\u00e1vermi \u00fa\u010dastn\u00edci deklarovali ve\u013ek\u00fd z\u00e1ujem prispieva\u0165 k rozvoju nielen soci\u00e1lnej pr\u00e1ce ako vedy a profesie, ale aj k rozvoju spolo\u010dnosti. V\u0161etky z\u00e1very a pr\u00edspevky \u00fa\u010dastn\u00edkov bud\u00fa publikovan\u00e9 v recenzovanom online zborn\u00edku.<\/p>\n<p style=\"text-align:justify\"><strong>Mgr. Barbora Kov\u00e1\u010dov\u00e1<\/strong><br \/> \u0161tudentka PhD. \u0161t\u00fadia<br \/> Katedra soci\u00e1lnej pr\u00e1ce FF UPJ\u0160<\/p>\n","protected":false},"excerpt":{"rendered":"<p>\u00a0 \u00a0 \u00a0 \u00a0Katedra soci\u00e1lnej pr\u00e1ce Filozofickej fakulty Univerzity Pavla Jozefa \u0160af\u00e1rika v Ko\u0161iciach zorganizovala 26. novembra 2021 vedeck\u00fa konferenciu s medzin\u00e1rodnou \u00fa\u010das\u0165ou v r\u00e1mci 9. ro\u010dn\u00edka Ko\u0161ick\u00fdch dn\u00ed soci\u00e1lnej pr\u00e1ce, ktor\u00e1 bola venovan\u00e1 metanoi v te\u00f3rii a praxi soci\u00e1lnej pr\u00e1ce. \u00a0 \u00a0 \u00a0Nov\u00e9 v\u00fdzvy, ktor\u00e9 boli spolo\u010dnos\u0165ou nastolen\u00e9 pred soci\u00e1lnu pr\u00e1cu a pom\u00e1haj\u00face profesie, &hellip; <a href=\"https:\/\/www.upjs.sk\/filozoficka-fakulta\/info-pre-verejnost-a-media\/ke-dni-sp-2021\/\">\u010c\u00edta\u0165 \u010falej<\/a><\/p>\n","protected":false},"author":1,"featured_media":12412,"parent":16533,"menu_order":56,"comment_status":"closed","ping_status":"closed","template":"","meta":{"_acf_changed":false,"_editorskit_title_hidden":false,"_editorskit_reading_time":0,"_editorskit_is_block_options_detached":false,"_editorskit_block_options_position":"{}","footnotes":""},"categories":[],"tags":[],"class_list":["post-12411","page","type-page","status-publish","has-post-thumbnail","hentry"],"acf":{"acf_link_na_externy_obsah":""},"yoast_head":"<!-- This site is optimized with the Yoast SEO plugin v27.4 - https:\/\/yoast.com\/product\/yoast-seo-wordpress\/ -->\n<title>Aktu\u00e1lny ro\u010dn\u00edk Ko\u0161ick\u00fdch dn\u00ed soci\u00e1lnej pr\u00e1ce bol venovan\u00fd metanoi v te\u00f3rii a praxi soci\u00e1lnej pr\u00e1ce - Filozofick\u00e1 fakulta | UPJ\u0160<\/title>\n<meta name=\"robots\" content=\"index, follow, max-snippet:-1, max-image-preview:large, max-video-preview:-1\" \/>\n<link rel=\"canonical\" href=\"https:\/\/www.upjs.sk\/filozoficka-fakulta\/info-pre-verejnost-a-media\/ke-dni-sp-2021\/\" \/>\n<meta property=\"og:locale\" content=\"sk_SK\" \/>\n<meta property=\"og:type\" content=\"article\" \/>\n<meta property=\"og:title\" content=\"Aktu\u00e1lny ro\u010dn\u00edk Ko\u0161ick\u00fdch dn\u00ed soci\u00e1lnej pr\u00e1ce bol venovan\u00fd metanoi v te\u00f3rii a praxi soci\u00e1lnej pr\u00e1ce - Filozofick\u00e1 fakulta | UPJ\u0160\" \/>\n<meta property=\"og:description\" content=\"\u00a0 \u00a0 \u00a0 \u00a0Katedra soci\u00e1lnej pr\u00e1ce Filozofickej fakulty Univerzity Pavla Jozefa \u0160af\u00e1rika v Ko\u0161iciach zorganizovala 26. novembra 2021 vedeck\u00fa konferenciu s medzin\u00e1rodnou \u00fa\u010das\u0165ou v r\u00e1mci 9. ro\u010dn\u00edka Ko\u0161ick\u00fdch dn\u00ed soci\u00e1lnej pr\u00e1ce, ktor\u00e1 bola venovan\u00e1 metanoi v te\u00f3rii a praxi soci\u00e1lnej pr\u00e1ce. \u00a0 \u00a0 \u00a0Nov\u00e9 v\u00fdzvy, ktor\u00e9 boli spolo\u010dnos\u0165ou nastolen\u00e9 pred soci\u00e1lnu pr\u00e1cu a pom\u00e1haj\u00face profesie, &hellip; \u010c\u00edta\u0165 \u010falej\" \/>\n<meta property=\"og:url\" content=\"https:\/\/www.upjs.sk\/filozoficka-fakulta\/info-pre-verejnost-a-media\/ke-dni-sp-2021\/\" \/>\n<meta property=\"og:site_name\" content=\"Filozofick\u00e1 fakulta | UPJ\u0160\" \/>\n<meta property=\"article:modified_time\" content=\"2022-11-13T20:40:28+00:00\" \/>\n<meta property=\"og:image\" content=\"https:\/\/www.upjs.sk\/app\/uploads\/sites\/7\/2022\/09\/KDSP-2021-1.jpg\" \/>\n\t<meta property=\"og:image:width\" content=\"1824\" \/>\n\t<meta property=\"og:image:height\" content=\"600\" \/>\n\t<meta property=\"og:image:type\" content=\"image\/jpeg\" \/>\n<meta name=\"twitter:card\" content=\"summary_large_image\" \/>\n<meta name=\"twitter:label1\" content=\"Predpokladan\u00fd \u010das \u010d\u00edtania\" \/>\n\t<meta name=\"twitter:data1\" content=\"4 min\u00faty\" \/>\n<script type=\"application\/ld+json\" class=\"yoast-schema-graph\">{\"@context\":\"https:\\\/\\\/schema.org\",\"@graph\":[{\"@type\":\"WebPage\",\"@id\":\"https:\\\/\\\/www.upjs.sk\\\/filozoficka-fakulta\\\/info-pre-verejnost-a-media\\\/ke-dni-sp-2021\\\/\",\"url\":\"https:\\\/\\\/www.upjs.sk\\\/filozoficka-fakulta\\\/info-pre-verejnost-a-media\\\/ke-dni-sp-2021\\\/\",\"name\":\"Aktu\u00e1lny ro\u010dn\u00edk Ko\u0161ick\u00fdch dn\u00ed soci\u00e1lnej pr\u00e1ce bol venovan\u00fd metanoi v te\u00f3rii a praxi soci\u00e1lnej pr\u00e1ce - Filozofick\u00e1 fakulta | UPJ\u0160\",\"isPartOf\":{\"@id\":\"https:\\\/\\\/www.upjs.sk\\\/filozoficka-fakulta\\\/#website\"},\"primaryImageOfPage\":{\"@id\":\"https:\\\/\\\/www.upjs.sk\\\/filozoficka-fakulta\\\/info-pre-verejnost-a-media\\\/ke-dni-sp-2021\\\/#primaryimage\"},\"image\":{\"@id\":\"https:\\\/\\\/www.upjs.sk\\\/filozoficka-fakulta\\\/info-pre-verejnost-a-media\\\/ke-dni-sp-2021\\\/#primaryimage\"},\"thumbnailUrl\":\"https:\\\/\\\/www.upjs.sk\\\/app\\\/uploads\\\/sites\\\/7\\\/2022\\\/09\\\/KDSP-2021-1.jpg\",\"datePublished\":\"2021-11-30T08:53:17+00:00\",\"dateModified\":\"2022-11-13T20:40:28+00:00\",\"breadcrumb\":{\"@id\":\"https:\\\/\\\/www.upjs.sk\\\/filozoficka-fakulta\\\/info-pre-verejnost-a-media\\\/ke-dni-sp-2021\\\/#breadcrumb\"},\"inLanguage\":\"sk-SK\",\"potentialAction\":[{\"@type\":\"ReadAction\",\"target\":[\"https:\\\/\\\/www.upjs.sk\\\/filozoficka-fakulta\\\/info-pre-verejnost-a-media\\\/ke-dni-sp-2021\\\/\"]}]},{\"@type\":\"ImageObject\",\"inLanguage\":\"sk-SK\",\"@id\":\"https:\\\/\\\/www.upjs.sk\\\/filozoficka-fakulta\\\/info-pre-verejnost-a-media\\\/ke-dni-sp-2021\\\/#primaryimage\",\"url\":\"https:\\\/\\\/www.upjs.sk\\\/app\\\/uploads\\\/sites\\\/7\\\/2022\\\/09\\\/KDSP-2021-1.jpg\",\"contentUrl\":\"https:\\\/\\\/www.upjs.sk\\\/app\\\/uploads\\\/sites\\\/7\\\/2022\\\/09\\\/KDSP-2021-1.jpg\",\"width\":1824,\"height\":600,\"caption\":\"ke-dni-sp-2021\"},{\"@type\":\"BreadcrumbList\",\"@id\":\"https:\\\/\\\/www.upjs.sk\\\/filozoficka-fakulta\\\/info-pre-verejnost-a-media\\\/ke-dni-sp-2021\\\/#breadcrumb\",\"itemListElement\":[{\"@type\":\"ListItem\",\"position\":1,\"name\":\"Home\",\"item\":\"https:\\\/\\\/www.upjs.sk\\\/filozoficka-fakulta\\\/\"},{\"@type\":\"ListItem\",\"position\":2,\"name\":\"Inform\u00e1cie pre verejnos\u0165 a m\u00e9di\u00e1\",\"item\":\"https:\\\/\\\/www.upjs.sk\\\/filozoficka-fakulta\\\/info-pre-verejnost-a-media\\\/\"},{\"@type\":\"ListItem\",\"position\":3,\"name\":\"Aktu\u00e1lny ro\u010dn\u00edk Ko\u0161ick\u00fdch dn\u00ed soci\u00e1lnej pr\u00e1ce bol venovan\u00fd metanoi v te\u00f3rii a praxi soci\u00e1lnej pr\u00e1ce\"}]},{\"@type\":\"WebSite\",\"@id\":\"https:\\\/\\\/www.upjs.sk\\\/filozoficka-fakulta\\\/#website\",\"url\":\"https:\\\/\\\/www.upjs.sk\\\/filozoficka-fakulta\\\/\",\"name\":\"Filozofick\u00e1 fakulta | UPJ\u0160\",\"description\":\"\",\"publisher\":{\"@id\":\"https:\\\/\\\/www.upjs.sk\\\/filozoficka-fakulta\\\/#organization\"},\"potentialAction\":[{\"@type\":\"SearchAction\",\"target\":{\"@type\":\"EntryPoint\",\"urlTemplate\":\"https:\\\/\\\/www.upjs.sk\\\/filozoficka-fakulta\\\/?s={search_term_string}\"},\"query-input\":{\"@type\":\"PropertyValueSpecification\",\"valueRequired\":true,\"valueName\":\"search_term_string\"}}],\"inLanguage\":\"sk-SK\"},{\"@type\":\"Organization\",\"@id\":\"https:\\\/\\\/www.upjs.sk\\\/filozoficka-fakulta\\\/#organization\",\"name\":\"Filozofick\u00e1 fakulta | UPJ\u0160\",\"url\":\"https:\\\/\\\/www.upjs.sk\\\/filozoficka-fakulta\\\/\",\"logo\":{\"@type\":\"ImageObject\",\"inLanguage\":\"sk-SK\",\"@id\":\"https:\\\/\\\/www.upjs.sk\\\/filozoficka-fakulta\\\/#\\\/schema\\\/logo\\\/image\\\/\",\"url\":\"https:\\\/\\\/www.upjs.sk\\\/app\\\/uploads\\\/sites\\\/7\\\/2022\\\/09\\\/logo-filozoficka-fakulta.png\",\"contentUrl\":\"https:\\\/\\\/www.upjs.sk\\\/app\\\/uploads\\\/sites\\\/7\\\/2022\\\/09\\\/logo-filozoficka-fakulta.png\",\"width\":415,\"height\":87,\"caption\":\"Filozofick\u00e1 fakulta | UPJ\u0160\"},\"image\":{\"@id\":\"https:\\\/\\\/www.upjs.sk\\\/filozoficka-fakulta\\\/#\\\/schema\\\/logo\\\/image\\\/\"}}]}<\/script>\n<!-- \/ Yoast SEO plugin. -->","yoast_head_json":{"title":"Aktu\u00e1lny ro\u010dn\u00edk Ko\u0161ick\u00fdch dn\u00ed soci\u00e1lnej pr\u00e1ce bol venovan\u00fd metanoi v te\u00f3rii a praxi soci\u00e1lnej pr\u00e1ce - Filozofick\u00e1 fakulta | UPJ\u0160","robots":{"index":"index","follow":"follow","max-snippet":"max-snippet:-1","max-image-preview":"max-image-preview:large","max-video-preview":"max-video-preview:-1"},"canonical":"https:\/\/www.upjs.sk\/filozoficka-fakulta\/info-pre-verejnost-a-media\/ke-dni-sp-2021\/","og_locale":"sk_SK","og_type":"article","og_title":"Aktu\u00e1lny ro\u010dn\u00edk Ko\u0161ick\u00fdch dn\u00ed soci\u00e1lnej pr\u00e1ce bol venovan\u00fd metanoi v te\u00f3rii a praxi soci\u00e1lnej pr\u00e1ce - Filozofick\u00e1 fakulta | UPJ\u0160","og_description":"\u00a0 \u00a0 \u00a0 \u00a0Katedra soci\u00e1lnej pr\u00e1ce Filozofickej fakulty Univerzity Pavla Jozefa \u0160af\u00e1rika v Ko\u0161iciach zorganizovala 26. novembra 2021 vedeck\u00fa konferenciu s medzin\u00e1rodnou \u00fa\u010das\u0165ou v r\u00e1mci 9. ro\u010dn\u00edka Ko\u0161ick\u00fdch dn\u00ed soci\u00e1lnej pr\u00e1ce, ktor\u00e1 bola venovan\u00e1 metanoi v te\u00f3rii a praxi soci\u00e1lnej pr\u00e1ce. \u00a0 \u00a0 \u00a0Nov\u00e9 v\u00fdzvy, ktor\u00e9 boli spolo\u010dnos\u0165ou nastolen\u00e9 pred soci\u00e1lnu pr\u00e1cu a pom\u00e1haj\u00face profesie, &hellip; \u010c\u00edta\u0165 \u010falej","og_url":"https:\/\/www.upjs.sk\/filozoficka-fakulta\/info-pre-verejnost-a-media\/ke-dni-sp-2021\/","og_site_name":"Filozofick\u00e1 fakulta | UPJ\u0160","article_modified_time":"2022-11-13T20:40:28+00:00","og_image":[{"width":1824,"height":600,"url":"https:\/\/www.upjs.sk\/app\/uploads\/sites\/7\/2022\/09\/KDSP-2021-1.jpg","type":"image\/jpeg"}],"twitter_card":"summary_large_image","twitter_misc":{"Predpokladan\u00fd \u010das \u010d\u00edtania":"4 min\u00faty"},"schema":{"@context":"https:\/\/schema.org","@graph":[{"@type":"WebPage","@id":"https:\/\/www.upjs.sk\/filozoficka-fakulta\/info-pre-verejnost-a-media\/ke-dni-sp-2021\/","url":"https:\/\/www.upjs.sk\/filozoficka-fakulta\/info-pre-verejnost-a-media\/ke-dni-sp-2021\/","name":"Aktu\u00e1lny ro\u010dn\u00edk Ko\u0161ick\u00fdch dn\u00ed soci\u00e1lnej pr\u00e1ce bol venovan\u00fd metanoi v te\u00f3rii a praxi soci\u00e1lnej pr\u00e1ce - Filozofick\u00e1 fakulta | UPJ\u0160","isPartOf":{"@id":"https:\/\/www.upjs.sk\/filozoficka-fakulta\/#website"},"primaryImageOfPage":{"@id":"https:\/\/www.upjs.sk\/filozoficka-fakulta\/info-pre-verejnost-a-media\/ke-dni-sp-2021\/#primaryimage"},"image":{"@id":"https:\/\/www.upjs.sk\/filozoficka-fakulta\/info-pre-verejnost-a-media\/ke-dni-sp-2021\/#primaryimage"},"thumbnailUrl":"https:\/\/www.upjs.sk\/app\/uploads\/sites\/7\/2022\/09\/KDSP-2021-1.jpg","datePublished":"2021-11-30T08:53:17+00:00","dateModified":"2022-11-13T20:40:28+00:00","breadcrumb":{"@id":"https:\/\/www.upjs.sk\/filozoficka-fakulta\/info-pre-verejnost-a-media\/ke-dni-sp-2021\/#breadcrumb"},"inLanguage":"sk-SK","potentialAction":[{"@type":"ReadAction","target":["https:\/\/www.upjs.sk\/filozoficka-fakulta\/info-pre-verejnost-a-media\/ke-dni-sp-2021\/"]}]},{"@type":"ImageObject","inLanguage":"sk-SK","@id":"https:\/\/www.upjs.sk\/filozoficka-fakulta\/info-pre-verejnost-a-media\/ke-dni-sp-2021\/#primaryimage","url":"https:\/\/www.upjs.sk\/app\/uploads\/sites\/7\/2022\/09\/KDSP-2021-1.jpg","contentUrl":"https:\/\/www.upjs.sk\/app\/uploads\/sites\/7\/2022\/09\/KDSP-2021-1.jpg","width":1824,"height":600,"caption":"ke-dni-sp-2021"},{"@type":"BreadcrumbList","@id":"https:\/\/www.upjs.sk\/filozoficka-fakulta\/info-pre-verejnost-a-media\/ke-dni-sp-2021\/#breadcrumb","itemListElement":[{"@type":"ListItem","position":1,"name":"Home","item":"https:\/\/www.upjs.sk\/filozoficka-fakulta\/"},{"@type":"ListItem","position":2,"name":"Inform\u00e1cie pre verejnos\u0165 a m\u00e9di\u00e1","item":"https:\/\/www.upjs.sk\/filozoficka-fakulta\/info-pre-verejnost-a-media\/"},{"@type":"ListItem","position":3,"name":"Aktu\u00e1lny ro\u010dn\u00edk Ko\u0161ick\u00fdch dn\u00ed soci\u00e1lnej pr\u00e1ce bol venovan\u00fd metanoi v te\u00f3rii a praxi soci\u00e1lnej pr\u00e1ce"}]},{"@type":"WebSite","@id":"https:\/\/www.upjs.sk\/filozoficka-fakulta\/#website","url":"https:\/\/www.upjs.sk\/filozoficka-fakulta\/","name":"Filozofick\u00e1 fakulta | UPJ\u0160","description":"","publisher":{"@id":"https:\/\/www.upjs.sk\/filozoficka-fakulta\/#organization"},"potentialAction":[{"@type":"SearchAction","target":{"@type":"EntryPoint","urlTemplate":"https:\/\/www.upjs.sk\/filozoficka-fakulta\/?s={search_term_string}"},"query-input":{"@type":"PropertyValueSpecification","valueRequired":true,"valueName":"search_term_string"}}],"inLanguage":"sk-SK"},{"@type":"Organization","@id":"https:\/\/www.upjs.sk\/filozoficka-fakulta\/#organization","name":"Filozofick\u00e1 fakulta | UPJ\u0160","url":"https:\/\/www.upjs.sk\/filozoficka-fakulta\/","logo":{"@type":"ImageObject","inLanguage":"sk-SK","@id":"https:\/\/www.upjs.sk\/filozoficka-fakulta\/#\/schema\/logo\/image\/","url":"https:\/\/www.upjs.sk\/app\/uploads\/sites\/7\/2022\/09\/logo-filozoficka-fakulta.png","contentUrl":"https:\/\/www.upjs.sk\/app\/uploads\/sites\/7\/2022\/09\/logo-filozoficka-fakulta.png","width":415,"height":87,"caption":"Filozofick\u00e1 fakulta | UPJ\u0160"},"image":{"@id":"https:\/\/www.upjs.sk\/filozoficka-fakulta\/#\/schema\/logo\/image\/"}}]}},"_links":{"self":[{"href":"https:\/\/www.upjs.sk\/filozoficka-fakulta\/wp-json\/wp\/v2\/pages\/12411","targetHints":{"allow":["GET"]}}],"collection":[{"href":"https:\/\/www.upjs.sk\/filozoficka-fakulta\/wp-json\/wp\/v2\/pages"}],"about":[{"href":"https:\/\/www.upjs.sk\/filozoficka-fakulta\/wp-json\/wp\/v2\/types\/page"}],"author":[{"embeddable":true,"href":"https:\/\/www.upjs.sk\/filozoficka-fakulta\/wp-json\/wp\/v2\/users\/1"}],"replies":[{"embeddable":true,"href":"https:\/\/www.upjs.sk\/filozoficka-fakulta\/wp-json\/wp\/v2\/comments?post=12411"}],"version-history":[{"count":1,"href":"https:\/\/www.upjs.sk\/filozoficka-fakulta\/wp-json\/wp\/v2\/pages\/12411\/revisions"}],"predecessor-version":[{"id":16969,"href":"https:\/\/www.upjs.sk\/filozoficka-fakulta\/wp-json\/wp\/v2\/pages\/12411\/revisions\/16969"}],"up":[{"embeddable":true,"href":"https:\/\/www.upjs.sk\/filozoficka-fakulta\/wp-json\/wp\/v2\/pages\/16533"}],"wp:featuredmedia":[{"embeddable":true,"href":"https:\/\/www.upjs.sk\/filozoficka-fakulta\/wp-json\/wp\/v2\/media\/12412"}],"wp:attachment":[{"href":"https:\/\/www.upjs.sk\/filozoficka-fakulta\/wp-json\/wp\/v2\/media?parent=12411"}],"wp:term":[{"taxonomy":"category","embeddable":true,"href":"https:\/\/www.upjs.sk\/filozoficka-fakulta\/wp-json\/wp\/v2\/categories?post=12411"},{"taxonomy":"post_tag","embeddable":true,"href":"https:\/\/www.upjs.sk\/filozoficka-fakulta\/wp-json\/wp\/v2\/tags?post=12411"}],"curies":[{"name":"wp","href":"https:\/\/api.w.org\/{rel}","templated":true}]}}