{"id":12454,"date":"2022-06-08T15:51:10","date_gmt":"2022-06-08T15:51:10","guid":{"rendered":"https:\/\/www.upjs.sk\/filozoficka-fakulta\/fakulta\/dejiny\/15vyrocie-ff\/"},"modified":"2023-05-25T10:26:43","modified_gmt":"2023-05-25T09:26:43","slug":"15vyrocie-ff","status":"publish","type":"page","link":"https:\/\/www.upjs.sk\/filozoficka-fakulta\/fakulta\/dejiny\/15vyrocie-ff\/","title":{"rendered":"15. v\u00fdro\u010die Filozofickej fakulty"},"content":{"rendered":"\n<ul class=\"wp-block-list\">\n<li><strong>Logo 15. v\u00fdro\u010dia FF UPJ\u0160 v Ko\u0161iciach<\/strong><\/li>\n<\/ul>\n\n\n\n<figure class=\"wp-block-image is-resized\"><img loading=\"lazy\" decoding=\"async\" src=\"http:\/\/www.upjs.sk\/\/app\/uploads\/sites\/7\/2022\/09\/15vyrocie-FF-UPJS-logo.png\" alt=\"\" width=\"250\" height=\"280\"\/><\/figure>\n\n\n\n<p class=\"has-text-align-left\"><\/p>\n\n\n\n<ul class=\"wp-block-list\">\n<li><strong><a href=\"https:\/\/intranet.upjs.sk\/casopis\/?7665#casopis\/\" target=\"_blank\" rel=\"noreferrer noopener\">Universitas \u0160afarikiana: Filozofick\u00e1 fakulta UPJ\u0160 oslavuje 15. v\u00fdro\u010die vzniku<\/a><\/strong><\/li>\n<\/ul>\n\n\n\n<p><\/p>\n\n\n\n<ul class=\"wp-block-list\">\n<li><strong><a href=\"https:\/\/www.upjs.sk\/app\/uploads\/sites\/7\/2022\/12\/Univerzal-4-2022-rozhovor-s-dekankouFF.pdf\" target=\"_blank\" rel=\"noreferrer noopener\">Univerz\u00e1l: rozhovor s dekankou FF UPJ\u0160 prof. PhDr. O\u013egou Orosovou, CSc.<\/a><\/strong>&nbsp;(Univerz\u00e1l \u010d. 4\/2022, s. 4 \u2013 6)<\/li>\n<\/ul>\n\n\n\n<p><\/p>\n\n\n\n<ul class=\"wp-block-list\">\n<li><strong>M\u00e1ria Fedor\u010d\u00e1kov\u00e1 \u2013 Miriama Fil\u010d\u00e1kov\u00e1: <a aria-label=\"Filozofick\u00e9 vzdel\u00e1vanie v Ko\u0161iciach v kontinuite a diskontinuite historick\u00e9ho v\u00fdvoja (opens in a new tab)\" href=\"https:\/\/unibook.upjs.sk\/img\/cms\/2023\/ff\/filozoficke-vzdelavanie-v-kosiciach.pdf\" target=\"_blank\" rel=\"noreferrer noopener\" class=\"ek-link\">Filozofick\u00e9 vzdel\u00e1vanie v Ko\u0161iciach v kontinuite a diskontinuite historick\u00e9ho v\u00fdvoja<\/a><\/strong><\/li>\n<\/ul>\n\n\n\n<p><\/p>\n\n\n\n<ul class=\"wp-block-list\">\n<li><strong>Pam\u00e4tn\u00e1 medaila \u2013 15. v\u00fdro\u010die FF UPJ\u0160 (2007 \u2013 2022)<\/strong><\/li>\n<\/ul>\n\n\n\n<p><\/p>\n\n\n\n<figure class=\"wp-block-image size-full is-resized\"><img loading=\"lazy\" decoding=\"async\" src=\"https:\/\/www.upjs.sk\/app\/uploads\/sites\/7\/2022\/12\/15vyrocie-FF-UPJS-pamatna-medaila.jpg\" alt=\"\" class=\"wp-image-37706\" width=\"250\" height=\"250\" srcset=\"https:\/\/www.upjs.sk\/app\/uploads\/sites\/7\/2022\/12\/15vyrocie-FF-UPJS-pamatna-medaila.jpg 1000w, https:\/\/www.upjs.sk\/app\/uploads\/sites\/7\/2022\/12\/15vyrocie-FF-UPJS-pamatna-medaila-300x300.jpg 300w, https:\/\/www.upjs.sk\/app\/uploads\/sites\/7\/2022\/12\/15vyrocie-FF-UPJS-pamatna-medaila-150x150.jpg 150w, https:\/\/www.upjs.sk\/app\/uploads\/sites\/7\/2022\/12\/15vyrocie-FF-UPJS-pamatna-medaila-768x768.jpg 768w\" sizes=\"auto, (max-width: 250px) 100vw, 250px\" \/><\/figure>\n\n\n\n<p><\/p>\n\n\n\n<ul class=\"wp-block-list\">\n<li><strong><a href=\"https:\/\/www.upjs.sk\/filozoficka-fakulta\/actuality\/15vyrocie-ff-upjs-video-nezabudli-sme\/\" target=\"_blank\" aria-label=\"Kr\u00e1tky narodeninov\u00fd videofilm: (NE)ZABUDLI SME (opens in a new tab)\" rel=\"noreferrer noopener\" class=\"ek-link\">Kr\u00e1tky narodeninov\u00fd videofilm: (NE)ZABUDLI SME<\/a><\/strong><\/li>\n<\/ul>\n","protected":false},"excerpt":{"rendered":"","protected":false},"author":1,"featured_media":12455,"parent":16382,"menu_order":1,"comment_status":"closed","ping_status":"closed","template":"","meta":{"_acf_changed":false,"_editorskit_title_hidden":false,"_editorskit_reading_time":1,"_editorskit_is_block_options_detached":false,"_editorskit_block_options_position":"{}","footnotes":""},"categories":[],"tags":[],"class_list":["post-12454","page","type-page","status-publish","has-post-thumbnail","hentry"],"acf":{"acf_link_na_externy_obsah":""},"yoast_head":"<!-- This site is optimized with the Yoast SEO plugin v27.5 - https:\/\/yoast.com\/product\/yoast-seo-wordpress\/ -->\n<title>15. v\u00fdro\u010die Filozofickej fakulty - Filozofick\u00e1 fakulta | UPJ\u0160<\/title>\n<meta name=\"robots\" content=\"index, follow, max-snippet:-1, max-image-preview:large, max-video-preview:-1\" \/>\n<link rel=\"canonical\" href=\"https:\/\/www.upjs.sk\/filozoficka-fakulta\/fakulta\/dejiny\/15vyrocie-ff\/\" \/>\n<meta property=\"og:locale\" content=\"sk_SK\" \/>\n<meta property=\"og:type\" content=\"article\" \/>\n<meta property=\"og:title\" content=\"15. v\u00fdro\u010die Filozofickej fakulty - Filozofick\u00e1 fakulta | UPJ\u0160\" \/>\n<meta property=\"og:url\" content=\"https:\/\/www.upjs.sk\/filozoficka-fakulta\/fakulta\/dejiny\/15vyrocie-ff\/\" \/>\n<meta property=\"og:site_name\" content=\"Filozofick\u00e1 fakulta | UPJ\u0160\" \/>\n<meta property=\"article:modified_time\" content=\"2023-05-25T09:26:43+00:00\" \/>\n<meta property=\"og:image\" content=\"https:\/\/www.upjs.sk\/app\/uploads\/sites\/7\/2022\/09\/15vyrocie-FF-UPJS-logo.png\" \/>\n\t<meta property=\"og:image:width\" content=\"2500\" \/>\n\t<meta property=\"og:image:height\" content=\"2800\" \/>\n\t<meta property=\"og:image:type\" content=\"image\/png\" \/>\n<meta name=\"twitter:card\" content=\"summary_large_image\" \/>\n<meta name=\"twitter:label1\" content=\"Predpokladan\u00fd \u010das \u010d\u00edtania\" \/>\n\t<meta name=\"twitter:data1\" content=\"1 min\u00fata\" \/>\n<script type=\"application\/ld+json\" class=\"yoast-schema-graph\">{\"@context\":\"https:\\\/\\\/schema.org\",\"@graph\":[{\"@type\":\"WebPage\",\"@id\":\"https:\\\/\\\/www.upjs.sk\\\/filozoficka-fakulta\\\/fakulta\\\/dejiny\\\/15vyrocie-ff\\\/\",\"url\":\"https:\\\/\\\/www.upjs.sk\\\/filozoficka-fakulta\\\/fakulta\\\/dejiny\\\/15vyrocie-ff\\\/\",\"name\":\"15. v\u00fdro\u010die Filozofickej fakulty - Filozofick\u00e1 fakulta | UPJ\u0160\",\"isPartOf\":{\"@id\":\"https:\\\/\\\/www.upjs.sk\\\/filozoficka-fakulta\\\/#website\"},\"primaryImageOfPage\":{\"@id\":\"https:\\\/\\\/www.upjs.sk\\\/filozoficka-fakulta\\\/fakulta\\\/dejiny\\\/15vyrocie-ff\\\/#primaryimage\"},\"image\":{\"@id\":\"https:\\\/\\\/www.upjs.sk\\\/filozoficka-fakulta\\\/fakulta\\\/dejiny\\\/15vyrocie-ff\\\/#primaryimage\"},\"thumbnailUrl\":\"https:\\\/\\\/www.upjs.sk\\\/app\\\/uploads\\\/sites\\\/7\\\/2022\\\/09\\\/15vyrocie-FF-UPJS-logo.png\",\"datePublished\":\"2022-06-08T15:51:10+00:00\",\"dateModified\":\"2023-05-25T09:26:43+00:00\",\"breadcrumb\":{\"@id\":\"https:\\\/\\\/www.upjs.sk\\\/filozoficka-fakulta\\\/fakulta\\\/dejiny\\\/15vyrocie-ff\\\/#breadcrumb\"},\"inLanguage\":\"sk-SK\",\"potentialAction\":[{\"@type\":\"ReadAction\",\"target\":[\"https:\\\/\\\/www.upjs.sk\\\/filozoficka-fakulta\\\/fakulta\\\/dejiny\\\/15vyrocie-ff\\\/\"]}]},{\"@type\":\"ImageObject\",\"inLanguage\":\"sk-SK\",\"@id\":\"https:\\\/\\\/www.upjs.sk\\\/filozoficka-fakulta\\\/fakulta\\\/dejiny\\\/15vyrocie-ff\\\/#primaryimage\",\"url\":\"https:\\\/\\\/www.upjs.sk\\\/app\\\/uploads\\\/sites\\\/7\\\/2022\\\/09\\\/15vyrocie-FF-UPJS-logo.png\",\"contentUrl\":\"https:\\\/\\\/www.upjs.sk\\\/app\\\/uploads\\\/sites\\\/7\\\/2022\\\/09\\\/15vyrocie-FF-UPJS-logo.png\",\"width\":2500,\"height\":2800,\"caption\":\"15vyrocie-FF\"},{\"@type\":\"BreadcrumbList\",\"@id\":\"https:\\\/\\\/www.upjs.sk\\\/filozoficka-fakulta\\\/fakulta\\\/dejiny\\\/15vyrocie-ff\\\/#breadcrumb\",\"itemListElement\":[{\"@type\":\"ListItem\",\"position\":1,\"name\":\"Home\",\"item\":\"https:\\\/\\\/www.upjs.sk\\\/filozoficka-fakulta\\\/\"},{\"@type\":\"ListItem\",\"position\":2,\"name\":\"Fakulta\",\"item\":\"https:\\\/\\\/www.upjs.sk\\\/filozoficka-fakulta\\\/fakulta\\\/\"},{\"@type\":\"ListItem\",\"position\":3,\"name\":\"Dejiny fakulty\",\"item\":\"https:\\\/\\\/www.upjs.sk\\\/filozoficka-fakulta\\\/fakulta\\\/dejiny\\\/\"},{\"@type\":\"ListItem\",\"position\":4,\"name\":\"15. v\u00fdro\u010die Filozofickej fakulty\"}]},{\"@type\":\"WebSite\",\"@id\":\"https:\\\/\\\/www.upjs.sk\\\/filozoficka-fakulta\\\/#website\",\"url\":\"https:\\\/\\\/www.upjs.sk\\\/filozoficka-fakulta\\\/\",\"name\":\"Filozofick\u00e1 fakulta | UPJ\u0160\",\"description\":\"\",\"publisher\":{\"@id\":\"https:\\\/\\\/www.upjs.sk\\\/filozoficka-fakulta\\\/#organization\"},\"potentialAction\":[{\"@type\":\"SearchAction\",\"target\":{\"@type\":\"EntryPoint\",\"urlTemplate\":\"https:\\\/\\\/www.upjs.sk\\\/filozoficka-fakulta\\\/?s={search_term_string}\"},\"query-input\":{\"@type\":\"PropertyValueSpecification\",\"valueRequired\":true,\"valueName\":\"search_term_string\"}}],\"inLanguage\":\"sk-SK\"},{\"@type\":\"Organization\",\"@id\":\"https:\\\/\\\/www.upjs.sk\\\/filozoficka-fakulta\\\/#organization\",\"name\":\"Filozofick\u00e1 fakulta | UPJ\u0160\",\"url\":\"https:\\\/\\\/www.upjs.sk\\\/filozoficka-fakulta\\\/\",\"logo\":{\"@type\":\"ImageObject\",\"inLanguage\":\"sk-SK\",\"@id\":\"https:\\\/\\\/www.upjs.sk\\\/filozoficka-fakulta\\\/#\\\/schema\\\/logo\\\/image\\\/\",\"url\":\"https:\\\/\\\/www.upjs.sk\\\/app\\\/uploads\\\/sites\\\/7\\\/2022\\\/09\\\/logo-filozoficka-fakulta.png\",\"contentUrl\":\"https:\\\/\\\/www.upjs.sk\\\/app\\\/uploads\\\/sites\\\/7\\\/2022\\\/09\\\/logo-filozoficka-fakulta.png\",\"width\":415,\"height\":87,\"caption\":\"Filozofick\u00e1 fakulta | UPJ\u0160\"},\"image\":{\"@id\":\"https:\\\/\\\/www.upjs.sk\\\/filozoficka-fakulta\\\/#\\\/schema\\\/logo\\\/image\\\/\"}}]}<\/script>\n<!-- \/ Yoast SEO plugin. -->","yoast_head_json":{"title":"15. v\u00fdro\u010die Filozofickej fakulty - Filozofick\u00e1 fakulta | UPJ\u0160","robots":{"index":"index","follow":"follow","max-snippet":"max-snippet:-1","max-image-preview":"max-image-preview:large","max-video-preview":"max-video-preview:-1"},"canonical":"https:\/\/www.upjs.sk\/filozoficka-fakulta\/fakulta\/dejiny\/15vyrocie-ff\/","og_locale":"sk_SK","og_type":"article","og_title":"15. v\u00fdro\u010die Filozofickej fakulty - Filozofick\u00e1 fakulta | UPJ\u0160","og_url":"https:\/\/www.upjs.sk\/filozoficka-fakulta\/fakulta\/dejiny\/15vyrocie-ff\/","og_site_name":"Filozofick\u00e1 fakulta | UPJ\u0160","article_modified_time":"2023-05-25T09:26:43+00:00","og_image":[{"width":2500,"height":2800,"url":"https:\/\/www.upjs.sk\/app\/uploads\/sites\/7\/2022\/09\/15vyrocie-FF-UPJS-logo.png","type":"image\/png"}],"twitter_card":"summary_large_image","twitter_misc":{"Predpokladan\u00fd \u010das \u010d\u00edtania":"1 min\u00fata"},"schema":{"@context":"https:\/\/schema.org","@graph":[{"@type":"WebPage","@id":"https:\/\/www.upjs.sk\/filozoficka-fakulta\/fakulta\/dejiny\/15vyrocie-ff\/","url":"https:\/\/www.upjs.sk\/filozoficka-fakulta\/fakulta\/dejiny\/15vyrocie-ff\/","name":"15. v\u00fdro\u010die Filozofickej fakulty - Filozofick\u00e1 fakulta | UPJ\u0160","isPartOf":{"@id":"https:\/\/www.upjs.sk\/filozoficka-fakulta\/#website"},"primaryImageOfPage":{"@id":"https:\/\/www.upjs.sk\/filozoficka-fakulta\/fakulta\/dejiny\/15vyrocie-ff\/#primaryimage"},"image":{"@id":"https:\/\/www.upjs.sk\/filozoficka-fakulta\/fakulta\/dejiny\/15vyrocie-ff\/#primaryimage"},"thumbnailUrl":"https:\/\/www.upjs.sk\/app\/uploads\/sites\/7\/2022\/09\/15vyrocie-FF-UPJS-logo.png","datePublished":"2022-06-08T15:51:10+00:00","dateModified":"2023-05-25T09:26:43+00:00","breadcrumb":{"@id":"https:\/\/www.upjs.sk\/filozoficka-fakulta\/fakulta\/dejiny\/15vyrocie-ff\/#breadcrumb"},"inLanguage":"sk-SK","potentialAction":[{"@type":"ReadAction","target":["https:\/\/www.upjs.sk\/filozoficka-fakulta\/fakulta\/dejiny\/15vyrocie-ff\/"]}]},{"@type":"ImageObject","inLanguage":"sk-SK","@id":"https:\/\/www.upjs.sk\/filozoficka-fakulta\/fakulta\/dejiny\/15vyrocie-ff\/#primaryimage","url":"https:\/\/www.upjs.sk\/app\/uploads\/sites\/7\/2022\/09\/15vyrocie-FF-UPJS-logo.png","contentUrl":"https:\/\/www.upjs.sk\/app\/uploads\/sites\/7\/2022\/09\/15vyrocie-FF-UPJS-logo.png","width":2500,"height":2800,"caption":"15vyrocie-FF"},{"@type":"BreadcrumbList","@id":"https:\/\/www.upjs.sk\/filozoficka-fakulta\/fakulta\/dejiny\/15vyrocie-ff\/#breadcrumb","itemListElement":[{"@type":"ListItem","position":1,"name":"Home","item":"https:\/\/www.upjs.sk\/filozoficka-fakulta\/"},{"@type":"ListItem","position":2,"name":"Fakulta","item":"https:\/\/www.upjs.sk\/filozoficka-fakulta\/fakulta\/"},{"@type":"ListItem","position":3,"name":"Dejiny fakulty","item":"https:\/\/www.upjs.sk\/filozoficka-fakulta\/fakulta\/dejiny\/"},{"@type":"ListItem","position":4,"name":"15. v\u00fdro\u010die Filozofickej fakulty"}]},{"@type":"WebSite","@id":"https:\/\/www.upjs.sk\/filozoficka-fakulta\/#website","url":"https:\/\/www.upjs.sk\/filozoficka-fakulta\/","name":"Filozofick\u00e1 fakulta | UPJ\u0160","description":"","publisher":{"@id":"https:\/\/www.upjs.sk\/filozoficka-fakulta\/#organization"},"potentialAction":[{"@type":"SearchAction","target":{"@type":"EntryPoint","urlTemplate":"https:\/\/www.upjs.sk\/filozoficka-fakulta\/?s={search_term_string}"},"query-input":{"@type":"PropertyValueSpecification","valueRequired":true,"valueName":"search_term_string"}}],"inLanguage":"sk-SK"},{"@type":"Organization","@id":"https:\/\/www.upjs.sk\/filozoficka-fakulta\/#organization","name":"Filozofick\u00e1 fakulta | UPJ\u0160","url":"https:\/\/www.upjs.sk\/filozoficka-fakulta\/","logo":{"@type":"ImageObject","inLanguage":"sk-SK","@id":"https:\/\/www.upjs.sk\/filozoficka-fakulta\/#\/schema\/logo\/image\/","url":"https:\/\/www.upjs.sk\/app\/uploads\/sites\/7\/2022\/09\/logo-filozoficka-fakulta.png","contentUrl":"https:\/\/www.upjs.sk\/app\/uploads\/sites\/7\/2022\/09\/logo-filozoficka-fakulta.png","width":415,"height":87,"caption":"Filozofick\u00e1 fakulta | UPJ\u0160"},"image":{"@id":"https:\/\/www.upjs.sk\/filozoficka-fakulta\/#\/schema\/logo\/image\/"}}]}},"_links":{"self":[{"href":"https:\/\/www.upjs.sk\/filozoficka-fakulta\/wp-json\/wp\/v2\/pages\/12454","targetHints":{"allow":["GET"]}}],"collection":[{"href":"https:\/\/www.upjs.sk\/filozoficka-fakulta\/wp-json\/wp\/v2\/pages"}],"about":[{"href":"https:\/\/www.upjs.sk\/filozoficka-fakulta\/wp-json\/wp\/v2\/types\/page"}],"author":[{"embeddable":true,"href":"https:\/\/www.upjs.sk\/filozoficka-fakulta\/wp-json\/wp\/v2\/users\/1"}],"replies":[{"embeddable":true,"href":"https:\/\/www.upjs.sk\/filozoficka-fakulta\/wp-json\/wp\/v2\/comments?post=12454"}],"version-history":[{"count":14,"href":"https:\/\/www.upjs.sk\/filozoficka-fakulta\/wp-json\/wp\/v2\/pages\/12454\/revisions"}],"predecessor-version":[{"id":42488,"href":"https:\/\/www.upjs.sk\/filozoficka-fakulta\/wp-json\/wp\/v2\/pages\/12454\/revisions\/42488"}],"up":[{"embeddable":true,"href":"https:\/\/www.upjs.sk\/filozoficka-fakulta\/wp-json\/wp\/v2\/pages\/16382"}],"wp:featuredmedia":[{"embeddable":true,"href":"https:\/\/www.upjs.sk\/filozoficka-fakulta\/wp-json\/wp\/v2\/media\/12455"}],"wp:attachment":[{"href":"https:\/\/www.upjs.sk\/filozoficka-fakulta\/wp-json\/wp\/v2\/media?parent=12454"}],"wp:term":[{"taxonomy":"category","embeddable":true,"href":"https:\/\/www.upjs.sk\/filozoficka-fakulta\/wp-json\/wp\/v2\/categories?post=12454"},{"taxonomy":"post_tag","embeddable":true,"href":"https:\/\/www.upjs.sk\/filozoficka-fakulta\/wp-json\/wp\/v2\/tags?post=12454"}],"curies":[{"name":"wp","href":"https:\/\/api.w.org\/{rel}","templated":true}]}}