{"id":12458,"date":"2021-02-05T17:20:21","date_gmt":"2021-02-05T17:20:21","guid":{"rendered":"https:\/\/www.upjs.sk\/filozoficka-fakulta\/veda-a-vyskum\/profesor-emeritus\/"},"modified":"2025-09-05T07:53:38","modified_gmt":"2025-09-05T06:53:38","slug":"profesor-emeritus","status":"publish","type":"page","link":"https:\/\/www.upjs.sk\/filozoficka-fakulta\/veda-a-vyskum\/profesor-emeritus\/","title":{"rendered":"Profesor emeritus"},"content":{"rendered":"\n<div style=\"height:20px\" aria-hidden=\"true\" class=\"wp-block-spacer\"><\/div>\n\n\n\n<p><strong><a href=\"https:\/\/intranet.upjs.sk\/op\/op.Public.php?documentid=1610\" target=\"_blank\" rel=\"noopener\">Z\u00e1sady ude\u013eovania \u010destn\u00e9ho titulu \u201eprofesor emeritus\u201c na Filozofickej fakulte UPJ\u0160 v Ko\u0161iciach<\/a><\/strong><\/p>\n\n\n\n<div style=\"height:20px\" aria-hidden=\"true\" class=\"wp-block-spacer\"><\/div>\n\n\n<style>.kadence-column12458_794e63-e3 > .kt-inside-inner-col,.kadence-column12458_794e63-e3 > .kt-inside-inner-col:before{border-top-left-radius:0px;border-top-right-radius:0px;border-bottom-right-radius:0px;border-bottom-left-radius:0px;}.kadence-column12458_794e63-e3 > .kt-inside-inner-col{column-gap:var(--global-kb-gap-sm, 1rem);}.kadence-column12458_794e63-e3 > .kt-inside-inner-col{flex-direction:column;}.kadence-column12458_794e63-e3 > .kt-inside-inner-col > .aligncenter{width:100%;}.kadence-column12458_794e63-e3 > .kt-inside-inner-col:before{opacity:0.3;}.kadence-column12458_794e63-e3{position:relative;}@media all and (max-width: 1024px){.kadence-column12458_794e63-e3 > .kt-inside-inner-col{flex-direction:column;justify-content:center;}}@media all and (max-width: 767px){.kadence-column12458_794e63-e3 > .kt-inside-inner-col{flex-direction:column;justify-content:center;}}<\/style>\n<div class=\"wp-block-kadence-column kadence-column12458_794e63-e3 inner-column-1\"><div class=\"kt-inside-inner-col\">\n<p class=\"has-text-align-center has-background\" style=\"background-color:#d6d6d680\"><strong>Zoznam profesorov, ktor\u00fdm bol na Univerzite P. J. \u0160af\u00e1rika v Ko\u0161iciach udelen\u00fd \u010destn\u00fd titul \u201eprofesor emeritus\u201c<\/strong><\/p>\n<\/div><\/div>\n\n\n\n<p>V zmysle ust. \u00a7 78 z\u00e1kona \u010d. 131\/2002 Z. z. o vysok\u00fdch \u0161kol\u00e1ch a o zmene a doplnen\u00ed niektor\u00fdch z\u00e1konov v znen\u00ed neskor\u0161\u00edch predpisov, na z\u00e1klade n\u00e1vrhu dekanky Filozofickej fakulty UPJ\u0160 v Ko\u0161iciach a po schv\u00e1len\u00ed vo Vedeckej rade UPJ\u0160 v Ko\u0161iciach bol d\u0148a 23. 5. 2025 rektorom UPJ\u0160 v Ko\u0161iciach udelen\u00fd \u010destn\u00fd titul \u201eprofesor emeritus\u201c:<\/p>\n\n\n\n<p class=\"has-text-align-center\"><strong><mark style=\"background-color:rgba(0, 0, 0, 0)\" class=\"has-inline-color has-filozoficka-f-color\">prof. PaedDr. \u0160tefanovi \u0160utajovi, DrSc.<\/mark><\/strong><br>Filozofick\u00e1 fakulta UPJ\u0160 v Ko\u0161iciach<\/p>\n\n\n<style>.wp-block-kadence-spacer.kt-block-spacer-12458_ffcab2-51 .kt-block-spacer{height:30px;}.wp-block-kadence-spacer.kt-block-spacer-12458_ffcab2-51 .kt-divider{border-top-width:1px;height:1px;border-top-color:#eee;width:80%;border-top-style:solid;}<\/style>\n<div class=\"wp-block-kadence-spacer aligncenter kt-block-spacer-12458_ffcab2-51\"><div class=\"kt-block-spacer kt-block-spacer-halign-center\"><hr class=\"kt-divider\"\/><\/div><\/div>\n\n\n\n<p>V zmysle ust. \u00a7 78 z\u00e1kona \u010d. 131\/2002 Z. z. o vysok\u00fdch \u0161kol\u00e1ch a o zmene a doplnen\u00ed niektor\u00fdch z\u00e1konov v znen\u00ed neskor\u0161\u00edch predpisov, na z\u00e1klade n\u00e1vrhu dekanky Filozofickej fakulty UPJ\u0160 v Ko\u0161iciach a po schv\u00e1len\u00ed vo Vedeckej rade UPJ\u0160 v Ko\u0161iciach bol d\u0148a 18. 10. 2024 rektorom UPJ\u0160 v Ko\u0161iciach udelen\u00fd \u010destn\u00fd titul \u201eprofesor emeritus\u201c:<\/p>\n\n\n\n<p class=\"has-text-align-center\"><strong><mark style=\"background-color:rgba(0, 0, 0, 0)\" class=\"has-inline-color has-filozoficka-f-color\">prof. PhDr. Ladislavovi Lova\u0161ovi, CSc.<\/mark><\/strong><br>Filozofick\u00e1 fakulta UPJ\u0160 v Ko\u0161iciach<\/p>\n\n\n<style>.wp-block-kadence-spacer.kt-block-spacer-12458_24428c-44 .kt-block-spacer{height:30px;}.wp-block-kadence-spacer.kt-block-spacer-12458_24428c-44 .kt-divider{border-top-width:1px;height:1px;border-top-color:#eee;width:80%;border-top-style:solid;}<\/style>\n<div class=\"wp-block-kadence-spacer aligncenter kt-block-spacer-12458_24428c-44\"><div class=\"kt-block-spacer kt-block-spacer-halign-center\"><hr class=\"kt-divider\"\/><\/div><\/div>\n\n\n\n<p>V zmysle ust. \u00a7 78 z\u00e1kona \u010d. 131\/2002 Z. z. o vysok\u00fdch \u0161kol\u00e1ch a o zmene a doplnen\u00ed niektor\u00fdch z\u00e1konov v znen\u00ed neskor\u0161\u00edch predpisov, na z\u00e1klade n\u00e1vrhu dekanky Filozofickej fakulty UPJ\u0160 v Ko\u0161iciach a po schv\u00e1len\u00ed vo Vedeckej rade UPJ\u0160 v Ko\u0161iciach bol d\u0148a 24. 5. 2024 rektorom UPJ\u0160 v Ko\u0161iciach udelen\u00fd \u010destn\u00fd titul \u201eprofesor emeritus\u201c:<\/p>\n\n\n\n<p class=\"has-text-align-center\"><strong><mark style=\"background-color:rgba(0, 0, 0, 0)\" class=\"has-inline-color has-filozoficka-f-color\">prof.&nbsp;PhDr. Eve \u017diakovej, CSc.<\/mark><\/strong><br>Filozofick\u00e1 fakulta UPJ\u0160 v Ko\u0161iciach<\/p>\n\n\n<style>.wp-block-kadence-spacer.kt-block-spacer-12458_cd6d1a-fe .kt-block-spacer{height:30px;}.wp-block-kadence-spacer.kt-block-spacer-12458_cd6d1a-fe .kt-divider{border-top-width:1px;height:1px;border-top-color:#eee;width:80%;border-top-style:solid;}<\/style>\n<div class=\"wp-block-kadence-spacer aligncenter kt-block-spacer-12458_cd6d1a-fe\"><div class=\"kt-block-spacer kt-block-spacer-halign-center\"><hr class=\"kt-divider\"\/><\/div><\/div>\n\n\n\n<p>V zmysle ust. \u00a7 78 z\u00e1kona \u010d. 131\/2002 Z. z. o vysok\u00fdch \u0161kol\u00e1ch a o zmene a doplnen\u00ed niektor\u00fdch z\u00e1konov v znen\u00ed neskor\u0161\u00edch predpisov, na z\u00e1klade n\u00e1vrhu dekanky Filozofickej fakulty UPJ\u0160 v Ko\u0161iciach a po schv\u00e1len\u00ed vo Vedeckej rade UPJ\u0160 v Ko\u0161iciach bol d\u0148a 29. 5. 2020 rektorom UPJ\u0160 v Ko\u0161iciach udelen\u00fd \u010destn\u00fd titul \u201eprofesor emeritus\u201c:<\/p>\n\n\n\n<p class=\"has-text-align-center\"><strong><mark style=\"background-color:rgba(0, 0, 0, 0)\" class=\"has-inline-color has-filozoficka-f-color\">prof. h. c. prof. PhDr. Vladim\u00edrovi Le\u0161kovi, CSc.<\/mark><\/strong><br>Filozofick\u00e1 fakulta UPJ\u0160 v Ko\u0161iciach<\/p>\n\n\n<style>.wp-block-kadence-spacer.kt-block-spacer-12458_d49c02-18 .kt-block-spacer{height:30px;}.wp-block-kadence-spacer.kt-block-spacer-12458_d49c02-18 .kt-divider{border-top-width:1px;height:1px;border-top-color:#eee;width:80%;border-top-style:solid;}<\/style>\n<div class=\"wp-block-kadence-spacer aligncenter kt-block-spacer-12458_d49c02-18\"><div class=\"kt-block-spacer kt-block-spacer-halign-center\"><hr class=\"kt-divider\"\/><\/div><\/div>\n\n\n\n<p>V zmysle ust. \u00a7 78 z\u00e1kona \u010d. 131\/2002 Z. z. o vysok\u00fdch \u0161kol\u00e1ch a o zmene a doplnen\u00ed niektor\u00fdch z\u00e1konov v znen\u00ed neskor\u0161\u00edch predpisov, na z\u00e1klade n\u00e1vrhu dekanky Filozofickej fakulty UPJ\u0160 v Ko\u0161iciach a po schv\u00e1len\u00ed vo Vedeckej rade UPJ\u0160 v Ko\u0161iciach bol d\u0148a 29. 5. 2020 rektorom UPJ\u0160 v Ko\u0161iciach udelen\u00fd \u010destn\u00fd titul \u201eprofesor emeritus\u201c:<\/p>\n\n\n\n<p class=\"has-text-align-center\"><strong><mark style=\"background-color:rgba(0, 0, 0, 0)\" class=\"has-inline-color has-filozoficka-f-color\">prof. Ing. J\u00faliusovi Zimmermannovi, CSc.<\/mark><\/strong><br>Filozofick\u00e1 fakulta UPJ\u0160 v Ko\u0161iciach<\/p>\n\n\n<style>.wp-block-kadence-spacer.kt-block-spacer-12458_234bc9-83 .kt-block-spacer{height:30px;}.wp-block-kadence-spacer.kt-block-spacer-12458_234bc9-83 .kt-divider{border-top-width:1px;height:1px;border-top-color:#eee;width:80%;border-top-style:solid;}<\/style>\n<div class=\"wp-block-kadence-spacer aligncenter kt-block-spacer-12458_234bc9-83\"><div class=\"kt-block-spacer kt-block-spacer-halign-center\"><hr class=\"kt-divider\"\/><\/div><\/div>\n\n\n\n<p>V zmysle ust. \u00a7 78 z\u00e1kona \u010d. 131\/2002 Z. z. o vysok\u00fdch \u0161kol\u00e1ch a o zmene a doplnen\u00ed niektor\u00fdch z\u00e1konov v znen\u00ed neskor\u0161\u00edch predpisov, na z\u00e1klade n\u00e1vrhu dekanky Filozofickej fakulty UPJ\u0160 v Ko\u0161iciach a po schv\u00e1len\u00ed vo Vedeckej rade UPJ\u0160 v Ko\u0161iciach bol d\u0148a 10. 3. 2017 rektorom UPJ\u0160 v Ko\u0161iciach udelen\u00fd \u010destn\u00fd titul \u201eprofesor emeritus\u201c:<\/p>\n\n\n\n<p class=\"has-text-align-center\"><strong><mark style=\"background-color:rgba(0, 0, 0, 0)\" class=\"has-inline-color has-filozoficka-f-color\">Dr. h. c. prof. PhDr. J\u00e1novi Sabolovi, DrSc.<\/mark><\/strong><br>Filozofick\u00e1 fakulta UPJ\u0160 v Ko\u0161iciach<\/p>\n","protected":false},"excerpt":{"rendered":"<p>Z\u00e1sady ude\u013eovania \u010destn\u00e9ho titulu \u201eprofesor emeritus\u201c na Filozofickej fakulte UPJ\u0160 v Ko\u0161iciach Zoznam profesorov, ktor\u00fdm bol na Univerzite P. J. \u0160af\u00e1rika v Ko\u0161iciach udelen\u00fd \u010destn\u00fd titul \u201eprofesor emeritus\u201c V zmysle ust. \u00a7 78 z\u00e1kona \u010d. 131\/2002 Z. z. o vysok\u00fdch \u0161kol\u00e1ch a o zmene a doplnen\u00ed niektor\u00fdch z\u00e1konov v znen\u00ed neskor\u0161\u00edch predpisov, na z\u00e1klade n\u00e1vrhu &hellip; <a href=\"https:\/\/www.upjs.sk\/filozoficka-fakulta\/veda-a-vyskum\/profesor-emeritus\/\">\u010c\u00edta\u0165 \u010falej<\/a><\/p>\n","protected":false},"author":1,"featured_media":0,"parent":16446,"menu_order":7,"comment_status":"closed","ping_status":"closed","template":"","meta":{"_acf_changed":false,"_editorskit_title_hidden":false,"_editorskit_reading_time":1,"_editorskit_is_block_options_detached":false,"_editorskit_block_options_position":"{}","footnotes":""},"categories":[],"tags":[],"class_list":["post-12458","page","type-page","status-publish","hentry"],"acf":{"acf_link_na_externy_obsah":""},"yoast_head":"<!-- This site is optimized with the Yoast SEO plugin v27.4 - https:\/\/yoast.com\/product\/yoast-seo-wordpress\/ -->\n<title>Profesor emeritus - Filozofick\u00e1 fakulta | UPJ\u0160<\/title>\n<meta name=\"robots\" content=\"index, follow, max-snippet:-1, max-image-preview:large, max-video-preview:-1\" \/>\n<link rel=\"canonical\" href=\"https:\/\/www.upjs.sk\/filozoficka-fakulta\/veda-a-vyskum\/profesor-emeritus\/\" \/>\n<meta property=\"og:locale\" content=\"sk_SK\" \/>\n<meta property=\"og:type\" content=\"article\" \/>\n<meta property=\"og:title\" content=\"Profesor emeritus - Filozofick\u00e1 fakulta | UPJ\u0160\" \/>\n<meta property=\"og:description\" content=\"Z\u00e1sady ude\u013eovania \u010destn\u00e9ho titulu \u201eprofesor emeritus\u201c na Filozofickej fakulte UPJ\u0160 v Ko\u0161iciach Zoznam profesorov, ktor\u00fdm bol na Univerzite P. J. \u0160af\u00e1rika v Ko\u0161iciach udelen\u00fd \u010destn\u00fd titul \u201eprofesor emeritus\u201c V zmysle ust. \u00a7 78 z\u00e1kona \u010d. 131\/2002 Z. z. o vysok\u00fdch \u0161kol\u00e1ch a o zmene a doplnen\u00ed niektor\u00fdch z\u00e1konov v znen\u00ed neskor\u0161\u00edch predpisov, na z\u00e1klade n\u00e1vrhu &hellip; \u010c\u00edta\u0165 \u010falej\" \/>\n<meta property=\"og:url\" content=\"https:\/\/www.upjs.sk\/filozoficka-fakulta\/veda-a-vyskum\/profesor-emeritus\/\" \/>\n<meta property=\"og:site_name\" content=\"Filozofick\u00e1 fakulta | UPJ\u0160\" \/>\n<meta property=\"article:modified_time\" content=\"2025-09-05T06:53:38+00:00\" \/>\n<meta name=\"twitter:card\" content=\"summary_large_image\" \/>\n<meta name=\"twitter:label1\" content=\"Predpokladan\u00fd \u010das \u010d\u00edtania\" \/>\n\t<meta name=\"twitter:data1\" content=\"3 min\u00faty\" \/>\n<script type=\"application\/ld+json\" class=\"yoast-schema-graph\">{\"@context\":\"https:\\\/\\\/schema.org\",\"@graph\":[{\"@type\":\"WebPage\",\"@id\":\"https:\\\/\\\/www.upjs.sk\\\/filozoficka-fakulta\\\/veda-a-vyskum\\\/profesor-emeritus\\\/\",\"url\":\"https:\\\/\\\/www.upjs.sk\\\/filozoficka-fakulta\\\/veda-a-vyskum\\\/profesor-emeritus\\\/\",\"name\":\"Profesor emeritus - Filozofick\u00e1 fakulta | UPJ\u0160\",\"isPartOf\":{\"@id\":\"https:\\\/\\\/www.upjs.sk\\\/filozoficka-fakulta\\\/#website\"},\"datePublished\":\"2021-02-05T17:20:21+00:00\",\"dateModified\":\"2025-09-05T06:53:38+00:00\",\"breadcrumb\":{\"@id\":\"https:\\\/\\\/www.upjs.sk\\\/filozoficka-fakulta\\\/veda-a-vyskum\\\/profesor-emeritus\\\/#breadcrumb\"},\"inLanguage\":\"sk-SK\",\"potentialAction\":[{\"@type\":\"ReadAction\",\"target\":[\"https:\\\/\\\/www.upjs.sk\\\/filozoficka-fakulta\\\/veda-a-vyskum\\\/profesor-emeritus\\\/\"]}]},{\"@type\":\"BreadcrumbList\",\"@id\":\"https:\\\/\\\/www.upjs.sk\\\/filozoficka-fakulta\\\/veda-a-vyskum\\\/profesor-emeritus\\\/#breadcrumb\",\"itemListElement\":[{\"@type\":\"ListItem\",\"position\":1,\"name\":\"Home\",\"item\":\"https:\\\/\\\/www.upjs.sk\\\/filozoficka-fakulta\\\/\"},{\"@type\":\"ListItem\",\"position\":2,\"name\":\"Veda a v\u00fdskum\",\"item\":\"https:\\\/\\\/www.upjs.sk\\\/filozoficka-fakulta\\\/veda-a-vyskum\\\/\"},{\"@type\":\"ListItem\",\"position\":3,\"name\":\"Profesor emeritus\"}]},{\"@type\":\"WebSite\",\"@id\":\"https:\\\/\\\/www.upjs.sk\\\/filozoficka-fakulta\\\/#website\",\"url\":\"https:\\\/\\\/www.upjs.sk\\\/filozoficka-fakulta\\\/\",\"name\":\"Filozofick\u00e1 fakulta | UPJ\u0160\",\"description\":\"\",\"publisher\":{\"@id\":\"https:\\\/\\\/www.upjs.sk\\\/filozoficka-fakulta\\\/#organization\"},\"potentialAction\":[{\"@type\":\"SearchAction\",\"target\":{\"@type\":\"EntryPoint\",\"urlTemplate\":\"https:\\\/\\\/www.upjs.sk\\\/filozoficka-fakulta\\\/?s={search_term_string}\"},\"query-input\":{\"@type\":\"PropertyValueSpecification\",\"valueRequired\":true,\"valueName\":\"search_term_string\"}}],\"inLanguage\":\"sk-SK\"},{\"@type\":\"Organization\",\"@id\":\"https:\\\/\\\/www.upjs.sk\\\/filozoficka-fakulta\\\/#organization\",\"name\":\"Filozofick\u00e1 fakulta | UPJ\u0160\",\"url\":\"https:\\\/\\\/www.upjs.sk\\\/filozoficka-fakulta\\\/\",\"logo\":{\"@type\":\"ImageObject\",\"inLanguage\":\"sk-SK\",\"@id\":\"https:\\\/\\\/www.upjs.sk\\\/filozoficka-fakulta\\\/#\\\/schema\\\/logo\\\/image\\\/\",\"url\":\"https:\\\/\\\/www.upjs.sk\\\/app\\\/uploads\\\/sites\\\/7\\\/2022\\\/09\\\/logo-filozoficka-fakulta.png\",\"contentUrl\":\"https:\\\/\\\/www.upjs.sk\\\/app\\\/uploads\\\/sites\\\/7\\\/2022\\\/09\\\/logo-filozoficka-fakulta.png\",\"width\":415,\"height\":87,\"caption\":\"Filozofick\u00e1 fakulta | UPJ\u0160\"},\"image\":{\"@id\":\"https:\\\/\\\/www.upjs.sk\\\/filozoficka-fakulta\\\/#\\\/schema\\\/logo\\\/image\\\/\"}}]}<\/script>\n<!-- \/ Yoast SEO plugin. -->","yoast_head_json":{"title":"Profesor emeritus - Filozofick\u00e1 fakulta | UPJ\u0160","robots":{"index":"index","follow":"follow","max-snippet":"max-snippet:-1","max-image-preview":"max-image-preview:large","max-video-preview":"max-video-preview:-1"},"canonical":"https:\/\/www.upjs.sk\/filozoficka-fakulta\/veda-a-vyskum\/profesor-emeritus\/","og_locale":"sk_SK","og_type":"article","og_title":"Profesor emeritus - Filozofick\u00e1 fakulta | UPJ\u0160","og_description":"Z\u00e1sady ude\u013eovania \u010destn\u00e9ho titulu \u201eprofesor emeritus\u201c na Filozofickej fakulte UPJ\u0160 v Ko\u0161iciach Zoznam profesorov, ktor\u00fdm bol na Univerzite P. J. \u0160af\u00e1rika v Ko\u0161iciach udelen\u00fd \u010destn\u00fd titul \u201eprofesor emeritus\u201c V zmysle ust. \u00a7 78 z\u00e1kona \u010d. 131\/2002 Z. z. o vysok\u00fdch \u0161kol\u00e1ch a o zmene a doplnen\u00ed niektor\u00fdch z\u00e1konov v znen\u00ed neskor\u0161\u00edch predpisov, na z\u00e1klade n\u00e1vrhu &hellip; \u010c\u00edta\u0165 \u010falej","og_url":"https:\/\/www.upjs.sk\/filozoficka-fakulta\/veda-a-vyskum\/profesor-emeritus\/","og_site_name":"Filozofick\u00e1 fakulta | UPJ\u0160","article_modified_time":"2025-09-05T06:53:38+00:00","twitter_card":"summary_large_image","twitter_misc":{"Predpokladan\u00fd \u010das \u010d\u00edtania":"3 min\u00faty"},"schema":{"@context":"https:\/\/schema.org","@graph":[{"@type":"WebPage","@id":"https:\/\/www.upjs.sk\/filozoficka-fakulta\/veda-a-vyskum\/profesor-emeritus\/","url":"https:\/\/www.upjs.sk\/filozoficka-fakulta\/veda-a-vyskum\/profesor-emeritus\/","name":"Profesor emeritus - Filozofick\u00e1 fakulta | UPJ\u0160","isPartOf":{"@id":"https:\/\/www.upjs.sk\/filozoficka-fakulta\/#website"},"datePublished":"2021-02-05T17:20:21+00:00","dateModified":"2025-09-05T06:53:38+00:00","breadcrumb":{"@id":"https:\/\/www.upjs.sk\/filozoficka-fakulta\/veda-a-vyskum\/profesor-emeritus\/#breadcrumb"},"inLanguage":"sk-SK","potentialAction":[{"@type":"ReadAction","target":["https:\/\/www.upjs.sk\/filozoficka-fakulta\/veda-a-vyskum\/profesor-emeritus\/"]}]},{"@type":"BreadcrumbList","@id":"https:\/\/www.upjs.sk\/filozoficka-fakulta\/veda-a-vyskum\/profesor-emeritus\/#breadcrumb","itemListElement":[{"@type":"ListItem","position":1,"name":"Home","item":"https:\/\/www.upjs.sk\/filozoficka-fakulta\/"},{"@type":"ListItem","position":2,"name":"Veda a v\u00fdskum","item":"https:\/\/www.upjs.sk\/filozoficka-fakulta\/veda-a-vyskum\/"},{"@type":"ListItem","position":3,"name":"Profesor emeritus"}]},{"@type":"WebSite","@id":"https:\/\/www.upjs.sk\/filozoficka-fakulta\/#website","url":"https:\/\/www.upjs.sk\/filozoficka-fakulta\/","name":"Filozofick\u00e1 fakulta | UPJ\u0160","description":"","publisher":{"@id":"https:\/\/www.upjs.sk\/filozoficka-fakulta\/#organization"},"potentialAction":[{"@type":"SearchAction","target":{"@type":"EntryPoint","urlTemplate":"https:\/\/www.upjs.sk\/filozoficka-fakulta\/?s={search_term_string}"},"query-input":{"@type":"PropertyValueSpecification","valueRequired":true,"valueName":"search_term_string"}}],"inLanguage":"sk-SK"},{"@type":"Organization","@id":"https:\/\/www.upjs.sk\/filozoficka-fakulta\/#organization","name":"Filozofick\u00e1 fakulta | UPJ\u0160","url":"https:\/\/www.upjs.sk\/filozoficka-fakulta\/","logo":{"@type":"ImageObject","inLanguage":"sk-SK","@id":"https:\/\/www.upjs.sk\/filozoficka-fakulta\/#\/schema\/logo\/image\/","url":"https:\/\/www.upjs.sk\/app\/uploads\/sites\/7\/2022\/09\/logo-filozoficka-fakulta.png","contentUrl":"https:\/\/www.upjs.sk\/app\/uploads\/sites\/7\/2022\/09\/logo-filozoficka-fakulta.png","width":415,"height":87,"caption":"Filozofick\u00e1 fakulta | UPJ\u0160"},"image":{"@id":"https:\/\/www.upjs.sk\/filozoficka-fakulta\/#\/schema\/logo\/image\/"}}]}},"_links":{"self":[{"href":"https:\/\/www.upjs.sk\/filozoficka-fakulta\/wp-json\/wp\/v2\/pages\/12458","targetHints":{"allow":["GET"]}}],"collection":[{"href":"https:\/\/www.upjs.sk\/filozoficka-fakulta\/wp-json\/wp\/v2\/pages"}],"about":[{"href":"https:\/\/www.upjs.sk\/filozoficka-fakulta\/wp-json\/wp\/v2\/types\/page"}],"author":[{"embeddable":true,"href":"https:\/\/www.upjs.sk\/filozoficka-fakulta\/wp-json\/wp\/v2\/users\/1"}],"replies":[{"embeddable":true,"href":"https:\/\/www.upjs.sk\/filozoficka-fakulta\/wp-json\/wp\/v2\/comments?post=12458"}],"version-history":[{"count":17,"href":"https:\/\/www.upjs.sk\/filozoficka-fakulta\/wp-json\/wp\/v2\/pages\/12458\/revisions"}],"predecessor-version":[{"id":56298,"href":"https:\/\/www.upjs.sk\/filozoficka-fakulta\/wp-json\/wp\/v2\/pages\/12458\/revisions\/56298"}],"up":[{"embeddable":true,"href":"https:\/\/www.upjs.sk\/filozoficka-fakulta\/wp-json\/wp\/v2\/pages\/16446"}],"wp:attachment":[{"href":"https:\/\/www.upjs.sk\/filozoficka-fakulta\/wp-json\/wp\/v2\/media?parent=12458"}],"wp:term":[{"taxonomy":"category","embeddable":true,"href":"https:\/\/www.upjs.sk\/filozoficka-fakulta\/wp-json\/wp\/v2\/categories?post=12458"},{"taxonomy":"post_tag","embeddable":true,"href":"https:\/\/www.upjs.sk\/filozoficka-fakulta\/wp-json\/wp\/v2\/tags?post=12458"}],"curies":[{"name":"wp","href":"https:\/\/api.w.org\/{rel}","templated":true}]}}