{"id":16361,"date":"2022-04-28T10:50:03","date_gmt":"2022-04-28T10:50:03","guid":{"rendered":"https:\/\/www.upjs.sk\/filozoficka-fakulta\/info-pre-zamestnancov\/"},"modified":"2022-11-13T21:31:59","modified_gmt":"2022-11-13T20:31:59","slug":"info-pre-zamestnancov","status":"publish","type":"page","link":"https:\/\/www.upjs.sk\/filozoficka-fakulta\/info-pre-zamestnancov\/","title":{"rendered":"Inform\u00e1cie pre zamestnancov"},"content":{"rendered":"<p>\u00a0<\/p>\n<ul>\n<li><a href=\"\/filozoficka-fakulta\/fakulta\/dokumenty\" target=\"_blank\" rel=\"noopener\">Dokumenty<\/a><\/li>\n<\/ul>\n<ul>\n<li><a href=\"https:\/\/intranet.upjs.sk\/op\/op.Public.php?documentid=5664\" target=\"_blank\" rel=\"noopener\">Harmonogram akademick\u00e9ho roka<\/a><\/li>\n<\/ul>\n<ul>\n<li><a href=\"\/filozoficka-fakulta\/info-pre-zamestnancov\/terminy-zasadnuti\" target=\"_blank\" rel=\"noopener\">Term\u00edny zasadnut\u00ed org\u00e1nov fakulty<\/a><\/li>\n<\/ul>\n<ul>\n<li><a href=\"\/filozoficka-fakulta\/info-pre-zamestnancov\/oznamy\" target=\"_blank\" rel=\"noopener\">Oznamy<\/a>\u00a0<strong><span style=\"color:#ff0000\"><span style=\"font-size:10px\">nov\u00e9!<\/span><\/span><\/strong><\/li>\n<\/ul>\n<ul>\n<li><a href=\"\/zamestnanci\/el-vyplatna-paska\" target=\"_blank\" rel=\"noopener\">Elektronick\u00e1\u00a0v\u00fdplatn\u00e1\u00a0p\u00e1ska<\/a><\/li>\n<\/ul>\n<ul>\n<li><a href=\"\/zamestnanci\/stravovanie\" target=\"_blank\" rel=\"noopener\">Stravovanie<\/a><\/li>\n<\/ul>\n<ul>\n<li>ITIC\n<ul>\n<li><a href=\"\/pracoviska\/ciakt\/aio\" target=\"_blank\" rel=\"noopener\">Spr\u00e1va AIO<\/a><\/li>\n<li><a href=\"http:\/\/www.itic.sk\/index.php?option=com_zlavy&#038;Itemid=3\" target=\"_blank\" rel=\"noopener\">Zoznam zliav<\/a><\/li>\n<\/ul>\n<\/li>\n<\/ul>\n<ul>\n<li>V\u00fdberov\u00e9 konania\n<ul>\n<li><a href=\"\/filozoficka-fakulta\/info-pre-verejnost-a-media\/vk-ucitelia\/\" target=\"_blank\" rel=\"noopener\">V\u00fdberov\u00e9 konania na obsadzovanie miest vysoko\u0161kolsk\u00fdch u\u010dite\u013eov<\/a><\/li>\n<li><a href=\"\/filozoficka-fakulta\/info-pre-verejnost-a-media\/vk-ostatne\/\" target=\"_blank\" rel=\"noopener\">Ostatn\u00e9 v\u00fdberov\u00e9 konania<\/a><\/li>\n<\/ul>\n<\/li>\n<\/ul>\n<ul>\n<li style=\"text-align: justify;\"><a href=\"https:\/\/intranet.upjs.sk\/op\/op.Public.php?documentid=5745\" target=\"_blank\" rel=\"noopener\">V\u0161eobecn\u00e9 krit\u00e9ri\u00e1 na obsadzovanie funkci\u00ed profesorov alebo funkci\u00ed docentov na FF UPJ\u0160 v Ko\u0161iciach<\/a> &#8211; platn\u00e9 a \u00fa\u010dinn\u00e9 od 1. 10. 2021<\/li>\n<li style=\"text-align: justify;\"><a href=\"https:\/\/intranet.upjs.sk\/op\/op.Public.php?documentid=4425\" target=\"_blank\" rel=\"noopener\">Konkr\u00e9tne podmienky na obsadzovanie funk\u010dn\u00fdch miest profesorov v \u0161tudijn\u00fdch odboroch filol\u00f3gia, politick\u00e9 vedy, psychol\u00f3gia, filozofia, historick\u00e9 vedy a soci\u00e1lna pr\u00e1ca na FF UPJ\u0160 v Ko\u0161iciach<\/a> &#8211; platn\u00e9 a \u00fa\u010dinn\u00e9 od 11. 3. 2022<\/li>\n<li style=\"text-align: justify;\"><a href=\"https:\/\/intranet.upjs.sk\/op\/op.Public.php?documentid=5747\" target=\"_blank\" rel=\"noopener\">Konkr\u00e9tne podmienky na obsadzovanie funk\u010dn\u00fdch miest docentov v \u0161tudijn\u00fdch odboroch filol\u00f3gia, politick\u00e9 vedy, psychol\u00f3gia, filozofia, historick\u00e9 vedy a soci\u00e1lna pr\u00e1ca na FF UPJ\u0160 v Ko\u0161iciach<\/a> &#8211; platn\u00e9 a \u00fa\u010dinn\u00e9 od 18. 2. 2022<\/li>\n<\/ul>\n<p style=\"text-align:justify\">\u00a0<\/p>\n","protected":false},"excerpt":{"rendered":"<p>\u00a0 Dokumenty Harmonogram akademick\u00e9ho roka Term\u00edny zasadnut\u00ed org\u00e1nov fakulty Oznamy\u00a0nov\u00e9! Elektronick\u00e1\u00a0v\u00fdplatn\u00e1\u00a0p\u00e1ska Stravovanie ITIC Spr\u00e1va AIO Zoznam zliav V\u00fdberov\u00e9 konania V\u00fdberov\u00e9 konania na obsadzovanie miest vysoko\u0161kolsk\u00fdch u\u010dite\u013eov Ostatn\u00e9 v\u00fdberov\u00e9 konania V\u0161eobecn\u00e9 krit\u00e9ri\u00e1 na obsadzovanie funkci\u00ed profesorov alebo funkci\u00ed docentov na FF UPJ\u0160 v Ko\u0161iciach &#8211; platn\u00e9 a \u00fa\u010dinn\u00e9 od 1. 10. 2021 Konkr\u00e9tne podmienky na obsadzovanie &hellip; <a href=\"https:\/\/www.upjs.sk\/filozoficka-fakulta\/info-pre-zamestnancov\/\">\u010c\u00edta\u0165 \u010falej<\/a><\/p>\n","protected":false},"author":1,"featured_media":0,"parent":0,"menu_order":21,"comment_status":"closed","ping_status":"closed","template":"","meta":{"_acf_changed":false,"_editorskit_title_hidden":false,"_editorskit_reading_time":0,"_editorskit_is_block_options_detached":false,"_editorskit_block_options_position":"{}","footnotes":""},"categories":[],"tags":[],"class_list":["post-16361","page","type-page","status-publish","hentry"],"acf":{"acf_link_na_externy_obsah":""},"yoast_head":"<!-- This site is optimized with the Yoast SEO plugin v27.4 - https:\/\/yoast.com\/product\/yoast-seo-wordpress\/ -->\n<title>Inform\u00e1cie pre zamestnancov - Filozofick\u00e1 fakulta | UPJ\u0160<\/title>\n<meta name=\"robots\" content=\"index, follow, max-snippet:-1, max-image-preview:large, max-video-preview:-1\" \/>\n<link rel=\"canonical\" href=\"https:\/\/www.upjs.sk\/filozoficka-fakulta\/info-pre-zamestnancov\/\" \/>\n<meta property=\"og:locale\" content=\"sk_SK\" \/>\n<meta property=\"og:type\" content=\"article\" \/>\n<meta property=\"og:title\" content=\"Inform\u00e1cie pre zamestnancov - Filozofick\u00e1 fakulta | UPJ\u0160\" \/>\n<meta property=\"og:description\" content=\"\u00a0 Dokumenty Harmonogram akademick\u00e9ho roka Term\u00edny zasadnut\u00ed org\u00e1nov fakulty Oznamy\u00a0nov\u00e9! Elektronick\u00e1\u00a0v\u00fdplatn\u00e1\u00a0p\u00e1ska Stravovanie ITIC Spr\u00e1va AIO Zoznam zliav V\u00fdberov\u00e9 konania V\u00fdberov\u00e9 konania na obsadzovanie miest vysoko\u0161kolsk\u00fdch u\u010dite\u013eov Ostatn\u00e9 v\u00fdberov\u00e9 konania V\u0161eobecn\u00e9 krit\u00e9ri\u00e1 na obsadzovanie funkci\u00ed profesorov alebo funkci\u00ed docentov na FF UPJ\u0160 v Ko\u0161iciach &#8211; platn\u00e9 a \u00fa\u010dinn\u00e9 od 1. 10. 2021 Konkr\u00e9tne podmienky na obsadzovanie &hellip; \u010c\u00edta\u0165 \u010falej\" \/>\n<meta property=\"og:url\" content=\"https:\/\/www.upjs.sk\/filozoficka-fakulta\/info-pre-zamestnancov\/\" \/>\n<meta property=\"og:site_name\" content=\"Filozofick\u00e1 fakulta | UPJ\u0160\" \/>\n<meta property=\"article:modified_time\" content=\"2022-11-13T20:31:59+00:00\" \/>\n<meta name=\"twitter:card\" content=\"summary_large_image\" \/>\n<meta name=\"twitter:label1\" content=\"Predpokladan\u00fd \u010das \u010d\u00edtania\" \/>\n\t<meta name=\"twitter:data1\" content=\"1 min\u00fata\" \/>\n<script type=\"application\/ld+json\" class=\"yoast-schema-graph\">{\"@context\":\"https:\\\/\\\/schema.org\",\"@graph\":[{\"@type\":\"WebPage\",\"@id\":\"https:\\\/\\\/www.upjs.sk\\\/filozoficka-fakulta\\\/info-pre-zamestnancov\\\/\",\"url\":\"https:\\\/\\\/www.upjs.sk\\\/filozoficka-fakulta\\\/info-pre-zamestnancov\\\/\",\"name\":\"Inform\u00e1cie pre zamestnancov - Filozofick\u00e1 fakulta | UPJ\u0160\",\"isPartOf\":{\"@id\":\"https:\\\/\\\/www.upjs.sk\\\/filozoficka-fakulta\\\/#website\"},\"datePublished\":\"2022-04-28T10:50:03+00:00\",\"dateModified\":\"2022-11-13T20:31:59+00:00\",\"breadcrumb\":{\"@id\":\"https:\\\/\\\/www.upjs.sk\\\/filozoficka-fakulta\\\/info-pre-zamestnancov\\\/#breadcrumb\"},\"inLanguage\":\"sk-SK\",\"potentialAction\":[{\"@type\":\"ReadAction\",\"target\":[\"https:\\\/\\\/www.upjs.sk\\\/filozoficka-fakulta\\\/info-pre-zamestnancov\\\/\"]}]},{\"@type\":\"BreadcrumbList\",\"@id\":\"https:\\\/\\\/www.upjs.sk\\\/filozoficka-fakulta\\\/info-pre-zamestnancov\\\/#breadcrumb\",\"itemListElement\":[{\"@type\":\"ListItem\",\"position\":1,\"name\":\"Home\",\"item\":\"https:\\\/\\\/www.upjs.sk\\\/filozoficka-fakulta\\\/\"},{\"@type\":\"ListItem\",\"position\":2,\"name\":\"Inform\u00e1cie pre zamestnancov\"}]},{\"@type\":\"WebSite\",\"@id\":\"https:\\\/\\\/www.upjs.sk\\\/filozoficka-fakulta\\\/#website\",\"url\":\"https:\\\/\\\/www.upjs.sk\\\/filozoficka-fakulta\\\/\",\"name\":\"Filozofick\u00e1 fakulta | UPJ\u0160\",\"description\":\"\",\"publisher\":{\"@id\":\"https:\\\/\\\/www.upjs.sk\\\/filozoficka-fakulta\\\/#organization\"},\"potentialAction\":[{\"@type\":\"SearchAction\",\"target\":{\"@type\":\"EntryPoint\",\"urlTemplate\":\"https:\\\/\\\/www.upjs.sk\\\/filozoficka-fakulta\\\/?s={search_term_string}\"},\"query-input\":{\"@type\":\"PropertyValueSpecification\",\"valueRequired\":true,\"valueName\":\"search_term_string\"}}],\"inLanguage\":\"sk-SK\"},{\"@type\":\"Organization\",\"@id\":\"https:\\\/\\\/www.upjs.sk\\\/filozoficka-fakulta\\\/#organization\",\"name\":\"Filozofick\u00e1 fakulta | UPJ\u0160\",\"url\":\"https:\\\/\\\/www.upjs.sk\\\/filozoficka-fakulta\\\/\",\"logo\":{\"@type\":\"ImageObject\",\"inLanguage\":\"sk-SK\",\"@id\":\"https:\\\/\\\/www.upjs.sk\\\/filozoficka-fakulta\\\/#\\\/schema\\\/logo\\\/image\\\/\",\"url\":\"https:\\\/\\\/www.upjs.sk\\\/app\\\/uploads\\\/sites\\\/7\\\/2022\\\/09\\\/logo-filozoficka-fakulta.png\",\"contentUrl\":\"https:\\\/\\\/www.upjs.sk\\\/app\\\/uploads\\\/sites\\\/7\\\/2022\\\/09\\\/logo-filozoficka-fakulta.png\",\"width\":415,\"height\":87,\"caption\":\"Filozofick\u00e1 fakulta | UPJ\u0160\"},\"image\":{\"@id\":\"https:\\\/\\\/www.upjs.sk\\\/filozoficka-fakulta\\\/#\\\/schema\\\/logo\\\/image\\\/\"}}]}<\/script>\n<!-- \/ Yoast SEO plugin. -->","yoast_head_json":{"title":"Inform\u00e1cie pre zamestnancov - Filozofick\u00e1 fakulta | UPJ\u0160","robots":{"index":"index","follow":"follow","max-snippet":"max-snippet:-1","max-image-preview":"max-image-preview:large","max-video-preview":"max-video-preview:-1"},"canonical":"https:\/\/www.upjs.sk\/filozoficka-fakulta\/info-pre-zamestnancov\/","og_locale":"sk_SK","og_type":"article","og_title":"Inform\u00e1cie pre zamestnancov - Filozofick\u00e1 fakulta | UPJ\u0160","og_description":"\u00a0 Dokumenty Harmonogram akademick\u00e9ho roka Term\u00edny zasadnut\u00ed org\u00e1nov fakulty Oznamy\u00a0nov\u00e9! Elektronick\u00e1\u00a0v\u00fdplatn\u00e1\u00a0p\u00e1ska Stravovanie ITIC Spr\u00e1va AIO Zoznam zliav V\u00fdberov\u00e9 konania V\u00fdberov\u00e9 konania na obsadzovanie miest vysoko\u0161kolsk\u00fdch u\u010dite\u013eov Ostatn\u00e9 v\u00fdberov\u00e9 konania V\u0161eobecn\u00e9 krit\u00e9ri\u00e1 na obsadzovanie funkci\u00ed profesorov alebo funkci\u00ed docentov na FF UPJ\u0160 v Ko\u0161iciach &#8211; platn\u00e9 a \u00fa\u010dinn\u00e9 od 1. 10. 2021 Konkr\u00e9tne podmienky na obsadzovanie &hellip; \u010c\u00edta\u0165 \u010falej","og_url":"https:\/\/www.upjs.sk\/filozoficka-fakulta\/info-pre-zamestnancov\/","og_site_name":"Filozofick\u00e1 fakulta | UPJ\u0160","article_modified_time":"2022-11-13T20:31:59+00:00","twitter_card":"summary_large_image","twitter_misc":{"Predpokladan\u00fd \u010das \u010d\u00edtania":"1 min\u00fata"},"schema":{"@context":"https:\/\/schema.org","@graph":[{"@type":"WebPage","@id":"https:\/\/www.upjs.sk\/filozoficka-fakulta\/info-pre-zamestnancov\/","url":"https:\/\/www.upjs.sk\/filozoficka-fakulta\/info-pre-zamestnancov\/","name":"Inform\u00e1cie pre zamestnancov - Filozofick\u00e1 fakulta | UPJ\u0160","isPartOf":{"@id":"https:\/\/www.upjs.sk\/filozoficka-fakulta\/#website"},"datePublished":"2022-04-28T10:50:03+00:00","dateModified":"2022-11-13T20:31:59+00:00","breadcrumb":{"@id":"https:\/\/www.upjs.sk\/filozoficka-fakulta\/info-pre-zamestnancov\/#breadcrumb"},"inLanguage":"sk-SK","potentialAction":[{"@type":"ReadAction","target":["https:\/\/www.upjs.sk\/filozoficka-fakulta\/info-pre-zamestnancov\/"]}]},{"@type":"BreadcrumbList","@id":"https:\/\/www.upjs.sk\/filozoficka-fakulta\/info-pre-zamestnancov\/#breadcrumb","itemListElement":[{"@type":"ListItem","position":1,"name":"Home","item":"https:\/\/www.upjs.sk\/filozoficka-fakulta\/"},{"@type":"ListItem","position":2,"name":"Inform\u00e1cie pre zamestnancov"}]},{"@type":"WebSite","@id":"https:\/\/www.upjs.sk\/filozoficka-fakulta\/#website","url":"https:\/\/www.upjs.sk\/filozoficka-fakulta\/","name":"Filozofick\u00e1 fakulta | UPJ\u0160","description":"","publisher":{"@id":"https:\/\/www.upjs.sk\/filozoficka-fakulta\/#organization"},"potentialAction":[{"@type":"SearchAction","target":{"@type":"EntryPoint","urlTemplate":"https:\/\/www.upjs.sk\/filozoficka-fakulta\/?s={search_term_string}"},"query-input":{"@type":"PropertyValueSpecification","valueRequired":true,"valueName":"search_term_string"}}],"inLanguage":"sk-SK"},{"@type":"Organization","@id":"https:\/\/www.upjs.sk\/filozoficka-fakulta\/#organization","name":"Filozofick\u00e1 fakulta | UPJ\u0160","url":"https:\/\/www.upjs.sk\/filozoficka-fakulta\/","logo":{"@type":"ImageObject","inLanguage":"sk-SK","@id":"https:\/\/www.upjs.sk\/filozoficka-fakulta\/#\/schema\/logo\/image\/","url":"https:\/\/www.upjs.sk\/app\/uploads\/sites\/7\/2022\/09\/logo-filozoficka-fakulta.png","contentUrl":"https:\/\/www.upjs.sk\/app\/uploads\/sites\/7\/2022\/09\/logo-filozoficka-fakulta.png","width":415,"height":87,"caption":"Filozofick\u00e1 fakulta | UPJ\u0160"},"image":{"@id":"https:\/\/www.upjs.sk\/filozoficka-fakulta\/#\/schema\/logo\/image\/"}}]}},"_links":{"self":[{"href":"https:\/\/www.upjs.sk\/filozoficka-fakulta\/wp-json\/wp\/v2\/pages\/16361","targetHints":{"allow":["GET"]}}],"collection":[{"href":"https:\/\/www.upjs.sk\/filozoficka-fakulta\/wp-json\/wp\/v2\/pages"}],"about":[{"href":"https:\/\/www.upjs.sk\/filozoficka-fakulta\/wp-json\/wp\/v2\/types\/page"}],"author":[{"embeddable":true,"href":"https:\/\/www.upjs.sk\/filozoficka-fakulta\/wp-json\/wp\/v2\/users\/1"}],"replies":[{"embeddable":true,"href":"https:\/\/www.upjs.sk\/filozoficka-fakulta\/wp-json\/wp\/v2\/comments?post=16361"}],"version-history":[{"count":1,"href":"https:\/\/www.upjs.sk\/filozoficka-fakulta\/wp-json\/wp\/v2\/pages\/16361\/revisions"}],"predecessor-version":[{"id":23833,"href":"https:\/\/www.upjs.sk\/filozoficka-fakulta\/wp-json\/wp\/v2\/pages\/16361\/revisions\/23833"}],"wp:attachment":[{"href":"https:\/\/www.upjs.sk\/filozoficka-fakulta\/wp-json\/wp\/v2\/media?parent=16361"}],"wp:term":[{"taxonomy":"category","embeddable":true,"href":"https:\/\/www.upjs.sk\/filozoficka-fakulta\/wp-json\/wp\/v2\/categories?post=16361"},{"taxonomy":"post_tag","embeddable":true,"href":"https:\/\/www.upjs.sk\/filozoficka-fakulta\/wp-json\/wp\/v2\/tags?post=16361"}],"curies":[{"name":"wp","href":"https:\/\/api.w.org\/{rel}","templated":true}]}}