{"id":16377,"date":"2022-10-13T20:44:48","date_gmt":"2022-10-13T20:44:48","guid":{"rendered":"https:\/\/www.upjs.sk\/filozoficka-fakulta\/fakulta\/rocne-spravy\/"},"modified":"2025-11-12T08:44:56","modified_gmt":"2025-11-12T07:44:56","slug":"rocne-spravy","status":"publish","type":"page","link":"https:\/\/www.upjs.sk\/filozoficka-fakulta\/fakulta\/rocne-spravy\/","title":{"rendered":"Ro\u010dn\u00e9 spr\u00e1vy"},"content":{"rendered":"\n<div style=\"height:20px\" aria-hidden=\"true\" class=\"wp-block-spacer\"><\/div>\n\n\n\n<ul class=\"wp-block-list\">\n<li><a href=\"https:\/\/intranet.upjs.sk\/op\/op.Public.php?documentid=10591\" target=\"_blank\" rel=\"noreferrer noopener\">Spr\u00e1va o stave a perspekt\u00edvach rozvoja Filozofickej fakulty Univerzity Pavla Jozefa \u0160af\u00e1rika v Ko\u0161iciach za AR 2024\/2025<\/a><\/li>\n\n\n\n<li><a href=\"https:\/\/intranet.upjs.sk\/op\/op.Public.php?documentid=10590\" target=\"_blank\" rel=\"noreferrer noopener\">Spr\u00e1va o stave a perspekt\u00edvach rozvoja Filozofickej fakulty Univerzity Pavla Jozefa \u0160af\u00e1rika v Ko\u0161iciach za AR 2023\/2024<\/a><\/li>\n\n\n\n<li><a href=\"https:\/\/intranet.upjs.sk\/op\/op.Public.php?documentid=8834\" target=\"_blank\" aria-label=\"Spr\u00e1va o stave a \u010fal\u0161om smerovan\u00ed Filozofickej fakulty Univerzity Pavla Jozefa \u0160af\u00e1rika v Ko\u0161iciach za rok 2022 (opens in a new tab)\" rel=\"noreferrer noopener\" class=\"ek-link\">Spr\u00e1va o stave a \u010fal\u0161om smerovan\u00ed Filozofickej fakulty Univerzity Pavla Jozefa \u0160af\u00e1rika v Ko\u0161iciach za rok 2022<\/a><\/li>\n\n\n\n<li><a href=\"https:\/\/intranet.upjs.sk\/op\/op.Public.php?documentid=7638\" target=\"_blank\" rel=\"noopener\" class=\"ek-link\">Spr\u00e1va o stave a \u010fal\u0161om smerovan\u00ed Filozofickej fakulty Univerzity Pavla Jozefa \u0160af\u00e1rika v Ko\u0161iciach za rok 2021<\/a><\/li>\n\n\n\n<li><a href=\"https:\/\/intranet.upjs.sk\/op\/op.Public.php?documentid=5601\" target=\"_blank\" rel=\"noopener\">Spr\u00e1va o stave a \u010fal\u0161om smerovan\u00ed Filozofickej fakulty Univerzity Pavla Jozefa \u0160af\u00e1rika v Ko\u0161iciach za rok 2020<\/a><\/li>\n\n\n\n<li><a href=\"https:\/\/intranet.upjs.sk\/op\/op.Public.php?documentid=4109\" target=\"_blank\" rel=\"noopener\">Spr\u00e1va o stave a perspekt\u00edvach rozvoja Filozofickej fakulty Univerzity Pavla Jozefa \u0160af\u00e1rika v Ko\u0161iciach za rok 2019<\/a><\/li>\n\n\n\n<li><a href=\"https:\/\/intranet.upjs.sk\/op\/op.Public.php?documentid=1700\" target=\"_blank\" rel=\"noopener\">Spr\u00e1va o stave a \u010fal\u0161om smerovan\u00ed Filozofickej fakulty Univerzity Pavla Jozefa \u0160af\u00e1rika v Ko\u0161iciach za rok 2018<\/a><\/li>\n\n\n\n<li><a href=\"https:\/\/intranet.upjs.sk\/op\/op.Public.php?documentid=1699\" target=\"_blank\" rel=\"noopener\">Spr\u00e1va o stave a \u010fal\u0161om smerovan\u00ed Filozofickej fakulty Univerzity Pavla Jozefa \u0160af\u00e1rika v Ko\u0161iciach za rok 2017<\/a><\/li>\n\n\n\n<li><a href=\"https:\/\/intranet.upjs.sk\/op\/op.Public.php?documentid=1698\" target=\"_blank\" rel=\"noopener\">Spr\u00e1va o stave a \u010fal\u0161om smerovan\u00ed Filozofickej fakulty Univerzity Pavla Jozefa \u0160af\u00e1rika v Ko\u0161iciach za rok 2016<\/a><\/li>\n\n\n\n<li><a href=\"https:\/\/intranet.upjs.sk\/op\/op.Public.php?documentid=1697\" target=\"_blank\" rel=\"noopener\">Spr\u00e1va o stave a \u010fal\u0161om smerovan\u00ed Filozofickej fakulty Univerzity Pavla Jozefa \u0160af\u00e1rika v Ko\u0161iciach za rok 2015<\/a><\/li>\n<\/ul>\n","protected":false},"excerpt":{"rendered":"","protected":false},"author":1,"featured_media":0,"parent":16363,"menu_order":3,"comment_status":"closed","ping_status":"closed","template":"","meta":{"_acf_changed":false,"_editorskit_title_hidden":false,"_editorskit_reading_time":0,"_editorskit_is_block_options_detached":false,"_editorskit_block_options_position":"{}","footnotes":""},"categories":[],"tags":[],"class_list":["post-16377","page","type-page","status-publish","hentry"],"acf":{"acf_link_na_externy_obsah":""},"yoast_head":"<!-- This site is optimized with the Yoast SEO plugin v27.2 - https:\/\/yoast.com\/product\/yoast-seo-wordpress\/ -->\n<title>Ro\u010dn\u00e9 spr\u00e1vy - Filozofick\u00e1 fakulta | UPJ\u0160<\/title>\n<meta name=\"robots\" content=\"index, follow, max-snippet:-1, max-image-preview:large, max-video-preview:-1\" \/>\n<link rel=\"canonical\" href=\"https:\/\/www.upjs.sk\/filozoficka-fakulta\/fakulta\/rocne-spravy\/\" \/>\n<meta property=\"og:locale\" content=\"sk_SK\" \/>\n<meta property=\"og:type\" content=\"article\" \/>\n<meta property=\"og:title\" content=\"Ro\u010dn\u00e9 spr\u00e1vy - Filozofick\u00e1 fakulta | UPJ\u0160\" \/>\n<meta property=\"og:url\" content=\"https:\/\/www.upjs.sk\/filozoficka-fakulta\/fakulta\/rocne-spravy\/\" \/>\n<meta property=\"og:site_name\" content=\"Filozofick\u00e1 fakulta | UPJ\u0160\" \/>\n<meta property=\"article:modified_time\" content=\"2025-11-12T07:44:56+00:00\" \/>\n<meta name=\"twitter:card\" content=\"summary_large_image\" \/>\n<meta name=\"twitter:label1\" content=\"Predpokladan\u00fd \u010das \u010d\u00edtania\" \/>\n\t<meta name=\"twitter:data1\" content=\"1 min\u00fata\" \/>\n<script type=\"application\/ld+json\" class=\"yoast-schema-graph\">{\"@context\":\"https:\/\/schema.org\",\"@graph\":[{\"@type\":\"WebPage\",\"@id\":\"https:\/\/www.upjs.sk\/filozoficka-fakulta\/fakulta\/rocne-spravy\/\",\"url\":\"https:\/\/www.upjs.sk\/filozoficka-fakulta\/fakulta\/rocne-spravy\/\",\"name\":\"Ro\u010dn\u00e9 spr\u00e1vy - Filozofick\u00e1 fakulta | UPJ\u0160\",\"isPartOf\":{\"@id\":\"https:\/\/www.upjs.sk\/filozoficka-fakulta\/#website\"},\"datePublished\":\"2022-10-13T20:44:48+00:00\",\"dateModified\":\"2025-11-12T07:44:56+00:00\",\"breadcrumb\":{\"@id\":\"https:\/\/www.upjs.sk\/filozoficka-fakulta\/fakulta\/rocne-spravy\/#breadcrumb\"},\"inLanguage\":\"sk-SK\",\"potentialAction\":[{\"@type\":\"ReadAction\",\"target\":[\"https:\/\/www.upjs.sk\/filozoficka-fakulta\/fakulta\/rocne-spravy\/\"]}]},{\"@type\":\"BreadcrumbList\",\"@id\":\"https:\/\/www.upjs.sk\/filozoficka-fakulta\/fakulta\/rocne-spravy\/#breadcrumb\",\"itemListElement\":[{\"@type\":\"ListItem\",\"position\":1,\"name\":\"Home\",\"item\":\"https:\/\/www.upjs.sk\/filozoficka-fakulta\/\"},{\"@type\":\"ListItem\",\"position\":2,\"name\":\"Fakulta\",\"item\":\"https:\/\/www.upjs.sk\/filozoficka-fakulta\/fakulta\/\"},{\"@type\":\"ListItem\",\"position\":3,\"name\":\"Ro\u010dn\u00e9 spr\u00e1vy\"}]},{\"@type\":\"WebSite\",\"@id\":\"https:\/\/www.upjs.sk\/filozoficka-fakulta\/#website\",\"url\":\"https:\/\/www.upjs.sk\/filozoficka-fakulta\/\",\"name\":\"Filozofick\u00e1 fakulta | UPJ\u0160\",\"description\":\"\",\"publisher\":{\"@id\":\"https:\/\/www.upjs.sk\/filozoficka-fakulta\/#organization\"},\"potentialAction\":[{\"@type\":\"SearchAction\",\"target\":{\"@type\":\"EntryPoint\",\"urlTemplate\":\"https:\/\/www.upjs.sk\/filozoficka-fakulta\/?s={search_term_string}\"},\"query-input\":{\"@type\":\"PropertyValueSpecification\",\"valueRequired\":true,\"valueName\":\"search_term_string\"}}],\"inLanguage\":\"sk-SK\"},{\"@type\":\"Organization\",\"@id\":\"https:\/\/www.upjs.sk\/filozoficka-fakulta\/#organization\",\"name\":\"Filozofick\u00e1 fakulta | UPJ\u0160\",\"url\":\"https:\/\/www.upjs.sk\/filozoficka-fakulta\/\",\"logo\":{\"@type\":\"ImageObject\",\"inLanguage\":\"sk-SK\",\"@id\":\"https:\/\/www.upjs.sk\/filozoficka-fakulta\/#\/schema\/logo\/image\/\",\"url\":\"https:\/\/www.upjs.sk\/app\/uploads\/sites\/7\/2022\/09\/logo-filozoficka-fakulta.png\",\"contentUrl\":\"https:\/\/www.upjs.sk\/app\/uploads\/sites\/7\/2022\/09\/logo-filozoficka-fakulta.png\",\"width\":415,\"height\":87,\"caption\":\"Filozofick\u00e1 fakulta | UPJ\u0160\"},\"image\":{\"@id\":\"https:\/\/www.upjs.sk\/filozoficka-fakulta\/#\/schema\/logo\/image\/\"}}]}<\/script>\n<!-- \/ Yoast SEO plugin. -->","yoast_head_json":{"title":"Ro\u010dn\u00e9 spr\u00e1vy - Filozofick\u00e1 fakulta | UPJ\u0160","robots":{"index":"index","follow":"follow","max-snippet":"max-snippet:-1","max-image-preview":"max-image-preview:large","max-video-preview":"max-video-preview:-1"},"canonical":"https:\/\/www.upjs.sk\/filozoficka-fakulta\/fakulta\/rocne-spravy\/","og_locale":"sk_SK","og_type":"article","og_title":"Ro\u010dn\u00e9 spr\u00e1vy - Filozofick\u00e1 fakulta | UPJ\u0160","og_url":"https:\/\/www.upjs.sk\/filozoficka-fakulta\/fakulta\/rocne-spravy\/","og_site_name":"Filozofick\u00e1 fakulta | UPJ\u0160","article_modified_time":"2025-11-12T07:44:56+00:00","twitter_card":"summary_large_image","twitter_misc":{"Predpokladan\u00fd \u010das \u010d\u00edtania":"1 min\u00fata"},"schema":{"@context":"https:\/\/schema.org","@graph":[{"@type":"WebPage","@id":"https:\/\/www.upjs.sk\/filozoficka-fakulta\/fakulta\/rocne-spravy\/","url":"https:\/\/www.upjs.sk\/filozoficka-fakulta\/fakulta\/rocne-spravy\/","name":"Ro\u010dn\u00e9 spr\u00e1vy - Filozofick\u00e1 fakulta | UPJ\u0160","isPartOf":{"@id":"https:\/\/www.upjs.sk\/filozoficka-fakulta\/#website"},"datePublished":"2022-10-13T20:44:48+00:00","dateModified":"2025-11-12T07:44:56+00:00","breadcrumb":{"@id":"https:\/\/www.upjs.sk\/filozoficka-fakulta\/fakulta\/rocne-spravy\/#breadcrumb"},"inLanguage":"sk-SK","potentialAction":[{"@type":"ReadAction","target":["https:\/\/www.upjs.sk\/filozoficka-fakulta\/fakulta\/rocne-spravy\/"]}]},{"@type":"BreadcrumbList","@id":"https:\/\/www.upjs.sk\/filozoficka-fakulta\/fakulta\/rocne-spravy\/#breadcrumb","itemListElement":[{"@type":"ListItem","position":1,"name":"Home","item":"https:\/\/www.upjs.sk\/filozoficka-fakulta\/"},{"@type":"ListItem","position":2,"name":"Fakulta","item":"https:\/\/www.upjs.sk\/filozoficka-fakulta\/fakulta\/"},{"@type":"ListItem","position":3,"name":"Ro\u010dn\u00e9 spr\u00e1vy"}]},{"@type":"WebSite","@id":"https:\/\/www.upjs.sk\/filozoficka-fakulta\/#website","url":"https:\/\/www.upjs.sk\/filozoficka-fakulta\/","name":"Filozofick\u00e1 fakulta | UPJ\u0160","description":"","publisher":{"@id":"https:\/\/www.upjs.sk\/filozoficka-fakulta\/#organization"},"potentialAction":[{"@type":"SearchAction","target":{"@type":"EntryPoint","urlTemplate":"https:\/\/www.upjs.sk\/filozoficka-fakulta\/?s={search_term_string}"},"query-input":{"@type":"PropertyValueSpecification","valueRequired":true,"valueName":"search_term_string"}}],"inLanguage":"sk-SK"},{"@type":"Organization","@id":"https:\/\/www.upjs.sk\/filozoficka-fakulta\/#organization","name":"Filozofick\u00e1 fakulta | UPJ\u0160","url":"https:\/\/www.upjs.sk\/filozoficka-fakulta\/","logo":{"@type":"ImageObject","inLanguage":"sk-SK","@id":"https:\/\/www.upjs.sk\/filozoficka-fakulta\/#\/schema\/logo\/image\/","url":"https:\/\/www.upjs.sk\/app\/uploads\/sites\/7\/2022\/09\/logo-filozoficka-fakulta.png","contentUrl":"https:\/\/www.upjs.sk\/app\/uploads\/sites\/7\/2022\/09\/logo-filozoficka-fakulta.png","width":415,"height":87,"caption":"Filozofick\u00e1 fakulta | UPJ\u0160"},"image":{"@id":"https:\/\/www.upjs.sk\/filozoficka-fakulta\/#\/schema\/logo\/image\/"}}]}},"_links":{"self":[{"href":"https:\/\/www.upjs.sk\/filozoficka-fakulta\/wp-json\/wp\/v2\/pages\/16377","targetHints":{"allow":["GET"]}}],"collection":[{"href":"https:\/\/www.upjs.sk\/filozoficka-fakulta\/wp-json\/wp\/v2\/pages"}],"about":[{"href":"https:\/\/www.upjs.sk\/filozoficka-fakulta\/wp-json\/wp\/v2\/types\/page"}],"author":[{"embeddable":true,"href":"https:\/\/www.upjs.sk\/filozoficka-fakulta\/wp-json\/wp\/v2\/users\/1"}],"replies":[{"embeddable":true,"href":"https:\/\/www.upjs.sk\/filozoficka-fakulta\/wp-json\/wp\/v2\/comments?post=16377"}],"version-history":[{"count":7,"href":"https:\/\/www.upjs.sk\/filozoficka-fakulta\/wp-json\/wp\/v2\/pages\/16377\/revisions"}],"predecessor-version":[{"id":57866,"href":"https:\/\/www.upjs.sk\/filozoficka-fakulta\/wp-json\/wp\/v2\/pages\/16377\/revisions\/57866"}],"up":[{"embeddable":true,"href":"https:\/\/www.upjs.sk\/filozoficka-fakulta\/wp-json\/wp\/v2\/pages\/16363"}],"wp:attachment":[{"href":"https:\/\/www.upjs.sk\/filozoficka-fakulta\/wp-json\/wp\/v2\/media?parent=16377"}],"wp:term":[{"taxonomy":"category","embeddable":true,"href":"https:\/\/www.upjs.sk\/filozoficka-fakulta\/wp-json\/wp\/v2\/categories?post=16377"},{"taxonomy":"post_tag","embeddable":true,"href":"https:\/\/www.upjs.sk\/filozoficka-fakulta\/wp-json\/wp\/v2\/tags?post=16377"}],"curies":[{"name":"wp","href":"https:\/\/api.w.org\/{rel}","templated":true}]}}