{"id":16446,"date":"2022-10-03T10:00:45","date_gmt":"2022-10-03T10:00:45","guid":{"rendered":"https:\/\/www.upjs.sk\/filozoficka-fakulta\/veda-a-vyskum\/"},"modified":"2023-09-26T10:11:06","modified_gmt":"2023-09-26T09:11:06","slug":"veda-a-vyskum","status":"publish","type":"page","link":"https:\/\/www.upjs.sk\/filozoficka-fakulta\/veda-a-vyskum\/","title":{"rendered":"Veda a v\u00fdskum"},"content":{"rendered":"<style>.kadence-column_1b9192-2f > .kt-inside-inner-col{padding-top:var(--global-kb-spacing-xs, 1rem);padding-bottom:var(--global-kb-spacing-xxs, 0.5rem);padding-left:var(--global-kb-spacing-xs, 1rem);}.kadence-column_1b9192-2f > .kt-inside-inner-col,.kadence-column_1b9192-2f > .kt-inside-inner-col:before{border-top-left-radius:0px;border-top-right-radius:0px;border-bottom-right-radius:0px;border-bottom-left-radius:0px;}.kadence-column_1b9192-2f > .kt-inside-inner-col{column-gap:var(--global-kb-gap-sm, 1rem);}.kadence-column_1b9192-2f > .kt-inside-inner-col{flex-direction:column;}.kadence-column_1b9192-2f > .kt-inside-inner-col > .aligncenter{width:100%;}.kadence-column_1b9192-2f > .kt-inside-inner-col{background-color:#F4F4F4;}.kadence-column_1b9192-2f > .kt-inside-inner-col:before{opacity:0.3;}.kadence-column_1b9192-2f{position:relative;}@media all and (max-width: 1024px){.kadence-column_1b9192-2f > .kt-inside-inner-col{flex-direction:column;justify-content:center;}}@media all and (max-width: 767px){.kadence-column_1b9192-2f > .kt-inside-inner-col{flex-direction:column;justify-content:center;}}<\/style>\n<div class=\"wp-block-kadence-column kadence-column_1b9192-2f\"><div class=\"kt-inside-inner-col\">\n<p><strong>Podpora pre vedu a v\u00fdskum<\/strong><\/p>\n\n\n\n<ul class=\"wp-block-list\">\n<li><a href=\"https:\/\/www.upjs.sk\/filozoficka-fakulta\/utvar-vav-mv\/\" target=\"_blank\" aria-label=\" (opens in a new tab)\" rel=\"noreferrer noopener\" class=\"ek-link\">\u00datvar pre vedu, v\u00fdskum, kvalifika\u010dn\u00fd rast, doktorandsk\u00e9 \u0161t\u00fadium a medzin\u00e1rodn\u00e9 vz\u0165ahy<\/a><\/li>\n\n\n\n<li><a href=\"https:\/\/www.upjs.sk\/filozoficka-fakulta\/vedecka-rada-ff-upjs\/\" target=\"_blank\" aria-label=\"Vedeck\u00e1 rada FF UPJ\u0160 (opens in a new tab)\" rel=\"noreferrer noopener\" class=\"ek-link\">Vedeck\u00e1 rada FF UPJ\u0160<\/a><\/li>\n\n\n\n<li><a href=\"https:\/\/www.upjs.sk\/filozoficka-fakulta\/veda-a-vyskum\/cena-dekanky\/\" target=\"_blank\" aria-label=\"Cena dekanky (opens in a new tab)\" rel=\"noreferrer noopener\" class=\"ek-link\">Cena dekanky<\/a><\/li>\n\n\n\n<li><a href=\"https:\/\/www.upjs.sk\/informacie\/vyskum\/vedeckovyskumna-cinnost\/postdoktorandske-pobyty\/\" target=\"_blank\" aria-label=\"Postdoktorandsk\u00e9 pobyty (opens in a new tab)\" rel=\"noreferrer noopener\" class=\"ek-link\">Postdoktorandsk\u00e9 pobyty<\/a><\/li>\n<\/ul>\n<\/div><\/div>\n\n\n\n<div style=\"height:20px\" aria-hidden=\"true\" class=\"wp-block-spacer\"><\/div>\n\n\n<style>.kadence-column_20e65b-3c > .kt-inside-inner-col{padding-top:var(--global-kb-spacing-xs, 1rem);padding-bottom:var(--global-kb-spacing-xxs, 0.5rem);padding-left:var(--global-kb-spacing-xs, 1rem);}.kadence-column_20e65b-3c > .kt-inside-inner-col,.kadence-column_20e65b-3c > .kt-inside-inner-col:before{border-top-left-radius:0px;border-top-right-radius:0px;border-bottom-right-radius:0px;border-bottom-left-radius:0px;}.kadence-column_20e65b-3c > .kt-inside-inner-col{column-gap:var(--global-kb-gap-sm, 1rem);}.kadence-column_20e65b-3c > .kt-inside-inner-col{flex-direction:column;}.kadence-column_20e65b-3c > .kt-inside-inner-col > .aligncenter{width:100%;}.kadence-column_20e65b-3c > .kt-inside-inner-col{background-color:#F4F4F4;}.kadence-column_20e65b-3c > .kt-inside-inner-col:before{opacity:0.3;}.kadence-column_20e65b-3c{position:relative;}@media all and (max-width: 1024px){.kadence-column_20e65b-3c > .kt-inside-inner-col{flex-direction:column;justify-content:center;}}@media all and (max-width: 767px){.kadence-column_20e65b-3c > .kt-inside-inner-col{flex-direction:column;justify-content:center;}}<\/style>\n<div class=\"wp-block-kadence-column kadence-column_20e65b-3c\"><div class=\"kt-inside-inner-col\">\n<p><strong>N\u00e1\u0161 v\u00fdskum<\/strong><\/p>\n\n\n\n<ul class=\"wp-block-list\">\n<li><a href=\"\/vyskum\/vedeckovyskumna-cinnost\/spickove-timy\/ost-tim\/\" target=\"_blank\" rel=\"noopener\" class=\"ek-link\">\u0160pi\u010dkov\u00fd t\u00edm FF UPJ\u0160<\/a><\/li>\n\n\n\n<li>V\u00fdskumn\u00e9 laborat\u00f3ri\u00e1\n<ul class=\"wp-block-list\">\n<li><a href=\"https:\/\/www.upjs.sk\/filozoficka-fakulta\/medzinarodne-vztahy\/vyskumne-laboratoria-licolab\" target=\"_blank\" rel=\"noopener\" class=\"ek-link\">LICOLAB<\/a><\/li>\n\n\n\n<li><a href=\"https:\/\/www.upjs.sk\/filozoficka-fakulta\/medzinarodne-vztahy\/vyskumne-laboratoria-psycholab\" target=\"_blank\" rel=\"noopener\">PsychoLab RB<\/a><\/li>\n\n\n\n<li><a href=\"https:\/\/www.upjs.sk\/informacie\/vyskum\/inovacie-rozvoj-eu-problematika\/unikatne-pristroje\/tv-a-filmove-studio-ff\/\" target=\"_blank\" aria-label=\"Telev\u00edzne a filmov\u00e9 \u0161t\u00fadio (opens in a new tab)\" rel=\"noreferrer noopener\" class=\"ek-link\">Telev\u00edzne a filmov\u00e9 \u0161t\u00fadio<\/a><\/li>\n<\/ul>\n<\/li>\n\n\n\n<li><a href=\"https:\/\/www.upjs.sk\/filozoficka-fakulta\/veda-a-vyskum\/umelec-a-preklad-cinnost\/\" target=\"_blank\" aria-label=\"Umeleck\u00e1 a prekladate\u013esk\u00e1 \u010dinnos\u0165 (opens in a new tab)\" rel=\"noreferrer noopener\" class=\"ek-link\">Umeleck\u00e1 a prekladate\u013esk\u00e1 \u010dinnos\u0165<\/a><\/li>\n\n\n\n<li><a href=\"https:\/\/www.upjs.sk\/filozoficka-fakulta\/medzinarodne-vztahy\/zmluvna-spolupraca\/\" target=\"_blank\" aria-label=\"Zmluvn\u00e1 spolupr\u00e1ca (opens in a new tab)\" rel=\"noreferrer noopener\" class=\"ek-link\">Zmluvn\u00e1 spolupr\u00e1ca<\/a><\/li>\n\n\n\n<li><a href=\"https:\/\/www.upjs.sk\/filozoficka-fakulta\/veda-a-vyskum\/projekty\/\" target=\"_blank\" aria-label=\"Projekty (opens in a new tab)\" rel=\"noreferrer noopener\" class=\"ek-link\">Projekty<\/a><\/li>\n\n\n\n<li><a href=\"https:\/\/www.upjs.sk\/filozoficka-fakulta\/strukturalne-fondy-eu\/\" target=\"_blank\" aria-label=\"Projekty zo \u0161truktur\u00e1lnych fondov E\u00da (opens in a new tab)\" rel=\"noreferrer noopener\" class=\"ek-link\">Projekty zo \u0161truktur\u00e1lnych fondov E\u00da<\/a><\/li>\n\n\n\n<li><a href=\"https:\/\/www.upjs.sk\/filozoficka-fakulta\/veda-a-vyskum\/spravy\/\" target=\"_blank\" aria-label=\"Spr\u00e1vy o kvalite tvorivej \u010dinnosti fakulty (opens in a new tab)\" rel=\"noreferrer noopener\" class=\"ek-link\">Spr\u00e1vy o kvalite tvorivej \u010dinnosti fakulty<\/a><\/li>\n\n\n\n<li><a href=\"https:\/\/www.upjs.sk\/filozoficka-fakulta\/medzinarodne-vztahy\/spravy\/\" target=\"_blank\" aria-label=\"Spr\u00e1vy o zahrani\u010dn\u00fdch vz\u0165ahoch (opens in a new tab)\" rel=\"noreferrer noopener\" class=\"ek-link\">Spr\u00e1vy o zahrani\u010dn\u00fdch vz\u0165ahoch<\/a><\/li>\n<\/ul>\n<\/div><\/div>\n\n\n\n<div style=\"height:20px\" aria-hidden=\"true\" class=\"wp-block-spacer\"><\/div>\n\n\n<style>.kadence-column_c42605-fb > .kt-inside-inner-col{padding-top:var(--global-kb-spacing-xs, 1rem);padding-bottom:var(--global-kb-spacing-xxs, 0.5rem);padding-left:var(--global-kb-spacing-xs, 1rem);}.kadence-column_c42605-fb > .kt-inside-inner-col,.kadence-column_c42605-fb > .kt-inside-inner-col:before{border-top-left-radius:0px;border-top-right-radius:0px;border-bottom-right-radius:0px;border-bottom-left-radius:0px;}.kadence-column_c42605-fb > .kt-inside-inner-col{column-gap:var(--global-kb-gap-sm, 1rem);}.kadence-column_c42605-fb > .kt-inside-inner-col{flex-direction:column;}.kadence-column_c42605-fb > .kt-inside-inner-col > .aligncenter{width:100%;}.kadence-column_c42605-fb > .kt-inside-inner-col{background-color:#F4F4F4;}.kadence-column_c42605-fb > .kt-inside-inner-col:before{opacity:0.3;}.kadence-column_c42605-fb{position:relative;}@media all and (max-width: 1024px){.kadence-column_c42605-fb > .kt-inside-inner-col{flex-direction:column;justify-content:center;}}@media all and (max-width: 767px){.kadence-column_c42605-fb > .kt-inside-inner-col{flex-direction:column;justify-content:center;}}<\/style>\n<div class=\"wp-block-kadence-column kadence-column_c42605-fb\"><div class=\"kt-inside-inner-col\">\n<p><strong>Akademick\u00e9 kvalifik\u00e1cie<\/strong><\/p>\n\n\n\n<ul class=\"wp-block-list\">\n<li><a href=\"https:\/\/www.upjs.sk\/filozoficka-fakulta\/vav\/hk-a-ik\" target=\"_blank\" rel=\"noreferrer noopener\">Habilita\u010dn\u00e9 konanie a inaugura\u010dn\u00e9 konanie<\/a><\/li>\n\n\n\n<li><a href=\"https:\/\/www.upjs.sk\/vyskum\/vedeckovyskumna-cinnost\/inauguracie-habilitacie\" target=\"_blank\" aria-label=\" (opens in a new tab)\" rel=\"noreferrer noopener\" class=\"ek-link\">Doktorsk\u00e9 dizert\u00e1cie<\/a><\/li>\n\n\n\n<li><a href=\"https:\/\/www.upjs.sk\/filozoficka-fakulta\/veda-a-vyskum\/profesor-emeritus\/\" target=\"_blank\" aria-label=\"Profesor emeritus (opens in a new tab)\" rel=\"noreferrer noopener\" class=\"ek-link\">Profesor emeritus<\/a><\/li>\n<\/ul>\n<\/div><\/div>\n\n\n\n<div style=\"height:20px\" aria-hidden=\"true\" class=\"wp-block-spacer\"><\/div>\n\n\n<style>.kadence-column_10f193-2a > .kt-inside-inner-col{padding-top:var(--global-kb-spacing-xs, 1rem);padding-bottom:var(--global-kb-spacing-xxs, 0.5rem);padding-left:var(--global-kb-spacing-xs, 1rem);}.kadence-column_10f193-2a > .kt-inside-inner-col,.kadence-column_10f193-2a > .kt-inside-inner-col:before{border-top-left-radius:0px;border-top-right-radius:0px;border-bottom-right-radius:0px;border-bottom-left-radius:0px;}.kadence-column_10f193-2a > .kt-inside-inner-col{column-gap:var(--global-kb-gap-sm, 1rem);}.kadence-column_10f193-2a > .kt-inside-inner-col{flex-direction:column;}.kadence-column_10f193-2a > .kt-inside-inner-col > .aligncenter{width:100%;}.kadence-column_10f193-2a > .kt-inside-inner-col{background-color:#F4F4F4;}.kadence-column_10f193-2a > .kt-inside-inner-col:before{opacity:0.3;}.kadence-column_10f193-2a{position:relative;}@media all and (max-width: 1024px){.kadence-column_10f193-2a > .kt-inside-inner-col{flex-direction:column;justify-content:center;}}@media all and (max-width: 767px){.kadence-column_10f193-2a > .kt-inside-inner-col{flex-direction:column;justify-content:center;}}<\/style>\n<div class=\"wp-block-kadence-column kadence-column_10f193-2a\"><div class=\"kt-inside-inner-col\">\n<p><strong>Publika\u010dn\u00e1 a edi\u010dn\u00e1 \u010dinnos\u0165<\/strong><\/p>\n\n\n\n<ul class=\"wp-block-list\">\n<li><a href=\"http:\/\/www.safarikpress.6f.sk\/\" target=\"_blank\" rel=\"noreferrer noopener\" class=\"ek-link\">Vydavate\u013estvo \u0160af\u00e1rikPress<\/a><\/li>\n\n\n\n<li><a href=\"https:\/\/www.upjs.sk\/filozoficka-fakulta\/veda-a-vyskum\/publikacna-cinnost\/\" target=\"_blank\" aria-label=\"Publika\u010dn\u00e1 \u010dinnos\u0165 (opens in a new tab)\" rel=\"noreferrer noopener\" class=\"ek-link\">Publika\u010dn\u00e1 \u010dinnos\u0165<\/a><\/li>\n\n\n\n<li><a href=\"https:\/\/www.upjs.sk\/filozoficka-fakulta\/veda-a-vyskum\/vedecke-casopisy\/\" target=\"_blank\" aria-label=\"Vedeck\u00e9 \u010dasopisy (opens in a new tab)\" rel=\"noreferrer noopener\" class=\"ek-link\">Vedeck\u00e9 \u010dasopisy<\/a><\/li>\n\n\n\n<li><a href=\"https:\/\/www.upjs.sk\/app\/uploads\/sites\/7\/2022\/11\/FF-edicny-plan-2023.pdf\" target=\"_blank\" aria-label=\"Edi\u010dn\u00fd pl\u00e1n na rok 2023 (opens in a new tab)\" rel=\"noreferrer noopener\" class=\"ek-link\">Edi\u010dn\u00fd pl\u00e1n na rok 2023<\/a><\/li>\n<\/ul>\n<\/div><\/div>\n","protected":false},"excerpt":{"rendered":"<p>Podpora pre vedu a v\u00fdskum N\u00e1\u0161 v\u00fdskum Akademick\u00e9 kvalifik\u00e1cie Publika\u010dn\u00e1 a edi\u010dn\u00e1 \u010dinnos\u0165<\/p>\n","protected":false},"author":1,"featured_media":0,"parent":0,"menu_order":6,"comment_status":"closed","ping_status":"closed","template":"","meta":{"_acf_changed":false,"_editorskit_title_hidden":false,"_editorskit_reading_time":0,"_editorskit_is_block_options_detached":false,"_editorskit_block_options_position":"{}","footnotes":""},"categories":[],"tags":[],"class_list":["post-16446","page","type-page","status-publish","hentry"],"acf":{"acf_link_na_externy_obsah":""},"yoast_head":"<!-- This site is optimized with the Yoast SEO plugin v27.4 - https:\/\/yoast.com\/product\/yoast-seo-wordpress\/ -->\n<title>Veda a v\u00fdskum - Filozofick\u00e1 fakulta | UPJ\u0160<\/title>\n<meta name=\"robots\" content=\"index, follow, max-snippet:-1, max-image-preview:large, max-video-preview:-1\" \/>\n<link rel=\"canonical\" href=\"https:\/\/www.upjs.sk\/filozoficka-fakulta\/veda-a-vyskum\/\" \/>\n<meta property=\"og:locale\" content=\"sk_SK\" \/>\n<meta property=\"og:type\" content=\"article\" \/>\n<meta property=\"og:title\" content=\"Veda a v\u00fdskum - Filozofick\u00e1 fakulta | UPJ\u0160\" \/>\n<meta property=\"og:description\" content=\"Podpora pre vedu a v\u00fdskum N\u00e1\u0161 v\u00fdskum Akademick\u00e9 kvalifik\u00e1cie Publika\u010dn\u00e1 a edi\u010dn\u00e1 \u010dinnos\u0165\" \/>\n<meta property=\"og:url\" content=\"https:\/\/www.upjs.sk\/filozoficka-fakulta\/veda-a-vyskum\/\" \/>\n<meta property=\"og:site_name\" content=\"Filozofick\u00e1 fakulta | UPJ\u0160\" \/>\n<meta property=\"article:modified_time\" content=\"2023-09-26T09:11:06+00:00\" \/>\n<meta name=\"twitter:card\" content=\"summary_large_image\" \/>\n<meta name=\"twitter:label1\" content=\"Predpokladan\u00fd \u010das \u010d\u00edtania\" \/>\n\t<meta name=\"twitter:data1\" content=\"1 min\u00fata\" \/>\n<script type=\"application\/ld+json\" class=\"yoast-schema-graph\">{\"@context\":\"https:\\\/\\\/schema.org\",\"@graph\":[{\"@type\":\"WebPage\",\"@id\":\"https:\\\/\\\/www.upjs.sk\\\/filozoficka-fakulta\\\/veda-a-vyskum\\\/\",\"url\":\"https:\\\/\\\/www.upjs.sk\\\/filozoficka-fakulta\\\/veda-a-vyskum\\\/\",\"name\":\"Veda a v\u00fdskum - Filozofick\u00e1 fakulta | UPJ\u0160\",\"isPartOf\":{\"@id\":\"https:\\\/\\\/www.upjs.sk\\\/filozoficka-fakulta\\\/#website\"},\"datePublished\":\"2022-10-03T10:00:45+00:00\",\"dateModified\":\"2023-09-26T09:11:06+00:00\",\"breadcrumb\":{\"@id\":\"https:\\\/\\\/www.upjs.sk\\\/filozoficka-fakulta\\\/veda-a-vyskum\\\/#breadcrumb\"},\"inLanguage\":\"sk-SK\",\"potentialAction\":[{\"@type\":\"ReadAction\",\"target\":[\"https:\\\/\\\/www.upjs.sk\\\/filozoficka-fakulta\\\/veda-a-vyskum\\\/\"]}]},{\"@type\":\"BreadcrumbList\",\"@id\":\"https:\\\/\\\/www.upjs.sk\\\/filozoficka-fakulta\\\/veda-a-vyskum\\\/#breadcrumb\",\"itemListElement\":[{\"@type\":\"ListItem\",\"position\":1,\"name\":\"Home\",\"item\":\"https:\\\/\\\/www.upjs.sk\\\/filozoficka-fakulta\\\/\"},{\"@type\":\"ListItem\",\"position\":2,\"name\":\"Veda a v\u00fdskum\"}]},{\"@type\":\"WebSite\",\"@id\":\"https:\\\/\\\/www.upjs.sk\\\/filozoficka-fakulta\\\/#website\",\"url\":\"https:\\\/\\\/www.upjs.sk\\\/filozoficka-fakulta\\\/\",\"name\":\"Filozofick\u00e1 fakulta | UPJ\u0160\",\"description\":\"\",\"publisher\":{\"@id\":\"https:\\\/\\\/www.upjs.sk\\\/filozoficka-fakulta\\\/#organization\"},\"potentialAction\":[{\"@type\":\"SearchAction\",\"target\":{\"@type\":\"EntryPoint\",\"urlTemplate\":\"https:\\\/\\\/www.upjs.sk\\\/filozoficka-fakulta\\\/?s={search_term_string}\"},\"query-input\":{\"@type\":\"PropertyValueSpecification\",\"valueRequired\":true,\"valueName\":\"search_term_string\"}}],\"inLanguage\":\"sk-SK\"},{\"@type\":\"Organization\",\"@id\":\"https:\\\/\\\/www.upjs.sk\\\/filozoficka-fakulta\\\/#organization\",\"name\":\"Filozofick\u00e1 fakulta | UPJ\u0160\",\"url\":\"https:\\\/\\\/www.upjs.sk\\\/filozoficka-fakulta\\\/\",\"logo\":{\"@type\":\"ImageObject\",\"inLanguage\":\"sk-SK\",\"@id\":\"https:\\\/\\\/www.upjs.sk\\\/filozoficka-fakulta\\\/#\\\/schema\\\/logo\\\/image\\\/\",\"url\":\"https:\\\/\\\/www.upjs.sk\\\/app\\\/uploads\\\/sites\\\/7\\\/2022\\\/09\\\/logo-filozoficka-fakulta.png\",\"contentUrl\":\"https:\\\/\\\/www.upjs.sk\\\/app\\\/uploads\\\/sites\\\/7\\\/2022\\\/09\\\/logo-filozoficka-fakulta.png\",\"width\":415,\"height\":87,\"caption\":\"Filozofick\u00e1 fakulta | UPJ\u0160\"},\"image\":{\"@id\":\"https:\\\/\\\/www.upjs.sk\\\/filozoficka-fakulta\\\/#\\\/schema\\\/logo\\\/image\\\/\"}}]}<\/script>\n<!-- \/ Yoast SEO plugin. -->","yoast_head_json":{"title":"Veda a v\u00fdskum - Filozofick\u00e1 fakulta | UPJ\u0160","robots":{"index":"index","follow":"follow","max-snippet":"max-snippet:-1","max-image-preview":"max-image-preview:large","max-video-preview":"max-video-preview:-1"},"canonical":"https:\/\/www.upjs.sk\/filozoficka-fakulta\/veda-a-vyskum\/","og_locale":"sk_SK","og_type":"article","og_title":"Veda a v\u00fdskum - Filozofick\u00e1 fakulta | UPJ\u0160","og_description":"Podpora pre vedu a v\u00fdskum N\u00e1\u0161 v\u00fdskum Akademick\u00e9 kvalifik\u00e1cie Publika\u010dn\u00e1 a edi\u010dn\u00e1 \u010dinnos\u0165","og_url":"https:\/\/www.upjs.sk\/filozoficka-fakulta\/veda-a-vyskum\/","og_site_name":"Filozofick\u00e1 fakulta | UPJ\u0160","article_modified_time":"2023-09-26T09:11:06+00:00","twitter_card":"summary_large_image","twitter_misc":{"Predpokladan\u00fd \u010das \u010d\u00edtania":"1 min\u00fata"},"schema":{"@context":"https:\/\/schema.org","@graph":[{"@type":"WebPage","@id":"https:\/\/www.upjs.sk\/filozoficka-fakulta\/veda-a-vyskum\/","url":"https:\/\/www.upjs.sk\/filozoficka-fakulta\/veda-a-vyskum\/","name":"Veda a v\u00fdskum - Filozofick\u00e1 fakulta | UPJ\u0160","isPartOf":{"@id":"https:\/\/www.upjs.sk\/filozoficka-fakulta\/#website"},"datePublished":"2022-10-03T10:00:45+00:00","dateModified":"2023-09-26T09:11:06+00:00","breadcrumb":{"@id":"https:\/\/www.upjs.sk\/filozoficka-fakulta\/veda-a-vyskum\/#breadcrumb"},"inLanguage":"sk-SK","potentialAction":[{"@type":"ReadAction","target":["https:\/\/www.upjs.sk\/filozoficka-fakulta\/veda-a-vyskum\/"]}]},{"@type":"BreadcrumbList","@id":"https:\/\/www.upjs.sk\/filozoficka-fakulta\/veda-a-vyskum\/#breadcrumb","itemListElement":[{"@type":"ListItem","position":1,"name":"Home","item":"https:\/\/www.upjs.sk\/filozoficka-fakulta\/"},{"@type":"ListItem","position":2,"name":"Veda a v\u00fdskum"}]},{"@type":"WebSite","@id":"https:\/\/www.upjs.sk\/filozoficka-fakulta\/#website","url":"https:\/\/www.upjs.sk\/filozoficka-fakulta\/","name":"Filozofick\u00e1 fakulta | UPJ\u0160","description":"","publisher":{"@id":"https:\/\/www.upjs.sk\/filozoficka-fakulta\/#organization"},"potentialAction":[{"@type":"SearchAction","target":{"@type":"EntryPoint","urlTemplate":"https:\/\/www.upjs.sk\/filozoficka-fakulta\/?s={search_term_string}"},"query-input":{"@type":"PropertyValueSpecification","valueRequired":true,"valueName":"search_term_string"}}],"inLanguage":"sk-SK"},{"@type":"Organization","@id":"https:\/\/www.upjs.sk\/filozoficka-fakulta\/#organization","name":"Filozofick\u00e1 fakulta | UPJ\u0160","url":"https:\/\/www.upjs.sk\/filozoficka-fakulta\/","logo":{"@type":"ImageObject","inLanguage":"sk-SK","@id":"https:\/\/www.upjs.sk\/filozoficka-fakulta\/#\/schema\/logo\/image\/","url":"https:\/\/www.upjs.sk\/app\/uploads\/sites\/7\/2022\/09\/logo-filozoficka-fakulta.png","contentUrl":"https:\/\/www.upjs.sk\/app\/uploads\/sites\/7\/2022\/09\/logo-filozoficka-fakulta.png","width":415,"height":87,"caption":"Filozofick\u00e1 fakulta | UPJ\u0160"},"image":{"@id":"https:\/\/www.upjs.sk\/filozoficka-fakulta\/#\/schema\/logo\/image\/"}}]}},"_links":{"self":[{"href":"https:\/\/www.upjs.sk\/filozoficka-fakulta\/wp-json\/wp\/v2\/pages\/16446","targetHints":{"allow":["GET"]}}],"collection":[{"href":"https:\/\/www.upjs.sk\/filozoficka-fakulta\/wp-json\/wp\/v2\/pages"}],"about":[{"href":"https:\/\/www.upjs.sk\/filozoficka-fakulta\/wp-json\/wp\/v2\/types\/page"}],"author":[{"embeddable":true,"href":"https:\/\/www.upjs.sk\/filozoficka-fakulta\/wp-json\/wp\/v2\/users\/1"}],"replies":[{"embeddable":true,"href":"https:\/\/www.upjs.sk\/filozoficka-fakulta\/wp-json\/wp\/v2\/comments?post=16446"}],"version-history":[{"count":20,"href":"https:\/\/www.upjs.sk\/filozoficka-fakulta\/wp-json\/wp\/v2\/pages\/16446\/revisions"}],"predecessor-version":[{"id":46115,"href":"https:\/\/www.upjs.sk\/filozoficka-fakulta\/wp-json\/wp\/v2\/pages\/16446\/revisions\/46115"}],"wp:attachment":[{"href":"https:\/\/www.upjs.sk\/filozoficka-fakulta\/wp-json\/wp\/v2\/media?parent=16446"}],"wp:term":[{"taxonomy":"category","embeddable":true,"href":"https:\/\/www.upjs.sk\/filozoficka-fakulta\/wp-json\/wp\/v2\/categories?post=16446"},{"taxonomy":"post_tag","embeddable":true,"href":"https:\/\/www.upjs.sk\/filozoficka-fakulta\/wp-json\/wp\/v2\/tags?post=16446"}],"curies":[{"name":"wp","href":"https:\/\/api.w.org\/{rel}","templated":true}]}}