{"id":16455,"date":"2021-11-30T09:22:28","date_gmt":"2021-11-30T09:22:28","guid":{"rendered":"https:\/\/www.upjs.sk\/filozoficka-fakulta\/veda-a-vyskum\/utvar\/"},"modified":"2025-10-06T13:45:31","modified_gmt":"2025-10-06T12:45:31","slug":"utvar-vav-mv","status":"publish","type":"page","link":"https:\/\/www.upjs.sk\/filozoficka-fakulta\/utvar-vav-mv\/","title":{"rendered":"\u00datvar pre vedu, v\u00fdskum, kvalifika\u010dn\u00fd rast, doktorandsk\u00e9 \u0161t\u00fadium a medzin\u00e1rodn\u00e9 vz\u0165ahy"},"content":{"rendered":"\n<p>Dekan\u00e1t FF UPJ\u0160, \u0160rob\u00e1rova 2, 040 59 Ko\u0161ice<\/p>\n\n\n<style>.kb-row-layout-id16455_309c86-02 > .kt-row-column-wrap{align-content:start;}:where(.kb-row-layout-id16455_309c86-02 > .kt-row-column-wrap) > .wp-block-kadence-column{justify-content:start;}.kb-row-layout-id16455_309c86-02 > .kt-row-column-wrap{column-gap:var(--global-kb-gap-md, 2rem);row-gap:var(--global-kb-gap-md, 2rem);padding-top:var(--global-kb-spacing-sm, 1.5rem);padding-bottom:var(--global-kb-spacing-sm, 1.5rem);grid-template-columns:repeat(2, minmax(0, 1fr));}.kb-row-layout-id16455_309c86-02 > .kt-row-layout-overlay{opacity:0.30;}@media all and (max-width: 1024px){.kb-row-layout-id16455_309c86-02 > .kt-row-column-wrap{grid-template-columns:repeat(2, minmax(0, 1fr));}}@media all and (max-width: 767px){.kb-row-layout-id16455_309c86-02 > .kt-row-column-wrap{grid-template-columns:minmax(0, 1fr);}}<\/style><div class=\"kb-row-layout-wrap kb-row-layout-id16455_309c86-02 alignnone wp-block-kadence-rowlayout\"><div class=\"kt-row-column-wrap kt-has-2-columns kt-row-layout-equal kt-tab-layout-inherit kt-mobile-layout-row kt-row-valign-top\">\n<style>.kadence-column16455_f060fa-d4 > .kt-inside-inner-col{padding-top:10px;padding-left:20px;}.kadence-column16455_f060fa-d4 > .kt-inside-inner-col{box-shadow:0px 0px 14px 0px #D6D6D6;}.kadence-column16455_f060fa-d4 > .kt-inside-inner-col,.kadence-column16455_f060fa-d4 > .kt-inside-inner-col:before{border-top-left-radius:0px;border-top-right-radius:0px;border-bottom-right-radius:0px;border-bottom-left-radius:0px;}.kadence-column16455_f060fa-d4 > .kt-inside-inner-col{column-gap:var(--global-kb-gap-sm, 1rem);}.kadence-column16455_f060fa-d4 > .kt-inside-inner-col{flex-direction:column;}.kadence-column16455_f060fa-d4 > .kt-inside-inner-col > .aligncenter{width:100%;}.kadence-column16455_f060fa-d4 > .kt-inside-inner-col:before{opacity:0.3;}.kadence-column16455_f060fa-d4{position:relative;}@media all and (max-width: 1024px){.kadence-column16455_f060fa-d4 > .kt-inside-inner-col{flex-direction:column;justify-content:center;}}@media all and (max-width: 767px){.kadence-column16455_f060fa-d4 > .kt-inside-inner-col{flex-direction:column;justify-content:center;}}<\/style>\n<div class=\"wp-block-kadence-column kadence-column16455_f060fa-d4 inner-column-1\"><div class=\"kt-inside-inner-col\">\n<p><strong><a href=\"https:\/\/www.upjs.sk\/FF\/zamestnanec\/marian.andricik\/\" target=\"_blank\" rel=\"noreferrer noopener\">prof. PhDr. Mari\u00e1n Andri\u010d\u00edk, PhD.<\/a><\/strong><br>Prodekan pre vedeckov\u00fdskumn\u00fa \u010dinnos\u0165 a doktorandsk\u00e9 \u0161t\u00fadium<\/p>\n\n\n\n<p>\u2709 <a href=\"mailto:marian.andricik@upjs.sk\" target=\"_blank\" aria-label=\"marian.andricik@upjs.sk (opens in a new tab)\" rel=\"noreferrer noopener\" class=\"ek-link\">marian.andricik@upjs.sk<\/a><br>\u2706 +421 55 234 7189; +421 918 923 063<\/p>\n<\/div><\/div>\n\n\n<style>.kadence-column16455_c3917e-46 > .kt-inside-inner-col{padding-top:10px;padding-left:20px;}.kadence-column16455_c3917e-46 > .kt-inside-inner-col{box-shadow:0px 0px 14px 0px #D6D6D6;}.kadence-column16455_c3917e-46 > .kt-inside-inner-col,.kadence-column16455_c3917e-46 > .kt-inside-inner-col:before{border-top-left-radius:0px;border-top-right-radius:0px;border-bottom-right-radius:0px;border-bottom-left-radius:0px;}.kadence-column16455_c3917e-46 > .kt-inside-inner-col{column-gap:var(--global-kb-gap-sm, 1rem);}.kadence-column16455_c3917e-46 > .kt-inside-inner-col{flex-direction:column;}.kadence-column16455_c3917e-46 > .kt-inside-inner-col > .aligncenter{width:100%;}.kadence-column16455_c3917e-46 > .kt-inside-inner-col:before{opacity:0.3;}.kadence-column16455_c3917e-46{position:relative;}@media all and (max-width: 1024px){.kadence-column16455_c3917e-46 > .kt-inside-inner-col{flex-direction:column;justify-content:center;}}@media all and (max-width: 767px){.kadence-column16455_c3917e-46 > .kt-inside-inner-col{flex-direction:column;justify-content:center;}}<\/style>\n<div class=\"wp-block-kadence-column kadence-column16455_c3917e-46 inner-column-2\"><div class=\"kt-inside-inner-col\">\n<p><strong><strong><a href=\"https:\/\/www.upjs.sk\/FF\/zamestnanec\/vladimir.lichner\" target=\"_blank\" rel=\"noreferrer noopener\">doc. Mgr. Vladim\u00edr Lichner, PhD.<\/a><\/strong><\/strong><br>Prodekan pre medzin\u00e1rodn\u00e9 vz\u0165ahy<\/p>\n\n\n\n<p>\u2709 <a href=\"mailto:vladimir.lichner@upjs.sk\" target=\"_blank\" rel=\"noreferrer noopener\">vladimir.lichner@upjs.sk<\/a><br>\u2706 +421 55 234 7118; +421 940 607 616<\/p>\n<\/div><\/div>\n\n<\/div><\/div>\n\n<style>.kb-row-layout-id16455_3f50ba-df > .kt-row-column-wrap{align-content:start;}:where(.kb-row-layout-id16455_3f50ba-df > .kt-row-column-wrap) > .wp-block-kadence-column{justify-content:start;}.kb-row-layout-id16455_3f50ba-df > .kt-row-column-wrap{column-gap:var(--global-kb-gap-md, 2rem);row-gap:var(--global-kb-gap-md, 2rem);padding-top:var(--global-kb-spacing-sm, 1.5rem);padding-bottom:var(--global-kb-spacing-sm, 1.5rem);grid-template-columns:minmax(0, 1fr);}.kb-row-layout-id16455_3f50ba-df > .kt-row-layout-overlay{opacity:0.30;}.kb-row-layout-id16455_3f50ba-df .kt-row-layout-bottom-sep{height:100px;}.kb-row-layout-id16455_3f50ba-df .kt-row-layout-bottom-sep svg{width:100%;}.kb-row-layout-id16455_3f50ba-df .kt-row-layout-bottom-sep svg{fill:#ffffff!important;}@media all and (max-width: 1024px){.kb-row-layout-id16455_3f50ba-df > .kt-row-column-wrap{grid-template-columns:minmax(0, 1fr);}}@media all and (max-width: 1024px){.kb-row-layout-id16455_3f50ba-df .kt-row-layout-bottom-sep{height:px;}}@media all and (max-width: 1024px){.kb-row-layout-id16455_3f50ba-df .kt-row-layout-bottom-sep svg{width:%;}}@media all and (max-width: 767px){.kb-row-layout-id16455_3f50ba-df > .kt-row-column-wrap{grid-template-columns:minmax(0, 1fr);}.kb-row-layout-id16455_3f50ba-df .kt-row-layout-bottom-sep{height:px;}.kb-row-layout-id16455_3f50ba-df .kt-row-layout-bottom-sep svg{width:%;}}<\/style><div class=\"kb-row-layout-wrap kb-row-layout-id16455_3f50ba-df alignnone wp-block-kadence-rowlayout\"><div class=\"kt-row-column-wrap kt-has-1-columns kt-row-layout-equal kt-tab-layout-inherit kt-mobile-layout-row kt-row-valign-top\">\n<style>.kadence-column16455_c72a38-ac > .kt-inside-inner-col{padding-top:10px;padding-left:20px;}.kadence-column16455_c72a38-ac > .kt-inside-inner-col{box-shadow:0px 0px 14px 0px rgba(0, 0, 0, 0.2);}.kadence-column16455_c72a38-ac > .kt-inside-inner-col,.kadence-column16455_c72a38-ac > .kt-inside-inner-col:before{border-top-left-radius:0px;border-top-right-radius:0px;border-bottom-right-radius:0px;border-bottom-left-radius:0px;}.kadence-column16455_c72a38-ac > .kt-inside-inner-col{column-gap:var(--global-kb-gap-sm, 1rem);}.kadence-column16455_c72a38-ac > .kt-inside-inner-col{flex-direction:column;}.kadence-column16455_c72a38-ac > .kt-inside-inner-col > .aligncenter{width:100%;}.kadence-column16455_c72a38-ac > .kt-inside-inner-col:before{opacity:0.3;}.kadence-column16455_c72a38-ac{position:relative;}@media all and (max-width: 1024px){.kadence-column16455_c72a38-ac > .kt-inside-inner-col{flex-direction:column;justify-content:center;}}@media all and (max-width: 767px){.kadence-column16455_c72a38-ac > .kt-inside-inner-col{flex-direction:column;justify-content:center;}}<\/style>\n<div class=\"wp-block-kadence-column kadence-column16455_c72a38-ac inner-column-1\"><div class=\"kt-inside-inner-col\">\n<p><strong>Mgr. Gabriela Onu\u0161kov\u00e1, PhD.<\/strong><br>Referentka pre vedu, v\u00fdskum, kvalifika\u010dn\u00fd rast a doktorandsk\u00e9 \u0161t\u00fadium<\/p>\n\n\n\n<p>\u2709&nbsp;gabriela.onuskova@upjs.sk<br>\u2706 +421 55 234 7116<\/p>\n<\/div><\/div>\n\n<\/div><\/div>\n\n<style>.kb-row-layout-id16455_507d10-b7 > .kt-row-column-wrap{align-content:start;}:where(.kb-row-layout-id16455_507d10-b7 > .kt-row-column-wrap) > .wp-block-kadence-column{justify-content:start;}.kb-row-layout-id16455_507d10-b7 > .kt-row-column-wrap{column-gap:var(--global-kb-gap-md, 2rem);row-gap:var(--global-kb-gap-md, 2rem);padding-top:var(--global-kb-spacing-sm, 1.5rem);padding-bottom:var(--global-kb-spacing-sm, 1.5rem);grid-template-columns:minmax(0, 1fr);}.kb-row-layout-id16455_507d10-b7 > .kt-row-layout-overlay{opacity:0.30;}.kb-row-layout-id16455_507d10-b7 .kt-row-layout-bottom-sep{height:100px;}.kb-row-layout-id16455_507d10-b7 .kt-row-layout-bottom-sep svg{width:100%;}.kb-row-layout-id16455_507d10-b7 .kt-row-layout-bottom-sep svg{fill:#ffffff!important;}@media all and (max-width: 1024px){.kb-row-layout-id16455_507d10-b7 > .kt-row-column-wrap{grid-template-columns:minmax(0, 1fr);}}@media all and (max-width: 1024px){.kb-row-layout-id16455_507d10-b7 .kt-row-layout-bottom-sep{height:px;}}@media all and (max-width: 1024px){.kb-row-layout-id16455_507d10-b7 .kt-row-layout-bottom-sep svg{width:%;}}@media all and (max-width: 767px){.kb-row-layout-id16455_507d10-b7 > .kt-row-column-wrap{grid-template-columns:minmax(0, 1fr);}.kb-row-layout-id16455_507d10-b7 .kt-row-layout-bottom-sep{height:px;}.kb-row-layout-id16455_507d10-b7 .kt-row-layout-bottom-sep svg{width:%;}}<\/style><div class=\"kb-row-layout-wrap kb-row-layout-id16455_507d10-b7 alignnone wp-block-kadence-rowlayout\"><div class=\"kt-row-column-wrap kt-has-1-columns kt-row-layout-equal kt-tab-layout-inherit kt-mobile-layout-row kt-row-valign-top\">\n<style>.kadence-column16455_f19470-4e > .kt-inside-inner-col{padding-top:10px;padding-left:20px;}.kadence-column16455_f19470-4e > .kt-inside-inner-col{box-shadow:0px 0px 14px 0px rgba(0, 0, 0, 0.2);}.kadence-column16455_f19470-4e > .kt-inside-inner-col,.kadence-column16455_f19470-4e > .kt-inside-inner-col:before{border-top-left-radius:0px;border-top-right-radius:0px;border-bottom-right-radius:0px;border-bottom-left-radius:0px;}.kadence-column16455_f19470-4e > .kt-inside-inner-col{column-gap:var(--global-kb-gap-sm, 1rem);}.kadence-column16455_f19470-4e > .kt-inside-inner-col{flex-direction:column;}.kadence-column16455_f19470-4e > .kt-inside-inner-col > .aligncenter{width:100%;}.kadence-column16455_f19470-4e > .kt-inside-inner-col:before{opacity:0.3;}.kadence-column16455_f19470-4e{position:relative;}@media all and (max-width: 1024px){.kadence-column16455_f19470-4e > .kt-inside-inner-col{flex-direction:column;justify-content:center;}}@media all and (max-width: 767px){.kadence-column16455_f19470-4e > .kt-inside-inner-col{flex-direction:column;justify-content:center;}}<\/style>\n<div class=\"wp-block-kadence-column kadence-column16455_f19470-4e inner-column-1\"><div class=\"kt-inside-inner-col\">\n<p><strong>Mgr. Nat\u00e1lia Rubeljov\u00e1<\/strong><br>Referentka pre rozvoj medzin\u00e1rodn\u00fdch vz\u0165ahov a podporu vedeckov\u00fdskumnej \u010dinnosti<\/p>\n\n\n\n<p>\u2709&nbsp;natalia.rubeljova@upjs.sk<br>\u2706 +421 55 234 7138<\/p>\n<\/div><\/div>\n\n<\/div><\/div>\n\n<style>.kb-row-layout-id16455_403814-29 > .kt-row-column-wrap{align-content:start;}:where(.kb-row-layout-id16455_403814-29 > .kt-row-column-wrap) > .wp-block-kadence-column{justify-content:start;}.kb-row-layout-id16455_403814-29 > .kt-row-column-wrap{column-gap:var(--global-kb-gap-md, 2rem);row-gap:var(--global-kb-gap-md, 2rem);padding-top:var(--global-kb-spacing-sm, 1.5rem);padding-bottom:var(--global-kb-spacing-sm, 1.5rem);grid-template-columns:minmax(0, 1fr);}.kb-row-layout-id16455_403814-29 > .kt-row-layout-overlay{opacity:0.30;}.kb-row-layout-id16455_403814-29 .kt-row-layout-bottom-sep{height:100px;}.kb-row-layout-id16455_403814-29 .kt-row-layout-bottom-sep svg{width:100%;}.kb-row-layout-id16455_403814-29 .kt-row-layout-bottom-sep svg{fill:#ffffff!important;}@media all and (max-width: 1024px){.kb-row-layout-id16455_403814-29 > .kt-row-column-wrap{grid-template-columns:minmax(0, 1fr);}}@media all and (max-width: 1024px){.kb-row-layout-id16455_403814-29 .kt-row-layout-bottom-sep{height:px;}}@media all and (max-width: 1024px){.kb-row-layout-id16455_403814-29 .kt-row-layout-bottom-sep svg{width:%;}}@media all and (max-width: 767px){.kb-row-layout-id16455_403814-29 > .kt-row-column-wrap{grid-template-columns:minmax(0, 1fr);}.kb-row-layout-id16455_403814-29 .kt-row-layout-bottom-sep{height:px;}.kb-row-layout-id16455_403814-29 .kt-row-layout-bottom-sep svg{width:%;}}<\/style><div class=\"kb-row-layout-wrap kb-row-layout-id16455_403814-29 alignnone wp-block-kadence-rowlayout\"><div class=\"kt-row-column-wrap kt-has-1-columns kt-row-layout-equal kt-tab-layout-inherit kt-mobile-layout-row kt-row-valign-top\">\n<style>.kadence-column16455_358699-4d > .kt-inside-inner-col{padding-top:10px;padding-left:20px;}.kadence-column16455_358699-4d > .kt-inside-inner-col{box-shadow:0px 0px 14px 0px rgba(0, 0, 0, 0.2);}.kadence-column16455_358699-4d > .kt-inside-inner-col,.kadence-column16455_358699-4d > .kt-inside-inner-col:before{border-top-left-radius:0px;border-top-right-radius:0px;border-bottom-right-radius:0px;border-bottom-left-radius:0px;}.kadence-column16455_358699-4d > .kt-inside-inner-col{column-gap:var(--global-kb-gap-sm, 1rem);}.kadence-column16455_358699-4d > .kt-inside-inner-col{flex-direction:column;}.kadence-column16455_358699-4d > .kt-inside-inner-col > .aligncenter{width:100%;}.kadence-column16455_358699-4d > .kt-inside-inner-col:before{opacity:0.3;}.kadence-column16455_358699-4d{position:relative;}@media all and (max-width: 1024px){.kadence-column16455_358699-4d > .kt-inside-inner-col{flex-direction:column;justify-content:center;}}@media all and (max-width: 767px){.kadence-column16455_358699-4d > .kt-inside-inner-col{flex-direction:column;justify-content:center;}}<\/style>\n<div class=\"wp-block-kadence-column kadence-column16455_358699-4d inner-column-1\"><div class=\"kt-inside-inner-col\">\n<p><strong>Ing. Michaela Baltesov\u00e1<\/strong><br>Referentka pre rozvoj medzin\u00e1rodn\u00fdch vz\u0165ahov a podporu vedeckov\u00fdskumnej \u010dinnosti<\/p>\n\n\n\n<p>\u2709&nbsp;michaela.baltesova@upjs.sk<br>\u2706 +421 55 234 7129<\/p>\n<\/div><\/div>\n\n<\/div><\/div>","protected":false},"excerpt":{"rendered":"<p>Dekan\u00e1t FF UPJ\u0160, \u0160rob\u00e1rova 2, 040 59 Ko\u0161ice prof. PhDr. Mari\u00e1n Andri\u010d\u00edk, PhD.Prodekan pre vedeckov\u00fdskumn\u00fa \u010dinnos\u0165 a doktorandsk\u00e9 \u0161t\u00fadium \u2709 marian.andricik@upjs.sk\u2706 +421 55 234 7189; +421 918 923 063 doc. Mgr. Vladim\u00edr Lichner, PhD.Prodekan pre medzin\u00e1rodn\u00e9 vz\u0165ahy \u2709 vladimir.lichner@upjs.sk\u2706 +421 55 234 7118; +421 940 607 616 Mgr. Gabriela Onu\u0161kov\u00e1, PhD.Referentka pre vedu, v\u00fdskum, kvalifika\u010dn\u00fd &hellip; <a href=\"https:\/\/www.upjs.sk\/filozoficka-fakulta\/utvar-vav-mv\/\">\u010c\u00edta\u0165 \u010falej<\/a><\/p>\n","protected":false},"author":1,"featured_media":16456,"parent":0,"menu_order":4,"comment_status":"closed","ping_status":"closed","template":"","meta":{"_acf_changed":false,"_editorskit_title_hidden":false,"_editorskit_reading_time":1,"_editorskit_is_block_options_detached":false,"_editorskit_block_options_position":"{}","footnotes":""},"categories":[],"tags":[],"class_list":["post-16455","page","type-page","status-publish","has-post-thumbnail","hentry"],"acf":{"acf_link_na_externy_obsah":""},"yoast_head":"<!-- This site is optimized with the Yoast SEO plugin v27.4 - https:\/\/yoast.com\/product\/yoast-seo-wordpress\/ -->\n<title>\u00datvar pre vedu, v\u00fdskum, kvalifika\u010dn\u00fd rast, doktorandsk\u00e9 \u0161t\u00fadium a medzin\u00e1rodn\u00e9 vz\u0165ahy - Filozofick\u00e1 fakulta | UPJ\u0160<\/title>\n<meta name=\"robots\" content=\"index, follow, max-snippet:-1, max-image-preview:large, max-video-preview:-1\" \/>\n<link rel=\"canonical\" href=\"https:\/\/www.upjs.sk\/filozoficka-fakulta\/utvar-vav-mv\/\" \/>\n<meta property=\"og:locale\" content=\"sk_SK\" \/>\n<meta property=\"og:type\" content=\"article\" \/>\n<meta property=\"og:title\" content=\"\u00datvar pre vedu, v\u00fdskum, kvalifika\u010dn\u00fd rast, doktorandsk\u00e9 \u0161t\u00fadium a medzin\u00e1rodn\u00e9 vz\u0165ahy - Filozofick\u00e1 fakulta | UPJ\u0160\" \/>\n<meta property=\"og:description\" content=\"Dekan\u00e1t FF UPJ\u0160, \u0160rob\u00e1rova 2, 040 59 Ko\u0161ice prof. PhDr. Mari\u00e1n Andri\u010d\u00edk, PhD.Prodekan pre vedeckov\u00fdskumn\u00fa \u010dinnos\u0165 a doktorandsk\u00e9 \u0161t\u00fadium \u2709 marian.andricik@upjs.sk\u2706 +421 55 234 7189; +421 918 923 063 doc. Mgr. Vladim\u00edr Lichner, PhD.Prodekan pre medzin\u00e1rodn\u00e9 vz\u0165ahy \u2709 vladimir.lichner@upjs.sk\u2706 +421 55 234 7118; +421 940 607 616 Mgr. Gabriela Onu\u0161kov\u00e1, PhD.Referentka pre vedu, v\u00fdskum, kvalifika\u010dn\u00fd &hellip; \u010c\u00edta\u0165 \u010falej\" \/>\n<meta property=\"og:url\" content=\"https:\/\/www.upjs.sk\/filozoficka-fakulta\/utvar-vav-mv\/\" \/>\n<meta property=\"og:site_name\" content=\"Filozofick\u00e1 fakulta | UPJ\u0160\" \/>\n<meta property=\"article:modified_time\" content=\"2025-10-06T12:45:31+00:00\" \/>\n<meta property=\"og:image\" content=\"https:\/\/www.upjs.sk\/app\/uploads\/sites\/7\/2022\/10\/Andricik.jpg\" \/>\n\t<meta property=\"og:image:width\" content=\"150\" \/>\n\t<meta property=\"og:image:height\" content=\"200\" \/>\n\t<meta property=\"og:image:type\" content=\"image\/jpeg\" \/>\n<meta name=\"twitter:card\" content=\"summary_large_image\" \/>\n<meta name=\"twitter:label1\" content=\"Predpokladan\u00fd \u010das \u010d\u00edtania\" \/>\n\t<meta name=\"twitter:data1\" content=\"1 min\u00fata\" \/>\n<script type=\"application\/ld+json\" class=\"yoast-schema-graph\">{\"@context\":\"https:\\\/\\\/schema.org\",\"@graph\":[{\"@type\":\"WebPage\",\"@id\":\"https:\\\/\\\/www.upjs.sk\\\/filozoficka-fakulta\\\/utvar-vav-mv\\\/\",\"url\":\"https:\\\/\\\/www.upjs.sk\\\/filozoficka-fakulta\\\/utvar-vav-mv\\\/\",\"name\":\"\u00datvar pre vedu, v\u00fdskum, kvalifika\u010dn\u00fd rast, doktorandsk\u00e9 \u0161t\u00fadium a medzin\u00e1rodn\u00e9 vz\u0165ahy - Filozofick\u00e1 fakulta | UPJ\u0160\",\"isPartOf\":{\"@id\":\"https:\\\/\\\/www.upjs.sk\\\/filozoficka-fakulta\\\/#website\"},\"primaryImageOfPage\":{\"@id\":\"https:\\\/\\\/www.upjs.sk\\\/filozoficka-fakulta\\\/utvar-vav-mv\\\/#primaryimage\"},\"image\":{\"@id\":\"https:\\\/\\\/www.upjs.sk\\\/filozoficka-fakulta\\\/utvar-vav-mv\\\/#primaryimage\"},\"thumbnailUrl\":\"https:\\\/\\\/www.upjs.sk\\\/app\\\/uploads\\\/sites\\\/7\\\/2022\\\/10\\\/Andricik.jpg\",\"datePublished\":\"2021-11-30T09:22:28+00:00\",\"dateModified\":\"2025-10-06T12:45:31+00:00\",\"breadcrumb\":{\"@id\":\"https:\\\/\\\/www.upjs.sk\\\/filozoficka-fakulta\\\/utvar-vav-mv\\\/#breadcrumb\"},\"inLanguage\":\"sk-SK\",\"potentialAction\":[{\"@type\":\"ReadAction\",\"target\":[\"https:\\\/\\\/www.upjs.sk\\\/filozoficka-fakulta\\\/utvar-vav-mv\\\/\"]}]},{\"@type\":\"ImageObject\",\"inLanguage\":\"sk-SK\",\"@id\":\"https:\\\/\\\/www.upjs.sk\\\/filozoficka-fakulta\\\/utvar-vav-mv\\\/#primaryimage\",\"url\":\"https:\\\/\\\/www.upjs.sk\\\/app\\\/uploads\\\/sites\\\/7\\\/2022\\\/10\\\/Andricik.jpg\",\"contentUrl\":\"https:\\\/\\\/www.upjs.sk\\\/app\\\/uploads\\\/sites\\\/7\\\/2022\\\/10\\\/Andricik.jpg\",\"width\":150,\"height\":200,\"caption\":\"utvar\"},{\"@type\":\"BreadcrumbList\",\"@id\":\"https:\\\/\\\/www.upjs.sk\\\/filozoficka-fakulta\\\/utvar-vav-mv\\\/#breadcrumb\",\"itemListElement\":[{\"@type\":\"ListItem\",\"position\":1,\"name\":\"Home\",\"item\":\"https:\\\/\\\/www.upjs.sk\\\/filozoficka-fakulta\\\/\"},{\"@type\":\"ListItem\",\"position\":2,\"name\":\"\u00datvar pre vedu, v\u00fdskum, kvalifika\u010dn\u00fd rast, doktorandsk\u00e9 \u0161t\u00fadium a medzin\u00e1rodn\u00e9 vz\u0165ahy\"}]},{\"@type\":\"WebSite\",\"@id\":\"https:\\\/\\\/www.upjs.sk\\\/filozoficka-fakulta\\\/#website\",\"url\":\"https:\\\/\\\/www.upjs.sk\\\/filozoficka-fakulta\\\/\",\"name\":\"Filozofick\u00e1 fakulta | UPJ\u0160\",\"description\":\"\",\"publisher\":{\"@id\":\"https:\\\/\\\/www.upjs.sk\\\/filozoficka-fakulta\\\/#organization\"},\"potentialAction\":[{\"@type\":\"SearchAction\",\"target\":{\"@type\":\"EntryPoint\",\"urlTemplate\":\"https:\\\/\\\/www.upjs.sk\\\/filozoficka-fakulta\\\/?s={search_term_string}\"},\"query-input\":{\"@type\":\"PropertyValueSpecification\",\"valueRequired\":true,\"valueName\":\"search_term_string\"}}],\"inLanguage\":\"sk-SK\"},{\"@type\":\"Organization\",\"@id\":\"https:\\\/\\\/www.upjs.sk\\\/filozoficka-fakulta\\\/#organization\",\"name\":\"Filozofick\u00e1 fakulta | UPJ\u0160\",\"url\":\"https:\\\/\\\/www.upjs.sk\\\/filozoficka-fakulta\\\/\",\"logo\":{\"@type\":\"ImageObject\",\"inLanguage\":\"sk-SK\",\"@id\":\"https:\\\/\\\/www.upjs.sk\\\/filozoficka-fakulta\\\/#\\\/schema\\\/logo\\\/image\\\/\",\"url\":\"https:\\\/\\\/www.upjs.sk\\\/app\\\/uploads\\\/sites\\\/7\\\/2022\\\/09\\\/logo-filozoficka-fakulta.png\",\"contentUrl\":\"https:\\\/\\\/www.upjs.sk\\\/app\\\/uploads\\\/sites\\\/7\\\/2022\\\/09\\\/logo-filozoficka-fakulta.png\",\"width\":415,\"height\":87,\"caption\":\"Filozofick\u00e1 fakulta | UPJ\u0160\"},\"image\":{\"@id\":\"https:\\\/\\\/www.upjs.sk\\\/filozoficka-fakulta\\\/#\\\/schema\\\/logo\\\/image\\\/\"}}]}<\/script>\n<!-- \/ Yoast SEO plugin. -->","yoast_head_json":{"title":"\u00datvar pre vedu, v\u00fdskum, kvalifika\u010dn\u00fd rast, doktorandsk\u00e9 \u0161t\u00fadium a medzin\u00e1rodn\u00e9 vz\u0165ahy - Filozofick\u00e1 fakulta | UPJ\u0160","robots":{"index":"index","follow":"follow","max-snippet":"max-snippet:-1","max-image-preview":"max-image-preview:large","max-video-preview":"max-video-preview:-1"},"canonical":"https:\/\/www.upjs.sk\/filozoficka-fakulta\/utvar-vav-mv\/","og_locale":"sk_SK","og_type":"article","og_title":"\u00datvar pre vedu, v\u00fdskum, kvalifika\u010dn\u00fd rast, doktorandsk\u00e9 \u0161t\u00fadium a medzin\u00e1rodn\u00e9 vz\u0165ahy - Filozofick\u00e1 fakulta | UPJ\u0160","og_description":"Dekan\u00e1t FF UPJ\u0160, \u0160rob\u00e1rova 2, 040 59 Ko\u0161ice prof. PhDr. Mari\u00e1n Andri\u010d\u00edk, PhD.Prodekan pre vedeckov\u00fdskumn\u00fa \u010dinnos\u0165 a doktorandsk\u00e9 \u0161t\u00fadium \u2709 marian.andricik@upjs.sk\u2706 +421 55 234 7189; +421 918 923 063 doc. Mgr. Vladim\u00edr Lichner, PhD.Prodekan pre medzin\u00e1rodn\u00e9 vz\u0165ahy \u2709 vladimir.lichner@upjs.sk\u2706 +421 55 234 7118; +421 940 607 616 Mgr. Gabriela Onu\u0161kov\u00e1, PhD.Referentka pre vedu, v\u00fdskum, kvalifika\u010dn\u00fd &hellip; \u010c\u00edta\u0165 \u010falej","og_url":"https:\/\/www.upjs.sk\/filozoficka-fakulta\/utvar-vav-mv\/","og_site_name":"Filozofick\u00e1 fakulta | UPJ\u0160","article_modified_time":"2025-10-06T12:45:31+00:00","og_image":[{"width":150,"height":200,"url":"https:\/\/www.upjs.sk\/app\/uploads\/sites\/7\/2022\/10\/Andricik.jpg","type":"image\/jpeg"}],"twitter_card":"summary_large_image","twitter_misc":{"Predpokladan\u00fd \u010das \u010d\u00edtania":"1 min\u00fata"},"schema":{"@context":"https:\/\/schema.org","@graph":[{"@type":"WebPage","@id":"https:\/\/www.upjs.sk\/filozoficka-fakulta\/utvar-vav-mv\/","url":"https:\/\/www.upjs.sk\/filozoficka-fakulta\/utvar-vav-mv\/","name":"\u00datvar pre vedu, v\u00fdskum, kvalifika\u010dn\u00fd rast, doktorandsk\u00e9 \u0161t\u00fadium a medzin\u00e1rodn\u00e9 vz\u0165ahy - Filozofick\u00e1 fakulta | UPJ\u0160","isPartOf":{"@id":"https:\/\/www.upjs.sk\/filozoficka-fakulta\/#website"},"primaryImageOfPage":{"@id":"https:\/\/www.upjs.sk\/filozoficka-fakulta\/utvar-vav-mv\/#primaryimage"},"image":{"@id":"https:\/\/www.upjs.sk\/filozoficka-fakulta\/utvar-vav-mv\/#primaryimage"},"thumbnailUrl":"https:\/\/www.upjs.sk\/app\/uploads\/sites\/7\/2022\/10\/Andricik.jpg","datePublished":"2021-11-30T09:22:28+00:00","dateModified":"2025-10-06T12:45:31+00:00","breadcrumb":{"@id":"https:\/\/www.upjs.sk\/filozoficka-fakulta\/utvar-vav-mv\/#breadcrumb"},"inLanguage":"sk-SK","potentialAction":[{"@type":"ReadAction","target":["https:\/\/www.upjs.sk\/filozoficka-fakulta\/utvar-vav-mv\/"]}]},{"@type":"ImageObject","inLanguage":"sk-SK","@id":"https:\/\/www.upjs.sk\/filozoficka-fakulta\/utvar-vav-mv\/#primaryimage","url":"https:\/\/www.upjs.sk\/app\/uploads\/sites\/7\/2022\/10\/Andricik.jpg","contentUrl":"https:\/\/www.upjs.sk\/app\/uploads\/sites\/7\/2022\/10\/Andricik.jpg","width":150,"height":200,"caption":"utvar"},{"@type":"BreadcrumbList","@id":"https:\/\/www.upjs.sk\/filozoficka-fakulta\/utvar-vav-mv\/#breadcrumb","itemListElement":[{"@type":"ListItem","position":1,"name":"Home","item":"https:\/\/www.upjs.sk\/filozoficka-fakulta\/"},{"@type":"ListItem","position":2,"name":"\u00datvar pre vedu, v\u00fdskum, kvalifika\u010dn\u00fd rast, doktorandsk\u00e9 \u0161t\u00fadium a medzin\u00e1rodn\u00e9 vz\u0165ahy"}]},{"@type":"WebSite","@id":"https:\/\/www.upjs.sk\/filozoficka-fakulta\/#website","url":"https:\/\/www.upjs.sk\/filozoficka-fakulta\/","name":"Filozofick\u00e1 fakulta | UPJ\u0160","description":"","publisher":{"@id":"https:\/\/www.upjs.sk\/filozoficka-fakulta\/#organization"},"potentialAction":[{"@type":"SearchAction","target":{"@type":"EntryPoint","urlTemplate":"https:\/\/www.upjs.sk\/filozoficka-fakulta\/?s={search_term_string}"},"query-input":{"@type":"PropertyValueSpecification","valueRequired":true,"valueName":"search_term_string"}}],"inLanguage":"sk-SK"},{"@type":"Organization","@id":"https:\/\/www.upjs.sk\/filozoficka-fakulta\/#organization","name":"Filozofick\u00e1 fakulta | UPJ\u0160","url":"https:\/\/www.upjs.sk\/filozoficka-fakulta\/","logo":{"@type":"ImageObject","inLanguage":"sk-SK","@id":"https:\/\/www.upjs.sk\/filozoficka-fakulta\/#\/schema\/logo\/image\/","url":"https:\/\/www.upjs.sk\/app\/uploads\/sites\/7\/2022\/09\/logo-filozoficka-fakulta.png","contentUrl":"https:\/\/www.upjs.sk\/app\/uploads\/sites\/7\/2022\/09\/logo-filozoficka-fakulta.png","width":415,"height":87,"caption":"Filozofick\u00e1 fakulta | UPJ\u0160"},"image":{"@id":"https:\/\/www.upjs.sk\/filozoficka-fakulta\/#\/schema\/logo\/image\/"}}]}},"_links":{"self":[{"href":"https:\/\/www.upjs.sk\/filozoficka-fakulta\/wp-json\/wp\/v2\/pages\/16455","targetHints":{"allow":["GET"]}}],"collection":[{"href":"https:\/\/www.upjs.sk\/filozoficka-fakulta\/wp-json\/wp\/v2\/pages"}],"about":[{"href":"https:\/\/www.upjs.sk\/filozoficka-fakulta\/wp-json\/wp\/v2\/types\/page"}],"author":[{"embeddable":true,"href":"https:\/\/www.upjs.sk\/filozoficka-fakulta\/wp-json\/wp\/v2\/users\/1"}],"replies":[{"embeddable":true,"href":"https:\/\/www.upjs.sk\/filozoficka-fakulta\/wp-json\/wp\/v2\/comments?post=16455"}],"version-history":[{"count":20,"href":"https:\/\/www.upjs.sk\/filozoficka-fakulta\/wp-json\/wp\/v2\/pages\/16455\/revisions"}],"predecessor-version":[{"id":57061,"href":"https:\/\/www.upjs.sk\/filozoficka-fakulta\/wp-json\/wp\/v2\/pages\/16455\/revisions\/57061"}],"wp:featuredmedia":[{"embeddable":true,"href":"https:\/\/www.upjs.sk\/filozoficka-fakulta\/wp-json\/wp\/v2\/media\/16456"}],"wp:attachment":[{"href":"https:\/\/www.upjs.sk\/filozoficka-fakulta\/wp-json\/wp\/v2\/media?parent=16455"}],"wp:term":[{"taxonomy":"category","embeddable":true,"href":"https:\/\/www.upjs.sk\/filozoficka-fakulta\/wp-json\/wp\/v2\/categories?post=16455"},{"taxonomy":"post_tag","embeddable":true,"href":"https:\/\/www.upjs.sk\/filozoficka-fakulta\/wp-json\/wp\/v2\/tags?post=16455"}],"curies":[{"name":"wp","href":"https:\/\/api.w.org\/{rel}","templated":true}]}}