{"id":16512,"date":"2019-10-24T20:17:56","date_gmt":"2019-10-24T20:17:56","guid":{"rendered":"https:\/\/www.upjs.sk\/filozoficka-fakulta\/veda-a-vyskum\/odporucane-stranky\/"},"modified":"2022-11-13T21:32:39","modified_gmt":"2022-11-13T20:32:39","slug":"odporucane-stranky","status":"publish","type":"page","link":"https:\/\/www.upjs.sk\/filozoficka-fakulta\/veda-a-vyskum\/odporucane-stranky\/","title":{"rendered":"Odpor\u00fa\u010dan\u00e9 str\u00e1nky"},"content":{"rendered":"<ul>\n<li><a href=\"http:\/\/www.minedu.sk\/\" target=\"_blank\" rel=\"noopener\">Ministerstvo \u0161kolstva SR<\/a><\/li>\n<li><a href=\"http:\/\/www.srk.sk\/\" target=\"_blank\" rel=\"noopener\">Slovensk\u00e1 rektorsk\u00e1 konferencia<\/a><\/li>\n<li><a href=\"http:\/\/www.akredkom.sk\/\" target=\"_blank\" rel=\"noopener\">Akredita\u010dn\u00e1 komisia<\/a><\/li>\n<li><a href=\"http:\/\/www.savba.sk\/\" target=\"_blank\" rel=\"noopener\">Slovensk\u00e1 akad\u00e9mia vied<\/a><\/li>\n<li><a href=\"https:\/\/www.minedu.sk\/slovenska-komisia-pre-vedecke-hodnosti\/\" target=\"_blank\" rel=\"noopener\">Slovensk\u00e1 komisia pre vedeck\u00e9 hodnosti<\/a><\/li>\n<li><a href=\"https:\/\/www.minedu.sk\/193-sk\/strukturalne-fondy-eu\/\" target=\"_blank\" rel=\"noopener\">\u0160truktur\u00e1lne fondy pre Slovensko<\/a><\/li>\n<\/ul>\n","protected":false},"excerpt":{"rendered":"<p>Ministerstvo \u0161kolstva SR Slovensk\u00e1 rektorsk\u00e1 konferencia Akredita\u010dn\u00e1 komisia Slovensk\u00e1 akad\u00e9mia vied Slovensk\u00e1 komisia pre vedeck\u00e9 hodnosti \u0160truktur\u00e1lne fondy pre Slovensko<\/p>\n","protected":false},"author":1,"featured_media":0,"parent":16446,"menu_order":5,"comment_status":"closed","ping_status":"closed","template":"","meta":{"_acf_changed":false,"_editorskit_title_hidden":false,"_editorskit_reading_time":0,"_editorskit_is_block_options_detached":false,"_editorskit_block_options_position":"{}","footnotes":""},"categories":[],"tags":[],"class_list":["post-16512","page","type-page","status-publish","hentry"],"acf":{"acf_link_na_externy_obsah":""},"yoast_head":"<!-- This site is optimized with the Yoast SEO plugin v27.5 - https:\/\/yoast.com\/product\/yoast-seo-wordpress\/ -->\n<title>Odpor\u00fa\u010dan\u00e9 str\u00e1nky - Filozofick\u00e1 fakulta | UPJ\u0160<\/title>\n<meta name=\"robots\" content=\"index, follow, max-snippet:-1, max-image-preview:large, max-video-preview:-1\" \/>\n<link rel=\"canonical\" href=\"https:\/\/www.upjs.sk\/filozoficka-fakulta\/veda-a-vyskum\/odporucane-stranky\/\" \/>\n<meta property=\"og:locale\" content=\"sk_SK\" \/>\n<meta property=\"og:type\" content=\"article\" \/>\n<meta property=\"og:title\" content=\"Odpor\u00fa\u010dan\u00e9 str\u00e1nky - Filozofick\u00e1 fakulta | UPJ\u0160\" \/>\n<meta property=\"og:description\" content=\"Ministerstvo \u0161kolstva SR Slovensk\u00e1 rektorsk\u00e1 konferencia Akredita\u010dn\u00e1 komisia Slovensk\u00e1 akad\u00e9mia vied Slovensk\u00e1 komisia pre vedeck\u00e9 hodnosti \u0160truktur\u00e1lne fondy pre Slovensko\" \/>\n<meta property=\"og:url\" content=\"https:\/\/www.upjs.sk\/filozoficka-fakulta\/veda-a-vyskum\/odporucane-stranky\/\" \/>\n<meta property=\"og:site_name\" content=\"Filozofick\u00e1 fakulta | UPJ\u0160\" \/>\n<meta property=\"article:modified_time\" content=\"2022-11-13T20:32:39+00:00\" \/>\n<meta name=\"twitter:card\" content=\"summary_large_image\" \/>\n<script type=\"application\/ld+json\" class=\"yoast-schema-graph\">{\"@context\":\"https:\\\/\\\/schema.org\",\"@graph\":[{\"@type\":\"WebPage\",\"@id\":\"https:\\\/\\\/www.upjs.sk\\\/filozoficka-fakulta\\\/veda-a-vyskum\\\/odporucane-stranky\\\/\",\"url\":\"https:\\\/\\\/www.upjs.sk\\\/filozoficka-fakulta\\\/veda-a-vyskum\\\/odporucane-stranky\\\/\",\"name\":\"Odpor\u00fa\u010dan\u00e9 str\u00e1nky - Filozofick\u00e1 fakulta | UPJ\u0160\",\"isPartOf\":{\"@id\":\"https:\\\/\\\/www.upjs.sk\\\/filozoficka-fakulta\\\/#website\"},\"datePublished\":\"2019-10-24T20:17:56+00:00\",\"dateModified\":\"2022-11-13T20:32:39+00:00\",\"breadcrumb\":{\"@id\":\"https:\\\/\\\/www.upjs.sk\\\/filozoficka-fakulta\\\/veda-a-vyskum\\\/odporucane-stranky\\\/#breadcrumb\"},\"inLanguage\":\"sk-SK\",\"potentialAction\":[{\"@type\":\"ReadAction\",\"target\":[\"https:\\\/\\\/www.upjs.sk\\\/filozoficka-fakulta\\\/veda-a-vyskum\\\/odporucane-stranky\\\/\"]}]},{\"@type\":\"BreadcrumbList\",\"@id\":\"https:\\\/\\\/www.upjs.sk\\\/filozoficka-fakulta\\\/veda-a-vyskum\\\/odporucane-stranky\\\/#breadcrumb\",\"itemListElement\":[{\"@type\":\"ListItem\",\"position\":1,\"name\":\"Home\",\"item\":\"https:\\\/\\\/www.upjs.sk\\\/filozoficka-fakulta\\\/\"},{\"@type\":\"ListItem\",\"position\":2,\"name\":\"Veda a v\u00fdskum\",\"item\":\"https:\\\/\\\/www.upjs.sk\\\/filozoficka-fakulta\\\/veda-a-vyskum\\\/\"},{\"@type\":\"ListItem\",\"position\":3,\"name\":\"Odpor\u00fa\u010dan\u00e9 str\u00e1nky\"}]},{\"@type\":\"WebSite\",\"@id\":\"https:\\\/\\\/www.upjs.sk\\\/filozoficka-fakulta\\\/#website\",\"url\":\"https:\\\/\\\/www.upjs.sk\\\/filozoficka-fakulta\\\/\",\"name\":\"Filozofick\u00e1 fakulta | UPJ\u0160\",\"description\":\"\",\"publisher\":{\"@id\":\"https:\\\/\\\/www.upjs.sk\\\/filozoficka-fakulta\\\/#organization\"},\"potentialAction\":[{\"@type\":\"SearchAction\",\"target\":{\"@type\":\"EntryPoint\",\"urlTemplate\":\"https:\\\/\\\/www.upjs.sk\\\/filozoficka-fakulta\\\/?s={search_term_string}\"},\"query-input\":{\"@type\":\"PropertyValueSpecification\",\"valueRequired\":true,\"valueName\":\"search_term_string\"}}],\"inLanguage\":\"sk-SK\"},{\"@type\":\"Organization\",\"@id\":\"https:\\\/\\\/www.upjs.sk\\\/filozoficka-fakulta\\\/#organization\",\"name\":\"Filozofick\u00e1 fakulta | UPJ\u0160\",\"url\":\"https:\\\/\\\/www.upjs.sk\\\/filozoficka-fakulta\\\/\",\"logo\":{\"@type\":\"ImageObject\",\"inLanguage\":\"sk-SK\",\"@id\":\"https:\\\/\\\/www.upjs.sk\\\/filozoficka-fakulta\\\/#\\\/schema\\\/logo\\\/image\\\/\",\"url\":\"https:\\\/\\\/www.upjs.sk\\\/app\\\/uploads\\\/sites\\\/7\\\/2022\\\/09\\\/logo-filozoficka-fakulta.png\",\"contentUrl\":\"https:\\\/\\\/www.upjs.sk\\\/app\\\/uploads\\\/sites\\\/7\\\/2022\\\/09\\\/logo-filozoficka-fakulta.png\",\"width\":415,\"height\":87,\"caption\":\"Filozofick\u00e1 fakulta | UPJ\u0160\"},\"image\":{\"@id\":\"https:\\\/\\\/www.upjs.sk\\\/filozoficka-fakulta\\\/#\\\/schema\\\/logo\\\/image\\\/\"}}]}<\/script>\n<!-- \/ Yoast SEO plugin. -->","yoast_head_json":{"title":"Odpor\u00fa\u010dan\u00e9 str\u00e1nky - Filozofick\u00e1 fakulta | UPJ\u0160","robots":{"index":"index","follow":"follow","max-snippet":"max-snippet:-1","max-image-preview":"max-image-preview:large","max-video-preview":"max-video-preview:-1"},"canonical":"https:\/\/www.upjs.sk\/filozoficka-fakulta\/veda-a-vyskum\/odporucane-stranky\/","og_locale":"sk_SK","og_type":"article","og_title":"Odpor\u00fa\u010dan\u00e9 str\u00e1nky - Filozofick\u00e1 fakulta | UPJ\u0160","og_description":"Ministerstvo \u0161kolstva SR Slovensk\u00e1 rektorsk\u00e1 konferencia Akredita\u010dn\u00e1 komisia Slovensk\u00e1 akad\u00e9mia vied Slovensk\u00e1 komisia pre vedeck\u00e9 hodnosti \u0160truktur\u00e1lne fondy pre Slovensko","og_url":"https:\/\/www.upjs.sk\/filozoficka-fakulta\/veda-a-vyskum\/odporucane-stranky\/","og_site_name":"Filozofick\u00e1 fakulta | UPJ\u0160","article_modified_time":"2022-11-13T20:32:39+00:00","twitter_card":"summary_large_image","schema":{"@context":"https:\/\/schema.org","@graph":[{"@type":"WebPage","@id":"https:\/\/www.upjs.sk\/filozoficka-fakulta\/veda-a-vyskum\/odporucane-stranky\/","url":"https:\/\/www.upjs.sk\/filozoficka-fakulta\/veda-a-vyskum\/odporucane-stranky\/","name":"Odpor\u00fa\u010dan\u00e9 str\u00e1nky - Filozofick\u00e1 fakulta | UPJ\u0160","isPartOf":{"@id":"https:\/\/www.upjs.sk\/filozoficka-fakulta\/#website"},"datePublished":"2019-10-24T20:17:56+00:00","dateModified":"2022-11-13T20:32:39+00:00","breadcrumb":{"@id":"https:\/\/www.upjs.sk\/filozoficka-fakulta\/veda-a-vyskum\/odporucane-stranky\/#breadcrumb"},"inLanguage":"sk-SK","potentialAction":[{"@type":"ReadAction","target":["https:\/\/www.upjs.sk\/filozoficka-fakulta\/veda-a-vyskum\/odporucane-stranky\/"]}]},{"@type":"BreadcrumbList","@id":"https:\/\/www.upjs.sk\/filozoficka-fakulta\/veda-a-vyskum\/odporucane-stranky\/#breadcrumb","itemListElement":[{"@type":"ListItem","position":1,"name":"Home","item":"https:\/\/www.upjs.sk\/filozoficka-fakulta\/"},{"@type":"ListItem","position":2,"name":"Veda a v\u00fdskum","item":"https:\/\/www.upjs.sk\/filozoficka-fakulta\/veda-a-vyskum\/"},{"@type":"ListItem","position":3,"name":"Odpor\u00fa\u010dan\u00e9 str\u00e1nky"}]},{"@type":"WebSite","@id":"https:\/\/www.upjs.sk\/filozoficka-fakulta\/#website","url":"https:\/\/www.upjs.sk\/filozoficka-fakulta\/","name":"Filozofick\u00e1 fakulta | UPJ\u0160","description":"","publisher":{"@id":"https:\/\/www.upjs.sk\/filozoficka-fakulta\/#organization"},"potentialAction":[{"@type":"SearchAction","target":{"@type":"EntryPoint","urlTemplate":"https:\/\/www.upjs.sk\/filozoficka-fakulta\/?s={search_term_string}"},"query-input":{"@type":"PropertyValueSpecification","valueRequired":true,"valueName":"search_term_string"}}],"inLanguage":"sk-SK"},{"@type":"Organization","@id":"https:\/\/www.upjs.sk\/filozoficka-fakulta\/#organization","name":"Filozofick\u00e1 fakulta | UPJ\u0160","url":"https:\/\/www.upjs.sk\/filozoficka-fakulta\/","logo":{"@type":"ImageObject","inLanguage":"sk-SK","@id":"https:\/\/www.upjs.sk\/filozoficka-fakulta\/#\/schema\/logo\/image\/","url":"https:\/\/www.upjs.sk\/app\/uploads\/sites\/7\/2022\/09\/logo-filozoficka-fakulta.png","contentUrl":"https:\/\/www.upjs.sk\/app\/uploads\/sites\/7\/2022\/09\/logo-filozoficka-fakulta.png","width":415,"height":87,"caption":"Filozofick\u00e1 fakulta | UPJ\u0160"},"image":{"@id":"https:\/\/www.upjs.sk\/filozoficka-fakulta\/#\/schema\/logo\/image\/"}}]}},"_links":{"self":[{"href":"https:\/\/www.upjs.sk\/filozoficka-fakulta\/wp-json\/wp\/v2\/pages\/16512","targetHints":{"allow":["GET"]}}],"collection":[{"href":"https:\/\/www.upjs.sk\/filozoficka-fakulta\/wp-json\/wp\/v2\/pages"}],"about":[{"href":"https:\/\/www.upjs.sk\/filozoficka-fakulta\/wp-json\/wp\/v2\/types\/page"}],"author":[{"embeddable":true,"href":"https:\/\/www.upjs.sk\/filozoficka-fakulta\/wp-json\/wp\/v2\/users\/1"}],"replies":[{"embeddable":true,"href":"https:\/\/www.upjs.sk\/filozoficka-fakulta\/wp-json\/wp\/v2\/comments?post=16512"}],"version-history":[{"count":1,"href":"https:\/\/www.upjs.sk\/filozoficka-fakulta\/wp-json\/wp\/v2\/pages\/16512\/revisions"}],"predecessor-version":[{"id":23857,"href":"https:\/\/www.upjs.sk\/filozoficka-fakulta\/wp-json\/wp\/v2\/pages\/16512\/revisions\/23857"}],"up":[{"embeddable":true,"href":"https:\/\/www.upjs.sk\/filozoficka-fakulta\/wp-json\/wp\/v2\/pages\/16446"}],"wp:attachment":[{"href":"https:\/\/www.upjs.sk\/filozoficka-fakulta\/wp-json\/wp\/v2\/media?parent=16512"}],"wp:term":[{"taxonomy":"category","embeddable":true,"href":"https:\/\/www.upjs.sk\/filozoficka-fakulta\/wp-json\/wp\/v2\/categories?post=16512"},{"taxonomy":"post_tag","embeddable":true,"href":"https:\/\/www.upjs.sk\/filozoficka-fakulta\/wp-json\/wp\/v2\/tags?post=16512"}],"curies":[{"name":"wp","href":"https:\/\/api.w.org\/{rel}","templated":true}]}}