{"id":16531,"date":"2016-09-29T09:30:23","date_gmt":"2016-09-29T09:30:23","guid":{"rendered":"https:\/\/www.upjs.sk\/filozoficka-fakulta\/konferencie-a-seminare\/uskutocnene-podujatia-2008-09\/"},"modified":"2022-11-13T23:12:59","modified_gmt":"2022-11-13T22:12:59","slug":"uskutocnene-podujatia-2008-09","status":"publish","type":"page","link":"https:\/\/www.upjs.sk\/filozoficka-fakulta\/konferencie-a-seminare\/uskutocnene-podujatia-2008-09\/","title":{"rendered":"Podujatia uskuto\u010dnen\u00e9 v ak. roku 2008\/2009"},"content":{"rendered":"<ul>\n<li><strong>Medzin\u00e1rodn\u00e1 vedeck\u00e1 konferencia<\/strong>\n<p style=\"text-align: left\"><span style=\"color: #f5af00\"><strong>SLOVAKISTIKA VO V\u0160EOBECNOLINGVISTICKEJ\u00a0 PERSPEKT\u00cdVE<\/strong><\/span><br \/>\nKo\u0161ice\u00a0 28. \u2013 29. 5. 2009<\/p>\n<\/li>\n<li><strong>Workshop <\/strong>In\u0161tit\u00fatu pre posgradu\u00e1lne vzdel\u00e1vanie<\/li>\n<\/ul>\n<p style=\"padding-left: 40px\"><strong style=\"font-size: revert;text-align: justify;color: initial\">7. 4. 2009 o 13:00<\/strong><span style=\"font-size: revert;text-align: justify;color: initial\">, v posluch\u00e1rni P1, workshop <\/span><span style=\"color: #f5af00\"><strong>Line\u00e1rna regresia v biomedic\u00ednskom v\u00fdskume<\/strong><\/span><span style=\"font-size: revert;text-align: justify;color: initial\">\u00a0ur\u010den\u00fd pre doktorandov a vedecko-v\u00fdskumn\u00fdch pracovn\u00edkov so z\u00e1ujmom o preh\u013abenie zru\u010dnost\u00ed pri sprac\u00favan\u00ed kvantitat\u00edvnych \u00fadajov.<br \/>\nLektori: doc. RNDr. Ivan \u017de\u017eula, CSc., a RNDr. Daniel Klein, PhD., z \u00dastavu matematick\u00fdch vied PF UPJ\u0160.<\/span><\/p>\n<ul>\n<li><strong>Intern\u00fd odborn\u00fd semin\u00e1r<\/strong><br \/>\n<strong>26. 03. 2009<\/strong> na po\u010des\u0165 \u017eivotn\u00e9ho jubilea\u00a0 profesora PhDr. J\u00e1na Sabola, DrSc.,<strong style=\"color: initial\">\u00a0<\/strong><span style=\"color: initial\">intern\u00fd odborn\u00fd semin\u00e1r.<\/span><\/li>\n<\/ul>\n<p style=\"padding-left: 40px\">Osl\u00e1venec svoj\u00edm vyst\u00fapen\u00edm na t\u00e9mu <span style=\"color: #f5af00\"><strong>Segment\u00e1lny a suprasegment\u00e1lny podsyst\u00e9m<\/strong><\/span> zaujal kolegov i pr\u00edtomn\u00fdch \u0161tudentov. Skoro dve desiatky odborn\u00fdch t\u00e9m, vedecko-v\u00fdskumn\u00fdch aktiv\u00edt, ktor\u00fdmi sa prezentovali v\u0161etci \u010dlenovia katedry i v\u00fdznamn\u00ed hostia, bud\u00fa podchyten\u00e9 v samostatnom zborn\u00edku.<\/p>\n<ul>\n<li><strong>5. &#8211; 7. november 2008, <\/strong>II. medzin\u00e1rodn\u00e1 filozofick\u00e1 konferencia v Ko\u0161iciach<br \/>\n<span style=\"color: #f5af00\"><strong>Kant v kontextoch Husserlovej a Heideggerovej filozofie<\/strong><\/span><br \/>\n<a href=\"\/filozoficka-fakulta\/konferencie-a-seminare\/uskutocnene-podujatia\/fotogaleria-filozofia-2008\/\">Fotogal\u00e9ria<\/a><\/li>\n<\/ul>\n<ul>\n<li><strong>8. &#8211; 10. okt\u00f3ber 2008, <\/strong>medzin\u00e1rodn\u00e1 konferencia<br \/>\n<span style=\"color: #f5af00\"><strong>Psychologia Cassoviensis 2008<\/strong><\/span><br \/>\n<a href=\"\/filozoficka-fakulta\/konferencie-a-seminare\/uskutocnene-podujatia\/fotogaleria-psychologia-2008\/\">Fotogal\u00e9ria<\/a><\/li>\n<\/ul>\n<ul>\n<li>Medzin\u00e1rodn\u00e1 konferencia organizovan\u00e1 Katedrou aplikovanej etiky FF UPJ\u0160 v Ko\u0161iciach<br \/>\n<span style=\"color: #f5af00\"><strong>Aplikovan\u00e9 etiky &#8211; kontext a perspekt\u00edvy<\/strong><\/span><br \/>\nTerm\u00edn: <strong>8. september 2008<\/strong><br \/>\nMiesto konania konferencie: FF UPJ\u0160, Petzvalova 4, Ko\u0161ice<\/li>\n<\/ul>\n<ul>\n<li><strong><a href=\"https:\/\/www.upjs.sk\/app\/uploads\/sites\/7\/2022\/10\/vedecke-podujatia-ff-upjs-2008.pdf\" target=\"_blank\" rel=\"noopener\">Vedeck\u00e9 podujatia v roku 2008<\/a><\/strong><\/li>\n<\/ul>\n<p><!-- Text --><\/p>\n","protected":false},"excerpt":{"rendered":"<p>Medzin\u00e1rodn\u00e1 vedeck\u00e1 konferencia SLOVAKISTIKA VO V\u0160EOBECNOLINGVISTICKEJ\u00a0 PERSPEKT\u00cdVE Ko\u0161ice\u00a0 28. \u2013 29. 5. 2009 Workshop In\u0161tit\u00fatu pre posgradu\u00e1lne vzdel\u00e1vanie 7. 4. 2009 o 13:00, v posluch\u00e1rni P1, workshop Line\u00e1rna regresia v biomedic\u00ednskom v\u00fdskume\u00a0ur\u010den\u00fd pre doktorandov a vedecko-v\u00fdskumn\u00fdch pracovn\u00edkov so z\u00e1ujmom o preh\u013abenie zru\u010dnost\u00ed pri sprac\u00favan\u00ed kvantitat\u00edvnych \u00fadajov. Lektori: doc. RNDr. Ivan \u017de\u017eula, CSc., a RNDr. Daniel &hellip; <a href=\"https:\/\/www.upjs.sk\/filozoficka-fakulta\/konferencie-a-seminare\/uskutocnene-podujatia-2008-09\/\">\u010c\u00edta\u0165 \u010falej<\/a><\/p>\n","protected":false},"author":1,"featured_media":0,"parent":16513,"menu_order":14,"comment_status":"closed","ping_status":"closed","template":"","meta":{"_acf_changed":false,"_editorskit_title_hidden":false,"_editorskit_reading_time":1,"_editorskit_is_block_options_detached":false,"_editorskit_block_options_position":"{}","footnotes":""},"categories":[],"tags":[],"class_list":["post-16531","page","type-page","status-publish","hentry"],"acf":{"acf_link_na_externy_obsah":""},"yoast_head":"<!-- This site is optimized with the Yoast SEO plugin v27.4 - https:\/\/yoast.com\/product\/yoast-seo-wordpress\/ -->\n<title>Podujatia uskuto\u010dnen\u00e9 v ak. roku 2008\/2009 - Filozofick\u00e1 fakulta | UPJ\u0160<\/title>\n<meta name=\"robots\" content=\"index, follow, max-snippet:-1, max-image-preview:large, max-video-preview:-1\" \/>\n<link rel=\"canonical\" href=\"https:\/\/www.upjs.sk\/filozoficka-fakulta\/konferencie-a-seminare\/uskutocnene-podujatia-2008-09\/\" \/>\n<meta property=\"og:locale\" content=\"sk_SK\" \/>\n<meta property=\"og:type\" content=\"article\" \/>\n<meta property=\"og:title\" content=\"Podujatia uskuto\u010dnen\u00e9 v ak. roku 2008\/2009 - Filozofick\u00e1 fakulta | UPJ\u0160\" \/>\n<meta property=\"og:description\" content=\"Medzin\u00e1rodn\u00e1 vedeck\u00e1 konferencia SLOVAKISTIKA VO V\u0160EOBECNOLINGVISTICKEJ\u00a0 PERSPEKT\u00cdVE Ko\u0161ice\u00a0 28. \u2013 29. 5. 2009 Workshop In\u0161tit\u00fatu pre posgradu\u00e1lne vzdel\u00e1vanie 7. 4. 2009 o 13:00, v posluch\u00e1rni P1, workshop Line\u00e1rna regresia v biomedic\u00ednskom v\u00fdskume\u00a0ur\u010den\u00fd pre doktorandov a vedecko-v\u00fdskumn\u00fdch pracovn\u00edkov so z\u00e1ujmom o preh\u013abenie zru\u010dnost\u00ed pri sprac\u00favan\u00ed kvantitat\u00edvnych \u00fadajov. Lektori: doc. RNDr. Ivan \u017de\u017eula, CSc., a RNDr. Daniel &hellip; \u010c\u00edta\u0165 \u010falej\" \/>\n<meta property=\"og:url\" content=\"https:\/\/www.upjs.sk\/filozoficka-fakulta\/konferencie-a-seminare\/uskutocnene-podujatia-2008-09\/\" \/>\n<meta property=\"og:site_name\" content=\"Filozofick\u00e1 fakulta | UPJ\u0160\" \/>\n<meta property=\"article:modified_time\" content=\"2022-11-13T22:12:59+00:00\" \/>\n<meta name=\"twitter:card\" content=\"summary_large_image\" \/>\n<meta name=\"twitter:label1\" content=\"Predpokladan\u00fd \u010das \u010d\u00edtania\" \/>\n\t<meta name=\"twitter:data1\" content=\"1 min\u00fata\" \/>\n<script type=\"application\/ld+json\" class=\"yoast-schema-graph\">{\"@context\":\"https:\\\/\\\/schema.org\",\"@graph\":[{\"@type\":\"WebPage\",\"@id\":\"https:\\\/\\\/www.upjs.sk\\\/filozoficka-fakulta\\\/konferencie-a-seminare\\\/uskutocnene-podujatia-2008-09\\\/\",\"url\":\"https:\\\/\\\/www.upjs.sk\\\/filozoficka-fakulta\\\/konferencie-a-seminare\\\/uskutocnene-podujatia-2008-09\\\/\",\"name\":\"Podujatia uskuto\u010dnen\u00e9 v ak. roku 2008\\\/2009 - Filozofick\u00e1 fakulta | UPJ\u0160\",\"isPartOf\":{\"@id\":\"https:\\\/\\\/www.upjs.sk\\\/filozoficka-fakulta\\\/#website\"},\"datePublished\":\"2016-09-29T09:30:23+00:00\",\"dateModified\":\"2022-11-13T22:12:59+00:00\",\"breadcrumb\":{\"@id\":\"https:\\\/\\\/www.upjs.sk\\\/filozoficka-fakulta\\\/konferencie-a-seminare\\\/uskutocnene-podujatia-2008-09\\\/#breadcrumb\"},\"inLanguage\":\"sk-SK\",\"potentialAction\":[{\"@type\":\"ReadAction\",\"target\":[\"https:\\\/\\\/www.upjs.sk\\\/filozoficka-fakulta\\\/konferencie-a-seminare\\\/uskutocnene-podujatia-2008-09\\\/\"]}]},{\"@type\":\"BreadcrumbList\",\"@id\":\"https:\\\/\\\/www.upjs.sk\\\/filozoficka-fakulta\\\/konferencie-a-seminare\\\/uskutocnene-podujatia-2008-09\\\/#breadcrumb\",\"itemListElement\":[{\"@type\":\"ListItem\",\"position\":1,\"name\":\"Home\",\"item\":\"https:\\\/\\\/www.upjs.sk\\\/filozoficka-fakulta\\\/\"},{\"@type\":\"ListItem\",\"position\":2,\"name\":\"Konferencie a semin\u00e1re\",\"item\":\"https:\\\/\\\/www.upjs.sk\\\/filozoficka-fakulta\\\/konferencie-a-seminare\\\/\"},{\"@type\":\"ListItem\",\"position\":3,\"name\":\"Podujatia uskuto\u010dnen\u00e9 v ak. roku 2008\\\/2009\"}]},{\"@type\":\"WebSite\",\"@id\":\"https:\\\/\\\/www.upjs.sk\\\/filozoficka-fakulta\\\/#website\",\"url\":\"https:\\\/\\\/www.upjs.sk\\\/filozoficka-fakulta\\\/\",\"name\":\"Filozofick\u00e1 fakulta | UPJ\u0160\",\"description\":\"\",\"publisher\":{\"@id\":\"https:\\\/\\\/www.upjs.sk\\\/filozoficka-fakulta\\\/#organization\"},\"potentialAction\":[{\"@type\":\"SearchAction\",\"target\":{\"@type\":\"EntryPoint\",\"urlTemplate\":\"https:\\\/\\\/www.upjs.sk\\\/filozoficka-fakulta\\\/?s={search_term_string}\"},\"query-input\":{\"@type\":\"PropertyValueSpecification\",\"valueRequired\":true,\"valueName\":\"search_term_string\"}}],\"inLanguage\":\"sk-SK\"},{\"@type\":\"Organization\",\"@id\":\"https:\\\/\\\/www.upjs.sk\\\/filozoficka-fakulta\\\/#organization\",\"name\":\"Filozofick\u00e1 fakulta | UPJ\u0160\",\"url\":\"https:\\\/\\\/www.upjs.sk\\\/filozoficka-fakulta\\\/\",\"logo\":{\"@type\":\"ImageObject\",\"inLanguage\":\"sk-SK\",\"@id\":\"https:\\\/\\\/www.upjs.sk\\\/filozoficka-fakulta\\\/#\\\/schema\\\/logo\\\/image\\\/\",\"url\":\"https:\\\/\\\/www.upjs.sk\\\/app\\\/uploads\\\/sites\\\/7\\\/2022\\\/09\\\/logo-filozoficka-fakulta.png\",\"contentUrl\":\"https:\\\/\\\/www.upjs.sk\\\/app\\\/uploads\\\/sites\\\/7\\\/2022\\\/09\\\/logo-filozoficka-fakulta.png\",\"width\":415,\"height\":87,\"caption\":\"Filozofick\u00e1 fakulta | UPJ\u0160\"},\"image\":{\"@id\":\"https:\\\/\\\/www.upjs.sk\\\/filozoficka-fakulta\\\/#\\\/schema\\\/logo\\\/image\\\/\"}}]}<\/script>\n<!-- \/ Yoast SEO plugin. -->","yoast_head_json":{"title":"Podujatia uskuto\u010dnen\u00e9 v ak. roku 2008\/2009 - Filozofick\u00e1 fakulta | UPJ\u0160","robots":{"index":"index","follow":"follow","max-snippet":"max-snippet:-1","max-image-preview":"max-image-preview:large","max-video-preview":"max-video-preview:-1"},"canonical":"https:\/\/www.upjs.sk\/filozoficka-fakulta\/konferencie-a-seminare\/uskutocnene-podujatia-2008-09\/","og_locale":"sk_SK","og_type":"article","og_title":"Podujatia uskuto\u010dnen\u00e9 v ak. roku 2008\/2009 - Filozofick\u00e1 fakulta | UPJ\u0160","og_description":"Medzin\u00e1rodn\u00e1 vedeck\u00e1 konferencia SLOVAKISTIKA VO V\u0160EOBECNOLINGVISTICKEJ\u00a0 PERSPEKT\u00cdVE Ko\u0161ice\u00a0 28. \u2013 29. 5. 2009 Workshop In\u0161tit\u00fatu pre posgradu\u00e1lne vzdel\u00e1vanie 7. 4. 2009 o 13:00, v posluch\u00e1rni P1, workshop Line\u00e1rna regresia v biomedic\u00ednskom v\u00fdskume\u00a0ur\u010den\u00fd pre doktorandov a vedecko-v\u00fdskumn\u00fdch pracovn\u00edkov so z\u00e1ujmom o preh\u013abenie zru\u010dnost\u00ed pri sprac\u00favan\u00ed kvantitat\u00edvnych \u00fadajov. Lektori: doc. RNDr. Ivan \u017de\u017eula, CSc., a RNDr. Daniel &hellip; \u010c\u00edta\u0165 \u010falej","og_url":"https:\/\/www.upjs.sk\/filozoficka-fakulta\/konferencie-a-seminare\/uskutocnene-podujatia-2008-09\/","og_site_name":"Filozofick\u00e1 fakulta | UPJ\u0160","article_modified_time":"2022-11-13T22:12:59+00:00","twitter_card":"summary_large_image","twitter_misc":{"Predpokladan\u00fd \u010das \u010d\u00edtania":"1 min\u00fata"},"schema":{"@context":"https:\/\/schema.org","@graph":[{"@type":"WebPage","@id":"https:\/\/www.upjs.sk\/filozoficka-fakulta\/konferencie-a-seminare\/uskutocnene-podujatia-2008-09\/","url":"https:\/\/www.upjs.sk\/filozoficka-fakulta\/konferencie-a-seminare\/uskutocnene-podujatia-2008-09\/","name":"Podujatia uskuto\u010dnen\u00e9 v ak. roku 2008\/2009 - Filozofick\u00e1 fakulta | UPJ\u0160","isPartOf":{"@id":"https:\/\/www.upjs.sk\/filozoficka-fakulta\/#website"},"datePublished":"2016-09-29T09:30:23+00:00","dateModified":"2022-11-13T22:12:59+00:00","breadcrumb":{"@id":"https:\/\/www.upjs.sk\/filozoficka-fakulta\/konferencie-a-seminare\/uskutocnene-podujatia-2008-09\/#breadcrumb"},"inLanguage":"sk-SK","potentialAction":[{"@type":"ReadAction","target":["https:\/\/www.upjs.sk\/filozoficka-fakulta\/konferencie-a-seminare\/uskutocnene-podujatia-2008-09\/"]}]},{"@type":"BreadcrumbList","@id":"https:\/\/www.upjs.sk\/filozoficka-fakulta\/konferencie-a-seminare\/uskutocnene-podujatia-2008-09\/#breadcrumb","itemListElement":[{"@type":"ListItem","position":1,"name":"Home","item":"https:\/\/www.upjs.sk\/filozoficka-fakulta\/"},{"@type":"ListItem","position":2,"name":"Konferencie a semin\u00e1re","item":"https:\/\/www.upjs.sk\/filozoficka-fakulta\/konferencie-a-seminare\/"},{"@type":"ListItem","position":3,"name":"Podujatia uskuto\u010dnen\u00e9 v ak. roku 2008\/2009"}]},{"@type":"WebSite","@id":"https:\/\/www.upjs.sk\/filozoficka-fakulta\/#website","url":"https:\/\/www.upjs.sk\/filozoficka-fakulta\/","name":"Filozofick\u00e1 fakulta | UPJ\u0160","description":"","publisher":{"@id":"https:\/\/www.upjs.sk\/filozoficka-fakulta\/#organization"},"potentialAction":[{"@type":"SearchAction","target":{"@type":"EntryPoint","urlTemplate":"https:\/\/www.upjs.sk\/filozoficka-fakulta\/?s={search_term_string}"},"query-input":{"@type":"PropertyValueSpecification","valueRequired":true,"valueName":"search_term_string"}}],"inLanguage":"sk-SK"},{"@type":"Organization","@id":"https:\/\/www.upjs.sk\/filozoficka-fakulta\/#organization","name":"Filozofick\u00e1 fakulta | UPJ\u0160","url":"https:\/\/www.upjs.sk\/filozoficka-fakulta\/","logo":{"@type":"ImageObject","inLanguage":"sk-SK","@id":"https:\/\/www.upjs.sk\/filozoficka-fakulta\/#\/schema\/logo\/image\/","url":"https:\/\/www.upjs.sk\/app\/uploads\/sites\/7\/2022\/09\/logo-filozoficka-fakulta.png","contentUrl":"https:\/\/www.upjs.sk\/app\/uploads\/sites\/7\/2022\/09\/logo-filozoficka-fakulta.png","width":415,"height":87,"caption":"Filozofick\u00e1 fakulta | UPJ\u0160"},"image":{"@id":"https:\/\/www.upjs.sk\/filozoficka-fakulta\/#\/schema\/logo\/image\/"}}]}},"_links":{"self":[{"href":"https:\/\/www.upjs.sk\/filozoficka-fakulta\/wp-json\/wp\/v2\/pages\/16531","targetHints":{"allow":["GET"]}}],"collection":[{"href":"https:\/\/www.upjs.sk\/filozoficka-fakulta\/wp-json\/wp\/v2\/pages"}],"about":[{"href":"https:\/\/www.upjs.sk\/filozoficka-fakulta\/wp-json\/wp\/v2\/types\/page"}],"author":[{"embeddable":true,"href":"https:\/\/www.upjs.sk\/filozoficka-fakulta\/wp-json\/wp\/v2\/users\/1"}],"replies":[{"embeddable":true,"href":"https:\/\/www.upjs.sk\/filozoficka-fakulta\/wp-json\/wp\/v2\/comments?post=16531"}],"version-history":[{"count":7,"href":"https:\/\/www.upjs.sk\/filozoficka-fakulta\/wp-json\/wp\/v2\/pages\/16531\/revisions"}],"predecessor-version":[{"id":23957,"href":"https:\/\/www.upjs.sk\/filozoficka-fakulta\/wp-json\/wp\/v2\/pages\/16531\/revisions\/23957"}],"up":[{"embeddable":true,"href":"https:\/\/www.upjs.sk\/filozoficka-fakulta\/wp-json\/wp\/v2\/pages\/16513"}],"wp:attachment":[{"href":"https:\/\/www.upjs.sk\/filozoficka-fakulta\/wp-json\/wp\/v2\/media?parent=16531"}],"wp:term":[{"taxonomy":"category","embeddable":true,"href":"https:\/\/www.upjs.sk\/filozoficka-fakulta\/wp-json\/wp\/v2\/categories?post=16531"},{"taxonomy":"post_tag","embeddable":true,"href":"https:\/\/www.upjs.sk\/filozoficka-fakulta\/wp-json\/wp\/v2\/tags?post=16531"}],"curies":[{"name":"wp","href":"https:\/\/api.w.org\/{rel}","templated":true}]}}