{"id":16818,"date":"2020-10-06T10:46:59","date_gmt":"2020-10-06T10:46:59","guid":{"rendered":"https:\/\/www.upjs.sk\/filozoficka-fakulta\/el-kronika-2022-23\/ekronika-2019-20\/"},"modified":"2023-12-07T12:44:17","modified_gmt":"2023-12-07T11:44:17","slug":"ekronika-2019-20","status":"publish","type":"page","link":"https:\/\/www.upjs.sk\/filozoficka-fakulta\/el-kronika-2025-26\/ekronika-2019-20\/","title":{"rendered":"Elektronick\u00e1 kronika 2019\/2020"},"content":{"rendered":"<table style=\"width: 95%;\" border=\"0\" cellspacing=\"1\" cellpadding=\"1\">\n<tbody>\n<tr>\n<td valign=\"top\" width=\"23%\">25. febru\u00e1ra 2020<\/td>\n<td style=\"text-align: justify;\">Dopl\u0148uj\u00face vo\u013eby do AS FF UPJ\u0160<\/td>\n<\/tr>\n<tr>\n<td valign=\"top\" width=\"23%\">21. febru\u00e1ra 2020<\/td>\n<td style=\"text-align: justify;\">Workshop pre prekladate\u013eov: Ke\u010f prekladate\u013e \u201eum\u00fdva s vodou\u201c (Katedra germanistiky FF UPJ\u0160)<\/td>\n<\/tr>\n<tr>\n<td valign=\"top\" width=\"23%\">20. febru\u00e1ra 2020<\/td>\n<td style=\"text-align: justify;\">Predn\u00e1\u0161ka Dr. h. c. prof. PaedDr. Pavla Odalo\u0161a, CSc.: Kr\u00edzov\u00e1 komunik\u00e1cia ako fenom\u00e9n s\u00fa\u010dasnosti (Katedra slovakistiky, slovansk\u00fdch filol\u00f3gi\u00ed a komunik\u00e1cie FF UPJ\u0160)<\/td>\n<\/tr>\n<tr>\n<td valign=\"top\" width=\"23%\">17. febru\u00e1ra 2020<\/td>\n<td style=\"text-align: justify;\">Informa\u010dn\u00e9 stretnutie \u0161tudentov 1. ro\u010dn\u00edka bakal\u00e1rskeho \u0161t\u00fadia<\/td>\n<\/tr>\n<tr>\n<td valign=\"top\" width=\"23%\">13. febru\u00e1ra 2020<\/td>\n<td style=\"text-align: justify;\">Krajsk\u00e9 kolo predmetovej olympi\u00e1dy \u2013 sloven\u010dina (Katedra slovakistiky, slovansk\u00fdch filol\u00f3gi\u00ed a komunik\u00e1cie FF UPJ\u0160)<\/td>\n<\/tr>\n<tr>\n<td valign=\"top\" width=\"23%\">12. febru\u00e1ra 2020<\/td>\n<td style=\"text-align: justify;\">Krajsk\u00e9 kolo predmetovej olympi\u00e1dy \u2013 angli\u010dtina (Katedra anglistiky a amerikanistiky FF UPJ\u0160)<\/td>\n<\/tr>\n<tr>\n<td valign=\"top\" width=\"23%\">11. febru\u00e1ra 2020<\/td>\n<td style=\"text-align: justify;\">Krajsk\u00e9 kolo predmetovej olympi\u00e1dy \u2013 nem\u010dina (Katedra germanistiky FF UPJ\u0160)<\/td>\n<\/tr>\n<tr>\n<td valign=\"top\" width=\"23%\">7. febru\u00e1ra 2020<\/td>\n<td style=\"text-align: justify;\">De\u0148 otvoren\u00fdch dver\u00ed Filozofickej fakulty UPJ\u0160 v Ko\u0161iciach<\/td>\n<\/tr>\n<tr>\n<td valign=\"top\" width=\"23%\">6. febru\u00e1ra 2020<\/td>\n<td style=\"text-align: justify;\">Krajsk\u00e9 kolo predmetovej olympi\u00e1dy \u2013 \u013dudsk\u00e9 pr\u00e1va<\/td>\n<\/tr>\n<tr>\n<td valign=\"top\" width=\"23%\">25. janu\u00e1ra 2020<\/td>\n<td style=\"text-align: justify;\">Ples Filozofickej fakulty UPJ\u0160<\/td>\n<\/tr>\n<tr>\n<td valign=\"top\" width=\"23%\">17. decembra 2019<\/td>\n<td style=\"text-align: justify;\">Predviano\u010dn\u00e9 stretnutie zamestnancov FF UPJ\u0160<\/td>\n<\/tr>\n<tr>\n<td valign=\"top\" width=\"23%\">11. \u2013 12. decembra 2019<\/td>\n<td style=\"text-align: justify;\">urbanHIST \u2013 s\u00e9ria odborn\u00fdch predn\u00e1\u0161ok dr. Petra Roubala<\/td>\n<\/tr>\n<tr>\n<td valign=\"top\" width=\"23%\">9. \u2013 13. decembra 2019<\/td>\n<td style=\"text-align: justify;\">Kari\u00e9rny a klubov\u00fd t\u00fd\u017ede\u0148 Katedry anglistiky a amerikanistiky FF UPJ\u0160<\/td>\n<\/tr>\n<tr>\n<td valign=\"top\" width=\"23%\">4. decembra 2019<\/td>\n<td style=\"text-align: justify;\">Mikul\u00e1\u0161ska n\u00e1dielka 2019<\/td>\n<\/tr>\n<tr>\n<td valign=\"top\" width=\"23%\">2. decembra 2019<\/td>\n<td style=\"text-align: justify;\">Aj Ty m\u00f4\u017ee\u0161 pom\u00f4c\u0165 \u2013 zbierka pre chlp\u00e1\u010dov bez domova (\u0160tudentsk\u00e1 rada FF UPJ\u0160)<\/td>\n<\/tr>\n<tr>\n<td valign=\"top\" width=\"23%\">29. novembra 2019<\/td>\n<td style=\"text-align: justify;\">8. ro\u010dn\u00edk Ko\u0161ick\u00fdch dn\u00ed soci\u00e1lnej pr\u00e1ce: \u010co prinieslo soci\u00e1lnej pr\u00e1ci 100 rokov? Minul\u00e9 a s\u00fa\u010dasn\u00e9 podoby soci\u00e1lnej pr\u00e1ce (Katedra soci\u00e1lnej pr\u00e1ce FF UPJ\u0160)<\/td>\n<\/tr>\n<tr>\n<td valign=\"top\" width=\"23%\">26. novembra 2019<\/td>\n<td style=\"text-align: justify;\">Semin\u00e1r Translating Slovak Poetry: Achievements, Problems, Perspectives (Katedra slovakistiky, slovansk\u00fdch filol\u00f3gi\u00ed a komunik\u00e1cie FF UPJ\u0160)<\/td>\n<\/tr>\n<tr>\n<td valign=\"top\" width=\"23%\">26. novembra 2019<\/td>\n<td style=\"text-align: justify;\">urbanHIST webin\u00e1r \u017divot po Ph.D. \u2013 Mo\u017enosti financovania v\u00fdskumu<\/td>\n<\/tr>\n<tr>\n<td valign=\"top\" width=\"23%\">21. \u2013 22. novembra 2019<\/td>\n<td style=\"text-align: justify;\">IX. ro\u010dn\u00edk Ko\u0161ick\u00fdch politologick\u00fdch dial\u00f3gov, vedeck\u00e1 konferencia &#8222;1989 \u2013 2019: Kam kr\u00e1\u010da\u0161 demokracia&#8220; (Katedra politol\u00f3gie FF UPJ\u0160)<\/td>\n<\/tr>\n<tr>\n<td valign=\"top\" width=\"23%\">21. novembra 2019<\/td>\n<td style=\"text-align: justify;\">Podujatie KAA FF UPJ\u0160: 30 rokov od p\u00e1du komunizmu (Katedra anglistiky a amerikanistiky FF UJ\u0160)<\/td>\n<\/tr>\n<tr>\n<td valign=\"top\" width=\"23%\">20. novembra 2019<\/td>\n<td style=\"text-align: justify;\">Predn\u00e1\u0161ka InstaSchool Vol. 3 (Katedra slovakistiky, slovansk\u00fdch filol\u00f3gi\u00ed a komunik\u00e1cie FF UPJ\u0160)<\/td>\n<\/tr>\n<tr>\n<td valign=\"top\" width=\"23%\">19. \u2013 20. novembra 2019<\/td>\n<td style=\"text-align: justify;\">Predn\u00e1\u0161ky docenta Jana Vorla z Ostravskej univerzity\u00a0<span style=\"text-align: justify;\">(Katedra slovakistiky, slovansk\u00fdch filol\u00f3gi\u00ed a komunik\u00e1cie FF UPJ\u0160)<\/span><\/td>\n<\/tr>\n<tr>\n<td valign=\"top\" width=\"23%\">19. novembra 2019<\/td>\n<td style=\"text-align: justify;\">Dnes n\u00e1s u\u010dia, v \u201989 boli \u0161tudentmi: rozhovory o nehe, moci a politike<\/td>\n<\/tr>\n<tr>\n<td valign=\"top\" width=\"23%\">19. novembra 2019<\/td>\n<td style=\"text-align: justify;\">Interakt\u00edvna v\u00fdstava Sv\u00e4t\u00e1 Al\u017ebeta Uhorsk\u00e1: Sila dobr\u00fdch skutkov (Katedra hist\u00f3rie FF UPJ\u0160)<\/td>\n<\/tr>\n<tr>\n<td valign=\"top\" width=\"23%\">19. novembra 2019<\/td>\n<td style=\"text-align: justify;\">De\u0148 ko\u0161ick\u00fdch \u0161tudentov, Rektorsk\u00e9 vo\u013eno od 12:00 hod.<\/td>\n<\/tr>\n<tr>\n<td valign=\"top\" width=\"23%\">14. novembra 2019<\/td>\n<td style=\"text-align: justify;\">Vo\u013eby do \u0160tudentskej intern\u00e1tnej rady UPJ\u0160 v Ko\u0161iciach (na volebn\u00e9 obdobie 2019 &#8211; 2021)<\/td>\n<\/tr>\n<tr>\n<td valign=\"top\" width=\"23%\">13. novembra 2019<\/td>\n<td style=\"text-align: justify;\">Dlh Novembru <span style=\"text-align: justify;\">\u2013<\/span> diskusiu k 30. v\u00fdro\u010diu Ne\u017enej revol\u00facie moderuje prof. PaedDr. Martin Pek\u00e1r, PhD. (Katedra hist\u00f3rie FF UPJ\u0160)<\/td>\n<\/tr>\n<tr>\n<td valign=\"top\" width=\"23%\">13. novembra 2019<\/td>\n<td style=\"text-align: justify;\">Prezent\u00e1cia: \u0160t\u00fadium vo Franc\u00fazsku (Katedra anglistiky a amerikanistiky FF UJ\u0160)<\/td>\n<\/tr>\n<tr>\n<td valign=\"top\" width=\"23%\">6. a 8. novembra 2019<\/td>\n<td style=\"text-align: justify;\">Interakt\u00edvna predn\u00e1\u0161ka a semin\u00e1r: Slovensk\u00fd n\u00e1rodn\u00fd korpus \u2013 vyh\u013ead\u00e1vacie n\u00e1stroje a pr\u00e1ca s korpusov\u00fdmi datab\u00e1zami (Katedra slovakistiky, slovansk\u00fdch filol\u00f3gi\u00ed a komunik\u00e1cie FF UPJ\u0160)<\/td>\n<\/tr>\n<tr>\n<td valign=\"top\" width=\"23%\">7. novembra 2019<\/td>\n<td style=\"text-align: justify;\">\u00davahy o mo\u017enostiach s\u00fa\u010dasn\u00fdch (nielen) lingvistick\u00fdch v\u00fdskumov z h\u013eadiska ne\/dostupnosti v\u00fdskumn\u00e9ho materi\u00e1lu \u2013 predn\u00e1\u0161ka PhDr. M\u00e1rie \u0160imkovej, Ph.D. (Katedra slovakistiky, slovansk\u00fdch filol\u00f3gi\u00ed a komunik\u00e1cie FF UPJ\u0160)<\/td>\n<\/tr>\n<tr>\n<td valign=\"top\" width=\"23%\">6. \u2013 7. novembra 2019<\/td>\n<td style=\"text-align: justify;\">Ne\u017ene aj pr\u00edsne o literat\u00fare (a \u017eivote) \u2013 podujatie v r\u00e1mci T\u00fd\u017ed\u0148a vedy a techniky 2019 (Katedra slovakistiky, slovansk\u00fdch filol\u00f3gi\u00ed a komunik\u00e1cie FF UPJ\u0160)<\/td>\n<\/tr>\n<tr>\n<td valign=\"top\" width=\"23%\">29. \u2013 30. okt\u00f3bra 2019<\/td>\n<td style=\"text-align: justify;\">Budovanie demokracie u\u010den\u00edm o minulosti \u2013 medzin\u00e1rodn\u00e9 kolokvium a workshop (Katedra hist\u00f3rie FF UPJ\u0160)<\/td>\n<\/tr>\n<tr>\n<td valign=\"top\" width=\"23%\">16. \u2013 17. okt\u00f3bra 2019<\/td>\n<td style=\"text-align: justify;\">Ako sa p\u00ed\u0161u dejiny? Stretnutie mlad\u00fdch historikov IX (Katedra hist\u00f3rie FF UPJ\u0160)<\/td>\n<\/tr>\n<tr>\n<td valign=\"top\" width=\"23%\">14. okt\u00f3bra 2019<\/td>\n<td style=\"text-align: justify;\">R. Ondrejcs\u00e1k: S\u00fa\u010dasn\u00fd v\u00fdvoj medzin\u00e1rodnej bezpe\u010dnosti v NATO a E\u00da \u2013 beseda so \u0161t\u00e1tnym tajomn\u00edkom Ministerstva obrany SR (Katedra politol\u00f3gie FF UPJ\u0160)<\/td>\n<\/tr>\n<tr>\n<td valign=\"top\" width=\"23%\">11. okt\u00f3bra 2019<\/td>\n<td style=\"text-align: justify;\">Workshop Expres\u00edvne techniky I. (Katedra psychol\u00f3gie FF UPJ\u0160)<\/td>\n<\/tr>\n<tr>\n<td valign=\"top\" width=\"23%\">10. okt\u00f3bra 2019<\/td>\n<td style=\"text-align: justify;\">V\u00fdstava a s\u00fabor predn\u00e1\u0161ok pri pr\u00edle\u017eitosti D\u0148a du\u0161evn\u00e9ho zdravia M\u0148a sa to net\u00fdka (Katedra psychol\u00f3gie FF UPJ\u0160)<\/td>\n<\/tr>\n<tr>\n<td valign=\"top\" width=\"23%\">9. \u2013 10. okt\u00f3bra 2019<\/td>\n<td style=\"text-align: justify;\">Medzin\u00e1rodn\u00e1 konferencia Filozofia, vzdelanie, kult\u00fara vo v\u00fdzvach s\u00fa\u010dasnosti (Katedra aplikovanej etiky a Katedra filozofie a dej\u00edn filozofie FF UPJ\u0160)<\/td>\n<\/tr>\n<tr>\n<td valign=\"top\" width=\"23%\">8. okt\u00f3bra 2019<\/td>\n<td style=\"text-align: justify;\">Vo\u013eby z\u00e1stupcu \u0161tudentov UPJ\u0160 do \u0160RV\u0160 SR<\/td>\n<\/tr>\n<tr>\n<td valign=\"top\" width=\"23%\">8. okt\u00f3bra 2019<\/td>\n<td style=\"text-align: justify;\">Moderovan\u00e1 diskusia V\u00fdmenn\u00e9 programy v USA a ich absolventi (Katedra anglistiky a amerikanistiky FF UJ\u0160)<\/td>\n<\/tr>\n<tr>\n<td valign=\"top\" width=\"23%\">4. okt\u00f3bra 2019<\/td>\n<td style=\"text-align: justify;\">De\u0148 otvoren\u00fdch dver\u00ed na UPJ\u0160 v Ko\u0161iciach<\/td>\n<\/tr>\n<tr>\n<td valign=\"top\" width=\"23%\">28. septembra 2019<\/td>\n<td style=\"text-align: justify;\">Sl\u00e1vnostn\u00e9 prom\u00f3cie absolventov magistersk\u00fdch a bakal\u00e1rskych \u0161tudijn\u00fdch programov<\/td>\n<\/tr>\n<tr>\n<td valign=\"top\" width=\"23%\">27. septembra 2019<\/td>\n<td style=\"text-align: justify;\">Simul\u00e1cia eur\u00f3pskeho parlamentu na FF UPJ\u0160<\/td>\n<\/tr>\n<tr>\n<td valign=\"top\" width=\"23%\">25. septembra 2019<\/td>\n<td style=\"text-align: justify;\">Stretnutie z\u00e1stupcov vedenia a \u0161tudijn\u00e9ho oddelenia s ukrajinsk\u00fdmi \u0161tudentmi<\/td>\n<\/tr>\n<tr>\n<td valign=\"top\" width=\"23%\">24. \u2013 25. septembra 2019<\/td>\n<td style=\"text-align: justify; vertical-align: top;\">Vedeck\u00fd semin\u00e1r Slavoj \u017di\u017eek a kritika ideol\u00f3gie (Katedra politol\u00f3gie FF UPJ\u0160)<\/td>\n<\/tr>\n<tr>\n<td valign=\"top\" width=\"23%\">19. \u2013 20. septembra 2019<\/td>\n<td style=\"text-align: justify;\">Medzin\u00e1rodn\u00e1 vedeck\u00e1 konferencia Zmeny hran\u00edc a pohyb obyvate\u013estva v Eur\u00f3pe po II. svetovej vojne (Katedra hist\u00f3rie FF UPJ\u0160)<\/td>\n<\/tr>\n<tr>\n<td valign=\"top\" width=\"23%\">18. septembra 2019<\/td>\n<td style=\"text-align: justify;\">Eur\u00f3psky de\u0148 jazykov<\/td>\n<\/tr>\n<tr>\n<td valign=\"top\" width=\"23%\">18. septembra 2019<\/td>\n<td style=\"text-align: justify;\">Sl\u00e1vnostn\u00e9 otvorenie akademick\u00e9ho roka 2019\/2020, 60. v\u00fdro\u010die vzniku UPJ\u0160 v Ko\u0161iciach, Rektorsk\u00e9 vo\u013eno<\/td>\n<\/tr>\n<tr>\n<td valign=\"top\" width=\"23%\">13. septembra 2019<\/td>\n<td style=\"text-align: justify;\">Komentovan\u00e9 prehliadky budovy Plat\u00f3n: Klinika doktora Frankensteina (Katedra hist\u00f3rie FF UPJ\u0160)<\/td>\n<\/tr>\n<\/tbody>\n<\/table>\n","protected":false},"excerpt":{"rendered":"<p>25. febru\u00e1ra 2020 Dopl\u0148uj\u00face vo\u013eby do AS FF UPJ\u0160 21. febru\u00e1ra 2020 Workshop pre prekladate\u013eov: Ke\u010f prekladate\u013e \u201eum\u00fdva s vodou\u201c (Katedra germanistiky FF UPJ\u0160) 20. febru\u00e1ra 2020 Predn\u00e1\u0161ka Dr. h. c. prof. PaedDr. Pavla Odalo\u0161a, CSc.: Kr\u00edzov\u00e1 komunik\u00e1cia ako fenom\u00e9n s\u00fa\u010dasnosti (Katedra slovakistiky, slovansk\u00fdch filol\u00f3gi\u00ed a komunik\u00e1cie FF UPJ\u0160) 17. febru\u00e1ra 2020 Informa\u010dn\u00e9 stretnutie \u0161tudentov &hellip; <a href=\"https:\/\/www.upjs.sk\/filozoficka-fakulta\/el-kronika-2025-26\/ekronika-2019-20\/\">\u010c\u00edta\u0165 \u010falej<\/a><\/p>\n","protected":false},"author":1,"featured_media":0,"parent":57051,"menu_order":5,"comment_status":"closed","ping_status":"closed","template":"","meta":{"_acf_changed":false,"_editorskit_title_hidden":false,"_editorskit_reading_time":0,"_editorskit_is_block_options_detached":false,"_editorskit_block_options_position":"{}","footnotes":""},"categories":[],"tags":[],"class_list":["post-16818","page","type-page","status-publish","hentry"],"acf":{"acf_link_na_externy_obsah":""},"yoast_head":"<!-- This site is optimized with the Yoast SEO plugin v27.4 - https:\/\/yoast.com\/product\/yoast-seo-wordpress\/ -->\n<title>Elektronick\u00e1 kronika 2019\/2020 - Filozofick\u00e1 fakulta | UPJ\u0160<\/title>\n<meta name=\"robots\" content=\"index, follow, max-snippet:-1, max-image-preview:large, max-video-preview:-1\" \/>\n<link rel=\"canonical\" href=\"https:\/\/www.upjs.sk\/filozoficka-fakulta\/el-kronika-2025-26\/ekronika-2019-20\/\" \/>\n<meta property=\"og:locale\" content=\"sk_SK\" \/>\n<meta property=\"og:type\" content=\"article\" \/>\n<meta property=\"og:title\" content=\"Elektronick\u00e1 kronika 2019\/2020 - Filozofick\u00e1 fakulta | UPJ\u0160\" \/>\n<meta property=\"og:description\" content=\"25. febru\u00e1ra 2020 Dopl\u0148uj\u00face vo\u013eby do AS FF UPJ\u0160 21. febru\u00e1ra 2020 Workshop pre prekladate\u013eov: Ke\u010f prekladate\u013e \u201eum\u00fdva s vodou\u201c (Katedra germanistiky FF UPJ\u0160) 20. febru\u00e1ra 2020 Predn\u00e1\u0161ka Dr. h. c. prof. PaedDr. Pavla Odalo\u0161a, CSc.: Kr\u00edzov\u00e1 komunik\u00e1cia ako fenom\u00e9n s\u00fa\u010dasnosti (Katedra slovakistiky, slovansk\u00fdch filol\u00f3gi\u00ed a komunik\u00e1cie FF UPJ\u0160) 17. febru\u00e1ra 2020 Informa\u010dn\u00e9 stretnutie \u0161tudentov &hellip; \u010c\u00edta\u0165 \u010falej\" \/>\n<meta property=\"og:url\" content=\"https:\/\/www.upjs.sk\/filozoficka-fakulta\/el-kronika-2025-26\/ekronika-2019-20\/\" \/>\n<meta property=\"og:site_name\" content=\"Filozofick\u00e1 fakulta | UPJ\u0160\" \/>\n<meta property=\"article:modified_time\" content=\"2023-12-07T11:44:17+00:00\" \/>\n<meta name=\"twitter:card\" content=\"summary_large_image\" \/>\n<meta name=\"twitter:label1\" content=\"Predpokladan\u00fd \u010das \u010d\u00edtania\" \/>\n\t<meta name=\"twitter:data1\" content=\"5 min\u00fat\" \/>\n<script type=\"application\/ld+json\" class=\"yoast-schema-graph\">{\"@context\":\"https:\\\/\\\/schema.org\",\"@graph\":[{\"@type\":\"WebPage\",\"@id\":\"https:\\\/\\\/www.upjs.sk\\\/filozoficka-fakulta\\\/el-kronika-2025-26\\\/ekronika-2019-20\\\/\",\"url\":\"https:\\\/\\\/www.upjs.sk\\\/filozoficka-fakulta\\\/el-kronika-2025-26\\\/ekronika-2019-20\\\/\",\"name\":\"Elektronick\u00e1 kronika 2019\\\/2020 - Filozofick\u00e1 fakulta | UPJ\u0160\",\"isPartOf\":{\"@id\":\"https:\\\/\\\/www.upjs.sk\\\/filozoficka-fakulta\\\/#website\"},\"datePublished\":\"2020-10-06T10:46:59+00:00\",\"dateModified\":\"2023-12-07T11:44:17+00:00\",\"breadcrumb\":{\"@id\":\"https:\\\/\\\/www.upjs.sk\\\/filozoficka-fakulta\\\/el-kronika-2025-26\\\/ekronika-2019-20\\\/#breadcrumb\"},\"inLanguage\":\"sk-SK\",\"potentialAction\":[{\"@type\":\"ReadAction\",\"target\":[\"https:\\\/\\\/www.upjs.sk\\\/filozoficka-fakulta\\\/el-kronika-2025-26\\\/ekronika-2019-20\\\/\"]}]},{\"@type\":\"BreadcrumbList\",\"@id\":\"https:\\\/\\\/www.upjs.sk\\\/filozoficka-fakulta\\\/el-kronika-2025-26\\\/ekronika-2019-20\\\/#breadcrumb\",\"itemListElement\":[{\"@type\":\"ListItem\",\"position\":1,\"name\":\"Home\",\"item\":\"https:\\\/\\\/www.upjs.sk\\\/filozoficka-fakulta\\\/\"},{\"@type\":\"ListItem\",\"position\":2,\"name\":\"Elektronick\u00e1 kronika 2025\\\/2026\",\"item\":\"https:\\\/\\\/www.upjs.sk\\\/filozoficka-fakulta\\\/el-kronika-2025-26\\\/\"},{\"@type\":\"ListItem\",\"position\":3,\"name\":\"Elektronick\u00e1 kronika 2019\\\/2020\"}]},{\"@type\":\"WebSite\",\"@id\":\"https:\\\/\\\/www.upjs.sk\\\/filozoficka-fakulta\\\/#website\",\"url\":\"https:\\\/\\\/www.upjs.sk\\\/filozoficka-fakulta\\\/\",\"name\":\"Filozofick\u00e1 fakulta | UPJ\u0160\",\"description\":\"\",\"publisher\":{\"@id\":\"https:\\\/\\\/www.upjs.sk\\\/filozoficka-fakulta\\\/#organization\"},\"potentialAction\":[{\"@type\":\"SearchAction\",\"target\":{\"@type\":\"EntryPoint\",\"urlTemplate\":\"https:\\\/\\\/www.upjs.sk\\\/filozoficka-fakulta\\\/?s={search_term_string}\"},\"query-input\":{\"@type\":\"PropertyValueSpecification\",\"valueRequired\":true,\"valueName\":\"search_term_string\"}}],\"inLanguage\":\"sk-SK\"},{\"@type\":\"Organization\",\"@id\":\"https:\\\/\\\/www.upjs.sk\\\/filozoficka-fakulta\\\/#organization\",\"name\":\"Filozofick\u00e1 fakulta | UPJ\u0160\",\"url\":\"https:\\\/\\\/www.upjs.sk\\\/filozoficka-fakulta\\\/\",\"logo\":{\"@type\":\"ImageObject\",\"inLanguage\":\"sk-SK\",\"@id\":\"https:\\\/\\\/www.upjs.sk\\\/filozoficka-fakulta\\\/#\\\/schema\\\/logo\\\/image\\\/\",\"url\":\"https:\\\/\\\/www.upjs.sk\\\/app\\\/uploads\\\/sites\\\/7\\\/2022\\\/09\\\/logo-filozoficka-fakulta.png\",\"contentUrl\":\"https:\\\/\\\/www.upjs.sk\\\/app\\\/uploads\\\/sites\\\/7\\\/2022\\\/09\\\/logo-filozoficka-fakulta.png\",\"width\":415,\"height\":87,\"caption\":\"Filozofick\u00e1 fakulta | UPJ\u0160\"},\"image\":{\"@id\":\"https:\\\/\\\/www.upjs.sk\\\/filozoficka-fakulta\\\/#\\\/schema\\\/logo\\\/image\\\/\"}}]}<\/script>\n<!-- \/ Yoast SEO plugin. -->","yoast_head_json":{"title":"Elektronick\u00e1 kronika 2019\/2020 - Filozofick\u00e1 fakulta | UPJ\u0160","robots":{"index":"index","follow":"follow","max-snippet":"max-snippet:-1","max-image-preview":"max-image-preview:large","max-video-preview":"max-video-preview:-1"},"canonical":"https:\/\/www.upjs.sk\/filozoficka-fakulta\/el-kronika-2025-26\/ekronika-2019-20\/","og_locale":"sk_SK","og_type":"article","og_title":"Elektronick\u00e1 kronika 2019\/2020 - Filozofick\u00e1 fakulta | UPJ\u0160","og_description":"25. febru\u00e1ra 2020 Dopl\u0148uj\u00face vo\u013eby do AS FF UPJ\u0160 21. febru\u00e1ra 2020 Workshop pre prekladate\u013eov: Ke\u010f prekladate\u013e \u201eum\u00fdva s vodou\u201c (Katedra germanistiky FF UPJ\u0160) 20. febru\u00e1ra 2020 Predn\u00e1\u0161ka Dr. h. c. prof. PaedDr. Pavla Odalo\u0161a, CSc.: Kr\u00edzov\u00e1 komunik\u00e1cia ako fenom\u00e9n s\u00fa\u010dasnosti (Katedra slovakistiky, slovansk\u00fdch filol\u00f3gi\u00ed a komunik\u00e1cie FF UPJ\u0160) 17. febru\u00e1ra 2020 Informa\u010dn\u00e9 stretnutie \u0161tudentov &hellip; \u010c\u00edta\u0165 \u010falej","og_url":"https:\/\/www.upjs.sk\/filozoficka-fakulta\/el-kronika-2025-26\/ekronika-2019-20\/","og_site_name":"Filozofick\u00e1 fakulta | UPJ\u0160","article_modified_time":"2023-12-07T11:44:17+00:00","twitter_card":"summary_large_image","twitter_misc":{"Predpokladan\u00fd \u010das \u010d\u00edtania":"5 min\u00fat"},"schema":{"@context":"https:\/\/schema.org","@graph":[{"@type":"WebPage","@id":"https:\/\/www.upjs.sk\/filozoficka-fakulta\/el-kronika-2025-26\/ekronika-2019-20\/","url":"https:\/\/www.upjs.sk\/filozoficka-fakulta\/el-kronika-2025-26\/ekronika-2019-20\/","name":"Elektronick\u00e1 kronika 2019\/2020 - Filozofick\u00e1 fakulta | UPJ\u0160","isPartOf":{"@id":"https:\/\/www.upjs.sk\/filozoficka-fakulta\/#website"},"datePublished":"2020-10-06T10:46:59+00:00","dateModified":"2023-12-07T11:44:17+00:00","breadcrumb":{"@id":"https:\/\/www.upjs.sk\/filozoficka-fakulta\/el-kronika-2025-26\/ekronika-2019-20\/#breadcrumb"},"inLanguage":"sk-SK","potentialAction":[{"@type":"ReadAction","target":["https:\/\/www.upjs.sk\/filozoficka-fakulta\/el-kronika-2025-26\/ekronika-2019-20\/"]}]},{"@type":"BreadcrumbList","@id":"https:\/\/www.upjs.sk\/filozoficka-fakulta\/el-kronika-2025-26\/ekronika-2019-20\/#breadcrumb","itemListElement":[{"@type":"ListItem","position":1,"name":"Home","item":"https:\/\/www.upjs.sk\/filozoficka-fakulta\/"},{"@type":"ListItem","position":2,"name":"Elektronick\u00e1 kronika 2025\/2026","item":"https:\/\/www.upjs.sk\/filozoficka-fakulta\/el-kronika-2025-26\/"},{"@type":"ListItem","position":3,"name":"Elektronick\u00e1 kronika 2019\/2020"}]},{"@type":"WebSite","@id":"https:\/\/www.upjs.sk\/filozoficka-fakulta\/#website","url":"https:\/\/www.upjs.sk\/filozoficka-fakulta\/","name":"Filozofick\u00e1 fakulta | UPJ\u0160","description":"","publisher":{"@id":"https:\/\/www.upjs.sk\/filozoficka-fakulta\/#organization"},"potentialAction":[{"@type":"SearchAction","target":{"@type":"EntryPoint","urlTemplate":"https:\/\/www.upjs.sk\/filozoficka-fakulta\/?s={search_term_string}"},"query-input":{"@type":"PropertyValueSpecification","valueRequired":true,"valueName":"search_term_string"}}],"inLanguage":"sk-SK"},{"@type":"Organization","@id":"https:\/\/www.upjs.sk\/filozoficka-fakulta\/#organization","name":"Filozofick\u00e1 fakulta | UPJ\u0160","url":"https:\/\/www.upjs.sk\/filozoficka-fakulta\/","logo":{"@type":"ImageObject","inLanguage":"sk-SK","@id":"https:\/\/www.upjs.sk\/filozoficka-fakulta\/#\/schema\/logo\/image\/","url":"https:\/\/www.upjs.sk\/app\/uploads\/sites\/7\/2022\/09\/logo-filozoficka-fakulta.png","contentUrl":"https:\/\/www.upjs.sk\/app\/uploads\/sites\/7\/2022\/09\/logo-filozoficka-fakulta.png","width":415,"height":87,"caption":"Filozofick\u00e1 fakulta | UPJ\u0160"},"image":{"@id":"https:\/\/www.upjs.sk\/filozoficka-fakulta\/#\/schema\/logo\/image\/"}}]}},"_links":{"self":[{"href":"https:\/\/www.upjs.sk\/filozoficka-fakulta\/wp-json\/wp\/v2\/pages\/16818","targetHints":{"allow":["GET"]}}],"collection":[{"href":"https:\/\/www.upjs.sk\/filozoficka-fakulta\/wp-json\/wp\/v2\/pages"}],"about":[{"href":"https:\/\/www.upjs.sk\/filozoficka-fakulta\/wp-json\/wp\/v2\/types\/page"}],"author":[{"embeddable":true,"href":"https:\/\/www.upjs.sk\/filozoficka-fakulta\/wp-json\/wp\/v2\/users\/1"}],"replies":[{"embeddable":true,"href":"https:\/\/www.upjs.sk\/filozoficka-fakulta\/wp-json\/wp\/v2\/comments?post=16818"}],"version-history":[{"count":2,"href":"https:\/\/www.upjs.sk\/filozoficka-fakulta\/wp-json\/wp\/v2\/pages\/16818\/revisions"}],"predecessor-version":[{"id":47780,"href":"https:\/\/www.upjs.sk\/filozoficka-fakulta\/wp-json\/wp\/v2\/pages\/16818\/revisions\/47780"}],"up":[{"embeddable":true,"href":"https:\/\/www.upjs.sk\/filozoficka-fakulta\/wp-json\/wp\/v2\/pages\/57051"}],"wp:attachment":[{"href":"https:\/\/www.upjs.sk\/filozoficka-fakulta\/wp-json\/wp\/v2\/media?parent=16818"}],"wp:term":[{"taxonomy":"category","embeddable":true,"href":"https:\/\/www.upjs.sk\/filozoficka-fakulta\/wp-json\/wp\/v2\/categories?post=16818"},{"taxonomy":"post_tag","embeddable":true,"href":"https:\/\/www.upjs.sk\/filozoficka-fakulta\/wp-json\/wp\/v2\/tags?post=16818"}],"curies":[{"name":"wp","href":"https:\/\/api.w.org\/{rel}","templated":true}]}}