{"id":37436,"date":"2022-11-28T17:02:01","date_gmt":"2022-11-28T16:02:01","guid":{"rendered":"https:\/\/www.upjs.sk\/filozoficka-fakulta\/?page_id=37436"},"modified":"2024-04-08T13:46:09","modified_gmt":"2024-04-08T12:46:09","slug":"rsp","status":"publish","type":"page","link":"https:\/\/www.upjs.sk\/filozoficka-fakulta\/vnutorny-system-hodnotenia-kvality\/rsp\/","title":{"rendered":"Rady \u0161tudijn\u00fdch programov"},"content":{"rendered":"\n<div style=\"height:20px\" aria-hidden=\"true\" class=\"wp-block-spacer\"><\/div>\n\n\n<style>.kadence-column37436_418397-ff > .kt-inside-inner-col{display:flex;}.kadence-column37436_418397-ff > .kt-inside-inner-col,.kadence-column37436_418397-ff > .kt-inside-inner-col:before{border-top-left-radius:0px;border-top-right-radius:0px;border-bottom-right-radius:0px;border-bottom-left-radius:0px;}.kadence-column37436_418397-ff > .kt-inside-inner-col{column-gap:var(--global-kb-gap-sm, 1rem);}.kadence-column37436_418397-ff > .kt-inside-inner-col{flex-direction:column;justify-content:center;}.kadence-column37436_418397-ff > .kt-inside-inner-col > .aligncenter{width:100%;}.kt-row-column-wrap > .kadence-column37436_418397-ff{align-self:center;}.kt-inner-column-height-full:not(.kt-has-1-columns) > .wp-block-kadence-column.kadence-column37436_418397-ff{align-self:auto;}.kt-inner-column-height-full:not(.kt-has-1-columns) > .wp-block-kadence-column.kadence-column37436_418397-ff > .kt-inside-inner-col{flex-direction:column;justify-content:center;}.kadence-column37436_418397-ff > .kt-inside-inner-col:before{opacity:0.3;}.kadence-column37436_418397-ff{position:relative;}@media all and (max-width: 1024px){.kt-row-column-wrap > .kadence-column37436_418397-ff{align-self:center;}}@media all and (max-width: 1024px){.kt-inner-column-height-full:not(.kt-has-1-columns) > .wp-block-kadence-column.kadence-column37436_418397-ff{align-self:auto;}}@media all and (max-width: 1024px){.kt-inner-column-height-full:not(.kt-has-1-columns) > .wp-block-kadence-column.kadence-column37436_418397-ff > .kt-inside-inner-col{flex-direction:column;justify-content:center;}}@media all and (max-width: 1024px){.kadence-column37436_418397-ff > .kt-inside-inner-col{flex-direction:column;justify-content:center;}}@media all and (max-width: 767px){.kt-row-column-wrap > .kadence-column37436_418397-ff{align-self:center;}.kt-inner-column-height-full:not(.kt-has-1-columns) > .wp-block-kadence-column.kadence-column37436_418397-ff{align-self:auto;}.kt-inner-column-height-full:not(.kt-has-1-columns) > .wp-block-kadence-column.kadence-column37436_418397-ff > .kt-inside-inner-col{flex-direction:column;justify-content:center;}.kadence-column37436_418397-ff > .kt-inside-inner-col{flex-direction:column;justify-content:center;}}<\/style>\n<div class=\"wp-block-kadence-column kadence-column37436_418397-ff\"><div class=\"kt-inside-inner-col\"><style>.kb-row-layout-id37436_a04af5-07 > .kt-row-column-wrap{align-content:center;}:where(.kb-row-layout-id37436_a04af5-07 > .kt-row-column-wrap) > .wp-block-kadence-column{justify-content:center;}.kb-row-layout-id37436_a04af5-07 > .kt-row-column-wrap{column-gap:var(--global-kb-gap-sm, 1rem);row-gap:var(--global-kb-gap-md, 2rem);grid-template-columns:minmax(0, calc(40% - ((var(--global-kb-gap-sm, 1rem) * 1 )\/2)))minmax(0, calc(60% - ((var(--global-kb-gap-sm, 1rem) * 1 )\/2)));}.kb-row-layout-id37436_a04af5-07 > .kt-row-layout-overlay{opacity:0.30;}@media all and (max-width: 1024px){.kb-row-layout-id37436_a04af5-07 > .kt-row-column-wrap{grid-template-columns:minmax(0, 1fr) minmax(0, 2fr);}}@media all and (max-width: 767px){.kb-row-layout-id37436_a04af5-07 > .kt-row-column-wrap{grid-template-columns:minmax(0, 1fr);}}<\/style><div class=\"kb-row-layout-wrap kb-row-layout-id37436_a04af5-07 aligncenter wp-block-kadence-rowlayout\"><div class=\"kt-row-column-wrap kt-has-2-columns kt-row-layout-right-golden kt-tab-layout-inherit kt-mobile-layout-row kt-row-valign-middle\">\n<style>.kadence-column37436_3eba9a-12 > .kt-inside-inner-col,.kadence-column37436_3eba9a-12 > .kt-inside-inner-col:before{border-top-left-radius:5px;border-top-right-radius:5px;border-bottom-right-radius:5px;border-bottom-left-radius:5px;}.kadence-column37436_3eba9a-12 > .kt-inside-inner-col{column-gap:var(--global-kb-gap-sm, 1rem);}.kadence-column37436_3eba9a-12 > .kt-inside-inner-col{flex-direction:column;}.kadence-column37436_3eba9a-12 > .kt-inside-inner-col > .aligncenter{width:100%;}.kadence-column37436_3eba9a-12 > .kt-inside-inner-col:before{opacity:0.3;}.kadence-column37436_3eba9a-12{position:relative;}@media all and (max-width: 1024px){.kadence-column37436_3eba9a-12 > .kt-inside-inner-col{flex-direction:column;justify-content:center;}}@media all and (max-width: 767px){.kadence-column37436_3eba9a-12 > .kt-inside-inner-col{flex-direction:column;justify-content:center;}}<\/style>\n<div class=\"wp-block-kadence-column kadence-column37436_3eba9a-12\"><div class=\"kt-inside-inner-col\"><style>.kb-gallery-id-37436_94755d-a0 .kadence-blocks-gallery-item .kb-gal-image-radius, .kb-gallery-id-37436_94755d-a0 .kb-slide-item .kb-gal-image-radius img{border-radius:5px 5px 5px 5px;;}.kb-gallery-id-37436_94755d-a0 .kadence-blocks-gallery-item .kadence-blocks-gallery-item-inner .kadence-blocks-gallery-item__caption{font-size:var(--global-kb-font-size-md, 1.25rem);color:#ffffff;}.kb-gallery-caption-style-bottom.kb-gallery-id-37436_94755d-a0 .kadence-blocks-gallery-item .kadence-blocks-gallery-item-inner .kadence-blocks-gallery-item__caption, .kb-gallery-caption-style-bottom-hover.kb-gallery-id-37436_94755d-a0 .kadence-blocks-gallery-item .kadence-blocks-gallery-item-inner .kadence-blocks-gallery-item__caption{background:linear-gradient(0deg, rgba(0, 0, 0, 0.5) 0, rgba(0, 0, 0, 0) 100%);}.kb-gallery-wrap-id-37436_94755d-a0.wp-block-kadence-advancedgallery{overflow:visible;}.kb-gallery-wrap-id-37436_94755d-a0.wp-block-kadence-advancedgallery .kt-blocks-carousel{overflow:visible;}<\/style><div class=\"kb-gallery-wrap-id-37436_94755d-a0 alignfull alignfull wp-block-kadence-advancedgallery\"><div class=\"kb-gallery-ul kb-gallery-non-static kb-gallery-type-slider kb-gallery-id-37436_94755d-a0 kb-gallery-caption-style-bottom kb-gallery-filter-none\" data-image-filter=\"none\" data-lightbox-caption=\"true\"><div class=\"kt-blocks-carousel kt-carousel-container-dotstyle-none\"><div class=\"kt-blocks-carousel-init kb-blocks-slider kt-carousel-arrowstyle-none kt-carousel-dotstyle-none kb-slider-group-arrow kb-slider-arrow-position-center\" data-slider-anim-speed=\"790\" data-slider-scroll=\"1\" data-slider-arrows=\"false\" data-slider-fade=\"true\" data-slider-dots=\"false\"data-slider-type=\"slider\"  data-slider-hover-pause=\"false\" data-slider-auto=\"1\" data-slider-speed=\"7000\"><div class=\"kb-slide-item kb-gallery-slide-item\"><div class=\"kadence-blocks-gallery-item\"><div class=\"kadence-blocks-gallery-item-inner\"><figure class=\"kb-gallery-figure kadence-blocks-gallery-item-has-caption\"><div class=\"kb-gal-image-radius\"><div class=\"kb-gallery-image-contain kadence-blocks-gallery-intrinsic kb-gallery-image-ratio-land21 kb-has-image-ratio-land21\" ><img loading=\"lazy\" decoding=\"async\" src=\"https:\/\/www.upjs.sk\/app\/uploads\/sites\/7\/2024\/04\/mbanner-RSP-zastupcovia-studentov.png\" width=\"780\" height=\"400\" alt=\"\" data-full-image=\"https:\/\/www.upjs.sk\/app\/uploads\/sites\/7\/2024\/04\/mbanner-RSP-zastupcovia-studentov.png\" data-light-image=\"https:\/\/www.upjs.sk\/app\/uploads\/sites\/7\/2024\/04\/mbanner-RSP-zastupcovia-studentov.png\" data-id=\"49557\" class=\"wp-image-49557 skip-lazy\" srcset=\"https:\/\/www.upjs.sk\/app\/uploads\/sites\/7\/2024\/04\/mbanner-RSP-zastupcovia-studentov.png 780w, https:\/\/www.upjs.sk\/app\/uploads\/sites\/7\/2024\/04\/mbanner-RSP-zastupcovia-studentov-300x154.png 300w, https:\/\/www.upjs.sk\/app\/uploads\/sites\/7\/2024\/04\/mbanner-RSP-zastupcovia-studentov-768x394.png 768w\" sizes=\"auto, (max-width: 780px) 100vw, 780px\" \/><\/div><\/div><\/figure><\/div><\/div><\/div><\/div><\/div><\/div><\/div><\/div><\/div>\n\n\n<style>.kadence-column37436_860991-49 > .kt-inside-inner-col{padding-top:var(--global-kb-spacing-xxs, 0.5rem);padding-right:var(--global-kb-spacing-md, 2rem);padding-bottom:0px;padding-left:var(--global-kb-spacing-md, 2rem);}.kadence-column37436_860991-49 > .kt-inside-inner-col,.kadence-column37436_860991-49 > .kt-inside-inner-col:before{border-top-left-radius:5px;border-top-right-radius:5px;border-bottom-right-radius:5px;border-bottom-left-radius:5px;}.kadence-column37436_860991-49 > .kt-inside-inner-col{column-gap:var(--global-kb-gap-sm, 1rem);}.kadence-column37436_860991-49 > .kt-inside-inner-col{flex-direction:column;}.kadence-column37436_860991-49 > .kt-inside-inner-col > .aligncenter{width:100%;}.kadence-column37436_860991-49 > .kt-inside-inner-col{background-color:#F4F4F4;}.kadence-column37436_860991-49 > .kt-inside-inner-col:before{opacity:0.3;}.kadence-column37436_860991-49{position:relative;}@media all and (max-width: 1024px){.kadence-column37436_860991-49 > .kt-inside-inner-col{flex-direction:column;justify-content:center;}}@media all and (max-width: 767px){.kadence-column37436_860991-49 > .kt-inside-inner-col{flex-direction:column;justify-content:center;}}<\/style>\n<div class=\"wp-block-kadence-column kadence-column37436_860991-49\"><div class=\"kt-inside-inner-col\">\n<div style=\"height:5px\" aria-hidden=\"true\" class=\"wp-block-spacer\"><\/div>\n\n\n\n<p class=\"has-text-align-justify\">Kvalitu s\u030ctudijn\u00fdch programov na bakal\u00e1rskom, magisterskom a spojenom bakal\u00e1rskom a magisterskom stupni zabezpe\u010duje a overuje <strong>Rada s\u030ctudijn\u00e9ho programu<\/strong>.&nbsp;&nbsp;<\/p>\n\n\n\n<p class=\"has-text-align-justify\">Radu \u0161tudijn\u00e9ho programu menuje rektor alebo dekan, ak sa \u0161tudijny\u0301 program uskuto\u010d\u0148uje na fakulte.&nbsp;&nbsp;<\/p>\n\n\n\n<p class=\"has-text-align-justify\">Kompetencie a pr\u00e1vomoci Rady \u0161tudijn\u00e9ho programu s\u00fa upraven\u00e9 v <a href=\"https:\/\/intranet.upjs.sk\/op\/op.Public.php?documentid=4253\" target=\"_blank\" rel=\"noreferrer noopener\">Pravidl\u00e1ch vn\u00fatorn\u00e9ho syst\u00e9mu zabezpe\u010dovania a overovania kvality na UPJ\u0160.<\/a>&nbsp;<\/p>\n<\/div><\/div>\n\n<\/div><\/div><\/div><\/div>\n\n\n\n<div style=\"height:20px\" aria-hidden=\"true\" class=\"wp-block-spacer\"><\/div>\n\n\n<style>.kadence-column37436_b66ea1-72 > .kt-inside-inner-col,.kadence-column37436_b66ea1-72 > .kt-inside-inner-col:before{border-top-left-radius:0px;border-top-right-radius:0px;border-bottom-right-radius:0px;border-bottom-left-radius:0px;}.kadence-column37436_b66ea1-72 > .kt-inside-inner-col{column-gap:var(--global-kb-gap-sm, 1rem);}.kadence-column37436_b66ea1-72 > .kt-inside-inner-col{flex-direction:column;}.kadence-column37436_b66ea1-72 > .kt-inside-inner-col > .aligncenter{width:100%;}.kadence-column37436_b66ea1-72 > .kt-inside-inner-col:before{opacity:0.3;}.kadence-column37436_b66ea1-72{position:relative;}@media all and (max-width: 1024px){.kadence-column37436_b66ea1-72 > .kt-inside-inner-col{flex-direction:column;justify-content:center;}}@media all and (max-width: 767px){.kadence-column37436_b66ea1-72 > .kt-inside-inner-col{flex-direction:column;justify-content:center;}}<\/style>\n<div class=\"wp-block-kadence-column kadence-column37436_b66ea1-72\"><div class=\"kt-inside-inner-col\"><style>.kb-image37436_99feff-f7 .kb-image-has-overlay:after{opacity:0.3;border-top-left-radius:5px;border-top-right-radius:5px;border-bottom-right-radius:5px;border-bottom-left-radius:5px;}.kb-image37436_99feff-f7 img.kb-img, .kb-image37436_99feff-f7 .kb-img img{border-top-left-radius:5px;border-top-right-radius:5px;border-bottom-right-radius:5px;border-bottom-left-radius:5px;}<\/style>\n<figure class=\"wp-block-kadence-image kb-image37436_99feff-f7 size-full\"><img loading=\"lazy\" decoding=\"async\" width=\"1170\" height=\"120\" src=\"https:\/\/www.upjs.sk\/app\/uploads\/sites\/7\/2024\/04\/vbanner-RSP-zastupcovia-studentov.png\" alt=\"\" class=\"kb-img wp-image-49561\" srcset=\"https:\/\/www.upjs.sk\/app\/uploads\/sites\/7\/2024\/04\/vbanner-RSP-zastupcovia-studentov.png 1170w, https:\/\/www.upjs.sk\/app\/uploads\/sites\/7\/2024\/04\/vbanner-RSP-zastupcovia-studentov-300x31.png 300w, https:\/\/www.upjs.sk\/app\/uploads\/sites\/7\/2024\/04\/vbanner-RSP-zastupcovia-studentov-1024x105.png 1024w, https:\/\/www.upjs.sk\/app\/uploads\/sites\/7\/2024\/04\/vbanner-RSP-zastupcovia-studentov-768x79.png 768w\" sizes=\"auto, (max-width: 1170px) 100vw, 1170px\" \/><\/figure>\n\n\n\n<p><iframe style=\"border:0;width:100%;height:400px;\" src=\"https:\/\/studijne-programy.upjs.sk\/osoby\/FF\"><\/iframe><\/p>\n<\/div><\/div>\n\n\n\n<div style=\"height:20px\" aria-hidden=\"true\" class=\"wp-block-spacer\"><\/div>\n\n\n<style>.kadence-column37436_afc6d3-c3 > .kt-inside-inner-col{padding-top:var(--global-kb-spacing-xs, 1rem);padding-right:var(--global-kb-spacing-xxs, 0.5rem);padding-left:var(--global-kb-spacing-xxs, 0.5rem);}.kadence-column37436_afc6d3-c3 > .kt-inside-inner-col,.kadence-column37436_afc6d3-c3 > .kt-inside-inner-col:before{border-top-left-radius:5px;border-top-right-radius:5px;border-bottom-right-radius:5px;border-bottom-left-radius:5px;}.kadence-column37436_afc6d3-c3 > .kt-inside-inner-col{column-gap:var(--global-kb-gap-sm, 1rem);}.kadence-column37436_afc6d3-c3 > .kt-inside-inner-col{flex-direction:column;}.kadence-column37436_afc6d3-c3 > .kt-inside-inner-col > .aligncenter{width:100%;}.kadence-column37436_afc6d3-c3 > .kt-inside-inner-col{background-color:#F4F4F4;}.kadence-column37436_afc6d3-c3 > .kt-inside-inner-col:before{opacity:0.3;}.kadence-column37436_afc6d3-c3{position:relative;}@media all and (max-width: 1024px){.kadence-column37436_afc6d3-c3 > .kt-inside-inner-col{flex-direction:column;justify-content:center;}}@media all and (max-width: 767px){.kadence-column37436_afc6d3-c3 > .kt-inside-inner-col{flex-direction:column;justify-content:center;}}<\/style>\n<div class=\"wp-block-kadence-column kadence-column37436_afc6d3-c3\"><div class=\"kt-inside-inner-col\">\n<p class=\"has-text-align-center\">\u00dapln\u00fd zoznam \u0161tudijn\u00fdch programov a \u010dlenov r\u00e1d \u0161tudijn\u00fdch programov je k dispoz\u00edcii v <a href=\"https:\/\/studijne-programy.upjs.sk\/faculty\/FF\" target=\"_blank\" aria-label=\" (opens in a new tab)\" rel=\"noreferrer noopener\" class=\"ek-link\"><strong>Registri \u0161tudijn\u00fdch programov UPJ\u0160<\/strong><\/a>.<\/p>\n<\/div><\/div>\n","protected":false},"excerpt":{"rendered":"<p>Kvalitu s\u030ctudijn\u00fdch programov na bakal\u00e1rskom, magisterskom a spojenom bakal\u00e1rskom a magisterskom stupni zabezpe\u010duje a overuje Rada s\u030ctudijn\u00e9ho programu.&nbsp;&nbsp; Radu \u0161tudijn\u00e9ho programu menuje rektor alebo dekan, ak sa \u0161tudijny\u0301 program uskuto\u010d\u0148uje na fakulte.&nbsp;&nbsp; Kompetencie a pr\u00e1vomoci Rady \u0161tudijn\u00e9ho programu s\u00fa upraven\u00e9 v Pravidl\u00e1ch vn\u00fatorn\u00e9ho syst\u00e9mu zabezpe\u010dovania a overovania kvality na UPJ\u0160.&nbsp; \u00dapln\u00fd zoznam \u0161tudijn\u00fdch programov a &hellip; <a href=\"https:\/\/www.upjs.sk\/filozoficka-fakulta\/vnutorny-system-hodnotenia-kvality\/rsp\/\">\u010c\u00edta\u0165 \u010falej<\/a><\/p>\n","protected":false},"author":21,"featured_media":0,"parent":16391,"menu_order":0,"comment_status":"closed","ping_status":"closed","template":"","meta":{"_acf_changed":false,"_editorskit_title_hidden":false,"_editorskit_reading_time":1,"_editorskit_is_block_options_detached":false,"_editorskit_block_options_position":"{}","footnotes":""},"categories":[],"tags":[],"class_list":["post-37436","page","type-page","status-publish","hentry"],"acf":{"acf_link_na_externy_obsah":""},"yoast_head":"<!-- This site is optimized with the Yoast SEO plugin v27.2 - https:\/\/yoast.com\/product\/yoast-seo-wordpress\/ -->\n<title>Rady \u0161tudijn\u00fdch programov - Filozofick\u00e1 fakulta | UPJ\u0160<\/title>\n<meta name=\"robots\" content=\"index, follow, max-snippet:-1, max-image-preview:large, max-video-preview:-1\" \/>\n<link rel=\"canonical\" href=\"https:\/\/www.upjs.sk\/filozoficka-fakulta\/vnutorny-system-hodnotenia-kvality\/rsp\/\" \/>\n<meta property=\"og:locale\" content=\"sk_SK\" \/>\n<meta property=\"og:type\" content=\"article\" \/>\n<meta property=\"og:title\" content=\"Rady \u0161tudijn\u00fdch programov - Filozofick\u00e1 fakulta | UPJ\u0160\" \/>\n<meta property=\"og:description\" content=\"Kvalitu s\u030ctudijn\u00fdch programov na bakal\u00e1rskom, magisterskom a spojenom bakal\u00e1rskom a magisterskom stupni zabezpe\u010duje a overuje Rada s\u030ctudijn\u00e9ho programu.&nbsp;&nbsp; Radu \u0161tudijn\u00e9ho programu menuje rektor alebo dekan, ak sa \u0161tudijny\u0301 program uskuto\u010d\u0148uje na fakulte.&nbsp;&nbsp; Kompetencie a pr\u00e1vomoci Rady \u0161tudijn\u00e9ho programu s\u00fa upraven\u00e9 v Pravidl\u00e1ch vn\u00fatorn\u00e9ho syst\u00e9mu zabezpe\u010dovania a overovania kvality na UPJ\u0160.&nbsp; \u00dapln\u00fd zoznam \u0161tudijn\u00fdch programov a &hellip; \u010c\u00edta\u0165 \u010falej\" \/>\n<meta property=\"og:url\" content=\"https:\/\/www.upjs.sk\/filozoficka-fakulta\/vnutorny-system-hodnotenia-kvality\/rsp\/\" \/>\n<meta property=\"og:site_name\" content=\"Filozofick\u00e1 fakulta | UPJ\u0160\" \/>\n<meta property=\"article:modified_time\" content=\"2024-04-08T12:46:09+00:00\" \/>\n<meta property=\"og:image\" content=\"https:\/\/www.upjs.sk\/app\/uploads\/sites\/7\/2024\/04\/vbanner-RSP-zastupcovia-studentov.png\" \/>\n<meta name=\"twitter:card\" content=\"summary_large_image\" \/>\n<meta name=\"twitter:label1\" content=\"Predpokladan\u00fd \u010das \u010d\u00edtania\" \/>\n\t<meta name=\"twitter:data1\" content=\"1 min\u00fata\" \/>\n<script type=\"application\/ld+json\" class=\"yoast-schema-graph\">{\"@context\":\"https:\/\/schema.org\",\"@graph\":[{\"@type\":\"WebPage\",\"@id\":\"https:\/\/www.upjs.sk\/filozoficka-fakulta\/vnutorny-system-hodnotenia-kvality\/rsp\/\",\"url\":\"https:\/\/www.upjs.sk\/filozoficka-fakulta\/vnutorny-system-hodnotenia-kvality\/rsp\/\",\"name\":\"Rady \u0161tudijn\u00fdch programov - Filozofick\u00e1 fakulta | UPJ\u0160\",\"isPartOf\":{\"@id\":\"https:\/\/www.upjs.sk\/filozoficka-fakulta\/#website\"},\"primaryImageOfPage\":{\"@id\":\"https:\/\/www.upjs.sk\/filozoficka-fakulta\/vnutorny-system-hodnotenia-kvality\/rsp\/#primaryimage\"},\"image\":{\"@id\":\"https:\/\/www.upjs.sk\/filozoficka-fakulta\/vnutorny-system-hodnotenia-kvality\/rsp\/#primaryimage\"},\"thumbnailUrl\":\"https:\/\/www.upjs.sk\/app\/uploads\/sites\/7\/2024\/04\/vbanner-RSP-zastupcovia-studentov.png\",\"datePublished\":\"2022-11-28T16:02:01+00:00\",\"dateModified\":\"2024-04-08T12:46:09+00:00\",\"breadcrumb\":{\"@id\":\"https:\/\/www.upjs.sk\/filozoficka-fakulta\/vnutorny-system-hodnotenia-kvality\/rsp\/#breadcrumb\"},\"inLanguage\":\"sk-SK\",\"potentialAction\":[{\"@type\":\"ReadAction\",\"target\":[\"https:\/\/www.upjs.sk\/filozoficka-fakulta\/vnutorny-system-hodnotenia-kvality\/rsp\/\"]}]},{\"@type\":\"ImageObject\",\"inLanguage\":\"sk-SK\",\"@id\":\"https:\/\/www.upjs.sk\/filozoficka-fakulta\/vnutorny-system-hodnotenia-kvality\/rsp\/#primaryimage\",\"url\":\"https:\/\/www.upjs.sk\/app\/uploads\/sites\/7\/2024\/04\/vbanner-RSP-zastupcovia-studentov.png\",\"contentUrl\":\"https:\/\/www.upjs.sk\/app\/uploads\/sites\/7\/2024\/04\/vbanner-RSP-zastupcovia-studentov.png\"},{\"@type\":\"BreadcrumbList\",\"@id\":\"https:\/\/www.upjs.sk\/filozoficka-fakulta\/vnutorny-system-hodnotenia-kvality\/rsp\/#breadcrumb\",\"itemListElement\":[{\"@type\":\"ListItem\",\"position\":1,\"name\":\"Home\",\"item\":\"https:\/\/www.upjs.sk\/filozoficka-fakulta\/\"},{\"@type\":\"ListItem\",\"position\":2,\"name\":\"Vn\u00fatorn\u00fd syst\u00e9m zabezpe\u010dovania a overovania kvality\",\"item\":\"https:\/\/www.upjs.sk\/filozoficka-fakulta\/vnutorny-system-hodnotenia-kvality\/\"},{\"@type\":\"ListItem\",\"position\":3,\"name\":\"Rady \u0161tudijn\u00fdch programov\"}]},{\"@type\":\"WebSite\",\"@id\":\"https:\/\/www.upjs.sk\/filozoficka-fakulta\/#website\",\"url\":\"https:\/\/www.upjs.sk\/filozoficka-fakulta\/\",\"name\":\"Filozofick\u00e1 fakulta | UPJ\u0160\",\"description\":\"\",\"publisher\":{\"@id\":\"https:\/\/www.upjs.sk\/filozoficka-fakulta\/#organization\"},\"potentialAction\":[{\"@type\":\"SearchAction\",\"target\":{\"@type\":\"EntryPoint\",\"urlTemplate\":\"https:\/\/www.upjs.sk\/filozoficka-fakulta\/?s={search_term_string}\"},\"query-input\":{\"@type\":\"PropertyValueSpecification\",\"valueRequired\":true,\"valueName\":\"search_term_string\"}}],\"inLanguage\":\"sk-SK\"},{\"@type\":\"Organization\",\"@id\":\"https:\/\/www.upjs.sk\/filozoficka-fakulta\/#organization\",\"name\":\"Filozofick\u00e1 fakulta | UPJ\u0160\",\"url\":\"https:\/\/www.upjs.sk\/filozoficka-fakulta\/\",\"logo\":{\"@type\":\"ImageObject\",\"inLanguage\":\"sk-SK\",\"@id\":\"https:\/\/www.upjs.sk\/filozoficka-fakulta\/#\/schema\/logo\/image\/\",\"url\":\"https:\/\/www.upjs.sk\/app\/uploads\/sites\/7\/2022\/09\/logo-filozoficka-fakulta.png\",\"contentUrl\":\"https:\/\/www.upjs.sk\/app\/uploads\/sites\/7\/2022\/09\/logo-filozoficka-fakulta.png\",\"width\":415,\"height\":87,\"caption\":\"Filozofick\u00e1 fakulta | UPJ\u0160\"},\"image\":{\"@id\":\"https:\/\/www.upjs.sk\/filozoficka-fakulta\/#\/schema\/logo\/image\/\"}}]}<\/script>\n<!-- \/ Yoast SEO plugin. -->","yoast_head_json":{"title":"Rady \u0161tudijn\u00fdch programov - Filozofick\u00e1 fakulta | UPJ\u0160","robots":{"index":"index","follow":"follow","max-snippet":"max-snippet:-1","max-image-preview":"max-image-preview:large","max-video-preview":"max-video-preview:-1"},"canonical":"https:\/\/www.upjs.sk\/filozoficka-fakulta\/vnutorny-system-hodnotenia-kvality\/rsp\/","og_locale":"sk_SK","og_type":"article","og_title":"Rady \u0161tudijn\u00fdch programov - Filozofick\u00e1 fakulta | UPJ\u0160","og_description":"Kvalitu s\u030ctudijn\u00fdch programov na bakal\u00e1rskom, magisterskom a spojenom bakal\u00e1rskom a magisterskom stupni zabezpe\u010duje a overuje Rada s\u030ctudijn\u00e9ho programu.&nbsp;&nbsp; Radu \u0161tudijn\u00e9ho programu menuje rektor alebo dekan, ak sa \u0161tudijny\u0301 program uskuto\u010d\u0148uje na fakulte.&nbsp;&nbsp; Kompetencie a pr\u00e1vomoci Rady \u0161tudijn\u00e9ho programu s\u00fa upraven\u00e9 v Pravidl\u00e1ch vn\u00fatorn\u00e9ho syst\u00e9mu zabezpe\u010dovania a overovania kvality na UPJ\u0160.&nbsp; \u00dapln\u00fd zoznam \u0161tudijn\u00fdch programov a &hellip; \u010c\u00edta\u0165 \u010falej","og_url":"https:\/\/www.upjs.sk\/filozoficka-fakulta\/vnutorny-system-hodnotenia-kvality\/rsp\/","og_site_name":"Filozofick\u00e1 fakulta | UPJ\u0160","article_modified_time":"2024-04-08T12:46:09+00:00","og_image":[{"url":"https:\/\/www.upjs.sk\/app\/uploads\/sites\/7\/2024\/04\/vbanner-RSP-zastupcovia-studentov.png","type":"","width":"","height":""}],"twitter_card":"summary_large_image","twitter_misc":{"Predpokladan\u00fd \u010das \u010d\u00edtania":"1 min\u00fata"},"schema":{"@context":"https:\/\/schema.org","@graph":[{"@type":"WebPage","@id":"https:\/\/www.upjs.sk\/filozoficka-fakulta\/vnutorny-system-hodnotenia-kvality\/rsp\/","url":"https:\/\/www.upjs.sk\/filozoficka-fakulta\/vnutorny-system-hodnotenia-kvality\/rsp\/","name":"Rady \u0161tudijn\u00fdch programov - Filozofick\u00e1 fakulta | UPJ\u0160","isPartOf":{"@id":"https:\/\/www.upjs.sk\/filozoficka-fakulta\/#website"},"primaryImageOfPage":{"@id":"https:\/\/www.upjs.sk\/filozoficka-fakulta\/vnutorny-system-hodnotenia-kvality\/rsp\/#primaryimage"},"image":{"@id":"https:\/\/www.upjs.sk\/filozoficka-fakulta\/vnutorny-system-hodnotenia-kvality\/rsp\/#primaryimage"},"thumbnailUrl":"https:\/\/www.upjs.sk\/app\/uploads\/sites\/7\/2024\/04\/vbanner-RSP-zastupcovia-studentov.png","datePublished":"2022-11-28T16:02:01+00:00","dateModified":"2024-04-08T12:46:09+00:00","breadcrumb":{"@id":"https:\/\/www.upjs.sk\/filozoficka-fakulta\/vnutorny-system-hodnotenia-kvality\/rsp\/#breadcrumb"},"inLanguage":"sk-SK","potentialAction":[{"@type":"ReadAction","target":["https:\/\/www.upjs.sk\/filozoficka-fakulta\/vnutorny-system-hodnotenia-kvality\/rsp\/"]}]},{"@type":"ImageObject","inLanguage":"sk-SK","@id":"https:\/\/www.upjs.sk\/filozoficka-fakulta\/vnutorny-system-hodnotenia-kvality\/rsp\/#primaryimage","url":"https:\/\/www.upjs.sk\/app\/uploads\/sites\/7\/2024\/04\/vbanner-RSP-zastupcovia-studentov.png","contentUrl":"https:\/\/www.upjs.sk\/app\/uploads\/sites\/7\/2024\/04\/vbanner-RSP-zastupcovia-studentov.png"},{"@type":"BreadcrumbList","@id":"https:\/\/www.upjs.sk\/filozoficka-fakulta\/vnutorny-system-hodnotenia-kvality\/rsp\/#breadcrumb","itemListElement":[{"@type":"ListItem","position":1,"name":"Home","item":"https:\/\/www.upjs.sk\/filozoficka-fakulta\/"},{"@type":"ListItem","position":2,"name":"Vn\u00fatorn\u00fd syst\u00e9m zabezpe\u010dovania a overovania kvality","item":"https:\/\/www.upjs.sk\/filozoficka-fakulta\/vnutorny-system-hodnotenia-kvality\/"},{"@type":"ListItem","position":3,"name":"Rady \u0161tudijn\u00fdch programov"}]},{"@type":"WebSite","@id":"https:\/\/www.upjs.sk\/filozoficka-fakulta\/#website","url":"https:\/\/www.upjs.sk\/filozoficka-fakulta\/","name":"Filozofick\u00e1 fakulta | UPJ\u0160","description":"","publisher":{"@id":"https:\/\/www.upjs.sk\/filozoficka-fakulta\/#organization"},"potentialAction":[{"@type":"SearchAction","target":{"@type":"EntryPoint","urlTemplate":"https:\/\/www.upjs.sk\/filozoficka-fakulta\/?s={search_term_string}"},"query-input":{"@type":"PropertyValueSpecification","valueRequired":true,"valueName":"search_term_string"}}],"inLanguage":"sk-SK"},{"@type":"Organization","@id":"https:\/\/www.upjs.sk\/filozoficka-fakulta\/#organization","name":"Filozofick\u00e1 fakulta | UPJ\u0160","url":"https:\/\/www.upjs.sk\/filozoficka-fakulta\/","logo":{"@type":"ImageObject","inLanguage":"sk-SK","@id":"https:\/\/www.upjs.sk\/filozoficka-fakulta\/#\/schema\/logo\/image\/","url":"https:\/\/www.upjs.sk\/app\/uploads\/sites\/7\/2022\/09\/logo-filozoficka-fakulta.png","contentUrl":"https:\/\/www.upjs.sk\/app\/uploads\/sites\/7\/2022\/09\/logo-filozoficka-fakulta.png","width":415,"height":87,"caption":"Filozofick\u00e1 fakulta | UPJ\u0160"},"image":{"@id":"https:\/\/www.upjs.sk\/filozoficka-fakulta\/#\/schema\/logo\/image\/"}}]}},"_links":{"self":[{"href":"https:\/\/www.upjs.sk\/filozoficka-fakulta\/wp-json\/wp\/v2\/pages\/37436","targetHints":{"allow":["GET"]}}],"collection":[{"href":"https:\/\/www.upjs.sk\/filozoficka-fakulta\/wp-json\/wp\/v2\/pages"}],"about":[{"href":"https:\/\/www.upjs.sk\/filozoficka-fakulta\/wp-json\/wp\/v2\/types\/page"}],"author":[{"embeddable":true,"href":"https:\/\/www.upjs.sk\/filozoficka-fakulta\/wp-json\/wp\/v2\/users\/21"}],"replies":[{"embeddable":true,"href":"https:\/\/www.upjs.sk\/filozoficka-fakulta\/wp-json\/wp\/v2\/comments?post=37436"}],"version-history":[{"count":19,"href":"https:\/\/www.upjs.sk\/filozoficka-fakulta\/wp-json\/wp\/v2\/pages\/37436\/revisions"}],"predecessor-version":[{"id":49589,"href":"https:\/\/www.upjs.sk\/filozoficka-fakulta\/wp-json\/wp\/v2\/pages\/37436\/revisions\/49589"}],"up":[{"embeddable":true,"href":"https:\/\/www.upjs.sk\/filozoficka-fakulta\/wp-json\/wp\/v2\/pages\/16391"}],"wp:attachment":[{"href":"https:\/\/www.upjs.sk\/filozoficka-fakulta\/wp-json\/wp\/v2\/media?parent=37436"}],"wp:term":[{"taxonomy":"category","embeddable":true,"href":"https:\/\/www.upjs.sk\/filozoficka-fakulta\/wp-json\/wp\/v2\/categories?post=37436"},{"taxonomy":"post_tag","embeddable":true,"href":"https:\/\/www.upjs.sk\/filozoficka-fakulta\/wp-json\/wp\/v2\/tags?post=37436"}],"curies":[{"name":"wp","href":"https:\/\/api.w.org\/{rel}","templated":true}]}}