{"id":38134,"date":"2023-01-12T08:51:44","date_gmt":"2023-01-12T07:51:44","guid":{"rendered":"https:\/\/www.upjs.sk\/filozoficka-fakulta\/?page_id=38134"},"modified":"2025-01-07T20:14:31","modified_gmt":"2025-01-07T19:14:31","slug":"vedecka-rada-ff-upjs","status":"publish","type":"page","link":"https:\/\/www.upjs.sk\/filozoficka-fakulta\/vedecka-rada-ff-upjs\/","title":{"rendered":"Vedeck\u00e1 rada FF UPJ\u0160 v Ko\u0161iciach"},"content":{"rendered":"\n<div style=\"height:20px\" aria-hidden=\"true\" class=\"wp-block-spacer\"><\/div>\n\n\n<style>.kadence-column38134_e292a2-24 > .kt-inside-inner-col,.kadence-column38134_e292a2-24 > .kt-inside-inner-col:before{border-top-left-radius:5px;border-top-right-radius:5px;border-bottom-right-radius:5px;border-bottom-left-radius:5px;}.kadence-column38134_e292a2-24 > .kt-inside-inner-col{column-gap:var(--global-kb-gap-sm, 1rem);}.kadence-column38134_e292a2-24 > .kt-inside-inner-col{flex-direction:column;}.kadence-column38134_e292a2-24 > .kt-inside-inner-col > .aligncenter{width:100%;}.kadence-column38134_e292a2-24 > .kt-inside-inner-col{background-color:#f2f2f2;}.kadence-column38134_e292a2-24 > .kt-inside-inner-col:before{opacity:0.3;}.kadence-column38134_e292a2-24{position:relative;}@media all and (max-width: 1024px){.kadence-column38134_e292a2-24 > .kt-inside-inner-col{flex-direction:column;justify-content:center;}}@media all and (max-width: 767px){.kadence-column38134_e292a2-24 > .kt-inside-inner-col{flex-direction:column;justify-content:center;}}<\/style>\n<div class=\"wp-block-kadence-column kadence-column38134_e292a2-24 inner-column-1\"><div class=\"kt-inside-inner-col\"><style>.kt-accordion-id38134_49e3d9-67 .kt-accordion-inner-wrap{column-gap:var(--global-kb-gap-md, 2rem);row-gap:0px;}.kt-accordion-id38134_49e3d9-67 .kt-accordion-panel-inner{border-top:0px solid transparent;border-right:0px solid transparent;border-bottom:0px solid transparent;border-left:0px solid transparent;padding-top:var(--global-kb-spacing-sm, 1.5rem);padding-right:var(--global-kb-spacing-sm, 1.5rem);padding-bottom:var(--global-kb-spacing-sm, 1.5rem);padding-left:var(--global-kb-spacing-sm, 1.5rem);}.kt-accordion-id38134_49e3d9-67 .wp-block-kadence-pane .kt-accordion-header-wrap .kt-blocks-accordion-header{border-top-color:#f2f2f2;border-top-style:solid;border-right-color:#f2f2f2;border-right-style:solid;border-bottom-color:#f2f2f2;border-bottom-style:solid;border-left-color:#f2f2f2;border-left-style:solid;border-top-left-radius:0px;border-top-right-radius:0px;border-bottom-right-radius:0px;border-bottom-left-radius:0px;background:#f2f2f2;font-size:18px;line-height:24px;color:#C19152;padding-top:10px;padding-right:14px;padding-bottom:10px;padding-left:14px;}.kt-accordion-id38134_49e3d9-67:not( .kt-accodion-icon-style-basiccircle ):not( .kt-accodion-icon-style-xclosecircle ):not( .kt-accodion-icon-style-arrowcircle ) .kt-blocks-accordion-icon-trigger:after, .kt-accordion-id38134_49e3d9-67:not( .kt-accodion-icon-style-basiccircle ):not( .kt-accodion-icon-style-xclosecircle ):not( .kt-accodion-icon-style-arrowcircle ) .kt-blocks-accordion-icon-trigger:before{background:#C19152;}.kt-accordion-id38134_49e3d9-67:not( .kt-accodion-icon-style-basic ):not( .kt-accodion-icon-style-xclose ):not( .kt-accodion-icon-style-arrow ) .kt-blocks-accordion-icon-trigger{background:#C19152;}.kt-accordion-id38134_49e3d9-67:not( .kt-accodion-icon-style-basic ):not( .kt-accodion-icon-style-xclose ):not( .kt-accodion-icon-style-arrow ) .kt-blocks-accordion-icon-trigger:after, .kt-accordion-id38134_49e3d9-67:not( .kt-accodion-icon-style-basic ):not( .kt-accodion-icon-style-xclose ):not( .kt-accodion-icon-style-arrow ) .kt-blocks-accordion-icon-trigger:before{background:#f2f2f2;}.kt-accordion-id38134_49e3d9-67 .kt-accordion-header-wrap .kt-blocks-accordion-header:hover, body:not(.hide-focus-outline) .kt-accordion-id38134_49e3d9-67 .kt-accordion-header-wrap .kt-blocks-accordion-header:focus-visible{color:#444444;background:#f2f2f2;border-top-color:#f2f2f2;border-top-style:solid;border-right-color:#f2f2f2;border-right-style:solid;border-bottom-color:#f2f2f2;border-bottom-style:solid;border-left-color:#f2f2f2;border-left-style:solid;}.kt-accordion-id38134_49e3d9-67:not( .kt-accodion-icon-style-basiccircle ):not( .kt-accodion-icon-style-xclosecircle ):not( .kt-accodion-icon-style-arrowcircle ) .kt-blocks-accordion-header:hover .kt-blocks-accordion-icon-trigger:after, .kt-accordion-id38134_49e3d9-67:not( .kt-accodion-icon-style-basiccircle ):not( .kt-accodion-icon-style-xclosecircle ):not( .kt-accodion-icon-style-arrowcircle ) .kt-blocks-accordion-header:hover .kt-blocks-accordion-icon-trigger:before, body:not(.hide-focus-outline) .kt-accordion-id38134_49e3d9-67:not( .kt-accodion-icon-style-basiccircle ):not( .kt-accodion-icon-style-xclosecircle ):not( .kt-accodion-icon-style-arrowcircle ) .kt-blocks-accordion--visible .kt-blocks-accordion-icon-trigger:after, body:not(.hide-focus-outline) .kt-accordion-id38134_49e3d9-67:not( .kt-accodion-icon-style-basiccircle ):not( .kt-accodion-icon-style-xclosecircle ):not( .kt-accodion-icon-style-arrowcircle ) .kt-blocks-accordion-header:focus-visible .kt-blocks-accordion-icon-trigger:before{background:#444444;}.kt-accordion-id38134_49e3d9-67:not( .kt-accodion-icon-style-basic ):not( .kt-accodion-icon-style-xclose ):not( .kt-accodion-icon-style-arrow ) .kt-blocks-accordion-header:hover .kt-blocks-accordion-icon-trigger, body:not(.hide-focus-outline) .kt-accordion-id38134_49e3d9-67:not( .kt-accodion-icon-style-basic ):not( .kt-accodion-icon-style-xclose ):not( .kt-accodion-icon-style-arrow ) .kt-blocks-accordion-header:focus-visible .kt-blocks-accordion-icon-trigger{background:#444444;}.kt-accordion-id38134_49e3d9-67:not( .kt-accodion-icon-style-basic ):not( .kt-accodion-icon-style-xclose ):not( .kt-accodion-icon-style-arrow ) .kt-blocks-accordion-header:hover .kt-blocks-accordion-icon-trigger:after, .kt-accordion-id38134_49e3d9-67:not( .kt-accodion-icon-style-basic ):not( .kt-accodion-icon-style-xclose ):not( .kt-accodion-icon-style-arrow ) .kt-blocks-accordion-header:hover .kt-blocks-accordion-icon-trigger:before, body:not(.hide-focus-outline) .kt-accordion-id38134_49e3d9-67:not( .kt-accodion-icon-style-basic ):not( .kt-accodion-icon-style-xclose ):not( .kt-accodion-icon-style-arrow ) .kt-blocks-accordion-header:focus-visible .kt-blocks-accordion-icon-trigger:after, body:not(.hide-focus-outline) .kt-accordion-id38134_49e3d9-67:not( .kt-accodion-icon-style-basic ):not( .kt-accodion-icon-style-xclose ):not( .kt-accodion-icon-style-arrow ) .kt-blocks-accordion-header:focus-visible .kt-blocks-accordion-icon-trigger:before{background:#f2f2f2;}.kt-accordion-id38134_49e3d9-67 .kt-accordion-header-wrap .kt-blocks-accordion-header:focus-visible, .kt-accordion-id38134_49e3d9-67 .kt-accordion-header-wrap .kt-blocks-accordion-header.kt-accordion-panel-active{color:#444444;background:#f2f2f2;border-top-color:#f2f2f2;border-top-style:solid;border-right-color:#f2f2f2;border-right-style:solid;border-bottom-color:#f2f2f2;border-bottom-style:solid;border-left-color:#f2f2f2;border-left-style:solid;}.kt-accordion-id38134_49e3d9-67:not( .kt-accodion-icon-style-basiccircle ):not( .kt-accodion-icon-style-xclosecircle ):not( .kt-accodion-icon-style-arrowcircle ) .kt-blocks-accordion-header.kt-accordion-panel-active .kt-blocks-accordion-icon-trigger:after, .kt-accordion-id38134_49e3d9-67:not( .kt-accodion-icon-style-basiccircle ):not( .kt-accodion-icon-style-xclosecircle ):not( .kt-accodion-icon-style-arrowcircle ) .kt-blocks-accordion-header.kt-accordion-panel-active .kt-blocks-accordion-icon-trigger:before{background:#444444;}.kt-accordion-id38134_49e3d9-67:not( .kt-accodion-icon-style-basic ):not( .kt-accodion-icon-style-xclose ):not( .kt-accodion-icon-style-arrow ) .kt-blocks-accordion-header.kt-accordion-panel-active .kt-blocks-accordion-icon-trigger{background:#444444;}.kt-accordion-id38134_49e3d9-67:not( .kt-accodion-icon-style-basic ):not( .kt-accodion-icon-style-xclose ):not( .kt-accodion-icon-style-arrow ) .kt-blocks-accordion-header.kt-accordion-panel-active .kt-blocks-accordion-icon-trigger:after, .kt-accordion-id38134_49e3d9-67:not( .kt-accodion-icon-style-basic ):not( .kt-accodion-icon-style-xclose ):not( .kt-accodion-icon-style-arrow ) .kt-blocks-accordion-header.kt-accordion-panel-active .kt-blocks-accordion-icon-trigger:before{background:#f2f2f2;}@media all and (max-width: 1024px){.kt-accordion-id38134_49e3d9-67 .kt-accordion-panel-inner{border-top:0px solid transparent;border-right:0px solid transparent;border-bottom:0px solid transparent;border-left:0px solid transparent;}}@media all and (max-width: 1024px){.kt-accordion-id38134_49e3d9-67 .wp-block-kadence-pane .kt-accordion-header-wrap .kt-blocks-accordion-header{border-top-color:#f2f2f2;border-top-style:solid;border-right-color:#f2f2f2;border-right-style:solid;border-bottom-color:#f2f2f2;border-bottom-style:solid;border-left-color:#f2f2f2;border-left-style:solid;}}@media all and (max-width: 1024px){.kt-accordion-id38134_49e3d9-67 .kt-accordion-header-wrap .kt-blocks-accordion-header:hover, body:not(.hide-focus-outline) .kt-accordion-id38134_49e3d9-67 .kt-accordion-header-wrap .kt-blocks-accordion-header:focus-visible{border-top-color:#f2f2f2;border-top-style:solid;border-right-color:#f2f2f2;border-right-style:solid;border-bottom-color:#f2f2f2;border-bottom-style:solid;border-left-color:#f2f2f2;border-left-style:solid;}}@media all and (max-width: 1024px){.kt-accordion-id38134_49e3d9-67 .kt-accordion-header-wrap .kt-blocks-accordion-header:focus-visible, .kt-accordion-id38134_49e3d9-67 .kt-accordion-header-wrap .kt-blocks-accordion-header.kt-accordion-panel-active{border-top-color:#f2f2f2;border-top-style:solid;border-right-color:#f2f2f2;border-right-style:solid;border-bottom-color:#f2f2f2;border-bottom-style:solid;border-left-color:#f2f2f2;border-left-style:solid;}}@media all and (max-width: 767px){.kt-accordion-id38134_49e3d9-67 .kt-accordion-inner-wrap{display:block;}.kt-accordion-id38134_49e3d9-67 .kt-accordion-inner-wrap .kt-accordion-pane:not(:first-child){margin-top:0px;}.kt-accordion-id38134_49e3d9-67 .kt-accordion-panel-inner{border-top:0px solid transparent;border-right:0px solid transparent;border-bottom:0px solid transparent;border-left:0px solid transparent;}.kt-accordion-id38134_49e3d9-67 .wp-block-kadence-pane .kt-accordion-header-wrap .kt-blocks-accordion-header{border-top-color:#f2f2f2;border-top-style:solid;border-right-color:#f2f2f2;border-right-style:solid;border-bottom-color:#f2f2f2;border-bottom-style:solid;border-left-color:#f2f2f2;border-left-style:solid;}.kt-accordion-id38134_49e3d9-67 .kt-accordion-header-wrap .kt-blocks-accordion-header:hover, body:not(.hide-focus-outline) .kt-accordion-id38134_49e3d9-67 .kt-accordion-header-wrap .kt-blocks-accordion-header:focus-visible{border-top-color:#f2f2f2;border-top-style:solid;border-right-color:#f2f2f2;border-right-style:solid;border-bottom-color:#f2f2f2;border-bottom-style:solid;border-left-color:#f2f2f2;border-left-style:solid;}.kt-accordion-id38134_49e3d9-67 .kt-accordion-header-wrap .kt-blocks-accordion-header:focus-visible, .kt-accordion-id38134_49e3d9-67 .kt-accordion-header-wrap .kt-blocks-accordion-header.kt-accordion-panel-active{border-top-color:#f2f2f2;border-top-style:solid;border-right-color:#f2f2f2;border-right-style:solid;border-bottom-color:#f2f2f2;border-bottom-style:solid;border-left-color:#f2f2f2;border-left-style:solid;}}<\/style>\n<div class=\"wp-block-kadence-accordion alignnone\"><div class=\"kt-accordion-wrap kt-accordion-id38134_49e3d9-67 kt-accordion-has-3-panes kt-active-pane-0 kt-accordion-block kt-pane-header-alignment-left kt-accodion-icon-style-arrow kt-accodion-icon-side-left\" style=\"max-width:none\"><div class=\"kt-accordion-inner-wrap\" data-allow-multiple-open=\"false\" data-start-open=\"none\">\n<div class=\"wp-block-kadence-pane kt-accordion-pane kt-accordion-pane-1 kt-pane38134_80f0d2-ca\"><div class=\"kt-accordion-header-wrap\"><button class=\"kt-blocks-accordion-header kt-acccordion-button-label-show\" type=\"button\"><span class=\"kt-blocks-accordion-title-wrap\"><span class=\"kt-blocks-accordion-title\">Rokovac\u00ed poriadok VR FF UPJ\u0160 v Ko\u0161iciach<\/span><\/span><span class=\"kt-blocks-accordion-icon-trigger\"><\/span><\/button><\/div><div class=\"kt-accordion-panel kt-accordion-panel-hidden\"><div class=\"kt-accordion-panel-inner\">\n<p><a href=\"https:\/\/intranet.upjs.sk\/op\/op.Public.php?documentid=1618\" target=\"_blank\" rel=\"noreferrer noopener\"><strong>Rokovac\u00ed poriadok VR FF UPJ\u0160 v Ko\u0161iciach<\/strong><\/a><\/p>\n<\/div><\/div><\/div>\n\n\n\n<div class=\"wp-block-kadence-pane kt-accordion-pane kt-accordion-pane-2 kt-pane38134_26ba21-42\"><div class=\"kt-accordion-header-wrap\"><button class=\"kt-blocks-accordion-header kt-acccordion-button-label-show\" type=\"button\"><span class=\"kt-blocks-accordion-title-wrap\"><span class=\"kt-blocks-accordion-title\">Zoznam \u010dlenov Vedeckej rady FF UPJ\u0160 v Ko\u0161iciach (2023 \u2013 2027)<\/span><\/span><span class=\"kt-blocks-accordion-icon-trigger\"><\/span><\/button><\/div><div class=\"kt-accordion-panel kt-accordion-panel-hidden\"><div class=\"kt-accordion-panel-inner\">\n<p><a href=\"https:\/\/intranet.upjs.sk\/op\/op.Public.php?documentid=6174\" target=\"_blank\" aria-label=\"Zlo\u017eenie Vedeckej rady FF UPJ\u0160 v Ko\u0161iciach s uveden\u00edm oblast\u00ed p\u00f4sobenia jej \u010dlenov (opens in a new tab)\" rel=\"noreferrer noopener\" class=\"ek-link\"><strong>Zlo\u017eenie Vedeckej rady FF UPJ\u0160 v Ko\u0161iciach s uveden\u00edm oblast\u00ed p\u00f4sobenia jej \u010dlenov<\/strong><\/a><\/p>\n<\/div><\/div><\/div>\n\n\n\n<div class=\"wp-block-kadence-pane kt-accordion-pane kt-accordion-pane-3 kt-pane38134_dd83f2-f8\"><div class=\"kt-accordion-header-wrap\"><button class=\"kt-blocks-accordion-header kt-acccordion-button-label-show\" type=\"button\"><span class=\"kt-blocks-accordion-title-wrap\"><span class=\"kt-blocks-accordion-title\">Zasadnutia Vedeckej rady FF UPJ\u0160 v Ko\u0161iciach<\/span><\/span><span class=\"kt-blocks-accordion-icon-trigger\"><\/span><\/button><\/div><div class=\"kt-accordion-panel kt-accordion-panel-hidden\"><div class=\"kt-accordion-panel-inner\">\n<p><a aria-label=\"Harmonogram zasadnut\u00ed Vedeckej rady FF UPJ\u0160 v Ko\u0161iciach, 2022\/2023 (opens in a new tab)\" class=\"ek-link\" href=\"https:\/\/www.upjs.sk\/filozoficka-fakulta\/info-pre-zamestnancov\/terminy-zasadnuti\/\" target=\"_blank\" rel=\"noreferrer noopener\"><strong>Harmonogram zasadnut\u00ed Vedeckej rady FF UPJ\u0160 v Ko\u0161iciach<\/strong><\/a><\/p>\n<\/div><\/div><\/div>\n<\/div><\/div><\/div>\n<\/div><\/div>\n\n\n\n<p><strong><br><\/strong><\/p>\n","protected":false},"excerpt":{"rendered":"","protected":false},"author":21,"featured_media":0,"parent":0,"menu_order":2,"comment_status":"closed","ping_status":"closed","template":"","meta":{"_acf_changed":false,"_editorskit_title_hidden":false,"_editorskit_reading_time":1,"_editorskit_is_block_options_detached":false,"_editorskit_block_options_position":"{}","footnotes":""},"categories":[],"tags":[],"class_list":["post-38134","page","type-page","status-publish","hentry"],"acf":{"acf_link_na_externy_obsah":""},"yoast_head":"<!-- This site is optimized with the Yoast SEO plugin v27.2 - https:\/\/yoast.com\/product\/yoast-seo-wordpress\/ -->\n<title>Vedeck\u00e1 rada FF UPJ\u0160 v Ko\u0161iciach - Filozofick\u00e1 fakulta | UPJ\u0160<\/title>\n<meta name=\"robots\" content=\"index, follow, max-snippet:-1, max-image-preview:large, max-video-preview:-1\" \/>\n<link rel=\"canonical\" href=\"https:\/\/www.upjs.sk\/filozoficka-fakulta\/vedecka-rada-ff-upjs\/\" \/>\n<meta property=\"og:locale\" content=\"sk_SK\" \/>\n<meta property=\"og:type\" content=\"article\" \/>\n<meta property=\"og:title\" content=\"Vedeck\u00e1 rada FF UPJ\u0160 v Ko\u0161iciach - Filozofick\u00e1 fakulta | UPJ\u0160\" \/>\n<meta property=\"og:url\" content=\"https:\/\/www.upjs.sk\/filozoficka-fakulta\/vedecka-rada-ff-upjs\/\" \/>\n<meta property=\"og:site_name\" content=\"Filozofick\u00e1 fakulta | UPJ\u0160\" \/>\n<meta property=\"article:modified_time\" content=\"2025-01-07T19:14:31+00:00\" \/>\n<meta name=\"twitter:card\" content=\"summary_large_image\" \/>\n<meta name=\"twitter:label1\" content=\"Predpokladan\u00fd \u010das \u010d\u00edtania\" \/>\n\t<meta name=\"twitter:data1\" content=\"1 min\u00fata\" \/>\n<script type=\"application\/ld+json\" class=\"yoast-schema-graph\">{\"@context\":\"https:\/\/schema.org\",\"@graph\":[{\"@type\":\"WebPage\",\"@id\":\"https:\/\/www.upjs.sk\/filozoficka-fakulta\/vedecka-rada-ff-upjs\/\",\"url\":\"https:\/\/www.upjs.sk\/filozoficka-fakulta\/vedecka-rada-ff-upjs\/\",\"name\":\"Vedeck\u00e1 rada FF UPJ\u0160 v Ko\u0161iciach - Filozofick\u00e1 fakulta | UPJ\u0160\",\"isPartOf\":{\"@id\":\"https:\/\/www.upjs.sk\/filozoficka-fakulta\/#website\"},\"datePublished\":\"2023-01-12T07:51:44+00:00\",\"dateModified\":\"2025-01-07T19:14:31+00:00\",\"breadcrumb\":{\"@id\":\"https:\/\/www.upjs.sk\/filozoficka-fakulta\/vedecka-rada-ff-upjs\/#breadcrumb\"},\"inLanguage\":\"sk-SK\",\"potentialAction\":[{\"@type\":\"ReadAction\",\"target\":[\"https:\/\/www.upjs.sk\/filozoficka-fakulta\/vedecka-rada-ff-upjs\/\"]}]},{\"@type\":\"BreadcrumbList\",\"@id\":\"https:\/\/www.upjs.sk\/filozoficka-fakulta\/vedecka-rada-ff-upjs\/#breadcrumb\",\"itemListElement\":[{\"@type\":\"ListItem\",\"position\":1,\"name\":\"Home\",\"item\":\"https:\/\/www.upjs.sk\/filozoficka-fakulta\/\"},{\"@type\":\"ListItem\",\"position\":2,\"name\":\"Vedeck\u00e1 rada FF UPJ\u0160 v Ko\u0161iciach\"}]},{\"@type\":\"WebSite\",\"@id\":\"https:\/\/www.upjs.sk\/filozoficka-fakulta\/#website\",\"url\":\"https:\/\/www.upjs.sk\/filozoficka-fakulta\/\",\"name\":\"Filozofick\u00e1 fakulta | UPJ\u0160\",\"description\":\"\",\"publisher\":{\"@id\":\"https:\/\/www.upjs.sk\/filozoficka-fakulta\/#organization\"},\"potentialAction\":[{\"@type\":\"SearchAction\",\"target\":{\"@type\":\"EntryPoint\",\"urlTemplate\":\"https:\/\/www.upjs.sk\/filozoficka-fakulta\/?s={search_term_string}\"},\"query-input\":{\"@type\":\"PropertyValueSpecification\",\"valueRequired\":true,\"valueName\":\"search_term_string\"}}],\"inLanguage\":\"sk-SK\"},{\"@type\":\"Organization\",\"@id\":\"https:\/\/www.upjs.sk\/filozoficka-fakulta\/#organization\",\"name\":\"Filozofick\u00e1 fakulta | UPJ\u0160\",\"url\":\"https:\/\/www.upjs.sk\/filozoficka-fakulta\/\",\"logo\":{\"@type\":\"ImageObject\",\"inLanguage\":\"sk-SK\",\"@id\":\"https:\/\/www.upjs.sk\/filozoficka-fakulta\/#\/schema\/logo\/image\/\",\"url\":\"https:\/\/www.upjs.sk\/app\/uploads\/sites\/7\/2022\/09\/logo-filozoficka-fakulta.png\",\"contentUrl\":\"https:\/\/www.upjs.sk\/app\/uploads\/sites\/7\/2022\/09\/logo-filozoficka-fakulta.png\",\"width\":415,\"height\":87,\"caption\":\"Filozofick\u00e1 fakulta | UPJ\u0160\"},\"image\":{\"@id\":\"https:\/\/www.upjs.sk\/filozoficka-fakulta\/#\/schema\/logo\/image\/\"}}]}<\/script>\n<!-- \/ Yoast SEO plugin. -->","yoast_head_json":{"title":"Vedeck\u00e1 rada FF UPJ\u0160 v Ko\u0161iciach - Filozofick\u00e1 fakulta | UPJ\u0160","robots":{"index":"index","follow":"follow","max-snippet":"max-snippet:-1","max-image-preview":"max-image-preview:large","max-video-preview":"max-video-preview:-1"},"canonical":"https:\/\/www.upjs.sk\/filozoficka-fakulta\/vedecka-rada-ff-upjs\/","og_locale":"sk_SK","og_type":"article","og_title":"Vedeck\u00e1 rada FF UPJ\u0160 v Ko\u0161iciach - Filozofick\u00e1 fakulta | UPJ\u0160","og_url":"https:\/\/www.upjs.sk\/filozoficka-fakulta\/vedecka-rada-ff-upjs\/","og_site_name":"Filozofick\u00e1 fakulta | UPJ\u0160","article_modified_time":"2025-01-07T19:14:31+00:00","twitter_card":"summary_large_image","twitter_misc":{"Predpokladan\u00fd \u010das \u010d\u00edtania":"1 min\u00fata"},"schema":{"@context":"https:\/\/schema.org","@graph":[{"@type":"WebPage","@id":"https:\/\/www.upjs.sk\/filozoficka-fakulta\/vedecka-rada-ff-upjs\/","url":"https:\/\/www.upjs.sk\/filozoficka-fakulta\/vedecka-rada-ff-upjs\/","name":"Vedeck\u00e1 rada FF UPJ\u0160 v Ko\u0161iciach - Filozofick\u00e1 fakulta | UPJ\u0160","isPartOf":{"@id":"https:\/\/www.upjs.sk\/filozoficka-fakulta\/#website"},"datePublished":"2023-01-12T07:51:44+00:00","dateModified":"2025-01-07T19:14:31+00:00","breadcrumb":{"@id":"https:\/\/www.upjs.sk\/filozoficka-fakulta\/vedecka-rada-ff-upjs\/#breadcrumb"},"inLanguage":"sk-SK","potentialAction":[{"@type":"ReadAction","target":["https:\/\/www.upjs.sk\/filozoficka-fakulta\/vedecka-rada-ff-upjs\/"]}]},{"@type":"BreadcrumbList","@id":"https:\/\/www.upjs.sk\/filozoficka-fakulta\/vedecka-rada-ff-upjs\/#breadcrumb","itemListElement":[{"@type":"ListItem","position":1,"name":"Home","item":"https:\/\/www.upjs.sk\/filozoficka-fakulta\/"},{"@type":"ListItem","position":2,"name":"Vedeck\u00e1 rada FF UPJ\u0160 v Ko\u0161iciach"}]},{"@type":"WebSite","@id":"https:\/\/www.upjs.sk\/filozoficka-fakulta\/#website","url":"https:\/\/www.upjs.sk\/filozoficka-fakulta\/","name":"Filozofick\u00e1 fakulta | UPJ\u0160","description":"","publisher":{"@id":"https:\/\/www.upjs.sk\/filozoficka-fakulta\/#organization"},"potentialAction":[{"@type":"SearchAction","target":{"@type":"EntryPoint","urlTemplate":"https:\/\/www.upjs.sk\/filozoficka-fakulta\/?s={search_term_string}"},"query-input":{"@type":"PropertyValueSpecification","valueRequired":true,"valueName":"search_term_string"}}],"inLanguage":"sk-SK"},{"@type":"Organization","@id":"https:\/\/www.upjs.sk\/filozoficka-fakulta\/#organization","name":"Filozofick\u00e1 fakulta | UPJ\u0160","url":"https:\/\/www.upjs.sk\/filozoficka-fakulta\/","logo":{"@type":"ImageObject","inLanguage":"sk-SK","@id":"https:\/\/www.upjs.sk\/filozoficka-fakulta\/#\/schema\/logo\/image\/","url":"https:\/\/www.upjs.sk\/app\/uploads\/sites\/7\/2022\/09\/logo-filozoficka-fakulta.png","contentUrl":"https:\/\/www.upjs.sk\/app\/uploads\/sites\/7\/2022\/09\/logo-filozoficka-fakulta.png","width":415,"height":87,"caption":"Filozofick\u00e1 fakulta | UPJ\u0160"},"image":{"@id":"https:\/\/www.upjs.sk\/filozoficka-fakulta\/#\/schema\/logo\/image\/"}}]}},"_links":{"self":[{"href":"https:\/\/www.upjs.sk\/filozoficka-fakulta\/wp-json\/wp\/v2\/pages\/38134","targetHints":{"allow":["GET"]}}],"collection":[{"href":"https:\/\/www.upjs.sk\/filozoficka-fakulta\/wp-json\/wp\/v2\/pages"}],"about":[{"href":"https:\/\/www.upjs.sk\/filozoficka-fakulta\/wp-json\/wp\/v2\/types\/page"}],"author":[{"embeddable":true,"href":"https:\/\/www.upjs.sk\/filozoficka-fakulta\/wp-json\/wp\/v2\/users\/21"}],"replies":[{"embeddable":true,"href":"https:\/\/www.upjs.sk\/filozoficka-fakulta\/wp-json\/wp\/v2\/comments?post=38134"}],"version-history":[{"count":19,"href":"https:\/\/www.upjs.sk\/filozoficka-fakulta\/wp-json\/wp\/v2\/pages\/38134\/revisions"}],"predecessor-version":[{"id":52968,"href":"https:\/\/www.upjs.sk\/filozoficka-fakulta\/wp-json\/wp\/v2\/pages\/38134\/revisions\/52968"}],"wp:attachment":[{"href":"https:\/\/www.upjs.sk\/filozoficka-fakulta\/wp-json\/wp\/v2\/media?parent=38134"}],"wp:term":[{"taxonomy":"category","embeddable":true,"href":"https:\/\/www.upjs.sk\/filozoficka-fakulta\/wp-json\/wp\/v2\/categories?post=38134"},{"taxonomy":"post_tag","embeddable":true,"href":"https:\/\/www.upjs.sk\/filozoficka-fakulta\/wp-json\/wp\/v2\/tags?post=38134"}],"curies":[{"name":"wp","href":"https:\/\/api.w.org\/{rel}","templated":true}]}}