{"id":38148,"date":"2023-01-12T09:44:10","date_gmt":"2023-01-12T08:44:10","guid":{"rendered":"https:\/\/www.upjs.sk\/filozoficka-fakulta\/?page_id=38148"},"modified":"2023-01-15T19:05:13","modified_gmt":"2023-01-15T18:05:13","slug":"publikacna-cinnost","status":"publish","type":"page","link":"https:\/\/www.upjs.sk\/filozoficka-fakulta\/veda-a-vyskum\/publikacna-cinnost\/","title":{"rendered":"Publika\u010dn\u00e1 \u010dinnos\u0165"},"content":{"rendered":"\n<ul class=\"wp-block-list\">\n<li><a href=\"https:\/\/www.upjs.sk\/pracoviska\/univerzitna-kniznica\/evidencia-publikacnej-cinnosti\/\" target=\"_blank\" aria-label=\" (opens in a new tab)\" rel=\"noreferrer noopener\" class=\"ek-link\">Legislat\u00edva a evidencia\u00a0publika\u010dnej \u010dinnosti<\/a><\/li>\n\n\n\n<li><a href=\"https:\/\/intranet.upjs.sk\/op\/op.Public.php?documentid=6034\" target=\"_blank\" rel=\"noreferrer noopener\">Krit\u00e9ri\u00e1 hodnotenia v\u00fdstupov tvorivej \u010dinnosti pre spolo\u010densk\u00e9 a humanitn\u00e9 vedy na FF UPJ\u0160 v Ko\u0161iciach<\/a>&nbsp;(schv\u00e1len\u00e9 VR&nbsp;FF UPJ\u0160 18. 2. 2022,&nbsp;schv\u00e1len\u00e9 VR&nbsp;UPJ\u0160 11. 3. 2022)<\/li>\n\n\n\n<li><a href=\"https:\/\/intranet.upjs.sk\/op\/op.Public.php?documentid=7510\" target=\"_blank\" rel=\"noreferrer noopener\">Krit\u00e9ri\u00e1 hodnotenia v\u00fdstupov tvorivej \u010dinnosti pre spolo\u010densk\u00e9 a humanitn\u00e9 vedy na FF UPJ\u0160 v Ko\u0161iciach<\/a>&nbsp;(schv\u00e1len\u00e9 VR FF UPJ\u0160 18. 2. 2022, schv\u00e1len\u00e9 VR UPJ\u0160 11. 3. 2022, doplnen\u00e9 o odkaz na Smernicu \u010d. 36\/2022 o periodickom hodnoten\u00ed v\u00fdskumnej, v\u00fdvojovej, umeleckej a \u010fal\u0161ej tvorivej \u010dinnosti)<\/li>\n<\/ul>\n","protected":false},"excerpt":{"rendered":"","protected":false},"author":21,"featured_media":0,"parent":16446,"menu_order":11,"comment_status":"closed","ping_status":"closed","template":"","meta":{"_acf_changed":false,"_editorskit_title_hidden":false,"_editorskit_reading_time":1,"_editorskit_is_block_options_detached":false,"_editorskit_block_options_position":"{}","footnotes":""},"categories":[],"tags":[],"class_list":["post-38148","page","type-page","status-publish","hentry"],"acf":{"acf_link_na_externy_obsah":""},"yoast_head":"<!-- This site is optimized with the Yoast SEO plugin v27.2 - https:\/\/yoast.com\/product\/yoast-seo-wordpress\/ -->\n<title>Publika\u010dn\u00e1 \u010dinnos\u0165 - Filozofick\u00e1 fakulta | UPJ\u0160<\/title>\n<meta name=\"robots\" content=\"index, follow, max-snippet:-1, max-image-preview:large, max-video-preview:-1\" \/>\n<link rel=\"canonical\" href=\"https:\/\/www.upjs.sk\/filozoficka-fakulta\/veda-a-vyskum\/publikacna-cinnost\/\" \/>\n<meta property=\"og:locale\" content=\"sk_SK\" \/>\n<meta property=\"og:type\" content=\"article\" \/>\n<meta property=\"og:title\" content=\"Publika\u010dn\u00e1 \u010dinnos\u0165 - Filozofick\u00e1 fakulta | UPJ\u0160\" \/>\n<meta property=\"og:url\" content=\"https:\/\/www.upjs.sk\/filozoficka-fakulta\/veda-a-vyskum\/publikacna-cinnost\/\" \/>\n<meta property=\"og:site_name\" content=\"Filozofick\u00e1 fakulta | UPJ\u0160\" \/>\n<meta property=\"article:modified_time\" content=\"2023-01-15T18:05:13+00:00\" \/>\n<meta name=\"twitter:card\" content=\"summary_large_image\" \/>\n<meta name=\"twitter:label1\" content=\"Predpokladan\u00fd \u010das \u010d\u00edtania\" \/>\n\t<meta name=\"twitter:data1\" content=\"1 min\u00fata\" \/>\n<script type=\"application\/ld+json\" class=\"yoast-schema-graph\">{\"@context\":\"https:\/\/schema.org\",\"@graph\":[{\"@type\":\"WebPage\",\"@id\":\"https:\/\/www.upjs.sk\/filozoficka-fakulta\/veda-a-vyskum\/publikacna-cinnost\/\",\"url\":\"https:\/\/www.upjs.sk\/filozoficka-fakulta\/veda-a-vyskum\/publikacna-cinnost\/\",\"name\":\"Publika\u010dn\u00e1 \u010dinnos\u0165 - Filozofick\u00e1 fakulta | UPJ\u0160\",\"isPartOf\":{\"@id\":\"https:\/\/www.upjs.sk\/filozoficka-fakulta\/#website\"},\"datePublished\":\"2023-01-12T08:44:10+00:00\",\"dateModified\":\"2023-01-15T18:05:13+00:00\",\"breadcrumb\":{\"@id\":\"https:\/\/www.upjs.sk\/filozoficka-fakulta\/veda-a-vyskum\/publikacna-cinnost\/#breadcrumb\"},\"inLanguage\":\"sk-SK\",\"potentialAction\":[{\"@type\":\"ReadAction\",\"target\":[\"https:\/\/www.upjs.sk\/filozoficka-fakulta\/veda-a-vyskum\/publikacna-cinnost\/\"]}]},{\"@type\":\"BreadcrumbList\",\"@id\":\"https:\/\/www.upjs.sk\/filozoficka-fakulta\/veda-a-vyskum\/publikacna-cinnost\/#breadcrumb\",\"itemListElement\":[{\"@type\":\"ListItem\",\"position\":1,\"name\":\"Home\",\"item\":\"https:\/\/www.upjs.sk\/filozoficka-fakulta\/\"},{\"@type\":\"ListItem\",\"position\":2,\"name\":\"Veda a v\u00fdskum\",\"item\":\"https:\/\/www.upjs.sk\/filozoficka-fakulta\/veda-a-vyskum\/\"},{\"@type\":\"ListItem\",\"position\":3,\"name\":\"Publika\u010dn\u00e1 \u010dinnos\u0165\"}]},{\"@type\":\"WebSite\",\"@id\":\"https:\/\/www.upjs.sk\/filozoficka-fakulta\/#website\",\"url\":\"https:\/\/www.upjs.sk\/filozoficka-fakulta\/\",\"name\":\"Filozofick\u00e1 fakulta | UPJ\u0160\",\"description\":\"\",\"publisher\":{\"@id\":\"https:\/\/www.upjs.sk\/filozoficka-fakulta\/#organization\"},\"potentialAction\":[{\"@type\":\"SearchAction\",\"target\":{\"@type\":\"EntryPoint\",\"urlTemplate\":\"https:\/\/www.upjs.sk\/filozoficka-fakulta\/?s={search_term_string}\"},\"query-input\":{\"@type\":\"PropertyValueSpecification\",\"valueRequired\":true,\"valueName\":\"search_term_string\"}}],\"inLanguage\":\"sk-SK\"},{\"@type\":\"Organization\",\"@id\":\"https:\/\/www.upjs.sk\/filozoficka-fakulta\/#organization\",\"name\":\"Filozofick\u00e1 fakulta | UPJ\u0160\",\"url\":\"https:\/\/www.upjs.sk\/filozoficka-fakulta\/\",\"logo\":{\"@type\":\"ImageObject\",\"inLanguage\":\"sk-SK\",\"@id\":\"https:\/\/www.upjs.sk\/filozoficka-fakulta\/#\/schema\/logo\/image\/\",\"url\":\"https:\/\/www.upjs.sk\/app\/uploads\/sites\/7\/2022\/09\/logo-filozoficka-fakulta.png\",\"contentUrl\":\"https:\/\/www.upjs.sk\/app\/uploads\/sites\/7\/2022\/09\/logo-filozoficka-fakulta.png\",\"width\":415,\"height\":87,\"caption\":\"Filozofick\u00e1 fakulta | UPJ\u0160\"},\"image\":{\"@id\":\"https:\/\/www.upjs.sk\/filozoficka-fakulta\/#\/schema\/logo\/image\/\"}}]}<\/script>\n<!-- \/ Yoast SEO plugin. -->","yoast_head_json":{"title":"Publika\u010dn\u00e1 \u010dinnos\u0165 - Filozofick\u00e1 fakulta | UPJ\u0160","robots":{"index":"index","follow":"follow","max-snippet":"max-snippet:-1","max-image-preview":"max-image-preview:large","max-video-preview":"max-video-preview:-1"},"canonical":"https:\/\/www.upjs.sk\/filozoficka-fakulta\/veda-a-vyskum\/publikacna-cinnost\/","og_locale":"sk_SK","og_type":"article","og_title":"Publika\u010dn\u00e1 \u010dinnos\u0165 - Filozofick\u00e1 fakulta | UPJ\u0160","og_url":"https:\/\/www.upjs.sk\/filozoficka-fakulta\/veda-a-vyskum\/publikacna-cinnost\/","og_site_name":"Filozofick\u00e1 fakulta | UPJ\u0160","article_modified_time":"2023-01-15T18:05:13+00:00","twitter_card":"summary_large_image","twitter_misc":{"Predpokladan\u00fd \u010das \u010d\u00edtania":"1 min\u00fata"},"schema":{"@context":"https:\/\/schema.org","@graph":[{"@type":"WebPage","@id":"https:\/\/www.upjs.sk\/filozoficka-fakulta\/veda-a-vyskum\/publikacna-cinnost\/","url":"https:\/\/www.upjs.sk\/filozoficka-fakulta\/veda-a-vyskum\/publikacna-cinnost\/","name":"Publika\u010dn\u00e1 \u010dinnos\u0165 - Filozofick\u00e1 fakulta | UPJ\u0160","isPartOf":{"@id":"https:\/\/www.upjs.sk\/filozoficka-fakulta\/#website"},"datePublished":"2023-01-12T08:44:10+00:00","dateModified":"2023-01-15T18:05:13+00:00","breadcrumb":{"@id":"https:\/\/www.upjs.sk\/filozoficka-fakulta\/veda-a-vyskum\/publikacna-cinnost\/#breadcrumb"},"inLanguage":"sk-SK","potentialAction":[{"@type":"ReadAction","target":["https:\/\/www.upjs.sk\/filozoficka-fakulta\/veda-a-vyskum\/publikacna-cinnost\/"]}]},{"@type":"BreadcrumbList","@id":"https:\/\/www.upjs.sk\/filozoficka-fakulta\/veda-a-vyskum\/publikacna-cinnost\/#breadcrumb","itemListElement":[{"@type":"ListItem","position":1,"name":"Home","item":"https:\/\/www.upjs.sk\/filozoficka-fakulta\/"},{"@type":"ListItem","position":2,"name":"Veda a v\u00fdskum","item":"https:\/\/www.upjs.sk\/filozoficka-fakulta\/veda-a-vyskum\/"},{"@type":"ListItem","position":3,"name":"Publika\u010dn\u00e1 \u010dinnos\u0165"}]},{"@type":"WebSite","@id":"https:\/\/www.upjs.sk\/filozoficka-fakulta\/#website","url":"https:\/\/www.upjs.sk\/filozoficka-fakulta\/","name":"Filozofick\u00e1 fakulta | UPJ\u0160","description":"","publisher":{"@id":"https:\/\/www.upjs.sk\/filozoficka-fakulta\/#organization"},"potentialAction":[{"@type":"SearchAction","target":{"@type":"EntryPoint","urlTemplate":"https:\/\/www.upjs.sk\/filozoficka-fakulta\/?s={search_term_string}"},"query-input":{"@type":"PropertyValueSpecification","valueRequired":true,"valueName":"search_term_string"}}],"inLanguage":"sk-SK"},{"@type":"Organization","@id":"https:\/\/www.upjs.sk\/filozoficka-fakulta\/#organization","name":"Filozofick\u00e1 fakulta | UPJ\u0160","url":"https:\/\/www.upjs.sk\/filozoficka-fakulta\/","logo":{"@type":"ImageObject","inLanguage":"sk-SK","@id":"https:\/\/www.upjs.sk\/filozoficka-fakulta\/#\/schema\/logo\/image\/","url":"https:\/\/www.upjs.sk\/app\/uploads\/sites\/7\/2022\/09\/logo-filozoficka-fakulta.png","contentUrl":"https:\/\/www.upjs.sk\/app\/uploads\/sites\/7\/2022\/09\/logo-filozoficka-fakulta.png","width":415,"height":87,"caption":"Filozofick\u00e1 fakulta | UPJ\u0160"},"image":{"@id":"https:\/\/www.upjs.sk\/filozoficka-fakulta\/#\/schema\/logo\/image\/"}}]}},"_links":{"self":[{"href":"https:\/\/www.upjs.sk\/filozoficka-fakulta\/wp-json\/wp\/v2\/pages\/38148","targetHints":{"allow":["GET"]}}],"collection":[{"href":"https:\/\/www.upjs.sk\/filozoficka-fakulta\/wp-json\/wp\/v2\/pages"}],"about":[{"href":"https:\/\/www.upjs.sk\/filozoficka-fakulta\/wp-json\/wp\/v2\/types\/page"}],"author":[{"embeddable":true,"href":"https:\/\/www.upjs.sk\/filozoficka-fakulta\/wp-json\/wp\/v2\/users\/21"}],"replies":[{"embeddable":true,"href":"https:\/\/www.upjs.sk\/filozoficka-fakulta\/wp-json\/wp\/v2\/comments?post=38148"}],"version-history":[{"count":2,"href":"https:\/\/www.upjs.sk\/filozoficka-fakulta\/wp-json\/wp\/v2\/pages\/38148\/revisions"}],"predecessor-version":[{"id":38232,"href":"https:\/\/www.upjs.sk\/filozoficka-fakulta\/wp-json\/wp\/v2\/pages\/38148\/revisions\/38232"}],"up":[{"embeddable":true,"href":"https:\/\/www.upjs.sk\/filozoficka-fakulta\/wp-json\/wp\/v2\/pages\/16446"}],"wp:attachment":[{"href":"https:\/\/www.upjs.sk\/filozoficka-fakulta\/wp-json\/wp\/v2\/media?parent=38148"}],"wp:term":[{"taxonomy":"category","embeddable":true,"href":"https:\/\/www.upjs.sk\/filozoficka-fakulta\/wp-json\/wp\/v2\/categories?post=38148"},{"taxonomy":"post_tag","embeddable":true,"href":"https:\/\/www.upjs.sk\/filozoficka-fakulta\/wp-json\/wp\/v2\/tags?post=38148"}],"curies":[{"name":"wp","href":"https:\/\/api.w.org\/{rel}","templated":true}]}}