{"id":124064,"date":"2024-11-18T14:49:35","date_gmt":"2024-11-18T13:49:35","guid":{"rendered":"https:\/\/www.upjs.sk\/lekarska-fakulta\/?page_id=124064"},"modified":"2024-11-19T11:16:48","modified_gmt":"2024-11-19T10:16:48","slug":"the-ethics-committee","status":"publish","type":"page","link":"https:\/\/www.upjs.sk\/lekarska-fakulta\/en\/about-faculty\/faculty-leadership\/scientific-board\/the-ethics-committee\/","title":{"rendered":"Working committees"},"content":{"rendered":"\n<p><strong>The Ethics Committee of the Faculty of Medicine UPJ\u0160<\/strong><\/p>\n\n\n\n<p>The independent Ethics Committee of the UPJ\u0160 FM in Ko\u0161ice bases its work and adheres to:<\/p>\n\n\n\n<p>\u2022 ethical principles of the biomedical research involving human subjects,<\/p>\n\n\n\n<p>\u2022 ethical principles of the physiological research performed on animals,<\/p>\n\n\n\n<p>\u2022 ethical principles of the physiological studies in humans.<\/p>\n\n\n\n<p>In carrying out its activities, the Ethics Committee follows the statute of the EC UPJ\u0160 FM.<\/p>\n\n\n\n<p>On this page you will find the information needed to apply for and approve projects and all documents. In case of any questions, contact the e-mail: darina.petrasova@upjs.sk; alena.muchova@upjs.sk.<\/p>\n\n\n\n<p>The written opinion of the EC UPJ\u0160 FM will notify the applicant with a comprehensive assessment of the project within 15 days of the application receipt, which is in accordance with the requirements of the Slovak legislation.<\/p>\n\n\n\n<p><strong><a href=\"https:\/\/www.upjs.sk\/app\/uploads\/sites\/9\/2024\/11\/2.The-Ethics-Committee-of-the-Faculty-of-Medicine-UPJS-4.pdf\" target=\"_blank\" rel=\"noreferrer noopener\">How to apply<\/a><\/strong><\/p>\n\n\n\n<p><strong><a href=\"https:\/\/www.upjs.sk\/app\/uploads\/sites\/9\/2024\/11\/BASIC-FORM-2.pdf\" target=\"_blank\" rel=\"noreferrer noopener\">Basic form<\/a><\/strong><\/p>\n","protected":false},"excerpt":{"rendered":"<p>The Ethics Committee of the Faculty of Medicine UPJ\u0160 The independent Ethics Committee of the UPJ\u0160 FM in Ko\u0161ice bases its work and adheres to: \u2022 ethical principles of the biomedical research involving human subjects, \u2022 ethical principles of the physiological research performed on animals, \u2022 ethical principles of the physiological studies in humans. In &hellip; <a href=\"https:\/\/www.upjs.sk\/lekarska-fakulta\/en\/about-faculty\/faculty-leadership\/scientific-board\/the-ethics-committee\/\">Continued<\/a><\/p>\n","protected":false},"author":75,"featured_media":0,"parent":69153,"menu_order":0,"comment_status":"closed","ping_status":"closed","template":"","meta":{"_acf_changed":false,"_editorskit_title_hidden":false,"_editorskit_reading_time":0,"_editorskit_is_block_options_detached":false,"_editorskit_block_options_position":"{}","footnotes":""},"categories":[],"tags":[],"class_list":["post-124064","page","type-page","status-publish","hentry"],"acf":{"acf_link_na_externy_obsah":""},"yoast_head":"<!-- This site is optimized with the Yoast SEO plugin v27.4 - https:\/\/yoast.com\/product\/yoast-seo-wordpress\/ -->\n<title>Working committees - Lek\u00e1rska fakulta | UPJ\u0160<\/title>\n<meta name=\"robots\" content=\"index, follow, max-snippet:-1, max-image-preview:large, max-video-preview:-1\" \/>\n<link rel=\"canonical\" href=\"https:\/\/www.upjs.sk\/lekarska-fakulta\/en\/about-faculty\/faculty-leadership\/scientific-board\/the-ethics-committee\/\" \/>\n<meta property=\"og:locale\" content=\"en_US\" \/>\n<meta property=\"og:type\" content=\"article\" \/>\n<meta property=\"og:title\" content=\"Working committees - Lek\u00e1rska fakulta | UPJ\u0160\" \/>\n<meta property=\"og:description\" content=\"The Ethics Committee of the Faculty of Medicine UPJ\u0160 The independent Ethics Committee of the UPJ\u0160 FM in Ko\u0161ice bases its work and adheres to: \u2022 ethical principles of the biomedical research involving human subjects, \u2022 ethical principles of the physiological research performed on animals, \u2022 ethical principles of the physiological studies in humans. In &hellip; Continued\" \/>\n<meta property=\"og:url\" content=\"https:\/\/www.upjs.sk\/lekarska-fakulta\/en\/about-faculty\/faculty-leadership\/scientific-board\/the-ethics-committee\/\" \/>\n<meta property=\"og:site_name\" content=\"Lek\u00e1rska fakulta | UPJ\u0160\" \/>\n<meta property=\"article:modified_time\" content=\"2024-11-19T10:16:48+00:00\" \/>\n<meta name=\"twitter:card\" content=\"summary_large_image\" \/>\n<script type=\"application\/ld+json\" class=\"yoast-schema-graph\">{\"@context\":\"https:\\\/\\\/schema.org\",\"@graph\":[{\"@type\":\"WebPage\",\"@id\":\"https:\\\/\\\/www.upjs.sk\\\/lekarska-fakulta\\\/en\\\/about-faculty\\\/faculty-leadership\\\/scientific-board\\\/the-ethics-committee\\\/\",\"url\":\"https:\\\/\\\/www.upjs.sk\\\/lekarska-fakulta\\\/en\\\/about-faculty\\\/faculty-leadership\\\/scientific-board\\\/the-ethics-committee\\\/\",\"name\":\"Working committees - Lek\u00e1rska fakulta | UPJ\u0160\",\"isPartOf\":{\"@id\":\"https:\\\/\\\/www.upjs.sk\\\/lekarska-fakulta\\\/en\\\/#website\"},\"datePublished\":\"2024-11-18T13:49:35+00:00\",\"dateModified\":\"2024-11-19T10:16:48+00:00\",\"breadcrumb\":{\"@id\":\"https:\\\/\\\/www.upjs.sk\\\/lekarska-fakulta\\\/en\\\/about-faculty\\\/faculty-leadership\\\/scientific-board\\\/the-ethics-committee\\\/#breadcrumb\"},\"inLanguage\":\"en-US\",\"potentialAction\":[{\"@type\":\"ReadAction\",\"target\":[\"https:\\\/\\\/www.upjs.sk\\\/lekarska-fakulta\\\/en\\\/about-faculty\\\/faculty-leadership\\\/scientific-board\\\/the-ethics-committee\\\/\"]}]},{\"@type\":\"BreadcrumbList\",\"@id\":\"https:\\\/\\\/www.upjs.sk\\\/lekarska-fakulta\\\/en\\\/about-faculty\\\/faculty-leadership\\\/scientific-board\\\/the-ethics-committee\\\/#breadcrumb\",\"itemListElement\":[{\"@type\":\"ListItem\",\"position\":1,\"name\":\"Home\",\"item\":\"https:\\\/\\\/www.upjs.sk\\\/lekarska-fakulta\\\/en\\\/\"},{\"@type\":\"ListItem\",\"position\":2,\"name\":\"About Faculty\",\"item\":\"https:\\\/\\\/www.upjs.sk\\\/lekarska-fakulta\\\/en\\\/about-faculty\\\/\"},{\"@type\":\"ListItem\",\"position\":3,\"name\":\"Faculty Leadership\",\"item\":\"https:\\\/\\\/www.upjs.sk\\\/lekarska-fakulta\\\/en\\\/about-faculty\\\/faculty-leadership\\\/\"},{\"@type\":\"ListItem\",\"position\":4,\"name\":\"Scientific Board\",\"item\":\"https:\\\/\\\/www.upjs.sk\\\/lekarska-fakulta\\\/en\\\/about-faculty\\\/faculty-leadership\\\/scientific-board\\\/\"},{\"@type\":\"ListItem\",\"position\":5,\"name\":\"Working committees\"}]},{\"@type\":\"WebSite\",\"@id\":\"https:\\\/\\\/www.upjs.sk\\\/lekarska-fakulta\\\/en\\\/#website\",\"url\":\"https:\\\/\\\/www.upjs.sk\\\/lekarska-fakulta\\\/en\\\/\",\"name\":\"Lek\u00e1rska fakulta | UPJ\u0160\",\"description\":\"\",\"publisher\":{\"@id\":\"https:\\\/\\\/www.upjs.sk\\\/lekarska-fakulta\\\/en\\\/#organization\"},\"potentialAction\":[{\"@type\":\"SearchAction\",\"target\":{\"@type\":\"EntryPoint\",\"urlTemplate\":\"https:\\\/\\\/www.upjs.sk\\\/lekarska-fakulta\\\/en\\\/?s={search_term_string}\"},\"query-input\":{\"@type\":\"PropertyValueSpecification\",\"valueRequired\":true,\"valueName\":\"search_term_string\"}}],\"inLanguage\":\"en-US\"},{\"@type\":\"Organization\",\"@id\":\"https:\\\/\\\/www.upjs.sk\\\/lekarska-fakulta\\\/en\\\/#organization\",\"name\":\"Lek\u00e1rska fakulta | UPJ\u0160\",\"url\":\"https:\\\/\\\/www.upjs.sk\\\/lekarska-fakulta\\\/en\\\/\",\"logo\":{\"@type\":\"ImageObject\",\"inLanguage\":\"en-US\",\"@id\":\"https:\\\/\\\/www.upjs.sk\\\/lekarska-fakulta\\\/en\\\/#\\\/schema\\\/logo\\\/image\\\/\",\"url\":\"https:\\\/\\\/www.upjs.sk\\\/app\\\/uploads\\\/sites\\\/9\\\/2023\\\/04\\\/LF-eNG_frame.svg\",\"contentUrl\":\"https:\\\/\\\/www.upjs.sk\\\/app\\\/uploads\\\/sites\\\/9\\\/2023\\\/04\\\/LF-eNG_frame.svg\",\"width\":292,\"height\":61,\"caption\":\"Lek\u00e1rska fakulta | UPJ\u0160\"},\"image\":{\"@id\":\"https:\\\/\\\/www.upjs.sk\\\/lekarska-fakulta\\\/en\\\/#\\\/schema\\\/logo\\\/image\\\/\"}}]}<\/script>\n<!-- \/ Yoast SEO plugin. -->","yoast_head_json":{"title":"Working committees - Lek\u00e1rska fakulta | UPJ\u0160","robots":{"index":"index","follow":"follow","max-snippet":"max-snippet:-1","max-image-preview":"max-image-preview:large","max-video-preview":"max-video-preview:-1"},"canonical":"https:\/\/www.upjs.sk\/lekarska-fakulta\/en\/about-faculty\/faculty-leadership\/scientific-board\/the-ethics-committee\/","og_locale":"en_US","og_type":"article","og_title":"Working committees - Lek\u00e1rska fakulta | UPJ\u0160","og_description":"The Ethics Committee of the Faculty of Medicine UPJ\u0160 The independent Ethics Committee of the UPJ\u0160 FM in Ko\u0161ice bases its work and adheres to: \u2022 ethical principles of the biomedical research involving human subjects, \u2022 ethical principles of the physiological research performed on animals, \u2022 ethical principles of the physiological studies in humans. In &hellip; Continued","og_url":"https:\/\/www.upjs.sk\/lekarska-fakulta\/en\/about-faculty\/faculty-leadership\/scientific-board\/the-ethics-committee\/","og_site_name":"Lek\u00e1rska fakulta | UPJ\u0160","article_modified_time":"2024-11-19T10:16:48+00:00","twitter_card":"summary_large_image","schema":{"@context":"https:\/\/schema.org","@graph":[{"@type":"WebPage","@id":"https:\/\/www.upjs.sk\/lekarska-fakulta\/en\/about-faculty\/faculty-leadership\/scientific-board\/the-ethics-committee\/","url":"https:\/\/www.upjs.sk\/lekarska-fakulta\/en\/about-faculty\/faculty-leadership\/scientific-board\/the-ethics-committee\/","name":"Working committees - Lek\u00e1rska fakulta | UPJ\u0160","isPartOf":{"@id":"https:\/\/www.upjs.sk\/lekarska-fakulta\/en\/#website"},"datePublished":"2024-11-18T13:49:35+00:00","dateModified":"2024-11-19T10:16:48+00:00","breadcrumb":{"@id":"https:\/\/www.upjs.sk\/lekarska-fakulta\/en\/about-faculty\/faculty-leadership\/scientific-board\/the-ethics-committee\/#breadcrumb"},"inLanguage":"en-US","potentialAction":[{"@type":"ReadAction","target":["https:\/\/www.upjs.sk\/lekarska-fakulta\/en\/about-faculty\/faculty-leadership\/scientific-board\/the-ethics-committee\/"]}]},{"@type":"BreadcrumbList","@id":"https:\/\/www.upjs.sk\/lekarska-fakulta\/en\/about-faculty\/faculty-leadership\/scientific-board\/the-ethics-committee\/#breadcrumb","itemListElement":[{"@type":"ListItem","position":1,"name":"Home","item":"https:\/\/www.upjs.sk\/lekarska-fakulta\/en\/"},{"@type":"ListItem","position":2,"name":"About Faculty","item":"https:\/\/www.upjs.sk\/lekarska-fakulta\/en\/about-faculty\/"},{"@type":"ListItem","position":3,"name":"Faculty Leadership","item":"https:\/\/www.upjs.sk\/lekarska-fakulta\/en\/about-faculty\/faculty-leadership\/"},{"@type":"ListItem","position":4,"name":"Scientific Board","item":"https:\/\/www.upjs.sk\/lekarska-fakulta\/en\/about-faculty\/faculty-leadership\/scientific-board\/"},{"@type":"ListItem","position":5,"name":"Working committees"}]},{"@type":"WebSite","@id":"https:\/\/www.upjs.sk\/lekarska-fakulta\/en\/#website","url":"https:\/\/www.upjs.sk\/lekarska-fakulta\/en\/","name":"Lek\u00e1rska fakulta | UPJ\u0160","description":"","publisher":{"@id":"https:\/\/www.upjs.sk\/lekarska-fakulta\/en\/#organization"},"potentialAction":[{"@type":"SearchAction","target":{"@type":"EntryPoint","urlTemplate":"https:\/\/www.upjs.sk\/lekarska-fakulta\/en\/?s={search_term_string}"},"query-input":{"@type":"PropertyValueSpecification","valueRequired":true,"valueName":"search_term_string"}}],"inLanguage":"en-US"},{"@type":"Organization","@id":"https:\/\/www.upjs.sk\/lekarska-fakulta\/en\/#organization","name":"Lek\u00e1rska fakulta | UPJ\u0160","url":"https:\/\/www.upjs.sk\/lekarska-fakulta\/en\/","logo":{"@type":"ImageObject","inLanguage":"en-US","@id":"https:\/\/www.upjs.sk\/lekarska-fakulta\/en\/#\/schema\/logo\/image\/","url":"https:\/\/www.upjs.sk\/app\/uploads\/sites\/9\/2023\/04\/LF-eNG_frame.svg","contentUrl":"https:\/\/www.upjs.sk\/app\/uploads\/sites\/9\/2023\/04\/LF-eNG_frame.svg","width":292,"height":61,"caption":"Lek\u00e1rska fakulta | UPJ\u0160"},"image":{"@id":"https:\/\/www.upjs.sk\/lekarska-fakulta\/en\/#\/schema\/logo\/image\/"}}]}},"_links":{"self":[{"href":"https:\/\/www.upjs.sk\/lekarska-fakulta\/en\/wp-json\/wp\/v2\/pages\/124064","targetHints":{"allow":["GET"]}}],"collection":[{"href":"https:\/\/www.upjs.sk\/lekarska-fakulta\/en\/wp-json\/wp\/v2\/pages"}],"about":[{"href":"https:\/\/www.upjs.sk\/lekarska-fakulta\/en\/wp-json\/wp\/v2\/types\/page"}],"author":[{"embeddable":true,"href":"https:\/\/www.upjs.sk\/lekarska-fakulta\/en\/wp-json\/wp\/v2\/users\/75"}],"replies":[{"embeddable":true,"href":"https:\/\/www.upjs.sk\/lekarska-fakulta\/en\/wp-json\/wp\/v2\/comments?post=124064"}],"version-history":[{"count":6,"href":"https:\/\/www.upjs.sk\/lekarska-fakulta\/en\/wp-json\/wp\/v2\/pages\/124064\/revisions"}],"predecessor-version":[{"id":124085,"href":"https:\/\/www.upjs.sk\/lekarska-fakulta\/en\/wp-json\/wp\/v2\/pages\/124064\/revisions\/124085"}],"up":[{"embeddable":true,"href":"https:\/\/www.upjs.sk\/lekarska-fakulta\/en\/wp-json\/wp\/v2\/pages\/69153"}],"wp:attachment":[{"href":"https:\/\/www.upjs.sk\/lekarska-fakulta\/en\/wp-json\/wp\/v2\/media?parent=124064"}],"wp:term":[{"taxonomy":"category","embeddable":true,"href":"https:\/\/www.upjs.sk\/lekarska-fakulta\/en\/wp-json\/wp\/v2\/categories?post=124064"},{"taxonomy":"post_tag","embeddable":true,"href":"https:\/\/www.upjs.sk\/lekarska-fakulta\/en\/wp-json\/wp\/v2\/tags?post=124064"}],"curies":[{"name":"wp","href":"https:\/\/api.w.org\/{rel}","templated":true}]}}