{"id":59090,"date":"2022-05-12T09:41:45","date_gmt":"2022-05-12T09:41:45","guid":{"rendered":"https:\/\/www.upjs.sk\/lekarska-fakulta\/root\/current-students\/students-country-of-origin\/"},"modified":"2023-01-29T22:40:58","modified_gmt":"2023-01-29T21:40:58","slug":"students-country-of-origin","status":"publish","type":"page","link":"https:\/\/www.upjs.sk\/lekarska-fakulta\/en\/for-applicants\/students-country-of-origin\/","title":{"rendered":"Students&#8217; Country of Origin"},"content":{"rendered":"\n<p>Faculty of Medicine, UPJ\u0160 offers students the tradition and quality, knowledgeable teachers and advanced teaching, including the possibility of participation in research projects during their studies. Teaching at our faculty represents a unique connection between theory and practice- the large part of learning is implemented in partner&#8217;s medical institutions. Study reflects current knowledge of medical science and it is implemented in modern educational buildings. Our laboratories have quality instrumentation that students used not only for education, but also for students&#8217; scientific and professional activities.<\/p>\n\n\n\n<p>Diploma of the Faculty of Medicine, UPJ\u0160 is recognized in all EU countries and the vast majority of federal states of the U.S.A. This fact, along with a quality of education is increasingly attracting the attention of young people from abroad. They have the opportunity to study &#8220;General Medicine&#8221; and &#8220;Dentistry&#8221; at Faculty of Medicine, UPJ\u0160 since 1992 and about approximately 50 percent of students from abroad, who come from about fifty countries, are currently studying at our Faculty. Countries of origin our former and current students are:<\/p>\n\n\n\n<figure class=\"wp-block-image\"><img decoding=\"async\" src=\"https:\/\/www.upjs.sk\/app\/uploads\/sites\/9\/2022\/11\/zemegula-a-kosice-1.jpg\" alt=\"\"\/><\/figure>\n\n\n\n<ul class=\"wp-block-list\">\n<li><strong>Andorra<\/strong> <a href=\"https:\/\/en.wikipedia.org\/wiki\/Andorra\">Wikipedia<\/a><\/li>\n\n\n\n<li><strong>Argentine Republic<\/strong> <a href=\"https:\/\/en.wikipedia.org\/wiki\/Argentina\">Wikipedia<\/a><\/li>\n\n\n\n<li><strong>Bangladesh<\/strong> <a href=\"https:\/\/en.wikipedia.org\/wiki\/Bangladesh\">Wikipedia<\/a><\/li>\n\n\n\n<li><strong>Bolivarian Republic of Venezuela<\/strong> <a href=\"https:\/\/en.wikipedia.org\/wiki\/Venezuela\">Wikipedia<\/a><\/li>\n\n\n\n<li><strong>Bolivia<\/strong> <a href=\"https:\/\/en.wikipedia.org\/wiki\/Bolivia\">Wikipedia<\/a><\/li>\n\n\n\n<li><strong>Canada<\/strong> <a href=\"https:\/\/en.wikipedia.org\/wiki\/Canada\">Wikipedia<\/a><\/li>\n\n\n\n<li><strong>Czech Republic<\/strong> <a href=\"https:\/\/en.wikipedia.org\/wiki\/Czech_Republic\">Wikipedia<\/a><\/li>\n\n\n\n<li><strong>Democratic Socialist Republic of Sri Lanka<\/strong> <a href=\"https:\/\/en.wikipedia.org\/wiki\/Sri_Lanka\">Wikipedia<\/a><\/li>\n\n\n\n<li><strong>Dominican Republic<\/strong> <a href=\"https:\/\/en.wikipedia.org\/wiki\/Dominican_Republic\">Wikipedia<\/a><\/li>\n\n\n\n<li><strong>Egyptian Arab Republic<\/strong> <a href=\"https:\/\/en.wikipedia.org\/wiki\/Egypt\">Wikipedia<\/a><\/li>\n\n\n\n<li><strong>Federal Democratic Republic of Ethiopia<\/strong> <a href=\"https:\/\/en.wikipedia.org\/wiki\/Ethiopia\">Wikipedia<\/a><\/li>\n\n\n\n<li><strong>Federal Democratic Republic of Nepal<\/strong> <a href=\"https:\/\/en.wikipedia.org\/wiki\/Nepal\">Wikipedia<\/a><\/li>\n\n\n\n<li><strong>Federal Republic of Germany<\/strong> <a href=\"https:\/\/en.wikipedia.org\/wiki\/Germany\">Wikipedia<\/a><\/li>\n\n\n\n<li><strong>Federal Republic of Nigeria<\/strong> <a href=\"https:\/\/en.wikipedia.org\/wiki\/Nigeria\">Wikipedia<\/a><\/li>\n\n\n\n<li><strong>Federative Republic of Brazil<\/strong> <a href=\"https:\/\/en.wikipedia.org\/wiki\/Brazil\">Wikipedia<\/a><\/li>\n\n\n\n<li><strong>French Republic<\/strong> <a href=\"https:\/\/en.wikipedia.org\/wiki\/France\">Wikipedia<\/a><\/li>\n\n\n\n<li><strong>Hashemite Kingdom of Jordan<\/strong> <a href=\"https:\/\/en.wikipedia.org\/wiki\/Jordan\">Wikipedia<\/a><\/li>\n\n\n\n<li><strong>Hellenic Republic<\/strong> <a href=\"https:\/\/en.wikipedia.org\/wiki\/Greece\">Wikipedia<\/a><\/li>\n\n\n\n<li><strong>Hungary<\/strong> <a href=\"https:\/\/en.wikipedia.org\/wiki\/Hungary\">Wikipedia<\/a><\/li>\n\n\n\n<li><strong>Ireland<\/strong> <a href=\"https:\/\/en.wikipedia.org\/wiki\/Ireland\">Wikipedia<\/a><\/li>\n\n\n\n<li><strong>Islamic Republic of Afghanistan<\/strong> <a href=\"https:\/\/en.wikipedia.org\/wiki\/Afghanistan\">Wikipedia<\/a> &nbsp;<a href=\"https:\/\/www.youtube.com\/watch?v=XZt--3frWY0\"><img decoding=\"async\" src=\"https:\/\/www.upjs.sk\/app\/uploads\/sites\/9\/2022\/09\/film.png\" alt=\"video\"><\/a><\/li>\n\n\n\n<li><strong>Islamic Republic of Iran<\/strong> <a href=\"https:\/\/en.wikipedia.org\/wiki\/Iran\">Wikipedia<\/a>&nbsp; <a href=\"https:\/\/www.youtube.com\/watch?v=AD9zD5I5L4w\"><img decoding=\"async\" src=\"https:\/\/www.upjs.sk\/app\/uploads\/sites\/9\/2022\/09\/film.png\" alt=\"video\"><\/a><\/li>\n\n\n\n<li><strong>Islamic Republic of Pakistan<\/strong> <a href=\"https:\/\/en.wikipedia.org\/wiki\/Pakistan\">Wikipedia<\/a><\/li>\n\n\n\n<li><strong>Italian Republic<\/strong> <a href=\"https:\/\/en.wikipedia.org\/wiki\/Italy\">Wikipedia<\/a><\/li>\n\n\n\n<li><strong>Japan<\/strong> <a href=\"https:\/\/en.wikipedia.org\/wiki\/Japan\">Wikipedia<\/a><\/li>\n\n\n\n<li><strong>Kingdom of Belgium<\/strong> <a href=\"https:\/\/en.wikipedia.org\/wiki\/Belgium\">Wikipedia<\/a><\/li>\n\n\n\n<li><strong>Kingdom of Denmark<\/strong> <a href=\"https:\/\/en.wikipedia.org\/wiki\/Denmark\">Wikipedia<\/a><\/li>\n\n\n\n<li><strong>Kingdom of Morocco<\/strong> <a href=\"https:\/\/en.wikipedia.org\/wiki\/Morocco\">Wikipedia<\/a><\/li>\n\n\n\n<li><strong>Kingdom of Norway<\/strong> <a href=\"https:\/\/en.wikipedia.org\/wiki\/Norway\">Wikipedia<\/a><\/li>\n\n\n\n<li><strong>Kingdom of Saudi Arabia<\/strong> <a href=\"https:\/\/en.wikipedia.org\/wiki\/Saudi_Arabia\">Wikipedia<\/a><\/li>\n\n\n\n<li><strong>Kingdom of Spain<\/strong> <a href=\"https:\/\/en.wikipedia.org\/wiki\/Spain\">Wikipedia<\/a> &nbsp;<a href=\"https:\/\/www.youtube.com\/watch?v=jSCvc_-L0q0\"><img decoding=\"async\" src=\"https:\/\/www.upjs.sk\/app\/uploads\/sites\/9\/2022\/09\/film.png\" alt=\"video\"><\/a> &nbsp;<a href=\"https:\/\/www.youtube.com\/watch?v=rSbDF7pAx1c\"><img decoding=\"async\" src=\"https:\/\/www.upjs.sk\/app\/uploads\/sites\/9\/2022\/09\/film.png\" alt=\"video\"><\/a><\/li>\n\n\n\n<li><strong>Kingdom of Sweden<\/strong> <a href=\"https:\/\/en.wikipedia.org\/wiki\/Sweden\">Wikipedia<\/a><\/li>\n\n\n\n<li><strong>Kingdom of the Netherlands<\/strong> <a href=\"https:\/\/en.wikipedia.org\/wiki\/Kingdom_of_the_Netherlands\">Wikipedia<\/a><\/li>\n\n\n\n<li><strong>Lebanese Republic<\/strong> <a href=\"https:\/\/en.wikipedia.org\/wiki\/Lebanon\">Wikipedia<\/a> &nbsp;<a href=\"https:\/\/www.youtube.com\/watch?v=AD9zD5I5L4w\"><img decoding=\"async\" src=\"https:\/\/www.upjs.sk\/app\/uploads\/sites\/9\/2022\/09\/film.png\" alt=\"video\"><\/a><\/li>\n\n\n\n<li><strong>Libya<\/strong> <a href=\"https:\/\/en.wikipedia.org\/wiki\/Libya\">Wikipedia<\/a><\/li>\n\n\n\n<li><strong>People&#8217;s Republic of Bangladesh<\/strong> <a href=\"https:\/\/en.wikipedia.org\/wiki\/Bangladesh\">Wikipedia<\/a><\/li>\n\n\n\n<li><strong>People&#8217;s Republic of China<\/strong> <a href=\"https:\/\/en.wikipedia.org\/wiki\/China\">Wikipedia<\/a><\/li>\n\n\n\n<li><strong>Portuguese Republic<\/strong> <a href=\"https:\/\/en.wikipedia.org\/wiki\/Portugal\">Wikipedia<\/a> &nbsp;<a href=\"https:\/\/www.youtube.com\/watch?v=jk-vjGOpmsQ\"><img decoding=\"async\" src=\"https:\/\/www.upjs.sk\/app\/uploads\/sites\/9\/2022\/09\/film.png\" alt=\"video\"><\/a> &nbsp;<a href=\"https:\/\/www.youtube.com\/watch?v=3vT171acC7Y\"><img decoding=\"async\" src=\"https:\/\/www.upjs.sk\/app\/uploads\/sites\/9\/2022\/09\/film.png\" alt=\"video\"><\/a><\/li>\n\n\n\n<li><strong>Republic of Austria<\/strong> <a href=\"https:\/\/en.wikipedia.org\/wiki\/Austria\">Wikipedia<\/a><\/li>\n\n\n\n<li><strong>Republic of Benin<\/strong> <a href=\"https:\/\/en.wikipedia.org\/wiki\/Benin\">Wikipedia<\/a><\/li>\n\n\n\n<li><strong>Republic of Bulgaria<\/strong> <a href=\"https:\/\/en.wikipedia.org\/wiki\/Bulgaria\">Wikipedia<\/a><\/li>\n\n\n\n<li><strong>Republic of Cameroon<\/strong> <a href=\"https:\/\/en.wikipedia.org\/wiki\/Cameroon\">Wikipedia<\/a><\/li>\n\n\n\n<li><strong>Republic of Croatia<\/strong> <a href=\"https:\/\/en.wikipedia.org\/wiki\/Croatia\">Wikipedia<\/a><\/li>\n\n\n\n<li><strong>Republic of Cuba<\/strong> <a href=\"https:\/\/en.wikipedia.org\/wiki\/Cuba\">Wikipedia<\/a><\/li>\n\n\n\n<li><strong>Republic of Cyprus<\/strong> <a href=\"https:\/\/en.wikipedia.org\/wiki\/Cyprus\">Wikipedia<\/a><\/li>\n\n\n\n<li><strong>Republic of Finland<\/strong> <a href=\"https:\/\/en.wikipedia.org\/wiki\/Finland\">Wikipedia<\/a><\/li>\n\n\n\n<li><strong>Republic of India<\/strong> <a href=\"https:\/\/en.wikipedia.org\/wiki\/India\">Wikipedia<\/a><\/li>\n\n\n\n<li><strong>Republic of Iraq<\/strong> <a href=\"https:\/\/en.wikipedia.org\/wiki\/Iraq\">Wikipedia<\/a><\/li>\n\n\n\n<li><strong>Republic of Korea<\/strong> <a href=\"https:\/\/en.wikipedia.org\/wiki\/South_Korea\">Wikipedia<\/a><\/li>\n\n\n\n<li><strong>Republic of Latvia<\/strong> <a href=\"https:\/\/en.wikipedia.org\/wiki\/Latvia\">Wikipedia<\/a><\/li>\n\n\n\n<li><strong>Republic of Lithuania<\/strong> <a href=\"https:\/\/en.wikipedia.org\/wiki\/Lithuania\">Wikipedia<\/a><\/li>\n\n\n\n<li><strong>Republic of Malta<\/strong> <a href=\"https:\/\/en.wikipedia.org\/wiki\/Malta\">Wikipedia<\/a><\/li>\n\n\n\n<li><strong>Republic of Mauritius<\/strong> <a href=\"https:\/\/en.wikipedia.org\/wiki\/Mauritius\">Wikipedia<\/a><\/li>\n\n\n\n<li><strong>Republic of Peru<\/strong> <a href=\"https:\/\/en.wikipedia.org\/wiki\/Peru\">Wikipedia<\/a><\/li>\n\n\n\n<li><strong>Republic of Poland<\/strong> <a href=\"https:\/\/en.wikipedia.org\/wiki\/Poland\">Wikipedia<\/a> &nbsp;<a href=\"https:\/\/www.youtube.com\/watch?v=7QgCF2gO_eQ\"><img decoding=\"async\" src=\"https:\/\/www.upjs.sk\/app\/uploads\/sites\/9\/2022\/09\/film.png\" alt=\"video\"><\/a> &nbsp;<a href=\"https:\/\/www.youtube.com\/watch?v=--CweCwu4GM\"><img decoding=\"async\" src=\"https:\/\/www.upjs.sk\/app\/uploads\/sites\/9\/2022\/09\/film.png\" alt=\"video\"><\/a><\/li>\n\n\n\n<li><strong>Republic of Serbia<\/strong> <a href=\"https:\/\/en.wikipedia.org\/wiki\/Serbia\">Wikipedia<\/a><\/li>\n\n\n\n<li><strong>Republic of Seychelles<\/strong> <a href=\"https:\/\/en.wikipedia.org\/wiki\/Seychelles\">Wikipedia<\/a><\/li>\n\n\n\n<li><strong>Republic of the Sudan<\/strong> <a href=\"https:\/\/en.wikipedia.org\/wiki\/Sudan\">Wikipedia<\/a><\/li>\n\n\n\n<li><strong>Republic of Turkey<\/strong> <a href=\"https:\/\/en.wikipedia.org\/wiki\/Turkey\">Wikipedia<\/a><\/li>\n\n\n\n<li><strong>Republic of Zimbabwe<\/strong> <a href=\"https:\/\/en.wikipedia.org\/wiki\/Zimbabwe\">Wikipedia<\/a><\/li>\n\n\n\n<li><strong>Romania<\/strong> <a href=\"https:\/\/en.wikipedia.org\/wiki\/Romania\">Wikipedia<\/a><\/li>\n\n\n\n<li><strong>Russian Federation<\/strong> <a href=\"https:\/\/en.wikipedia.org\/wiki\/Russia\">Wikipedia<\/a><\/li>\n\n\n\n<li><strong>Slovak Republic<\/strong> <a href=\"https:\/\/en.wikipedia.org\/wiki\/Slovakia\">Wikipedia<\/a><\/li>\n\n\n\n<li><strong>Socialist Republic of Vietnam<\/strong> <a href=\"https:\/\/en.wikipedia.org\/wiki\/Vietnam\">Wikipedia<\/a><\/li>\n\n\n\n<li><strong>State of Israel<\/strong> <a href=\"https:\/\/en.wikipedia.org\/wiki\/Israel\">Wikipedia<\/a> &nbsp;<a href=\"https:\/\/www.youtube.com\/watch?v=Kv3kf3FF7ww\"><img decoding=\"async\" src=\"https:\/\/www.upjs.sk\/app\/uploads\/sites\/9\/2022\/09\/film.png\" alt=\"video\"><\/a> &nbsp;<a href=\"https:\/\/www.youtube.com\/watch?v=DZJM5H8jyWU\"><img decoding=\"async\" src=\"https:\/\/www.upjs.sk\/app\/uploads\/sites\/9\/2022\/09\/film.png\" alt=\"video\"><\/a><\/li>\n\n\n\n<li><strong>State of Kuwait<\/strong> <a href=\"https:\/\/en.wikipedia.org\/wiki\/Kuwait\">Wikipedia<\/a><\/li>\n\n\n\n<li><strong>State of Palestine<\/strong> <a href=\"https:\/\/en.wikipedia.org\/wiki\/State_of_Palestine\">Wikipedia<\/a><\/li>\n\n\n\n<li><strong>Swiss Confederation<\/strong> <a href=\"https:\/\/en.wikipedia.org\/wiki\/Switzerland\">Wikipedia<\/a><\/li>\n\n\n\n<li><strong>Syrian Arab Republic<\/strong> <a href=\"https:\/\/en.wikipedia.org\/wiki\/Syria\">Wikipedia<\/a> &nbsp;<a href=\"https:\/\/www.youtube.com\/watch?v=g5uackpW9IE\"><img decoding=\"async\" src=\"https:\/\/www.upjs.sk\/app\/uploads\/sites\/9\/2022\/09\/film.png\" alt=\"video\"><\/a><\/li>\n\n\n\n<li><strong>The Grand Duchy of Luxembourg<\/strong> <a href=\"https:\/\/en.wikipedia.org\/wiki\/Luxembourg\">Wikipedia<\/a> &nbsp;<a href=\"https:\/\/www.youtube.com\/watch?v=iWar6C2sqKI\"><img decoding=\"async\" src=\"https:\/\/www.upjs.sk\/app\/uploads\/sites\/9\/2022\/09\/film.png\" alt=\"video\"><\/a><\/li>\n\n\n\n<li><strong>Ukraine<\/strong> <a href=\"https:\/\/en.wikipedia.org\/wiki\/Ukraine\">Wikipedia<\/a><\/li>\n\n\n\n<li><strong>United Arab Emirates<\/strong> <a href=\"https:\/\/en.wikipedia.org\/wiki\/United_Arab_Emirates\">Wikipedia<\/a><\/li>\n\n\n\n<li><strong>United Kingdom of Great Britain and Northern Ireland<\/strong> <a href=\"https:\/\/en.wikipedia.org\/wiki\/United_Kingdom\">Wikipedia<\/a><\/li>\n\n\n\n<li><strong>United States of America<\/strong> <a href=\"https:\/\/en.wikipedia.org\/wiki\/United_States\">Wikipedia<\/a> &nbsp;<a href=\"https:\/\/www.youtube.com\/watch?v=prFGzFqimm8\"><img decoding=\"async\" src=\"https:\/\/www.upjs.sk\/app\/uploads\/sites\/9\/2022\/09\/film.png\" alt=\"video\"><\/a><\/li>\n\n\n\n<li><strong>Virgin Islands<\/strong> <a href=\"https:\/\/en.wikipedia.org\/wiki\/British_Virgin_Islands\">Wikipedia<\/a><\/li>\n<\/ul>\n","protected":false},"excerpt":{"rendered":"<p>Faculty of Medicine, UPJ\u0160 offers students the tradition and quality, knowledgeable teachers and advanced teaching, including the possibility of participation in research projects during their studies. Teaching at our faculty represents a unique connection between theory and practice- the large part of learning is implemented in partner&#8217;s medical institutions. Study reflects current knowledge of medical &hellip; <a href=\"https:\/\/www.upjs.sk\/lekarska-fakulta\/en\/for-applicants\/students-country-of-origin\/\">Continued<\/a><\/p>\n","protected":false},"author":1,"featured_media":59091,"parent":69412,"menu_order":6,"comment_status":"closed","ping_status":"closed","template":"","meta":{"_acf_changed":false,"_editorskit_title_hidden":false,"_editorskit_reading_time":2,"_editorskit_is_block_options_detached":false,"_editorskit_block_options_position":"{}","footnotes":""},"categories":[],"tags":[],"class_list":["post-59090","page","type-page","status-publish","has-post-thumbnail","hentry"],"acf":{"acf_link_na_externy_obsah":""},"yoast_head":"<!-- This site is optimized with the Yoast SEO plugin v27.2 - https:\/\/yoast.com\/product\/yoast-seo-wordpress\/ -->\n<title>Students&#039; Country of Origin - Lek\u00e1rska fakulta | UPJ\u0160<\/title>\n<meta name=\"robots\" content=\"index, follow, max-snippet:-1, max-image-preview:large, max-video-preview:-1\" \/>\n<link rel=\"canonical\" href=\"https:\/\/www.upjs.sk\/lekarska-fakulta\/en\/for-applicants\/students-country-of-origin\/\" \/>\n<meta property=\"og:locale\" content=\"en_US\" \/>\n<meta property=\"og:type\" content=\"article\" \/>\n<meta property=\"og:title\" content=\"Students&#039; Country of Origin - Lek\u00e1rska fakulta | UPJ\u0160\" \/>\n<meta property=\"og:description\" content=\"Faculty of Medicine, UPJ\u0160 offers students the tradition and quality, knowledgeable teachers and advanced teaching, including the possibility of participation in research projects during their studies. Teaching at our faculty represents a unique connection between theory and practice- the large part of learning is implemented in partner&#8217;s medical institutions. Study reflects current knowledge of medical &hellip; Continued\" \/>\n<meta property=\"og:url\" content=\"https:\/\/www.upjs.sk\/lekarska-fakulta\/en\/for-applicants\/students-country-of-origin\/\" \/>\n<meta property=\"og:site_name\" content=\"Lek\u00e1rska fakulta | UPJ\u0160\" \/>\n<meta property=\"article:modified_time\" content=\"2023-01-29T21:40:58+00:00\" \/>\n<meta property=\"og:image\" content=\"https:\/\/www.upjs.sk\/app\/uploads\/sites\/9\/2022\/11\/zemegula-a-kosice-1.jpg\" \/>\n\t<meta property=\"og:image:width\" content=\"750\" \/>\n\t<meta property=\"og:image:height\" content=\"395\" \/>\n\t<meta property=\"og:image:type\" content=\"image\/jpeg\" \/>\n<meta name=\"twitter:card\" content=\"summary_large_image\" \/>\n<meta name=\"twitter:label1\" content=\"Est. reading time\" \/>\n\t<meta name=\"twitter:data1\" content=\"6 minutes\" \/>\n<script type=\"application\/ld+json\" class=\"yoast-schema-graph\">{\"@context\":\"https:\/\/schema.org\",\"@graph\":[{\"@type\":\"WebPage\",\"@id\":\"https:\/\/www.upjs.sk\/lekarska-fakulta\/en\/for-applicants\/students-country-of-origin\/\",\"url\":\"https:\/\/www.upjs.sk\/lekarska-fakulta\/en\/for-applicants\/students-country-of-origin\/\",\"name\":\"Students' Country of Origin - Lek\u00e1rska fakulta | UPJ\u0160\",\"isPartOf\":{\"@id\":\"https:\/\/www.upjs.sk\/lekarska-fakulta\/en\/#website\"},\"primaryImageOfPage\":{\"@id\":\"https:\/\/www.upjs.sk\/lekarska-fakulta\/en\/for-applicants\/students-country-of-origin\/#primaryimage\"},\"image\":{\"@id\":\"https:\/\/www.upjs.sk\/lekarska-fakulta\/en\/for-applicants\/students-country-of-origin\/#primaryimage\"},\"thumbnailUrl\":\"https:\/\/www.upjs.sk\/app\/uploads\/sites\/9\/2022\/11\/zemegula-a-kosice-1.jpg\",\"datePublished\":\"2022-05-12T09:41:45+00:00\",\"dateModified\":\"2023-01-29T21:40:58+00:00\",\"breadcrumb\":{\"@id\":\"https:\/\/www.upjs.sk\/lekarska-fakulta\/en\/for-applicants\/students-country-of-origin\/#breadcrumb\"},\"inLanguage\":\"en-US\",\"potentialAction\":[{\"@type\":\"ReadAction\",\"target\":[\"https:\/\/www.upjs.sk\/lekarska-fakulta\/en\/for-applicants\/students-country-of-origin\/\"]}]},{\"@type\":\"ImageObject\",\"inLanguage\":\"en-US\",\"@id\":\"https:\/\/www.upjs.sk\/lekarska-fakulta\/en\/for-applicants\/students-country-of-origin\/#primaryimage\",\"url\":\"https:\/\/www.upjs.sk\/app\/uploads\/sites\/9\/2022\/11\/zemegula-a-kosice-1.jpg\",\"contentUrl\":\"https:\/\/www.upjs.sk\/app\/uploads\/sites\/9\/2022\/11\/zemegula-a-kosice-1.jpg\",\"width\":750,\"height\":395},{\"@type\":\"BreadcrumbList\",\"@id\":\"https:\/\/www.upjs.sk\/lekarska-fakulta\/en\/for-applicants\/students-country-of-origin\/#breadcrumb\",\"itemListElement\":[{\"@type\":\"ListItem\",\"position\":1,\"name\":\"Home\",\"item\":\"https:\/\/www.upjs.sk\/lekarska-fakulta\/en\/\"},{\"@type\":\"ListItem\",\"position\":2,\"name\":\"Information for the applicants to study in English\",\"item\":\"https:\/\/www.upjs.sk\/lekarska-fakulta\/en\/for-applicants\/\"},{\"@type\":\"ListItem\",\"position\":3,\"name\":\"Students&#8217; Country of Origin\"}]},{\"@type\":\"WebSite\",\"@id\":\"https:\/\/www.upjs.sk\/lekarska-fakulta\/en\/#website\",\"url\":\"https:\/\/www.upjs.sk\/lekarska-fakulta\/en\/\",\"name\":\"Lek\u00e1rska fakulta | UPJ\u0160\",\"description\":\"\",\"publisher\":{\"@id\":\"https:\/\/www.upjs.sk\/lekarska-fakulta\/en\/#organization\"},\"potentialAction\":[{\"@type\":\"SearchAction\",\"target\":{\"@type\":\"EntryPoint\",\"urlTemplate\":\"https:\/\/www.upjs.sk\/lekarska-fakulta\/en\/?s={search_term_string}\"},\"query-input\":{\"@type\":\"PropertyValueSpecification\",\"valueRequired\":true,\"valueName\":\"search_term_string\"}}],\"inLanguage\":\"en-US\"},{\"@type\":\"Organization\",\"@id\":\"https:\/\/www.upjs.sk\/lekarska-fakulta\/en\/#organization\",\"name\":\"Lek\u00e1rska fakulta | UPJ\u0160\",\"url\":\"https:\/\/www.upjs.sk\/lekarska-fakulta\/en\/\",\"logo\":{\"@type\":\"ImageObject\",\"inLanguage\":\"en-US\",\"@id\":\"https:\/\/www.upjs.sk\/lekarska-fakulta\/en\/#\/schema\/logo\/image\/\",\"url\":\"https:\/\/www.upjs.sk\/app\/uploads\/sites\/9\/2023\/04\/LF-eNG_frame.svg\",\"contentUrl\":\"https:\/\/www.upjs.sk\/app\/uploads\/sites\/9\/2023\/04\/LF-eNG_frame.svg\",\"width\":292,\"height\":61,\"caption\":\"Lek\u00e1rska fakulta | UPJ\u0160\"},\"image\":{\"@id\":\"https:\/\/www.upjs.sk\/lekarska-fakulta\/en\/#\/schema\/logo\/image\/\"}}]}<\/script>\n<!-- \/ Yoast SEO plugin. -->","yoast_head_json":{"title":"Students' Country of Origin - Lek\u00e1rska fakulta | UPJ\u0160","robots":{"index":"index","follow":"follow","max-snippet":"max-snippet:-1","max-image-preview":"max-image-preview:large","max-video-preview":"max-video-preview:-1"},"canonical":"https:\/\/www.upjs.sk\/lekarska-fakulta\/en\/for-applicants\/students-country-of-origin\/","og_locale":"en_US","og_type":"article","og_title":"Students' Country of Origin - Lek\u00e1rska fakulta | UPJ\u0160","og_description":"Faculty of Medicine, UPJ\u0160 offers students the tradition and quality, knowledgeable teachers and advanced teaching, including the possibility of participation in research projects during their studies. Teaching at our faculty represents a unique connection between theory and practice- the large part of learning is implemented in partner&#8217;s medical institutions. Study reflects current knowledge of medical &hellip; Continued","og_url":"https:\/\/www.upjs.sk\/lekarska-fakulta\/en\/for-applicants\/students-country-of-origin\/","og_site_name":"Lek\u00e1rska fakulta | UPJ\u0160","article_modified_time":"2023-01-29T21:40:58+00:00","og_image":[{"width":750,"height":395,"url":"https:\/\/www.upjs.sk\/app\/uploads\/sites\/9\/2022\/11\/zemegula-a-kosice-1.jpg","type":"image\/jpeg"}],"twitter_card":"summary_large_image","twitter_misc":{"Est. reading time":"6 minutes"},"schema":{"@context":"https:\/\/schema.org","@graph":[{"@type":"WebPage","@id":"https:\/\/www.upjs.sk\/lekarska-fakulta\/en\/for-applicants\/students-country-of-origin\/","url":"https:\/\/www.upjs.sk\/lekarska-fakulta\/en\/for-applicants\/students-country-of-origin\/","name":"Students' Country of Origin - Lek\u00e1rska fakulta | UPJ\u0160","isPartOf":{"@id":"https:\/\/www.upjs.sk\/lekarska-fakulta\/en\/#website"},"primaryImageOfPage":{"@id":"https:\/\/www.upjs.sk\/lekarska-fakulta\/en\/for-applicants\/students-country-of-origin\/#primaryimage"},"image":{"@id":"https:\/\/www.upjs.sk\/lekarska-fakulta\/en\/for-applicants\/students-country-of-origin\/#primaryimage"},"thumbnailUrl":"https:\/\/www.upjs.sk\/app\/uploads\/sites\/9\/2022\/11\/zemegula-a-kosice-1.jpg","datePublished":"2022-05-12T09:41:45+00:00","dateModified":"2023-01-29T21:40:58+00:00","breadcrumb":{"@id":"https:\/\/www.upjs.sk\/lekarska-fakulta\/en\/for-applicants\/students-country-of-origin\/#breadcrumb"},"inLanguage":"en-US","potentialAction":[{"@type":"ReadAction","target":["https:\/\/www.upjs.sk\/lekarska-fakulta\/en\/for-applicants\/students-country-of-origin\/"]}]},{"@type":"ImageObject","inLanguage":"en-US","@id":"https:\/\/www.upjs.sk\/lekarska-fakulta\/en\/for-applicants\/students-country-of-origin\/#primaryimage","url":"https:\/\/www.upjs.sk\/app\/uploads\/sites\/9\/2022\/11\/zemegula-a-kosice-1.jpg","contentUrl":"https:\/\/www.upjs.sk\/app\/uploads\/sites\/9\/2022\/11\/zemegula-a-kosice-1.jpg","width":750,"height":395},{"@type":"BreadcrumbList","@id":"https:\/\/www.upjs.sk\/lekarska-fakulta\/en\/for-applicants\/students-country-of-origin\/#breadcrumb","itemListElement":[{"@type":"ListItem","position":1,"name":"Home","item":"https:\/\/www.upjs.sk\/lekarska-fakulta\/en\/"},{"@type":"ListItem","position":2,"name":"Information for the applicants to study in English","item":"https:\/\/www.upjs.sk\/lekarska-fakulta\/en\/for-applicants\/"},{"@type":"ListItem","position":3,"name":"Students&#8217; Country of Origin"}]},{"@type":"WebSite","@id":"https:\/\/www.upjs.sk\/lekarska-fakulta\/en\/#website","url":"https:\/\/www.upjs.sk\/lekarska-fakulta\/en\/","name":"Lek\u00e1rska fakulta | UPJ\u0160","description":"","publisher":{"@id":"https:\/\/www.upjs.sk\/lekarska-fakulta\/en\/#organization"},"potentialAction":[{"@type":"SearchAction","target":{"@type":"EntryPoint","urlTemplate":"https:\/\/www.upjs.sk\/lekarska-fakulta\/en\/?s={search_term_string}"},"query-input":{"@type":"PropertyValueSpecification","valueRequired":true,"valueName":"search_term_string"}}],"inLanguage":"en-US"},{"@type":"Organization","@id":"https:\/\/www.upjs.sk\/lekarska-fakulta\/en\/#organization","name":"Lek\u00e1rska fakulta | UPJ\u0160","url":"https:\/\/www.upjs.sk\/lekarska-fakulta\/en\/","logo":{"@type":"ImageObject","inLanguage":"en-US","@id":"https:\/\/www.upjs.sk\/lekarska-fakulta\/en\/#\/schema\/logo\/image\/","url":"https:\/\/www.upjs.sk\/app\/uploads\/sites\/9\/2023\/04\/LF-eNG_frame.svg","contentUrl":"https:\/\/www.upjs.sk\/app\/uploads\/sites\/9\/2023\/04\/LF-eNG_frame.svg","width":292,"height":61,"caption":"Lek\u00e1rska fakulta | UPJ\u0160"},"image":{"@id":"https:\/\/www.upjs.sk\/lekarska-fakulta\/en\/#\/schema\/logo\/image\/"}}]}},"_links":{"self":[{"href":"https:\/\/www.upjs.sk\/lekarska-fakulta\/en\/wp-json\/wp\/v2\/pages\/59090","targetHints":{"allow":["GET"]}}],"collection":[{"href":"https:\/\/www.upjs.sk\/lekarska-fakulta\/en\/wp-json\/wp\/v2\/pages"}],"about":[{"href":"https:\/\/www.upjs.sk\/lekarska-fakulta\/en\/wp-json\/wp\/v2\/types\/page"}],"author":[{"embeddable":true,"href":"https:\/\/www.upjs.sk\/lekarska-fakulta\/en\/wp-json\/wp\/v2\/users\/1"}],"replies":[{"embeddable":true,"href":"https:\/\/www.upjs.sk\/lekarska-fakulta\/en\/wp-json\/wp\/v2\/comments?post=59090"}],"version-history":[{"count":3,"href":"https:\/\/www.upjs.sk\/lekarska-fakulta\/en\/wp-json\/wp\/v2\/pages\/59090\/revisions"}],"predecessor-version":[{"id":74880,"href":"https:\/\/www.upjs.sk\/lekarska-fakulta\/en\/wp-json\/wp\/v2\/pages\/59090\/revisions\/74880"}],"up":[{"embeddable":true,"href":"https:\/\/www.upjs.sk\/lekarska-fakulta\/en\/wp-json\/wp\/v2\/pages\/69412"}],"wp:featuredmedia":[{"embeddable":true,"href":"https:\/\/www.upjs.sk\/lekarska-fakulta\/en\/wp-json\/wp\/v2\/media\/59091"}],"wp:attachment":[{"href":"https:\/\/www.upjs.sk\/lekarska-fakulta\/en\/wp-json\/wp\/v2\/media?parent=59090"}],"wp:term":[{"taxonomy":"category","embeddable":true,"href":"https:\/\/www.upjs.sk\/lekarska-fakulta\/en\/wp-json\/wp\/v2\/categories?post=59090"},{"taxonomy":"post_tag","embeddable":true,"href":"https:\/\/www.upjs.sk\/lekarska-fakulta\/en\/wp-json\/wp\/v2\/tags?post=59090"}],"curies":[{"name":"wp","href":"https:\/\/api.w.org\/{rel}","templated":true}]}}