{"id":59219,"date":"2019-03-14T10:09:51","date_gmt":"2019-03-14T10:09:51","guid":{"rendered":"https:\/\/www.upjs.sk\/lekarska-fakulta\/root\/applicants\/application-and-admission\/preparatory-course\/"},"modified":"2024-01-10T12:52:10","modified_gmt":"2024-01-10T11:52:10","slug":"preparatory-courses","status":"publish","type":"page","link":"https:\/\/www.upjs.sk\/lekarska-fakulta\/en\/for-applicants\/entrance-examination\/preparatory-courses\/","title":{"rendered":"Preparatory courses"},"content":{"rendered":"\n<p>PRO MEDICINAE for support of education and science, n.f. offers Preparatory course to international applicants for medical studies at the Faculty of Medicine, Pavol Jozef \u0160af\u00e1rik University in Ko\u0161ice. Preparatory course aims to prepare the applicants for an entrance examination in biology and chemistry and for the topics covered in the 1<sup>st<\/sup> year of their studies.<\/p>\n\n\n\n<p><strong>Date:<\/strong> N\/A<br><strong>Duration:<\/strong> 6 hours\/day<br><strong>Location:<\/strong> Faculty of Medicine, UPJ\u0160, Trieda SNP 1, Ko\u0161ice<br><\/p>\n\n\n\n<p><strong>Requested documents:<\/strong><\/p>\n\n\n\n<ul class=\"wp-block-list\">\n<li>Signed <a href=\"https:\/\/www.upjs.sk\/app\/uploads\/sites\/9\/2023\/01\/Application-for-Preparatory-Course.doc\" class=\"ek-link\">Application for Preparatory course<\/a><\/li>\n\n\n\n<li>Confirmation of Preparatory course fee payment<\/li>\n<\/ul>\n\n\n\n<p>Please note that the minimum number of 10 applicants is required for opening the course.<\/p>\n\n\n\n<p>For more information, please contact RNDr. Helena Mi\u010dkov\u00e1, PhD. at <a href=\"mailto:helena.mickova@upjs.sk\" class=\"ek-link\">helena.mickova@upjs.sk<\/a>.&nbsp;&nbsp;<\/p>\n\n\n\n<ul class=\"wp-block-list\">\n<li><strong>Chemistry<\/strong><br><a href=\"https:\/\/www.upjs.sk\/app\/uploads\/sites\/9\/2023\/01\/PC_Syllabus-Chemistry-18.pdf\" class=\"ek-link\">Syllabus<\/a>, <a href=\"https:\/\/www.upjs.sk\/app\/uploads\/sites\/9\/2023\/01\/PC_Schedule-Chem-18.pdf\" class=\"ek-link\">Course schedule<\/a>, <a href=\"https:\/\/www.upjs.sk\/app\/uploads\/sites\/9\/2023\/01\/PC_Literature-Chem-18.pdf\" class=\"ek-link\">Required literature<\/a><\/li>\n\n\n\n<li><strong>Biology<\/strong><br><a href=\"https:\/\/www.upjs.sk\/app\/uploads\/sites\/9\/2023\/01\/Syllabus-Biology-UPJS.pdf\" class=\"ek-link\">Syllabus<\/a>, <a href=\"https:\/\/www.upjs.sk\/app\/uploads\/sites\/9\/2023\/01\/Course-Schedule-for-18-19-BIO-otazky.pdf\" class=\"ek-link\">Course schedule<\/a>, <a href=\"https:\/\/www.upjs.sk\/app\/uploads\/sites\/9\/2023\/01\/PC_Literature-Biol-18.pdf\" class=\"ek-link\">Required literature<\/a><\/li>\n\n\n\n<li><a aria-label=\" (opens in a new tab)\" href=\"http:\/\/www.lf.upjs.sk\/sample-test\/\" target=\"_blank\" rel=\"noreferrer noopener\" class=\"ek-link\">Sample tests<\/a> (10+10 questions)<\/li>\n\n\n\n<li><a href=\"https:\/\/www.upjs.sk\/lekarska-fakulta\/en\/for-applicants\/entrance-examination\/entrance-exam-questions\/\" class=\"ek-link\">Entrance exam questions<\/a><\/li>\n<\/ul>\n","protected":false},"excerpt":{"rendered":"<p>PRO MEDICINAE for support of education and science, n.f. offers Preparatory course to international applicants for medical studies at the Faculty of Medicine, Pavol Jozef \u0160af\u00e1rik University in Ko\u0161ice. Preparatory course aims to prepare the applicants for an entrance examination in biology and chemistry and for the topics covered in the 1st year of their &hellip; <a href=\"https:\/\/www.upjs.sk\/lekarska-fakulta\/en\/for-applicants\/entrance-examination\/preparatory-courses\/\">Continued<\/a><\/p>\n","protected":false},"author":1,"featured_media":0,"parent":69426,"menu_order":1,"comment_status":"closed","ping_status":"closed","template":"","meta":{"_acf_changed":false,"_editorskit_title_hidden":false,"_editorskit_reading_time":1,"_editorskit_is_block_options_detached":false,"_editorskit_block_options_position":"{}","footnotes":""},"categories":[],"tags":[],"class_list":["post-59219","page","type-page","status-publish","hentry"],"acf":{"acf_link_na_externy_obsah":""},"yoast_head":"<!-- This site is optimized with the Yoast SEO plugin v27.4 - https:\/\/yoast.com\/product\/yoast-seo-wordpress\/ -->\n<title>Preparatory courses - Lek\u00e1rska fakulta | UPJ\u0160<\/title>\n<meta name=\"robots\" content=\"index, follow, max-snippet:-1, max-image-preview:large, max-video-preview:-1\" \/>\n<link rel=\"canonical\" href=\"https:\/\/www.upjs.sk\/lekarska-fakulta\/en\/for-applicants\/entrance-examination\/preparatory-courses\/\" \/>\n<meta property=\"og:locale\" content=\"en_US\" \/>\n<meta property=\"og:type\" content=\"article\" \/>\n<meta property=\"og:title\" content=\"Preparatory courses - Lek\u00e1rska fakulta | UPJ\u0160\" \/>\n<meta property=\"og:description\" content=\"PRO MEDICINAE for support of education and science, n.f. offers Preparatory course to international applicants for medical studies at the Faculty of Medicine, Pavol Jozef \u0160af\u00e1rik University in Ko\u0161ice. Preparatory course aims to prepare the applicants for an entrance examination in biology and chemistry and for the topics covered in the 1st year of their &hellip; Continued\" \/>\n<meta property=\"og:url\" content=\"https:\/\/www.upjs.sk\/lekarska-fakulta\/en\/for-applicants\/entrance-examination\/preparatory-courses\/\" \/>\n<meta property=\"og:site_name\" content=\"Lek\u00e1rska fakulta | UPJ\u0160\" \/>\n<meta property=\"article:modified_time\" content=\"2024-01-10T11:52:10+00:00\" \/>\n<meta name=\"twitter:card\" content=\"summary_large_image\" \/>\n<meta name=\"twitter:label1\" content=\"Est. reading time\" \/>\n\t<meta name=\"twitter:data1\" content=\"1 minute\" \/>\n<script type=\"application\/ld+json\" class=\"yoast-schema-graph\">{\"@context\":\"https:\\\/\\\/schema.org\",\"@graph\":[{\"@type\":\"WebPage\",\"@id\":\"https:\\\/\\\/www.upjs.sk\\\/lekarska-fakulta\\\/en\\\/for-applicants\\\/entrance-examination\\\/preparatory-courses\\\/\",\"url\":\"https:\\\/\\\/www.upjs.sk\\\/lekarska-fakulta\\\/en\\\/for-applicants\\\/entrance-examination\\\/preparatory-courses\\\/\",\"name\":\"Preparatory courses - Lek\u00e1rska fakulta | UPJ\u0160\",\"isPartOf\":{\"@id\":\"https:\\\/\\\/www.upjs.sk\\\/lekarska-fakulta\\\/en\\\/#website\"},\"datePublished\":\"2019-03-14T10:09:51+00:00\",\"dateModified\":\"2024-01-10T11:52:10+00:00\",\"breadcrumb\":{\"@id\":\"https:\\\/\\\/www.upjs.sk\\\/lekarska-fakulta\\\/en\\\/for-applicants\\\/entrance-examination\\\/preparatory-courses\\\/#breadcrumb\"},\"inLanguage\":\"en-US\",\"potentialAction\":[{\"@type\":\"ReadAction\",\"target\":[\"https:\\\/\\\/www.upjs.sk\\\/lekarska-fakulta\\\/en\\\/for-applicants\\\/entrance-examination\\\/preparatory-courses\\\/\"]}]},{\"@type\":\"BreadcrumbList\",\"@id\":\"https:\\\/\\\/www.upjs.sk\\\/lekarska-fakulta\\\/en\\\/for-applicants\\\/entrance-examination\\\/preparatory-courses\\\/#breadcrumb\",\"itemListElement\":[{\"@type\":\"ListItem\",\"position\":1,\"name\":\"Home\",\"item\":\"https:\\\/\\\/www.upjs.sk\\\/lekarska-fakulta\\\/en\\\/\"},{\"@type\":\"ListItem\",\"position\":2,\"name\":\"Information for the applicants to study in English\",\"item\":\"https:\\\/\\\/www.upjs.sk\\\/lekarska-fakulta\\\/en\\\/for-applicants\\\/\"},{\"@type\":\"ListItem\",\"position\":3,\"name\":\"Entrance examination\",\"item\":\"https:\\\/\\\/www.upjs.sk\\\/lekarska-fakulta\\\/en\\\/for-applicants\\\/entrance-examination\\\/\"},{\"@type\":\"ListItem\",\"position\":4,\"name\":\"Preparatory courses\"}]},{\"@type\":\"WebSite\",\"@id\":\"https:\\\/\\\/www.upjs.sk\\\/lekarska-fakulta\\\/en\\\/#website\",\"url\":\"https:\\\/\\\/www.upjs.sk\\\/lekarska-fakulta\\\/en\\\/\",\"name\":\"Lek\u00e1rska fakulta | UPJ\u0160\",\"description\":\"\",\"publisher\":{\"@id\":\"https:\\\/\\\/www.upjs.sk\\\/lekarska-fakulta\\\/en\\\/#organization\"},\"potentialAction\":[{\"@type\":\"SearchAction\",\"target\":{\"@type\":\"EntryPoint\",\"urlTemplate\":\"https:\\\/\\\/www.upjs.sk\\\/lekarska-fakulta\\\/en\\\/?s={search_term_string}\"},\"query-input\":{\"@type\":\"PropertyValueSpecification\",\"valueRequired\":true,\"valueName\":\"search_term_string\"}}],\"inLanguage\":\"en-US\"},{\"@type\":\"Organization\",\"@id\":\"https:\\\/\\\/www.upjs.sk\\\/lekarska-fakulta\\\/en\\\/#organization\",\"name\":\"Lek\u00e1rska fakulta | UPJ\u0160\",\"url\":\"https:\\\/\\\/www.upjs.sk\\\/lekarska-fakulta\\\/en\\\/\",\"logo\":{\"@type\":\"ImageObject\",\"inLanguage\":\"en-US\",\"@id\":\"https:\\\/\\\/www.upjs.sk\\\/lekarska-fakulta\\\/en\\\/#\\\/schema\\\/logo\\\/image\\\/\",\"url\":\"https:\\\/\\\/www.upjs.sk\\\/app\\\/uploads\\\/sites\\\/9\\\/2023\\\/04\\\/LF-eNG_frame.svg\",\"contentUrl\":\"https:\\\/\\\/www.upjs.sk\\\/app\\\/uploads\\\/sites\\\/9\\\/2023\\\/04\\\/LF-eNG_frame.svg\",\"width\":292,\"height\":61,\"caption\":\"Lek\u00e1rska fakulta | UPJ\u0160\"},\"image\":{\"@id\":\"https:\\\/\\\/www.upjs.sk\\\/lekarska-fakulta\\\/en\\\/#\\\/schema\\\/logo\\\/image\\\/\"}}]}<\/script>\n<!-- \/ Yoast SEO plugin. -->","yoast_head_json":{"title":"Preparatory courses - Lek\u00e1rska fakulta | UPJ\u0160","robots":{"index":"index","follow":"follow","max-snippet":"max-snippet:-1","max-image-preview":"max-image-preview:large","max-video-preview":"max-video-preview:-1"},"canonical":"https:\/\/www.upjs.sk\/lekarska-fakulta\/en\/for-applicants\/entrance-examination\/preparatory-courses\/","og_locale":"en_US","og_type":"article","og_title":"Preparatory courses - Lek\u00e1rska fakulta | UPJ\u0160","og_description":"PRO MEDICINAE for support of education and science, n.f. offers Preparatory course to international applicants for medical studies at the Faculty of Medicine, Pavol Jozef \u0160af\u00e1rik University in Ko\u0161ice. Preparatory course aims to prepare the applicants for an entrance examination in biology and chemistry and for the topics covered in the 1st year of their &hellip; Continued","og_url":"https:\/\/www.upjs.sk\/lekarska-fakulta\/en\/for-applicants\/entrance-examination\/preparatory-courses\/","og_site_name":"Lek\u00e1rska fakulta | UPJ\u0160","article_modified_time":"2024-01-10T11:52:10+00:00","twitter_card":"summary_large_image","twitter_misc":{"Est. reading time":"1 minute"},"schema":{"@context":"https:\/\/schema.org","@graph":[{"@type":"WebPage","@id":"https:\/\/www.upjs.sk\/lekarska-fakulta\/en\/for-applicants\/entrance-examination\/preparatory-courses\/","url":"https:\/\/www.upjs.sk\/lekarska-fakulta\/en\/for-applicants\/entrance-examination\/preparatory-courses\/","name":"Preparatory courses - Lek\u00e1rska fakulta | UPJ\u0160","isPartOf":{"@id":"https:\/\/www.upjs.sk\/lekarska-fakulta\/en\/#website"},"datePublished":"2019-03-14T10:09:51+00:00","dateModified":"2024-01-10T11:52:10+00:00","breadcrumb":{"@id":"https:\/\/www.upjs.sk\/lekarska-fakulta\/en\/for-applicants\/entrance-examination\/preparatory-courses\/#breadcrumb"},"inLanguage":"en-US","potentialAction":[{"@type":"ReadAction","target":["https:\/\/www.upjs.sk\/lekarska-fakulta\/en\/for-applicants\/entrance-examination\/preparatory-courses\/"]}]},{"@type":"BreadcrumbList","@id":"https:\/\/www.upjs.sk\/lekarska-fakulta\/en\/for-applicants\/entrance-examination\/preparatory-courses\/#breadcrumb","itemListElement":[{"@type":"ListItem","position":1,"name":"Home","item":"https:\/\/www.upjs.sk\/lekarska-fakulta\/en\/"},{"@type":"ListItem","position":2,"name":"Information for the applicants to study in English","item":"https:\/\/www.upjs.sk\/lekarska-fakulta\/en\/for-applicants\/"},{"@type":"ListItem","position":3,"name":"Entrance examination","item":"https:\/\/www.upjs.sk\/lekarska-fakulta\/en\/for-applicants\/entrance-examination\/"},{"@type":"ListItem","position":4,"name":"Preparatory courses"}]},{"@type":"WebSite","@id":"https:\/\/www.upjs.sk\/lekarska-fakulta\/en\/#website","url":"https:\/\/www.upjs.sk\/lekarska-fakulta\/en\/","name":"Lek\u00e1rska fakulta | UPJ\u0160","description":"","publisher":{"@id":"https:\/\/www.upjs.sk\/lekarska-fakulta\/en\/#organization"},"potentialAction":[{"@type":"SearchAction","target":{"@type":"EntryPoint","urlTemplate":"https:\/\/www.upjs.sk\/lekarska-fakulta\/en\/?s={search_term_string}"},"query-input":{"@type":"PropertyValueSpecification","valueRequired":true,"valueName":"search_term_string"}}],"inLanguage":"en-US"},{"@type":"Organization","@id":"https:\/\/www.upjs.sk\/lekarska-fakulta\/en\/#organization","name":"Lek\u00e1rska fakulta | UPJ\u0160","url":"https:\/\/www.upjs.sk\/lekarska-fakulta\/en\/","logo":{"@type":"ImageObject","inLanguage":"en-US","@id":"https:\/\/www.upjs.sk\/lekarska-fakulta\/en\/#\/schema\/logo\/image\/","url":"https:\/\/www.upjs.sk\/app\/uploads\/sites\/9\/2023\/04\/LF-eNG_frame.svg","contentUrl":"https:\/\/www.upjs.sk\/app\/uploads\/sites\/9\/2023\/04\/LF-eNG_frame.svg","width":292,"height":61,"caption":"Lek\u00e1rska fakulta | UPJ\u0160"},"image":{"@id":"https:\/\/www.upjs.sk\/lekarska-fakulta\/en\/#\/schema\/logo\/image\/"}}]}},"_links":{"self":[{"href":"https:\/\/www.upjs.sk\/lekarska-fakulta\/en\/wp-json\/wp\/v2\/pages\/59219","targetHints":{"allow":["GET"]}}],"collection":[{"href":"https:\/\/www.upjs.sk\/lekarska-fakulta\/en\/wp-json\/wp\/v2\/pages"}],"about":[{"href":"https:\/\/www.upjs.sk\/lekarska-fakulta\/en\/wp-json\/wp\/v2\/types\/page"}],"author":[{"embeddable":true,"href":"https:\/\/www.upjs.sk\/lekarska-fakulta\/en\/wp-json\/wp\/v2\/users\/1"}],"replies":[{"embeddable":true,"href":"https:\/\/www.upjs.sk\/lekarska-fakulta\/en\/wp-json\/wp\/v2\/comments?post=59219"}],"version-history":[{"count":7,"href":"https:\/\/www.upjs.sk\/lekarska-fakulta\/en\/wp-json\/wp\/v2\/pages\/59219\/revisions"}],"predecessor-version":[{"id":105827,"href":"https:\/\/www.upjs.sk\/lekarska-fakulta\/en\/wp-json\/wp\/v2\/pages\/59219\/revisions\/105827"}],"up":[{"embeddable":true,"href":"https:\/\/www.upjs.sk\/lekarska-fakulta\/en\/wp-json\/wp\/v2\/pages\/69426"}],"wp:attachment":[{"href":"https:\/\/www.upjs.sk\/lekarska-fakulta\/en\/wp-json\/wp\/v2\/media?parent=59219"}],"wp:term":[{"taxonomy":"category","embeddable":true,"href":"https:\/\/www.upjs.sk\/lekarska-fakulta\/en\/wp-json\/wp\/v2\/categories?post=59219"},{"taxonomy":"post_tag","embeddable":true,"href":"https:\/\/www.upjs.sk\/lekarska-fakulta\/en\/wp-json\/wp\/v2\/tags?post=59219"}],"curies":[{"name":"wp","href":"https:\/\/api.w.org\/{rel}","templated":true}]}}