{"id":59220,"date":"2022-02-22T15:44:42","date_gmt":"2022-02-22T15:44:42","guid":{"rendered":"https:\/\/www.upjs.sk\/lekarska-fakulta\/root\/applicants\/application-and-admission\/transfer-and-recognition\/"},"modified":"2023-08-08T08:45:14","modified_gmt":"2023-08-08T07:45:14","slug":"transfer-and-recognition","status":"publish","type":"page","link":"https:\/\/www.upjs.sk\/lekarska-fakulta\/en\/transfer-and-recognition\/","title":{"rendered":"Recognition of Completed Courses and Transfer"},"content":{"rendered":"<p><strong>Recognition of completed courses<\/strong><\/p>\n<p style=\"text-align: justify;\">Every student who will successfully pass the entrance examination (please see our webpage regarding the application procedure\u00a0<u><a href=\"https:\/\/www.upjs.sk\/en\/faculty-of-medicine\/applicants\/entrance-examination\/\">https:\/\/www.upjs.sk\/en\/faculty-of-medicine\/applicants\/entrance-examination\/<\/a><\/u>), has an opportunity to apply for the recognition of the completed courses from the previous study which hasn\u00b4t been completed.<\/p>\n<p style=\"text-align: justify;\"><strong>Based on planned revision of The Study Rules of Procedure Pavol Jozef \u0160af\u00e1rik University in Ko\u0161ice, The Faculty of Medicine is assumed that student is allowed to apply for recognition of the subject from previous uncompleted study till 15<sup>th<\/sup> September in the current year.<\/strong><\/p>\n<p style=\"text-align: justify;\">After passing the entrance exam and submitting the course recognition documents to the Study Department \u2013 Ing. M\u00e1ria Spi\u0161\u00e1kov\u00e1, the management of the faculty will decide on the recognition of completed courses and the year into which the student will be accepted. The applicant may apply for recognition of the study subject at the beginning of his\/her study in the prescribed form with mandatory attachments filled.<\/p>\n<p style=\"text-align: justify;\">Please note that:<\/p>\n<ul>\n<li style=\"text-align: justify;\">The courses may be recognized only if they were completed within the last 5 years from the beginning of the respective academic year.<\/li>\n<li style=\"text-align: justify;\">The student may not transfer credits for successful completion of a study subject in a course of study which has been duly completed and was awarded an academic degree.<\/li>\n<li style=\"text-align: justify;\">The passed study subjects may be validated and the credits and grades may be transferred if they are part of the prescribed study program as compulsory or compulsory elective study subjects.<\/li>\n<li style=\"text-align: justify;\">The subjects evaluated at UPJS MF by grade can be recognised only in case this is evaluated by grade at previous university.<\/li>\n<li style=\"text-align: justify;\">If the applicant asks for recognition of the study subject which s\/he completed in the previous incomplete study with the assessment of &#8220;passed\u201c, the study subject will be recognized with the assessment of &#8220;passed &#8211; E \u2013 sufficient\u201c.<\/li>\n<li style=\"text-align: justify;\">For <strong>re-admitted students<\/strong>, who after the exclusion from the study or after the leaving from their study at The Faculty of Medicine show again their interest in studying at The Faculty of Medicine UPJ\u0160, is <strong>not recommended<\/strong> to take several semesters at another Medical Universities mainly in states outside of The European Union and\/or at other Non-Medical Universities (<strong>temporary study<\/strong>). They run <strong>the risk of non-recognition of subjects<\/strong> passed from such studies.<\/li>\n<li style=\"text-align: justify;\">The courses may be recognized only from another Faculty of Medicine with a study program in <strong>the same level<\/strong> and <strong>the same or only slightly different study program<\/strong>\u00a0as offered by Pavol Jozef \u0160af\u00e1rik University\u00a0in Ko\u0161ice.<\/li>\n<\/ul>\n<p style=\"text-align: justify;\">Documents to be submitted:<\/p>\n<ul>\n<li style=\"text-align: justify;\">filled in:\u00a0<u><a href=\"..\/application-for-recognition\/\"> Application for Recognition of study subjects from previous study<\/a><\/u><\/li>\n<li style=\"text-align: justify;\" value=\"5\">original transcripts (study records with exact dates when courses were completed)<\/li>\n<li style=\"text-align: justify;\" value=\"5\">syllabus of completed courses (original or certified copies)<\/li>\n<li style=\"text-align: justify;\" value=\"5\">proof of payment for course recognition (2 \u20ac\/subject, 15 \u20ac maximum)<\/li>\n<\/ul>\n<p style=\"text-align: justify;\"><u><a href=\"https:\/\/www.upjs.sk\/public\/media\/2221\/Schedules-of-Fees-and-Charges-2019-2020.pdf\" target=\"_blank\" rel=\"noopener\">Schedules of Fees and Charges in the academic year 2019\/2020 at UPJ\u0160 in Ko\u0161ice<\/a><\/u><\/p>\n<p style=\"text-align: justify;\">The above mentioned documents must be officially translated into Slovak or English.<\/p>\n<p style=\"text-align: justify;\">If the request for recognition does not contain all the requested documents, it will not be considered.<\/p>\n<p style=\"text-align: justify;\"><strong>Transfer<\/strong><\/p>\n<p>By transfer it is understood the registration of a student from another university for a\u00a0study program in <strong>the same level<\/strong> and <strong>the same or only slightly different study program<\/strong> offered by Pavol Jozef \u0160af\u00e1rik University in Ko\u0161ice.<\/p>\n<p style=\"text-align: justify;\">Only those<strong> students who have<\/strong> <strong>fulfilled all the conditions to continue their studies<\/strong> in the next academic year can apply for transfer. A request for transfer is not accepted from the student whose studies are interrupted, teminated or being expelled at the time of submitting the request. The request must be in a written form, signed and submitted until 15<sup>th<\/sup>\u00a0August of the given year. The request for transfer is considered by the management of the Faculty and the guarantor of the study program. Within one academic year the applicant can not apply for the regular transfer and also for the entrance examination for one study programme.<\/p>\n<p style=\"text-align: justify;\">Documents to be submitted:<\/p>\n<ul style=\"list-style-type: circle;\">\n<li style=\"text-align: justify;\"><a href=\"https:\/\/www.upjs.sk\/app\/uploads\/sites\/9\/2023\/08\/request-for-transfer18.pdf\" target=\"_blank\" rel=\"noopener\"><u>Request for transfer <\/u><\/a><\/li>\n<li style=\"text-align: justify;\"><u><a href=\"..\/transfer\/\">Application for recognition of study subjects from previous study<\/a><\/u><\/li>\n<li style=\"text-align: justify;\"><u><a href=\"https:\/\/www.upjs.sk\/public\/media\/6597\/Letter%20of%20Authorization.pdf\">Letter of Authorization<\/a> <\/u><\/li>\n<li>original transcripts (study records with exact dates when courses were completed)<\/li>\n<li>syllabus of completed courses (original or certified copies)<\/li>\n<li>confirmation that at the time an applicant is a student of the respective university and has fulfilled all the conditions stated by current university to continue her\/his studies in the next academic year.<\/li>\n<\/ul>\n<p style=\"margin-bottom: 0; text-align: justify;\">The above mentioned documents must be officially translated into Slovak or English.<br \/>\nIf the request for recognition does not contain all the requested documents, it will not be considered.<br \/>\nIn case the Dean accepts the student\u00b4s application, the student will be informed about the date of registration and the subjects whose completion from the previous studies will be validated by the gurantor. By the registration the student is obliged to submit:<\/p>\n<dl style=\"margin-top: 0;\">\n<dd style=\"padding-left: .75em; text-indent: -.75em;\">\u2013 medical confirmation of physical and mental ability to university studies (not older than 3 months) \u2013 in English or Slovak language<\/dd>\n<dd>\u2013 copy of passport\/ID card<\/dd>\n<dd style=\"padding-left: .75em; text-indent: -.75em;\">\u2013 high school leaving certificate (more information provided on\u00a0<u><a href=\"https:\/\/www.upjs.sk\/en\/faculty-of-medicine\/applicants\/entrance-examination\/\">https:\/\/www.upjs.sk\/en\/faculty-of-medicine\/applicants\/entrance-examination\/<\/a><\/u>)<\/dd>\n<dd>\u2013 birth certificate \u2013 a notary certified copy with a Slovak or English translation.<\/dd>\n<\/dl>\n<p style=\"text-align: justify;\">\n<p><strong>Bank details for payment from Slovakia:<\/strong><\/p>\n<table style=\"width: 700px;\" border=\"1\" cellspacing=\"1\" cellpadding=\"0\">\n<tbody>\n<tr>\n<td width=\"200\">Beneficiary\u00b4s bank:<\/td>\n<td width=\"500\">\u0160t\u00e1tna pokladnica, Radlinskeho 32, 810 05 Bratislava 15, Slovakia<\/td>\n<\/tr>\n<tr>\n<td>Name of account:<\/td>\n<td>B\u00daN LF Ke<\/td>\n<\/tr>\n<tr>\n<td>Account Number:<\/td>\n<td>SK7381800000007000078360<\/td>\n<\/tr>\n<tr>\n<td>Code of bank:<\/td>\n<td>8180<\/td>\n<\/tr>\n<tr>\n<td>Variable symbol:<\/td>\n<td>1027 \u2013 recognition of courses<\/td>\n<\/tr>\n<tr>\n<td>Specific symbol:<\/td>\n<td>according to the date of birth \u2013 YYMMDD0000, if you are a female &#8211; YY50+MMDD0000 (YY is Year, MM is Month, DD is Day of birth)<\/td>\n<\/tr>\n<tr>\n<td>Payment purpose:<\/td>\n<td>Surname and name of the student + recognition of courses<\/td>\n<\/tr>\n<\/tbody>\n<\/table>\n<p><strong>Bank details for payment from abroad (within European Union):<\/strong><\/p>\n<table style=\"width: 700px;\" border=\"1\" cellspacing=\"1\" cellpadding=\"0\">\n<tbody>\n<tr>\n<td style=\"width: 200px;\">Beneficiary\u00b4s bank:<\/td>\n<td width=\"500\">\u0160t\u00e1tna pokladnica, Radlinskeho 32, 810 05 Bratislava, Slovakia<\/td>\n<\/tr>\n<tr>\n<td>BIC\/SWIFT:<\/td>\n<td>SPSRSKBAXXX<\/td>\n<\/tr>\n<tr>\n<td>Beneficiary\u00b4s account number IBAN:<\/td>\n<td>SK7381800000007000078360<\/td>\n<\/tr>\n<tr>\n<td>Beneficiary\u00b4s account name:<\/td>\n<td>UPJ\u0160 Lek\u00e1rska fakulta,<\/td>\n<\/tr>\n<tr>\n<td>Beneficiary\u00b4s address:<\/td>\n<td>Trieda SNP 1, 040 11 Ko\u0161ice, Slovakia<\/td>\n<\/tr>\n<tr>\n<td>Country code:<\/td>\n<td>SK<\/td>\n<\/tr>\n<tr>\n<td>Remittance information:<\/td>\n<td>Surname and name of the student + recognition of courses<\/td>\n<\/tr>\n<\/tbody>\n<\/table>\n<p><strong>Bank details for payment from abroad (out of European Union):<\/strong><\/p>\n<table style=\"width: 700px;\" border=\"1\" cellspacing=\"1\" cellpadding=\"0\">\n<tbody>\n<tr>\n<td style=\"width: 200px;\">Beneficiary\u00b4s bank:<\/td>\n<td width=\"500\">V\u0161eobecn\u00e1 \u00faverov\u00e1 banka, a.s. Mlynsk\u00e9 Nivy 1, 829 90 Bratislava, Slovensk\u00e1 republika<\/td>\n<\/tr>\n<tr>\n<td>BIC\/SWIFT:<\/td>\n<td>SUBASKBX<\/td>\n<\/tr>\n<tr>\n<td>Beneficiary\u00b4s account number IBAN:<\/td>\n<td>SK7381800000007000078360<\/td>\n<\/tr>\n<tr>\n<td>Beneficiary<\/td>\n<td>Univerzita Pavla Jozefa \u0160af\u00e1rika v\u00a0Ko\u0161iciach, \u0160rob\u00e1rova 2, 041 11 Ko\u0161ice, Slovensk\u00e1 republika<\/td>\n<\/tr>\n<tr>\n<td>Payment purpose:<\/td>\n<td>Surname and name of the student + recognition of courses<\/td>\n<\/tr>\n<\/tbody>\n<\/table>\n","protected":false},"excerpt":{"rendered":"<p>Recognition of completed courses Every student who will successfully pass the entrance examination (please see our webpage regarding the application procedure\u00a0https:\/\/www.upjs.sk\/en\/faculty-of-medicine\/applicants\/entrance-examination\/), has an opportunity to apply for the recognition of the completed courses from the previous study which hasn\u00b4t been completed. Based on planned revision of The Study Rules of Procedure Pavol Jozef \u0160af\u00e1rik University &hellip; <a href=\"https:\/\/www.upjs.sk\/lekarska-fakulta\/en\/transfer-and-recognition\/\">Continued<\/a><\/p>\n","protected":false},"author":1,"featured_media":0,"parent":0,"menu_order":15,"comment_status":"closed","ping_status":"closed","template":"","meta":{"_acf_changed":false,"_editorskit_title_hidden":false,"_editorskit_reading_time":0,"_editorskit_is_block_options_detached":false,"_editorskit_block_options_position":"{}","footnotes":""},"categories":[],"tags":[],"class_list":["post-59220","page","type-page","status-publish","hentry"],"acf":{"acf_link_na_externy_obsah":""},"yoast_head":"<!-- This site is optimized with the Yoast SEO plugin v27.2 - https:\/\/yoast.com\/product\/yoast-seo-wordpress\/ -->\n<title>Recognition of Completed Courses and Transfer - Lek\u00e1rska fakulta | UPJ\u0160<\/title>\n<meta name=\"robots\" content=\"index, follow, max-snippet:-1, max-image-preview:large, max-video-preview:-1\" \/>\n<link rel=\"canonical\" href=\"https:\/\/www.upjs.sk\/lekarska-fakulta\/en\/transfer-and-recognition\/\" \/>\n<meta property=\"og:locale\" content=\"en_US\" \/>\n<meta property=\"og:type\" content=\"article\" \/>\n<meta property=\"og:title\" content=\"Recognition of Completed Courses and Transfer - Lek\u00e1rska fakulta | UPJ\u0160\" \/>\n<meta property=\"og:description\" content=\"Recognition of completed courses Every student who will successfully pass the entrance examination (please see our webpage regarding the application procedure\u00a0https:\/\/www.upjs.sk\/en\/faculty-of-medicine\/applicants\/entrance-examination\/), has an opportunity to apply for the recognition of the completed courses from the previous study which hasn\u00b4t been completed. Based on planned revision of The Study Rules of Procedure Pavol Jozef \u0160af\u00e1rik University &hellip; Continued\" \/>\n<meta property=\"og:url\" content=\"https:\/\/www.upjs.sk\/lekarska-fakulta\/en\/transfer-and-recognition\/\" \/>\n<meta property=\"og:site_name\" content=\"Lek\u00e1rska fakulta | UPJ\u0160\" \/>\n<meta property=\"article:modified_time\" content=\"2023-08-08T07:45:14+00:00\" \/>\n<meta name=\"twitter:card\" content=\"summary_large_image\" \/>\n<meta name=\"twitter:label1\" content=\"Est. reading time\" \/>\n\t<meta name=\"twitter:data1\" content=\"6 minutes\" \/>\n<script type=\"application\/ld+json\" class=\"yoast-schema-graph\">{\"@context\":\"https:\/\/schema.org\",\"@graph\":[{\"@type\":\"WebPage\",\"@id\":\"https:\/\/www.upjs.sk\/lekarska-fakulta\/en\/transfer-and-recognition\/\",\"url\":\"https:\/\/www.upjs.sk\/lekarska-fakulta\/en\/transfer-and-recognition\/\",\"name\":\"Recognition of Completed Courses and Transfer - Lek\u00e1rska fakulta | UPJ\u0160\",\"isPartOf\":{\"@id\":\"https:\/\/www.upjs.sk\/lekarska-fakulta\/en\/#website\"},\"datePublished\":\"2022-02-22T15:44:42+00:00\",\"dateModified\":\"2023-08-08T07:45:14+00:00\",\"breadcrumb\":{\"@id\":\"https:\/\/www.upjs.sk\/lekarska-fakulta\/en\/transfer-and-recognition\/#breadcrumb\"},\"inLanguage\":\"en-US\",\"potentialAction\":[{\"@type\":\"ReadAction\",\"target\":[\"https:\/\/www.upjs.sk\/lekarska-fakulta\/en\/transfer-and-recognition\/\"]}]},{\"@type\":\"BreadcrumbList\",\"@id\":\"https:\/\/www.upjs.sk\/lekarska-fakulta\/en\/transfer-and-recognition\/#breadcrumb\",\"itemListElement\":[{\"@type\":\"ListItem\",\"position\":1,\"name\":\"Home\",\"item\":\"https:\/\/www.upjs.sk\/lekarska-fakulta\/en\/\"},{\"@type\":\"ListItem\",\"position\":2,\"name\":\"Recognition of Completed Courses and Transfer\"}]},{\"@type\":\"WebSite\",\"@id\":\"https:\/\/www.upjs.sk\/lekarska-fakulta\/en\/#website\",\"url\":\"https:\/\/www.upjs.sk\/lekarska-fakulta\/en\/\",\"name\":\"Lek\u00e1rska fakulta | UPJ\u0160\",\"description\":\"\",\"publisher\":{\"@id\":\"https:\/\/www.upjs.sk\/lekarska-fakulta\/en\/#organization\"},\"potentialAction\":[{\"@type\":\"SearchAction\",\"target\":{\"@type\":\"EntryPoint\",\"urlTemplate\":\"https:\/\/www.upjs.sk\/lekarska-fakulta\/en\/?s={search_term_string}\"},\"query-input\":{\"@type\":\"PropertyValueSpecification\",\"valueRequired\":true,\"valueName\":\"search_term_string\"}}],\"inLanguage\":\"en-US\"},{\"@type\":\"Organization\",\"@id\":\"https:\/\/www.upjs.sk\/lekarska-fakulta\/en\/#organization\",\"name\":\"Lek\u00e1rska fakulta | UPJ\u0160\",\"url\":\"https:\/\/www.upjs.sk\/lekarska-fakulta\/en\/\",\"logo\":{\"@type\":\"ImageObject\",\"inLanguage\":\"en-US\",\"@id\":\"https:\/\/www.upjs.sk\/lekarska-fakulta\/en\/#\/schema\/logo\/image\/\",\"url\":\"https:\/\/www.upjs.sk\/app\/uploads\/sites\/9\/2023\/04\/LF-eNG_frame.svg\",\"contentUrl\":\"https:\/\/www.upjs.sk\/app\/uploads\/sites\/9\/2023\/04\/LF-eNG_frame.svg\",\"width\":292,\"height\":61,\"caption\":\"Lek\u00e1rska fakulta | UPJ\u0160\"},\"image\":{\"@id\":\"https:\/\/www.upjs.sk\/lekarska-fakulta\/en\/#\/schema\/logo\/image\/\"}}]}<\/script>\n<!-- \/ Yoast SEO plugin. -->","yoast_head_json":{"title":"Recognition of Completed Courses and Transfer - Lek\u00e1rska fakulta | UPJ\u0160","robots":{"index":"index","follow":"follow","max-snippet":"max-snippet:-1","max-image-preview":"max-image-preview:large","max-video-preview":"max-video-preview:-1"},"canonical":"https:\/\/www.upjs.sk\/lekarska-fakulta\/en\/transfer-and-recognition\/","og_locale":"en_US","og_type":"article","og_title":"Recognition of Completed Courses and Transfer - Lek\u00e1rska fakulta | UPJ\u0160","og_description":"Recognition of completed courses Every student who will successfully pass the entrance examination (please see our webpage regarding the application procedure\u00a0https:\/\/www.upjs.sk\/en\/faculty-of-medicine\/applicants\/entrance-examination\/), has an opportunity to apply for the recognition of the completed courses from the previous study which hasn\u00b4t been completed. Based on planned revision of The Study Rules of Procedure Pavol Jozef \u0160af\u00e1rik University &hellip; Continued","og_url":"https:\/\/www.upjs.sk\/lekarska-fakulta\/en\/transfer-and-recognition\/","og_site_name":"Lek\u00e1rska fakulta | UPJ\u0160","article_modified_time":"2023-08-08T07:45:14+00:00","twitter_card":"summary_large_image","twitter_misc":{"Est. reading time":"6 minutes"},"schema":{"@context":"https:\/\/schema.org","@graph":[{"@type":"WebPage","@id":"https:\/\/www.upjs.sk\/lekarska-fakulta\/en\/transfer-and-recognition\/","url":"https:\/\/www.upjs.sk\/lekarska-fakulta\/en\/transfer-and-recognition\/","name":"Recognition of Completed Courses and Transfer - Lek\u00e1rska fakulta | UPJ\u0160","isPartOf":{"@id":"https:\/\/www.upjs.sk\/lekarska-fakulta\/en\/#website"},"datePublished":"2022-02-22T15:44:42+00:00","dateModified":"2023-08-08T07:45:14+00:00","breadcrumb":{"@id":"https:\/\/www.upjs.sk\/lekarska-fakulta\/en\/transfer-and-recognition\/#breadcrumb"},"inLanguage":"en-US","potentialAction":[{"@type":"ReadAction","target":["https:\/\/www.upjs.sk\/lekarska-fakulta\/en\/transfer-and-recognition\/"]}]},{"@type":"BreadcrumbList","@id":"https:\/\/www.upjs.sk\/lekarska-fakulta\/en\/transfer-and-recognition\/#breadcrumb","itemListElement":[{"@type":"ListItem","position":1,"name":"Home","item":"https:\/\/www.upjs.sk\/lekarska-fakulta\/en\/"},{"@type":"ListItem","position":2,"name":"Recognition of Completed Courses and Transfer"}]},{"@type":"WebSite","@id":"https:\/\/www.upjs.sk\/lekarska-fakulta\/en\/#website","url":"https:\/\/www.upjs.sk\/lekarska-fakulta\/en\/","name":"Lek\u00e1rska fakulta | UPJ\u0160","description":"","publisher":{"@id":"https:\/\/www.upjs.sk\/lekarska-fakulta\/en\/#organization"},"potentialAction":[{"@type":"SearchAction","target":{"@type":"EntryPoint","urlTemplate":"https:\/\/www.upjs.sk\/lekarska-fakulta\/en\/?s={search_term_string}"},"query-input":{"@type":"PropertyValueSpecification","valueRequired":true,"valueName":"search_term_string"}}],"inLanguage":"en-US"},{"@type":"Organization","@id":"https:\/\/www.upjs.sk\/lekarska-fakulta\/en\/#organization","name":"Lek\u00e1rska fakulta | UPJ\u0160","url":"https:\/\/www.upjs.sk\/lekarska-fakulta\/en\/","logo":{"@type":"ImageObject","inLanguage":"en-US","@id":"https:\/\/www.upjs.sk\/lekarska-fakulta\/en\/#\/schema\/logo\/image\/","url":"https:\/\/www.upjs.sk\/app\/uploads\/sites\/9\/2023\/04\/LF-eNG_frame.svg","contentUrl":"https:\/\/www.upjs.sk\/app\/uploads\/sites\/9\/2023\/04\/LF-eNG_frame.svg","width":292,"height":61,"caption":"Lek\u00e1rska fakulta | UPJ\u0160"},"image":{"@id":"https:\/\/www.upjs.sk\/lekarska-fakulta\/en\/#\/schema\/logo\/image\/"}}]}},"_links":{"self":[{"href":"https:\/\/www.upjs.sk\/lekarska-fakulta\/en\/wp-json\/wp\/v2\/pages\/59220","targetHints":{"allow":["GET"]}}],"collection":[{"href":"https:\/\/www.upjs.sk\/lekarska-fakulta\/en\/wp-json\/wp\/v2\/pages"}],"about":[{"href":"https:\/\/www.upjs.sk\/lekarska-fakulta\/en\/wp-json\/wp\/v2\/types\/page"}],"author":[{"embeddable":true,"href":"https:\/\/www.upjs.sk\/lekarska-fakulta\/en\/wp-json\/wp\/v2\/users\/1"}],"replies":[{"embeddable":true,"href":"https:\/\/www.upjs.sk\/lekarska-fakulta\/en\/wp-json\/wp\/v2\/comments?post=59220"}],"version-history":[{"count":1,"href":"https:\/\/www.upjs.sk\/lekarska-fakulta\/en\/wp-json\/wp\/v2\/pages\/59220\/revisions"}],"predecessor-version":[{"id":92822,"href":"https:\/\/www.upjs.sk\/lekarska-fakulta\/en\/wp-json\/wp\/v2\/pages\/59220\/revisions\/92822"}],"wp:attachment":[{"href":"https:\/\/www.upjs.sk\/lekarska-fakulta\/en\/wp-json\/wp\/v2\/media?parent=59220"}],"wp:term":[{"taxonomy":"category","embeddable":true,"href":"https:\/\/www.upjs.sk\/lekarska-fakulta\/en\/wp-json\/wp\/v2\/categories?post=59220"},{"taxonomy":"post_tag","embeddable":true,"href":"https:\/\/www.upjs.sk\/lekarska-fakulta\/en\/wp-json\/wp\/v2\/tags?post=59220"}],"curies":[{"name":"wp","href":"https:\/\/api.w.org\/{rel}","templated":true}]}}