{"id":59234,"date":"2018-12-14T13:52:00","date_gmt":"2018-12-14T13:52:00","guid":{"rendered":"https:\/\/www.upjs.sk\/lekarska-fakulta\/root\/applicants\/basic-information\/contact-us\/"},"modified":"2018-12-14T13:52:00","modified_gmt":"2018-12-14T13:52:00","slug":"contact-us","status":"publish","type":"page","link":"https:\/\/www.upjs.sk\/lekarska-fakulta\/en\/contact-us\/","title":{"rendered":"Contact us"},"content":{"rendered":"<style type=\"text\/css\"><!-- table {border-bottom: medium none; text-align: left; border-left: medium none; border-collapse: collapse; border-top: medium none; border-right: medium none} td {BORDER-RIGHT: windowtext 0.5pt solid; BORDER-TOP: windowtext 0.5pt solid; BORDER-LEFT: windowtext 0.5pt solid; BORDER-BOTTOM: windowtext 0.5pt solid;background-color:#fff8e5;padding-left:.5em;padding-right:0.5em;} #title {color:white;background-color:#C1A566;font-weight:bold;} td.str {text-align:center;} --> <\/style>\n<p><strong>JUDr. Andrea Zjarov\u00e1 \u2013 Application procedure<\/strong><br \/> Phone: (+421 55) 234 3319<br \/> e-mail: <a href=\"mailto:andrea.zjarova@upjs.sk\">andrea.zjarova@upjs.sk<\/a><\/p>\n<p><strong>Ing. M\u00e1ria Spi\u0161\u00e1kov\u00e1 \u2013 Transfer students<\/strong><br \/> Phone: (+421 55) 234 3319<br \/> e-mail: <a href=\"mailto:maria.spisakova1@upjs.sk\">maria.spisakova1@upjs.sk<\/a><\/p>\n<p>Pavol Jozef \u0160af\u00e1rik University in Ko\u0161ice<br \/> Faculty of Medicine<br \/> Study Department<br \/> Trieda SNP 1<br \/> 040 11 Ko\u0161ice<br \/> The Slovak Republic<\/p>\n<p><strong>Mgr. Kvetoslava Ma\u0165a\u0161ovsk\u00e1 \u2013 Tuition fee and contracts<\/strong><br \/> Phone: (+421 55) 234 3309<br \/> e-mail: <a href=\"mailto:kvetoslava.matasovska@upjs.sk\">kvetoslava.matasovska@upjs.sk<\/a><br \/>Department of International Relations and Faculty Presentation<\/p>\n<h3>Office Hours of Department of Student Affairs &#038; Department of International Relations and Faculty Presentation<\/h3>\n<p>From <strong>01.09.2018<\/strong> until <strong>17.05.2019<\/strong><\/p>\n<table border=\"0\" cellpadding=\"0\" cellspacing=\"0\">\n<tbody>\n<tr>\n<td width=\"80\">Monday<\/td>\n<td class=\"str\">\u2013<\/td>\n<td>12.30 \u2013 14.30<\/td>\n<\/tr>\n<tr>\n<td>Tuesday<\/td>\n<td>\u00a0 9.00 \u2013 12.00<\/td>\n<td class=\"str\">\u2013<\/td>\n<\/tr>\n<tr>\n<td>Wednesday<\/td>\n<td class=\"str\">\u2013<\/td>\n<td>12.30 \u2013 14.30<\/td>\n<\/tr>\n<tr>\n<td>Thursday<\/td>\n<td>\u00a0 9.00 \u2013 12.00<\/td>\n<td class=\"str\">\u2013<\/td>\n<\/tr>\n<tr>\n<td>Friday<\/td>\n<td class=\"str\" colspan=\"2\">no office hours<\/td>\n<\/tr>\n<\/tbody>\n<\/table>\n<p>\u00a0<\/p>\n<p>From <strong>20.05.2019 <\/strong>until<strong> 31.08.2019<\/strong><\/p>\n<table border=\"0\" cellpadding=\"0\" cellspacing=\"0\">\n<tbody>\n<tr>\n<td width=\"80\">Monday<\/td>\n<td>\u00a0 9.00 \u2013 12.00<\/td>\n<td class=\"str\">\u2013<\/td>\n<\/tr>\n<tr>\n<td>Thursday\u00a0\u00a0\u00a0\u00a0<\/td>\n<td class=\"str\">\u2013<\/td>\n<td>12.30 \u2013 14.30<\/td>\n<\/tr>\n<\/tbody>\n<\/table>\n<p>\u00a0<\/p>\n<p>Thank you for observing office hours.<\/p>\n","protected":false},"excerpt":{"rendered":"<p>JUDr. Andrea Zjarov\u00e1 \u2013 Application procedure Phone: (+421 55) 234 3319 e-mail: andrea.zjarova@upjs.sk Ing. M\u00e1ria Spi\u0161\u00e1kov\u00e1 \u2013 Transfer students Phone: (+421 55) 234 3319 e-mail: maria.spisakova1@upjs.sk Pavol Jozef \u0160af\u00e1rik University in Ko\u0161ice Faculty of Medicine Study Department Trieda SNP 1 040 11 Ko\u0161ice The Slovak Republic Mgr. Kvetoslava Ma\u0165a\u0161ovsk\u00e1 \u2013 Tuition fee and contracts Phone: &hellip; <a href=\"https:\/\/www.upjs.sk\/lekarska-fakulta\/en\/contact-us\/\">Continued<\/a><\/p>\n","protected":false},"author":1,"featured_media":0,"parent":0,"menu_order":31,"comment_status":"closed","ping_status":"closed","template":"","meta":{"_acf_changed":false,"_editorskit_title_hidden":false,"_editorskit_reading_time":0,"_editorskit_is_block_options_detached":false,"_editorskit_block_options_position":"{}","footnotes":""},"categories":[],"tags":[],"class_list":["post-59234","page","type-page","status-publish","hentry"],"acf":{"acf_link_na_externy_obsah":""},"yoast_head":"<!-- This site is optimized with the Yoast SEO plugin v27.4 - https:\/\/yoast.com\/product\/yoast-seo-wordpress\/ -->\n<title>Contact us - Lek\u00e1rska fakulta | UPJ\u0160<\/title>\n<meta name=\"robots\" content=\"index, follow, max-snippet:-1, max-image-preview:large, max-video-preview:-1\" \/>\n<link rel=\"canonical\" href=\"https:\/\/www.upjs.sk\/lekarska-fakulta\/en\/contact-us\/\" \/>\n<meta property=\"og:locale\" content=\"en_US\" \/>\n<meta property=\"og:type\" content=\"article\" \/>\n<meta property=\"og:title\" content=\"Contact us - Lek\u00e1rska fakulta | UPJ\u0160\" \/>\n<meta property=\"og:description\" content=\"JUDr. Andrea Zjarov\u00e1 \u2013 Application procedure Phone: (+421 55) 234 3319 e-mail: andrea.zjarova@upjs.sk Ing. M\u00e1ria Spi\u0161\u00e1kov\u00e1 \u2013 Transfer students Phone: (+421 55) 234 3319 e-mail: maria.spisakova1@upjs.sk Pavol Jozef \u0160af\u00e1rik University in Ko\u0161ice Faculty of Medicine Study Department Trieda SNP 1 040 11 Ko\u0161ice The Slovak Republic Mgr. Kvetoslava Ma\u0165a\u0161ovsk\u00e1 \u2013 Tuition fee and contracts Phone: &hellip; Continued\" \/>\n<meta property=\"og:url\" content=\"https:\/\/www.upjs.sk\/lekarska-fakulta\/en\/contact-us\/\" \/>\n<meta property=\"og:site_name\" content=\"Lek\u00e1rska fakulta | UPJ\u0160\" \/>\n<meta name=\"twitter:card\" content=\"summary_large_image\" \/>\n<script type=\"application\/ld+json\" class=\"yoast-schema-graph\">{\"@context\":\"https:\\\/\\\/schema.org\",\"@graph\":[{\"@type\":\"WebPage\",\"@id\":\"https:\\\/\\\/www.upjs.sk\\\/lekarska-fakulta\\\/en\\\/contact-us\\\/\",\"url\":\"https:\\\/\\\/www.upjs.sk\\\/lekarska-fakulta\\\/en\\\/contact-us\\\/\",\"name\":\"Contact us - Lek\u00e1rska fakulta | UPJ\u0160\",\"isPartOf\":{\"@id\":\"https:\\\/\\\/www.upjs.sk\\\/lekarska-fakulta\\\/en\\\/#website\"},\"datePublished\":\"2018-12-14T13:52:00+00:00\",\"breadcrumb\":{\"@id\":\"https:\\\/\\\/www.upjs.sk\\\/lekarska-fakulta\\\/en\\\/contact-us\\\/#breadcrumb\"},\"inLanguage\":\"en-US\",\"potentialAction\":[{\"@type\":\"ReadAction\",\"target\":[\"https:\\\/\\\/www.upjs.sk\\\/lekarska-fakulta\\\/en\\\/contact-us\\\/\"]}]},{\"@type\":\"BreadcrumbList\",\"@id\":\"https:\\\/\\\/www.upjs.sk\\\/lekarska-fakulta\\\/en\\\/contact-us\\\/#breadcrumb\",\"itemListElement\":[{\"@type\":\"ListItem\",\"position\":1,\"name\":\"Home\",\"item\":\"https:\\\/\\\/www.upjs.sk\\\/lekarska-fakulta\\\/en\\\/\"},{\"@type\":\"ListItem\",\"position\":2,\"name\":\"Contact us\"}]},{\"@type\":\"WebSite\",\"@id\":\"https:\\\/\\\/www.upjs.sk\\\/lekarska-fakulta\\\/en\\\/#website\",\"url\":\"https:\\\/\\\/www.upjs.sk\\\/lekarska-fakulta\\\/en\\\/\",\"name\":\"Lek\u00e1rska fakulta | UPJ\u0160\",\"description\":\"\",\"publisher\":{\"@id\":\"https:\\\/\\\/www.upjs.sk\\\/lekarska-fakulta\\\/en\\\/#organization\"},\"potentialAction\":[{\"@type\":\"SearchAction\",\"target\":{\"@type\":\"EntryPoint\",\"urlTemplate\":\"https:\\\/\\\/www.upjs.sk\\\/lekarska-fakulta\\\/en\\\/?s={search_term_string}\"},\"query-input\":{\"@type\":\"PropertyValueSpecification\",\"valueRequired\":true,\"valueName\":\"search_term_string\"}}],\"inLanguage\":\"en-US\"},{\"@type\":\"Organization\",\"@id\":\"https:\\\/\\\/www.upjs.sk\\\/lekarska-fakulta\\\/en\\\/#organization\",\"name\":\"Lek\u00e1rska fakulta | UPJ\u0160\",\"url\":\"https:\\\/\\\/www.upjs.sk\\\/lekarska-fakulta\\\/en\\\/\",\"logo\":{\"@type\":\"ImageObject\",\"inLanguage\":\"en-US\",\"@id\":\"https:\\\/\\\/www.upjs.sk\\\/lekarska-fakulta\\\/en\\\/#\\\/schema\\\/logo\\\/image\\\/\",\"url\":\"https:\\\/\\\/www.upjs.sk\\\/app\\\/uploads\\\/sites\\\/9\\\/2023\\\/04\\\/LF-eNG_frame.svg\",\"contentUrl\":\"https:\\\/\\\/www.upjs.sk\\\/app\\\/uploads\\\/sites\\\/9\\\/2023\\\/04\\\/LF-eNG_frame.svg\",\"width\":292,\"height\":61,\"caption\":\"Lek\u00e1rska fakulta | UPJ\u0160\"},\"image\":{\"@id\":\"https:\\\/\\\/www.upjs.sk\\\/lekarska-fakulta\\\/en\\\/#\\\/schema\\\/logo\\\/image\\\/\"}}]}<\/script>\n<!-- \/ Yoast SEO plugin. -->","yoast_head_json":{"title":"Contact us - Lek\u00e1rska fakulta | UPJ\u0160","robots":{"index":"index","follow":"follow","max-snippet":"max-snippet:-1","max-image-preview":"max-image-preview:large","max-video-preview":"max-video-preview:-1"},"canonical":"https:\/\/www.upjs.sk\/lekarska-fakulta\/en\/contact-us\/","og_locale":"en_US","og_type":"article","og_title":"Contact us - Lek\u00e1rska fakulta | UPJ\u0160","og_description":"JUDr. Andrea Zjarov\u00e1 \u2013 Application procedure Phone: (+421 55) 234 3319 e-mail: andrea.zjarova@upjs.sk Ing. M\u00e1ria Spi\u0161\u00e1kov\u00e1 \u2013 Transfer students Phone: (+421 55) 234 3319 e-mail: maria.spisakova1@upjs.sk Pavol Jozef \u0160af\u00e1rik University in Ko\u0161ice Faculty of Medicine Study Department Trieda SNP 1 040 11 Ko\u0161ice The Slovak Republic Mgr. Kvetoslava Ma\u0165a\u0161ovsk\u00e1 \u2013 Tuition fee and contracts Phone: &hellip; Continued","og_url":"https:\/\/www.upjs.sk\/lekarska-fakulta\/en\/contact-us\/","og_site_name":"Lek\u00e1rska fakulta | UPJ\u0160","twitter_card":"summary_large_image","schema":{"@context":"https:\/\/schema.org","@graph":[{"@type":"WebPage","@id":"https:\/\/www.upjs.sk\/lekarska-fakulta\/en\/contact-us\/","url":"https:\/\/www.upjs.sk\/lekarska-fakulta\/en\/contact-us\/","name":"Contact us - Lek\u00e1rska fakulta | UPJ\u0160","isPartOf":{"@id":"https:\/\/www.upjs.sk\/lekarska-fakulta\/en\/#website"},"datePublished":"2018-12-14T13:52:00+00:00","breadcrumb":{"@id":"https:\/\/www.upjs.sk\/lekarska-fakulta\/en\/contact-us\/#breadcrumb"},"inLanguage":"en-US","potentialAction":[{"@type":"ReadAction","target":["https:\/\/www.upjs.sk\/lekarska-fakulta\/en\/contact-us\/"]}]},{"@type":"BreadcrumbList","@id":"https:\/\/www.upjs.sk\/lekarska-fakulta\/en\/contact-us\/#breadcrumb","itemListElement":[{"@type":"ListItem","position":1,"name":"Home","item":"https:\/\/www.upjs.sk\/lekarska-fakulta\/en\/"},{"@type":"ListItem","position":2,"name":"Contact us"}]},{"@type":"WebSite","@id":"https:\/\/www.upjs.sk\/lekarska-fakulta\/en\/#website","url":"https:\/\/www.upjs.sk\/lekarska-fakulta\/en\/","name":"Lek\u00e1rska fakulta | UPJ\u0160","description":"","publisher":{"@id":"https:\/\/www.upjs.sk\/lekarska-fakulta\/en\/#organization"},"potentialAction":[{"@type":"SearchAction","target":{"@type":"EntryPoint","urlTemplate":"https:\/\/www.upjs.sk\/lekarska-fakulta\/en\/?s={search_term_string}"},"query-input":{"@type":"PropertyValueSpecification","valueRequired":true,"valueName":"search_term_string"}}],"inLanguage":"en-US"},{"@type":"Organization","@id":"https:\/\/www.upjs.sk\/lekarska-fakulta\/en\/#organization","name":"Lek\u00e1rska fakulta | UPJ\u0160","url":"https:\/\/www.upjs.sk\/lekarska-fakulta\/en\/","logo":{"@type":"ImageObject","inLanguage":"en-US","@id":"https:\/\/www.upjs.sk\/lekarska-fakulta\/en\/#\/schema\/logo\/image\/","url":"https:\/\/www.upjs.sk\/app\/uploads\/sites\/9\/2023\/04\/LF-eNG_frame.svg","contentUrl":"https:\/\/www.upjs.sk\/app\/uploads\/sites\/9\/2023\/04\/LF-eNG_frame.svg","width":292,"height":61,"caption":"Lek\u00e1rska fakulta | UPJ\u0160"},"image":{"@id":"https:\/\/www.upjs.sk\/lekarska-fakulta\/en\/#\/schema\/logo\/image\/"}}]}},"_links":{"self":[{"href":"https:\/\/www.upjs.sk\/lekarska-fakulta\/en\/wp-json\/wp\/v2\/pages\/59234","targetHints":{"allow":["GET"]}}],"collection":[{"href":"https:\/\/www.upjs.sk\/lekarska-fakulta\/en\/wp-json\/wp\/v2\/pages"}],"about":[{"href":"https:\/\/www.upjs.sk\/lekarska-fakulta\/en\/wp-json\/wp\/v2\/types\/page"}],"author":[{"embeddable":true,"href":"https:\/\/www.upjs.sk\/lekarska-fakulta\/en\/wp-json\/wp\/v2\/users\/1"}],"replies":[{"embeddable":true,"href":"https:\/\/www.upjs.sk\/lekarska-fakulta\/en\/wp-json\/wp\/v2\/comments?post=59234"}],"version-history":[{"count":0,"href":"https:\/\/www.upjs.sk\/lekarska-fakulta\/en\/wp-json\/wp\/v2\/pages\/59234\/revisions"}],"wp:attachment":[{"href":"https:\/\/www.upjs.sk\/lekarska-fakulta\/en\/wp-json\/wp\/v2\/media?parent=59234"}],"wp:term":[{"taxonomy":"category","embeddable":true,"href":"https:\/\/www.upjs.sk\/lekarska-fakulta\/en\/wp-json\/wp\/v2\/categories?post=59234"},{"taxonomy":"post_tag","embeddable":true,"href":"https:\/\/www.upjs.sk\/lekarska-fakulta\/en\/wp-json\/wp\/v2\/tags?post=59234"}],"curies":[{"name":"wp","href":"https:\/\/api.w.org\/{rel}","templated":true}]}}