{"id":59243,"date":"2023-02-22T03:30:13","date_gmt":"2023-02-22T02:30:13","guid":{"rendered":"https:\/\/www.upjs.sk\/lekarska-fakulta\/root\/international-relations\/erasmus\/incoming-students\/coordinators\/"},"modified":"2024-08-07T08:18:51","modified_gmt":"2024-08-07T07:18:51","slug":"coordinators","status":"publish","type":"page","link":"https:\/\/www.upjs.sk\/lekarska-fakulta\/en\/international-relations\/erasmus\/incoming-students\/coordinators\/","title":{"rendered":"Coordinators"},"content":{"rendered":"\n<div class=\"wp-block-columns is-style-gapless is-layout-flex wp-container-core-columns-is-layout-9d6595d7 wp-block-columns-is-layout-flex\">\n<div class=\"wp-block-column is-content-justification-left is-layout-constrained wp-container-core-column-is-layout-8c890d92 wp-block-column-is-layout-constrained\" style=\"flex-basis:170px\">\n<figure class=\"wp-block-image size-full\"><img loading=\"lazy\" decoding=\"async\" width=\"267\" height=\"400\" src=\"https:\/\/www.upjs.sk\/app\/uploads\/sites\/9\/2024\/08\/Macejova.jpg\" alt=\"\" class=\"wp-image-116469\" srcset=\"https:\/\/www.upjs.sk\/app\/uploads\/sites\/9\/2024\/08\/Macejova.jpg 267w, https:\/\/www.upjs.sk\/app\/uploads\/sites\/9\/2024\/08\/Macejova-200x300.jpg 200w\" sizes=\"auto, (max-width: 267px) 100vw, 267px\" \/><\/figure>\n<\/div>\n\n\n\n<div class=\"wp-block-column is-vertically-aligned-bottom is-layout-flow wp-block-column-is-layout-flow\" style=\"flex-basis:75%\">\n<p><strong><strong><a href=\"https:\/\/www.upjs.sk\/en\/LF\/employee\/zelmira.macejova\/\" target=\"_blank\" rel=\"noreferrer noopener\">prof. MUDr. \u017delm\u00edra Macejov\u00e1, PhD., MPH<\/a><\/strong><\/strong><br><strong>Vicedean for study programme General medicine in English language<\/strong><br>e-mail: <a href=\"mailto:zelmira.macejova@upjs.sk\" class=\"ek-link\">zelmira.macejova@upjs.sk<\/a><\/p>\n<\/div>\n<\/div>\n\n\n\n<div class=\"wp-block-columns is-style-gapless is-layout-flex wp-container-core-columns-is-layout-9d6595d7 wp-block-columns-is-layout-flex\">\n<div class=\"wp-block-column is-content-justification-left is-layout-constrained wp-container-core-column-is-layout-8c890d92 wp-block-column-is-layout-constrained\" style=\"flex-basis:170px\"><style>.kb-image59243_2a806e-34.kb-image-is-ratio-size, .kb-image59243_2a806e-34 .kb-image-is-ratio-size{max-width:150px;width:100%;}.wp-block-kadence-column > .kt-inside-inner-col > .kb-image59243_2a806e-34.kb-image-is-ratio-size, .wp-block-kadence-column > .kt-inside-inner-col > .kb-image59243_2a806e-34 .kb-image-is-ratio-size{align-self:unset;}.kb-image59243_2a806e-34{max-width:150px;}.image-is-svg.kb-image59243_2a806e-34{-webkit-flex:0 1 100%;flex:0 1 100%;}.image-is-svg.kb-image59243_2a806e-34 img{width:100%;}.kb-image59243_2a806e-34 .kb-image-has-overlay:after{opacity:0.3;}.kb-image59243_2a806e-34 img.kb-img, .kb-image59243_2a806e-34 .kb-img img{box-shadow:6px 6px 12px 0px #C92432;}<\/style>\n<figure class=\"wp-block-kadence-image kb-image59243_2a806e-34 size-full kb-image-is-ratio-size\"><div class=\"kb-is-ratio-image kb-image-ratio-port23\"><img decoding=\"async\" src=\"https:\/\/www.upjs.sk\/app\/uploads\/sites\/9\/2022\/12\/Kizek.jpg\" alt=\"\" class=\"kb-img wp-image-71666\"\/><\/div><\/figure>\n<\/div>\n\n\n\n<div class=\"wp-block-column is-vertically-aligned-bottom is-layout-flow wp-block-column-is-layout-flow\" style=\"flex-basis:75%\">\n<p><strong><a aria-label=\" (opens in a new tab)\" href=\"https:\/\/www.upjs.sk\/LF\/zamestnanec\/peter.kizek\" target=\"_blank\" rel=\"noreferrer noopener\" class=\"ek-link\">MUDr. Peter KIZEK, PhD. MHA, MPH<\/a><\/strong><br><strong>Vicedean for study programme Dental medicine in English language<\/strong><br>e-mail: <a href=\"mailto:peter.kizek@upjs.sk\" class=\"ek-link\">peter.kizek@upjs.sk<\/a><\/p>\n<\/div>\n<\/div>\n\n\n\n<div class=\"wp-block-columns is-style-gapless is-layout-flex wp-container-core-columns-is-layout-9d6595d7 wp-block-columns-is-layout-flex\">\n<div class=\"wp-block-column is-content-justification-left is-layout-constrained wp-container-core-column-is-layout-8c890d92 wp-block-column-is-layout-constrained\" style=\"flex-basis:170px\"><\/div>\n\n\n\n<div class=\"wp-block-column is-vertically-aligned-bottom is-layout-flow wp-block-column-is-layout-flow\" style=\"flex-basis:75%\">\n<p><strong>Responsible contact person:<\/strong><\/p>\n\n\n\n<p><strong><strong><strong>RNDr. Nela Farka\u0161ov\u00e1, PhD.<\/strong><\/strong><\/strong><br>Tel.\/VoIP: +421 55 234 3309<br>e-mail: <a href=\"mailto:nela.farkasova@upjs.sk\" class=\"ek-link\">nela.farkasova@upjs.sk<\/a><\/p>\n<\/div>\n<\/div>\n","protected":false},"excerpt":{"rendered":"<p>prof. MUDr. \u017delm\u00edra Macejov\u00e1, PhD., MPHVicedean for study programme General medicine in English languagee-mail: zelmira.macejova@upjs.sk MUDr. Peter KIZEK, PhD. MHA, MPHVicedean for study programme Dental medicine in English languagee-mail: peter.kizek@upjs.sk Responsible contact person: RNDr. Nela Farka\u0161ov\u00e1, PhD.Tel.\/VoIP: +421 55 234 3309e-mail: nela.farkasova@upjs.sk<\/p>\n","protected":false},"author":1,"featured_media":0,"parent":69458,"menu_order":0,"comment_status":"closed","ping_status":"closed","template":"","meta":{"_acf_changed":false,"_editorskit_title_hidden":false,"_editorskit_reading_time":1,"_editorskit_is_block_options_detached":false,"_editorskit_block_options_position":"{}","footnotes":""},"categories":[],"tags":[],"class_list":["post-59243","page","type-page","status-publish","hentry"],"acf":{"acf_link_na_externy_obsah":""},"yoast_head":"<!-- This site is optimized with the Yoast SEO plugin v27.2 - https:\/\/yoast.com\/product\/yoast-seo-wordpress\/ -->\n<title>Coordinators - Lek\u00e1rska fakulta | UPJ\u0160<\/title>\n<meta name=\"robots\" content=\"index, follow, max-snippet:-1, max-image-preview:large, max-video-preview:-1\" \/>\n<link rel=\"canonical\" href=\"https:\/\/www.upjs.sk\/lekarska-fakulta\/en\/international-relations\/erasmus\/incoming-students\/coordinators\/\" \/>\n<meta property=\"og:locale\" content=\"en_US\" \/>\n<meta property=\"og:type\" content=\"article\" \/>\n<meta property=\"og:title\" content=\"Coordinators - Lek\u00e1rska fakulta | UPJ\u0160\" \/>\n<meta property=\"og:description\" content=\"prof. MUDr. \u017delm\u00edra Macejov\u00e1, PhD., MPHVicedean for study programme General medicine in English languagee-mail: zelmira.macejova@upjs.sk MUDr. Peter KIZEK, PhD. MHA, MPHVicedean for study programme Dental medicine in English languagee-mail: peter.kizek@upjs.sk Responsible contact person: RNDr. Nela Farka\u0161ov\u00e1, PhD.Tel.\/VoIP: +421 55 234 3309e-mail: nela.farkasova@upjs.sk\" \/>\n<meta property=\"og:url\" content=\"https:\/\/www.upjs.sk\/lekarska-fakulta\/en\/international-relations\/erasmus\/incoming-students\/coordinators\/\" \/>\n<meta property=\"og:site_name\" content=\"Lek\u00e1rska fakulta | UPJ\u0160\" \/>\n<meta property=\"article:modified_time\" content=\"2024-08-07T07:18:51+00:00\" \/>\n<meta property=\"og:image\" content=\"https:\/\/www.upjs.sk\/app\/uploads\/sites\/9\/2024\/08\/Macejova.jpg\" \/>\n<meta name=\"twitter:card\" content=\"summary_large_image\" \/>\n<meta name=\"twitter:label1\" content=\"Est. reading time\" \/>\n\t<meta name=\"twitter:data1\" content=\"1 minute\" \/>\n<script type=\"application\/ld+json\" class=\"yoast-schema-graph\">{\"@context\":\"https:\/\/schema.org\",\"@graph\":[{\"@type\":\"WebPage\",\"@id\":\"https:\/\/www.upjs.sk\/lekarska-fakulta\/en\/international-relations\/erasmus\/incoming-students\/coordinators\/\",\"url\":\"https:\/\/www.upjs.sk\/lekarska-fakulta\/en\/international-relations\/erasmus\/incoming-students\/coordinators\/\",\"name\":\"Coordinators - Lek\u00e1rska fakulta | UPJ\u0160\",\"isPartOf\":{\"@id\":\"https:\/\/www.upjs.sk\/lekarska-fakulta\/en\/#website\"},\"primaryImageOfPage\":{\"@id\":\"https:\/\/www.upjs.sk\/lekarska-fakulta\/en\/international-relations\/erasmus\/incoming-students\/coordinators\/#primaryimage\"},\"image\":{\"@id\":\"https:\/\/www.upjs.sk\/lekarska-fakulta\/en\/international-relations\/erasmus\/incoming-students\/coordinators\/#primaryimage\"},\"thumbnailUrl\":\"https:\/\/www.upjs.sk\/app\/uploads\/sites\/9\/2024\/08\/Macejova.jpg\",\"datePublished\":\"2023-02-22T02:30:13+00:00\",\"dateModified\":\"2024-08-07T07:18:51+00:00\",\"breadcrumb\":{\"@id\":\"https:\/\/www.upjs.sk\/lekarska-fakulta\/en\/international-relations\/erasmus\/incoming-students\/coordinators\/#breadcrumb\"},\"inLanguage\":\"en-US\",\"potentialAction\":[{\"@type\":\"ReadAction\",\"target\":[\"https:\/\/www.upjs.sk\/lekarska-fakulta\/en\/international-relations\/erasmus\/incoming-students\/coordinators\/\"]}]},{\"@type\":\"ImageObject\",\"inLanguage\":\"en-US\",\"@id\":\"https:\/\/www.upjs.sk\/lekarska-fakulta\/en\/international-relations\/erasmus\/incoming-students\/coordinators\/#primaryimage\",\"url\":\"https:\/\/www.upjs.sk\/app\/uploads\/sites\/9\/2024\/08\/Macejova.jpg\",\"contentUrl\":\"https:\/\/www.upjs.sk\/app\/uploads\/sites\/9\/2024\/08\/Macejova.jpg\"},{\"@type\":\"BreadcrumbList\",\"@id\":\"https:\/\/www.upjs.sk\/lekarska-fakulta\/en\/international-relations\/erasmus\/incoming-students\/coordinators\/#breadcrumb\",\"itemListElement\":[{\"@type\":\"ListItem\",\"position\":1,\"name\":\"Home\",\"item\":\"https:\/\/www.upjs.sk\/lekarska-fakulta\/en\/\"},{\"@type\":\"ListItem\",\"position\":2,\"name\":\"International Relations\",\"item\":\"https:\/\/www.upjs.sk\/lekarska-fakulta\/en\/international-relations\/\"},{\"@type\":\"ListItem\",\"position\":3,\"name\":\"Erasmus+\",\"item\":\"https:\/\/www.upjs.sk\/lekarska-fakulta\/en\/international-relations\/erasmus\/\"},{\"@type\":\"ListItem\",\"position\":4,\"name\":\"Incoming students\",\"item\":\"https:\/\/www.upjs.sk\/lekarska-fakulta\/en\/international-relations\/erasmus\/incoming-students\/\"},{\"@type\":\"ListItem\",\"position\":5,\"name\":\"Coordinators\"}]},{\"@type\":\"WebSite\",\"@id\":\"https:\/\/www.upjs.sk\/lekarska-fakulta\/en\/#website\",\"url\":\"https:\/\/www.upjs.sk\/lekarska-fakulta\/en\/\",\"name\":\"Lek\u00e1rska fakulta | UPJ\u0160\",\"description\":\"\",\"publisher\":{\"@id\":\"https:\/\/www.upjs.sk\/lekarska-fakulta\/en\/#organization\"},\"potentialAction\":[{\"@type\":\"SearchAction\",\"target\":{\"@type\":\"EntryPoint\",\"urlTemplate\":\"https:\/\/www.upjs.sk\/lekarska-fakulta\/en\/?s={search_term_string}\"},\"query-input\":{\"@type\":\"PropertyValueSpecification\",\"valueRequired\":true,\"valueName\":\"search_term_string\"}}],\"inLanguage\":\"en-US\"},{\"@type\":\"Organization\",\"@id\":\"https:\/\/www.upjs.sk\/lekarska-fakulta\/en\/#organization\",\"name\":\"Lek\u00e1rska fakulta | UPJ\u0160\",\"url\":\"https:\/\/www.upjs.sk\/lekarska-fakulta\/en\/\",\"logo\":{\"@type\":\"ImageObject\",\"inLanguage\":\"en-US\",\"@id\":\"https:\/\/www.upjs.sk\/lekarska-fakulta\/en\/#\/schema\/logo\/image\/\",\"url\":\"https:\/\/www.upjs.sk\/app\/uploads\/sites\/9\/2023\/04\/LF-eNG_frame.svg\",\"contentUrl\":\"https:\/\/www.upjs.sk\/app\/uploads\/sites\/9\/2023\/04\/LF-eNG_frame.svg\",\"width\":292,\"height\":61,\"caption\":\"Lek\u00e1rska fakulta | UPJ\u0160\"},\"image\":{\"@id\":\"https:\/\/www.upjs.sk\/lekarska-fakulta\/en\/#\/schema\/logo\/image\/\"}}]}<\/script>\n<!-- \/ Yoast SEO plugin. -->","yoast_head_json":{"title":"Coordinators - Lek\u00e1rska fakulta | UPJ\u0160","robots":{"index":"index","follow":"follow","max-snippet":"max-snippet:-1","max-image-preview":"max-image-preview:large","max-video-preview":"max-video-preview:-1"},"canonical":"https:\/\/www.upjs.sk\/lekarska-fakulta\/en\/international-relations\/erasmus\/incoming-students\/coordinators\/","og_locale":"en_US","og_type":"article","og_title":"Coordinators - Lek\u00e1rska fakulta | UPJ\u0160","og_description":"prof. MUDr. \u017delm\u00edra Macejov\u00e1, PhD., MPHVicedean for study programme General medicine in English languagee-mail: zelmira.macejova@upjs.sk MUDr. Peter KIZEK, PhD. MHA, MPHVicedean for study programme Dental medicine in English languagee-mail: peter.kizek@upjs.sk Responsible contact person: RNDr. Nela Farka\u0161ov\u00e1, PhD.Tel.\/VoIP: +421 55 234 3309e-mail: nela.farkasova@upjs.sk","og_url":"https:\/\/www.upjs.sk\/lekarska-fakulta\/en\/international-relations\/erasmus\/incoming-students\/coordinators\/","og_site_name":"Lek\u00e1rska fakulta | UPJ\u0160","article_modified_time":"2024-08-07T07:18:51+00:00","og_image":[{"url":"https:\/\/www.upjs.sk\/app\/uploads\/sites\/9\/2024\/08\/Macejova.jpg","type":"","width":"","height":""}],"twitter_card":"summary_large_image","twitter_misc":{"Est. reading time":"1 minute"},"schema":{"@context":"https:\/\/schema.org","@graph":[{"@type":"WebPage","@id":"https:\/\/www.upjs.sk\/lekarska-fakulta\/en\/international-relations\/erasmus\/incoming-students\/coordinators\/","url":"https:\/\/www.upjs.sk\/lekarska-fakulta\/en\/international-relations\/erasmus\/incoming-students\/coordinators\/","name":"Coordinators - Lek\u00e1rska fakulta | UPJ\u0160","isPartOf":{"@id":"https:\/\/www.upjs.sk\/lekarska-fakulta\/en\/#website"},"primaryImageOfPage":{"@id":"https:\/\/www.upjs.sk\/lekarska-fakulta\/en\/international-relations\/erasmus\/incoming-students\/coordinators\/#primaryimage"},"image":{"@id":"https:\/\/www.upjs.sk\/lekarska-fakulta\/en\/international-relations\/erasmus\/incoming-students\/coordinators\/#primaryimage"},"thumbnailUrl":"https:\/\/www.upjs.sk\/app\/uploads\/sites\/9\/2024\/08\/Macejova.jpg","datePublished":"2023-02-22T02:30:13+00:00","dateModified":"2024-08-07T07:18:51+00:00","breadcrumb":{"@id":"https:\/\/www.upjs.sk\/lekarska-fakulta\/en\/international-relations\/erasmus\/incoming-students\/coordinators\/#breadcrumb"},"inLanguage":"en-US","potentialAction":[{"@type":"ReadAction","target":["https:\/\/www.upjs.sk\/lekarska-fakulta\/en\/international-relations\/erasmus\/incoming-students\/coordinators\/"]}]},{"@type":"ImageObject","inLanguage":"en-US","@id":"https:\/\/www.upjs.sk\/lekarska-fakulta\/en\/international-relations\/erasmus\/incoming-students\/coordinators\/#primaryimage","url":"https:\/\/www.upjs.sk\/app\/uploads\/sites\/9\/2024\/08\/Macejova.jpg","contentUrl":"https:\/\/www.upjs.sk\/app\/uploads\/sites\/9\/2024\/08\/Macejova.jpg"},{"@type":"BreadcrumbList","@id":"https:\/\/www.upjs.sk\/lekarska-fakulta\/en\/international-relations\/erasmus\/incoming-students\/coordinators\/#breadcrumb","itemListElement":[{"@type":"ListItem","position":1,"name":"Home","item":"https:\/\/www.upjs.sk\/lekarska-fakulta\/en\/"},{"@type":"ListItem","position":2,"name":"International Relations","item":"https:\/\/www.upjs.sk\/lekarska-fakulta\/en\/international-relations\/"},{"@type":"ListItem","position":3,"name":"Erasmus+","item":"https:\/\/www.upjs.sk\/lekarska-fakulta\/en\/international-relations\/erasmus\/"},{"@type":"ListItem","position":4,"name":"Incoming students","item":"https:\/\/www.upjs.sk\/lekarska-fakulta\/en\/international-relations\/erasmus\/incoming-students\/"},{"@type":"ListItem","position":5,"name":"Coordinators"}]},{"@type":"WebSite","@id":"https:\/\/www.upjs.sk\/lekarska-fakulta\/en\/#website","url":"https:\/\/www.upjs.sk\/lekarska-fakulta\/en\/","name":"Lek\u00e1rska fakulta | UPJ\u0160","description":"","publisher":{"@id":"https:\/\/www.upjs.sk\/lekarska-fakulta\/en\/#organization"},"potentialAction":[{"@type":"SearchAction","target":{"@type":"EntryPoint","urlTemplate":"https:\/\/www.upjs.sk\/lekarska-fakulta\/en\/?s={search_term_string}"},"query-input":{"@type":"PropertyValueSpecification","valueRequired":true,"valueName":"search_term_string"}}],"inLanguage":"en-US"},{"@type":"Organization","@id":"https:\/\/www.upjs.sk\/lekarska-fakulta\/en\/#organization","name":"Lek\u00e1rska fakulta | UPJ\u0160","url":"https:\/\/www.upjs.sk\/lekarska-fakulta\/en\/","logo":{"@type":"ImageObject","inLanguage":"en-US","@id":"https:\/\/www.upjs.sk\/lekarska-fakulta\/en\/#\/schema\/logo\/image\/","url":"https:\/\/www.upjs.sk\/app\/uploads\/sites\/9\/2023\/04\/LF-eNG_frame.svg","contentUrl":"https:\/\/www.upjs.sk\/app\/uploads\/sites\/9\/2023\/04\/LF-eNG_frame.svg","width":292,"height":61,"caption":"Lek\u00e1rska fakulta | UPJ\u0160"},"image":{"@id":"https:\/\/www.upjs.sk\/lekarska-fakulta\/en\/#\/schema\/logo\/image\/"}}]}},"_links":{"self":[{"href":"https:\/\/www.upjs.sk\/lekarska-fakulta\/en\/wp-json\/wp\/v2\/pages\/59243","targetHints":{"allow":["GET"]}}],"collection":[{"href":"https:\/\/www.upjs.sk\/lekarska-fakulta\/en\/wp-json\/wp\/v2\/pages"}],"about":[{"href":"https:\/\/www.upjs.sk\/lekarska-fakulta\/en\/wp-json\/wp\/v2\/types\/page"}],"author":[{"embeddable":true,"href":"https:\/\/www.upjs.sk\/lekarska-fakulta\/en\/wp-json\/wp\/v2\/users\/1"}],"replies":[{"embeddable":true,"href":"https:\/\/www.upjs.sk\/lekarska-fakulta\/en\/wp-json\/wp\/v2\/comments?post=59243"}],"version-history":[{"count":4,"href":"https:\/\/www.upjs.sk\/lekarska-fakulta\/en\/wp-json\/wp\/v2\/pages\/59243\/revisions"}],"predecessor-version":[{"id":116474,"href":"https:\/\/www.upjs.sk\/lekarska-fakulta\/en\/wp-json\/wp\/v2\/pages\/59243\/revisions\/116474"}],"up":[{"embeddable":true,"href":"https:\/\/www.upjs.sk\/lekarska-fakulta\/en\/wp-json\/wp\/v2\/pages\/69458"}],"wp:attachment":[{"href":"https:\/\/www.upjs.sk\/lekarska-fakulta\/en\/wp-json\/wp\/v2\/media?parent=59243"}],"wp:term":[{"taxonomy":"category","embeddable":true,"href":"https:\/\/www.upjs.sk\/lekarska-fakulta\/en\/wp-json\/wp\/v2\/categories?post=59243"},{"taxonomy":"post_tag","embeddable":true,"href":"https:\/\/www.upjs.sk\/lekarska-fakulta\/en\/wp-json\/wp\/v2\/tags?post=59243"}],"curies":[{"name":"wp","href":"https:\/\/api.w.org\/{rel}","templated":true}]}}