{"id":69157,"date":"2022-06-30T08:55:49","date_gmt":"2022-06-30T07:55:49","guid":{"rendered":"https:\/\/www.upjs.sk\/lekarska-fakulta\/about-faculty\/videos\/"},"modified":"2026-02-10T12:15:13","modified_gmt":"2026-02-10T11:15:13","slug":"videos","status":"publish","type":"page","link":"https:\/\/www.upjs.sk\/lekarska-fakulta\/en\/about-faculty\/public-relations\/videos\/","title":{"rendered":"Videos"},"content":{"rendered":"\n<ul class=\"wp-block-list\">\n<li><a href=\"https:\/\/www.youtube.com\/watch?v=_Lt1p9q6wyA\">UPJ\u0160 Faculty of Medicine and RUG University: 25 Years of Collaboration Bringing New Opportunities<\/a> (2024)<\/li>\n\n\n\n<li><a href=\"https:\/\/www.youtube.com\/watch?v=nB3erZ3u-iI\" target=\"_blank\" aria-label=\"75th anniversary of the establishment of the Faculty of Medicine, UPJ\u0160 (2023) (opens in a new tab)\" rel=\"noreferrer noopener\" class=\"ek-link\">75th anniversary of the establishment of the Faculty of Medicine, UPJ\u0160 <\/a>(2023)<\/li>\n\n\n\n<li><a href=\"https:\/\/www.youtube.com\/watch?v=TvU6TB0haLc\">Welcome to UPJ\u0160 FM<\/a> (2022)<\/li>\n\n\n\n<li><a href=\"https:\/\/www.youtube.com\/watch?v=OlJxBuRqozA\">Presentation of the Center of Simulator and Virtual Medicine at UPJ\u0160 FM<\/a> (2022)<\/li>\n\n\n\n<li><a href=\"https:\/\/www.youtube.com\/watch?v=4eNc-0q9f3o\" target=\"_blank\" rel=\"noopener\">A view of the UPJ\u0160 Faculty of Medicine building<\/a> (2021)<\/li>\n\n\n\n<li><a href=\"https:\/\/youtu.be\/sf0f0FowbM0\" target=\"_blank\" rel=\"noopener\">Christmas and New Year&#8217;s speech given by the dean of UPJS MF prof. MUDr. Daniel Pella, PhD<\/a> (2020)<\/li>\n\n\n\n<li><a href=\"https:\/\/youtu.be\/siCyGCDTBCY\" target=\"_blank\" rel=\"noopener\">UPJS MF\u00b4s building recorded by drone by ours foreign students<\/a> (2020)<\/li>\n\n\n\n<li><a href=\"https:\/\/www.youtube.com\/watch?v=AD9zD5I5L4w\">Why the Faculty of Medicine at Pavol Jozef \u0160af\u00e1rik Univerzity in Ko\u0161ice? (Ahmad &#8211; Iran, Maroun &#8211; Lebanon)<\/a> (2019)<\/li>\n\n\n\n<li><a href=\"https:\/\/www.youtube.com\/watch?v=rSbDF7pAx1c\">Why the Faculty of Medicine at Pavol Jozef \u0160af\u00e1rik Univerzity in Ko\u0161ice? (Guzm\u00e1n &#8211; Spain)<\/a> (2019)<\/li>\n\n\n\n<li><a href=\"https:\/\/www.youtube.com\/watch?v=--CweCwu4GM\">Why the Faculty of Medicine at Pavol Jozef \u0160af\u00e1rik Univerzity in Ko\u0161ice? (Jan Piotr &#8211; Poland)<\/a> (2019)<\/li>\n\n\n\n<li><a href=\"https:\/\/www.youtube.com\/watch?v=jSCvc_-L0q0\">Why the Faculty of Medicine at Pavol Jozef \u0160af\u00e1rik Univerzity in Ko\u0161ice? (Ana Lucia &#8211; Spain)<\/a> (2019)<\/li>\n\n\n\n<li><a href=\"https:\/\/www.youtube.com\/watch?v=XZt--3frWY0\">Why the Faculty of Medicine at Pavol Jozef \u0160af\u00e1rik Univerzity in Ko\u0161ice? (Sameera &#8211; Afghanistan)<\/a> (2019)<\/li>\n\n\n\n<li><a href=\"https:\/\/www.youtube.com\/watch?v=g5uackpW9IE\">Why the Faculty of Medicine at Pavol Jozef \u0160af\u00e1rik Univerzity in Ko\u0161ice? (Firas &#8211; Syria)<\/a> (2019)<\/li>\n\n\n\n<li><a href=\"http:\/\/www.youtube.com\/watch?v=X8vJUWGd-Y0\">The 70th Anniversary of the Establishment of the Faculty of Medicine, UPJS<\/a> (2018)<\/li>\n\n\n\n<li><a href=\"https:\/\/www.youtube.com\/watch?v=Ocd2xGE8t98\">Ceremonial Presentation of University Science Park &#8211; Medipark<\/a> (2018)<\/li>\n\n\n\n<li><a href=\"https:\/\/www.youtube.com\/watch?v=j0cPxBd1TLY\">The MEDIPARK \u2013 Metabolism, atherosclerosis and ageing<\/a> (2018)<\/li>\n\n\n\n<li><a href=\"https:\/\/www.youtube.com\/watch?v=73wQAAULxk0\">The MEDIPARK \u2013 Pharmacogenetics and personalized therapy<\/a> (2018)<\/li>\n\n\n\n<li><a href=\"https:\/\/www.youtube.com\/watch?v=Kdyqf8B0M_Q\">The MEDIPARK \u2013 Zoonozes and important infectious diseases<\/a> (2018)<\/li>\n\n\n\n<li><a href=\"https:\/\/www.youtube.com\/watch?v=c6Ks0duUDeY\">The MEDIPARK &#8211; Regenerative and reproductive medicine<\/a> (2018)<\/li>\n\n\n\n<li><a href=\"https:\/\/www.youtube.com\/watch?v=DThfNgPcGrA\">The MEDIPARK \u2013 Neurosciences<\/a> (2018)<\/li>\n\n\n\n<li><a href=\"https:\/\/www.youtube.com\/watch?v=0_8K9DREtpA\">What\u00b4s the MEDIPARK<\/a> (2018)<\/li>\n\n\n\n<li><a href=\"https:\/\/www.youtube.com\/watch?v=prFGzFqimm8\">Why the Faculty of Medicine at Pavol Jozef \u0160af\u00e1rik Univerzity in Ko\u0161ice? (Petr &#8211; USA)<\/a> (2018)<\/li>\n\n\n\n<li><a href=\"https:\/\/youtu.be\/Kv3kf3FF7ww\">Why the Faculty of Medicine at Pavol Jozef \u0160af\u00e1rik Univerzity in Ko\u0161ice? (Hisham &#8211; State of Israel)<\/a> (2018)<\/li>\n\n\n\n<li><a href=\"https:\/\/www.youtube.com\/watch?v=jk-vjGOpmsQ\">Why the Faculty of Medicine at Pavol Jozef \u0160af\u00e1rik Univerzity in Ko\u0161ice? (Teresa &#8211; Portuguese Republic)<\/a> (2018)<\/li>\n\n\n\n<li><a href=\"https:\/\/www.youtube.com\/watch?v=DZJM5H8jyWU\">Why the Faculty of Medicine at Pavol Jozef \u0160af\u00e1rik Univerzity in Ko\u0161ice? (Raya &#8211; State of Israel) <\/a>(2018)<\/li>\n\n\n\n<li><a href=\"https:\/\/www.youtube.com\/watch?v=7QgCF2gO_eQ\">Why the Faculty of Medicine at Pavol Jozef \u0160af\u00e1rik Univerzity in Ko\u0161ice? (B\u0142a\u017eej &#8211; Republic of Poland)<\/a> (2018)<\/li>\n\n\n\n<li><a href=\"https:\/\/www.youtube.com\/watch?v=iWar6C2sqKI\">Why the Faculty of Medicine at Pavol Jozef \u0160af\u00e1rik Univerzity in Ko\u0161ice? (Lena &#8211; The Grand Duchy of Luxembourg)<\/a> (2018)<\/li>\n\n\n\n<li><a href=\"https:\/\/www.youtube.com\/watch?v=jk-vjGOpmsQ\">Why the Faculty of Medicine at Pavol Jozef \u0160af\u00e1rik Univerzity in Ko\u0161ice? (Joaquim &#8211; Portuguese Republic)<\/a> (2018)<\/li>\n\n\n\n<li><a href=\"https:\/\/www.youtube.com\/watch?v=n4N8bBdkdXE\">Presentation video of Pavol Jozef \u0160af\u00e1rik University in Ko\u0161ice, The Faculty of Medicine<\/a> (2017)<\/li>\n\n\n\n<li><a href=\"https:\/\/www.youtube.com\/watch?v=e9AEil8tBvQ\">Sample No. 82: Profile of the research team, Department of Experimental Medicine, Faculty of Medicine, Pavol Jozef \u0160af\u00e1rik University in Ko\u0161ice<\/a> (2017)<\/li>\n\n\n\n<li><a href=\"https:\/\/www.youtube.com\/watch?v=9WcbnWRYfcE\">Open Day at the Faculty of Medicine, UPJ\u0160<\/a> (2017)<\/li>\n\n\n\n<li><a href=\"https:\/\/www.youtube.com\/watch?v=mhGn9wVi_HE\">Study medicine in Kosice: PROMO<\/a> (2016)<\/li>\n\n\n\n<li><a href=\"https:\/\/www.youtube.com\/watch?v=cuPwyRLOS5s\">Pavol Jozef \u0160af\u00e1rik University in Ko\u0161ice<\/a> (2016)<\/li>\n\n\n\n<li><a href=\"https:\/\/youtu.be\/Tyn-S4efETY\">MEET KOSICE 2016<\/a><\/li>\n\n\n\n<li><a href=\"https:\/\/www.youtube.com\/watch?v=ptHqYXa31L4\">Medizinstudium in Kosice, Slowakei: Interview mit deutschen Studenten<\/a> (2016)<\/li>\n\n\n\n<li><a href=\"https:\/\/www.youtube.com\/watch?v=xVQ85Jh1C4w\">What Sari likes the most about the UPJ\u0160 MF<\/a> (2016)<\/li>\n\n\n\n<li><a href=\"https:\/\/www.youtube.com\/watch?v=FpQuBL_Vwvk\">Abbiamo chiesto agli studenti come si trovano nella Facolta di Medicina a Ko\u0161ice, Slovacchia<\/a> (2016)<\/li>\n\n\n\n<li><a href=\"https:\/\/www.youtube.com\/watch?v=U-25SFfbW_k\">Agnese ci racconta la sua esperienza alla UPJ\u0160 a Ko\u0161ice<\/a> (2016)<\/li>\n\n\n\n<li><a href=\"https:\/\/www.youtube.com\/watch?v=r-eCP2fOW6I\">Perche studiare Medicina in Slovacchia<\/a> (2016)<\/li>\n\n\n\n<li><a href=\"https:\/\/www.youtube.com\/watch?v=iLYFgbqQOmg\">Medicor Tutor asked students about their life and studies at the Faculty of Medicine, University of Pavol Jozef \u0160af\u00e1rik in Ko\u0161ice<\/a> (2015)<\/li>\n\n\n\n<li><a href=\"https:\/\/www.youtube.com\/watch?v=MHrR3lz4IEg\">Medicor Tutor \u2013 Por qu\u00e9 estudiar en Universidad Pavol Jozef \u0160af\u00e1rik de Ko\u0161ice, Facultad de Medicina y Odontolog\u00eda?<\/a> (2015)<\/li>\n\n\n\n<li><a href=\"https:\/\/www.youtube.com\/watch?v=QdWWcdF2asc\">Medicor Tutor presents Faculty of Medicine, Pavol Jozef Safarik University in Kosice<\/a> (2015)<\/li>\n\n\n\n<li><a href=\"https:\/\/www.youtube.com\/watch?v=bfVmfA8prZQ\">Faculty of Medicine, Pavol Jozef Safarik University &#8211; \u201ahappy video\u2018 of graduates<\/a> (2014)<\/li>\n\n\n\n<li><a href=\"https:\/\/www.youtube.com\/watch?v=q6YN8mSybp0\">Presentation video of Pavol Jozef \u0160af\u00e1rik University in Ko\u0161ice, The Faculty of Medicine<\/a> (2014)<\/li>\n\n\n\n<li><a href=\"https:\/\/www.youtube.com\/watch?v=18PftZp3wOo\">Ko\u0161ice city \u2013 presentation video<\/a><\/li>\n\n\n\n<li><a href=\"http:\/\/www.youtube.com\/watch?v=X8vJUWGd-Y0\">The 70th Anniversary of the Establishment of the Faculty of Medicine, UPJS<\/a> (2018)<\/li>\n\n\n\n<li><a href=\"https:\/\/www.youtube.com\/watch?v=prFGzFqimm8\">Why the Faculty of Medicine at Pavol Jozef \u0160af\u00e1rik Univerzity in Ko\u0161ice? (Petr &#8211; USA)<\/a> (2018)<\/li>\n\n\n\n<li><a href=\" https:\/\/youtu.be\/Kv3kf3FF7ww\">Why the Faculty of Medicine at Pavol Jozef \u0160af\u00e1rik Univerzity in Ko\u0161ice? (Hisham &#8211; State of Israel)<\/a> (2018)<\/li>\n\n\n\n<li><a href=\"https:\/\/www.youtube.com\/watch?v=jk-vjGOpmsQ\">Why the Faculty of Medicine at Pavol Jozef \u0160af\u00e1rik Univerzity in Ko\u0161ice? (Teresa &#8211; Portuguese Republic)<\/a> (2018)<\/li>\n\n\n\n<li><a href=\"https:\/\/www.youtube.com\/watch?v=DZJM5H8jyWU\">Why the Faculty of Medicine at Pavol Jozef \u0160af\u00e1rik Univerzity in Ko\u0161ice? (Raya &#8211; State of Israel) <\/a>(2018)<\/li>\n\n\n\n<li><a href=\"https:\/\/www.youtube.com\/watch?v=7QgCF2gO_eQ\">Why the Faculty of Medicine at Pavol Jozef \u0160af\u00e1rik Univerzity in Ko\u0161ice? (B\u0142a\u017eej &#8211; Republic of Poland)<\/a> (2018)<\/li>\n\n\n\n<li><a href=\"https:\/\/www.youtube.com\/watch?v=iWar6C2sqKI\">Why the Faculty of Medicine at Pavol Jozef \u0160af\u00e1rik Univerzity in Ko\u0161ice? (Lena &#8211; The Grand Duchy of Luxembourg)<\/a> (2018)<\/li>\n\n\n\n<li><a href=\"https:\/\/www.youtube.com\/watch?v=jk-vjGOpmsQ\">Why the Faculty of Medicine at Pavol Jozef \u0160af\u00e1rik Univerzity in Ko\u0161ice? (Joaquim &#8211; Portuguese Republic)<\/a> (2018)<\/li>\n\n\n\n<li><a href=\"https:\/\/www.youtube.com\/watch?v=n4N8bBdkdXE\">Presentation video of Pavol Jozef \u0160af\u00e1rik University in Ko\u0161ice, The Faculty of Medicine<\/a> (2017)<\/li>\n\n\n\n<li><a href=\"https:\/\/www.youtube.com\/watch?v=e9AEil8tBvQ\">Sample No. 82: Profile of the research team, Department of Experimental Medicine, Faculty of Medicine, Pavol Jozef \u0160af\u00e1rik University in Ko\u0161ice<\/a> (2017)<\/li>\n\n\n\n<li><a href=\"https:\/\/www.youtube.com\/watch?v=9WcbnWRYfcE\">Open Day at the Faculty of Medicine, UPJ\u0160<\/a> (2017)<\/li>\n\n\n\n<li><a href=\"https:\/\/www.youtube.com\/watch?v=mhGn9wVi_HE\">Study medicine in Kosice: PROMO<\/a> (2016)<\/li>\n\n\n\n<li><a href=\"https:\/\/www.youtube.com\/watch?v=cuPwyRLOS5s\">Pavol Jozef \u0160af\u00e1rik University in Ko\u0161ice<\/a> (2016)<\/li>\n\n\n\n<li><a href=\"https:\/\/youtu.be\/Tyn-S4efETY\">MEET KOSICE 2016<\/a><\/li>\n\n\n\n<li><a href=\"https:\/\/www.youtube.com\/watch?v=ptHqYXa31L4\">Medizinstudium in Kosice, Slowakei: Interview mit deutschen Studenten<\/a> (2016)<\/li>\n\n\n\n<li><a href=\"https:\/\/www.youtube.com\/watch?v=xVQ85Jh1C4w\">What Sari likes the most about the UPJ\u0160 MF<\/a> (2016)<\/li>\n\n\n\n<li><a href=\"https:\/\/www.youtube.com\/watch?v=FpQuBL_Vwvk\">Abbiamo chiesto agli studenti come si trovano nella Facolta di Medicina a Ko\u0161ice, Slovacchia<\/a> (2016)<\/li>\n\n\n\n<li><a href=\"https:\/\/www.youtube.com\/watch?v=U-25SFfbW_k\">Agnese ci racconta la sua esperienza alla UPJ\u0160 a Ko\u0161ice<\/a> (2016)<\/li>\n\n\n\n<li><a href=\"https:\/\/www.youtube.com\/watch?v=r-eCP2fOW6I\">Perche studiare Medicina in Slovacchia<\/a> (2016)<\/li>\n\n\n\n<li><a href=\"https:\/\/www.youtube.com\/watch?v=iLYFgbqQOmg\">Medicor Tutor asked students about their life and studies at the Faculty of Medicine, University of Pavol Jozef \u0160af\u00e1rik in Ko\u0161ice<\/a> (2015)<\/li>\n\n\n\n<li><a href=\"https:\/\/www.youtube.com\/watch?v=MHrR3lz4IEg\">Medicor Tutor \u2013 Por qu\u00e9 estudiar en Universidad Pavol Jozef \u0160af\u00e1rik de Ko\u0161ice, Facultad de Medicina y Odontolog\u00eda?<\/a> (2015)<\/li>\n\n\n\n<li><a href=\"https:\/\/www.youtube.com\/watch?v=QdWWcdF2asc\">Medicor Tutor presents Faculty of Medicine, Pavol Jozef Safarik University in Kosice<\/a> (2015)<\/li>\n\n\n\n<li><a href=\"https:\/\/www.youtube.com\/watch?v=bfVmfA8prZQ\">Faculty of Medicine, Pavol Jozef Safarik University &#8211; \u201ahappy video\u2018 of graduates<\/a> (2014)<\/li>\n\n\n\n<li><a href=\"https:\/\/www.youtube.com\/watch?v=q6YN8mSybp0\">Presentation video of Pavol Jozef \u0160af\u00e1rik University in Ko\u0161ice, The Faculty of Medicine<\/a> (2014)<\/li>\n\n\n\n<li><a href=\"https:\/\/www.youtube.com\/watch?v=18PftZp3wOo\">Ko\u0161ice city \u2013 presentation video<\/a><\/li>\n<\/ul>\n","protected":false},"excerpt":{"rendered":"","protected":false},"author":1,"featured_media":0,"parent":69503,"menu_order":1,"comment_status":"closed","ping_status":"closed","template":"","meta":{"_acf_changed":false,"_editorskit_title_hidden":false,"_editorskit_reading_time":3,"_editorskit_is_block_options_detached":false,"_editorskit_block_options_position":"{}","footnotes":""},"categories":[],"tags":[],"class_list":["post-69157","page","type-page","status-publish","hentry"],"acf":{"acf_link_na_externy_obsah":""},"yoast_head":"<!-- This site is optimized with the Yoast SEO plugin v27.4 - https:\/\/yoast.com\/product\/yoast-seo-wordpress\/ -->\n<title>Videos - Lek\u00e1rska fakulta | UPJ\u0160<\/title>\n<meta name=\"robots\" content=\"index, follow, max-snippet:-1, max-image-preview:large, max-video-preview:-1\" \/>\n<link rel=\"canonical\" href=\"https:\/\/www.upjs.sk\/lekarska-fakulta\/en\/about-faculty\/public-relations\/videos\/\" \/>\n<meta property=\"og:locale\" content=\"en_US\" \/>\n<meta property=\"og:type\" content=\"article\" \/>\n<meta property=\"og:title\" content=\"Videos - Lek\u00e1rska fakulta | UPJ\u0160\" \/>\n<meta property=\"og:url\" content=\"https:\/\/www.upjs.sk\/lekarska-fakulta\/en\/about-faculty\/public-relations\/videos\/\" \/>\n<meta property=\"og:site_name\" content=\"Lek\u00e1rska fakulta | UPJ\u0160\" \/>\n<meta property=\"article:modified_time\" content=\"2026-02-10T11:15:13+00:00\" \/>\n<meta name=\"twitter:card\" content=\"summary_large_image\" \/>\n<meta name=\"twitter:label1\" content=\"Est. reading time\" \/>\n\t<meta name=\"twitter:data1\" content=\"5 minutes\" \/>\n<script type=\"application\/ld+json\" class=\"yoast-schema-graph\">{\"@context\":\"https:\\\/\\\/schema.org\",\"@graph\":[{\"@type\":\"WebPage\",\"@id\":\"https:\\\/\\\/www.upjs.sk\\\/lekarska-fakulta\\\/en\\\/about-faculty\\\/public-relations\\\/videos\\\/\",\"url\":\"https:\\\/\\\/www.upjs.sk\\\/lekarska-fakulta\\\/en\\\/about-faculty\\\/public-relations\\\/videos\\\/\",\"name\":\"Videos - Lek\u00e1rska fakulta | UPJ\u0160\",\"isPartOf\":{\"@id\":\"https:\\\/\\\/www.upjs.sk\\\/lekarska-fakulta\\\/en\\\/#website\"},\"datePublished\":\"2022-06-30T07:55:49+00:00\",\"dateModified\":\"2026-02-10T11:15:13+00:00\",\"breadcrumb\":{\"@id\":\"https:\\\/\\\/www.upjs.sk\\\/lekarska-fakulta\\\/en\\\/about-faculty\\\/public-relations\\\/videos\\\/#breadcrumb\"},\"inLanguage\":\"en-US\",\"potentialAction\":[{\"@type\":\"ReadAction\",\"target\":[\"https:\\\/\\\/www.upjs.sk\\\/lekarska-fakulta\\\/en\\\/about-faculty\\\/public-relations\\\/videos\\\/\"]}]},{\"@type\":\"BreadcrumbList\",\"@id\":\"https:\\\/\\\/www.upjs.sk\\\/lekarska-fakulta\\\/en\\\/about-faculty\\\/public-relations\\\/videos\\\/#breadcrumb\",\"itemListElement\":[{\"@type\":\"ListItem\",\"position\":1,\"name\":\"Home\",\"item\":\"https:\\\/\\\/www.upjs.sk\\\/lekarska-fakulta\\\/en\\\/\"},{\"@type\":\"ListItem\",\"position\":2,\"name\":\"About Faculty\",\"item\":\"https:\\\/\\\/www.upjs.sk\\\/lekarska-fakulta\\\/en\\\/about-faculty\\\/\"},{\"@type\":\"ListItem\",\"position\":3,\"name\":\"Public Relations\",\"item\":\"https:\\\/\\\/www.upjs.sk\\\/lekarska-fakulta\\\/en\\\/about-faculty\\\/public-relations\\\/\"},{\"@type\":\"ListItem\",\"position\":4,\"name\":\"Videos\"}]},{\"@type\":\"WebSite\",\"@id\":\"https:\\\/\\\/www.upjs.sk\\\/lekarska-fakulta\\\/en\\\/#website\",\"url\":\"https:\\\/\\\/www.upjs.sk\\\/lekarska-fakulta\\\/en\\\/\",\"name\":\"Lek\u00e1rska fakulta | UPJ\u0160\",\"description\":\"\",\"publisher\":{\"@id\":\"https:\\\/\\\/www.upjs.sk\\\/lekarska-fakulta\\\/en\\\/#organization\"},\"potentialAction\":[{\"@type\":\"SearchAction\",\"target\":{\"@type\":\"EntryPoint\",\"urlTemplate\":\"https:\\\/\\\/www.upjs.sk\\\/lekarska-fakulta\\\/en\\\/?s={search_term_string}\"},\"query-input\":{\"@type\":\"PropertyValueSpecification\",\"valueRequired\":true,\"valueName\":\"search_term_string\"}}],\"inLanguage\":\"en-US\"},{\"@type\":\"Organization\",\"@id\":\"https:\\\/\\\/www.upjs.sk\\\/lekarska-fakulta\\\/en\\\/#organization\",\"name\":\"Lek\u00e1rska fakulta | UPJ\u0160\",\"url\":\"https:\\\/\\\/www.upjs.sk\\\/lekarska-fakulta\\\/en\\\/\",\"logo\":{\"@type\":\"ImageObject\",\"inLanguage\":\"en-US\",\"@id\":\"https:\\\/\\\/www.upjs.sk\\\/lekarska-fakulta\\\/en\\\/#\\\/schema\\\/logo\\\/image\\\/\",\"url\":\"https:\\\/\\\/www.upjs.sk\\\/app\\\/uploads\\\/sites\\\/9\\\/2023\\\/04\\\/LF-eNG_frame.svg\",\"contentUrl\":\"https:\\\/\\\/www.upjs.sk\\\/app\\\/uploads\\\/sites\\\/9\\\/2023\\\/04\\\/LF-eNG_frame.svg\",\"width\":292,\"height\":61,\"caption\":\"Lek\u00e1rska fakulta | UPJ\u0160\"},\"image\":{\"@id\":\"https:\\\/\\\/www.upjs.sk\\\/lekarska-fakulta\\\/en\\\/#\\\/schema\\\/logo\\\/image\\\/\"}}]}<\/script>\n<!-- \/ Yoast SEO plugin. -->","yoast_head_json":{"title":"Videos - Lek\u00e1rska fakulta | UPJ\u0160","robots":{"index":"index","follow":"follow","max-snippet":"max-snippet:-1","max-image-preview":"max-image-preview:large","max-video-preview":"max-video-preview:-1"},"canonical":"https:\/\/www.upjs.sk\/lekarska-fakulta\/en\/about-faculty\/public-relations\/videos\/","og_locale":"en_US","og_type":"article","og_title":"Videos - Lek\u00e1rska fakulta | UPJ\u0160","og_url":"https:\/\/www.upjs.sk\/lekarska-fakulta\/en\/about-faculty\/public-relations\/videos\/","og_site_name":"Lek\u00e1rska fakulta | UPJ\u0160","article_modified_time":"2026-02-10T11:15:13+00:00","twitter_card":"summary_large_image","twitter_misc":{"Est. reading time":"5 minutes"},"schema":{"@context":"https:\/\/schema.org","@graph":[{"@type":"WebPage","@id":"https:\/\/www.upjs.sk\/lekarska-fakulta\/en\/about-faculty\/public-relations\/videos\/","url":"https:\/\/www.upjs.sk\/lekarska-fakulta\/en\/about-faculty\/public-relations\/videos\/","name":"Videos - Lek\u00e1rska fakulta | UPJ\u0160","isPartOf":{"@id":"https:\/\/www.upjs.sk\/lekarska-fakulta\/en\/#website"},"datePublished":"2022-06-30T07:55:49+00:00","dateModified":"2026-02-10T11:15:13+00:00","breadcrumb":{"@id":"https:\/\/www.upjs.sk\/lekarska-fakulta\/en\/about-faculty\/public-relations\/videos\/#breadcrumb"},"inLanguage":"en-US","potentialAction":[{"@type":"ReadAction","target":["https:\/\/www.upjs.sk\/lekarska-fakulta\/en\/about-faculty\/public-relations\/videos\/"]}]},{"@type":"BreadcrumbList","@id":"https:\/\/www.upjs.sk\/lekarska-fakulta\/en\/about-faculty\/public-relations\/videos\/#breadcrumb","itemListElement":[{"@type":"ListItem","position":1,"name":"Home","item":"https:\/\/www.upjs.sk\/lekarska-fakulta\/en\/"},{"@type":"ListItem","position":2,"name":"About Faculty","item":"https:\/\/www.upjs.sk\/lekarska-fakulta\/en\/about-faculty\/"},{"@type":"ListItem","position":3,"name":"Public Relations","item":"https:\/\/www.upjs.sk\/lekarska-fakulta\/en\/about-faculty\/public-relations\/"},{"@type":"ListItem","position":4,"name":"Videos"}]},{"@type":"WebSite","@id":"https:\/\/www.upjs.sk\/lekarska-fakulta\/en\/#website","url":"https:\/\/www.upjs.sk\/lekarska-fakulta\/en\/","name":"Lek\u00e1rska fakulta | UPJ\u0160","description":"","publisher":{"@id":"https:\/\/www.upjs.sk\/lekarska-fakulta\/en\/#organization"},"potentialAction":[{"@type":"SearchAction","target":{"@type":"EntryPoint","urlTemplate":"https:\/\/www.upjs.sk\/lekarska-fakulta\/en\/?s={search_term_string}"},"query-input":{"@type":"PropertyValueSpecification","valueRequired":true,"valueName":"search_term_string"}}],"inLanguage":"en-US"},{"@type":"Organization","@id":"https:\/\/www.upjs.sk\/lekarska-fakulta\/en\/#organization","name":"Lek\u00e1rska fakulta | UPJ\u0160","url":"https:\/\/www.upjs.sk\/lekarska-fakulta\/en\/","logo":{"@type":"ImageObject","inLanguage":"en-US","@id":"https:\/\/www.upjs.sk\/lekarska-fakulta\/en\/#\/schema\/logo\/image\/","url":"https:\/\/www.upjs.sk\/app\/uploads\/sites\/9\/2023\/04\/LF-eNG_frame.svg","contentUrl":"https:\/\/www.upjs.sk\/app\/uploads\/sites\/9\/2023\/04\/LF-eNG_frame.svg","width":292,"height":61,"caption":"Lek\u00e1rska fakulta | UPJ\u0160"},"image":{"@id":"https:\/\/www.upjs.sk\/lekarska-fakulta\/en\/#\/schema\/logo\/image\/"}}]}},"_links":{"self":[{"href":"https:\/\/www.upjs.sk\/lekarska-fakulta\/en\/wp-json\/wp\/v2\/pages\/69157","targetHints":{"allow":["GET"]}}],"collection":[{"href":"https:\/\/www.upjs.sk\/lekarska-fakulta\/en\/wp-json\/wp\/v2\/pages"}],"about":[{"href":"https:\/\/www.upjs.sk\/lekarska-fakulta\/en\/wp-json\/wp\/v2\/types\/page"}],"author":[{"embeddable":true,"href":"https:\/\/www.upjs.sk\/lekarska-fakulta\/en\/wp-json\/wp\/v2\/users\/1"}],"replies":[{"embeddable":true,"href":"https:\/\/www.upjs.sk\/lekarska-fakulta\/en\/wp-json\/wp\/v2\/comments?post=69157"}],"version-history":[{"count":5,"href":"https:\/\/www.upjs.sk\/lekarska-fakulta\/en\/wp-json\/wp\/v2\/pages\/69157\/revisions"}],"predecessor-version":[{"id":154234,"href":"https:\/\/www.upjs.sk\/lekarska-fakulta\/en\/wp-json\/wp\/v2\/pages\/69157\/revisions\/154234"}],"up":[{"embeddable":true,"href":"https:\/\/www.upjs.sk\/lekarska-fakulta\/en\/wp-json\/wp\/v2\/pages\/69503"}],"wp:attachment":[{"href":"https:\/\/www.upjs.sk\/lekarska-fakulta\/en\/wp-json\/wp\/v2\/media?parent=69157"}],"wp:term":[{"taxonomy":"category","embeddable":true,"href":"https:\/\/www.upjs.sk\/lekarska-fakulta\/en\/wp-json\/wp\/v2\/categories?post=69157"},{"taxonomy":"post_tag","embeddable":true,"href":"https:\/\/www.upjs.sk\/lekarska-fakulta\/en\/wp-json\/wp\/v2\/tags?post=69157"}],"curies":[{"name":"wp","href":"https:\/\/api.w.org\/{rel}","templated":true}]}}