{"id":69160,"date":"2023-02-03T12:23:46","date_gmt":"2023-02-03T11:23:46","guid":{"rendered":"https:\/\/www.upjs.sk\/lekarska-fakulta\/evalution-quality\/"},"modified":"2023-02-03T12:23:50","modified_gmt":"2023-02-03T11:23:50","slug":"evalution-quality","status":"publish","type":"page","link":"https:\/\/www.upjs.sk\/lekarska-fakulta\/en\/about-faculty\/evalution-quality\/","title":{"rendered":"Internal Quality Evaluation System"},"content":{"rendered":"<style>.wp-block-kadence-advancedheading.kt-adv-heading_cdc8bd-fb, .wp-block-kadence-advancedheading.kt-adv-heading_cdc8bd-fb[data-kb-block=\"kb-adv-heading_cdc8bd-fb\"]{font-style:normal;}.wp-block-kadence-advancedheading.kt-adv-heading_cdc8bd-fb mark.kt-highlight, .wp-block-kadence-advancedheading.kt-adv-heading_cdc8bd-fb[data-kb-block=\"kb-adv-heading_cdc8bd-fb\"] mark.kt-highlight{font-style:normal;color:#f76a0c;-webkit-box-decoration-break:clone;box-decoration-break:clone;padding-top:0px;padding-right:0px;padding-bottom:0px;padding-left:0px;}<\/style>\n<h4 class=\"kt-adv-heading_cdc8bd-fb wp-block-kadence-advancedheading\" data-kb-block=\"kb-adv-heading_cdc8bd-fb\">Internal Quality Evaluation System at UPJ\u0160 in Ko\u0161ice, Faculty of Medicine<\/h4>\n\n\n\n<p>In the field of higher education, the strategic intention of UPJ\u0160 FM is to provide quality education based on the results of active scientific research of teachers in order to prepare quality graduates in individual areas of education well applicable in the labour market immediately after graduation.<\/p>\n\n\n\n<p><img decoding=\"async\" style=\"float: right; height: 150px; margin: 0px 5px; width: 187px;\" src=\"https:\/\/www.upjs.sk\/app\/uploads\/sites\/9\/2022\/09\/quality.png\" alt=\"\">The <a href=\"https:\/\/www.upjs.sk\/en\/university\/Internal-system-evaluation-quality\/\" class=\"ek-link\">Internal Quality Assurance and Verification System<\/a> (IQAVS) of the UPJ\u0160 in Ko\u0161ice is in accordance with the strategic objectives of the UPJ\u0160 and supports their achievement within the university as well as its faculties. The internal quality assurance and verification system at the Faculty of Medicine is focused on highlighting the intentions and results of the faculty, as well as the formation and strengthening of the feedback between the concerned parties.<\/p>\n\n\n\n<p>The IQAVS is in accordance with <a href=\"https:\/\/www.enqa.eu\/wp-content\/uploads\/2015\/11\/ESG_2015.pdf\">ESG 2015<\/a> (ESG, Europeans Standards and Guidelines), the standards declared by the <a href=\"https:\/\/saavs.sk\/en\/\">Slovak Accreditation Agency for Higher Education<\/a> (SAAV\u0160) and consistently strives for its implementation. The IQAVS initiates and encourages the involvement of students, employees and employers in the quality assessment. The Office for the Management of the IQAVS administratively coordinates the implementation of the Internal Quality Assurance and Verification System in cooperation with the <a href=\"https:\/\/www.upjs.sk\/en\/internal-system-evaluation-quality\/board\/\" class=\"ek-link\">Board for Internal Quality Verification<\/a> (BIQ) at UPJ\u0160 in Ko\u0161ice. The system is transparent, flexible and open for constantly improving the quality assessment indicators.<\/p>\n","protected":false},"excerpt":{"rendered":"<p>Internal Quality Evaluation System at UPJ\u0160 in Ko\u0161ice, Faculty of Medicine In the field of higher education, the strategic intention of UPJ\u0160 FM is to provide quality education based on the results of active scientific research of teachers in order to prepare quality graduates in individual areas of education well applicable in the labour market &hellip; <a href=\"https:\/\/www.upjs.sk\/lekarska-fakulta\/en\/about-faculty\/evalution-quality\/\">Continued<\/a><\/p>\n","protected":false},"author":1,"featured_media":14109,"parent":69147,"menu_order":7,"comment_status":"closed","ping_status":"closed","template":"","meta":{"_acf_changed":false,"_editorskit_title_hidden":false,"_editorskit_reading_time":1,"_editorskit_is_block_options_detached":false,"_editorskit_block_options_position":"{}","footnotes":""},"categories":[],"tags":[],"class_list":["post-69160","page","type-page","status-publish","has-post-thumbnail","hentry"],"acf":{"acf_link_na_externy_obsah":""},"yoast_head":"<!-- This site is optimized with the Yoast SEO plugin v27.2 - https:\/\/yoast.com\/product\/yoast-seo-wordpress\/ -->\n<title>Internal Quality Evaluation System - Lek\u00e1rska fakulta | UPJ\u0160<\/title>\n<meta name=\"robots\" content=\"index, follow, max-snippet:-1, max-image-preview:large, max-video-preview:-1\" \/>\n<link rel=\"canonical\" href=\"https:\/\/www.upjs.sk\/lekarska-fakulta\/en\/about-faculty\/evalution-quality\/\" \/>\n<meta property=\"og:locale\" content=\"en_US\" \/>\n<meta property=\"og:type\" content=\"article\" \/>\n<meta property=\"og:title\" content=\"Internal Quality Evaluation System - Lek\u00e1rska fakulta | UPJ\u0160\" \/>\n<meta property=\"og:description\" content=\"Internal Quality Evaluation System at UPJ\u0160 in Ko\u0161ice, Faculty of Medicine In the field of higher education, the strategic intention of UPJ\u0160 FM is to provide quality education based on the results of active scientific research of teachers in order to prepare quality graduates in individual areas of education well applicable in the labour market &hellip; Continued\" \/>\n<meta property=\"og:url\" content=\"https:\/\/www.upjs.sk\/lekarska-fakulta\/en\/about-faculty\/evalution-quality\/\" \/>\n<meta property=\"og:site_name\" content=\"Lek\u00e1rska fakulta | UPJ\u0160\" \/>\n<meta property=\"article:modified_time\" content=\"2023-02-03T11:23:50+00:00\" \/>\n<meta property=\"og:image\" content=\"https:\/\/www.upjs.sk\/app\/uploads\/sites\/9\/2022\/09\/quality.png\" \/>\n\t<meta property=\"og:image:width\" content=\"277\" \/>\n\t<meta property=\"og:image:height\" content=\"222\" \/>\n\t<meta property=\"og:image:type\" content=\"image\/png\" \/>\n<meta name=\"twitter:card\" content=\"summary_large_image\" \/>\n<meta name=\"twitter:label1\" content=\"Est. reading time\" \/>\n\t<meta name=\"twitter:data1\" content=\"2 minutes\" \/>\n<script type=\"application\/ld+json\" class=\"yoast-schema-graph\">{\"@context\":\"https:\/\/schema.org\",\"@graph\":[{\"@type\":\"WebPage\",\"@id\":\"https:\/\/www.upjs.sk\/lekarska-fakulta\/en\/about-faculty\/evalution-quality\/\",\"url\":\"https:\/\/www.upjs.sk\/lekarska-fakulta\/en\/about-faculty\/evalution-quality\/\",\"name\":\"Internal Quality Evaluation System - Lek\u00e1rska fakulta | UPJ\u0160\",\"isPartOf\":{\"@id\":\"https:\/\/www.upjs.sk\/lekarska-fakulta\/en\/#website\"},\"primaryImageOfPage\":{\"@id\":\"https:\/\/www.upjs.sk\/lekarska-fakulta\/en\/about-faculty\/evalution-quality\/#primaryimage\"},\"image\":{\"@id\":\"https:\/\/www.upjs.sk\/lekarska-fakulta\/en\/about-faculty\/evalution-quality\/#primaryimage\"},\"thumbnailUrl\":\"https:\/\/www.upjs.sk\/app\/uploads\/sites\/9\/2022\/09\/quality.png\",\"datePublished\":\"2023-02-03T11:23:46+00:00\",\"dateModified\":\"2023-02-03T11:23:50+00:00\",\"breadcrumb\":{\"@id\":\"https:\/\/www.upjs.sk\/lekarska-fakulta\/en\/about-faculty\/evalution-quality\/#breadcrumb\"},\"inLanguage\":\"en-US\",\"potentialAction\":[{\"@type\":\"ReadAction\",\"target\":[\"https:\/\/www.upjs.sk\/lekarska-fakulta\/en\/about-faculty\/evalution-quality\/\"]}]},{\"@type\":\"ImageObject\",\"inLanguage\":\"en-US\",\"@id\":\"https:\/\/www.upjs.sk\/lekarska-fakulta\/en\/about-faculty\/evalution-quality\/#primaryimage\",\"url\":\"https:\/\/www.upjs.sk\/app\/uploads\/sites\/9\/2022\/09\/quality.png\",\"contentUrl\":\"https:\/\/www.upjs.sk\/app\/uploads\/sites\/9\/2022\/09\/quality.png\",\"width\":277,\"height\":222,\"caption\":\"vnutorny-system-hodnotenia-kvality\"},{\"@type\":\"BreadcrumbList\",\"@id\":\"https:\/\/www.upjs.sk\/lekarska-fakulta\/en\/about-faculty\/evalution-quality\/#breadcrumb\",\"itemListElement\":[{\"@type\":\"ListItem\",\"position\":1,\"name\":\"Home\",\"item\":\"https:\/\/www.upjs.sk\/lekarska-fakulta\/en\/\"},{\"@type\":\"ListItem\",\"position\":2,\"name\":\"About Faculty\",\"item\":\"https:\/\/www.upjs.sk\/lekarska-fakulta\/en\/about-faculty\/\"},{\"@type\":\"ListItem\",\"position\":3,\"name\":\"Internal Quality Evaluation System\"}]},{\"@type\":\"WebSite\",\"@id\":\"https:\/\/www.upjs.sk\/lekarska-fakulta\/en\/#website\",\"url\":\"https:\/\/www.upjs.sk\/lekarska-fakulta\/en\/\",\"name\":\"Lek\u00e1rska fakulta | UPJ\u0160\",\"description\":\"\",\"publisher\":{\"@id\":\"https:\/\/www.upjs.sk\/lekarska-fakulta\/en\/#organization\"},\"potentialAction\":[{\"@type\":\"SearchAction\",\"target\":{\"@type\":\"EntryPoint\",\"urlTemplate\":\"https:\/\/www.upjs.sk\/lekarska-fakulta\/en\/?s={search_term_string}\"},\"query-input\":{\"@type\":\"PropertyValueSpecification\",\"valueRequired\":true,\"valueName\":\"search_term_string\"}}],\"inLanguage\":\"en-US\"},{\"@type\":\"Organization\",\"@id\":\"https:\/\/www.upjs.sk\/lekarska-fakulta\/en\/#organization\",\"name\":\"Lek\u00e1rska fakulta | UPJ\u0160\",\"url\":\"https:\/\/www.upjs.sk\/lekarska-fakulta\/en\/\",\"logo\":{\"@type\":\"ImageObject\",\"inLanguage\":\"en-US\",\"@id\":\"https:\/\/www.upjs.sk\/lekarska-fakulta\/en\/#\/schema\/logo\/image\/\",\"url\":\"https:\/\/www.upjs.sk\/app\/uploads\/sites\/9\/2023\/04\/LF-eNG_frame.svg\",\"contentUrl\":\"https:\/\/www.upjs.sk\/app\/uploads\/sites\/9\/2023\/04\/LF-eNG_frame.svg\",\"width\":292,\"height\":61,\"caption\":\"Lek\u00e1rska fakulta | UPJ\u0160\"},\"image\":{\"@id\":\"https:\/\/www.upjs.sk\/lekarska-fakulta\/en\/#\/schema\/logo\/image\/\"}}]}<\/script>\n<!-- \/ Yoast SEO plugin. -->","yoast_head_json":{"title":"Internal Quality Evaluation System - Lek\u00e1rska fakulta | UPJ\u0160","robots":{"index":"index","follow":"follow","max-snippet":"max-snippet:-1","max-image-preview":"max-image-preview:large","max-video-preview":"max-video-preview:-1"},"canonical":"https:\/\/www.upjs.sk\/lekarska-fakulta\/en\/about-faculty\/evalution-quality\/","og_locale":"en_US","og_type":"article","og_title":"Internal Quality Evaluation System - Lek\u00e1rska fakulta | UPJ\u0160","og_description":"Internal Quality Evaluation System at UPJ\u0160 in Ko\u0161ice, Faculty of Medicine In the field of higher education, the strategic intention of UPJ\u0160 FM is to provide quality education based on the results of active scientific research of teachers in order to prepare quality graduates in individual areas of education well applicable in the labour market &hellip; Continued","og_url":"https:\/\/www.upjs.sk\/lekarska-fakulta\/en\/about-faculty\/evalution-quality\/","og_site_name":"Lek\u00e1rska fakulta | UPJ\u0160","article_modified_time":"2023-02-03T11:23:50+00:00","og_image":[{"width":277,"height":222,"url":"https:\/\/www.upjs.sk\/app\/uploads\/sites\/9\/2022\/09\/quality.png","type":"image\/png"}],"twitter_card":"summary_large_image","twitter_misc":{"Est. reading time":"2 minutes"},"schema":{"@context":"https:\/\/schema.org","@graph":[{"@type":"WebPage","@id":"https:\/\/www.upjs.sk\/lekarska-fakulta\/en\/about-faculty\/evalution-quality\/","url":"https:\/\/www.upjs.sk\/lekarska-fakulta\/en\/about-faculty\/evalution-quality\/","name":"Internal Quality Evaluation System - Lek\u00e1rska fakulta | UPJ\u0160","isPartOf":{"@id":"https:\/\/www.upjs.sk\/lekarska-fakulta\/en\/#website"},"primaryImageOfPage":{"@id":"https:\/\/www.upjs.sk\/lekarska-fakulta\/en\/about-faculty\/evalution-quality\/#primaryimage"},"image":{"@id":"https:\/\/www.upjs.sk\/lekarska-fakulta\/en\/about-faculty\/evalution-quality\/#primaryimage"},"thumbnailUrl":"https:\/\/www.upjs.sk\/app\/uploads\/sites\/9\/2022\/09\/quality.png","datePublished":"2023-02-03T11:23:46+00:00","dateModified":"2023-02-03T11:23:50+00:00","breadcrumb":{"@id":"https:\/\/www.upjs.sk\/lekarska-fakulta\/en\/about-faculty\/evalution-quality\/#breadcrumb"},"inLanguage":"en-US","potentialAction":[{"@type":"ReadAction","target":["https:\/\/www.upjs.sk\/lekarska-fakulta\/en\/about-faculty\/evalution-quality\/"]}]},{"@type":"ImageObject","inLanguage":"en-US","@id":"https:\/\/www.upjs.sk\/lekarska-fakulta\/en\/about-faculty\/evalution-quality\/#primaryimage","url":"https:\/\/www.upjs.sk\/app\/uploads\/sites\/9\/2022\/09\/quality.png","contentUrl":"https:\/\/www.upjs.sk\/app\/uploads\/sites\/9\/2022\/09\/quality.png","width":277,"height":222,"caption":"vnutorny-system-hodnotenia-kvality"},{"@type":"BreadcrumbList","@id":"https:\/\/www.upjs.sk\/lekarska-fakulta\/en\/about-faculty\/evalution-quality\/#breadcrumb","itemListElement":[{"@type":"ListItem","position":1,"name":"Home","item":"https:\/\/www.upjs.sk\/lekarska-fakulta\/en\/"},{"@type":"ListItem","position":2,"name":"About Faculty","item":"https:\/\/www.upjs.sk\/lekarska-fakulta\/en\/about-faculty\/"},{"@type":"ListItem","position":3,"name":"Internal Quality Evaluation System"}]},{"@type":"WebSite","@id":"https:\/\/www.upjs.sk\/lekarska-fakulta\/en\/#website","url":"https:\/\/www.upjs.sk\/lekarska-fakulta\/en\/","name":"Lek\u00e1rska fakulta | UPJ\u0160","description":"","publisher":{"@id":"https:\/\/www.upjs.sk\/lekarska-fakulta\/en\/#organization"},"potentialAction":[{"@type":"SearchAction","target":{"@type":"EntryPoint","urlTemplate":"https:\/\/www.upjs.sk\/lekarska-fakulta\/en\/?s={search_term_string}"},"query-input":{"@type":"PropertyValueSpecification","valueRequired":true,"valueName":"search_term_string"}}],"inLanguage":"en-US"},{"@type":"Organization","@id":"https:\/\/www.upjs.sk\/lekarska-fakulta\/en\/#organization","name":"Lek\u00e1rska fakulta | UPJ\u0160","url":"https:\/\/www.upjs.sk\/lekarska-fakulta\/en\/","logo":{"@type":"ImageObject","inLanguage":"en-US","@id":"https:\/\/www.upjs.sk\/lekarska-fakulta\/en\/#\/schema\/logo\/image\/","url":"https:\/\/www.upjs.sk\/app\/uploads\/sites\/9\/2023\/04\/LF-eNG_frame.svg","contentUrl":"https:\/\/www.upjs.sk\/app\/uploads\/sites\/9\/2023\/04\/LF-eNG_frame.svg","width":292,"height":61,"caption":"Lek\u00e1rska fakulta | UPJ\u0160"},"image":{"@id":"https:\/\/www.upjs.sk\/lekarska-fakulta\/en\/#\/schema\/logo\/image\/"}}]}},"_links":{"self":[{"href":"https:\/\/www.upjs.sk\/lekarska-fakulta\/en\/wp-json\/wp\/v2\/pages\/69160","targetHints":{"allow":["GET"]}}],"collection":[{"href":"https:\/\/www.upjs.sk\/lekarska-fakulta\/en\/wp-json\/wp\/v2\/pages"}],"about":[{"href":"https:\/\/www.upjs.sk\/lekarska-fakulta\/en\/wp-json\/wp\/v2\/types\/page"}],"author":[{"embeddable":true,"href":"https:\/\/www.upjs.sk\/lekarska-fakulta\/en\/wp-json\/wp\/v2\/users\/1"}],"replies":[{"embeddable":true,"href":"https:\/\/www.upjs.sk\/lekarska-fakulta\/en\/wp-json\/wp\/v2\/comments?post=69160"}],"version-history":[{"count":6,"href":"https:\/\/www.upjs.sk\/lekarska-fakulta\/en\/wp-json\/wp\/v2\/pages\/69160\/revisions"}],"predecessor-version":[{"id":92839,"href":"https:\/\/www.upjs.sk\/lekarska-fakulta\/en\/wp-json\/wp\/v2\/pages\/69160\/revisions\/92839"}],"up":[{"embeddable":true,"href":"https:\/\/www.upjs.sk\/lekarska-fakulta\/en\/wp-json\/wp\/v2\/pages\/69147"}],"wp:featuredmedia":[{"embeddable":true,"href":"https:\/\/www.upjs.sk\/lekarska-fakulta\/en\/wp-json\/wp\/v2\/media\/14109"}],"wp:attachment":[{"href":"https:\/\/www.upjs.sk\/lekarska-fakulta\/en\/wp-json\/wp\/v2\/media?parent=69160"}],"wp:term":[{"taxonomy":"category","embeddable":true,"href":"https:\/\/www.upjs.sk\/lekarska-fakulta\/en\/wp-json\/wp\/v2\/categories?post=69160"},{"taxonomy":"post_tag","embeddable":true,"href":"https:\/\/www.upjs.sk\/lekarska-fakulta\/en\/wp-json\/wp\/v2\/tags?post=69160"}],"curies":[{"name":"wp","href":"https:\/\/api.w.org\/{rel}","templated":true}]}}