{"id":69163,"date":"2023-02-03T12:27:02","date_gmt":"2023-02-03T11:27:02","guid":{"rendered":"https:\/\/www.upjs.sk\/lekarska-fakulta\/evalution-quality\/board-of-study-programs\/"},"modified":"2025-10-02T14:35:34","modified_gmt":"2025-10-02T13:35:34","slug":"board-of-study-programs","status":"publish","type":"page","link":"https:\/\/www.upjs.sk\/lekarska-fakulta\/en\/about-faculty\/evalution-quality\/board-of-study-programs\/","title":{"rendered":"Board of Study Programs"},"content":{"rendered":"\n<p>During the years 2021 and 2022, the process of harmonizing study programs is underway in accordance with the UPJ\u0160 Accreditation Rules and SAAV\u0160 standards. The creation of study programs at UPJ\u0160 is carried out on the basis of the adopted rules of the Internal Quality System of Higher Education (HEQ). The support and development of HEQ, the quality of research, development, artistic or other creative activities and the quality of the university&#8217;s support activities are coordinated by the <a href=\"https:\/\/www.upjs.sk\/en\/internal-system-evaluation-quality\/board\/\" class=\"ek-link\">Board for Internal Quality Verification<\/a> at UPJ\u0160 in Ko\u0161ice. The quality of study programs (SP) at the bachelor&#8217;s (I. degree), master&#8217;s (II. degree) and joined bachelor&#8217;s, and master&#8217;s (joined I. and II. degree) degree studies in individual fields of study (FS) is ensured and verified by the Board of Study Program (BSP). The quality of study programs at III. degree of study (PhD studies) is provided by the BSP in cooperation with the Study Program Commission (SPC) of individual study programs.<\/p>\n\n\n<style>.wp-block-kadence-advancedheading.kt-adv-heading69163_864a76-f0, .wp-block-kadence-advancedheading.kt-adv-heading69163_864a76-f0[data-kb-block=\"kb-adv-heading69163_864a76-f0\"]{font-style:normal;}.wp-block-kadence-advancedheading.kt-adv-heading69163_864a76-f0 mark.kt-highlight, .wp-block-kadence-advancedheading.kt-adv-heading69163_864a76-f0[data-kb-block=\"kb-adv-heading69163_864a76-f0\"] mark.kt-highlight{font-style:normal;color:#f76a0c;-webkit-box-decoration-break:clone;box-decoration-break:clone;padding-top:0px;padding-right:0px;padding-bottom:0px;padding-left:0px;}<\/style>\n<h4 class=\"kt-adv-heading69163_864a76-f0 wp-block-kadence-advancedheading\" data-kb-block=\"kb-adv-heading69163_864a76-f0\"><strong>Board of study programs<\/strong><\/h4>\n\n\n\n<p><strong><strong>joined I. and II. degree of study<\/strong><\/strong><\/p>\n\n\n\n<div class=\"wp-block-columns is-layout-flex wp-container-core-columns-is-layout-9d6595d7 wp-block-columns-is-layout-flex\">\n<div class=\"wp-block-column is-layout-flow wp-block-column-is-layout-flow\" style=\"flex-basis:33.33%\">\n<ul class=\"wp-block-list\">\n<li><a href=\"https:\/\/studijne-programy.upjs.sk\/en\/programme\/ZL\" target=\"_blank\" rel=\"noreferrer noopener\">Dental Medicine<\/a><\/li>\n\n\n\n<li><a href=\"https:\/\/studijne-programy.upjs.sk\/en\/programme\/VL\" target=\"_blank\" rel=\"noreferrer noopener\">General Medicine<\/a><\/li>\n<\/ul>\n<\/div>\n\n\n\n<div class=\"wp-block-column is-layout-flow wp-block-column-is-layout-flow\" style=\"flex-basis:66.66%\"><\/div>\n<\/div>\n\n\n<style>.wp-block-kadence-advancedheading.kt-adv-heading69163_f24127-7a, .wp-block-kadence-advancedheading.kt-adv-heading69163_f24127-7a[data-kb-block=\"kb-adv-heading69163_f24127-7a\"]{font-style:normal;}.wp-block-kadence-advancedheading.kt-adv-heading69163_f24127-7a mark.kt-highlight, .wp-block-kadence-advancedheading.kt-adv-heading69163_f24127-7a[data-kb-block=\"kb-adv-heading69163_f24127-7a\"] mark.kt-highlight{font-style:normal;color:#f76a0c;-webkit-box-decoration-break:clone;box-decoration-break:clone;padding-top:0px;padding-right:0px;padding-bottom:0px;padding-left:0px;}<\/style>\n<p class=\"kt-adv-heading69163_f24127-7a wp-block-kadence-advancedheading\" data-kb-block=\"kb-adv-heading69163_f24127-7a\"><strong>I. degree of study<\/strong><\/p>\n\n\n\n<ul class=\"wp-block-list\">\n<li><a href=\"https:\/\/studijne-programy.upjs.sk\/en\/programme\/LVMvZ\">Laboratory examination methods in healthcare<\/a><\/li>\n\n\n\n<li><a href=\"https:\/\/studijne-programy.upjs.sk\/en\/programme\/O%C5%A0\">Nursing<\/a> <\/li>\n\n\n\n<li><a href=\"https:\/\/studijne-programy.upjs.sk\/en\/programme\/F\">Physiotherapy<\/a><\/li>\n\n\n\n<li><a href=\"https:\/\/studijne-programy.upjs.sk\/en\/programme\/VZ\">Public Health<\/a><\/li>\n<\/ul>\n\n\n<style>.wp-block-kadence-advancedheading.kt-adv-heading69163_92542f-2e, .wp-block-kadence-advancedheading.kt-adv-heading69163_92542f-2e[data-kb-block=\"kb-adv-heading69163_92542f-2e\"]{font-style:normal;}.wp-block-kadence-advancedheading.kt-adv-heading69163_92542f-2e mark.kt-highlight, .wp-block-kadence-advancedheading.kt-adv-heading69163_92542f-2e[data-kb-block=\"kb-adv-heading69163_92542f-2e\"] mark.kt-highlight{font-style:normal;color:#f76a0c;-webkit-box-decoration-break:clone;box-decoration-break:clone;padding-top:0px;padding-right:0px;padding-bottom:0px;padding-left:0px;}<\/style>\n<p class=\"kt-adv-heading69163_92542f-2e wp-block-kadence-advancedheading\" data-kb-block=\"kb-adv-heading69163_92542f-2e\"><\/p>\n\n\n<style>.wp-block-kadence-advancedheading.kt-adv-heading69163_e3070b-43, .wp-block-kadence-advancedheading.kt-adv-heading69163_e3070b-43[data-kb-block=\"kb-adv-heading69163_e3070b-43\"]{font-style:normal;}.wp-block-kadence-advancedheading.kt-adv-heading69163_e3070b-43 mark.kt-highlight, .wp-block-kadence-advancedheading.kt-adv-heading69163_e3070b-43[data-kb-block=\"kb-adv-heading69163_e3070b-43\"] mark.kt-highlight{font-style:normal;color:#f76a0c;-webkit-box-decoration-break:clone;box-decoration-break:clone;padding-top:0px;padding-right:0px;padding-bottom:0px;padding-left:0px;}<\/style>\n<p class=\"kt-adv-heading69163_e3070b-43 wp-block-kadence-advancedheading\" data-kb-block=\"kb-adv-heading69163_e3070b-43\"><strong>II. degree of study<\/strong><\/p>\n\n\n\n<ul class=\"wp-block-list has--font-size has-,,-font-size\">\n<li><a href=\"https:\/\/studijne-programy.upjs.sk\/en\/programme\/F-M\">Physiotherapy<\/a><\/li>\n\n\n\n<li><a href=\"https:\/\/studijne-programy.upjs.sk\/en\/programme\/VZ-M\">Public Health<\/a><\/li>\n<\/ul>\n\n\n<style>.wp-block-kadence-advancedheading.kt-adv-heading69163_d7aad0-04, .wp-block-kadence-advancedheading.kt-adv-heading69163_d7aad0-04[data-kb-block=\"kb-adv-heading69163_d7aad0-04\"]{font-style:normal;}.wp-block-kadence-advancedheading.kt-adv-heading69163_d7aad0-04 mark.kt-highlight, .wp-block-kadence-advancedheading.kt-adv-heading69163_d7aad0-04[data-kb-block=\"kb-adv-heading69163_d7aad0-04\"] mark.kt-highlight{font-style:normal;color:#f76a0c;-webkit-box-decoration-break:clone;box-decoration-break:clone;padding-top:0px;padding-right:0px;padding-bottom:0px;padding-left:0px;}<\/style>\n<p class=\"kt-adv-heading69163_d7aad0-04 wp-block-kadence-advancedheading\" data-kb-block=\"kb-adv-heading69163_d7aad0-04\"><\/p>\n\n\n\n<p><strong>III. degree of study<\/strong><\/p>\n\n\n\n<div class=\"wp-block-columns is-layout-flex wp-container-core-columns-is-layout-9d6595d7 wp-block-columns-is-layout-flex\">\n<div class=\"wp-block-column is-layout-flow wp-block-column-is-layout-flow\" style=\"flex-basis:33.33%\">\n<ul class=\"wp-block-list\">\n<li><a href=\"https:\/\/studijne-programy.upjs.sk\/en\/programme\/ANATd\">Anatomy, Histology and Embryology<\/a><\/li>\n\n\n\n<li><a href=\"https:\/\/studijne-programy.upjs.sk\/en\/programme\/KBd\">Clinical Biochemistry<\/a>&nbsp;&nbsp; &nbsp;&nbsp;&nbsp;&nbsp;&nbsp;&nbsp;&nbsp;&nbsp;&nbsp;&nbsp;&nbsp;&nbsp;&nbsp;&nbsp;&nbsp;<\/li>\n\n\n\n<li><a href=\"https:\/\/studijne-programy.upjs.sk\/en\/programme\/ZLd\">Dental Medicine<\/a>&nbsp;&nbsp;&nbsp;&nbsp;&nbsp;&nbsp;&nbsp;&nbsp;&nbsp;&nbsp;&nbsp;&nbsp; &nbsp;&nbsp;&nbsp;&nbsp;&nbsp;&nbsp;&nbsp;&nbsp;&nbsp;&nbsp;&nbsp;&nbsp;&nbsp;&nbsp;&nbsp;<\/li>\n\n\n\n<li><a href=\"https:\/\/studijne-programy.upjs.sk\/en\/programme\/EPIDd\">Epidemiology<\/a>&nbsp;&nbsp;&nbsp;&nbsp;&nbsp;&nbsp;&nbsp;&nbsp;&nbsp;&nbsp;&nbsp;&nbsp;&nbsp;&nbsp;&nbsp;&nbsp;&nbsp;&nbsp; &nbsp;&nbsp;&nbsp;&nbsp;&nbsp;&nbsp;&nbsp;&nbsp;&nbsp;&nbsp;&nbsp;&nbsp;&nbsp;&nbsp;<\/li>\n\n\n\n<li><a href=\"https:\/\/studijne-programy.upjs.sk\/en\/programme\/GYNd\">Gynaecology and Obstetrics<\/a>&nbsp;&nbsp;&nbsp;&nbsp;<\/li>\n\n\n\n<li><a href=\"https:\/\/studijne-programy.upjs.sk\/en\/programme\/VCHd\">Internal Diseases<\/a>&nbsp;&nbsp;&nbsp;&nbsp;&nbsp;&nbsp;&nbsp;&nbsp;&nbsp;&nbsp;&nbsp; &nbsp;&nbsp;&nbsp;&nbsp;&nbsp;&nbsp;&nbsp;&nbsp;&nbsp;&nbsp;&nbsp;<\/li>\n\n\n\n<li><a href=\"https:\/\/studijne-programy.upjs.sk\/en\/programme\/LFd\">Medicine Pharmacology<\/a>&nbsp;&nbsp;&nbsp;&nbsp;&nbsp;&nbsp;&nbsp;&nbsp;&nbsp;&nbsp;&nbsp;<\/li>\n\n\n\n<li><a href=\"https:\/\/studijne-programy.upjs.sk\/en\/programme\/NEUd\">Neurology<\/a>&nbsp;&nbsp;&nbsp;&nbsp;&nbsp;&nbsp;&nbsp;&nbsp;&nbsp;&nbsp;&nbsp;&nbsp;&nbsp;&nbsp;&nbsp;&nbsp;&nbsp;&nbsp;&nbsp;&nbsp;&nbsp;&nbsp; &nbsp;&nbsp;&nbsp;&nbsp;&nbsp;&nbsp;&nbsp;&nbsp;&nbsp;&nbsp;&nbsp;&nbsp;<\/li>\n\n\n\n<li><a href=\"https:\/\/studijne-programy.upjs.sk\/en\/programme\/NPFd\">Normal and Pathological Physiology<\/a>&nbsp;&nbsp;&nbsp;&nbsp;<\/li>\n\n\n\n<li><a href=\"https:\/\/studijne-programy.upjs.sk\/en\/programme\/VZd\">Public Health<\/a>&nbsp;&nbsp;&nbsp;&nbsp;&nbsp;&nbsp;&nbsp;&nbsp;&nbsp;&nbsp;&nbsp;&nbsp;&nbsp;&nbsp;&nbsp;&nbsp;&nbsp;&nbsp;&nbsp;&nbsp;&nbsp;&nbsp;&nbsp;&nbsp;&nbsp;&nbsp;&nbsp;&nbsp;<\/li>\n\n\n\n<li><a href=\"https:\/\/studijne-programy.upjs.sk\/en\/programme\/CHIRd\">Surgery<\/a>&nbsp;&nbsp;&nbsp;&nbsp;&nbsp;&nbsp;&nbsp;&nbsp;&nbsp;&nbsp;&nbsp;<\/li>\n<\/ul>\n<\/div>\n\n\n\n<div class=\"wp-block-column is-layout-flow wp-block-column-is-layout-flow\" style=\"flex-basis:66.66%\"><\/div>\n<\/div>\n\n\n\n<p><strong><a href=\"https:\/\/www.upjs.sk\/app\/uploads\/sites\/9\/2022\/11\/EN_PhD_SP-Commission_chairmen.pdf\" class=\"ek-link\">Study Program Commission<\/a><\/strong> for PhD study programs \u2013 chairmen<\/p>\n","protected":false},"excerpt":{"rendered":"<p>During the years 2021 and 2022, the process of harmonizing study programs is underway in accordance with the UPJ\u0160 Accreditation Rules and SAAV\u0160 standards. The creation of study programs at UPJ\u0160 is carried out on the basis of the adopted rules of the Internal Quality System of Higher Education (HEQ). The support and development of &hellip; <a href=\"https:\/\/www.upjs.sk\/lekarska-fakulta\/en\/about-faculty\/evalution-quality\/board-of-study-programs\/\">Continued<\/a><\/p>\n","protected":false},"author":1,"featured_media":12753,"parent":69160,"menu_order":1,"comment_status":"closed","ping_status":"closed","template":"","meta":{"_acf_changed":false,"_editorskit_title_hidden":false,"_editorskit_reading_time":1,"_editorskit_is_block_options_detached":false,"_editorskit_block_options_position":"{}","footnotes":""},"categories":[],"tags":[],"class_list":["post-69163","page","type-page","status-publish","has-post-thumbnail","hentry"],"acf":{"acf_link_na_externy_obsah":""},"yoast_head":"<!-- This site is optimized with the Yoast SEO plugin v27.2 - https:\/\/yoast.com\/product\/yoast-seo-wordpress\/ -->\n<title>Board of Study Programs - Lek\u00e1rska fakulta | UPJ\u0160<\/title>\n<meta name=\"robots\" content=\"index, follow, max-snippet:-1, max-image-preview:large, max-video-preview:-1\" \/>\n<link rel=\"canonical\" href=\"https:\/\/www.upjs.sk\/lekarska-fakulta\/en\/about-faculty\/evalution-quality\/board-of-study-programs\/\" \/>\n<meta property=\"og:locale\" content=\"en_US\" \/>\n<meta property=\"og:type\" content=\"article\" \/>\n<meta property=\"og:title\" content=\"Board of Study Programs - Lek\u00e1rska fakulta | UPJ\u0160\" \/>\n<meta property=\"og:description\" content=\"During the years 2021 and 2022, the process of harmonizing study programs is underway in accordance with the UPJ\u0160 Accreditation Rules and SAAV\u0160 standards. The creation of study programs at UPJ\u0160 is carried out on the basis of the adopted rules of the Internal Quality System of Higher Education (HEQ). The support and development of &hellip; Continued\" \/>\n<meta property=\"og:url\" content=\"https:\/\/www.upjs.sk\/lekarska-fakulta\/en\/about-faculty\/evalution-quality\/board-of-study-programs\/\" \/>\n<meta property=\"og:site_name\" content=\"Lek\u00e1rska fakulta | UPJ\u0160\" \/>\n<meta property=\"article:modified_time\" content=\"2025-10-02T13:35:34+00:00\" \/>\n<meta property=\"og:image\" content=\"https:\/\/www.upjs.sk\/app\/uploads\/sites\/9\/2022\/09\/Obrazok1.jpg\" \/>\n\t<meta property=\"og:image:width\" content=\"494\" \/>\n\t<meta property=\"og:image:height\" content=\"281\" \/>\n\t<meta property=\"og:image:type\" content=\"image\/jpeg\" \/>\n<meta name=\"twitter:card\" content=\"summary_large_image\" \/>\n<meta name=\"twitter:label1\" content=\"Est. reading time\" \/>\n\t<meta name=\"twitter:data1\" content=\"2 minutes\" \/>\n<script type=\"application\/ld+json\" class=\"yoast-schema-graph\">{\"@context\":\"https:\/\/schema.org\",\"@graph\":[{\"@type\":\"WebPage\",\"@id\":\"https:\/\/www.upjs.sk\/lekarska-fakulta\/en\/about-faculty\/evalution-quality\/board-of-study-programs\/\",\"url\":\"https:\/\/www.upjs.sk\/lekarska-fakulta\/en\/about-faculty\/evalution-quality\/board-of-study-programs\/\",\"name\":\"Board of Study Programs - Lek\u00e1rska fakulta | UPJ\u0160\",\"isPartOf\":{\"@id\":\"https:\/\/www.upjs.sk\/lekarska-fakulta\/en\/#website\"},\"primaryImageOfPage\":{\"@id\":\"https:\/\/www.upjs.sk\/lekarska-fakulta\/en\/about-faculty\/evalution-quality\/board-of-study-programs\/#primaryimage\"},\"image\":{\"@id\":\"https:\/\/www.upjs.sk\/lekarska-fakulta\/en\/about-faculty\/evalution-quality\/board-of-study-programs\/#primaryimage\"},\"thumbnailUrl\":\"https:\/\/www.upjs.sk\/app\/uploads\/sites\/9\/2022\/09\/Obrazok1.jpg\",\"datePublished\":\"2023-02-03T11:27:02+00:00\",\"dateModified\":\"2025-10-02T13:35:34+00:00\",\"breadcrumb\":{\"@id\":\"https:\/\/www.upjs.sk\/lekarska-fakulta\/en\/about-faculty\/evalution-quality\/board-of-study-programs\/#breadcrumb\"},\"inLanguage\":\"en-US\",\"potentialAction\":[{\"@type\":\"ReadAction\",\"target\":[\"https:\/\/www.upjs.sk\/lekarska-fakulta\/en\/about-faculty\/evalution-quality\/board-of-study-programs\/\"]}]},{\"@type\":\"ImageObject\",\"inLanguage\":\"en-US\",\"@id\":\"https:\/\/www.upjs.sk\/lekarska-fakulta\/en\/about-faculty\/evalution-quality\/board-of-study-programs\/#primaryimage\",\"url\":\"https:\/\/www.upjs.sk\/app\/uploads\/sites\/9\/2022\/09\/Obrazok1.jpg\",\"contentUrl\":\"https:\/\/www.upjs.sk\/app\/uploads\/sites\/9\/2022\/09\/Obrazok1.jpg\",\"width\":494,\"height\":281,\"caption\":\"science\"},{\"@type\":\"BreadcrumbList\",\"@id\":\"https:\/\/www.upjs.sk\/lekarska-fakulta\/en\/about-faculty\/evalution-quality\/board-of-study-programs\/#breadcrumb\",\"itemListElement\":[{\"@type\":\"ListItem\",\"position\":1,\"name\":\"Home\",\"item\":\"https:\/\/www.upjs.sk\/lekarska-fakulta\/en\/\"},{\"@type\":\"ListItem\",\"position\":2,\"name\":\"About Faculty\",\"item\":\"https:\/\/www.upjs.sk\/lekarska-fakulta\/en\/about-faculty\/\"},{\"@type\":\"ListItem\",\"position\":3,\"name\":\"Internal Quality Evaluation System\",\"item\":\"https:\/\/www.upjs.sk\/lekarska-fakulta\/en\/about-faculty\/evalution-quality\/\"},{\"@type\":\"ListItem\",\"position\":4,\"name\":\"Board of Study Programs\"}]},{\"@type\":\"WebSite\",\"@id\":\"https:\/\/www.upjs.sk\/lekarska-fakulta\/en\/#website\",\"url\":\"https:\/\/www.upjs.sk\/lekarska-fakulta\/en\/\",\"name\":\"Lek\u00e1rska fakulta | UPJ\u0160\",\"description\":\"\",\"publisher\":{\"@id\":\"https:\/\/www.upjs.sk\/lekarska-fakulta\/en\/#organization\"},\"potentialAction\":[{\"@type\":\"SearchAction\",\"target\":{\"@type\":\"EntryPoint\",\"urlTemplate\":\"https:\/\/www.upjs.sk\/lekarska-fakulta\/en\/?s={search_term_string}\"},\"query-input\":{\"@type\":\"PropertyValueSpecification\",\"valueRequired\":true,\"valueName\":\"search_term_string\"}}],\"inLanguage\":\"en-US\"},{\"@type\":\"Organization\",\"@id\":\"https:\/\/www.upjs.sk\/lekarska-fakulta\/en\/#organization\",\"name\":\"Lek\u00e1rska fakulta | UPJ\u0160\",\"url\":\"https:\/\/www.upjs.sk\/lekarska-fakulta\/en\/\",\"logo\":{\"@type\":\"ImageObject\",\"inLanguage\":\"en-US\",\"@id\":\"https:\/\/www.upjs.sk\/lekarska-fakulta\/en\/#\/schema\/logo\/image\/\",\"url\":\"https:\/\/www.upjs.sk\/app\/uploads\/sites\/9\/2023\/04\/LF-eNG_frame.svg\",\"contentUrl\":\"https:\/\/www.upjs.sk\/app\/uploads\/sites\/9\/2023\/04\/LF-eNG_frame.svg\",\"width\":292,\"height\":61,\"caption\":\"Lek\u00e1rska fakulta | UPJ\u0160\"},\"image\":{\"@id\":\"https:\/\/www.upjs.sk\/lekarska-fakulta\/en\/#\/schema\/logo\/image\/\"}}]}<\/script>\n<!-- \/ Yoast SEO plugin. -->","yoast_head_json":{"title":"Board of Study Programs - Lek\u00e1rska fakulta | UPJ\u0160","robots":{"index":"index","follow":"follow","max-snippet":"max-snippet:-1","max-image-preview":"max-image-preview:large","max-video-preview":"max-video-preview:-1"},"canonical":"https:\/\/www.upjs.sk\/lekarska-fakulta\/en\/about-faculty\/evalution-quality\/board-of-study-programs\/","og_locale":"en_US","og_type":"article","og_title":"Board of Study Programs - Lek\u00e1rska fakulta | UPJ\u0160","og_description":"During the years 2021 and 2022, the process of harmonizing study programs is underway in accordance with the UPJ\u0160 Accreditation Rules and SAAV\u0160 standards. The creation of study programs at UPJ\u0160 is carried out on the basis of the adopted rules of the Internal Quality System of Higher Education (HEQ). The support and development of &hellip; Continued","og_url":"https:\/\/www.upjs.sk\/lekarska-fakulta\/en\/about-faculty\/evalution-quality\/board-of-study-programs\/","og_site_name":"Lek\u00e1rska fakulta | UPJ\u0160","article_modified_time":"2025-10-02T13:35:34+00:00","og_image":[{"width":494,"height":281,"url":"https:\/\/www.upjs.sk\/app\/uploads\/sites\/9\/2022\/09\/Obrazok1.jpg","type":"image\/jpeg"}],"twitter_card":"summary_large_image","twitter_misc":{"Est. reading time":"2 minutes"},"schema":{"@context":"https:\/\/schema.org","@graph":[{"@type":"WebPage","@id":"https:\/\/www.upjs.sk\/lekarska-fakulta\/en\/about-faculty\/evalution-quality\/board-of-study-programs\/","url":"https:\/\/www.upjs.sk\/lekarska-fakulta\/en\/about-faculty\/evalution-quality\/board-of-study-programs\/","name":"Board of Study Programs - Lek\u00e1rska fakulta | UPJ\u0160","isPartOf":{"@id":"https:\/\/www.upjs.sk\/lekarska-fakulta\/en\/#website"},"primaryImageOfPage":{"@id":"https:\/\/www.upjs.sk\/lekarska-fakulta\/en\/about-faculty\/evalution-quality\/board-of-study-programs\/#primaryimage"},"image":{"@id":"https:\/\/www.upjs.sk\/lekarska-fakulta\/en\/about-faculty\/evalution-quality\/board-of-study-programs\/#primaryimage"},"thumbnailUrl":"https:\/\/www.upjs.sk\/app\/uploads\/sites\/9\/2022\/09\/Obrazok1.jpg","datePublished":"2023-02-03T11:27:02+00:00","dateModified":"2025-10-02T13:35:34+00:00","breadcrumb":{"@id":"https:\/\/www.upjs.sk\/lekarska-fakulta\/en\/about-faculty\/evalution-quality\/board-of-study-programs\/#breadcrumb"},"inLanguage":"en-US","potentialAction":[{"@type":"ReadAction","target":["https:\/\/www.upjs.sk\/lekarska-fakulta\/en\/about-faculty\/evalution-quality\/board-of-study-programs\/"]}]},{"@type":"ImageObject","inLanguage":"en-US","@id":"https:\/\/www.upjs.sk\/lekarska-fakulta\/en\/about-faculty\/evalution-quality\/board-of-study-programs\/#primaryimage","url":"https:\/\/www.upjs.sk\/app\/uploads\/sites\/9\/2022\/09\/Obrazok1.jpg","contentUrl":"https:\/\/www.upjs.sk\/app\/uploads\/sites\/9\/2022\/09\/Obrazok1.jpg","width":494,"height":281,"caption":"science"},{"@type":"BreadcrumbList","@id":"https:\/\/www.upjs.sk\/lekarska-fakulta\/en\/about-faculty\/evalution-quality\/board-of-study-programs\/#breadcrumb","itemListElement":[{"@type":"ListItem","position":1,"name":"Home","item":"https:\/\/www.upjs.sk\/lekarska-fakulta\/en\/"},{"@type":"ListItem","position":2,"name":"About Faculty","item":"https:\/\/www.upjs.sk\/lekarska-fakulta\/en\/about-faculty\/"},{"@type":"ListItem","position":3,"name":"Internal Quality Evaluation System","item":"https:\/\/www.upjs.sk\/lekarska-fakulta\/en\/about-faculty\/evalution-quality\/"},{"@type":"ListItem","position":4,"name":"Board of Study Programs"}]},{"@type":"WebSite","@id":"https:\/\/www.upjs.sk\/lekarska-fakulta\/en\/#website","url":"https:\/\/www.upjs.sk\/lekarska-fakulta\/en\/","name":"Lek\u00e1rska fakulta | UPJ\u0160","description":"","publisher":{"@id":"https:\/\/www.upjs.sk\/lekarska-fakulta\/en\/#organization"},"potentialAction":[{"@type":"SearchAction","target":{"@type":"EntryPoint","urlTemplate":"https:\/\/www.upjs.sk\/lekarska-fakulta\/en\/?s={search_term_string}"},"query-input":{"@type":"PropertyValueSpecification","valueRequired":true,"valueName":"search_term_string"}}],"inLanguage":"en-US"},{"@type":"Organization","@id":"https:\/\/www.upjs.sk\/lekarska-fakulta\/en\/#organization","name":"Lek\u00e1rska fakulta | UPJ\u0160","url":"https:\/\/www.upjs.sk\/lekarska-fakulta\/en\/","logo":{"@type":"ImageObject","inLanguage":"en-US","@id":"https:\/\/www.upjs.sk\/lekarska-fakulta\/en\/#\/schema\/logo\/image\/","url":"https:\/\/www.upjs.sk\/app\/uploads\/sites\/9\/2023\/04\/LF-eNG_frame.svg","contentUrl":"https:\/\/www.upjs.sk\/app\/uploads\/sites\/9\/2023\/04\/LF-eNG_frame.svg","width":292,"height":61,"caption":"Lek\u00e1rska fakulta | UPJ\u0160"},"image":{"@id":"https:\/\/www.upjs.sk\/lekarska-fakulta\/en\/#\/schema\/logo\/image\/"}}]}},"_links":{"self":[{"href":"https:\/\/www.upjs.sk\/lekarska-fakulta\/en\/wp-json\/wp\/v2\/pages\/69163","targetHints":{"allow":["GET"]}}],"collection":[{"href":"https:\/\/www.upjs.sk\/lekarska-fakulta\/en\/wp-json\/wp\/v2\/pages"}],"about":[{"href":"https:\/\/www.upjs.sk\/lekarska-fakulta\/en\/wp-json\/wp\/v2\/types\/page"}],"author":[{"embeddable":true,"href":"https:\/\/www.upjs.sk\/lekarska-fakulta\/en\/wp-json\/wp\/v2\/users\/1"}],"replies":[{"embeddable":true,"href":"https:\/\/www.upjs.sk\/lekarska-fakulta\/en\/wp-json\/wp\/v2\/comments?post=69163"}],"version-history":[{"count":13,"href":"https:\/\/www.upjs.sk\/lekarska-fakulta\/en\/wp-json\/wp\/v2\/pages\/69163\/revisions"}],"predecessor-version":[{"id":145614,"href":"https:\/\/www.upjs.sk\/lekarska-fakulta\/en\/wp-json\/wp\/v2\/pages\/69163\/revisions\/145614"}],"up":[{"embeddable":true,"href":"https:\/\/www.upjs.sk\/lekarska-fakulta\/en\/wp-json\/wp\/v2\/pages\/69160"}],"wp:featuredmedia":[{"embeddable":true,"href":"https:\/\/www.upjs.sk\/lekarska-fakulta\/en\/wp-json\/wp\/v2\/media\/12753"}],"wp:attachment":[{"href":"https:\/\/www.upjs.sk\/lekarska-fakulta\/en\/wp-json\/wp\/v2\/media?parent=69163"}],"wp:term":[{"taxonomy":"category","embeddable":true,"href":"https:\/\/www.upjs.sk\/lekarska-fakulta\/en\/wp-json\/wp\/v2\/categories?post=69163"},{"taxonomy":"post_tag","embeddable":true,"href":"https:\/\/www.upjs.sk\/lekarska-fakulta\/en\/wp-json\/wp\/v2\/tags?post=69163"}],"curies":[{"name":"wp","href":"https:\/\/api.w.org\/{rel}","templated":true}]}}