{"id":69166,"date":"2023-02-03T12:49:48","date_gmt":"2023-02-03T11:49:48","guid":{"rendered":"https:\/\/www.upjs.sk\/lekarska-fakulta\/evalution-quality\/rules-and-principles\/"},"modified":"2023-02-03T12:49:50","modified_gmt":"2023-02-03T11:49:50","slug":"rules-and-principles","status":"publish","type":"page","link":"https:\/\/www.upjs.sk\/lekarska-fakulta\/en\/about-faculty\/evalution-quality\/rules-and-principles\/","title":{"rendered":"Rules and Principles for Quality Assurance and Verification"},"content":{"rendered":"<style>.wp-block-kadence-advancedheading.kt-adv-heading_770931-2d, .wp-block-kadence-advancedheading.kt-adv-heading_770931-2d[data-kb-block=\"kb-adv-heading_770931-2d\"]{font-style:normal;}.wp-block-kadence-advancedheading.kt-adv-heading_770931-2d mark.kt-highlight, .wp-block-kadence-advancedheading.kt-adv-heading_770931-2d[data-kb-block=\"kb-adv-heading_770931-2d\"] mark.kt-highlight{font-style:normal;color:#f76a0c;-webkit-box-decoration-break:clone;box-decoration-break:clone;padding-top:0px;padding-right:0px;padding-bottom:0px;padding-left:0px;}<\/style>\n<h4 class=\"kt-adv-heading_770931-2d wp-block-kadence-advancedheading\" data-kb-block=\"kb-adv-heading_770931-2d\">Rules and principles for quality assurance and verification system at the Pavol Jozef \u0160af\u00e1rik University in Ko\u0161ice<\/h4>\n\n\n\n<div class=\"wp-block-columns is-layout-flex wp-container-core-columns-is-layout-9d6595d7 wp-block-columns-is-layout-flex\">\n<div class=\"wp-block-column is-layout-flow wp-block-column-is-layout-flow\" style=\"flex-basis:75%\">\n<ul class=\"wp-block-list\">\n<li>Rules of the Internal Quality Assurance and Verification System of education, scientific, research, development, artistic or other creative and supportive activities at Pavol Jozef \u0160af\u00e1rik University in Ko\u0161ice &#8211; <a href=\"https:\/\/intranet.upjs.sk\/op\/op.Public.php?documentid=5890\" class=\"ek-link\">Rector&#8217;s Decision No. 8\/2021<\/a><\/li>\n\n\n\n<li>Accreditation Rules of Pavol Jozef \u0160af\u00e1rik University in Ko\u0161ice &#8211; <a href=\"https:\/\/intranet.upjs.sk\/op\/op.Public.php?documentid=5887\" class=\"ek-link\">Rector &#8216;s Decision No. 7\/2021<\/a><\/li>\n\n\n\n<li>Principles for obtaining feedback for the purposes of evaluating the quality of educational activities, creative activities and support activities at Pavol Jozef \u0160af\u00e1rik University &#8211; <a href=\"https:\/\/intranet.upjs.sk\/op\/op.Public.php?documentid=6158\" class=\"ek-link\">Rector\u2019s Decision No. 13\/2021<\/a><\/li>\n\n\n\n<li>Principles of the Admission Procedure for studies at Pavol Jozef \u0160af\u00e1rik University in Ko\u0161ice &#8211; <a href=\"https:\/\/intranet.upjs.sk\/op\/op.Public.php?documentid=6039\" class=\"ek-link\">Rector\u2019s Decision No.14\/2021<\/a><\/li>\n\n\n\n<li>The rules for the assessment of plagiarism at Pavol Jozef \u0160af\u00e1rik University in Ko\u0161ice and its parts &#8211; <a href=\"https:\/\/intranet.upjs.sk\/op\/op.Public.php?documentid=5887\" class=\"ek-link\">Rector\u2019s Decision No. 21\/2021<\/a><\/li>\n\n\n\n<li>The principles of good practice in scientific publication at Pavol Jozef \u0160af\u00e1rik University in Ko\u0161ice and its parts &#8211; <a href=\"https:\/\/intranet.upjs.sk\/op\/op.Public.php?documentid=6040\" class=\"ek-link\">Rector\u2019s Decision No. 5\/2021<\/a><\/li>\n\n\n\n<li>The production and use of audio-visual recordings from teleconferencing educational, popularization and presentation activities at Pavol Jozef \u0160af\u00e1rik University in Ko\u0161ice and its parts &#8211; <a href=\"https:\/\/intranet.upjs.sk\/op\/op.Public.php?documentid=6043\" class=\"ek-link\">Rector\u2019s Decision No. 22\/2020<\/a><\/li>\n<\/ul>\n<\/div>\n\n\n\n<div class=\"wp-block-column is-layout-flow wp-block-column-is-layout-flow\" style=\"flex-basis:25%\"><style>.kb-image_159c3a-90.kb-image-is-ratio-size, .kb-image_159c3a-90 .kb-image-is-ratio-size{max-width:150px;width:100%;}.wp-block-kadence-column > .kt-inside-inner-col > .kb-image_159c3a-90.kb-image-is-ratio-size, .wp-block-kadence-column > .kt-inside-inner-col > .kb-image_159c3a-90 .kb-image-is-ratio-size{align-self:unset;}.kb-image_159c3a-90{max-width:150px;}.image-is-svg.kb-image_159c3a-90{-webkit-flex:0 1 100%;flex:0 1 100%;}.image-is-svg.kb-image_159c3a-90 img{width:100%;}.kb-image_159c3a-90 .kb-image-has-overlay:after{opacity:0.3;}<\/style>\n<figure class=\"wp-block-kadence-image kb-image_159c3a-90 size-full\"><img loading=\"lazy\" decoding=\"async\" width=\"244\" height=\"390\" src=\"https:\/\/www.upjs.sk\/app\/uploads\/sites\/9\/2022\/09\/pravidla.png\" alt=\"pravidla-a-zasady\" class=\"kb-img wp-image-14141\" srcset=\"https:\/\/www.upjs.sk\/app\/uploads\/sites\/9\/2022\/09\/pravidla.png 244w, https:\/\/www.upjs.sk\/app\/uploads\/sites\/9\/2022\/09\/pravidla-188x300.png 188w\" sizes=\"auto, (max-width: 244px) 100vw, 244px\" \/><\/figure>\n<\/div>\n<\/div>\n","protected":false},"excerpt":{"rendered":"<p>Rules and principles for quality assurance and verification system at the Pavol Jozef \u0160af\u00e1rik University in Ko\u0161ice<\/p>\n","protected":false},"author":1,"featured_media":58391,"parent":69160,"menu_order":3,"comment_status":"closed","ping_status":"closed","template":"","meta":{"_acf_changed":false,"_editorskit_title_hidden":false,"_editorskit_reading_time":1,"_editorskit_is_block_options_detached":false,"_editorskit_block_options_position":"{}","footnotes":""},"categories":[],"tags":[],"class_list":["post-69166","page","type-page","status-publish","has-post-thumbnail","hentry"],"acf":{"acf_link_na_externy_obsah":""},"yoast_head":"<!-- This site is optimized with the Yoast SEO plugin v27.5 - https:\/\/yoast.com\/product\/yoast-seo-wordpress\/ -->\n<title>Rules and Principles for Quality Assurance and Verification - Lek\u00e1rska fakulta | UPJ\u0160<\/title>\n<meta name=\"robots\" content=\"index, follow, max-snippet:-1, max-image-preview:large, max-video-preview:-1\" \/>\n<link rel=\"canonical\" href=\"https:\/\/www.upjs.sk\/lekarska-fakulta\/en\/about-faculty\/evalution-quality\/rules-and-principles\/\" \/>\n<meta property=\"og:locale\" content=\"en_US\" \/>\n<meta property=\"og:type\" content=\"article\" \/>\n<meta property=\"og:title\" content=\"Rules and Principles for Quality Assurance and Verification - Lek\u00e1rska fakulta | UPJ\u0160\" \/>\n<meta property=\"og:description\" content=\"Rules and principles for quality assurance and verification system at the Pavol Jozef \u0160af\u00e1rik University in Ko\u0161ice\" \/>\n<meta property=\"og:url\" content=\"https:\/\/www.upjs.sk\/lekarska-fakulta\/en\/about-faculty\/evalution-quality\/rules-and-principles\/\" \/>\n<meta property=\"og:site_name\" content=\"Lek\u00e1rska fakulta | UPJ\u0160\" \/>\n<meta property=\"article:modified_time\" content=\"2023-02-03T11:49:50+00:00\" \/>\n<meta property=\"og:image\" content=\"https:\/\/www.upjs.sk\/app\/uploads\/sites\/9\/2022\/11\/Quality.jpg\" \/>\n\t<meta property=\"og:image:width\" content=\"390\" \/>\n\t<meta property=\"og:image:height\" content=\"459\" \/>\n\t<meta property=\"og:image:type\" content=\"image\/jpeg\" \/>\n<meta name=\"twitter:card\" content=\"summary_large_image\" \/>\n<meta name=\"twitter:label1\" content=\"Est. reading time\" \/>\n\t<meta name=\"twitter:data1\" content=\"2 minutes\" \/>\n<script type=\"application\/ld+json\" class=\"yoast-schema-graph\">{\"@context\":\"https:\\\/\\\/schema.org\",\"@graph\":[{\"@type\":\"WebPage\",\"@id\":\"https:\\\/\\\/www.upjs.sk\\\/lekarska-fakulta\\\/en\\\/about-faculty\\\/evalution-quality\\\/rules-and-principles\\\/\",\"url\":\"https:\\\/\\\/www.upjs.sk\\\/lekarska-fakulta\\\/en\\\/about-faculty\\\/evalution-quality\\\/rules-and-principles\\\/\",\"name\":\"Rules and Principles for Quality Assurance and Verification - Lek\u00e1rska fakulta | UPJ\u0160\",\"isPartOf\":{\"@id\":\"https:\\\/\\\/www.upjs.sk\\\/lekarska-fakulta\\\/en\\\/#website\"},\"primaryImageOfPage\":{\"@id\":\"https:\\\/\\\/www.upjs.sk\\\/lekarska-fakulta\\\/en\\\/about-faculty\\\/evalution-quality\\\/rules-and-principles\\\/#primaryimage\"},\"image\":{\"@id\":\"https:\\\/\\\/www.upjs.sk\\\/lekarska-fakulta\\\/en\\\/about-faculty\\\/evalution-quality\\\/rules-and-principles\\\/#primaryimage\"},\"thumbnailUrl\":\"https:\\\/\\\/www.upjs.sk\\\/app\\\/uploads\\\/sites\\\/9\\\/2022\\\/11\\\/Quality.jpg\",\"datePublished\":\"2023-02-03T11:49:48+00:00\",\"dateModified\":\"2023-02-03T11:49:50+00:00\",\"breadcrumb\":{\"@id\":\"https:\\\/\\\/www.upjs.sk\\\/lekarska-fakulta\\\/en\\\/about-faculty\\\/evalution-quality\\\/rules-and-principles\\\/#breadcrumb\"},\"inLanguage\":\"en-US\",\"potentialAction\":[{\"@type\":\"ReadAction\",\"target\":[\"https:\\\/\\\/www.upjs.sk\\\/lekarska-fakulta\\\/en\\\/about-faculty\\\/evalution-quality\\\/rules-and-principles\\\/\"]}]},{\"@type\":\"ImageObject\",\"inLanguage\":\"en-US\",\"@id\":\"https:\\\/\\\/www.upjs.sk\\\/lekarska-fakulta\\\/en\\\/about-faculty\\\/evalution-quality\\\/rules-and-principles\\\/#primaryimage\",\"url\":\"https:\\\/\\\/www.upjs.sk\\\/app\\\/uploads\\\/sites\\\/9\\\/2022\\\/11\\\/Quality.jpg\",\"contentUrl\":\"https:\\\/\\\/www.upjs.sk\\\/app\\\/uploads\\\/sites\\\/9\\\/2022\\\/11\\\/Quality.jpg\",\"width\":390,\"height\":459,\"caption\":\"rules-and-principles\"},{\"@type\":\"BreadcrumbList\",\"@id\":\"https:\\\/\\\/www.upjs.sk\\\/lekarska-fakulta\\\/en\\\/about-faculty\\\/evalution-quality\\\/rules-and-principles\\\/#breadcrumb\",\"itemListElement\":[{\"@type\":\"ListItem\",\"position\":1,\"name\":\"Home\",\"item\":\"https:\\\/\\\/www.upjs.sk\\\/lekarska-fakulta\\\/en\\\/\"},{\"@type\":\"ListItem\",\"position\":2,\"name\":\"About Faculty\",\"item\":\"https:\\\/\\\/www.upjs.sk\\\/lekarska-fakulta\\\/en\\\/about-faculty\\\/\"},{\"@type\":\"ListItem\",\"position\":3,\"name\":\"Internal Quality Evaluation System\",\"item\":\"https:\\\/\\\/www.upjs.sk\\\/lekarska-fakulta\\\/en\\\/about-faculty\\\/evalution-quality\\\/\"},{\"@type\":\"ListItem\",\"position\":4,\"name\":\"Rules and Principles for Quality Assurance and Verification\"}]},{\"@type\":\"WebSite\",\"@id\":\"https:\\\/\\\/www.upjs.sk\\\/lekarska-fakulta\\\/en\\\/#website\",\"url\":\"https:\\\/\\\/www.upjs.sk\\\/lekarska-fakulta\\\/en\\\/\",\"name\":\"Lek\u00e1rska fakulta | UPJ\u0160\",\"description\":\"\",\"publisher\":{\"@id\":\"https:\\\/\\\/www.upjs.sk\\\/lekarska-fakulta\\\/en\\\/#organization\"},\"potentialAction\":[{\"@type\":\"SearchAction\",\"target\":{\"@type\":\"EntryPoint\",\"urlTemplate\":\"https:\\\/\\\/www.upjs.sk\\\/lekarska-fakulta\\\/en\\\/?s={search_term_string}\"},\"query-input\":{\"@type\":\"PropertyValueSpecification\",\"valueRequired\":true,\"valueName\":\"search_term_string\"}}],\"inLanguage\":\"en-US\"},{\"@type\":\"Organization\",\"@id\":\"https:\\\/\\\/www.upjs.sk\\\/lekarska-fakulta\\\/en\\\/#organization\",\"name\":\"Lek\u00e1rska fakulta | UPJ\u0160\",\"url\":\"https:\\\/\\\/www.upjs.sk\\\/lekarska-fakulta\\\/en\\\/\",\"logo\":{\"@type\":\"ImageObject\",\"inLanguage\":\"en-US\",\"@id\":\"https:\\\/\\\/www.upjs.sk\\\/lekarska-fakulta\\\/en\\\/#\\\/schema\\\/logo\\\/image\\\/\",\"url\":\"https:\\\/\\\/www.upjs.sk\\\/app\\\/uploads\\\/sites\\\/9\\\/2023\\\/04\\\/LF-eNG_frame.svg\",\"contentUrl\":\"https:\\\/\\\/www.upjs.sk\\\/app\\\/uploads\\\/sites\\\/9\\\/2023\\\/04\\\/LF-eNG_frame.svg\",\"width\":292,\"height\":61,\"caption\":\"Lek\u00e1rska fakulta | UPJ\u0160\"},\"image\":{\"@id\":\"https:\\\/\\\/www.upjs.sk\\\/lekarska-fakulta\\\/en\\\/#\\\/schema\\\/logo\\\/image\\\/\"}}]}<\/script>\n<!-- \/ Yoast SEO plugin. -->","yoast_head_json":{"title":"Rules and Principles for Quality Assurance and Verification - Lek\u00e1rska fakulta | UPJ\u0160","robots":{"index":"index","follow":"follow","max-snippet":"max-snippet:-1","max-image-preview":"max-image-preview:large","max-video-preview":"max-video-preview:-1"},"canonical":"https:\/\/www.upjs.sk\/lekarska-fakulta\/en\/about-faculty\/evalution-quality\/rules-and-principles\/","og_locale":"en_US","og_type":"article","og_title":"Rules and Principles for Quality Assurance and Verification - Lek\u00e1rska fakulta | UPJ\u0160","og_description":"Rules and principles for quality assurance and verification system at the Pavol Jozef \u0160af\u00e1rik University in Ko\u0161ice","og_url":"https:\/\/www.upjs.sk\/lekarska-fakulta\/en\/about-faculty\/evalution-quality\/rules-and-principles\/","og_site_name":"Lek\u00e1rska fakulta | UPJ\u0160","article_modified_time":"2023-02-03T11:49:50+00:00","og_image":[{"width":390,"height":459,"url":"https:\/\/www.upjs.sk\/app\/uploads\/sites\/9\/2022\/11\/Quality.jpg","type":"image\/jpeg"}],"twitter_card":"summary_large_image","twitter_misc":{"Est. reading time":"2 minutes"},"schema":{"@context":"https:\/\/schema.org","@graph":[{"@type":"WebPage","@id":"https:\/\/www.upjs.sk\/lekarska-fakulta\/en\/about-faculty\/evalution-quality\/rules-and-principles\/","url":"https:\/\/www.upjs.sk\/lekarska-fakulta\/en\/about-faculty\/evalution-quality\/rules-and-principles\/","name":"Rules and Principles for Quality Assurance and Verification - Lek\u00e1rska fakulta | UPJ\u0160","isPartOf":{"@id":"https:\/\/www.upjs.sk\/lekarska-fakulta\/en\/#website"},"primaryImageOfPage":{"@id":"https:\/\/www.upjs.sk\/lekarska-fakulta\/en\/about-faculty\/evalution-quality\/rules-and-principles\/#primaryimage"},"image":{"@id":"https:\/\/www.upjs.sk\/lekarska-fakulta\/en\/about-faculty\/evalution-quality\/rules-and-principles\/#primaryimage"},"thumbnailUrl":"https:\/\/www.upjs.sk\/app\/uploads\/sites\/9\/2022\/11\/Quality.jpg","datePublished":"2023-02-03T11:49:48+00:00","dateModified":"2023-02-03T11:49:50+00:00","breadcrumb":{"@id":"https:\/\/www.upjs.sk\/lekarska-fakulta\/en\/about-faculty\/evalution-quality\/rules-and-principles\/#breadcrumb"},"inLanguage":"en-US","potentialAction":[{"@type":"ReadAction","target":["https:\/\/www.upjs.sk\/lekarska-fakulta\/en\/about-faculty\/evalution-quality\/rules-and-principles\/"]}]},{"@type":"ImageObject","inLanguage":"en-US","@id":"https:\/\/www.upjs.sk\/lekarska-fakulta\/en\/about-faculty\/evalution-quality\/rules-and-principles\/#primaryimage","url":"https:\/\/www.upjs.sk\/app\/uploads\/sites\/9\/2022\/11\/Quality.jpg","contentUrl":"https:\/\/www.upjs.sk\/app\/uploads\/sites\/9\/2022\/11\/Quality.jpg","width":390,"height":459,"caption":"rules-and-principles"},{"@type":"BreadcrumbList","@id":"https:\/\/www.upjs.sk\/lekarska-fakulta\/en\/about-faculty\/evalution-quality\/rules-and-principles\/#breadcrumb","itemListElement":[{"@type":"ListItem","position":1,"name":"Home","item":"https:\/\/www.upjs.sk\/lekarska-fakulta\/en\/"},{"@type":"ListItem","position":2,"name":"About Faculty","item":"https:\/\/www.upjs.sk\/lekarska-fakulta\/en\/about-faculty\/"},{"@type":"ListItem","position":3,"name":"Internal Quality Evaluation System","item":"https:\/\/www.upjs.sk\/lekarska-fakulta\/en\/about-faculty\/evalution-quality\/"},{"@type":"ListItem","position":4,"name":"Rules and Principles for Quality Assurance and Verification"}]},{"@type":"WebSite","@id":"https:\/\/www.upjs.sk\/lekarska-fakulta\/en\/#website","url":"https:\/\/www.upjs.sk\/lekarska-fakulta\/en\/","name":"Lek\u00e1rska fakulta | UPJ\u0160","description":"","publisher":{"@id":"https:\/\/www.upjs.sk\/lekarska-fakulta\/en\/#organization"},"potentialAction":[{"@type":"SearchAction","target":{"@type":"EntryPoint","urlTemplate":"https:\/\/www.upjs.sk\/lekarska-fakulta\/en\/?s={search_term_string}"},"query-input":{"@type":"PropertyValueSpecification","valueRequired":true,"valueName":"search_term_string"}}],"inLanguage":"en-US"},{"@type":"Organization","@id":"https:\/\/www.upjs.sk\/lekarska-fakulta\/en\/#organization","name":"Lek\u00e1rska fakulta | UPJ\u0160","url":"https:\/\/www.upjs.sk\/lekarska-fakulta\/en\/","logo":{"@type":"ImageObject","inLanguage":"en-US","@id":"https:\/\/www.upjs.sk\/lekarska-fakulta\/en\/#\/schema\/logo\/image\/","url":"https:\/\/www.upjs.sk\/app\/uploads\/sites\/9\/2023\/04\/LF-eNG_frame.svg","contentUrl":"https:\/\/www.upjs.sk\/app\/uploads\/sites\/9\/2023\/04\/LF-eNG_frame.svg","width":292,"height":61,"caption":"Lek\u00e1rska fakulta | UPJ\u0160"},"image":{"@id":"https:\/\/www.upjs.sk\/lekarska-fakulta\/en\/#\/schema\/logo\/image\/"}}]}},"_links":{"self":[{"href":"https:\/\/www.upjs.sk\/lekarska-fakulta\/en\/wp-json\/wp\/v2\/pages\/69166","targetHints":{"allow":["GET"]}}],"collection":[{"href":"https:\/\/www.upjs.sk\/lekarska-fakulta\/en\/wp-json\/wp\/v2\/pages"}],"about":[{"href":"https:\/\/www.upjs.sk\/lekarska-fakulta\/en\/wp-json\/wp\/v2\/types\/page"}],"author":[{"embeddable":true,"href":"https:\/\/www.upjs.sk\/lekarska-fakulta\/en\/wp-json\/wp\/v2\/users\/1"}],"replies":[{"embeddable":true,"href":"https:\/\/www.upjs.sk\/lekarska-fakulta\/en\/wp-json\/wp\/v2\/comments?post=69166"}],"version-history":[{"count":4,"href":"https:\/\/www.upjs.sk\/lekarska-fakulta\/en\/wp-json\/wp\/v2\/pages\/69166\/revisions"}],"predecessor-version":[{"id":74040,"href":"https:\/\/www.upjs.sk\/lekarska-fakulta\/en\/wp-json\/wp\/v2\/pages\/69166\/revisions\/74040"}],"up":[{"embeddable":true,"href":"https:\/\/www.upjs.sk\/lekarska-fakulta\/en\/wp-json\/wp\/v2\/pages\/69160"}],"wp:featuredmedia":[{"embeddable":true,"href":"https:\/\/www.upjs.sk\/lekarska-fakulta\/en\/wp-json\/wp\/v2\/media\/58391"}],"wp:attachment":[{"href":"https:\/\/www.upjs.sk\/lekarska-fakulta\/en\/wp-json\/wp\/v2\/media?parent=69166"}],"wp:term":[{"taxonomy":"category","embeddable":true,"href":"https:\/\/www.upjs.sk\/lekarska-fakulta\/en\/wp-json\/wp\/v2\/categories?post=69166"},{"taxonomy":"post_tag","embeddable":true,"href":"https:\/\/www.upjs.sk\/lekarska-fakulta\/en\/wp-json\/wp\/v2\/tags?post=69166"}],"curies":[{"name":"wp","href":"https:\/\/api.w.org\/{rel}","templated":true}]}}