{"id":69169,"date":"2023-02-03T12:51:59","date_gmt":"2023-02-03T11:51:59","guid":{"rendered":"https:\/\/www.upjs.sk\/lekarska-fakulta\/evalution-quality\/ects\/"},"modified":"2023-02-03T12:52:03","modified_gmt":"2023-02-03T11:52:03","slug":"ects","status":"publish","type":"page","link":"https:\/\/www.upjs.sk\/lekarska-fakulta\/en\/about-faculty\/evalution-quality\/ects\/","title":{"rendered":"European Credit Transfer System"},"content":{"rendered":"\n<div class=\"wp-block-columns is-layout-flex wp-container-core-columns-is-layout-9d6595d7 wp-block-columns-is-layout-flex\">\n<div class=\"wp-block-column is-layout-flow wp-block-column-is-layout-flow\" style=\"flex-basis:75%\">\n<p>In the academic year 2001\/2002, a study credit system was introduced at the Pavol Jozef \u0160af\u00e1rik University in Ko\u0161ice (UPJ\u0160), Faculty of Medicine, which is in accordance with the <a href=\"https:\/\/education.ec.europa.eu\/levels\/higher-education\/inclusion-connectivity\/european-credit-transfer-accumulation-system\" class=\"ek-link\">European Credit Transfer System<\/a> (ECTS). Credits ECTS allow, on the basis of defined educational outcomes and the related burden, mutual comparison of the realized study, which provides students with greater flexibility in choosing study programs. The ECTS is a tool of the <a href=\"http:\/\/www.ehea.info\/\" class=\"ek-link\">European Higher Education Area<\/a> (EHEA) to increase the transparency of higher education, which allows credits obtained in one higher education institution to be included in a program studied at another higher education institution.<\/p>\n<\/div>\n\n\n\n<div class=\"wp-block-column is-layout-flow wp-block-column-is-layout-flow\"><style>.kb-image_09a7c0-c8.kb-image-is-ratio-size, .kb-image_09a7c0-c8 .kb-image-is-ratio-size{max-width:200px;width:100%;}.wp-block-kadence-column > .kt-inside-inner-col > .kb-image_09a7c0-c8.kb-image-is-ratio-size, .wp-block-kadence-column > .kt-inside-inner-col > .kb-image_09a7c0-c8 .kb-image-is-ratio-size{align-self:unset;}.kb-image_09a7c0-c8{max-width:200px;}.image-is-svg.kb-image_09a7c0-c8{-webkit-flex:0 1 100%;flex:0 1 100%;}.image-is-svg.kb-image_09a7c0-c8 img{width:100%;}.kb-image_09a7c0-c8 .kb-image-has-overlay:after{opacity:0.3;}<\/style>\n<figure class=\"wp-block-kadence-image kb-image_09a7c0-c8 size-full\"><img loading=\"lazy\" decoding=\"async\" width=\"280\" height=\"169\" src=\"https:\/\/www.upjs.sk\/app\/uploads\/sites\/9\/2022\/09\/ects.gif\" alt=\"credit-system\" class=\"kb-img wp-image-14144\"\/><\/figure>\n<\/div>\n<\/div>\n\n\n\n<p>The ECTS system assists in the planning, implementation and evaluation of higher education programs. It is a central tool of the <a href=\"https:\/\/education.ec.europa.eu\/levels\/higher-education\/inclusion-connectivity\/bologna-process-european-higher-education-area\" class=\"ek-link\">Bologna Process<\/a>, which aims to achieve better international comparability of national higher education systems. It helps students with mobility between countries, recognition of academic degrees and periods of study abroad.<\/p>\n\n\n\n<p>ECTS has been introduced in most countries of the European Higher Education Area as a national credit system and its use is constantly expanding. UPJ\u0160 in Ko\u0161ice has a defined method of allocating credits at all three levels of higher education as part of the study regulations:<\/p>\n\n\n\n<ul class=\"wp-block-list\">\n<li><a href=\"https:\/\/intranet.upjs.sk\/op\/op.Public.php?documentid=5829\" class=\"ek-link\">Study Rules<\/a> of Procedure at UPJ\u0160 in Ko\u0161ice for the I., II., and joined I. and II. degree of study in <a href=\"https:\/\/intranet.upjs.sk\/op\/op.Public.php?documentid=6159\" class=\"ek-link\">Annex No. 1<\/a> informs about recommended method of allocating credits to subjects in the creation of study programs at UPJ\u0160 at the 1st, 2nd and joined 1st and 2nd level of study.<\/li>\n\n\n\n<li><a href=\"https:\/\/www.upjs.sk\/app\/uploads\/sites\/9\/2022\/11\/phd-study-regulations-upjs-2019.pdf\" class=\"ek-link\">Study regulations for doctoral studies<\/a> in <a href=\"https:\/\/intranet.upjs.sk\/op\/op.Public.php?documentid=6160\" class=\"ek-link\">Annex No. 1<\/a> inform about the recommended method of allocating credits to subjects in the creation of doctoral study programmes at UPJ\u0160 in Ko\u0161ice.<\/li>\n<\/ul>\n\n\n\n<figure class=\"wp-block-image\"><img decoding=\"async\" src=\"https:\/\/www.upjs.sk\/app\/uploads\/sites\/9\/2022\/09\/ects.jpg\" alt=\"\"\/><\/figure>\n","protected":false},"excerpt":{"rendered":"<p>In the academic year 2001\/2002, a study credit system was introduced at the Pavol Jozef \u0160af\u00e1rik University in Ko\u0161ice (UPJ\u0160), Faculty of Medicine, which is in accordance with the European Credit Transfer System (ECTS). Credits ECTS allow, on the basis of defined educational outcomes and the related burden, mutual comparison of the realized study, which &hellip; <a href=\"https:\/\/www.upjs.sk\/lekarska-fakulta\/en\/about-faculty\/evalution-quality\/ects\/\">Continued<\/a><\/p>\n","protected":false},"author":1,"featured_media":14144,"parent":69160,"menu_order":4,"comment_status":"closed","ping_status":"closed","template":"","meta":{"_acf_changed":false,"_editorskit_title_hidden":false,"_editorskit_reading_time":0,"_editorskit_is_block_options_detached":false,"_editorskit_block_options_position":"{}","footnotes":""},"categories":[],"tags":[],"class_list":["post-69169","page","type-page","status-publish","has-post-thumbnail","hentry"],"acf":{"acf_link_na_externy_obsah":""},"yoast_head":"<!-- This site is optimized with the Yoast SEO plugin v27.2 - https:\/\/yoast.com\/product\/yoast-seo-wordpress\/ -->\n<title>European Credit Transfer System - Lek\u00e1rska fakulta | UPJ\u0160<\/title>\n<meta name=\"robots\" content=\"index, follow, max-snippet:-1, max-image-preview:large, max-video-preview:-1\" \/>\n<link rel=\"canonical\" href=\"https:\/\/www.upjs.sk\/lekarska-fakulta\/en\/about-faculty\/evalution-quality\/ects\/\" \/>\n<meta property=\"og:locale\" content=\"en_US\" \/>\n<meta property=\"og:type\" content=\"article\" \/>\n<meta property=\"og:title\" content=\"European Credit Transfer System - Lek\u00e1rska fakulta | UPJ\u0160\" \/>\n<meta property=\"og:description\" content=\"In the academic year 2001\/2002, a study credit system was introduced at the Pavol Jozef \u0160af\u00e1rik University in Ko\u0161ice (UPJ\u0160), Faculty of Medicine, which is in accordance with the European Credit Transfer System (ECTS). Credits ECTS allow, on the basis of defined educational outcomes and the related burden, mutual comparison of the realized study, which &hellip; Continued\" \/>\n<meta property=\"og:url\" content=\"https:\/\/www.upjs.sk\/lekarska-fakulta\/en\/about-faculty\/evalution-quality\/ects\/\" \/>\n<meta property=\"og:site_name\" content=\"Lek\u00e1rska fakulta | UPJ\u0160\" \/>\n<meta property=\"article:modified_time\" content=\"2023-02-03T11:52:03+00:00\" \/>\n<meta property=\"og:image\" content=\"https:\/\/www.upjs.sk\/app\/uploads\/sites\/9\/2022\/09\/ects.gif\" \/>\n\t<meta property=\"og:image:width\" content=\"280\" \/>\n\t<meta property=\"og:image:height\" content=\"169\" \/>\n\t<meta property=\"og:image:type\" content=\"image\/gif\" \/>\n<meta name=\"twitter:card\" content=\"summary_large_image\" \/>\n<meta name=\"twitter:label1\" content=\"Est. reading time\" \/>\n\t<meta name=\"twitter:data1\" content=\"2 minutes\" \/>\n<script type=\"application\/ld+json\" class=\"yoast-schema-graph\">{\"@context\":\"https:\/\/schema.org\",\"@graph\":[{\"@type\":\"WebPage\",\"@id\":\"https:\/\/www.upjs.sk\/lekarska-fakulta\/en\/about-faculty\/evalution-quality\/ects\/\",\"url\":\"https:\/\/www.upjs.sk\/lekarska-fakulta\/en\/about-faculty\/evalution-quality\/ects\/\",\"name\":\"European Credit Transfer System - Lek\u00e1rska fakulta | UPJ\u0160\",\"isPartOf\":{\"@id\":\"https:\/\/www.upjs.sk\/lekarska-fakulta\/en\/#website\"},\"primaryImageOfPage\":{\"@id\":\"https:\/\/www.upjs.sk\/lekarska-fakulta\/en\/about-faculty\/evalution-quality\/ects\/#primaryimage\"},\"image\":{\"@id\":\"https:\/\/www.upjs.sk\/lekarska-fakulta\/en\/about-faculty\/evalution-quality\/ects\/#primaryimage\"},\"thumbnailUrl\":\"https:\/\/www.upjs.sk\/app\/uploads\/sites\/9\/2022\/09\/ects.gif\",\"datePublished\":\"2023-02-03T11:51:59+00:00\",\"dateModified\":\"2023-02-03T11:52:03+00:00\",\"breadcrumb\":{\"@id\":\"https:\/\/www.upjs.sk\/lekarska-fakulta\/en\/about-faculty\/evalution-quality\/ects\/#breadcrumb\"},\"inLanguage\":\"en-US\",\"potentialAction\":[{\"@type\":\"ReadAction\",\"target\":[\"https:\/\/www.upjs.sk\/lekarska-fakulta\/en\/about-faculty\/evalution-quality\/ects\/\"]}]},{\"@type\":\"ImageObject\",\"inLanguage\":\"en-US\",\"@id\":\"https:\/\/www.upjs.sk\/lekarska-fakulta\/en\/about-faculty\/evalution-quality\/ects\/#primaryimage\",\"url\":\"https:\/\/www.upjs.sk\/app\/uploads\/sites\/9\/2022\/09\/ects.gif\",\"contentUrl\":\"https:\/\/www.upjs.sk\/app\/uploads\/sites\/9\/2022\/09\/ects.gif\",\"width\":280,\"height\":169,\"caption\":\"credit-system\"},{\"@type\":\"BreadcrumbList\",\"@id\":\"https:\/\/www.upjs.sk\/lekarska-fakulta\/en\/about-faculty\/evalution-quality\/ects\/#breadcrumb\",\"itemListElement\":[{\"@type\":\"ListItem\",\"position\":1,\"name\":\"Home\",\"item\":\"https:\/\/www.upjs.sk\/lekarska-fakulta\/en\/\"},{\"@type\":\"ListItem\",\"position\":2,\"name\":\"About Faculty\",\"item\":\"https:\/\/www.upjs.sk\/lekarska-fakulta\/en\/about-faculty\/\"},{\"@type\":\"ListItem\",\"position\":3,\"name\":\"Internal Quality Evaluation System\",\"item\":\"https:\/\/www.upjs.sk\/lekarska-fakulta\/en\/about-faculty\/evalution-quality\/\"},{\"@type\":\"ListItem\",\"position\":4,\"name\":\"European Credit Transfer System\"}]},{\"@type\":\"WebSite\",\"@id\":\"https:\/\/www.upjs.sk\/lekarska-fakulta\/en\/#website\",\"url\":\"https:\/\/www.upjs.sk\/lekarska-fakulta\/en\/\",\"name\":\"Lek\u00e1rska fakulta | UPJ\u0160\",\"description\":\"\",\"publisher\":{\"@id\":\"https:\/\/www.upjs.sk\/lekarska-fakulta\/en\/#organization\"},\"potentialAction\":[{\"@type\":\"SearchAction\",\"target\":{\"@type\":\"EntryPoint\",\"urlTemplate\":\"https:\/\/www.upjs.sk\/lekarska-fakulta\/en\/?s={search_term_string}\"},\"query-input\":{\"@type\":\"PropertyValueSpecification\",\"valueRequired\":true,\"valueName\":\"search_term_string\"}}],\"inLanguage\":\"en-US\"},{\"@type\":\"Organization\",\"@id\":\"https:\/\/www.upjs.sk\/lekarska-fakulta\/en\/#organization\",\"name\":\"Lek\u00e1rska fakulta | UPJ\u0160\",\"url\":\"https:\/\/www.upjs.sk\/lekarska-fakulta\/en\/\",\"logo\":{\"@type\":\"ImageObject\",\"inLanguage\":\"en-US\",\"@id\":\"https:\/\/www.upjs.sk\/lekarska-fakulta\/en\/#\/schema\/logo\/image\/\",\"url\":\"https:\/\/www.upjs.sk\/app\/uploads\/sites\/9\/2023\/04\/LF-eNG_frame.svg\",\"contentUrl\":\"https:\/\/www.upjs.sk\/app\/uploads\/sites\/9\/2023\/04\/LF-eNG_frame.svg\",\"width\":292,\"height\":61,\"caption\":\"Lek\u00e1rska fakulta | UPJ\u0160\"},\"image\":{\"@id\":\"https:\/\/www.upjs.sk\/lekarska-fakulta\/en\/#\/schema\/logo\/image\/\"}}]}<\/script>\n<!-- \/ Yoast SEO plugin. -->","yoast_head_json":{"title":"European Credit Transfer System - Lek\u00e1rska fakulta | UPJ\u0160","robots":{"index":"index","follow":"follow","max-snippet":"max-snippet:-1","max-image-preview":"max-image-preview:large","max-video-preview":"max-video-preview:-1"},"canonical":"https:\/\/www.upjs.sk\/lekarska-fakulta\/en\/about-faculty\/evalution-quality\/ects\/","og_locale":"en_US","og_type":"article","og_title":"European Credit Transfer System - Lek\u00e1rska fakulta | UPJ\u0160","og_description":"In the academic year 2001\/2002, a study credit system was introduced at the Pavol Jozef \u0160af\u00e1rik University in Ko\u0161ice (UPJ\u0160), Faculty of Medicine, which is in accordance with the European Credit Transfer System (ECTS). Credits ECTS allow, on the basis of defined educational outcomes and the related burden, mutual comparison of the realized study, which &hellip; Continued","og_url":"https:\/\/www.upjs.sk\/lekarska-fakulta\/en\/about-faculty\/evalution-quality\/ects\/","og_site_name":"Lek\u00e1rska fakulta | UPJ\u0160","article_modified_time":"2023-02-03T11:52:03+00:00","og_image":[{"width":280,"height":169,"url":"https:\/\/www.upjs.sk\/app\/uploads\/sites\/9\/2022\/09\/ects.gif","type":"image\/gif"}],"twitter_card":"summary_large_image","twitter_misc":{"Est. reading time":"2 minutes"},"schema":{"@context":"https:\/\/schema.org","@graph":[{"@type":"WebPage","@id":"https:\/\/www.upjs.sk\/lekarska-fakulta\/en\/about-faculty\/evalution-quality\/ects\/","url":"https:\/\/www.upjs.sk\/lekarska-fakulta\/en\/about-faculty\/evalution-quality\/ects\/","name":"European Credit Transfer System - Lek\u00e1rska fakulta | UPJ\u0160","isPartOf":{"@id":"https:\/\/www.upjs.sk\/lekarska-fakulta\/en\/#website"},"primaryImageOfPage":{"@id":"https:\/\/www.upjs.sk\/lekarska-fakulta\/en\/about-faculty\/evalution-quality\/ects\/#primaryimage"},"image":{"@id":"https:\/\/www.upjs.sk\/lekarska-fakulta\/en\/about-faculty\/evalution-quality\/ects\/#primaryimage"},"thumbnailUrl":"https:\/\/www.upjs.sk\/app\/uploads\/sites\/9\/2022\/09\/ects.gif","datePublished":"2023-02-03T11:51:59+00:00","dateModified":"2023-02-03T11:52:03+00:00","breadcrumb":{"@id":"https:\/\/www.upjs.sk\/lekarska-fakulta\/en\/about-faculty\/evalution-quality\/ects\/#breadcrumb"},"inLanguage":"en-US","potentialAction":[{"@type":"ReadAction","target":["https:\/\/www.upjs.sk\/lekarska-fakulta\/en\/about-faculty\/evalution-quality\/ects\/"]}]},{"@type":"ImageObject","inLanguage":"en-US","@id":"https:\/\/www.upjs.sk\/lekarska-fakulta\/en\/about-faculty\/evalution-quality\/ects\/#primaryimage","url":"https:\/\/www.upjs.sk\/app\/uploads\/sites\/9\/2022\/09\/ects.gif","contentUrl":"https:\/\/www.upjs.sk\/app\/uploads\/sites\/9\/2022\/09\/ects.gif","width":280,"height":169,"caption":"credit-system"},{"@type":"BreadcrumbList","@id":"https:\/\/www.upjs.sk\/lekarska-fakulta\/en\/about-faculty\/evalution-quality\/ects\/#breadcrumb","itemListElement":[{"@type":"ListItem","position":1,"name":"Home","item":"https:\/\/www.upjs.sk\/lekarska-fakulta\/en\/"},{"@type":"ListItem","position":2,"name":"About Faculty","item":"https:\/\/www.upjs.sk\/lekarska-fakulta\/en\/about-faculty\/"},{"@type":"ListItem","position":3,"name":"Internal Quality Evaluation System","item":"https:\/\/www.upjs.sk\/lekarska-fakulta\/en\/about-faculty\/evalution-quality\/"},{"@type":"ListItem","position":4,"name":"European Credit Transfer System"}]},{"@type":"WebSite","@id":"https:\/\/www.upjs.sk\/lekarska-fakulta\/en\/#website","url":"https:\/\/www.upjs.sk\/lekarska-fakulta\/en\/","name":"Lek\u00e1rska fakulta | UPJ\u0160","description":"","publisher":{"@id":"https:\/\/www.upjs.sk\/lekarska-fakulta\/en\/#organization"},"potentialAction":[{"@type":"SearchAction","target":{"@type":"EntryPoint","urlTemplate":"https:\/\/www.upjs.sk\/lekarska-fakulta\/en\/?s={search_term_string}"},"query-input":{"@type":"PropertyValueSpecification","valueRequired":true,"valueName":"search_term_string"}}],"inLanguage":"en-US"},{"@type":"Organization","@id":"https:\/\/www.upjs.sk\/lekarska-fakulta\/en\/#organization","name":"Lek\u00e1rska fakulta | UPJ\u0160","url":"https:\/\/www.upjs.sk\/lekarska-fakulta\/en\/","logo":{"@type":"ImageObject","inLanguage":"en-US","@id":"https:\/\/www.upjs.sk\/lekarska-fakulta\/en\/#\/schema\/logo\/image\/","url":"https:\/\/www.upjs.sk\/app\/uploads\/sites\/9\/2023\/04\/LF-eNG_frame.svg","contentUrl":"https:\/\/www.upjs.sk\/app\/uploads\/sites\/9\/2023\/04\/LF-eNG_frame.svg","width":292,"height":61,"caption":"Lek\u00e1rska fakulta | UPJ\u0160"},"image":{"@id":"https:\/\/www.upjs.sk\/lekarska-fakulta\/en\/#\/schema\/logo\/image\/"}}]}},"_links":{"self":[{"href":"https:\/\/www.upjs.sk\/lekarska-fakulta\/en\/wp-json\/wp\/v2\/pages\/69169","targetHints":{"allow":["GET"]}}],"collection":[{"href":"https:\/\/www.upjs.sk\/lekarska-fakulta\/en\/wp-json\/wp\/v2\/pages"}],"about":[{"href":"https:\/\/www.upjs.sk\/lekarska-fakulta\/en\/wp-json\/wp\/v2\/types\/page"}],"author":[{"embeddable":true,"href":"https:\/\/www.upjs.sk\/lekarska-fakulta\/en\/wp-json\/wp\/v2\/users\/1"}],"replies":[{"embeddable":true,"href":"https:\/\/www.upjs.sk\/lekarska-fakulta\/en\/wp-json\/wp\/v2\/comments?post=69169"}],"version-history":[{"count":5,"href":"https:\/\/www.upjs.sk\/lekarska-fakulta\/en\/wp-json\/wp\/v2\/pages\/69169\/revisions"}],"predecessor-version":[{"id":75994,"href":"https:\/\/www.upjs.sk\/lekarska-fakulta\/en\/wp-json\/wp\/v2\/pages\/69169\/revisions\/75994"}],"up":[{"embeddable":true,"href":"https:\/\/www.upjs.sk\/lekarska-fakulta\/en\/wp-json\/wp\/v2\/pages\/69160"}],"wp:featuredmedia":[{"embeddable":true,"href":"https:\/\/www.upjs.sk\/lekarska-fakulta\/en\/wp-json\/wp\/v2\/media\/14144"}],"wp:attachment":[{"href":"https:\/\/www.upjs.sk\/lekarska-fakulta\/en\/wp-json\/wp\/v2\/media?parent=69169"}],"wp:term":[{"taxonomy":"category","embeddable":true,"href":"https:\/\/www.upjs.sk\/lekarska-fakulta\/en\/wp-json\/wp\/v2\/categories?post=69169"},{"taxonomy":"post_tag","embeddable":true,"href":"https:\/\/www.upjs.sk\/lekarska-fakulta\/en\/wp-json\/wp\/v2\/tags?post=69169"}],"curies":[{"name":"wp","href":"https:\/\/api.w.org\/{rel}","templated":true}]}}