{"id":69314,"date":"2023-04-15T03:40:49","date_gmt":"2023-04-15T02:40:49","guid":{"rendered":"https:\/\/www.upjs.sk\/lekarska-fakulta\/current-students\/doctoral-studies\/information-for-students\/documents\/"},"modified":"2026-03-18T09:31:07","modified_gmt":"2026-03-18T08:31:07","slug":"basic-documents","status":"publish","type":"page","link":"https:\/\/www.upjs.sk\/lekarska-fakulta\/en\/about-faculty\/basic-documents\/","title":{"rendered":"Basic Documents"},"content":{"rendered":"<style>.wp-block-kadence-advancedheading.kt-adv-heading69314_270e07-1c, .wp-block-kadence-advancedheading.kt-adv-heading69314_270e07-1c[data-kb-block=\"kb-adv-heading69314_270e07-1c\"]{font-style:normal;}.wp-block-kadence-advancedheading.kt-adv-heading69314_270e07-1c mark.kt-highlight, .wp-block-kadence-advancedheading.kt-adv-heading69314_270e07-1c[data-kb-block=\"kb-adv-heading69314_270e07-1c\"] mark.kt-highlight{font-style:normal;color:#f76a0c;-webkit-box-decoration-break:clone;box-decoration-break:clone;padding-top:0px;padding-right:0px;padding-bottom:0px;padding-left:0px;}<\/style>\n<h4 class=\"kt-adv-heading69314_270e07-1c wp-block-kadence-advancedheading\" data-kb-block=\"kb-adv-heading69314_270e07-1c\">Legislation and internal regulations<\/h4>\n\n\n\n<ul class=\"wp-block-list\">\n<li><a href=\"https:\/\/www.upjs.sk\/app\/uploads\/sites\/9\/2023\/09\/Statut_UPJS_-LF_23_ENG.pdf\" target=\"_blank\" aria-label=\"Statute of UPJ\u0160 FM (opens in a new tab)\" rel=\"noreferrer noopener\" class=\"ek-link\">Statute of UPJ\u0160 FM<\/a><\/li>\n\n\n\n<li><a href=\"https:\/\/www.upjs.sk\/app\/uploads\/sites\/9\/2023\/09\/Organizacny_poriadok_LF_23_ENG.pdf\" target=\"_blank\" aria-label=\"Rules of organisation of UPJ\u0160 FM (opens in a new tab)\" rel=\"noreferrer noopener\" class=\"ek-link\">Rules of organisation of UPJ\u0160 FM<\/a><\/li>\n\n\n\n<li><a href=\"https:\/\/intranet.upjs.sk\/op\/op.Public.php?documentid=6039\" class=\"ek-link\">Principles of Admission Procedure<\/a> \u2013 Rector\u2019s Decision No. 14\/2021<\/li>\n\n\n\n<li><a href=\"https:\/\/intranet.upjs.sk\/op\/op.Public.php?documentid=8404\" class=\"ek-link\">Scholarship Regulations<\/a> at Pavol Jozef \u0160af\u00e1rik University in Ko\u0161ice<\/li>\n\n\n\n<li><a href=\"https:\/\/intranet.upjs.sk\/op\/op.Public.php?documentid=8933\" class=\"ek-link\">Scholarship Regulations<\/a> &#8211; internal regulation at UPJS FM<\/li>\n\n\n\n<li><a href=\"https:\/\/www.upjs.sk\/app\/uploads\/sites\/9\/2022\/11\/RR-11-2017-ENG-pre-vstupne.pdf\" class=\"ek-link\">Regulations concerning work health and safety and fire protection<\/a><\/li>\n\n\n\n<li><a href=\"https:\/\/intranet.upjs.sk\/op\/op.Public.php?documentid=8357\" class=\"ek-link\">Disciplinary Rules of Procedure for the Students at UPJ\u0160 FM<\/a><\/li>\n\n\n\n<li><a href=\"https:\/\/intranet.upjs.sk\/op\/op.Public.php?documentid=8934\" target=\"_blank\" aria-label=\" (opens in a new tab)\" rel=\"noreferrer noopener\" class=\"ek-link\">Rules of Procedure of the Disciplinary Commission at UPJ\u0160 FM<\/a><\/li>\n\n\n\n<li><a href=\"https:\/\/www.upjs.sk\/app\/uploads\/sites\/9\/2023\/01\/UPJS-Student-Code-of-Ethics.pdf\" class=\"ek-link\">Pavol Jozef \u0160af\u00e1rik University in Ko\u0161ice Student Code of Ethics<\/a><\/li>\n\n\n\n<li><a href=\"https:\/\/www.upjs.sk\/app\/uploads\/sites\/9\/2023\/09\/Eticky_kodex_zamestnanca_LF_2007_ENG.pdf\" target=\"_blank\" aria-label=\"Code of Ethics for Academic Staff of UPJ\u0160 FM  (opens in a new tab)\" rel=\"noreferrer noopener\" class=\"ek-link\">Code of Ethics for Academic Staff of UPJ\u0160 FM <\/a><\/li>\n\n\n\n<li><a href=\"https:\/\/www.upjs.sk\/app\/uploads\/sites\/9\/2023\/09\/Statut_EK_UPJS_LF_2007_ENG.pdf\" target=\"_blank\" aria-label=\"Statute of the Ethics Committee of UPJ\u0160 FM  (opens in a new tab)\" rel=\"noreferrer noopener\" class=\"ek-link\">Statute of the Ethics Committee of UPJ\u0160 FM <\/a><\/li>\n\n\n\n<li><a href=\"https:\/\/www.upjs.sk\/app\/uploads\/sites\/9\/2023\/09\/Statut_EK_UPJS_LF_2018_dodatok_ENG.pdf\" target=\"_blank\" aria-label=\"Ammendment No. 2 to the Statute of the Ethics Committee of the UPJ\u0160 FM in Ko\u0161ice for Work with Laboratory Animals (opens in a new tab)\" rel=\"noreferrer noopener\" class=\"ek-link\">Ammendment No. 2 to the Statute of the Ethics Committee of the UPJ\u0160 FM in Ko\u0161ice for Work with Laboratory Animals<\/a><\/li>\n\n\n\n<li><a href=\"https:\/\/www.upjs.sk\/app\/uploads\/sites\/9\/2025\/02\/Rector-Decision-No-9_2025_AX-2025_2026_Order-of-fees_effective-from-1th-September-2025.pdf?\" target=\"_blank\" rel=\"noreferrer noopener\">Rector\u2019s Decision no 9\/2025<\/a>\u00a0on the determination of tuition fees, fees associated with studies and on the reimbursement of costs associated with increasing qualifications in the academic year 2025\/2026 at UPJ\u0160 in Ko\u0161ice<\/li>\n\n\n\n<li><a href=\"https:\/\/intranet.upjs.sk\/op\/op.Public.php?documentid=10890\">Dean\u2019s Directive No. 1\/2026<\/a> on the use of social media by employees and students of UPJ\u0160 FM<\/li>\n<\/ul>\n\n\n\n<div style=\"height:20px\" aria-hidden=\"true\" class=\"wp-block-spacer\"><\/div>\n\n\n<style>.wp-block-kadence-advancedheading.kt-adv-heading69314_4ab40a-cb, .wp-block-kadence-advancedheading.kt-adv-heading69314_4ab40a-cb[data-kb-block=\"kb-adv-heading69314_4ab40a-cb\"]{font-style:normal;}.wp-block-kadence-advancedheading.kt-adv-heading69314_4ab40a-cb mark.kt-highlight, .wp-block-kadence-advancedheading.kt-adv-heading69314_4ab40a-cb[data-kb-block=\"kb-adv-heading69314_4ab40a-cb\"] mark.kt-highlight{font-style:normal;color:#f76a0c;-webkit-box-decoration-break:clone;box-decoration-break:clone;padding-top:0px;padding-right:0px;padding-bottom:0px;padding-left:0px;}<\/style>\n<h4 class=\"kt-adv-heading69314_4ab40a-cb wp-block-kadence-advancedheading\" data-kb-block=\"kb-adv-heading69314_4ab40a-cb\">Study rules<\/h4>\n\n\n\n<ul class=\"wp-block-list\">\n<li><a href=\"https:\/\/www.upjs.sk\/en\/internal-system-evaluation-quality\/study-programmes\/\">Legislative and Organizational Framework<\/a>&nbsp;at Pavol Jozef \u0160af\u00e1rik University in Ko\u0161ice<\/li>\n\n\n\n<li><a href=\"https:\/\/intranet.upjs.sk\/op\/op.Public.php?documentid=5829\">Study Rules of Procedure<\/a>&nbsp;at Pavol Jozef \u0160af\u00e1rik University in Ko\u0161ice<\/li>\n\n\n\n<li><a href=\"https:\/\/www.upjs.sk\/app\/uploads\/sites\/9\/2023\/09\/Studijny_poriadok_LF_23_ENG.pdf\" target=\"_blank\" rel=\"noreferrer noopener\">Study Rules of Procedure of the UPJ\u0160 FM&nbsp;<\/a><em>(effective as of 1.9.2023)<\/em><\/li>\n\n\n\n<li><a href=\"https:\/\/intranet.upjs.sk\/op\/op.Public.php?documentid=10863\" target=\"_blank\" rel=\"noreferrer noopener\">Amendment No. 1 to the Study Rules and Regulations UPJ\u0160 FM<\/a> <em>(effective as of 29.1.2026)<\/em><\/li>\n\n\n\n<li><a href=\"https:\/\/intranet.upjs.sk\/op\/op.Public.php?documentid=8915\" target=\"_blank\" rel=\"noreferrer noopener\">Dean\u2019s Directive No. 3\/2023, supplementing and specifying the provisions of the Study Regulations of UPJ\u0160 FM<\/a>&nbsp;<em>(effective as of 20.11.2023)<\/em><\/li>\n\n\n\n<li><a href=\"https:\/\/intranet.upjs.sk\/op\/op.Public.php?documentid=8929\" target=\"_blank\" rel=\"noreferrer noopener\">Dean\u2019s Directive No. 4\/2023, on the recognition of courses at UPJ\u0160 FM<\/a>&nbsp;<em>(effective as of 11.12.2023)<\/em><\/li>\n\n\n\n<li><a href=\"https:\/\/www.upjs.sk\/app\/uploads\/sites\/9\/2022\/11\/SP_UPJS_LF_2020EN.pdf\">Study Rules of Procedure of the UPJ\u0160 FM<\/a>&nbsp;<em>(effective as of 1.9.2020)<\/em><br><a href=\"https:\/\/www.upjs.sk\/app\/uploads\/sites\/9\/2023\/01\/Directive-1-2022.pdf\">Directive No. 1\/2022<\/a>&nbsp;<em>(effective as of 1.9.2022)<\/em><\/li>\n\n\n\n<li><a href=\"https:\/\/intranet.upjs.sk\/op\/op.Public.php?documentid=8325\">PhD Study Regulations at the Pavol Jozef \u0160af\u00e1rik University in Ko\u0161ice<\/a>&nbsp;<em>(effective as effective as of 1.9.2023)<\/em><\/li>\n\n\n\n<li><a href=\"https:\/\/www.upjs.sk\/app\/uploads\/sites\/9\/2022\/11\/phd-study-regulations-upjs-2019.pdf\">PhD Study Regulations<\/a>&nbsp;at UPJ\u0160 in Ko\u0161ice&nbsp;<em>(effective as of 1.9.2019)<\/em><\/li>\n\n\n\n<li><a href=\"https:\/\/intranet.upjs.sk\/op\/op.ViewOnline.php?documentid=780&amp;version=1\" target=\"_blank\" rel=\"noreferrer noopener\">Rector\u2019s Decree No. 11\/2017<\/a>&nbsp;on the implementation of introductory training and informing the UPJ\u0160 students of the regulations on occupational safety and health protection, fire protection, and civil protection<\/li>\n\n\n\n<li><a href=\"https:\/\/intranet.upjs.sk\/op\/op.Public.php?documentid=9772\" target=\"_blank\" rel=\"noreferrer noopener\">Guidance for the use of protective clothing and footwear during practical class at UPJ\u0160 LF<\/a><\/li>\n\n\n\n<li><a href=\"https:\/\/intranet.upjs.sk\/op\/op.Public.php?documentid=9971\" target=\"_blank\" rel=\"noreferrer noopener\">Guidance on personal data protection at UPJ\u0160 FM<\/a><\/li>\n<\/ul>\n\n\n\n<div style=\"height:20px\" aria-hidden=\"true\" class=\"wp-block-spacer\"><\/div>\n\n\n<style>.wp-block-kadence-advancedheading.kt-adv-heading69314_99fc0d-b6, .wp-block-kadence-advancedheading.kt-adv-heading69314_99fc0d-b6[data-kb-block=\"kb-adv-heading69314_99fc0d-b6\"]{font-style:normal;}.wp-block-kadence-advancedheading.kt-adv-heading69314_99fc0d-b6 mark.kt-highlight, .wp-block-kadence-advancedheading.kt-adv-heading69314_99fc0d-b6[data-kb-block=\"kb-adv-heading69314_99fc0d-b6\"] mark.kt-highlight{font-style:normal;color:#f76a0c;-webkit-box-decoration-break:clone;box-decoration-break:clone;padding-top:0px;padding-right:0px;padding-bottom:0px;padding-left:0px;}<\/style>\n<h4 class=\"kt-adv-heading69314_99fc0d-b6 wp-block-kadence-advancedheading\" data-kb-block=\"kb-adv-heading69314_99fc0d-b6\">Information brochures and annual reports<\/h4>\n\n\n\n<ul class=\"wp-block-list\">\n<li><a href=\"https:\/\/www.upjs.sk\/lekarska-fakulta\/en\/about-faculty\/basic-documents\/faculty-information-brochures\/\" class=\"ek-link\">Faculty information brochures<\/a><\/li>\n\n\n\n<li><a href=\"https:\/\/www.upjs.sk\/lekarska-fakulta\/en\/about-faculty\/evalution-quality\/faculty-activity-reports\/\" class=\"ek-link\">Faculty activity reports<\/a><\/li>\n\n\n\n<li><a href=\"https:\/\/www.upjs.sk\/lekarska-fakulta\/en\/science\/research-activities-reports\/\" class=\"ek-link\">Reports on scientific research activities<\/a><\/li>\n\n\n\n<li><a href=\"https:\/\/www.upjs.sk\/lekarska-fakulta\/en\/current-students\/phd-study\/documents\/\" class=\"ek-link\">Reports on PhD studies at UPJ\u0160 FM<\/a><\/li>\n<\/ul>\n\n\n\n<p><\/p>\n","protected":false},"excerpt":{"rendered":"<p>Legislation and internal regulations Study rules Information brochures and annual reports<\/p>\n","protected":false},"author":1,"featured_media":0,"parent":69147,"menu_order":2,"comment_status":"closed","ping_status":"closed","template":"","meta":{"_acf_changed":false,"_editorskit_title_hidden":false,"_editorskit_reading_time":1,"_editorskit_is_block_options_detached":false,"_editorskit_block_options_position":"{}","footnotes":""},"categories":[],"tags":[],"class_list":["post-69314","page","type-page","status-publish","hentry"],"acf":{"acf_link_na_externy_obsah":""},"yoast_head":"<!-- This site is optimized with the Yoast SEO plugin v27.2 - https:\/\/yoast.com\/product\/yoast-seo-wordpress\/ -->\n<title>Basic Documents - Lek\u00e1rska fakulta | UPJ\u0160<\/title>\n<meta name=\"robots\" content=\"index, follow, max-snippet:-1, max-image-preview:large, max-video-preview:-1\" \/>\n<link rel=\"canonical\" href=\"https:\/\/www.upjs.sk\/lekarska-fakulta\/en\/about-faculty\/basic-documents\/\" \/>\n<meta property=\"og:locale\" content=\"en_US\" \/>\n<meta property=\"og:type\" content=\"article\" \/>\n<meta property=\"og:title\" content=\"Basic Documents - Lek\u00e1rska fakulta | UPJ\u0160\" \/>\n<meta property=\"og:description\" content=\"Legislation and internal regulations Study rules Information brochures and annual reports\" \/>\n<meta property=\"og:url\" content=\"https:\/\/www.upjs.sk\/lekarska-fakulta\/en\/about-faculty\/basic-documents\/\" \/>\n<meta property=\"og:site_name\" content=\"Lek\u00e1rska fakulta | UPJ\u0160\" \/>\n<meta property=\"article:modified_time\" content=\"2026-03-18T08:31:07+00:00\" \/>\n<meta name=\"twitter:card\" content=\"summary_large_image\" \/>\n<meta name=\"twitter:label1\" content=\"Est. reading time\" \/>\n\t<meta name=\"twitter:data1\" content=\"3 minutes\" \/>\n<script type=\"application\/ld+json\" class=\"yoast-schema-graph\">{\"@context\":\"https:\/\/schema.org\",\"@graph\":[{\"@type\":\"WebPage\",\"@id\":\"https:\/\/www.upjs.sk\/lekarska-fakulta\/en\/about-faculty\/basic-documents\/\",\"url\":\"https:\/\/www.upjs.sk\/lekarska-fakulta\/en\/about-faculty\/basic-documents\/\",\"name\":\"Basic Documents - Lek\u00e1rska fakulta | UPJ\u0160\",\"isPartOf\":{\"@id\":\"https:\/\/www.upjs.sk\/lekarska-fakulta\/en\/#website\"},\"datePublished\":\"2023-04-15T02:40:49+00:00\",\"dateModified\":\"2026-03-18T08:31:07+00:00\",\"breadcrumb\":{\"@id\":\"https:\/\/www.upjs.sk\/lekarska-fakulta\/en\/about-faculty\/basic-documents\/#breadcrumb\"},\"inLanguage\":\"en-US\",\"potentialAction\":[{\"@type\":\"ReadAction\",\"target\":[\"https:\/\/www.upjs.sk\/lekarska-fakulta\/en\/about-faculty\/basic-documents\/\"]}]},{\"@type\":\"BreadcrumbList\",\"@id\":\"https:\/\/www.upjs.sk\/lekarska-fakulta\/en\/about-faculty\/basic-documents\/#breadcrumb\",\"itemListElement\":[{\"@type\":\"ListItem\",\"position\":1,\"name\":\"Home\",\"item\":\"https:\/\/www.upjs.sk\/lekarska-fakulta\/en\/\"},{\"@type\":\"ListItem\",\"position\":2,\"name\":\"About Faculty\",\"item\":\"https:\/\/www.upjs.sk\/lekarska-fakulta\/en\/about-faculty\/\"},{\"@type\":\"ListItem\",\"position\":3,\"name\":\"Basic Documents\"}]},{\"@type\":\"WebSite\",\"@id\":\"https:\/\/www.upjs.sk\/lekarska-fakulta\/en\/#website\",\"url\":\"https:\/\/www.upjs.sk\/lekarska-fakulta\/en\/\",\"name\":\"Lek\u00e1rska fakulta | UPJ\u0160\",\"description\":\"\",\"publisher\":{\"@id\":\"https:\/\/www.upjs.sk\/lekarska-fakulta\/en\/#organization\"},\"potentialAction\":[{\"@type\":\"SearchAction\",\"target\":{\"@type\":\"EntryPoint\",\"urlTemplate\":\"https:\/\/www.upjs.sk\/lekarska-fakulta\/en\/?s={search_term_string}\"},\"query-input\":{\"@type\":\"PropertyValueSpecification\",\"valueRequired\":true,\"valueName\":\"search_term_string\"}}],\"inLanguage\":\"en-US\"},{\"@type\":\"Organization\",\"@id\":\"https:\/\/www.upjs.sk\/lekarska-fakulta\/en\/#organization\",\"name\":\"Lek\u00e1rska fakulta | UPJ\u0160\",\"url\":\"https:\/\/www.upjs.sk\/lekarska-fakulta\/en\/\",\"logo\":{\"@type\":\"ImageObject\",\"inLanguage\":\"en-US\",\"@id\":\"https:\/\/www.upjs.sk\/lekarska-fakulta\/en\/#\/schema\/logo\/image\/\",\"url\":\"https:\/\/www.upjs.sk\/app\/uploads\/sites\/9\/2023\/04\/LF-eNG_frame.svg\",\"contentUrl\":\"https:\/\/www.upjs.sk\/app\/uploads\/sites\/9\/2023\/04\/LF-eNG_frame.svg\",\"width\":292,\"height\":61,\"caption\":\"Lek\u00e1rska fakulta | UPJ\u0160\"},\"image\":{\"@id\":\"https:\/\/www.upjs.sk\/lekarska-fakulta\/en\/#\/schema\/logo\/image\/\"}}]}<\/script>\n<!-- \/ Yoast SEO plugin. -->","yoast_head_json":{"title":"Basic Documents - Lek\u00e1rska fakulta | UPJ\u0160","robots":{"index":"index","follow":"follow","max-snippet":"max-snippet:-1","max-image-preview":"max-image-preview:large","max-video-preview":"max-video-preview:-1"},"canonical":"https:\/\/www.upjs.sk\/lekarska-fakulta\/en\/about-faculty\/basic-documents\/","og_locale":"en_US","og_type":"article","og_title":"Basic Documents - Lek\u00e1rska fakulta | UPJ\u0160","og_description":"Legislation and internal regulations Study rules Information brochures and annual reports","og_url":"https:\/\/www.upjs.sk\/lekarska-fakulta\/en\/about-faculty\/basic-documents\/","og_site_name":"Lek\u00e1rska fakulta | UPJ\u0160","article_modified_time":"2026-03-18T08:31:07+00:00","twitter_card":"summary_large_image","twitter_misc":{"Est. reading time":"3 minutes"},"schema":{"@context":"https:\/\/schema.org","@graph":[{"@type":"WebPage","@id":"https:\/\/www.upjs.sk\/lekarska-fakulta\/en\/about-faculty\/basic-documents\/","url":"https:\/\/www.upjs.sk\/lekarska-fakulta\/en\/about-faculty\/basic-documents\/","name":"Basic Documents - Lek\u00e1rska fakulta | UPJ\u0160","isPartOf":{"@id":"https:\/\/www.upjs.sk\/lekarska-fakulta\/en\/#website"},"datePublished":"2023-04-15T02:40:49+00:00","dateModified":"2026-03-18T08:31:07+00:00","breadcrumb":{"@id":"https:\/\/www.upjs.sk\/lekarska-fakulta\/en\/about-faculty\/basic-documents\/#breadcrumb"},"inLanguage":"en-US","potentialAction":[{"@type":"ReadAction","target":["https:\/\/www.upjs.sk\/lekarska-fakulta\/en\/about-faculty\/basic-documents\/"]}]},{"@type":"BreadcrumbList","@id":"https:\/\/www.upjs.sk\/lekarska-fakulta\/en\/about-faculty\/basic-documents\/#breadcrumb","itemListElement":[{"@type":"ListItem","position":1,"name":"Home","item":"https:\/\/www.upjs.sk\/lekarska-fakulta\/en\/"},{"@type":"ListItem","position":2,"name":"About Faculty","item":"https:\/\/www.upjs.sk\/lekarska-fakulta\/en\/about-faculty\/"},{"@type":"ListItem","position":3,"name":"Basic Documents"}]},{"@type":"WebSite","@id":"https:\/\/www.upjs.sk\/lekarska-fakulta\/en\/#website","url":"https:\/\/www.upjs.sk\/lekarska-fakulta\/en\/","name":"Lek\u00e1rska fakulta | UPJ\u0160","description":"","publisher":{"@id":"https:\/\/www.upjs.sk\/lekarska-fakulta\/en\/#organization"},"potentialAction":[{"@type":"SearchAction","target":{"@type":"EntryPoint","urlTemplate":"https:\/\/www.upjs.sk\/lekarska-fakulta\/en\/?s={search_term_string}"},"query-input":{"@type":"PropertyValueSpecification","valueRequired":true,"valueName":"search_term_string"}}],"inLanguage":"en-US"},{"@type":"Organization","@id":"https:\/\/www.upjs.sk\/lekarska-fakulta\/en\/#organization","name":"Lek\u00e1rska fakulta | UPJ\u0160","url":"https:\/\/www.upjs.sk\/lekarska-fakulta\/en\/","logo":{"@type":"ImageObject","inLanguage":"en-US","@id":"https:\/\/www.upjs.sk\/lekarska-fakulta\/en\/#\/schema\/logo\/image\/","url":"https:\/\/www.upjs.sk\/app\/uploads\/sites\/9\/2023\/04\/LF-eNG_frame.svg","contentUrl":"https:\/\/www.upjs.sk\/app\/uploads\/sites\/9\/2023\/04\/LF-eNG_frame.svg","width":292,"height":61,"caption":"Lek\u00e1rska fakulta | UPJ\u0160"},"image":{"@id":"https:\/\/www.upjs.sk\/lekarska-fakulta\/en\/#\/schema\/logo\/image\/"}}]}},"_links":{"self":[{"href":"https:\/\/www.upjs.sk\/lekarska-fakulta\/en\/wp-json\/wp\/v2\/pages\/69314","targetHints":{"allow":["GET"]}}],"collection":[{"href":"https:\/\/www.upjs.sk\/lekarska-fakulta\/en\/wp-json\/wp\/v2\/pages"}],"about":[{"href":"https:\/\/www.upjs.sk\/lekarska-fakulta\/en\/wp-json\/wp\/v2\/types\/page"}],"author":[{"embeddable":true,"href":"https:\/\/www.upjs.sk\/lekarska-fakulta\/en\/wp-json\/wp\/v2\/users\/1"}],"replies":[{"embeddable":true,"href":"https:\/\/www.upjs.sk\/lekarska-fakulta\/en\/wp-json\/wp\/v2\/comments?post=69314"}],"version-history":[{"count":19,"href":"https:\/\/www.upjs.sk\/lekarska-fakulta\/en\/wp-json\/wp\/v2\/pages\/69314\/revisions"}],"predecessor-version":[{"id":156454,"href":"https:\/\/www.upjs.sk\/lekarska-fakulta\/en\/wp-json\/wp\/v2\/pages\/69314\/revisions\/156454"}],"up":[{"embeddable":true,"href":"https:\/\/www.upjs.sk\/lekarska-fakulta\/en\/wp-json\/wp\/v2\/pages\/69147"}],"wp:attachment":[{"href":"https:\/\/www.upjs.sk\/lekarska-fakulta\/en\/wp-json\/wp\/v2\/media?parent=69314"}],"wp:term":[{"taxonomy":"category","embeddable":true,"href":"https:\/\/www.upjs.sk\/lekarska-fakulta\/en\/wp-json\/wp\/v2\/categories?post=69314"},{"taxonomy":"post_tag","embeddable":true,"href":"https:\/\/www.upjs.sk\/lekarska-fakulta\/en\/wp-json\/wp\/v2\/tags?post=69314"}],"curies":[{"name":"wp","href":"https:\/\/api.w.org\/{rel}","templated":true}]}}