{"id":69339,"date":"2023-02-28T09:16:31","date_gmt":"2023-02-28T08:16:31","guid":{"rendered":"https:\/\/www.upjs.sk\/lekarska-fakulta\/current-students\/phd-study\/state-exams\/dissertation\/"},"modified":"2024-02-14T10:29:05","modified_gmt":"2024-02-14T09:29:05","slug":"dissertation","status":"publish","type":"page","link":"https:\/\/www.upjs.sk\/lekarska-fakulta\/en\/current-students\/phd-study\/state-exams\/dissertation\/","title":{"rendered":"Dissertation exam"},"content":{"rendered":"\n<p>When writing a thesis, proceed according to Art. 17 of the <a href=\"https:\/\/www.upjs.sk\/public\/media\/2062\/phd-study-regulations-upjs-2019.pdf\">PhD Study Regulations<\/a> at UPJ\u0160 in Ko\u0161ice.<\/p>\n\n\n\n<p>The full-time PhD student registers * for the dissertation examination (DE) in advance, no later than 24 months from the beginning of the doctoral study.<\/p>\n\n\n\n<p>The PhD student in external form applies for the DE in advance, no later than 3 years from the beginning of the doctoral study.<\/p>\n\n\n\n<p>The condition for granting consent for the implementation of DE is the completion of the study part in the prescribed composition of subjects and obtaining at least 90 credits, if the study in full-time form is four years and in external form five years.<\/p>\n\n\n\n<p>* It is considered to get registered:<\/p>\n\n\n\n<ul class=\"wp-block-list\">\n<li>submission of an application for permission of the dissertation exam<\/li>\n\n\n\n<li>submission of a written work for the dissertation examination in 2 copies (comb binding),<\/li>\n\n\n\n<li>submission of an electronic version of the thesis (in pdf).<\/li>\n<\/ul>\n\n\n\n<div style=\"height:20px\" aria-hidden=\"true\" class=\"wp-block-spacer\"><\/div>\n\n\n\n<p>Length of work: <u>at least 30 pages of text<\/u>.<\/p>\n\n\n\n<p>Documents for DE must be submitted to: <a href=\"https:\/\/www.upjs.sk\/en\/faculty-of-medicine\/science\/department\/\">Department of Scientific-Research Activities<\/a><\/p>\n\n\n\n<p><span style=\"color: #cc0000;\"><strong>Instruction and Forms<\/strong><\/span><\/p>\n\n\n\n<ul class=\"wp-block-list\">\n<li><a href=\"https:\/\/www.upjs.sk\/app\/uploads\/sites\/9\/2022\/11\/web_PhD_Dissertation-examination_MF.pdf\" class=\"ek-link\">Principles for dissertation examination<\/a><\/li>\n\n\n\n<li>The all needed forms you can find in one place: <a href=\"https:\/\/www.upjs.sk\/en\/faculty-of-medicine\/current-students\/phd-study\/forms\/\">Forms<\/a>\n<ul class=\"wp-block-list\">\n<li>Application for permission of the dissertation exam<\/li>\n\n\n\n<li>Specimen of the first page of the written work for the dissertation exam<\/li>\n\n\n\n<li>Specimen of the first and second page of the dissertation<\/li>\n\n\n\n<li>Specimen of the first and second page of the abstract<\/li>\n<\/ul>\n<\/li>\n<\/ul>\n","protected":false},"excerpt":{"rendered":"<p>When writing a thesis, proceed according to Art. 17 of the PhD Study Regulations at UPJ\u0160 in Ko\u0161ice. The full-time PhD student registers * for the dissertation examination (DE) in advance, no later than 24 months from the beginning of the doctoral study. The PhD student in external form applies for the DE in advance, &hellip; <a href=\"https:\/\/www.upjs.sk\/lekarska-fakulta\/en\/current-students\/phd-study\/state-exams\/dissertation\/\">Continued<\/a><\/p>\n","protected":false},"author":1,"featured_media":0,"parent":69338,"menu_order":0,"comment_status":"closed","ping_status":"closed","template":"","meta":{"_acf_changed":false,"_editorskit_title_hidden":false,"_editorskit_reading_time":1,"_editorskit_is_block_options_detached":false,"_editorskit_block_options_position":"{}","footnotes":""},"categories":[],"tags":[],"class_list":["post-69339","page","type-page","status-publish","hentry"],"acf":{"acf_link_na_externy_obsah":""},"yoast_head":"<!-- This site is optimized with the Yoast SEO plugin v27.4 - https:\/\/yoast.com\/product\/yoast-seo-wordpress\/ -->\n<title>Dissertation exam - Lek\u00e1rska fakulta | UPJ\u0160<\/title>\n<meta name=\"robots\" content=\"index, follow, max-snippet:-1, max-image-preview:large, max-video-preview:-1\" \/>\n<link rel=\"canonical\" href=\"https:\/\/www.upjs.sk\/lekarska-fakulta\/en\/current-students\/phd-study\/state-exams\/dissertation\/\" \/>\n<meta property=\"og:locale\" content=\"en_US\" \/>\n<meta property=\"og:type\" content=\"article\" \/>\n<meta property=\"og:title\" content=\"Dissertation exam - Lek\u00e1rska fakulta | UPJ\u0160\" \/>\n<meta property=\"og:description\" content=\"When writing a thesis, proceed according to Art. 17 of the PhD Study Regulations at UPJ\u0160 in Ko\u0161ice. The full-time PhD student registers * for the dissertation examination (DE) in advance, no later than 24 months from the beginning of the doctoral study. The PhD student in external form applies for the DE in advance, &hellip; Continued\" \/>\n<meta property=\"og:url\" content=\"https:\/\/www.upjs.sk\/lekarska-fakulta\/en\/current-students\/phd-study\/state-exams\/dissertation\/\" \/>\n<meta property=\"og:site_name\" content=\"Lek\u00e1rska fakulta | UPJ\u0160\" \/>\n<meta property=\"article:modified_time\" content=\"2024-02-14T09:29:05+00:00\" \/>\n<meta name=\"twitter:card\" content=\"summary_large_image\" \/>\n<meta name=\"twitter:label1\" content=\"Est. reading time\" \/>\n\t<meta name=\"twitter:data1\" content=\"2 minutes\" \/>\n<script type=\"application\/ld+json\" class=\"yoast-schema-graph\">{\"@context\":\"https:\\\/\\\/schema.org\",\"@graph\":[{\"@type\":\"WebPage\",\"@id\":\"https:\\\/\\\/www.upjs.sk\\\/lekarska-fakulta\\\/en\\\/current-students\\\/phd-study\\\/state-exams\\\/dissertation\\\/\",\"url\":\"https:\\\/\\\/www.upjs.sk\\\/lekarska-fakulta\\\/en\\\/current-students\\\/phd-study\\\/state-exams\\\/dissertation\\\/\",\"name\":\"Dissertation exam - Lek\u00e1rska fakulta | UPJ\u0160\",\"isPartOf\":{\"@id\":\"https:\\\/\\\/www.upjs.sk\\\/lekarska-fakulta\\\/en\\\/#website\"},\"datePublished\":\"2023-02-28T08:16:31+00:00\",\"dateModified\":\"2024-02-14T09:29:05+00:00\",\"breadcrumb\":{\"@id\":\"https:\\\/\\\/www.upjs.sk\\\/lekarska-fakulta\\\/en\\\/current-students\\\/phd-study\\\/state-exams\\\/dissertation\\\/#breadcrumb\"},\"inLanguage\":\"en-US\",\"potentialAction\":[{\"@type\":\"ReadAction\",\"target\":[\"https:\\\/\\\/www.upjs.sk\\\/lekarska-fakulta\\\/en\\\/current-students\\\/phd-study\\\/state-exams\\\/dissertation\\\/\"]}]},{\"@type\":\"BreadcrumbList\",\"@id\":\"https:\\\/\\\/www.upjs.sk\\\/lekarska-fakulta\\\/en\\\/current-students\\\/phd-study\\\/state-exams\\\/dissertation\\\/#breadcrumb\",\"itemListElement\":[{\"@type\":\"ListItem\",\"position\":1,\"name\":\"Home\",\"item\":\"https:\\\/\\\/www.upjs.sk\\\/lekarska-fakulta\\\/en\\\/\"},{\"@type\":\"ListItem\",\"position\":2,\"name\":\"Current students\",\"item\":\"https:\\\/\\\/www.upjs.sk\\\/lekarska-fakulta\\\/en\\\/current-students\\\/\"},{\"@type\":\"ListItem\",\"position\":3,\"name\":\"PhD Study\",\"item\":\"https:\\\/\\\/www.upjs.sk\\\/lekarska-fakulta\\\/en\\\/current-students\\\/phd-study\\\/\"},{\"@type\":\"ListItem\",\"position\":4,\"name\":\"State exams\",\"item\":\"https:\\\/\\\/www.upjs.sk\\\/lekarska-fakulta\\\/en\\\/current-students\\\/phd-study\\\/state-exams\\\/\"},{\"@type\":\"ListItem\",\"position\":5,\"name\":\"Dissertation exam\"}]},{\"@type\":\"WebSite\",\"@id\":\"https:\\\/\\\/www.upjs.sk\\\/lekarska-fakulta\\\/en\\\/#website\",\"url\":\"https:\\\/\\\/www.upjs.sk\\\/lekarska-fakulta\\\/en\\\/\",\"name\":\"Lek\u00e1rska fakulta | UPJ\u0160\",\"description\":\"\",\"publisher\":{\"@id\":\"https:\\\/\\\/www.upjs.sk\\\/lekarska-fakulta\\\/en\\\/#organization\"},\"potentialAction\":[{\"@type\":\"SearchAction\",\"target\":{\"@type\":\"EntryPoint\",\"urlTemplate\":\"https:\\\/\\\/www.upjs.sk\\\/lekarska-fakulta\\\/en\\\/?s={search_term_string}\"},\"query-input\":{\"@type\":\"PropertyValueSpecification\",\"valueRequired\":true,\"valueName\":\"search_term_string\"}}],\"inLanguage\":\"en-US\"},{\"@type\":\"Organization\",\"@id\":\"https:\\\/\\\/www.upjs.sk\\\/lekarska-fakulta\\\/en\\\/#organization\",\"name\":\"Lek\u00e1rska fakulta | UPJ\u0160\",\"url\":\"https:\\\/\\\/www.upjs.sk\\\/lekarska-fakulta\\\/en\\\/\",\"logo\":{\"@type\":\"ImageObject\",\"inLanguage\":\"en-US\",\"@id\":\"https:\\\/\\\/www.upjs.sk\\\/lekarska-fakulta\\\/en\\\/#\\\/schema\\\/logo\\\/image\\\/\",\"url\":\"https:\\\/\\\/www.upjs.sk\\\/app\\\/uploads\\\/sites\\\/9\\\/2023\\\/04\\\/LF-eNG_frame.svg\",\"contentUrl\":\"https:\\\/\\\/www.upjs.sk\\\/app\\\/uploads\\\/sites\\\/9\\\/2023\\\/04\\\/LF-eNG_frame.svg\",\"width\":292,\"height\":61,\"caption\":\"Lek\u00e1rska fakulta | UPJ\u0160\"},\"image\":{\"@id\":\"https:\\\/\\\/www.upjs.sk\\\/lekarska-fakulta\\\/en\\\/#\\\/schema\\\/logo\\\/image\\\/\"}}]}<\/script>\n<!-- \/ Yoast SEO plugin. -->","yoast_head_json":{"title":"Dissertation exam - Lek\u00e1rska fakulta | UPJ\u0160","robots":{"index":"index","follow":"follow","max-snippet":"max-snippet:-1","max-image-preview":"max-image-preview:large","max-video-preview":"max-video-preview:-1"},"canonical":"https:\/\/www.upjs.sk\/lekarska-fakulta\/en\/current-students\/phd-study\/state-exams\/dissertation\/","og_locale":"en_US","og_type":"article","og_title":"Dissertation exam - Lek\u00e1rska fakulta | UPJ\u0160","og_description":"When writing a thesis, proceed according to Art. 17 of the PhD Study Regulations at UPJ\u0160 in Ko\u0161ice. The full-time PhD student registers * for the dissertation examination (DE) in advance, no later than 24 months from the beginning of the doctoral study. The PhD student in external form applies for the DE in advance, &hellip; Continued","og_url":"https:\/\/www.upjs.sk\/lekarska-fakulta\/en\/current-students\/phd-study\/state-exams\/dissertation\/","og_site_name":"Lek\u00e1rska fakulta | UPJ\u0160","article_modified_time":"2024-02-14T09:29:05+00:00","twitter_card":"summary_large_image","twitter_misc":{"Est. reading time":"2 minutes"},"schema":{"@context":"https:\/\/schema.org","@graph":[{"@type":"WebPage","@id":"https:\/\/www.upjs.sk\/lekarska-fakulta\/en\/current-students\/phd-study\/state-exams\/dissertation\/","url":"https:\/\/www.upjs.sk\/lekarska-fakulta\/en\/current-students\/phd-study\/state-exams\/dissertation\/","name":"Dissertation exam - Lek\u00e1rska fakulta | UPJ\u0160","isPartOf":{"@id":"https:\/\/www.upjs.sk\/lekarska-fakulta\/en\/#website"},"datePublished":"2023-02-28T08:16:31+00:00","dateModified":"2024-02-14T09:29:05+00:00","breadcrumb":{"@id":"https:\/\/www.upjs.sk\/lekarska-fakulta\/en\/current-students\/phd-study\/state-exams\/dissertation\/#breadcrumb"},"inLanguage":"en-US","potentialAction":[{"@type":"ReadAction","target":["https:\/\/www.upjs.sk\/lekarska-fakulta\/en\/current-students\/phd-study\/state-exams\/dissertation\/"]}]},{"@type":"BreadcrumbList","@id":"https:\/\/www.upjs.sk\/lekarska-fakulta\/en\/current-students\/phd-study\/state-exams\/dissertation\/#breadcrumb","itemListElement":[{"@type":"ListItem","position":1,"name":"Home","item":"https:\/\/www.upjs.sk\/lekarska-fakulta\/en\/"},{"@type":"ListItem","position":2,"name":"Current students","item":"https:\/\/www.upjs.sk\/lekarska-fakulta\/en\/current-students\/"},{"@type":"ListItem","position":3,"name":"PhD Study","item":"https:\/\/www.upjs.sk\/lekarska-fakulta\/en\/current-students\/phd-study\/"},{"@type":"ListItem","position":4,"name":"State exams","item":"https:\/\/www.upjs.sk\/lekarska-fakulta\/en\/current-students\/phd-study\/state-exams\/"},{"@type":"ListItem","position":5,"name":"Dissertation exam"}]},{"@type":"WebSite","@id":"https:\/\/www.upjs.sk\/lekarska-fakulta\/en\/#website","url":"https:\/\/www.upjs.sk\/lekarska-fakulta\/en\/","name":"Lek\u00e1rska fakulta | UPJ\u0160","description":"","publisher":{"@id":"https:\/\/www.upjs.sk\/lekarska-fakulta\/en\/#organization"},"potentialAction":[{"@type":"SearchAction","target":{"@type":"EntryPoint","urlTemplate":"https:\/\/www.upjs.sk\/lekarska-fakulta\/en\/?s={search_term_string}"},"query-input":{"@type":"PropertyValueSpecification","valueRequired":true,"valueName":"search_term_string"}}],"inLanguage":"en-US"},{"@type":"Organization","@id":"https:\/\/www.upjs.sk\/lekarska-fakulta\/en\/#organization","name":"Lek\u00e1rska fakulta | UPJ\u0160","url":"https:\/\/www.upjs.sk\/lekarska-fakulta\/en\/","logo":{"@type":"ImageObject","inLanguage":"en-US","@id":"https:\/\/www.upjs.sk\/lekarska-fakulta\/en\/#\/schema\/logo\/image\/","url":"https:\/\/www.upjs.sk\/app\/uploads\/sites\/9\/2023\/04\/LF-eNG_frame.svg","contentUrl":"https:\/\/www.upjs.sk\/app\/uploads\/sites\/9\/2023\/04\/LF-eNG_frame.svg","width":292,"height":61,"caption":"Lek\u00e1rska fakulta | UPJ\u0160"},"image":{"@id":"https:\/\/www.upjs.sk\/lekarska-fakulta\/en\/#\/schema\/logo\/image\/"}}]}},"_links":{"self":[{"href":"https:\/\/www.upjs.sk\/lekarska-fakulta\/en\/wp-json\/wp\/v2\/pages\/69339","targetHints":{"allow":["GET"]}}],"collection":[{"href":"https:\/\/www.upjs.sk\/lekarska-fakulta\/en\/wp-json\/wp\/v2\/pages"}],"about":[{"href":"https:\/\/www.upjs.sk\/lekarska-fakulta\/en\/wp-json\/wp\/v2\/types\/page"}],"author":[{"embeddable":true,"href":"https:\/\/www.upjs.sk\/lekarska-fakulta\/en\/wp-json\/wp\/v2\/users\/1"}],"replies":[{"embeddable":true,"href":"https:\/\/www.upjs.sk\/lekarska-fakulta\/en\/wp-json\/wp\/v2\/comments?post=69339"}],"version-history":[{"count":5,"href":"https:\/\/www.upjs.sk\/lekarska-fakulta\/en\/wp-json\/wp\/v2\/pages\/69339\/revisions"}],"predecessor-version":[{"id":108827,"href":"https:\/\/www.upjs.sk\/lekarska-fakulta\/en\/wp-json\/wp\/v2\/pages\/69339\/revisions\/108827"}],"up":[{"embeddable":true,"href":"https:\/\/www.upjs.sk\/lekarska-fakulta\/en\/wp-json\/wp\/v2\/pages\/69338"}],"wp:attachment":[{"href":"https:\/\/www.upjs.sk\/lekarska-fakulta\/en\/wp-json\/wp\/v2\/media?parent=69339"}],"wp:term":[{"taxonomy":"category","embeddable":true,"href":"https:\/\/www.upjs.sk\/lekarska-fakulta\/en\/wp-json\/wp\/v2\/categories?post=69339"},{"taxonomy":"post_tag","embeddable":true,"href":"https:\/\/www.upjs.sk\/lekarska-fakulta\/en\/wp-json\/wp\/v2\/tags?post=69339"}],"curies":[{"name":"wp","href":"https:\/\/api.w.org\/{rel}","templated":true}]}}