{"id":69340,"date":"2023-02-28T09:52:40","date_gmt":"2023-02-28T08:52:40","guid":{"rendered":"https:\/\/www.upjs.sk\/lekarska-fakulta\/current-students\/phd-study\/state-exams\/thesis-defense\/"},"modified":"2024-02-14T10:29:58","modified_gmt":"2024-02-14T09:29:58","slug":"thesis-defense","status":"publish","type":"page","link":"https:\/\/www.upjs.sk\/lekarska-fakulta\/en\/current-students\/phd-study\/state-exams\/thesis-defense\/","title":{"rendered":"Dissertation thesis defense"},"content":{"rendered":"\n<p>When writing a thesis, proceed according to Art. 18 of the <a href=\"https:\/\/www.upjs.sk\/app\/uploads\/sites\/9\/2022\/11\/phd-study-regulations-upjs-2019.pdf\" class=\"ek-link\">PhD Study Regulations<\/a> at UPJ\u0160 in Ko\u0161ice.<\/p>\n\n\n\n<p>The PhD student may apply for permission to defend the dissertation thesis the relevant department of the Rector&#8217;s Office or dean&#8217;s office, if the study program is carried out at the faculty, if he or she obtained at least 210 credits, if the daily form is four year and external five-year study.<\/p>\n\n\n\n<p><u>The application is submitted no later than <strong>3 months<\/strong> before the planned end of his\/her PhD studies.<\/u><\/p>\n\n\n\n<p><span style=\"color: #cc0000;\"><strong>Instruction and Forms<\/strong><\/span><\/p>\n\n\n\n<ul class=\"wp-block-list\">\n<li><a href=\"https:\/\/www.upjs.sk\/app\/uploads\/sites\/9\/2022\/11\/web_PhD_List-of-materials-for-the-defense-of-the-dissertation_FM.pdf\" class=\"ek-link\">List of materials for the dissertation thesis defense<\/a><\/li>\n\n\n\n<li>The all needed forms you can find in one place: <a href=\"https:\/\/www.upjs.sk\/en\/faculty-of-medicine\/current-students\/phd-study\/forms\/\" class=\"ek-link\">Forms<\/a>\n<ul class=\"wp-block-list\">\n<li>Application for permission of the dissertation thesis defense<\/li>\n\n\n\n<li>Application with the opponents&#8217; proposal for the dissertation thesis<\/li>\n\n\n\n<li>Specimen of the first and second page of the dissertation<\/li>\n\n\n\n<li>Specimen of the first and second page of the abstract<\/li>\n<\/ul>\n<\/li>\n<\/ul>\n","protected":false},"excerpt":{"rendered":"<p>When writing a thesis, proceed according to Art. 18 of the PhD Study Regulations at UPJ\u0160 in Ko\u0161ice. The PhD student may apply for permission to defend the dissertation thesis the relevant department of the Rector&#8217;s Office or dean&#8217;s office, if the study program is carried out at the faculty, if he or she obtained &hellip; <a href=\"https:\/\/www.upjs.sk\/lekarska-fakulta\/en\/current-students\/phd-study\/state-exams\/thesis-defense\/\">Continued<\/a><\/p>\n","protected":false},"author":1,"featured_media":0,"parent":69338,"menu_order":1,"comment_status":"closed","ping_status":"closed","template":"","meta":{"_acf_changed":false,"_editorskit_title_hidden":false,"_editorskit_reading_time":1,"_editorskit_is_block_options_detached":false,"_editorskit_block_options_position":"{}","footnotes":""},"categories":[],"tags":[],"class_list":["post-69340","page","type-page","status-publish","hentry"],"acf":{"acf_link_na_externy_obsah":""},"yoast_head":"<!-- This site is optimized with the Yoast SEO plugin v27.4 - https:\/\/yoast.com\/product\/yoast-seo-wordpress\/ -->\n<title>Dissertation thesis defense - Lek\u00e1rska fakulta | UPJ\u0160<\/title>\n<meta name=\"robots\" content=\"index, follow, max-snippet:-1, max-image-preview:large, max-video-preview:-1\" \/>\n<link rel=\"canonical\" href=\"https:\/\/www.upjs.sk\/lekarska-fakulta\/en\/current-students\/phd-study\/state-exams\/thesis-defense\/\" \/>\n<meta property=\"og:locale\" content=\"en_US\" \/>\n<meta property=\"og:type\" content=\"article\" \/>\n<meta property=\"og:title\" content=\"Dissertation thesis defense - Lek\u00e1rska fakulta | UPJ\u0160\" \/>\n<meta property=\"og:description\" content=\"When writing a thesis, proceed according to Art. 18 of the PhD Study Regulations at UPJ\u0160 in Ko\u0161ice. The PhD student may apply for permission to defend the dissertation thesis the relevant department of the Rector&#8217;s Office or dean&#8217;s office, if the study program is carried out at the faculty, if he or she obtained &hellip; Continued\" \/>\n<meta property=\"og:url\" content=\"https:\/\/www.upjs.sk\/lekarska-fakulta\/en\/current-students\/phd-study\/state-exams\/thesis-defense\/\" \/>\n<meta property=\"og:site_name\" content=\"Lek\u00e1rska fakulta | UPJ\u0160\" \/>\n<meta property=\"article:modified_time\" content=\"2024-02-14T09:29:58+00:00\" \/>\n<meta name=\"twitter:card\" content=\"summary_large_image\" \/>\n<meta name=\"twitter:label1\" content=\"Est. reading time\" \/>\n\t<meta name=\"twitter:data1\" content=\"1 minute\" \/>\n<script type=\"application\/ld+json\" class=\"yoast-schema-graph\">{\"@context\":\"https:\\\/\\\/schema.org\",\"@graph\":[{\"@type\":\"WebPage\",\"@id\":\"https:\\\/\\\/www.upjs.sk\\\/lekarska-fakulta\\\/en\\\/current-students\\\/phd-study\\\/state-exams\\\/thesis-defense\\\/\",\"url\":\"https:\\\/\\\/www.upjs.sk\\\/lekarska-fakulta\\\/en\\\/current-students\\\/phd-study\\\/state-exams\\\/thesis-defense\\\/\",\"name\":\"Dissertation thesis defense - Lek\u00e1rska fakulta | UPJ\u0160\",\"isPartOf\":{\"@id\":\"https:\\\/\\\/www.upjs.sk\\\/lekarska-fakulta\\\/en\\\/#website\"},\"datePublished\":\"2023-02-28T08:52:40+00:00\",\"dateModified\":\"2024-02-14T09:29:58+00:00\",\"breadcrumb\":{\"@id\":\"https:\\\/\\\/www.upjs.sk\\\/lekarska-fakulta\\\/en\\\/current-students\\\/phd-study\\\/state-exams\\\/thesis-defense\\\/#breadcrumb\"},\"inLanguage\":\"en-US\",\"potentialAction\":[{\"@type\":\"ReadAction\",\"target\":[\"https:\\\/\\\/www.upjs.sk\\\/lekarska-fakulta\\\/en\\\/current-students\\\/phd-study\\\/state-exams\\\/thesis-defense\\\/\"]}]},{\"@type\":\"BreadcrumbList\",\"@id\":\"https:\\\/\\\/www.upjs.sk\\\/lekarska-fakulta\\\/en\\\/current-students\\\/phd-study\\\/state-exams\\\/thesis-defense\\\/#breadcrumb\",\"itemListElement\":[{\"@type\":\"ListItem\",\"position\":1,\"name\":\"Home\",\"item\":\"https:\\\/\\\/www.upjs.sk\\\/lekarska-fakulta\\\/en\\\/\"},{\"@type\":\"ListItem\",\"position\":2,\"name\":\"Current students\",\"item\":\"https:\\\/\\\/www.upjs.sk\\\/lekarska-fakulta\\\/en\\\/current-students\\\/\"},{\"@type\":\"ListItem\",\"position\":3,\"name\":\"PhD Study\",\"item\":\"https:\\\/\\\/www.upjs.sk\\\/lekarska-fakulta\\\/en\\\/current-students\\\/phd-study\\\/\"},{\"@type\":\"ListItem\",\"position\":4,\"name\":\"State exams\",\"item\":\"https:\\\/\\\/www.upjs.sk\\\/lekarska-fakulta\\\/en\\\/current-students\\\/phd-study\\\/state-exams\\\/\"},{\"@type\":\"ListItem\",\"position\":5,\"name\":\"Dissertation thesis defense\"}]},{\"@type\":\"WebSite\",\"@id\":\"https:\\\/\\\/www.upjs.sk\\\/lekarska-fakulta\\\/en\\\/#website\",\"url\":\"https:\\\/\\\/www.upjs.sk\\\/lekarska-fakulta\\\/en\\\/\",\"name\":\"Lek\u00e1rska fakulta | UPJ\u0160\",\"description\":\"\",\"publisher\":{\"@id\":\"https:\\\/\\\/www.upjs.sk\\\/lekarska-fakulta\\\/en\\\/#organization\"},\"potentialAction\":[{\"@type\":\"SearchAction\",\"target\":{\"@type\":\"EntryPoint\",\"urlTemplate\":\"https:\\\/\\\/www.upjs.sk\\\/lekarska-fakulta\\\/en\\\/?s={search_term_string}\"},\"query-input\":{\"@type\":\"PropertyValueSpecification\",\"valueRequired\":true,\"valueName\":\"search_term_string\"}}],\"inLanguage\":\"en-US\"},{\"@type\":\"Organization\",\"@id\":\"https:\\\/\\\/www.upjs.sk\\\/lekarska-fakulta\\\/en\\\/#organization\",\"name\":\"Lek\u00e1rska fakulta | UPJ\u0160\",\"url\":\"https:\\\/\\\/www.upjs.sk\\\/lekarska-fakulta\\\/en\\\/\",\"logo\":{\"@type\":\"ImageObject\",\"inLanguage\":\"en-US\",\"@id\":\"https:\\\/\\\/www.upjs.sk\\\/lekarska-fakulta\\\/en\\\/#\\\/schema\\\/logo\\\/image\\\/\",\"url\":\"https:\\\/\\\/www.upjs.sk\\\/app\\\/uploads\\\/sites\\\/9\\\/2023\\\/04\\\/LF-eNG_frame.svg\",\"contentUrl\":\"https:\\\/\\\/www.upjs.sk\\\/app\\\/uploads\\\/sites\\\/9\\\/2023\\\/04\\\/LF-eNG_frame.svg\",\"width\":292,\"height\":61,\"caption\":\"Lek\u00e1rska fakulta | UPJ\u0160\"},\"image\":{\"@id\":\"https:\\\/\\\/www.upjs.sk\\\/lekarska-fakulta\\\/en\\\/#\\\/schema\\\/logo\\\/image\\\/\"}}]}<\/script>\n<!-- \/ Yoast SEO plugin. -->","yoast_head_json":{"title":"Dissertation thesis defense - Lek\u00e1rska fakulta | UPJ\u0160","robots":{"index":"index","follow":"follow","max-snippet":"max-snippet:-1","max-image-preview":"max-image-preview:large","max-video-preview":"max-video-preview:-1"},"canonical":"https:\/\/www.upjs.sk\/lekarska-fakulta\/en\/current-students\/phd-study\/state-exams\/thesis-defense\/","og_locale":"en_US","og_type":"article","og_title":"Dissertation thesis defense - Lek\u00e1rska fakulta | UPJ\u0160","og_description":"When writing a thesis, proceed according to Art. 18 of the PhD Study Regulations at UPJ\u0160 in Ko\u0161ice. The PhD student may apply for permission to defend the dissertation thesis the relevant department of the Rector&#8217;s Office or dean&#8217;s office, if the study program is carried out at the faculty, if he or she obtained &hellip; Continued","og_url":"https:\/\/www.upjs.sk\/lekarska-fakulta\/en\/current-students\/phd-study\/state-exams\/thesis-defense\/","og_site_name":"Lek\u00e1rska fakulta | UPJ\u0160","article_modified_time":"2024-02-14T09:29:58+00:00","twitter_card":"summary_large_image","twitter_misc":{"Est. reading time":"1 minute"},"schema":{"@context":"https:\/\/schema.org","@graph":[{"@type":"WebPage","@id":"https:\/\/www.upjs.sk\/lekarska-fakulta\/en\/current-students\/phd-study\/state-exams\/thesis-defense\/","url":"https:\/\/www.upjs.sk\/lekarska-fakulta\/en\/current-students\/phd-study\/state-exams\/thesis-defense\/","name":"Dissertation thesis defense - Lek\u00e1rska fakulta | UPJ\u0160","isPartOf":{"@id":"https:\/\/www.upjs.sk\/lekarska-fakulta\/en\/#website"},"datePublished":"2023-02-28T08:52:40+00:00","dateModified":"2024-02-14T09:29:58+00:00","breadcrumb":{"@id":"https:\/\/www.upjs.sk\/lekarska-fakulta\/en\/current-students\/phd-study\/state-exams\/thesis-defense\/#breadcrumb"},"inLanguage":"en-US","potentialAction":[{"@type":"ReadAction","target":["https:\/\/www.upjs.sk\/lekarska-fakulta\/en\/current-students\/phd-study\/state-exams\/thesis-defense\/"]}]},{"@type":"BreadcrumbList","@id":"https:\/\/www.upjs.sk\/lekarska-fakulta\/en\/current-students\/phd-study\/state-exams\/thesis-defense\/#breadcrumb","itemListElement":[{"@type":"ListItem","position":1,"name":"Home","item":"https:\/\/www.upjs.sk\/lekarska-fakulta\/en\/"},{"@type":"ListItem","position":2,"name":"Current students","item":"https:\/\/www.upjs.sk\/lekarska-fakulta\/en\/current-students\/"},{"@type":"ListItem","position":3,"name":"PhD Study","item":"https:\/\/www.upjs.sk\/lekarska-fakulta\/en\/current-students\/phd-study\/"},{"@type":"ListItem","position":4,"name":"State exams","item":"https:\/\/www.upjs.sk\/lekarska-fakulta\/en\/current-students\/phd-study\/state-exams\/"},{"@type":"ListItem","position":5,"name":"Dissertation thesis defense"}]},{"@type":"WebSite","@id":"https:\/\/www.upjs.sk\/lekarska-fakulta\/en\/#website","url":"https:\/\/www.upjs.sk\/lekarska-fakulta\/en\/","name":"Lek\u00e1rska fakulta | UPJ\u0160","description":"","publisher":{"@id":"https:\/\/www.upjs.sk\/lekarska-fakulta\/en\/#organization"},"potentialAction":[{"@type":"SearchAction","target":{"@type":"EntryPoint","urlTemplate":"https:\/\/www.upjs.sk\/lekarska-fakulta\/en\/?s={search_term_string}"},"query-input":{"@type":"PropertyValueSpecification","valueRequired":true,"valueName":"search_term_string"}}],"inLanguage":"en-US"},{"@type":"Organization","@id":"https:\/\/www.upjs.sk\/lekarska-fakulta\/en\/#organization","name":"Lek\u00e1rska fakulta | UPJ\u0160","url":"https:\/\/www.upjs.sk\/lekarska-fakulta\/en\/","logo":{"@type":"ImageObject","inLanguage":"en-US","@id":"https:\/\/www.upjs.sk\/lekarska-fakulta\/en\/#\/schema\/logo\/image\/","url":"https:\/\/www.upjs.sk\/app\/uploads\/sites\/9\/2023\/04\/LF-eNG_frame.svg","contentUrl":"https:\/\/www.upjs.sk\/app\/uploads\/sites\/9\/2023\/04\/LF-eNG_frame.svg","width":292,"height":61,"caption":"Lek\u00e1rska fakulta | UPJ\u0160"},"image":{"@id":"https:\/\/www.upjs.sk\/lekarska-fakulta\/en\/#\/schema\/logo\/image\/"}}]}},"_links":{"self":[{"href":"https:\/\/www.upjs.sk\/lekarska-fakulta\/en\/wp-json\/wp\/v2\/pages\/69340","targetHints":{"allow":["GET"]}}],"collection":[{"href":"https:\/\/www.upjs.sk\/lekarska-fakulta\/en\/wp-json\/wp\/v2\/pages"}],"about":[{"href":"https:\/\/www.upjs.sk\/lekarska-fakulta\/en\/wp-json\/wp\/v2\/types\/page"}],"author":[{"embeddable":true,"href":"https:\/\/www.upjs.sk\/lekarska-fakulta\/en\/wp-json\/wp\/v2\/users\/1"}],"replies":[{"embeddable":true,"href":"https:\/\/www.upjs.sk\/lekarska-fakulta\/en\/wp-json\/wp\/v2\/comments?post=69340"}],"version-history":[{"count":7,"href":"https:\/\/www.upjs.sk\/lekarska-fakulta\/en\/wp-json\/wp\/v2\/pages\/69340\/revisions"}],"predecessor-version":[{"id":108829,"href":"https:\/\/www.upjs.sk\/lekarska-fakulta\/en\/wp-json\/wp\/v2\/pages\/69340\/revisions\/108829"}],"up":[{"embeddable":true,"href":"https:\/\/www.upjs.sk\/lekarska-fakulta\/en\/wp-json\/wp\/v2\/pages\/69338"}],"wp:attachment":[{"href":"https:\/\/www.upjs.sk\/lekarska-fakulta\/en\/wp-json\/wp\/v2\/media?parent=69340"}],"wp:term":[{"taxonomy":"category","embeddable":true,"href":"https:\/\/www.upjs.sk\/lekarska-fakulta\/en\/wp-json\/wp\/v2\/categories?post=69340"},{"taxonomy":"post_tag","embeddable":true,"href":"https:\/\/www.upjs.sk\/lekarska-fakulta\/en\/wp-json\/wp\/v2\/tags?post=69340"}],"curies":[{"name":"wp","href":"https:\/\/api.w.org\/{rel}","templated":true}]}}