{"id":69341,"date":"2023-02-28T11:23:11","date_gmt":"2023-02-28T10:23:11","guid":{"rendered":"https:\/\/www.upjs.sk\/lekarska-fakulta\/current-students\/phd-study\/documents\/"},"modified":"2023-09-20T11:01:32","modified_gmt":"2023-09-20T10:01:32","slug":"documents","status":"publish","type":"page","link":"https:\/\/www.upjs.sk\/lekarska-fakulta\/en\/current-students\/phd-study\/documents\/","title":{"rendered":"Documents"},"content":{"rendered":"\n<ul class=\"wp-block-list\">\n<li><strong>Reports on PhD studies at UPJ\u0160 FM<\/strong>\n<ul class=\"wp-block-list\">\n<li><a href=\"https:\/\/www.upjs.sk\/app\/uploads\/sites\/9\/2023\/09\/Report_PhD_FM_2021.pdf\" target=\"_blank\" aria-label=\" (opens in a new tab)\" rel=\"noreferrer noopener\" class=\"ek-link\">Report on PhD study<\/a> at UPJ\u0160 FM for the year 2021<\/li>\n\n\n\n<li><a href=\"https:\/\/www.upjs.sk\/app\/uploads\/sites\/9\/2023\/09\/Report_PhD_FM_2020.pdf\" target=\"_blank\" aria-label=\" (opens in a new tab)\" rel=\"noreferrer noopener\" class=\"ek-link\">Report on PhD study<\/a> at UPJ\u0160 FM for the year 2020<\/li>\n\n\n\n<li>Archive<\/li>\n<\/ul>\n<\/li>\n<\/ul>\n\n\n\n<ul class=\"wp-block-list\">\n<li><a href=\"https:\/\/www.upjs.sk\/lekarska-fakulta\/en\/about-faculty\/basic-documents\/\" class=\"ek-link\">PhD Study Regulations<\/a> at the Pavol Jozef \u0160af\u00e1rik University in Ko\u0161ice<\/li>\n\n\n\n<li>Principles of Admission Procedure &#8211; <a href=\"https:\/\/intranet.upjs.sk\/op\/op.Public.php?documentid=6039\" class=\"ek-link\">Rector\u2019s Decision No. 14\/2021<\/a><\/li>\n\n\n\n<li><a href=\"https:\/\/www.upjs.sk\/app\/uploads\/sites\/9\/2022\/09\/RR-7_2020_-podm-vyuzitia-telekonf-tech_-PhD.pdf\" class=\"ek-link\">Rectors decision\u00b4s No. 7\/2020<\/a>, which determines the conditions for the use of teleconferencing technology for the purposes of conducting a dissertation examination and defending a dissertation<\/li>\n\n\n\n<li><a href=\"https:\/\/www.upjs.sk\/app\/uploads\/sites\/9\/2023\/01\/SCHOLARSHIP-REGULATIONS-UPJS-in-Kosice-2015.pdf\" class=\"ek-link\">Scholarship Regulations<\/a> at the Pavol Jozef \u0160af\u00e1rik University in Ko\u0161ice<\/li>\n\n\n\n<li><a href=\"https:\/\/www.upjs.sk\/en\/information\/science-and-research\/scientific-and-research-activities-phd-studies\/phd-portal\/recognition-of-proofs-of-education\/\" class=\"ek-link\">Recognition of Proofs of Education<\/a><\/li>\n\n\n\n<li><a href=\"https:\/\/www.upjs.sk\/app\/uploads\/sites\/9\/2023\/01\/UPJS-Student-Code-of-Ethics.pdf\" class=\"ek-link\">Student Code of Ethics<\/a> &#8211; Pavol Jozef \u0160af\u00e1rik University in Ko\u0161ice<\/li>\n\n\n\n<li><a href=\"https:\/\/www.upjs.sk\/pracoviska\/univerzitna-kniznica\/zaverecne-prace\/\" class=\"ek-link\">Instructions for writing final theses<\/a><\/li>\n\n\n\n<li>The rules for the assessment of plagiarism at Pavol Jozef \u0160af\u00e1rik University in Ko\u0161ice and its parts &#8211; <a href=\"https:\/\/intranet.upjs.sk\/op\/op.Public.php?documentid=5887\" class=\"ek-link\">Rector\u2019s Decision No. 21\/2021<\/a><\/li>\n\n\n\n<li>The principles of good practice in scientific publication at Pavol Jozef \u0160af\u00e1rik University in Ko\u0161ice and its parts &#8211; <a href=\"https:\/\/intranet.upjs.sk\/op\/op.Public.php?documentid=6040\" class=\"ek-link\">Rector\u2019s Decision No. 5\/2021<\/a><\/li>\n\n\n\n<li>Determination of tuition fees, fees associated with studies and on the reimbursement of costs associated with raising qualifications in the academic year 2022\/2023 at UPJ\u0160 in Ko\u0161ice &#8211; Rector\u2019s <a href=\"https:\/\/intranet.upjs.sk\/op\/op.Public.php?documentid=6058\" class=\"ek-link\">Decision No. 23\/2021<\/a><\/li>\n\n\n\n<li>The production and use of audio-visual recordings from teleconferencing educational, popularization and presentation activities at Pavol Jozef \u0160af\u00e1rik University in Ko\u0161ice and its parts &#8211; <a href=\"https:\/\/intranet.upjs.sk\/op\/op.Public.php?documentid=6043\" class=\"ek-link\">Rector\u2019s Decision No. 22\/2020<\/a><\/li>\n<\/ul>\n","protected":false},"excerpt":{"rendered":"","protected":false},"author":1,"featured_media":0,"parent":69329,"menu_order":6,"comment_status":"closed","ping_status":"closed","template":"","meta":{"_acf_changed":false,"_editorskit_title_hidden":false,"_editorskit_reading_time":1,"_editorskit_is_block_options_detached":false,"_editorskit_block_options_position":"{}","footnotes":""},"categories":[],"tags":[],"class_list":["post-69341","page","type-page","status-publish","hentry"],"acf":{"acf_link_na_externy_obsah":""},"yoast_head":"<!-- This site is optimized with the Yoast SEO plugin v27.2 - https:\/\/yoast.com\/product\/yoast-seo-wordpress\/ -->\n<title>Documents - Lek\u00e1rska fakulta | UPJ\u0160<\/title>\n<meta name=\"robots\" content=\"index, follow, max-snippet:-1, max-image-preview:large, max-video-preview:-1\" \/>\n<link rel=\"canonical\" href=\"https:\/\/www.upjs.sk\/lekarska-fakulta\/en\/current-students\/phd-study\/documents\/\" \/>\n<meta property=\"og:locale\" content=\"en_US\" \/>\n<meta property=\"og:type\" content=\"article\" \/>\n<meta property=\"og:title\" content=\"Documents - Lek\u00e1rska fakulta | UPJ\u0160\" \/>\n<meta property=\"og:url\" content=\"https:\/\/www.upjs.sk\/lekarska-fakulta\/en\/current-students\/phd-study\/documents\/\" \/>\n<meta property=\"og:site_name\" content=\"Lek\u00e1rska fakulta | UPJ\u0160\" \/>\n<meta property=\"article:modified_time\" content=\"2023-09-20T10:01:32+00:00\" \/>\n<meta name=\"twitter:card\" content=\"summary_large_image\" \/>\n<meta name=\"twitter:label1\" content=\"Est. reading time\" \/>\n\t<meta name=\"twitter:data1\" content=\"2 minutes\" \/>\n<script type=\"application\/ld+json\" class=\"yoast-schema-graph\">{\"@context\":\"https:\/\/schema.org\",\"@graph\":[{\"@type\":\"WebPage\",\"@id\":\"https:\/\/www.upjs.sk\/lekarska-fakulta\/en\/current-students\/phd-study\/documents\/\",\"url\":\"https:\/\/www.upjs.sk\/lekarska-fakulta\/en\/current-students\/phd-study\/documents\/\",\"name\":\"Documents - Lek\u00e1rska fakulta | UPJ\u0160\",\"isPartOf\":{\"@id\":\"https:\/\/www.upjs.sk\/lekarska-fakulta\/en\/#website\"},\"datePublished\":\"2023-02-28T10:23:11+00:00\",\"dateModified\":\"2023-09-20T10:01:32+00:00\",\"breadcrumb\":{\"@id\":\"https:\/\/www.upjs.sk\/lekarska-fakulta\/en\/current-students\/phd-study\/documents\/#breadcrumb\"},\"inLanguage\":\"en-US\",\"potentialAction\":[{\"@type\":\"ReadAction\",\"target\":[\"https:\/\/www.upjs.sk\/lekarska-fakulta\/en\/current-students\/phd-study\/documents\/\"]}]},{\"@type\":\"BreadcrumbList\",\"@id\":\"https:\/\/www.upjs.sk\/lekarska-fakulta\/en\/current-students\/phd-study\/documents\/#breadcrumb\",\"itemListElement\":[{\"@type\":\"ListItem\",\"position\":1,\"name\":\"Home\",\"item\":\"https:\/\/www.upjs.sk\/lekarska-fakulta\/en\/\"},{\"@type\":\"ListItem\",\"position\":2,\"name\":\"Current students\",\"item\":\"https:\/\/www.upjs.sk\/lekarska-fakulta\/en\/current-students\/\"},{\"@type\":\"ListItem\",\"position\":3,\"name\":\"PhD Study\",\"item\":\"https:\/\/www.upjs.sk\/lekarska-fakulta\/en\/current-students\/phd-study\/\"},{\"@type\":\"ListItem\",\"position\":4,\"name\":\"Documents\"}]},{\"@type\":\"WebSite\",\"@id\":\"https:\/\/www.upjs.sk\/lekarska-fakulta\/en\/#website\",\"url\":\"https:\/\/www.upjs.sk\/lekarska-fakulta\/en\/\",\"name\":\"Lek\u00e1rska fakulta | UPJ\u0160\",\"description\":\"\",\"publisher\":{\"@id\":\"https:\/\/www.upjs.sk\/lekarska-fakulta\/en\/#organization\"},\"potentialAction\":[{\"@type\":\"SearchAction\",\"target\":{\"@type\":\"EntryPoint\",\"urlTemplate\":\"https:\/\/www.upjs.sk\/lekarska-fakulta\/en\/?s={search_term_string}\"},\"query-input\":{\"@type\":\"PropertyValueSpecification\",\"valueRequired\":true,\"valueName\":\"search_term_string\"}}],\"inLanguage\":\"en-US\"},{\"@type\":\"Organization\",\"@id\":\"https:\/\/www.upjs.sk\/lekarska-fakulta\/en\/#organization\",\"name\":\"Lek\u00e1rska fakulta | UPJ\u0160\",\"url\":\"https:\/\/www.upjs.sk\/lekarska-fakulta\/en\/\",\"logo\":{\"@type\":\"ImageObject\",\"inLanguage\":\"en-US\",\"@id\":\"https:\/\/www.upjs.sk\/lekarska-fakulta\/en\/#\/schema\/logo\/image\/\",\"url\":\"https:\/\/www.upjs.sk\/app\/uploads\/sites\/9\/2023\/04\/LF-eNG_frame.svg\",\"contentUrl\":\"https:\/\/www.upjs.sk\/app\/uploads\/sites\/9\/2023\/04\/LF-eNG_frame.svg\",\"width\":292,\"height\":61,\"caption\":\"Lek\u00e1rska fakulta | UPJ\u0160\"},\"image\":{\"@id\":\"https:\/\/www.upjs.sk\/lekarska-fakulta\/en\/#\/schema\/logo\/image\/\"}}]}<\/script>\n<!-- \/ Yoast SEO plugin. -->","yoast_head_json":{"title":"Documents - Lek\u00e1rska fakulta | UPJ\u0160","robots":{"index":"index","follow":"follow","max-snippet":"max-snippet:-1","max-image-preview":"max-image-preview:large","max-video-preview":"max-video-preview:-1"},"canonical":"https:\/\/www.upjs.sk\/lekarska-fakulta\/en\/current-students\/phd-study\/documents\/","og_locale":"en_US","og_type":"article","og_title":"Documents - Lek\u00e1rska fakulta | UPJ\u0160","og_url":"https:\/\/www.upjs.sk\/lekarska-fakulta\/en\/current-students\/phd-study\/documents\/","og_site_name":"Lek\u00e1rska fakulta | UPJ\u0160","article_modified_time":"2023-09-20T10:01:32+00:00","twitter_card":"summary_large_image","twitter_misc":{"Est. reading time":"2 minutes"},"schema":{"@context":"https:\/\/schema.org","@graph":[{"@type":"WebPage","@id":"https:\/\/www.upjs.sk\/lekarska-fakulta\/en\/current-students\/phd-study\/documents\/","url":"https:\/\/www.upjs.sk\/lekarska-fakulta\/en\/current-students\/phd-study\/documents\/","name":"Documents - Lek\u00e1rska fakulta | UPJ\u0160","isPartOf":{"@id":"https:\/\/www.upjs.sk\/lekarska-fakulta\/en\/#website"},"datePublished":"2023-02-28T10:23:11+00:00","dateModified":"2023-09-20T10:01:32+00:00","breadcrumb":{"@id":"https:\/\/www.upjs.sk\/lekarska-fakulta\/en\/current-students\/phd-study\/documents\/#breadcrumb"},"inLanguage":"en-US","potentialAction":[{"@type":"ReadAction","target":["https:\/\/www.upjs.sk\/lekarska-fakulta\/en\/current-students\/phd-study\/documents\/"]}]},{"@type":"BreadcrumbList","@id":"https:\/\/www.upjs.sk\/lekarska-fakulta\/en\/current-students\/phd-study\/documents\/#breadcrumb","itemListElement":[{"@type":"ListItem","position":1,"name":"Home","item":"https:\/\/www.upjs.sk\/lekarska-fakulta\/en\/"},{"@type":"ListItem","position":2,"name":"Current students","item":"https:\/\/www.upjs.sk\/lekarska-fakulta\/en\/current-students\/"},{"@type":"ListItem","position":3,"name":"PhD Study","item":"https:\/\/www.upjs.sk\/lekarska-fakulta\/en\/current-students\/phd-study\/"},{"@type":"ListItem","position":4,"name":"Documents"}]},{"@type":"WebSite","@id":"https:\/\/www.upjs.sk\/lekarska-fakulta\/en\/#website","url":"https:\/\/www.upjs.sk\/lekarska-fakulta\/en\/","name":"Lek\u00e1rska fakulta | UPJ\u0160","description":"","publisher":{"@id":"https:\/\/www.upjs.sk\/lekarska-fakulta\/en\/#organization"},"potentialAction":[{"@type":"SearchAction","target":{"@type":"EntryPoint","urlTemplate":"https:\/\/www.upjs.sk\/lekarska-fakulta\/en\/?s={search_term_string}"},"query-input":{"@type":"PropertyValueSpecification","valueRequired":true,"valueName":"search_term_string"}}],"inLanguage":"en-US"},{"@type":"Organization","@id":"https:\/\/www.upjs.sk\/lekarska-fakulta\/en\/#organization","name":"Lek\u00e1rska fakulta | UPJ\u0160","url":"https:\/\/www.upjs.sk\/lekarska-fakulta\/en\/","logo":{"@type":"ImageObject","inLanguage":"en-US","@id":"https:\/\/www.upjs.sk\/lekarska-fakulta\/en\/#\/schema\/logo\/image\/","url":"https:\/\/www.upjs.sk\/app\/uploads\/sites\/9\/2023\/04\/LF-eNG_frame.svg","contentUrl":"https:\/\/www.upjs.sk\/app\/uploads\/sites\/9\/2023\/04\/LF-eNG_frame.svg","width":292,"height":61,"caption":"Lek\u00e1rska fakulta | UPJ\u0160"},"image":{"@id":"https:\/\/www.upjs.sk\/lekarska-fakulta\/en\/#\/schema\/logo\/image\/"}}]}},"_links":{"self":[{"href":"https:\/\/www.upjs.sk\/lekarska-fakulta\/en\/wp-json\/wp\/v2\/pages\/69341","targetHints":{"allow":["GET"]}}],"collection":[{"href":"https:\/\/www.upjs.sk\/lekarska-fakulta\/en\/wp-json\/wp\/v2\/pages"}],"about":[{"href":"https:\/\/www.upjs.sk\/lekarska-fakulta\/en\/wp-json\/wp\/v2\/types\/page"}],"author":[{"embeddable":true,"href":"https:\/\/www.upjs.sk\/lekarska-fakulta\/en\/wp-json\/wp\/v2\/users\/1"}],"replies":[{"embeddable":true,"href":"https:\/\/www.upjs.sk\/lekarska-fakulta\/en\/wp-json\/wp\/v2\/comments?post=69341"}],"version-history":[{"count":11,"href":"https:\/\/www.upjs.sk\/lekarska-fakulta\/en\/wp-json\/wp\/v2\/pages\/69341\/revisions"}],"predecessor-version":[{"id":97183,"href":"https:\/\/www.upjs.sk\/lekarska-fakulta\/en\/wp-json\/wp\/v2\/pages\/69341\/revisions\/97183"}],"up":[{"embeddable":true,"href":"https:\/\/www.upjs.sk\/lekarska-fakulta\/en\/wp-json\/wp\/v2\/pages\/69329"}],"wp:attachment":[{"href":"https:\/\/www.upjs.sk\/lekarska-fakulta\/en\/wp-json\/wp\/v2\/media?parent=69341"}],"wp:term":[{"taxonomy":"category","embeddable":true,"href":"https:\/\/www.upjs.sk\/lekarska-fakulta\/en\/wp-json\/wp\/v2\/categories?post=69341"},{"taxonomy":"post_tag","embeddable":true,"href":"https:\/\/www.upjs.sk\/lekarska-fakulta\/en\/wp-json\/wp\/v2\/tags?post=69341"}],"curies":[{"name":"wp","href":"https:\/\/api.w.org\/{rel}","templated":true}]}}