{"id":69351,"date":"2023-02-26T10:00:00","date_gmt":"2023-02-26T09:00:00","guid":{"rendered":"https:\/\/www.upjs.sk\/lekarska-fakulta\/current-students\/further-education\/"},"modified":"2023-02-26T10:58:33","modified_gmt":"2023-02-26T09:58:33","slug":"further-education","status":"publish","type":"page","link":"https:\/\/www.upjs.sk\/lekarska-fakulta\/en\/current-students\/further-education\/","title":{"rendered":"Further Education of Health Professionals"},"content":{"rendered":"\n<p>Further education of medical staff at UPJ\u0160 LF in Ko\u0161ice, includes:<\/p>\n\n\n\n<ul class=\"wp-block-list\">\n<li><strong>specialization study<\/strong><\/li>\n\n\n\n<li><strong>certification preparation<\/strong><\/li>\n<\/ul>\n\n\n\n<div style=\"height:20px\" aria-hidden=\"true\" class=\"wp-block-spacer\"><\/div>\n\n\n\n<p>The specialization study in the <a href=\"https:\/\/www.upjs.sk\/app\/uploads\/sites\/9\/2022\/09\/Zoznam_Specializacne-SP.pdf\" class=\"ek-link\">accredited specialization study program<\/a> expands the knowledge and skills acquired through the study and professional practice. UPJ\u0160 Faculty of Medicine has a total of 32 accredited specialized study programs, of which:<\/p>\n\n\n\n<ul class=\"wp-block-list\">\n<li>24 for the medical profession <strong>doctor<\/strong><\/li>\n\n\n\n<li>2 for the medical profession <strong>dentist<\/strong><\/li>\n\n\n\n<li>4 for the medical profession <strong>nurse<\/strong><\/li>\n\n\n\n<li>1 for the medical profession <strong>physiotherapist<\/strong><\/li>\n\n\n\n<li>1 for the medical profession <strong>doctor, dentist, nurse<\/strong><\/li>\n<\/ul>\n\n\n\n<div style=\"height:20px\" aria-hidden=\"true\" class=\"wp-block-spacer\"><\/div>\n\n\n\n<p>The certification preparation in the <a href=\"https:\/\/www.upjs.sk\/app\/uploads\/sites\/9\/2022\/09\/Zoznam_Certifikacne-SP.pdf\" class=\"ek-link\">accredited certification study program<\/a> acquires the knowledge and skills necessary for the performance of certified work activities. Certification training can be a part of a specialization study. If the certification preparation is a part of a specialization study, the medical worker will also acquire the graduate professional competence to perform the relevant certified work activities. UPJ\u0160 Faculty of Medicine has a total of 7 accredited certification study programs, of which:<\/p>\n\n\n\n<ul class=\"wp-block-list\">\n<li>5 for the medical profession <strong>doctor<\/strong><\/li>\n\n\n\n<li>2 for the medical profession <strong>dentist<\/strong><\/li>\n<\/ul>\n\n\n\n<div style=\"height:20px\" aria-hidden=\"true\" class=\"wp-block-spacer\"><\/div>\n\n\n\n<p><a href=\"https:\/\/www.upjs.sk\/lekarska-fakulta\/en\/current-students\/further-education\/department-for-further-education\/\" class=\"ek-link\">Department for further education of health professionals<\/a><\/p>\n","protected":false},"excerpt":{"rendered":"<p>Further education of medical staff at UPJ\u0160 LF in Ko\u0161ice, includes: The specialization study in the accredited specialization study program expands the knowledge and skills acquired through the study and professional practice. UPJ\u0160 Faculty of Medicine has a total of 32 accredited specialized study programs, of which: The certification preparation in the accredited certification study &hellip; <a href=\"https:\/\/www.upjs.sk\/lekarska-fakulta\/en\/current-students\/further-education\/\">Continued<\/a><\/p>\n","protected":false},"author":1,"featured_media":0,"parent":69182,"menu_order":7,"comment_status":"closed","ping_status":"closed","template":"","meta":{"_acf_changed":false,"_editorskit_title_hidden":false,"_editorskit_reading_time":1,"_editorskit_is_block_options_detached":false,"_editorskit_block_options_position":"{}","footnotes":""},"categories":[],"tags":[],"class_list":["post-69351","page","type-page","status-publish","hentry"],"acf":{"acf_link_na_externy_obsah":""},"yoast_head":"<!-- This site is optimized with the Yoast SEO plugin v27.2 - https:\/\/yoast.com\/product\/yoast-seo-wordpress\/ -->\n<title>Further Education of Health Professionals - Lek\u00e1rska fakulta | UPJ\u0160<\/title>\n<meta name=\"robots\" content=\"index, follow, max-snippet:-1, max-image-preview:large, max-video-preview:-1\" \/>\n<link rel=\"canonical\" href=\"https:\/\/www.upjs.sk\/lekarska-fakulta\/en\/current-students\/further-education\/\" \/>\n<meta property=\"og:locale\" content=\"en_US\" \/>\n<meta property=\"og:type\" content=\"article\" \/>\n<meta property=\"og:title\" content=\"Further Education of Health Professionals - Lek\u00e1rska fakulta | UPJ\u0160\" \/>\n<meta property=\"og:description\" content=\"Further education of medical staff at UPJ\u0160 LF in Ko\u0161ice, includes: The specialization study in the accredited specialization study program expands the knowledge and skills acquired through the study and professional practice. UPJ\u0160 Faculty of Medicine has a total of 32 accredited specialized study programs, of which: The certification preparation in the accredited certification study &hellip; Continued\" \/>\n<meta property=\"og:url\" content=\"https:\/\/www.upjs.sk\/lekarska-fakulta\/en\/current-students\/further-education\/\" \/>\n<meta property=\"og:site_name\" content=\"Lek\u00e1rska fakulta | UPJ\u0160\" \/>\n<meta property=\"article:modified_time\" content=\"2023-02-26T09:58:33+00:00\" \/>\n<meta name=\"twitter:card\" content=\"summary_large_image\" \/>\n<meta name=\"twitter:label1\" content=\"Est. reading time\" \/>\n\t<meta name=\"twitter:data1\" content=\"1 minute\" \/>\n<script type=\"application\/ld+json\" class=\"yoast-schema-graph\">{\"@context\":\"https:\/\/schema.org\",\"@graph\":[{\"@type\":\"WebPage\",\"@id\":\"https:\/\/www.upjs.sk\/lekarska-fakulta\/en\/current-students\/further-education\/\",\"url\":\"https:\/\/www.upjs.sk\/lekarska-fakulta\/en\/current-students\/further-education\/\",\"name\":\"Further Education of Health Professionals - Lek\u00e1rska fakulta | UPJ\u0160\",\"isPartOf\":{\"@id\":\"https:\/\/www.upjs.sk\/lekarska-fakulta\/en\/#website\"},\"datePublished\":\"2023-02-26T09:00:00+00:00\",\"dateModified\":\"2023-02-26T09:58:33+00:00\",\"breadcrumb\":{\"@id\":\"https:\/\/www.upjs.sk\/lekarska-fakulta\/en\/current-students\/further-education\/#breadcrumb\"},\"inLanguage\":\"en-US\",\"potentialAction\":[{\"@type\":\"ReadAction\",\"target\":[\"https:\/\/www.upjs.sk\/lekarska-fakulta\/en\/current-students\/further-education\/\"]}]},{\"@type\":\"BreadcrumbList\",\"@id\":\"https:\/\/www.upjs.sk\/lekarska-fakulta\/en\/current-students\/further-education\/#breadcrumb\",\"itemListElement\":[{\"@type\":\"ListItem\",\"position\":1,\"name\":\"Home\",\"item\":\"https:\/\/www.upjs.sk\/lekarska-fakulta\/en\/\"},{\"@type\":\"ListItem\",\"position\":2,\"name\":\"Current students\",\"item\":\"https:\/\/www.upjs.sk\/lekarska-fakulta\/en\/current-students\/\"},{\"@type\":\"ListItem\",\"position\":3,\"name\":\"Further Education of Health Professionals\"}]},{\"@type\":\"WebSite\",\"@id\":\"https:\/\/www.upjs.sk\/lekarska-fakulta\/en\/#website\",\"url\":\"https:\/\/www.upjs.sk\/lekarska-fakulta\/en\/\",\"name\":\"Lek\u00e1rska fakulta | UPJ\u0160\",\"description\":\"\",\"publisher\":{\"@id\":\"https:\/\/www.upjs.sk\/lekarska-fakulta\/en\/#organization\"},\"potentialAction\":[{\"@type\":\"SearchAction\",\"target\":{\"@type\":\"EntryPoint\",\"urlTemplate\":\"https:\/\/www.upjs.sk\/lekarska-fakulta\/en\/?s={search_term_string}\"},\"query-input\":{\"@type\":\"PropertyValueSpecification\",\"valueRequired\":true,\"valueName\":\"search_term_string\"}}],\"inLanguage\":\"en-US\"},{\"@type\":\"Organization\",\"@id\":\"https:\/\/www.upjs.sk\/lekarska-fakulta\/en\/#organization\",\"name\":\"Lek\u00e1rska fakulta | UPJ\u0160\",\"url\":\"https:\/\/www.upjs.sk\/lekarska-fakulta\/en\/\",\"logo\":{\"@type\":\"ImageObject\",\"inLanguage\":\"en-US\",\"@id\":\"https:\/\/www.upjs.sk\/lekarska-fakulta\/en\/#\/schema\/logo\/image\/\",\"url\":\"https:\/\/www.upjs.sk\/app\/uploads\/sites\/9\/2023\/04\/LF-eNG_frame.svg\",\"contentUrl\":\"https:\/\/www.upjs.sk\/app\/uploads\/sites\/9\/2023\/04\/LF-eNG_frame.svg\",\"width\":292,\"height\":61,\"caption\":\"Lek\u00e1rska fakulta | UPJ\u0160\"},\"image\":{\"@id\":\"https:\/\/www.upjs.sk\/lekarska-fakulta\/en\/#\/schema\/logo\/image\/\"}}]}<\/script>\n<!-- \/ Yoast SEO plugin. -->","yoast_head_json":{"title":"Further Education of Health Professionals - Lek\u00e1rska fakulta | UPJ\u0160","robots":{"index":"index","follow":"follow","max-snippet":"max-snippet:-1","max-image-preview":"max-image-preview:large","max-video-preview":"max-video-preview:-1"},"canonical":"https:\/\/www.upjs.sk\/lekarska-fakulta\/en\/current-students\/further-education\/","og_locale":"en_US","og_type":"article","og_title":"Further Education of Health Professionals - Lek\u00e1rska fakulta | UPJ\u0160","og_description":"Further education of medical staff at UPJ\u0160 LF in Ko\u0161ice, includes: The specialization study in the accredited specialization study program expands the knowledge and skills acquired through the study and professional practice. UPJ\u0160 Faculty of Medicine has a total of 32 accredited specialized study programs, of which: The certification preparation in the accredited certification study &hellip; Continued","og_url":"https:\/\/www.upjs.sk\/lekarska-fakulta\/en\/current-students\/further-education\/","og_site_name":"Lek\u00e1rska fakulta | UPJ\u0160","article_modified_time":"2023-02-26T09:58:33+00:00","twitter_card":"summary_large_image","twitter_misc":{"Est. reading time":"1 minute"},"schema":{"@context":"https:\/\/schema.org","@graph":[{"@type":"WebPage","@id":"https:\/\/www.upjs.sk\/lekarska-fakulta\/en\/current-students\/further-education\/","url":"https:\/\/www.upjs.sk\/lekarska-fakulta\/en\/current-students\/further-education\/","name":"Further Education of Health Professionals - Lek\u00e1rska fakulta | UPJ\u0160","isPartOf":{"@id":"https:\/\/www.upjs.sk\/lekarska-fakulta\/en\/#website"},"datePublished":"2023-02-26T09:00:00+00:00","dateModified":"2023-02-26T09:58:33+00:00","breadcrumb":{"@id":"https:\/\/www.upjs.sk\/lekarska-fakulta\/en\/current-students\/further-education\/#breadcrumb"},"inLanguage":"en-US","potentialAction":[{"@type":"ReadAction","target":["https:\/\/www.upjs.sk\/lekarska-fakulta\/en\/current-students\/further-education\/"]}]},{"@type":"BreadcrumbList","@id":"https:\/\/www.upjs.sk\/lekarska-fakulta\/en\/current-students\/further-education\/#breadcrumb","itemListElement":[{"@type":"ListItem","position":1,"name":"Home","item":"https:\/\/www.upjs.sk\/lekarska-fakulta\/en\/"},{"@type":"ListItem","position":2,"name":"Current students","item":"https:\/\/www.upjs.sk\/lekarska-fakulta\/en\/current-students\/"},{"@type":"ListItem","position":3,"name":"Further Education of Health Professionals"}]},{"@type":"WebSite","@id":"https:\/\/www.upjs.sk\/lekarska-fakulta\/en\/#website","url":"https:\/\/www.upjs.sk\/lekarska-fakulta\/en\/","name":"Lek\u00e1rska fakulta | UPJ\u0160","description":"","publisher":{"@id":"https:\/\/www.upjs.sk\/lekarska-fakulta\/en\/#organization"},"potentialAction":[{"@type":"SearchAction","target":{"@type":"EntryPoint","urlTemplate":"https:\/\/www.upjs.sk\/lekarska-fakulta\/en\/?s={search_term_string}"},"query-input":{"@type":"PropertyValueSpecification","valueRequired":true,"valueName":"search_term_string"}}],"inLanguage":"en-US"},{"@type":"Organization","@id":"https:\/\/www.upjs.sk\/lekarska-fakulta\/en\/#organization","name":"Lek\u00e1rska fakulta | UPJ\u0160","url":"https:\/\/www.upjs.sk\/lekarska-fakulta\/en\/","logo":{"@type":"ImageObject","inLanguage":"en-US","@id":"https:\/\/www.upjs.sk\/lekarska-fakulta\/en\/#\/schema\/logo\/image\/","url":"https:\/\/www.upjs.sk\/app\/uploads\/sites\/9\/2023\/04\/LF-eNG_frame.svg","contentUrl":"https:\/\/www.upjs.sk\/app\/uploads\/sites\/9\/2023\/04\/LF-eNG_frame.svg","width":292,"height":61,"caption":"Lek\u00e1rska fakulta | UPJ\u0160"},"image":{"@id":"https:\/\/www.upjs.sk\/lekarska-fakulta\/en\/#\/schema\/logo\/image\/"}}]}},"_links":{"self":[{"href":"https:\/\/www.upjs.sk\/lekarska-fakulta\/en\/wp-json\/wp\/v2\/pages\/69351","targetHints":{"allow":["GET"]}}],"collection":[{"href":"https:\/\/www.upjs.sk\/lekarska-fakulta\/en\/wp-json\/wp\/v2\/pages"}],"about":[{"href":"https:\/\/www.upjs.sk\/lekarska-fakulta\/en\/wp-json\/wp\/v2\/types\/page"}],"author":[{"embeddable":true,"href":"https:\/\/www.upjs.sk\/lekarska-fakulta\/en\/wp-json\/wp\/v2\/users\/1"}],"replies":[{"embeddable":true,"href":"https:\/\/www.upjs.sk\/lekarska-fakulta\/en\/wp-json\/wp\/v2\/comments?post=69351"}],"version-history":[{"count":13,"href":"https:\/\/www.upjs.sk\/lekarska-fakulta\/en\/wp-json\/wp\/v2\/pages\/69351\/revisions"}],"predecessor-version":[{"id":80588,"href":"https:\/\/www.upjs.sk\/lekarska-fakulta\/en\/wp-json\/wp\/v2\/pages\/69351\/revisions\/80588"}],"up":[{"embeddable":true,"href":"https:\/\/www.upjs.sk\/lekarska-fakulta\/en\/wp-json\/wp\/v2\/pages\/69182"}],"wp:attachment":[{"href":"https:\/\/www.upjs.sk\/lekarska-fakulta\/en\/wp-json\/wp\/v2\/media?parent=69351"}],"wp:term":[{"taxonomy":"category","embeddable":true,"href":"https:\/\/www.upjs.sk\/lekarska-fakulta\/en\/wp-json\/wp\/v2\/categories?post=69351"},{"taxonomy":"post_tag","embeddable":true,"href":"https:\/\/www.upjs.sk\/lekarska-fakulta\/en\/wp-json\/wp\/v2\/tags?post=69351"}],"curies":[{"name":"wp","href":"https:\/\/api.w.org\/{rel}","templated":true}]}}