{"id":69406,"date":"2022-02-15T17:04:01","date_gmt":"2022-02-15T16:04:01","guid":{"rendered":"https:\/\/www.upjs.sk\/lekarska-fakulta\/current-students\/advisors\/"},"modified":"2025-10-15T11:17:09","modified_gmt":"2025-10-15T10:17:09","slug":"advisors","status":"publish","type":"page","link":"https:\/\/www.upjs.sk\/lekarska-fakulta\/en\/current-students\/advisors\/","title":{"rendered":"Study Advisors and Year Representatives"},"content":{"rendered":"<style>.kt-accordion-id69406_2058eb-7c .kt-accordion-inner-wrap{column-gap:var(--global-kb-gap-md, 2rem);row-gap:6px;}.kt-accordion-id69406_2058eb-7c .kt-accordion-panel-inner{border-top:0px solid transparent;border-right:1px solid transparent;border-bottom:1px solid transparent;border-left:1px solid transparent;background:#ffffff;padding-top:12px;padding-right:12px;padding-bottom:12px;padding-left:12px;}.kt-accordion-id69406_2058eb-7c .wp-block-kadence-pane .kt-accordion-header-wrap .kt-blocks-accordion-header{border-top:1px solid #eeeeee;border-right-color:#eeeeee;border-right-style:solid;border-bottom:6px solid #C19152;border-left-color:#eeeeee;border-left-style:solid;border-top-left-radius:0px;border-top-right-radius:0px;border-bottom-right-radius:0px;border-bottom-left-radius:0px;background:#C92432;font-size:16px;line-height:16px;color:#ffffff;padding-top:6px;padding-right:12px;padding-bottom:6px;padding-left:12px;}.kt-accordion-id69406_2058eb-7c:not( .kt-accodion-icon-style-basiccircle ):not( .kt-accodion-icon-style-xclosecircle ):not( .kt-accodion-icon-style-arrowcircle ) .kt-blocks-accordion-icon-trigger:after, .kt-accordion-id69406_2058eb-7c:not( .kt-accodion-icon-style-basiccircle ):not( .kt-accodion-icon-style-xclosecircle ):not( .kt-accodion-icon-style-arrowcircle ) .kt-blocks-accordion-icon-trigger:before{background:#ffffff;}.kt-accordion-id69406_2058eb-7c:not( .kt-accodion-icon-style-basic ):not( .kt-accodion-icon-style-xclose ):not( .kt-accodion-icon-style-arrow ) .kt-blocks-accordion-icon-trigger{background:#ffffff;}.kt-accordion-id69406_2058eb-7c:not( .kt-accodion-icon-style-basic ):not( .kt-accodion-icon-style-xclose ):not( .kt-accodion-icon-style-arrow ) .kt-blocks-accordion-icon-trigger:after, .kt-accordion-id69406_2058eb-7c:not( .kt-accodion-icon-style-basic ):not( .kt-accodion-icon-style-xclose ):not( .kt-accodion-icon-style-arrow ) .kt-blocks-accordion-icon-trigger:before{background:#C92432;}.kt-accordion-id69406_2058eb-7c .kt-accordion-header-wrap .kt-blocks-accordion-header:hover, body:not(.hide-focus-outline) .kt-accordion-id69406_2058eb-7c .kt-accordion-header-wrap .kt-blocks-accordion-header:focus-visible{color:#444444;background:#ffffff;border-top:1px solid #d4d4d4;border-right-color:#d4d4d4;border-right-style:solid;border-bottom:6px solid #d4d4d4;border-left-color:#d4d4d4;border-left-style:solid;}.kt-accordion-id69406_2058eb-7c:not( .kt-accodion-icon-style-basiccircle ):not( .kt-accodion-icon-style-xclosecircle ):not( .kt-accodion-icon-style-arrowcircle ) .kt-blocks-accordion-header:hover .kt-blocks-accordion-icon-trigger:after, .kt-accordion-id69406_2058eb-7c:not( .kt-accodion-icon-style-basiccircle ):not( .kt-accodion-icon-style-xclosecircle ):not( .kt-accodion-icon-style-arrowcircle ) .kt-blocks-accordion-header:hover .kt-blocks-accordion-icon-trigger:before, body:not(.hide-focus-outline) .kt-accordion-id69406_2058eb-7c:not( .kt-accodion-icon-style-basiccircle ):not( .kt-accodion-icon-style-xclosecircle ):not( .kt-accodion-icon-style-arrowcircle ) .kt-blocks-accordion--visible .kt-blocks-accordion-icon-trigger:after, body:not(.hide-focus-outline) .kt-accordion-id69406_2058eb-7c:not( .kt-accodion-icon-style-basiccircle ):not( .kt-accodion-icon-style-xclosecircle ):not( .kt-accodion-icon-style-arrowcircle ) .kt-blocks-accordion-header:focus-visible .kt-blocks-accordion-icon-trigger:before{background:#444444;}.kt-accordion-id69406_2058eb-7c:not( .kt-accodion-icon-style-basic ):not( .kt-accodion-icon-style-xclose ):not( .kt-accodion-icon-style-arrow ) .kt-blocks-accordion-header:hover .kt-blocks-accordion-icon-trigger, body:not(.hide-focus-outline) .kt-accordion-id69406_2058eb-7c:not( .kt-accodion-icon-style-basic ):not( .kt-accodion-icon-style-xclose ):not( .kt-accodion-icon-style-arrow ) .kt-blocks-accordion-header:focus-visible .kt-blocks-accordion-icon-trigger{background:#444444;}.kt-accordion-id69406_2058eb-7c:not( .kt-accodion-icon-style-basic ):not( .kt-accodion-icon-style-xclose ):not( .kt-accodion-icon-style-arrow ) .kt-blocks-accordion-header:hover .kt-blocks-accordion-icon-trigger:after, .kt-accordion-id69406_2058eb-7c:not( .kt-accodion-icon-style-basic ):not( .kt-accodion-icon-style-xclose ):not( .kt-accodion-icon-style-arrow ) .kt-blocks-accordion-header:hover .kt-blocks-accordion-icon-trigger:before, body:not(.hide-focus-outline) .kt-accordion-id69406_2058eb-7c:not( .kt-accodion-icon-style-basic ):not( .kt-accodion-icon-style-xclose ):not( .kt-accodion-icon-style-arrow ) .kt-blocks-accordion-header:focus-visible .kt-blocks-accordion-icon-trigger:after, body:not(.hide-focus-outline) .kt-accordion-id69406_2058eb-7c:not( .kt-accodion-icon-style-basic ):not( .kt-accodion-icon-style-xclose ):not( .kt-accodion-icon-style-arrow ) .kt-blocks-accordion-header:focus-visible .kt-blocks-accordion-icon-trigger:before{background:#ffffff;}.kt-accordion-id69406_2058eb-7c .kt-accordion-header-wrap .kt-blocks-accordion-header:focus-visible, .kt-accordion-id69406_2058eb-7c .kt-accordion-header-wrap .kt-blocks-accordion-header.kt-accordion-panel-active{color:#000000;background:#ffffff;border-top:1px solid #D6D6D6;border-right-color:#D6D6D6;border-right-style:solid;border-bottom:6px solid #C19152;border-left-color:#D6D6D6;border-left-style:solid;}.kt-accordion-id69406_2058eb-7c:not( .kt-accodion-icon-style-basiccircle ):not( .kt-accodion-icon-style-xclosecircle ):not( .kt-accodion-icon-style-arrowcircle ) .kt-blocks-accordion-header.kt-accordion-panel-active .kt-blocks-accordion-icon-trigger:after, .kt-accordion-id69406_2058eb-7c:not( .kt-accodion-icon-style-basiccircle ):not( .kt-accodion-icon-style-xclosecircle ):not( .kt-accodion-icon-style-arrowcircle ) .kt-blocks-accordion-header.kt-accordion-panel-active .kt-blocks-accordion-icon-trigger:before{background:#000000;}.kt-accordion-id69406_2058eb-7c:not( .kt-accodion-icon-style-basic ):not( .kt-accodion-icon-style-xclose ):not( .kt-accodion-icon-style-arrow ) .kt-blocks-accordion-header.kt-accordion-panel-active .kt-blocks-accordion-icon-trigger{background:#000000;}.kt-accordion-id69406_2058eb-7c:not( .kt-accodion-icon-style-basic ):not( .kt-accodion-icon-style-xclose ):not( .kt-accodion-icon-style-arrow ) .kt-blocks-accordion-header.kt-accordion-panel-active .kt-blocks-accordion-icon-trigger:after, .kt-accordion-id69406_2058eb-7c:not( .kt-accodion-icon-style-basic ):not( .kt-accodion-icon-style-xclose ):not( .kt-accodion-icon-style-arrow ) .kt-blocks-accordion-header.kt-accordion-panel-active .kt-blocks-accordion-icon-trigger:before{background:#ffffff;}@media all and (max-width: 1024px){.kt-accordion-id69406_2058eb-7c .kt-accordion-panel-inner{border-top:0px solid transparent;border-right:1px solid transparent;border-bottom:1px solid transparent;border-left:1px solid transparent;}}@media all and (max-width: 1024px){.kt-accordion-id69406_2058eb-7c .wp-block-kadence-pane .kt-accordion-header-wrap .kt-blocks-accordion-header{border-top:1px solid #eeeeee;border-right-color:#eeeeee;border-right-style:solid;border-bottom:6px solid #C19152;border-left-color:#eeeeee;border-left-style:solid;}}@media all and (max-width: 1024px){.kt-accordion-id69406_2058eb-7c .kt-accordion-header-wrap .kt-blocks-accordion-header:hover, body:not(.hide-focus-outline) .kt-accordion-id69406_2058eb-7c .kt-accordion-header-wrap .kt-blocks-accordion-header:focus-visible{border-top:1px solid #d4d4d4;border-right-color:#d4d4d4;border-right-style:solid;border-bottom:6px solid #d4d4d4;border-left-color:#d4d4d4;border-left-style:solid;}}@media all and (max-width: 1024px){.kt-accordion-id69406_2058eb-7c .kt-accordion-header-wrap .kt-blocks-accordion-header:focus-visible, .kt-accordion-id69406_2058eb-7c .kt-accordion-header-wrap .kt-blocks-accordion-header.kt-accordion-panel-active{border-top:1px solid #D6D6D6;border-right-color:#D6D6D6;border-right-style:solid;border-bottom:6px solid #C19152;border-left-color:#D6D6D6;border-left-style:solid;}}@media all and (max-width: 767px){.kt-accordion-id69406_2058eb-7c .kt-accordion-inner-wrap{display:block;}.kt-accordion-id69406_2058eb-7c .kt-accordion-inner-wrap .kt-accordion-pane:not(:first-child){margin-top:6px;}.kt-accordion-id69406_2058eb-7c .kt-accordion-panel-inner{border-top:0px solid transparent;border-right:1px solid transparent;border-bottom:1px solid transparent;border-left:1px solid transparent;}.kt-accordion-id69406_2058eb-7c .wp-block-kadence-pane .kt-accordion-header-wrap .kt-blocks-accordion-header{border-top:1px solid #eeeeee;border-right-color:#eeeeee;border-right-style:solid;border-bottom:6px solid #C19152;border-left-color:#eeeeee;border-left-style:solid;}.kt-accordion-id69406_2058eb-7c .kt-accordion-header-wrap .kt-blocks-accordion-header:hover, body:not(.hide-focus-outline) .kt-accordion-id69406_2058eb-7c .kt-accordion-header-wrap .kt-blocks-accordion-header:focus-visible{border-top:1px solid #d4d4d4;border-right-color:#d4d4d4;border-right-style:solid;border-bottom:6px solid #d4d4d4;border-left-color:#d4d4d4;border-left-style:solid;}.kt-accordion-id69406_2058eb-7c .kt-accordion-header-wrap .kt-blocks-accordion-header:focus-visible, .kt-accordion-id69406_2058eb-7c .kt-accordion-header-wrap .kt-blocks-accordion-header.kt-accordion-panel-active{border-top:1px solid #D6D6D6;border-right-color:#D6D6D6;border-right-style:solid;border-bottom:6px solid #C19152;border-left-color:#D6D6D6;border-left-style:solid;}}<\/style>\n<div class=\"wp-block-kadence-accordion alignnone\"><div class=\"kt-accordion-wrap kt-accordion-id69406_2058eb-7c kt-accordion-has-17-panes kt-active-pane-10 kt-accordion-block kt-pane-header-alignment-left kt-accodion-icon-style-arrow kt-accodion-icon-side-right\" style=\"max-width:none\"><div class=\"kt-accordion-inner-wrap\" data-allow-multiple-open=\"false\" data-start-open=\"none\">\n<div class=\"wp-block-kadence-pane kt-accordion-pane kt-accordion-pane-11 kt-pane69406_3e7614-7a\"><div class=\"kt-accordion-header-wrap\"><button class=\"kt-blocks-accordion-header kt-acccordion-button-label-show\" type=\"button\"><span class=\"kt-blocks-accordion-title-wrap\"><span class=\"kt-blocks-accordion-title\"><strong>General Medicine<\/strong><\/span><\/span><span class=\"kt-blocks-accordion-icon-trigger\"><\/span><\/button><\/div><div class=\"kt-accordion-panel kt-accordion-panel-hidden\"><div class=\"kt-accordion-panel-inner\">\n<figure class=\"wp-block-table alignleft is-style-stripes\"><table><tbody><tr><td class=\"has-text-align-right\" data-align=\"right\">1st year of study<\/td><td>Study Advisor: <a href=\"mailto:janka.vecanova@upjs.sk\">MUDr. Janka Vecanov\u00e1, PhD.<\/a><br>Year Representative: <a href=\"mailto:gunes.arkan.caglayan@student.upjs.sk\">G\u00fcnes Arkan Caglayan<\/a> <\/td><\/tr><tr><td class=\"has-text-align-right\" data-align=\"right\">2nd year of study<\/td><td>Study Advisor: <a href=\"mailto:kvetuse.lovasova@upjs.sk\">doc. MVDr. Kv\u011btu\u0161e Lov\u00e1sov\u00e1, PhD.<\/a><br>Year Representative: <a href=\"mailto:wiktoria.wilk@student.upjs.sk\">Wiktoria Wilk<\/a><\/td><\/tr><tr><td class=\"has-text-align-right\" data-align=\"right\">3rd year of study<\/td><td>Study Advisor: <a href=\"mailto:adriana.bolekova@upjs.sk\">doc. MUDr. Adriana Bolekov\u00e1, PhD.<\/a><br>Year Representative: <a href=\"mailto:suhail.jadoun@student.upjs.sk\">Jadoun Soheel<\/a><\/td><\/tr><tr><td class=\"has-text-align-right\" data-align=\"right\">4th year of study<\/td><td>Study Advisor: <a href=\"mailto:milan.maretta@upjs.sk\">MUDr. Milan Maretta, PhD.<\/a><br>Year Representative: <a href=\"mailto:florentina.boulgaropoulos@student.upjs.sk\">Florentina Boulgaropoulos<\/a><\/td><\/tr><tr><td class=\"has-text-align-right\" data-align=\"right\">5th year of study<\/td><td>Study Advisor: <a href=\"mailto:alexandra.kunova@upjs.sk\">MUDr. Alexandra Kunov\u00e1<\/a><br>Year Representative: <a href=\"mailto:alexandra.kasimi@student.upjs.sk\">Alexandra Kasimi<\/a>\u00a0<\/td><\/tr><tr><td class=\"has-text-align-right\" data-align=\"right\">6th year of study<\/td><td>Study Advisor: <a href=\"mailto:jaroslava.kralikova@upjs.sk\">MVDr. Jaroslava Nov\u00e1kov\u00e1, PhD.<\/a><br>Year Representative: <a href=\"mailto:yousef.sabehat@student.upjs.sk\">Yousef Sabehat<\/a><\/td><\/tr><\/tbody><\/table><\/figure>\n<\/div><\/div><\/div>\n\n\n\n<div class=\"wp-block-kadence-pane kt-accordion-pane kt-accordion-pane-12 kt-pane69406_b4cd28-cd\"><div class=\"kt-accordion-header-wrap\"><button class=\"kt-blocks-accordion-header kt-acccordion-button-label-show\" type=\"button\"><span class=\"kt-blocks-accordion-title-wrap\"><span class=\"kt-blocks-accordion-title\"><strong>Dental Medicine<\/strong><\/span><\/span><span class=\"kt-blocks-accordion-icon-trigger\"><\/span><\/button><\/div><div class=\"kt-accordion-panel kt-accordion-panel-hidden\"><div class=\"kt-accordion-panel-inner\">\n<figure class=\"wp-block-table alignleft is-style-stripes\"><table><tbody><tr><td class=\"has-text-align-right\" data-align=\"right\">1st year of study<\/td><td>Study Advisor: <a class=\"ek-link\" href=\"mailto:jana.kaiferova@upjs.sk\">MUDr. Jana Kaiferov\u00e1, PhD.<\/a><br>Year Representative: <a href=\"mailto:matthias.konstantinos.elgohary@student.upjs.sk\" target=\"_blank\" rel=\"noreferrer noopener\">Matthias Konstantinos Elgohary<\/a><\/td><\/tr><tr><td class=\"has-text-align-right\" data-align=\"right\">2nd year of study<\/td><td>Study Advisor: <a class=\"ek-link\" href=\"mailto:natalia.sokolova@upjs.sk\">MDDr. Nat\u00e1lia Sokolov\u00e1<\/a><br>Year Representative: <a href=\"mailto:jingping.xia@student.upjs.sk\">Jingping Xia<\/a><\/td><\/tr><tr><td class=\"has-text-align-right\" data-align=\"right\">3rd year of study<\/td><td>Study Advisor: <a class=\"ek-link\" href=\"mailto:jaroslav.durica@upjs.sk\">MDDr. Jaroslav \u010eurica<\/a><br>Year Representative: <a href=\"mailto:zuzana.gomoryova@student.upjs.sk\">Zuzana Gomoryov\u00e1<\/a><\/td><\/tr><tr><td class=\"has-text-align-right\" data-align=\"right\">4th year of study<\/td><td>Study Advisor: <a class=\"ek-link\" href=\"mailto:marcel.riznic@upjs.sk\">MDDr. Marcel Rizni\u010d, PhD.<\/a><br>Year Representative: <a href=\"mailto:anthony.al.zuhayri@student.upjs.sk\">Anthony Al Zuhayri<\/a><\/td><\/tr><tr><td class=\"has-text-align-right\" data-align=\"right\">5th year of study<\/td><td>Study Advisor: <a class=\"ek-link\" href=\"mailto:margareta.tamasova@upjs.sk\">MUDr. Margar\u00e9ta Tam\u00e1\u0161ov\u00e1, PhD.<\/a><br>Year Representative: <a href=\"mailto:hady.najjar@student.upjs.sk\">Hady Najjar<\/a>\u00a0<\/td><\/tr><tr><td class=\"has-text-align-right\" data-align=\"right\">6th year of study<\/td><td>Study Advisor: <a class=\"ek-link\" href=\"mailto:adriana.petrasova@upjs.sk\">MUDr. Adri\u00e1na Petr\u00e1\u0161ov\u00e1, PhD.<\/a><br>Year Representative: <a href=\"mailto:5298192@upjs.sk\">Hanna Bak<\/a>\u00a0<\/td><\/tr><\/tbody><\/table><\/figure>\n<\/div><\/div><\/div>\n\n\n\n<div class=\"wp-block-kadence-pane kt-accordion-pane kt-accordion-pane-17 kt-pane69406_984063-c3\"><div class=\"kt-accordion-header-wrap\"><button class=\"kt-blocks-accordion-header kt-acccordion-button-label-show\" type=\"button\"><span class=\"kt-blocks-accordion-title-wrap\"><span class=\"kt-blocks-accordion-title\"><strong>Coordinator for work with students with specific needs<\/strong><\/span><\/span><span class=\"kt-blocks-accordion-icon-trigger\"><\/span><\/button><\/div><div class=\"kt-accordion-panel kt-accordion-panel-hidden\"><div class=\"kt-accordion-panel-inner\">\n<p><strong>RNDr. Zuzana Ors\u00e1gov\u00e1 Kr\u00e1lov\u00e1, PhD. <\/strong><br>Tr. SNP 1, 040 11 Ko\u0161ice&nbsp;<br>tel. &nbsp;+421 55 234 3565<br>email:&nbsp;<a href=\"mailto:zuzana.orsagova.kralova@upjs.sk\">zuzana.orsagova.kralova@upjs.sk<\/a><\/p>\n\n\n\n<p><strong>Who is the coordinator for work with students with special needs?<\/strong><br>The coordinator is a member of the teaching staff of the faculty, who is responsible for ensuring conditions for the education of students with special educational needs. The coordinator is responsible for the area of support and care for students, including applicants with specific educational needs at the faculty (related to major changes in health status).<\/p>\n\n\n\n<p><strong>Coordinator can be contacted in the following issues:<\/strong><br>\u2022 information about the faculty<br>\u2022 information about the study<br>\u2022 information about entrance exams<br>\u2022 organising meetings with the head of faculty \/ department \/ clinic<br>\u2022 ensuring form of the entrance exams<br>\u2022 helping to ensure study conditions and solving educational problems<\/p>\n<\/div><\/div><\/div>\n<\/div><\/div><\/div>\n\n\n\n<p><strong><a href=\"https:\/\/www.upjs.sk\/lekarska-fakulta\/en\/about-faculty\/faculty-leadership\/academic-senate\/members\/\" target=\"_blank\" aria-label=\"Members of Academic Senate (opens in a new tab)\" rel=\"noreferrer noopener\" class=\"ek-link\">Members of Academic Senate<\/a><\/strong><\/p>\n","protected":false},"excerpt":{"rendered":"<p>Members of Academic Senate<\/p>\n","protected":false},"author":1,"featured_media":0,"parent":69182,"menu_order":4,"comment_status":"closed","ping_status":"closed","template":"","meta":{"_acf_changed":false,"_editorskit_title_hidden":false,"_editorskit_reading_time":0,"_editorskit_is_block_options_detached":false,"_editorskit_block_options_position":"{}","footnotes":""},"categories":[],"tags":[],"class_list":["post-69406","page","type-page","status-publish","hentry"],"acf":{"acf_link_na_externy_obsah":""},"yoast_head":"<!-- This site is optimized with the Yoast SEO plugin v27.4 - https:\/\/yoast.com\/product\/yoast-seo-wordpress\/ -->\n<title>Study Advisors and Year Representatives - Lek\u00e1rska fakulta | UPJ\u0160<\/title>\n<meta name=\"robots\" content=\"index, follow, max-snippet:-1, max-image-preview:large, max-video-preview:-1\" \/>\n<link rel=\"canonical\" href=\"https:\/\/www.upjs.sk\/lekarska-fakulta\/en\/current-students\/advisors\/\" \/>\n<meta property=\"og:locale\" content=\"en_US\" \/>\n<meta property=\"og:type\" content=\"article\" \/>\n<meta property=\"og:title\" content=\"Study Advisors and Year Representatives - Lek\u00e1rska fakulta | UPJ\u0160\" \/>\n<meta property=\"og:description\" content=\"Members of Academic Senate\" \/>\n<meta property=\"og:url\" content=\"https:\/\/www.upjs.sk\/lekarska-fakulta\/en\/current-students\/advisors\/\" \/>\n<meta property=\"og:site_name\" content=\"Lek\u00e1rska fakulta | UPJ\u0160\" \/>\n<meta property=\"article:modified_time\" content=\"2025-10-15T10:17:09+00:00\" \/>\n<meta name=\"twitter:card\" content=\"summary_large_image\" \/>\n<meta name=\"twitter:label1\" content=\"Est. reading time\" \/>\n\t<meta name=\"twitter:data1\" content=\"2 minutes\" \/>\n<script type=\"application\/ld+json\" class=\"yoast-schema-graph\">{\"@context\":\"https:\\\/\\\/schema.org\",\"@graph\":[{\"@type\":\"WebPage\",\"@id\":\"https:\\\/\\\/www.upjs.sk\\\/lekarska-fakulta\\\/en\\\/current-students\\\/advisors\\\/\",\"url\":\"https:\\\/\\\/www.upjs.sk\\\/lekarska-fakulta\\\/en\\\/current-students\\\/advisors\\\/\",\"name\":\"Study Advisors and Year Representatives - Lek\u00e1rska fakulta | UPJ\u0160\",\"isPartOf\":{\"@id\":\"https:\\\/\\\/www.upjs.sk\\\/lekarska-fakulta\\\/en\\\/#website\"},\"datePublished\":\"2022-02-15T16:04:01+00:00\",\"dateModified\":\"2025-10-15T10:17:09+00:00\",\"breadcrumb\":{\"@id\":\"https:\\\/\\\/www.upjs.sk\\\/lekarska-fakulta\\\/en\\\/current-students\\\/advisors\\\/#breadcrumb\"},\"inLanguage\":\"en-US\",\"potentialAction\":[{\"@type\":\"ReadAction\",\"target\":[\"https:\\\/\\\/www.upjs.sk\\\/lekarska-fakulta\\\/en\\\/current-students\\\/advisors\\\/\"]}]},{\"@type\":\"BreadcrumbList\",\"@id\":\"https:\\\/\\\/www.upjs.sk\\\/lekarska-fakulta\\\/en\\\/current-students\\\/advisors\\\/#breadcrumb\",\"itemListElement\":[{\"@type\":\"ListItem\",\"position\":1,\"name\":\"Home\",\"item\":\"https:\\\/\\\/www.upjs.sk\\\/lekarska-fakulta\\\/en\\\/\"},{\"@type\":\"ListItem\",\"position\":2,\"name\":\"Current students\",\"item\":\"https:\\\/\\\/www.upjs.sk\\\/lekarska-fakulta\\\/en\\\/current-students\\\/\"},{\"@type\":\"ListItem\",\"position\":3,\"name\":\"Study Advisors and Year Representatives\"}]},{\"@type\":\"WebSite\",\"@id\":\"https:\\\/\\\/www.upjs.sk\\\/lekarska-fakulta\\\/en\\\/#website\",\"url\":\"https:\\\/\\\/www.upjs.sk\\\/lekarska-fakulta\\\/en\\\/\",\"name\":\"Lek\u00e1rska fakulta | UPJ\u0160\",\"description\":\"\",\"publisher\":{\"@id\":\"https:\\\/\\\/www.upjs.sk\\\/lekarska-fakulta\\\/en\\\/#organization\"},\"potentialAction\":[{\"@type\":\"SearchAction\",\"target\":{\"@type\":\"EntryPoint\",\"urlTemplate\":\"https:\\\/\\\/www.upjs.sk\\\/lekarska-fakulta\\\/en\\\/?s={search_term_string}\"},\"query-input\":{\"@type\":\"PropertyValueSpecification\",\"valueRequired\":true,\"valueName\":\"search_term_string\"}}],\"inLanguage\":\"en-US\"},{\"@type\":\"Organization\",\"@id\":\"https:\\\/\\\/www.upjs.sk\\\/lekarska-fakulta\\\/en\\\/#organization\",\"name\":\"Lek\u00e1rska fakulta | UPJ\u0160\",\"url\":\"https:\\\/\\\/www.upjs.sk\\\/lekarska-fakulta\\\/en\\\/\",\"logo\":{\"@type\":\"ImageObject\",\"inLanguage\":\"en-US\",\"@id\":\"https:\\\/\\\/www.upjs.sk\\\/lekarska-fakulta\\\/en\\\/#\\\/schema\\\/logo\\\/image\\\/\",\"url\":\"https:\\\/\\\/www.upjs.sk\\\/app\\\/uploads\\\/sites\\\/9\\\/2023\\\/04\\\/LF-eNG_frame.svg\",\"contentUrl\":\"https:\\\/\\\/www.upjs.sk\\\/app\\\/uploads\\\/sites\\\/9\\\/2023\\\/04\\\/LF-eNG_frame.svg\",\"width\":292,\"height\":61,\"caption\":\"Lek\u00e1rska fakulta | UPJ\u0160\"},\"image\":{\"@id\":\"https:\\\/\\\/www.upjs.sk\\\/lekarska-fakulta\\\/en\\\/#\\\/schema\\\/logo\\\/image\\\/\"}}]}<\/script>\n<!-- \/ Yoast SEO plugin. -->","yoast_head_json":{"title":"Study Advisors and Year Representatives - Lek\u00e1rska fakulta | UPJ\u0160","robots":{"index":"index","follow":"follow","max-snippet":"max-snippet:-1","max-image-preview":"max-image-preview:large","max-video-preview":"max-video-preview:-1"},"canonical":"https:\/\/www.upjs.sk\/lekarska-fakulta\/en\/current-students\/advisors\/","og_locale":"en_US","og_type":"article","og_title":"Study Advisors and Year Representatives - Lek\u00e1rska fakulta | UPJ\u0160","og_description":"Members of Academic Senate","og_url":"https:\/\/www.upjs.sk\/lekarska-fakulta\/en\/current-students\/advisors\/","og_site_name":"Lek\u00e1rska fakulta | UPJ\u0160","article_modified_time":"2025-10-15T10:17:09+00:00","twitter_card":"summary_large_image","twitter_misc":{"Est. reading time":"2 minutes"},"schema":{"@context":"https:\/\/schema.org","@graph":[{"@type":"WebPage","@id":"https:\/\/www.upjs.sk\/lekarska-fakulta\/en\/current-students\/advisors\/","url":"https:\/\/www.upjs.sk\/lekarska-fakulta\/en\/current-students\/advisors\/","name":"Study Advisors and Year Representatives - Lek\u00e1rska fakulta | UPJ\u0160","isPartOf":{"@id":"https:\/\/www.upjs.sk\/lekarska-fakulta\/en\/#website"},"datePublished":"2022-02-15T16:04:01+00:00","dateModified":"2025-10-15T10:17:09+00:00","breadcrumb":{"@id":"https:\/\/www.upjs.sk\/lekarska-fakulta\/en\/current-students\/advisors\/#breadcrumb"},"inLanguage":"en-US","potentialAction":[{"@type":"ReadAction","target":["https:\/\/www.upjs.sk\/lekarska-fakulta\/en\/current-students\/advisors\/"]}]},{"@type":"BreadcrumbList","@id":"https:\/\/www.upjs.sk\/lekarska-fakulta\/en\/current-students\/advisors\/#breadcrumb","itemListElement":[{"@type":"ListItem","position":1,"name":"Home","item":"https:\/\/www.upjs.sk\/lekarska-fakulta\/en\/"},{"@type":"ListItem","position":2,"name":"Current students","item":"https:\/\/www.upjs.sk\/lekarska-fakulta\/en\/current-students\/"},{"@type":"ListItem","position":3,"name":"Study Advisors and Year Representatives"}]},{"@type":"WebSite","@id":"https:\/\/www.upjs.sk\/lekarska-fakulta\/en\/#website","url":"https:\/\/www.upjs.sk\/lekarska-fakulta\/en\/","name":"Lek\u00e1rska fakulta | UPJ\u0160","description":"","publisher":{"@id":"https:\/\/www.upjs.sk\/lekarska-fakulta\/en\/#organization"},"potentialAction":[{"@type":"SearchAction","target":{"@type":"EntryPoint","urlTemplate":"https:\/\/www.upjs.sk\/lekarska-fakulta\/en\/?s={search_term_string}"},"query-input":{"@type":"PropertyValueSpecification","valueRequired":true,"valueName":"search_term_string"}}],"inLanguage":"en-US"},{"@type":"Organization","@id":"https:\/\/www.upjs.sk\/lekarska-fakulta\/en\/#organization","name":"Lek\u00e1rska fakulta | UPJ\u0160","url":"https:\/\/www.upjs.sk\/lekarska-fakulta\/en\/","logo":{"@type":"ImageObject","inLanguage":"en-US","@id":"https:\/\/www.upjs.sk\/lekarska-fakulta\/en\/#\/schema\/logo\/image\/","url":"https:\/\/www.upjs.sk\/app\/uploads\/sites\/9\/2023\/04\/LF-eNG_frame.svg","contentUrl":"https:\/\/www.upjs.sk\/app\/uploads\/sites\/9\/2023\/04\/LF-eNG_frame.svg","width":292,"height":61,"caption":"Lek\u00e1rska fakulta | UPJ\u0160"},"image":{"@id":"https:\/\/www.upjs.sk\/lekarska-fakulta\/en\/#\/schema\/logo\/image\/"}}]}},"_links":{"self":[{"href":"https:\/\/www.upjs.sk\/lekarska-fakulta\/en\/wp-json\/wp\/v2\/pages\/69406","targetHints":{"allow":["GET"]}}],"collection":[{"href":"https:\/\/www.upjs.sk\/lekarska-fakulta\/en\/wp-json\/wp\/v2\/pages"}],"about":[{"href":"https:\/\/www.upjs.sk\/lekarska-fakulta\/en\/wp-json\/wp\/v2\/types\/page"}],"author":[{"embeddable":true,"href":"https:\/\/www.upjs.sk\/lekarska-fakulta\/en\/wp-json\/wp\/v2\/users\/1"}],"replies":[{"embeddable":true,"href":"https:\/\/www.upjs.sk\/lekarska-fakulta\/en\/wp-json\/wp\/v2\/comments?post=69406"}],"version-history":[{"count":18,"href":"https:\/\/www.upjs.sk\/lekarska-fakulta\/en\/wp-json\/wp\/v2\/pages\/69406\/revisions"}],"predecessor-version":[{"id":146130,"href":"https:\/\/www.upjs.sk\/lekarska-fakulta\/en\/wp-json\/wp\/v2\/pages\/69406\/revisions\/146130"}],"up":[{"embeddable":true,"href":"https:\/\/www.upjs.sk\/lekarska-fakulta\/en\/wp-json\/wp\/v2\/pages\/69182"}],"wp:attachment":[{"href":"https:\/\/www.upjs.sk\/lekarska-fakulta\/en\/wp-json\/wp\/v2\/media?parent=69406"}],"wp:term":[{"taxonomy":"category","embeddable":true,"href":"https:\/\/www.upjs.sk\/lekarska-fakulta\/en\/wp-json\/wp\/v2\/categories?post=69406"},{"taxonomy":"post_tag","embeddable":true,"href":"https:\/\/www.upjs.sk\/lekarska-fakulta\/en\/wp-json\/wp\/v2\/tags?post=69406"}],"curies":[{"name":"wp","href":"https:\/\/api.w.org\/{rel}","templated":true}]}}