{"id":69412,"date":"2023-02-22T04:47:36","date_gmt":"2023-02-22T03:47:36","guid":{"rendered":"https:\/\/www.upjs.sk\/lekarska-fakulta\/applicants\/"},"modified":"2025-08-19T07:51:29","modified_gmt":"2025-08-19T06:51:29","slug":"for-applicants","status":"publish","type":"page","link":"https:\/\/www.upjs.sk\/lekarska-fakulta\/en\/for-applicants\/","title":{"rendered":"Information for the applicants to study in English"},"content":{"rendered":"<style>.kb-image69412_164e24-b3 .kb-image-has-overlay:after{opacity:0.3;}<\/style>\n<div class=\"wp-block-kadence-image kb-image69412_164e24-b3\"><figure class=\"aligncenter size-large\"><img loading=\"lazy\" decoding=\"async\" width=\"1024\" height=\"263\" src=\"https:\/\/www.upjs.sk\/app\/uploads\/sites\/9\/2023\/01\/LF_ENG-1024x263.png\" alt=\"\" class=\"kb-img wp-image-73779\" srcset=\"https:\/\/www.upjs.sk\/app\/uploads\/sites\/9\/2023\/01\/LF_ENG-1024x263.png 1024w, https:\/\/www.upjs.sk\/app\/uploads\/sites\/9\/2023\/01\/LF_ENG-300x77.png 300w, https:\/\/www.upjs.sk\/app\/uploads\/sites\/9\/2023\/01\/LF_ENG-768x197.png 768w, https:\/\/www.upjs.sk\/app\/uploads\/sites\/9\/2023\/01\/LF_ENG.png 1171w\" sizes=\"auto, (max-width: 1024px) 100vw, 1024px\" \/><\/figure><\/div>\n\n\n\n<p class=\"has-text-align-center\">If you want to become part of recognized university that will support and develop the best in you, study at&nbsp;<strong><mark style=\"background-color:rgba(0, 0, 0, 0)\" class=\"has-inline-color has-lekarska-f-color\">UPJS FM!<\/mark><\/strong><\/p>\n\n\n<style>.wp-block-kadence-spacer.kt-block-spacer-69412_35b6ff-7d .kt-block-spacer{height:30px;}.wp-block-kadence-spacer.kt-block-spacer-69412_35b6ff-7d .kt-divider{border-top-width:6px;border-top-color:#C92432;width:10%;border-top-style:dotted;}<\/style>\n<div class=\"wp-block-kadence-spacer aligncenter kt-block-spacer-69412_35b6ff-7d\"><div class=\"kt-block-spacer kt-block-spacer-halign-center\"><hr class=\"kt-divider\"\/><\/div><\/div>\n\n\n\n<p class=\"has-text-align-center\">On this page you can find all the&nbsp;<strong><a href=\"https:\/\/studijne-programy.upjs.sk\/en\/faculty\/LF\" class=\"ek-link\">study programs in one place<\/a><\/strong>.<\/p>\n\n\n<style>.wp-block-kadence-spacer.kt-block-spacer-69412_3e64df-49 .kt-block-spacer{height:30px;}.wp-block-kadence-spacer.kt-block-spacer-69412_3e64df-49 .kt-divider{border-top-width:6px;border-top-color:#C92432;width:10%;border-top-style:dotted;}<\/style>\n<div class=\"wp-block-kadence-spacer aligncenter kt-block-spacer-69412_3e64df-49\"><div class=\"kt-block-spacer kt-block-spacer-halign-center\"><hr class=\"kt-divider\"\/><\/div><\/div>\n\n\n\n<p class=\"has-text-align-center\"><span style=\"color: #ba1220;\"><strong>Signing up to study at UPJS FM has never been easier!<\/strong><\/span><\/p>\n\n\n\n<p class=\"has-text-align-center\">How can you apply for it? Use the fastes way and log in electronically:<\/p>\n\n\n<style>.wp-block-kadence-column.kb-section-dir-horizontal > .kt-inside-inner-col > .kt-info-box69412_720db6-e0{max-width:350px;}.wp-block-kadence-column.kb-section-dir-horizontal > .kt-inside-inner-col > .kt-info-box69412_720db6-e0 .kt-blocks-info-box-link-wrap{max-width:unset;}.kt-info-box69412_720db6-e0 .kt-blocks-info-box-link-wrap{border-bottom:6px solid #C92432;border-top-left-radius:0px;border-top-right-radius:0px;border-bottom-right-radius:0px;border-bottom-left-radius:0px;background:#ffffff;max-width:350px;padding-top:24px;padding-right:24px;padding-bottom:24px;padding-left:24px;margin-bottom:6px;}.kt-info-box69412_720db6-e0 .kt-blocks-info-box-link-wrap:hover{background:#C92432;}.kt-info-box69412_720db6-e0 .kadence-info-box-icon-container .kt-info-svg-icon, .kt-info-box69412_720db6-e0 .kt-info-svg-icon-flip, .kt-info-box69412_720db6-e0 .kt-blocks-info-box-number{font-size:50px;}.kt-info-box69412_720db6-e0 .kt-blocks-info-box-media{color:#000000;background:rgba(255,255,255,0);border-color:#eeeeee;border-radius:200px;overflow:hidden;border-top-width:2px;border-right-width:2px;border-bottom-width:2px;border-left-width:2px;padding-top:20px;padding-right:20px;padding-bottom:20px;padding-left:20px;margin-top:0px;margin-right:20px;margin-bottom:0px;margin-left:0px;}.kt-info-box69412_720db6-e0 .kt-blocks-info-box-media .kadence-info-box-image-intrisic img{border-radius:200px;}.kt-info-box69412_720db6-e0 .kt-blocks-info-box-link-wrap:hover .kt-blocks-info-box-media{color:#ffffff;background:rgba(255,255,255,0);border-color:#ffffff;}.kt-info-box69412_720db6-e0 .kt-infobox-textcontent h5.kt-blocks-info-box-title{color:#000000;padding-top:0px;padding-right:0px;padding-bottom:0px;padding-left:0px;margin-top:5px;margin-right:0px;margin-bottom:10px;margin-left:0px;}.kt-info-box69412_720db6-e0 .kt-blocks-info-box-link-wrap:hover h5.kt-blocks-info-box-title{color:#ffffff;}.kt-info-box69412_720db6-e0 .kt-infobox-textcontent .kt-blocks-info-box-text{color:#000000;}.kt-info-box69412_720db6-e0 .kt-blocks-info-box-link-wrap:hover .kt-blocks-info-box-text{color:#ffffff;}.kt-info-box69412_720db6-e0 .kt-blocks-info-box-learnmore{background:transparent;border-color:#555555;border-width:0px 0px 0px 0px;padding-top:4px;padding-right:8px;padding-bottom:4px;padding-left:8px;margin-top:10px;margin-right:0px;margin-bottom:10px;margin-left:0px;}.kt-info-box69412_720db6-e0 .kt-blocks-info-box-link-wrap:hover .kt-blocks-info-box-learnmore,.kt-info-box69412_720db6-e0 .kt-blocks-info-box-link-wrap .kt-blocks-info-box-learnmore:focus{color:#ffffff;background:#444444;border-color:#444444;}.kt-info-box69412_720db6-e0 .kt-blocks-info-box-link-wrap{box-shadow:0px 0px 0px 0px #D6D6D6;}.kt-info-box69412_720db6-e0 .kt-blocks-info-box-link-wrap:hover{box-shadow:0px 0px 14px 0px #D6D6D6;}@media all and (max-width: 1024px){.kt-info-box69412_720db6-e0 .kt-blocks-info-box-link-wrap{border-bottom:6px solid #C92432;box-shadow:0px 0px 0px 0px #D6D6D6;}}@media all and (max-width: 1024px){.kt-info-box69412_720db6-e0 .kt-blocks-info-box-link-wrap:hover{box-shadow:0px 0px 14px 0px #D6D6D6;}}@media all and (max-width: 767px){.kt-info-box69412_720db6-e0 .kt-blocks-info-box-link-wrap{border-bottom:6px solid #C92432;box-shadow:0px 0px 0px 0px #D6D6D6;}.kt-info-box69412_720db6-e0 .kt-blocks-info-box-link-wrap:hover{box-shadow:0px 0px 14px 0px #D6D6D6;}}<\/style>\n<div class=\"wp-block-kadence-infobox kt-info-box69412_720db6-e0\"><a class=\"kt-blocks-info-box-link-wrap info-box-link kt-blocks-info-box-media-align-left kt-info-halign-left\" href=\"https:\/\/e-prihlaska.upjs.sk\/ais\/eprihlas\/#!\/home\"><div class=\"kt-blocks-info-box-media-container\"><div class=\"kt-blocks-info-box-media kt-info-media-animate-none\"><div class=\"kadence-info-box-icon-container kt-info-icon-animate-none\"><div class=\"kadence-info-box-icon-inner-container\"><span class=\"kb-svg-icon-wrap kb-svg-icon-fa_wpforms kt-info-svg-icon\"><svg viewBox=\"0 0 448 512\"  fill=\"currentColor\" xmlns=\"http:\/\/www.w3.org\/2000\/svg\"  aria-hidden=\"true\"><path d=\"M448 75.2v361.7c0 24.3-19 43.2-43.2 43.2H43.2C19.3 480 0 461.4 0 436.8V75.2C0 51.1 18.8 32 43.2 32h361.7c24 0 43.1 18.8 43.1 43.2zm-37.3 361.6V75.2c0-3-2.6-5.8-5.8-5.8h-9.3L285.3 144 224 94.1 162.8 144 52.5 69.3h-9.3c-3.2 0-5.8 2.8-5.8 5.8v361.7c0 3 2.6 5.8 5.8 5.8h361.7c3.2.1 5.8-2.7 5.8-5.8zM150.2 186v37H76.7v-37h73.5zm0 74.4v37.3H76.7v-37.3h73.5zm11.1-147.3l54-43.7H96.8l64.5 43.7zm210 72.9v37h-196v-37h196zm0 74.4v37.3h-196v-37.3h196zm-84.6-147.3l64.5-43.7H232.8l53.9 43.7zM371.3 335v37.3h-99.4V335h99.4z\"\/><\/svg><\/span><\/div><\/div><\/div><\/div><div class=\"kt-infobox-textcontent\"><h5 class=\"kt-blocks-info-box-title\">Electronic Application<\/h5><p class=\"kt-blocks-info-box-text\">The easiest way to apply for studies<\/p><\/div><\/a><\/div>\n\n\n<style>.wp-block-kadence-spacer.kt-block-spacer-69412_5f85b2-9e .kt-block-spacer{height:30px;}.wp-block-kadence-spacer.kt-block-spacer-69412_5f85b2-9e .kt-divider{border-top-width:6px;border-top-color:#C92432;width:10%;border-top-style:dotted;}<\/style>\n<div class=\"wp-block-kadence-spacer aligncenter kt-block-spacer-69412_5f85b2-9e\"><div class=\"kt-block-spacer kt-block-spacer-halign-center\"><hr class=\"kt-divider\"\/><\/div><\/div>\n\n\n\n<p><strong>Basic information:<\/strong><\/p>\n\n\n\n<ul class=\"wp-block-list\">\n<li><a href=\"https:\/\/www.upjs.sk\/lekarska-fakulta\/en\/for-applicants\/briefly-about-fm\/\" class=\"ek-link\">What does UPJ\u0160 in Ko\u0161ice, Faculty of Medicine offer?<\/a><\/li>\n\n\n\n<li><a href=\"https:\/\/www.upjs.sk\/lekarska-fakulta\/en\/for-applicants\/programs-in-english\/\" class=\"ek-link\">Which programs are available in English?<\/a><\/li>\n\n\n\n<li>Principles of Admission Procedure &#8211;&nbsp;<a href=\"https:\/\/intranet.upjs.sk\/op\/op.Public.php?documentid=6039\">Rector\u2019s Decision no. 14\/2021<\/a><\/li>\n\n\n\n<li><a href=\"https:\/\/www.upjs.sk\/en\/faculty-of-medicine\/applicants\/entrance-exam-questions\/\">Entrance exam questions<\/a><\/li>\n\n\n\n<li><a href=\"https:\/\/www.lf.upjs.sk\/entrance-examination\/\">Where can I find the result of the entrance examination?<\/a><\/li>\n\n\n\n<li><a href=\"https:\/\/www.upjs.sk\/en\/faculty-of-medicine\/current-students\/doctoral-studies\/information-for-students\/accommodation\/\">What options of accomodation and catering do I have?<\/a><\/li>\n\n\n\n<li><a href=\"https:\/\/www.upjs.sk\/en\/faculty-of-medicine\/current-students\/doctoral-studies\/information-for-students\/information-for-students-with-special-needs\/\">Where can I find information for students with special needs?<\/a><\/li>\n<\/ul>\n\n\n\n<div style=\"height:20px\" aria-hidden=\"true\" class=\"wp-block-spacer\"><\/div>\n\n\n\n<p><strong>Additional information:<\/strong><\/p>\n\n\n\n<ul class=\"wp-block-list\">\n<li><a href=\"https:\/\/www.upjs.sk\/en\/faculty-of-medicine\/applicants\/nostrification\/\">Nostrification &#8211; Recognition of High School Diploma<\/a><\/li>\n\n\n\n<li><a href=\"https:\/\/www.upjs.sk\/app\/uploads\/sites\/9\/2025\/03\/Conditions-of-admission-to-study-in-the-form-of-transfer_fin.pdf\" target=\"_blank\" rel=\"noreferrer noopener\">Conditions of admission to study in the form of transfer<\/a><\/li>\n\n\n\n<li><a href=\"https:\/\/intranet.upjs.sk\/op\/op.Public.php?documentid=8929\" target=\"_blank\" rel=\"noreferrer noopener\">Dean\u00b4s Directive No. 4\/2023 on the recognition of courses at Pavol Jozef \u0160af\u00e1rik University in Ko\u0161ice, Faculty of Medicine<\/a><\/li>\n\n\n\n<li><a href=\"https:\/\/www.upjs.sk\/app\/uploads\/sites\/9\/2025\/03\/uncompleted-study_n.pdf\" target=\"_blank\" rel=\"noreferrer noopener\">Rules for recognition of completed courses from previous uncompleted study<\/a><\/li>\n\n\n\n<li><a href=\"https:\/\/www.upjs.sk\/lekarska-fakulta\/en\/for-applicants\/contact-representatives\/\" class=\"ek-link\">Contact representatives<\/a><\/li>\n<\/ul>\n\n\n\n<div style=\"height:20px\" aria-hidden=\"true\" class=\"wp-block-spacer\"><\/div>\n\n\n\n<p><strong>For accepted students:<\/strong><\/p>\n\n\n\n<ul class=\"wp-block-list\">\n<li><a href=\"https:\/\/www.upjs.sk\/lekarska-fakulta\/en\/for-applicants\/proposal\/\" class=\"ek-link\">Proposal of the contract between a student and the UPJ\u0160 in Ko\u0161ice, the Faculty of Medicine<\/a><\/li>\n\n\n\n<li><a href=\"https:\/\/www.upjs.sk\/app\/uploads\/sites\/9\/2025\/06\/2025_2026_Bank-details-tuition-fee.pdf\" target=\"_blank\" rel=\"noreferrer noopener\">Bank details for payment of tuition fee and deadline for payment for the A.Y. 2025\/2026<\/a><\/li>\n\n\n\n<li><a aria-label=\" (opens in a new tab)\" href=\"https:\/\/www.upjs.sk\/app\/uploads\/sites\/9\/2023\/06\/LIBRARY-DEPOSIT.pdf\" target=\"_blank\" rel=\"noreferrer noopener\" class=\"ek-link\">Bank details for payment deposit for Library<\/a><\/li>\n\n\n\n<li><a href=\"https:\/\/www.upjs.sk\/en\/faculty-of-medicine\/applicants\/health-insurance\/\">Health Insurance<\/a><\/li>\n\n\n\n<li><a href=\"https:\/\/www.upjs.sk\/en\/faculty-of-medicine\/applicants\/residence-permit\/\">Residence permit<\/a><\/li>\n\n\n\n<li><a href=\"https:\/\/www.upjs.sk\/app\/uploads\/sites\/9\/2025\/07\/Registration-of-courses-for-new-admitted-students_2025-2026.pdf\" target=\"_blank\" rel=\"noreferrer noopener\">Registration of courses for new admitted students<\/a><\/li>\n\n\n\n<li><a href=\"https:\/\/www.upjs.sk\/app\/uploads\/sites\/9\/2025\/07\/Registration-form-2025_2026_n-7.pdf\" target=\"_blank\" rel=\"noreferrer noopener\">Registration form 2025-2026<\/a><\/li>\n\n\n\n<li><a href=\"https:\/\/www.upjs.sk\/app\/uploads\/sites\/9\/2025\/07\/Course-registration-form-2025_2026.docx\" target=\"_blank\" rel=\"noreferrer noopener\">Course registration form 2025 &#8211; 2026<\/a><\/li>\n\n\n\n<li><a href=\"https:\/\/www.upjs.sk\/public\/media\/20533\/prvaci_LK-2020-eng.jpg\">Medical Library<\/a><\/li>\n\n\n\n<li><a href=\"https:\/\/www.upjs.sk\/app\/uploads\/sites\/9\/2025\/04\/AIS.pdf\" target=\"_blank\" rel=\"noreferrer noopener\">Academic Information System \u2013 AiS2<\/a><\/li>\n<\/ul>\n\n\n<style>.wp-block-kadence-spacer.kt-block-spacer-69412_382aab-24 .kt-block-spacer{height:30px;}.wp-block-kadence-spacer.kt-block-spacer-69412_382aab-24 .kt-divider{border-top-width:6px;border-top-color:#C92432;width:10%;border-top-style:dotted;}<\/style>\n<div class=\"wp-block-kadence-spacer aligncenter kt-block-spacer-69412_382aab-24\"><div class=\"kt-block-spacer kt-block-spacer-halign-center\"><hr class=\"kt-divider\"\/><\/div><\/div>\n\n\n\n<p class=\"has-text-align-center\">Do you have other questions? We will be happy to help you! Contact us:<\/p>\n\n\n\n<div class=\"wp-block-group is-content-justification-center is-layout-flex wp-container-core-group-is-layout-64b26803 wp-block-group-is-layout-flex\">\n<figure class=\"wp-block-image size-full\"><a href=\"https:\/\/www.upjs.sk\/en\/faculty-of-medicine\/applicants\/contact\/\"><img loading=\"lazy\" decoding=\"async\" width=\"51\" height=\"50\" src=\"https:\/\/www.upjs.sk\/app\/uploads\/sites\/9\/2023\/01\/icon-mail-1.png\" alt=\"\" class=\"wp-image-74752\"\/><\/a><\/figure>\n\n\n\n<figure class=\"wp-block-image size-full\"><a href=\"https:\/\/www.upjs.sk\/en\/faculty-of-medicine\/applicants\/contact\/\"><img loading=\"lazy\" decoding=\"async\" width=\"51\" height=\"50\" src=\"https:\/\/www.upjs.sk\/app\/uploads\/sites\/9\/2023\/01\/icon-tel.png\" alt=\"\" class=\"wp-image-74746\"\/><\/a><\/figure>\n\n\n\n<figure class=\"wp-block-image size-full\"><a href=\"https:\/\/www.facebook.com\/upjslf\/\"><img loading=\"lazy\" decoding=\"async\" width=\"50\" height=\"49\" src=\"https:\/\/www.upjs.sk\/app\/uploads\/sites\/9\/2023\/01\/icon-fb.png\" alt=\"\" class=\"wp-image-74743\"\/><\/a><\/figure>\n<\/div>\n\n\n\n<p class=\"has-text-align-center\"><strong><strong>Walk around our university wherever you are.<\/strong><\/strong><\/p>\n\n\n\n<div class=\"wp-block-group is-content-justification-center is-layout-flex wp-container-core-group-is-layout-64b26803 wp-block-group-is-layout-flex\">\n<figure class=\"wp-block-image size-full\"><a href=\"https:\/\/upjs_kosice.tematickemapy.sk\/mapa\/mapa.html\" target=\"_blank\" rel=\"noreferrer noopener\"><img loading=\"lazy\" decoding=\"async\" width=\"300\" height=\"160\" src=\"https:\/\/www.upjs.sk\/app\/uploads\/sites\/9\/2023\/01\/TematickaMapa.png\" alt=\"\" class=\"wp-image-74758\"\/><\/a><figcaption class=\"wp-element-caption\"><strong>Topical Map<\/strong><\/figcaption><\/figure>\n\n\n\n<figure class=\"wp-block-image size-full\"><a href=\"https:\/\/www.upjs.sk\/lekarska-fakulta\/adresa-a-kontakty\/virtualna-prehliadka-upjs\/\" target=\"_blank\" rel=\"noreferrer noopener\"><img loading=\"lazy\" decoding=\"async\" width=\"300\" height=\"160\" src=\"https:\/\/www.upjs.sk\/app\/uploads\/sites\/9\/2023\/01\/virtualna-prehliadka-lf-2.png\" alt=\"\" class=\"wp-image-74665\"\/><\/a><figcaption class=\"wp-element-caption\"><strong>Virtual Tour<\/strong><\/figcaption><\/figure>\n<\/div>\n","protected":false},"excerpt":{"rendered":"<p>If you want to become part of recognized university that will support and develop the best in you, study at&nbsp;UPJS FM! On this page you can find all the&nbsp;study programs in one place. Signing up to study at UPJS FM has never been easier! How can you apply for it? Use the fastes way and &hellip; <a href=\"https:\/\/www.upjs.sk\/lekarska-fakulta\/en\/for-applicants\/\">Continued<\/a><\/p>\n","protected":false},"author":1,"featured_media":58876,"parent":0,"menu_order":4,"comment_status":"closed","ping_status":"closed","template":"","meta":{"_acf_changed":false,"_editorskit_title_hidden":false,"_editorskit_reading_time":1,"_editorskit_is_block_options_detached":false,"_editorskit_block_options_position":"{}","footnotes":""},"categories":[],"tags":[],"class_list":["post-69412","page","type-page","status-publish","has-post-thumbnail","hentry"],"acf":{"acf_link_na_externy_obsah":""},"yoast_head":"<!-- This site is optimized with the Yoast SEO plugin v27.2 - https:\/\/yoast.com\/product\/yoast-seo-wordpress\/ -->\n<title>Information for the applicants to study in English - Lek\u00e1rska fakulta | UPJ\u0160<\/title>\n<meta name=\"robots\" content=\"index, follow, max-snippet:-1, max-image-preview:large, max-video-preview:-1\" \/>\n<link rel=\"canonical\" href=\"https:\/\/www.upjs.sk\/lekarska-fakulta\/en\/for-applicants\/\" \/>\n<meta property=\"og:locale\" content=\"en_US\" \/>\n<meta property=\"og:type\" content=\"article\" \/>\n<meta property=\"og:title\" content=\"Information for the applicants to study in English - Lek\u00e1rska fakulta | UPJ\u0160\" \/>\n<meta property=\"og:description\" content=\"If you want to become part of recognized university that will support and develop the best in you, study at&nbsp;UPJS FM! On this page you can find all the&nbsp;study programs in one place. Signing up to study at UPJS FM has never been easier! How can you apply for it? Use the fastes way and &hellip; Continued\" \/>\n<meta property=\"og:url\" content=\"https:\/\/www.upjs.sk\/lekarska-fakulta\/en\/for-applicants\/\" \/>\n<meta property=\"og:site_name\" content=\"Lek\u00e1rska fakulta | UPJ\u0160\" \/>\n<meta property=\"article:modified_time\" content=\"2025-08-19T06:51:29+00:00\" \/>\n<meta property=\"og:image\" content=\"https:\/\/www.upjs.sk\/app\/uploads\/sites\/9\/2022\/11\/LF.png\" \/>\n\t<meta property=\"og:image:width\" content=\"545\" \/>\n\t<meta property=\"og:image:height\" content=\"365\" \/>\n\t<meta property=\"og:image:type\" content=\"image\/png\" \/>\n<meta name=\"twitter:card\" content=\"summary_large_image\" \/>\n<meta name=\"twitter:label1\" content=\"Est. reading time\" \/>\n\t<meta name=\"twitter:data1\" content=\"3 minutes\" \/>\n<script type=\"application\/ld+json\" class=\"yoast-schema-graph\">{\"@context\":\"https:\/\/schema.org\",\"@graph\":[{\"@type\":\"WebPage\",\"@id\":\"https:\/\/www.upjs.sk\/lekarska-fakulta\/en\/for-applicants\/\",\"url\":\"https:\/\/www.upjs.sk\/lekarska-fakulta\/en\/for-applicants\/\",\"name\":\"Information for the applicants to study in English - Lek\u00e1rska fakulta | UPJ\u0160\",\"isPartOf\":{\"@id\":\"https:\/\/www.upjs.sk\/lekarska-fakulta\/en\/#website\"},\"primaryImageOfPage\":{\"@id\":\"https:\/\/www.upjs.sk\/lekarska-fakulta\/en\/for-applicants\/#primaryimage\"},\"image\":{\"@id\":\"https:\/\/www.upjs.sk\/lekarska-fakulta\/en\/for-applicants\/#primaryimage\"},\"thumbnailUrl\":\"https:\/\/www.upjs.sk\/app\/uploads\/sites\/9\/2022\/11\/LF.png\",\"datePublished\":\"2023-02-22T03:47:36+00:00\",\"dateModified\":\"2025-08-19T06:51:29+00:00\",\"breadcrumb\":{\"@id\":\"https:\/\/www.upjs.sk\/lekarska-fakulta\/en\/for-applicants\/#breadcrumb\"},\"inLanguage\":\"en-US\",\"potentialAction\":[{\"@type\":\"ReadAction\",\"target\":[\"https:\/\/www.upjs.sk\/lekarska-fakulta\/en\/for-applicants\/\"]}]},{\"@type\":\"ImageObject\",\"inLanguage\":\"en-US\",\"@id\":\"https:\/\/www.upjs.sk\/lekarska-fakulta\/en\/for-applicants\/#primaryimage\",\"url\":\"https:\/\/www.upjs.sk\/app\/uploads\/sites\/9\/2022\/11\/LF.png\",\"contentUrl\":\"https:\/\/www.upjs.sk\/app\/uploads\/sites\/9\/2022\/11\/LF.png\",\"width\":545,\"height\":365,\"caption\":\"applicants\"},{\"@type\":\"BreadcrumbList\",\"@id\":\"https:\/\/www.upjs.sk\/lekarska-fakulta\/en\/for-applicants\/#breadcrumb\",\"itemListElement\":[{\"@type\":\"ListItem\",\"position\":1,\"name\":\"Home\",\"item\":\"https:\/\/www.upjs.sk\/lekarska-fakulta\/en\/\"},{\"@type\":\"ListItem\",\"position\":2,\"name\":\"Information for the applicants to study in English\"}]},{\"@type\":\"WebSite\",\"@id\":\"https:\/\/www.upjs.sk\/lekarska-fakulta\/en\/#website\",\"url\":\"https:\/\/www.upjs.sk\/lekarska-fakulta\/en\/\",\"name\":\"Lek\u00e1rska fakulta | UPJ\u0160\",\"description\":\"\",\"publisher\":{\"@id\":\"https:\/\/www.upjs.sk\/lekarska-fakulta\/en\/#organization\"},\"potentialAction\":[{\"@type\":\"SearchAction\",\"target\":{\"@type\":\"EntryPoint\",\"urlTemplate\":\"https:\/\/www.upjs.sk\/lekarska-fakulta\/en\/?s={search_term_string}\"},\"query-input\":{\"@type\":\"PropertyValueSpecification\",\"valueRequired\":true,\"valueName\":\"search_term_string\"}}],\"inLanguage\":\"en-US\"},{\"@type\":\"Organization\",\"@id\":\"https:\/\/www.upjs.sk\/lekarska-fakulta\/en\/#organization\",\"name\":\"Lek\u00e1rska fakulta | UPJ\u0160\",\"url\":\"https:\/\/www.upjs.sk\/lekarska-fakulta\/en\/\",\"logo\":{\"@type\":\"ImageObject\",\"inLanguage\":\"en-US\",\"@id\":\"https:\/\/www.upjs.sk\/lekarska-fakulta\/en\/#\/schema\/logo\/image\/\",\"url\":\"https:\/\/www.upjs.sk\/app\/uploads\/sites\/9\/2023\/04\/LF-eNG_frame.svg\",\"contentUrl\":\"https:\/\/www.upjs.sk\/app\/uploads\/sites\/9\/2023\/04\/LF-eNG_frame.svg\",\"width\":292,\"height\":61,\"caption\":\"Lek\u00e1rska fakulta | UPJ\u0160\"},\"image\":{\"@id\":\"https:\/\/www.upjs.sk\/lekarska-fakulta\/en\/#\/schema\/logo\/image\/\"}}]}<\/script>\n<!-- \/ Yoast SEO plugin. -->","yoast_head_json":{"title":"Information for the applicants to study in English - Lek\u00e1rska fakulta | UPJ\u0160","robots":{"index":"index","follow":"follow","max-snippet":"max-snippet:-1","max-image-preview":"max-image-preview:large","max-video-preview":"max-video-preview:-1"},"canonical":"https:\/\/www.upjs.sk\/lekarska-fakulta\/en\/for-applicants\/","og_locale":"en_US","og_type":"article","og_title":"Information for the applicants to study in English - Lek\u00e1rska fakulta | UPJ\u0160","og_description":"If you want to become part of recognized university that will support and develop the best in you, study at&nbsp;UPJS FM! On this page you can find all the&nbsp;study programs in one place. Signing up to study at UPJS FM has never been easier! How can you apply for it? Use the fastes way and &hellip; Continued","og_url":"https:\/\/www.upjs.sk\/lekarska-fakulta\/en\/for-applicants\/","og_site_name":"Lek\u00e1rska fakulta | UPJ\u0160","article_modified_time":"2025-08-19T06:51:29+00:00","og_image":[{"width":545,"height":365,"url":"https:\/\/www.upjs.sk\/app\/uploads\/sites\/9\/2022\/11\/LF.png","type":"image\/png"}],"twitter_card":"summary_large_image","twitter_misc":{"Est. reading time":"3 minutes"},"schema":{"@context":"https:\/\/schema.org","@graph":[{"@type":"WebPage","@id":"https:\/\/www.upjs.sk\/lekarska-fakulta\/en\/for-applicants\/","url":"https:\/\/www.upjs.sk\/lekarska-fakulta\/en\/for-applicants\/","name":"Information for the applicants to study in English - Lek\u00e1rska fakulta | UPJ\u0160","isPartOf":{"@id":"https:\/\/www.upjs.sk\/lekarska-fakulta\/en\/#website"},"primaryImageOfPage":{"@id":"https:\/\/www.upjs.sk\/lekarska-fakulta\/en\/for-applicants\/#primaryimage"},"image":{"@id":"https:\/\/www.upjs.sk\/lekarska-fakulta\/en\/for-applicants\/#primaryimage"},"thumbnailUrl":"https:\/\/www.upjs.sk\/app\/uploads\/sites\/9\/2022\/11\/LF.png","datePublished":"2023-02-22T03:47:36+00:00","dateModified":"2025-08-19T06:51:29+00:00","breadcrumb":{"@id":"https:\/\/www.upjs.sk\/lekarska-fakulta\/en\/for-applicants\/#breadcrumb"},"inLanguage":"en-US","potentialAction":[{"@type":"ReadAction","target":["https:\/\/www.upjs.sk\/lekarska-fakulta\/en\/for-applicants\/"]}]},{"@type":"ImageObject","inLanguage":"en-US","@id":"https:\/\/www.upjs.sk\/lekarska-fakulta\/en\/for-applicants\/#primaryimage","url":"https:\/\/www.upjs.sk\/app\/uploads\/sites\/9\/2022\/11\/LF.png","contentUrl":"https:\/\/www.upjs.sk\/app\/uploads\/sites\/9\/2022\/11\/LF.png","width":545,"height":365,"caption":"applicants"},{"@type":"BreadcrumbList","@id":"https:\/\/www.upjs.sk\/lekarska-fakulta\/en\/for-applicants\/#breadcrumb","itemListElement":[{"@type":"ListItem","position":1,"name":"Home","item":"https:\/\/www.upjs.sk\/lekarska-fakulta\/en\/"},{"@type":"ListItem","position":2,"name":"Information for the applicants to study in English"}]},{"@type":"WebSite","@id":"https:\/\/www.upjs.sk\/lekarska-fakulta\/en\/#website","url":"https:\/\/www.upjs.sk\/lekarska-fakulta\/en\/","name":"Lek\u00e1rska fakulta | UPJ\u0160","description":"","publisher":{"@id":"https:\/\/www.upjs.sk\/lekarska-fakulta\/en\/#organization"},"potentialAction":[{"@type":"SearchAction","target":{"@type":"EntryPoint","urlTemplate":"https:\/\/www.upjs.sk\/lekarska-fakulta\/en\/?s={search_term_string}"},"query-input":{"@type":"PropertyValueSpecification","valueRequired":true,"valueName":"search_term_string"}}],"inLanguage":"en-US"},{"@type":"Organization","@id":"https:\/\/www.upjs.sk\/lekarska-fakulta\/en\/#organization","name":"Lek\u00e1rska fakulta | UPJ\u0160","url":"https:\/\/www.upjs.sk\/lekarska-fakulta\/en\/","logo":{"@type":"ImageObject","inLanguage":"en-US","@id":"https:\/\/www.upjs.sk\/lekarska-fakulta\/en\/#\/schema\/logo\/image\/","url":"https:\/\/www.upjs.sk\/app\/uploads\/sites\/9\/2023\/04\/LF-eNG_frame.svg","contentUrl":"https:\/\/www.upjs.sk\/app\/uploads\/sites\/9\/2023\/04\/LF-eNG_frame.svg","width":292,"height":61,"caption":"Lek\u00e1rska fakulta | UPJ\u0160"},"image":{"@id":"https:\/\/www.upjs.sk\/lekarska-fakulta\/en\/#\/schema\/logo\/image\/"}}]}},"_links":{"self":[{"href":"https:\/\/www.upjs.sk\/lekarska-fakulta\/en\/wp-json\/wp\/v2\/pages\/69412","targetHints":{"allow":["GET"]}}],"collection":[{"href":"https:\/\/www.upjs.sk\/lekarska-fakulta\/en\/wp-json\/wp\/v2\/pages"}],"about":[{"href":"https:\/\/www.upjs.sk\/lekarska-fakulta\/en\/wp-json\/wp\/v2\/types\/page"}],"author":[{"embeddable":true,"href":"https:\/\/www.upjs.sk\/lekarska-fakulta\/en\/wp-json\/wp\/v2\/users\/1"}],"replies":[{"embeddable":true,"href":"https:\/\/www.upjs.sk\/lekarska-fakulta\/en\/wp-json\/wp\/v2\/comments?post=69412"}],"version-history":[{"count":20,"href":"https:\/\/www.upjs.sk\/lekarska-fakulta\/en\/wp-json\/wp\/v2\/pages\/69412\/revisions"}],"predecessor-version":[{"id":141005,"href":"https:\/\/www.upjs.sk\/lekarska-fakulta\/en\/wp-json\/wp\/v2\/pages\/69412\/revisions\/141005"}],"wp:featuredmedia":[{"embeddable":true,"href":"https:\/\/www.upjs.sk\/lekarska-fakulta\/en\/wp-json\/wp\/v2\/media\/58876"}],"wp:attachment":[{"href":"https:\/\/www.upjs.sk\/lekarska-fakulta\/en\/wp-json\/wp\/v2\/media?parent=69412"}],"wp:term":[{"taxonomy":"category","embeddable":true,"href":"https:\/\/www.upjs.sk\/lekarska-fakulta\/en\/wp-json\/wp\/v2\/categories?post=69412"},{"taxonomy":"post_tag","embeddable":true,"href":"https:\/\/www.upjs.sk\/lekarska-fakulta\/en\/wp-json\/wp\/v2\/tags?post=69412"}],"curies":[{"name":"wp","href":"https:\/\/api.w.org\/{rel}","templated":true}]}}