{"id":69443,"date":"2022-10-04T14:26:51","date_gmt":"2022-10-04T13:26:51","guid":{"rendered":"https:\/\/www.upjs.sk\/lekarska-fakulta\/applicants\/contact\/"},"modified":"2025-07-14T09:31:29","modified_gmt":"2025-07-14T08:31:29","slug":"contact","status":"publish","type":"page","link":"https:\/\/www.upjs.sk\/lekarska-fakulta\/en\/for-applicants\/contact\/","title":{"rendered":"Contact"},"content":{"rendered":"<style type=\"text\/css\"><!--\ntable {border-bottom: medium none; text-align: left; border-left: medium none; border-collapse: collapse; border-top: medium none; border-right: medium none}\ntd {BORDER-RIGHT: windowtext 0.5pt solid; BORDER-TOP: windowtext 0.5pt solid; BORDER-LEFT: windowtext 0.5pt solid; BORDER-BOTTOM: windowtext 0.5pt solid;background-color:#fff8e5;padding-left:.5em;padding-right:0.5em;}\n#title {color:white;background-color:#C1A566;font-weight:bold;}\ntd.str {text-align:center;}\n--><br \/>\n<\/style>\n<p><strong>Mgr. Ivana K\u00f6v\u00e9rov\u00e1\u00a0\u2013 Application procedure<\/strong><br \/>\nPhone: +421 55 234 3498<br \/>\ne-mail: <a href=\"mailto:ivana.koverova@upjs.sk\">ivana.koverova@upjs.sk<\/a><\/p>\n<p><strong>Ing. M\u00e1ria Hor\u0148\u00e1kov\u00e1, PhD. \u2013 Transfer students<br \/>\n<\/strong>Tel.\/VoIP: +421 55 234 3473<br \/>\ne-mail:\u00a0<a href=\"https:\/\/www.upjs.sk\/lekarska-fakulta\/en\/current-students\/department-of-student-affairs\/maria.hornakova@upjs.sk\">maria.hornakova@upjs.sk<\/a><\/p>\n<p>Pavol Jozef \u0160af\u00e1rik University in Ko\u0161ice<br \/>\nFaculty of Medicine<br \/>\nDepartment of Student Affairs<br \/>\nTrieda SNP 1<br \/>\n040 11 Ko\u0161ice<br \/>\nThe Slovak Republic<\/p>\n<p><strong>Ing. Zuzana Z\u00e1nick\u00e1 \u2013 Tuition fee and contracts<\/strong><br \/>\nPhone: +421 55 234 3462<br \/>\ne-mail: <a href=\"mailto:zuzana.zanicka@upjs.sk\">zuzana.zanicka@upjs.sk<\/a><br \/>\nDepartment of International Relations and Faculty Presentation<\/p>\n","protected":false},"excerpt":{"rendered":"<p>Mgr. Ivana K\u00f6v\u00e9rov\u00e1\u00a0\u2013 Application procedure Phone: +421 55 234 3498 e-mail: ivana.koverova@upjs.sk Ing. M\u00e1ria Hor\u0148\u00e1kov\u00e1, PhD. \u2013 Transfer students Tel.\/VoIP: +421 55 234 3473 e-mail:\u00a0maria.hornakova@upjs.sk Pavol Jozef \u0160af\u00e1rik University in Ko\u0161ice Faculty of Medicine Department of Student Affairs Trieda SNP 1 040 11 Ko\u0161ice The Slovak Republic Ing. Zuzana Z\u00e1nick\u00e1 \u2013 Tuition fee and contracts &hellip; <a href=\"https:\/\/www.upjs.sk\/lekarska-fakulta\/en\/for-applicants\/contact\/\">Continued<\/a><\/p>\n","protected":false},"author":1,"featured_media":0,"parent":69412,"menu_order":9,"comment_status":"closed","ping_status":"closed","template":"","meta":{"_acf_changed":false,"_editorskit_title_hidden":false,"_editorskit_reading_time":0,"_editorskit_is_block_options_detached":false,"_editorskit_block_options_position":"{}","footnotes":""},"categories":[],"tags":[],"class_list":["post-69443","page","type-page","status-publish","hentry"],"acf":{"acf_link_na_externy_obsah":""},"yoast_head":"<!-- This site is optimized with the Yoast SEO plugin v27.2 - https:\/\/yoast.com\/product\/yoast-seo-wordpress\/ -->\n<title>Contact - Lek\u00e1rska fakulta | UPJ\u0160<\/title>\n<meta name=\"robots\" content=\"index, follow, max-snippet:-1, max-image-preview:large, max-video-preview:-1\" \/>\n<link rel=\"canonical\" href=\"https:\/\/www.upjs.sk\/lekarska-fakulta\/en\/for-applicants\/contact\/\" \/>\n<meta property=\"og:locale\" content=\"en_US\" \/>\n<meta property=\"og:type\" content=\"article\" \/>\n<meta property=\"og:title\" content=\"Contact - Lek\u00e1rska fakulta | UPJ\u0160\" \/>\n<meta property=\"og:description\" content=\"Mgr. Ivana K\u00f6v\u00e9rov\u00e1\u00a0\u2013 Application procedure Phone: +421 55 234 3498 e-mail: ivana.koverova@upjs.sk Ing. M\u00e1ria Hor\u0148\u00e1kov\u00e1, PhD. \u2013 Transfer students Tel.\/VoIP: +421 55 234 3473 e-mail:\u00a0maria.hornakova@upjs.sk Pavol Jozef \u0160af\u00e1rik University in Ko\u0161ice Faculty of Medicine Department of Student Affairs Trieda SNP 1 040 11 Ko\u0161ice The Slovak Republic Ing. Zuzana Z\u00e1nick\u00e1 \u2013 Tuition fee and contracts &hellip; Continued\" \/>\n<meta property=\"og:url\" content=\"https:\/\/www.upjs.sk\/lekarska-fakulta\/en\/for-applicants\/contact\/\" \/>\n<meta property=\"og:site_name\" content=\"Lek\u00e1rska fakulta | UPJ\u0160\" \/>\n<meta property=\"article:modified_time\" content=\"2025-07-14T08:31:29+00:00\" \/>\n<meta name=\"twitter:card\" content=\"summary_large_image\" \/>\n<meta name=\"twitter:label1\" content=\"Est. reading time\" \/>\n\t<meta name=\"twitter:data1\" content=\"1 minute\" \/>\n<script type=\"application\/ld+json\" class=\"yoast-schema-graph\">{\"@context\":\"https:\/\/schema.org\",\"@graph\":[{\"@type\":\"WebPage\",\"@id\":\"https:\/\/www.upjs.sk\/lekarska-fakulta\/en\/for-applicants\/contact\/\",\"url\":\"https:\/\/www.upjs.sk\/lekarska-fakulta\/en\/for-applicants\/contact\/\",\"name\":\"Contact - Lek\u00e1rska fakulta | UPJ\u0160\",\"isPartOf\":{\"@id\":\"https:\/\/www.upjs.sk\/lekarska-fakulta\/en\/#website\"},\"datePublished\":\"2022-10-04T13:26:51+00:00\",\"dateModified\":\"2025-07-14T08:31:29+00:00\",\"breadcrumb\":{\"@id\":\"https:\/\/www.upjs.sk\/lekarska-fakulta\/en\/for-applicants\/contact\/#breadcrumb\"},\"inLanguage\":\"en-US\",\"potentialAction\":[{\"@type\":\"ReadAction\",\"target\":[\"https:\/\/www.upjs.sk\/lekarska-fakulta\/en\/for-applicants\/contact\/\"]}]},{\"@type\":\"BreadcrumbList\",\"@id\":\"https:\/\/www.upjs.sk\/lekarska-fakulta\/en\/for-applicants\/contact\/#breadcrumb\",\"itemListElement\":[{\"@type\":\"ListItem\",\"position\":1,\"name\":\"Home\",\"item\":\"https:\/\/www.upjs.sk\/lekarska-fakulta\/en\/\"},{\"@type\":\"ListItem\",\"position\":2,\"name\":\"Information for the applicants to study in English\",\"item\":\"https:\/\/www.upjs.sk\/lekarska-fakulta\/en\/for-applicants\/\"},{\"@type\":\"ListItem\",\"position\":3,\"name\":\"Contact\"}]},{\"@type\":\"WebSite\",\"@id\":\"https:\/\/www.upjs.sk\/lekarska-fakulta\/en\/#website\",\"url\":\"https:\/\/www.upjs.sk\/lekarska-fakulta\/en\/\",\"name\":\"Lek\u00e1rska fakulta | UPJ\u0160\",\"description\":\"\",\"publisher\":{\"@id\":\"https:\/\/www.upjs.sk\/lekarska-fakulta\/en\/#organization\"},\"potentialAction\":[{\"@type\":\"SearchAction\",\"target\":{\"@type\":\"EntryPoint\",\"urlTemplate\":\"https:\/\/www.upjs.sk\/lekarska-fakulta\/en\/?s={search_term_string}\"},\"query-input\":{\"@type\":\"PropertyValueSpecification\",\"valueRequired\":true,\"valueName\":\"search_term_string\"}}],\"inLanguage\":\"en-US\"},{\"@type\":\"Organization\",\"@id\":\"https:\/\/www.upjs.sk\/lekarska-fakulta\/en\/#organization\",\"name\":\"Lek\u00e1rska fakulta | UPJ\u0160\",\"url\":\"https:\/\/www.upjs.sk\/lekarska-fakulta\/en\/\",\"logo\":{\"@type\":\"ImageObject\",\"inLanguage\":\"en-US\",\"@id\":\"https:\/\/www.upjs.sk\/lekarska-fakulta\/en\/#\/schema\/logo\/image\/\",\"url\":\"https:\/\/www.upjs.sk\/app\/uploads\/sites\/9\/2023\/04\/LF-eNG_frame.svg\",\"contentUrl\":\"https:\/\/www.upjs.sk\/app\/uploads\/sites\/9\/2023\/04\/LF-eNG_frame.svg\",\"width\":292,\"height\":61,\"caption\":\"Lek\u00e1rska fakulta | UPJ\u0160\"},\"image\":{\"@id\":\"https:\/\/www.upjs.sk\/lekarska-fakulta\/en\/#\/schema\/logo\/image\/\"}}]}<\/script>\n<!-- \/ Yoast SEO plugin. -->","yoast_head_json":{"title":"Contact - Lek\u00e1rska fakulta | UPJ\u0160","robots":{"index":"index","follow":"follow","max-snippet":"max-snippet:-1","max-image-preview":"max-image-preview:large","max-video-preview":"max-video-preview:-1"},"canonical":"https:\/\/www.upjs.sk\/lekarska-fakulta\/en\/for-applicants\/contact\/","og_locale":"en_US","og_type":"article","og_title":"Contact - Lek\u00e1rska fakulta | UPJ\u0160","og_description":"Mgr. Ivana K\u00f6v\u00e9rov\u00e1\u00a0\u2013 Application procedure Phone: +421 55 234 3498 e-mail: ivana.koverova@upjs.sk Ing. M\u00e1ria Hor\u0148\u00e1kov\u00e1, PhD. \u2013 Transfer students Tel.\/VoIP: +421 55 234 3473 e-mail:\u00a0maria.hornakova@upjs.sk Pavol Jozef \u0160af\u00e1rik University in Ko\u0161ice Faculty of Medicine Department of Student Affairs Trieda SNP 1 040 11 Ko\u0161ice The Slovak Republic Ing. Zuzana Z\u00e1nick\u00e1 \u2013 Tuition fee and contracts &hellip; Continued","og_url":"https:\/\/www.upjs.sk\/lekarska-fakulta\/en\/for-applicants\/contact\/","og_site_name":"Lek\u00e1rska fakulta | UPJ\u0160","article_modified_time":"2025-07-14T08:31:29+00:00","twitter_card":"summary_large_image","twitter_misc":{"Est. reading time":"1 minute"},"schema":{"@context":"https:\/\/schema.org","@graph":[{"@type":"WebPage","@id":"https:\/\/www.upjs.sk\/lekarska-fakulta\/en\/for-applicants\/contact\/","url":"https:\/\/www.upjs.sk\/lekarska-fakulta\/en\/for-applicants\/contact\/","name":"Contact - Lek\u00e1rska fakulta | UPJ\u0160","isPartOf":{"@id":"https:\/\/www.upjs.sk\/lekarska-fakulta\/en\/#website"},"datePublished":"2022-10-04T13:26:51+00:00","dateModified":"2025-07-14T08:31:29+00:00","breadcrumb":{"@id":"https:\/\/www.upjs.sk\/lekarska-fakulta\/en\/for-applicants\/contact\/#breadcrumb"},"inLanguage":"en-US","potentialAction":[{"@type":"ReadAction","target":["https:\/\/www.upjs.sk\/lekarska-fakulta\/en\/for-applicants\/contact\/"]}]},{"@type":"BreadcrumbList","@id":"https:\/\/www.upjs.sk\/lekarska-fakulta\/en\/for-applicants\/contact\/#breadcrumb","itemListElement":[{"@type":"ListItem","position":1,"name":"Home","item":"https:\/\/www.upjs.sk\/lekarska-fakulta\/en\/"},{"@type":"ListItem","position":2,"name":"Information for the applicants to study in English","item":"https:\/\/www.upjs.sk\/lekarska-fakulta\/en\/for-applicants\/"},{"@type":"ListItem","position":3,"name":"Contact"}]},{"@type":"WebSite","@id":"https:\/\/www.upjs.sk\/lekarska-fakulta\/en\/#website","url":"https:\/\/www.upjs.sk\/lekarska-fakulta\/en\/","name":"Lek\u00e1rska fakulta | UPJ\u0160","description":"","publisher":{"@id":"https:\/\/www.upjs.sk\/lekarska-fakulta\/en\/#organization"},"potentialAction":[{"@type":"SearchAction","target":{"@type":"EntryPoint","urlTemplate":"https:\/\/www.upjs.sk\/lekarska-fakulta\/en\/?s={search_term_string}"},"query-input":{"@type":"PropertyValueSpecification","valueRequired":true,"valueName":"search_term_string"}}],"inLanguage":"en-US"},{"@type":"Organization","@id":"https:\/\/www.upjs.sk\/lekarska-fakulta\/en\/#organization","name":"Lek\u00e1rska fakulta | UPJ\u0160","url":"https:\/\/www.upjs.sk\/lekarska-fakulta\/en\/","logo":{"@type":"ImageObject","inLanguage":"en-US","@id":"https:\/\/www.upjs.sk\/lekarska-fakulta\/en\/#\/schema\/logo\/image\/","url":"https:\/\/www.upjs.sk\/app\/uploads\/sites\/9\/2023\/04\/LF-eNG_frame.svg","contentUrl":"https:\/\/www.upjs.sk\/app\/uploads\/sites\/9\/2023\/04\/LF-eNG_frame.svg","width":292,"height":61,"caption":"Lek\u00e1rska fakulta | UPJ\u0160"},"image":{"@id":"https:\/\/www.upjs.sk\/lekarska-fakulta\/en\/#\/schema\/logo\/image\/"}}]}},"_links":{"self":[{"href":"https:\/\/www.upjs.sk\/lekarska-fakulta\/en\/wp-json\/wp\/v2\/pages\/69443","targetHints":{"allow":["GET"]}}],"collection":[{"href":"https:\/\/www.upjs.sk\/lekarska-fakulta\/en\/wp-json\/wp\/v2\/pages"}],"about":[{"href":"https:\/\/www.upjs.sk\/lekarska-fakulta\/en\/wp-json\/wp\/v2\/types\/page"}],"author":[{"embeddable":true,"href":"https:\/\/www.upjs.sk\/lekarska-fakulta\/en\/wp-json\/wp\/v2\/users\/1"}],"replies":[{"embeddable":true,"href":"https:\/\/www.upjs.sk\/lekarska-fakulta\/en\/wp-json\/wp\/v2\/comments?post=69443"}],"version-history":[{"count":4,"href":"https:\/\/www.upjs.sk\/lekarska-fakulta\/en\/wp-json\/wp\/v2\/pages\/69443\/revisions"}],"predecessor-version":[{"id":139758,"href":"https:\/\/www.upjs.sk\/lekarska-fakulta\/en\/wp-json\/wp\/v2\/pages\/69443\/revisions\/139758"}],"up":[{"embeddable":true,"href":"https:\/\/www.upjs.sk\/lekarska-fakulta\/en\/wp-json\/wp\/v2\/pages\/69412"}],"wp:attachment":[{"href":"https:\/\/www.upjs.sk\/lekarska-fakulta\/en\/wp-json\/wp\/v2\/media?parent=69443"}],"wp:term":[{"taxonomy":"category","embeddable":true,"href":"https:\/\/www.upjs.sk\/lekarska-fakulta\/en\/wp-json\/wp\/v2\/categories?post=69443"},{"taxonomy":"post_tag","embeddable":true,"href":"https:\/\/www.upjs.sk\/lekarska-fakulta\/en\/wp-json\/wp\/v2\/tags?post=69443"}],"curies":[{"name":"wp","href":"https:\/\/api.w.org\/{rel}","templated":true}]}}