{"id":69448,"date":"2023-02-21T03:49:16","date_gmt":"2023-02-21T02:49:16","guid":{"rendered":"https:\/\/www.upjs.sk\/lekarska-fakulta\/international-relations\/contact-us\/"},"modified":"2025-12-11T09:33:24","modified_gmt":"2025-12-11T08:33:24","slug":"contact-us","status":"publish","type":"page","link":"https:\/\/www.upjs.sk\/lekarska-fakulta\/en\/international-relations\/contact-us\/","title":{"rendered":"Department for International Relations"},"content":{"rendered":"<style>.wp-block-kadence-advancedheading.kt-adv-heading69448_9e3620-6e, .wp-block-kadence-advancedheading.kt-adv-heading69448_9e3620-6e[data-kb-block=\"kb-adv-heading69448_9e3620-6e\"]{font-style:normal;}.wp-block-kadence-advancedheading.kt-adv-heading69448_9e3620-6e mark.kt-highlight, .wp-block-kadence-advancedheading.kt-adv-heading69448_9e3620-6e[data-kb-block=\"kb-adv-heading69448_9e3620-6e\"] mark.kt-highlight{font-style:normal;color:#f76a0c;-webkit-box-decoration-break:clone;box-decoration-break:clone;padding-top:0px;padding-right:0px;padding-bottom:0px;padding-left:0px;}<\/style>\n<h4 class=\"kt-adv-heading69448_9e3620-6e wp-block-kadence-advancedheading\" data-kb-block=\"kb-adv-heading69448_9e3620-6e\">Department for International Relations and Presentation of the Faculty in Abroad<\/h4>\n\n\n\n<div class=\"wp-block-columns is-style-gapless is-layout-flex wp-container-core-columns-is-layout-9d6595d7 wp-block-columns-is-layout-flex\">\n<div class=\"wp-block-column is-content-justification-left is-layout-constrained wp-container-core-column-is-layout-8c890d92 wp-block-column-is-layout-constrained\" style=\"flex-basis:170px\"><style>.kb-image69448_e198c6-02.kb-image-is-ratio-size, .kb-image69448_e198c6-02 .kb-image-is-ratio-size{max-width:150px;width:100%;}.wp-block-kadence-column > .kt-inside-inner-col > .kb-image69448_e198c6-02.kb-image-is-ratio-size, .wp-block-kadence-column > .kt-inside-inner-col > .kb-image69448_e198c6-02 .kb-image-is-ratio-size{align-self:unset;}.kb-image69448_e198c6-02{max-width:150px;}.image-is-svg.kb-image69448_e198c6-02{-webkit-flex:0 1 100%;flex:0 1 100%;}.image-is-svg.kb-image69448_e198c6-02 img{width:100%;}.kb-image69448_e198c6-02 .kb-image-has-overlay:after{opacity:0.3;}.kb-image69448_e198c6-02 img.kb-img, .kb-image69448_e198c6-02 .kb-img img{box-shadow:6px 6px 12px 0px #C92432;}<\/style>\n<figure class=\"wp-block-kadence-image kb-image69448_e198c6-02 size-full kb-image-is-ratio-size\"><div class=\"kb-is-ratio-image kb-image-ratio-port23\"><img loading=\"lazy\" decoding=\"async\" width=\"591\" height=\"985\" src=\"https:\/\/www.upjs.sk\/app\/uploads\/sites\/9\/2023\/10\/Zuzka-Zanicka.jpg\" alt=\"\" class=\"kb-img wp-image-100367\" srcset=\"https:\/\/www.upjs.sk\/app\/uploads\/sites\/9\/2023\/10\/Zuzka-Zanicka.jpg 591w, https:\/\/www.upjs.sk\/app\/uploads\/sites\/9\/2023\/10\/Zuzka-Zanicka-180x300.jpg 180w\" sizes=\"auto, (max-width: 591px) 100vw, 591px\" \/><\/div><\/figure>\n<\/div>\n\n\n\n<div class=\"wp-block-column is-vertically-aligned-bottom is-layout-flow wp-block-column-is-layout-flow\" style=\"flex-basis:75%\">\n<p><strong>Ing. Zuzana Z\u00e1nick\u00e1<\/strong><br>Deputy Head for International Relations and Educational Activities in the English Language<br>Tel.\/VoIP: +421 55 234 3462<br>e-mail: <a href=\"mailto:zuzana.zanicka@upjs.sk\" class=\"ek-link\">zuzana.zanicka@upjs.sk<\/a>  <br><\/p>\n\n\n\n<p><strong>Office Hours:<\/strong><br><strong>Monday: Consultations on Educational Activities -12:30-14:30<\/strong> (on behalf of the Vice-Dean prof. MUDr. \u017delm\u00edra Macejov\u00e1, PhD., 4th floor, door no. 10)<br><strong>Tuesday: Consultations on Tuition Fee- 9:00-12:00<\/strong><br><strong>Wednesday: Consultations on Tuition fee- 12:30-14:30<\/strong><br><strong>Thursday: Consultations on Educational Activities 9:00-12:00 (<\/strong>on behalf of the Vice-Dean prof. MUDr. \u017delm\u00edra Macejov\u00e1, PhD., 4th floor, door no. 10)<br><strong>Responsible for:<\/strong> Educational Activities in the English Language, Tuition Fee, Study Contracts, Foreign Representatives<\/p>\n<\/div>\n<\/div>\n\n\n\n<div style=\"height:20px\" aria-hidden=\"true\" class=\"wp-block-spacer\"><\/div>\n\n\n\n<div class=\"wp-block-columns is-style-gapless is-layout-flex wp-container-core-columns-is-layout-9d6595d7 wp-block-columns-is-layout-flex\">\n<div class=\"wp-block-column is-content-justification-left is-layout-constrained wp-container-core-column-is-layout-8c890d92 wp-block-column-is-layout-constrained\" style=\"flex-basis:170px\"><\/div>\n\n\n\n<div class=\"wp-block-column is-vertically-aligned-bottom is-layout-flow wp-block-column-is-layout-flow\" style=\"flex-basis:75%\">\n<p><strong>RNDr. Nela Farka\u0161ov\u00e1, PhD.<\/strong><br><strong>Responsible for:<\/strong> Erasmus+, Free Mover<br>Tel.\/VoIP: +421 55 234 3309<br>e-mail: <a class=\"ek-link\" href=\"mailto:nela.farkasova@upjs.sk\"><\/a><a class=\"ek-link\" href=\"mailto:nela.farkasova@upjs.sk\">nela.farkasova@upjs.sk<\/a><br><strong>Office hours:<\/strong><br><strong>Monday, Wednesday:<\/strong> 12:30 \u2013 14:30<br><strong>Tuesday, Thursday: <\/strong>09:00 \u2013 12:00<\/p>\n<\/div>\n<\/div>\n","protected":false},"excerpt":{"rendered":"<p>Department for International Relations and Presentation of the Faculty in Abroad Ing. Zuzana Z\u00e1nick\u00e1Deputy Head for International Relations and Educational Activities in the English LanguageTel.\/VoIP: +421 55 234 3462e-mail: zuzana.zanicka@upjs.sk Office Hours:Monday: Consultations on Educational Activities -12:30-14:30 (on behalf of the Vice-Dean prof. MUDr. \u017delm\u00edra Macejov\u00e1, PhD., 4th floor, door no. 10)Tuesday: Consultations on Tuition &hellip; <a href=\"https:\/\/www.upjs.sk\/lekarska-fakulta\/en\/international-relations\/contact-us\/\">Continued<\/a><\/p>\n","protected":false},"author":1,"featured_media":26017,"parent":69446,"menu_order":9,"comment_status":"closed","ping_status":"closed","template":"","meta":{"_acf_changed":false,"_editorskit_title_hidden":false,"_editorskit_reading_time":1,"_editorskit_is_block_options_detached":false,"_editorskit_block_options_position":"{}","footnotes":""},"categories":[],"tags":[],"class_list":["post-69448","page","type-page","status-publish","has-post-thumbnail","hentry"],"acf":{"acf_link_na_externy_obsah":""},"yoast_head":"<!-- This site is optimized with the Yoast SEO plugin v27.2 - https:\/\/yoast.com\/product\/yoast-seo-wordpress\/ -->\n<title>Department for International Relations - Lek\u00e1rska fakulta | UPJ\u0160<\/title>\n<meta name=\"robots\" content=\"index, follow, max-snippet:-1, max-image-preview:large, max-video-preview:-1\" \/>\n<link rel=\"canonical\" href=\"https:\/\/www.upjs.sk\/lekarska-fakulta\/en\/international-relations\/contact-us\/\" \/>\n<meta property=\"og:locale\" content=\"en_US\" \/>\n<meta property=\"og:type\" content=\"article\" \/>\n<meta property=\"og:title\" content=\"Department for International Relations - Lek\u00e1rska fakulta | UPJ\u0160\" \/>\n<meta property=\"og:description\" content=\"Department for International Relations and Presentation of the Faculty in Abroad Ing. Zuzana Z\u00e1nick\u00e1Deputy Head for International Relations and Educational Activities in the English LanguageTel.\/VoIP: +421 55 234 3462e-mail: zuzana.zanicka@upjs.sk Office Hours:Monday: Consultations on Educational Activities -12:30-14:30 (on behalf of the Vice-Dean prof. MUDr. \u017delm\u00edra Macejov\u00e1, PhD., 4th floor, door no. 10)Tuesday: Consultations on Tuition &hellip; Continued\" \/>\n<meta property=\"og:url\" content=\"https:\/\/www.upjs.sk\/lekarska-fakulta\/en\/international-relations\/contact-us\/\" \/>\n<meta property=\"og:site_name\" content=\"Lek\u00e1rska fakulta | UPJ\u0160\" \/>\n<meta property=\"article:modified_time\" content=\"2025-12-11T08:33:24+00:00\" \/>\n<meta property=\"og:image\" content=\"https:\/\/www.upjs.sk\/app\/uploads\/sites\/9\/2022\/10\/Gdovinova.jpg\" \/>\n\t<meta property=\"og:image:width\" content=\"640\" \/>\n\t<meta property=\"og:image:height\" content=\"454\" \/>\n\t<meta property=\"og:image:type\" content=\"image\/jpeg\" \/>\n<meta name=\"twitter:card\" content=\"summary_large_image\" \/>\n<meta name=\"twitter:label1\" content=\"Est. reading time\" \/>\n\t<meta name=\"twitter:data1\" content=\"2 minutes\" \/>\n<script type=\"application\/ld+json\" class=\"yoast-schema-graph\">{\"@context\":\"https:\/\/schema.org\",\"@graph\":[{\"@type\":\"WebPage\",\"@id\":\"https:\/\/www.upjs.sk\/lekarska-fakulta\/en\/international-relations\/contact-us\/\",\"url\":\"https:\/\/www.upjs.sk\/lekarska-fakulta\/en\/international-relations\/contact-us\/\",\"name\":\"Department for International Relations - Lek\u00e1rska fakulta | UPJ\u0160\",\"isPartOf\":{\"@id\":\"https:\/\/www.upjs.sk\/lekarska-fakulta\/en\/#website\"},\"primaryImageOfPage\":{\"@id\":\"https:\/\/www.upjs.sk\/lekarska-fakulta\/en\/international-relations\/contact-us\/#primaryimage\"},\"image\":{\"@id\":\"https:\/\/www.upjs.sk\/lekarska-fakulta\/en\/international-relations\/contact-us\/#primaryimage\"},\"thumbnailUrl\":\"https:\/\/www.upjs.sk\/app\/uploads\/sites\/9\/2022\/10\/Gdovinova.jpg\",\"datePublished\":\"2023-02-21T02:49:16+00:00\",\"dateModified\":\"2025-12-11T08:33:24+00:00\",\"breadcrumb\":{\"@id\":\"https:\/\/www.upjs.sk\/lekarska-fakulta\/en\/international-relations\/contact-us\/#breadcrumb\"},\"inLanguage\":\"en-US\",\"potentialAction\":[{\"@type\":\"ReadAction\",\"target\":[\"https:\/\/www.upjs.sk\/lekarska-fakulta\/en\/international-relations\/contact-us\/\"]}]},{\"@type\":\"ImageObject\",\"inLanguage\":\"en-US\",\"@id\":\"https:\/\/www.upjs.sk\/lekarska-fakulta\/en\/international-relations\/contact-us\/#primaryimage\",\"url\":\"https:\/\/www.upjs.sk\/app\/uploads\/sites\/9\/2022\/10\/Gdovinova.jpg\",\"contentUrl\":\"https:\/\/www.upjs.sk\/app\/uploads\/sites\/9\/2022\/10\/Gdovinova.jpg\",\"width\":640,\"height\":454,\"caption\":\"contact-us\"},{\"@type\":\"BreadcrumbList\",\"@id\":\"https:\/\/www.upjs.sk\/lekarska-fakulta\/en\/international-relations\/contact-us\/#breadcrumb\",\"itemListElement\":[{\"@type\":\"ListItem\",\"position\":1,\"name\":\"Home\",\"item\":\"https:\/\/www.upjs.sk\/lekarska-fakulta\/en\/\"},{\"@type\":\"ListItem\",\"position\":2,\"name\":\"International Relations\",\"item\":\"https:\/\/www.upjs.sk\/lekarska-fakulta\/en\/international-relations\/\"},{\"@type\":\"ListItem\",\"position\":3,\"name\":\"Department for International Relations\"}]},{\"@type\":\"WebSite\",\"@id\":\"https:\/\/www.upjs.sk\/lekarska-fakulta\/en\/#website\",\"url\":\"https:\/\/www.upjs.sk\/lekarska-fakulta\/en\/\",\"name\":\"Lek\u00e1rska fakulta | UPJ\u0160\",\"description\":\"\",\"publisher\":{\"@id\":\"https:\/\/www.upjs.sk\/lekarska-fakulta\/en\/#organization\"},\"potentialAction\":[{\"@type\":\"SearchAction\",\"target\":{\"@type\":\"EntryPoint\",\"urlTemplate\":\"https:\/\/www.upjs.sk\/lekarska-fakulta\/en\/?s={search_term_string}\"},\"query-input\":{\"@type\":\"PropertyValueSpecification\",\"valueRequired\":true,\"valueName\":\"search_term_string\"}}],\"inLanguage\":\"en-US\"},{\"@type\":\"Organization\",\"@id\":\"https:\/\/www.upjs.sk\/lekarska-fakulta\/en\/#organization\",\"name\":\"Lek\u00e1rska fakulta | UPJ\u0160\",\"url\":\"https:\/\/www.upjs.sk\/lekarska-fakulta\/en\/\",\"logo\":{\"@type\":\"ImageObject\",\"inLanguage\":\"en-US\",\"@id\":\"https:\/\/www.upjs.sk\/lekarska-fakulta\/en\/#\/schema\/logo\/image\/\",\"url\":\"https:\/\/www.upjs.sk\/app\/uploads\/sites\/9\/2023\/04\/LF-eNG_frame.svg\",\"contentUrl\":\"https:\/\/www.upjs.sk\/app\/uploads\/sites\/9\/2023\/04\/LF-eNG_frame.svg\",\"width\":292,\"height\":61,\"caption\":\"Lek\u00e1rska fakulta | UPJ\u0160\"},\"image\":{\"@id\":\"https:\/\/www.upjs.sk\/lekarska-fakulta\/en\/#\/schema\/logo\/image\/\"}}]}<\/script>\n<!-- \/ Yoast SEO plugin. -->","yoast_head_json":{"title":"Department for International Relations - Lek\u00e1rska fakulta | UPJ\u0160","robots":{"index":"index","follow":"follow","max-snippet":"max-snippet:-1","max-image-preview":"max-image-preview:large","max-video-preview":"max-video-preview:-1"},"canonical":"https:\/\/www.upjs.sk\/lekarska-fakulta\/en\/international-relations\/contact-us\/","og_locale":"en_US","og_type":"article","og_title":"Department for International Relations - Lek\u00e1rska fakulta | UPJ\u0160","og_description":"Department for International Relations and Presentation of the Faculty in Abroad Ing. Zuzana Z\u00e1nick\u00e1Deputy Head for International Relations and Educational Activities in the English LanguageTel.\/VoIP: +421 55 234 3462e-mail: zuzana.zanicka@upjs.sk Office Hours:Monday: Consultations on Educational Activities -12:30-14:30 (on behalf of the Vice-Dean prof. MUDr. \u017delm\u00edra Macejov\u00e1, PhD., 4th floor, door no. 10)Tuesday: Consultations on Tuition &hellip; Continued","og_url":"https:\/\/www.upjs.sk\/lekarska-fakulta\/en\/international-relations\/contact-us\/","og_site_name":"Lek\u00e1rska fakulta | UPJ\u0160","article_modified_time":"2025-12-11T08:33:24+00:00","og_image":[{"width":640,"height":454,"url":"https:\/\/www.upjs.sk\/app\/uploads\/sites\/9\/2022\/10\/Gdovinova.jpg","type":"image\/jpeg"}],"twitter_card":"summary_large_image","twitter_misc":{"Est. reading time":"2 minutes"},"schema":{"@context":"https:\/\/schema.org","@graph":[{"@type":"WebPage","@id":"https:\/\/www.upjs.sk\/lekarska-fakulta\/en\/international-relations\/contact-us\/","url":"https:\/\/www.upjs.sk\/lekarska-fakulta\/en\/international-relations\/contact-us\/","name":"Department for International Relations - Lek\u00e1rska fakulta | UPJ\u0160","isPartOf":{"@id":"https:\/\/www.upjs.sk\/lekarska-fakulta\/en\/#website"},"primaryImageOfPage":{"@id":"https:\/\/www.upjs.sk\/lekarska-fakulta\/en\/international-relations\/contact-us\/#primaryimage"},"image":{"@id":"https:\/\/www.upjs.sk\/lekarska-fakulta\/en\/international-relations\/contact-us\/#primaryimage"},"thumbnailUrl":"https:\/\/www.upjs.sk\/app\/uploads\/sites\/9\/2022\/10\/Gdovinova.jpg","datePublished":"2023-02-21T02:49:16+00:00","dateModified":"2025-12-11T08:33:24+00:00","breadcrumb":{"@id":"https:\/\/www.upjs.sk\/lekarska-fakulta\/en\/international-relations\/contact-us\/#breadcrumb"},"inLanguage":"en-US","potentialAction":[{"@type":"ReadAction","target":["https:\/\/www.upjs.sk\/lekarska-fakulta\/en\/international-relations\/contact-us\/"]}]},{"@type":"ImageObject","inLanguage":"en-US","@id":"https:\/\/www.upjs.sk\/lekarska-fakulta\/en\/international-relations\/contact-us\/#primaryimage","url":"https:\/\/www.upjs.sk\/app\/uploads\/sites\/9\/2022\/10\/Gdovinova.jpg","contentUrl":"https:\/\/www.upjs.sk\/app\/uploads\/sites\/9\/2022\/10\/Gdovinova.jpg","width":640,"height":454,"caption":"contact-us"},{"@type":"BreadcrumbList","@id":"https:\/\/www.upjs.sk\/lekarska-fakulta\/en\/international-relations\/contact-us\/#breadcrumb","itemListElement":[{"@type":"ListItem","position":1,"name":"Home","item":"https:\/\/www.upjs.sk\/lekarska-fakulta\/en\/"},{"@type":"ListItem","position":2,"name":"International Relations","item":"https:\/\/www.upjs.sk\/lekarska-fakulta\/en\/international-relations\/"},{"@type":"ListItem","position":3,"name":"Department for International Relations"}]},{"@type":"WebSite","@id":"https:\/\/www.upjs.sk\/lekarska-fakulta\/en\/#website","url":"https:\/\/www.upjs.sk\/lekarska-fakulta\/en\/","name":"Lek\u00e1rska fakulta | UPJ\u0160","description":"","publisher":{"@id":"https:\/\/www.upjs.sk\/lekarska-fakulta\/en\/#organization"},"potentialAction":[{"@type":"SearchAction","target":{"@type":"EntryPoint","urlTemplate":"https:\/\/www.upjs.sk\/lekarska-fakulta\/en\/?s={search_term_string}"},"query-input":{"@type":"PropertyValueSpecification","valueRequired":true,"valueName":"search_term_string"}}],"inLanguage":"en-US"},{"@type":"Organization","@id":"https:\/\/www.upjs.sk\/lekarska-fakulta\/en\/#organization","name":"Lek\u00e1rska fakulta | UPJ\u0160","url":"https:\/\/www.upjs.sk\/lekarska-fakulta\/en\/","logo":{"@type":"ImageObject","inLanguage":"en-US","@id":"https:\/\/www.upjs.sk\/lekarska-fakulta\/en\/#\/schema\/logo\/image\/","url":"https:\/\/www.upjs.sk\/app\/uploads\/sites\/9\/2023\/04\/LF-eNG_frame.svg","contentUrl":"https:\/\/www.upjs.sk\/app\/uploads\/sites\/9\/2023\/04\/LF-eNG_frame.svg","width":292,"height":61,"caption":"Lek\u00e1rska fakulta | UPJ\u0160"},"image":{"@id":"https:\/\/www.upjs.sk\/lekarska-fakulta\/en\/#\/schema\/logo\/image\/"}}]}},"_links":{"self":[{"href":"https:\/\/www.upjs.sk\/lekarska-fakulta\/en\/wp-json\/wp\/v2\/pages\/69448","targetHints":{"allow":["GET"]}}],"collection":[{"href":"https:\/\/www.upjs.sk\/lekarska-fakulta\/en\/wp-json\/wp\/v2\/pages"}],"about":[{"href":"https:\/\/www.upjs.sk\/lekarska-fakulta\/en\/wp-json\/wp\/v2\/types\/page"}],"author":[{"embeddable":true,"href":"https:\/\/www.upjs.sk\/lekarska-fakulta\/en\/wp-json\/wp\/v2\/users\/1"}],"replies":[{"embeddable":true,"href":"https:\/\/www.upjs.sk\/lekarska-fakulta\/en\/wp-json\/wp\/v2\/comments?post=69448"}],"version-history":[{"count":16,"href":"https:\/\/www.upjs.sk\/lekarska-fakulta\/en\/wp-json\/wp\/v2\/pages\/69448\/revisions"}],"predecessor-version":[{"id":149408,"href":"https:\/\/www.upjs.sk\/lekarska-fakulta\/en\/wp-json\/wp\/v2\/pages\/69448\/revisions\/149408"}],"up":[{"embeddable":true,"href":"https:\/\/www.upjs.sk\/lekarska-fakulta\/en\/wp-json\/wp\/v2\/pages\/69446"}],"wp:featuredmedia":[{"embeddable":true,"href":"https:\/\/www.upjs.sk\/lekarska-fakulta\/en\/wp-json\/wp\/v2\/media\/26017"}],"wp:attachment":[{"href":"https:\/\/www.upjs.sk\/lekarska-fakulta\/en\/wp-json\/wp\/v2\/media?parent=69448"}],"wp:term":[{"taxonomy":"category","embeddable":true,"href":"https:\/\/www.upjs.sk\/lekarska-fakulta\/en\/wp-json\/wp\/v2\/categories?post=69448"},{"taxonomy":"post_tag","embeddable":true,"href":"https:\/\/www.upjs.sk\/lekarska-fakulta\/en\/wp-json\/wp\/v2\/tags?post=69448"}],"curies":[{"name":"wp","href":"https:\/\/api.w.org\/{rel}","templated":true}]}}