{"id":69462,"date":"2023-02-22T03:59:11","date_gmt":"2023-02-22T02:59:11","guid":{"rendered":"https:\/\/www.upjs.sk\/lekarska-fakulta\/international-relations\/free-mover\/"},"modified":"2025-12-10T10:57:58","modified_gmt":"2025-12-10T09:57:58","slug":"free-mover","status":"publish","type":"page","link":"https:\/\/www.upjs.sk\/lekarska-fakulta\/en\/international-relations\/free-mover\/","title":{"rendered":"Free Mover"},"content":{"rendered":"\n<p>Foreign students who want to add an international dimension to their degrees can apply to undertake a short-term stay for studies (a semester or an academic year), research or traineeship at the Pavol Jozef \u0160af\u00e1rik University in Ko\u0161ice (UPJ\u0160), also as free movers &#8211; i.e. independently, without being part of a specific scholarship\/exchange programme (e.g. Erasmus+, National Scholarship Programme, International Visegrad Fund, CEEPUS etc.)<\/p>\n\n\n\n<p>Free movers do not get any scholarship\/grant from the Pavol Jozef \u0160af\u00e1rik University in Ko\u0161ice. Pavol Jozef \u0160af\u00e1rik University in Ko\u0161ice does not require any tuition fees from free movers.<\/p>\n\n\n\n<p>Free movers must be officially enrolled in a degree program at their home university during the application procedure and during the whole period of their free mover stay at our university.<\/p>\n\n\n\n<p>We prefer students from member countries of the European Higher Education Area.<\/p>\n\n\n\n<p><strong><a href=\"https:\/\/www.upjs.sk\/en\/information\/international-relations\/free-movers\/\" class=\"ek-link\">Application procedure for incoming Free Mover<\/a><\/strong><\/p>\n\n\n<style>.wp-block-kadence-advancedheading.kt-adv-heading69462_dfb344-26, .wp-block-kadence-advancedheading.kt-adv-heading69462_dfb344-26[data-kb-block=\"kb-adv-heading69462_dfb344-26\"]{font-style:normal;}.wp-block-kadence-advancedheading.kt-adv-heading69462_dfb344-26 mark.kt-highlight, .wp-block-kadence-advancedheading.kt-adv-heading69462_dfb344-26[data-kb-block=\"kb-adv-heading69462_dfb344-26\"] mark.kt-highlight{font-style:normal;color:#f76a0c;-webkit-box-decoration-break:clone;box-decoration-break:clone;padding-top:0px;padding-right:0px;padding-bottom:0px;padding-left:0px;}<\/style>\n<p class=\"kt-adv-heading69462_dfb344-26 wp-block-kadence-advancedheading\" data-kb-block=\"kb-adv-heading69462_dfb344-26\"><strong><a href=\"https:\/\/www.upjs.sk\/app\/uploads\/sites\/9\/2025\/12\/25_26-Call-for-application_FREE-MOVER_Summer-Term.pdf\" target=\"_blank\" rel=\"noreferrer noopener\">Application procedure for outgoing  Free Mover<\/a><\/strong><\/p>\n\n\n<style>.wp-block-kadence-advancedheading.kt-adv-heading69462_569f07-58, .wp-block-kadence-advancedheading.kt-adv-heading69462_569f07-58[data-kb-block=\"kb-adv-heading69462_569f07-58\"]{font-style:normal;}.wp-block-kadence-advancedheading.kt-adv-heading69462_569f07-58 mark.kt-highlight, .wp-block-kadence-advancedheading.kt-adv-heading69462_569f07-58[data-kb-block=\"kb-adv-heading69462_569f07-58\"] mark.kt-highlight{font-style:normal;color:#f76a0c;-webkit-box-decoration-break:clone;box-decoration-break:clone;padding-top:0px;padding-right:0px;padding-bottom:0px;padding-left:0px;}<\/style>\n<p class=\"kt-adv-heading69462_569f07-58 wp-block-kadence-advancedheading\" data-kb-block=\"kb-adv-heading69462_569f07-58\"><\/p>\n","protected":false},"excerpt":{"rendered":"<p>Foreign students who want to add an international dimension to their degrees can apply to undertake a short-term stay for studies (a semester or an academic year), research or traineeship at the Pavol Jozef \u0160af\u00e1rik University in Ko\u0161ice (UPJ\u0160), also as free movers &#8211; i.e. independently, without being part of a specific scholarship\/exchange programme (e.g. &hellip; <a href=\"https:\/\/www.upjs.sk\/lekarska-fakulta\/en\/international-relations\/free-mover\/\">Continued<\/a><\/p>\n","protected":false},"author":1,"featured_media":0,"parent":69446,"menu_order":2,"comment_status":"closed","ping_status":"closed","template":"","meta":{"_acf_changed":false,"_editorskit_title_hidden":false,"_editorskit_reading_time":1,"_editorskit_is_block_options_detached":false,"_editorskit_block_options_position":"{}","footnotes":""},"categories":[],"tags":[],"class_list":["post-69462","page","type-page","status-publish","hentry"],"acf":{"acf_link_na_externy_obsah":""},"yoast_head":"<!-- This site is optimized with the Yoast SEO plugin v27.4 - https:\/\/yoast.com\/product\/yoast-seo-wordpress\/ -->\n<title>Free Mover - Lek\u00e1rska fakulta | UPJ\u0160<\/title>\n<meta name=\"robots\" content=\"index, follow, max-snippet:-1, max-image-preview:large, max-video-preview:-1\" \/>\n<link rel=\"canonical\" href=\"https:\/\/www.upjs.sk\/lekarska-fakulta\/en\/international-relations\/free-mover\/\" \/>\n<meta property=\"og:locale\" content=\"en_US\" \/>\n<meta property=\"og:type\" content=\"article\" \/>\n<meta property=\"og:title\" content=\"Free Mover - Lek\u00e1rska fakulta | UPJ\u0160\" \/>\n<meta property=\"og:description\" content=\"Foreign students who want to add an international dimension to their degrees can apply to undertake a short-term stay for studies (a semester or an academic year), research or traineeship at the Pavol Jozef \u0160af\u00e1rik University in Ko\u0161ice (UPJ\u0160), also as free movers &#8211; i.e. independently, without being part of a specific scholarship\/exchange programme (e.g. &hellip; Continued\" \/>\n<meta property=\"og:url\" content=\"https:\/\/www.upjs.sk\/lekarska-fakulta\/en\/international-relations\/free-mover\/\" \/>\n<meta property=\"og:site_name\" content=\"Lek\u00e1rska fakulta | UPJ\u0160\" \/>\n<meta property=\"article:modified_time\" content=\"2025-12-10T09:57:58+00:00\" \/>\n<meta name=\"twitter:card\" content=\"summary_large_image\" \/>\n<meta name=\"twitter:label1\" content=\"Est. reading time\" \/>\n\t<meta name=\"twitter:data1\" content=\"1 minute\" \/>\n<script type=\"application\/ld+json\" class=\"yoast-schema-graph\">{\"@context\":\"https:\\\/\\\/schema.org\",\"@graph\":[{\"@type\":\"WebPage\",\"@id\":\"https:\\\/\\\/www.upjs.sk\\\/lekarska-fakulta\\\/en\\\/international-relations\\\/free-mover\\\/\",\"url\":\"https:\\\/\\\/www.upjs.sk\\\/lekarska-fakulta\\\/en\\\/international-relations\\\/free-mover\\\/\",\"name\":\"Free Mover - Lek\u00e1rska fakulta | UPJ\u0160\",\"isPartOf\":{\"@id\":\"https:\\\/\\\/www.upjs.sk\\\/lekarska-fakulta\\\/en\\\/#website\"},\"datePublished\":\"2023-02-22T02:59:11+00:00\",\"dateModified\":\"2025-12-10T09:57:58+00:00\",\"breadcrumb\":{\"@id\":\"https:\\\/\\\/www.upjs.sk\\\/lekarska-fakulta\\\/en\\\/international-relations\\\/free-mover\\\/#breadcrumb\"},\"inLanguage\":\"en-US\",\"potentialAction\":[{\"@type\":\"ReadAction\",\"target\":[\"https:\\\/\\\/www.upjs.sk\\\/lekarska-fakulta\\\/en\\\/international-relations\\\/free-mover\\\/\"]}]},{\"@type\":\"BreadcrumbList\",\"@id\":\"https:\\\/\\\/www.upjs.sk\\\/lekarska-fakulta\\\/en\\\/international-relations\\\/free-mover\\\/#breadcrumb\",\"itemListElement\":[{\"@type\":\"ListItem\",\"position\":1,\"name\":\"Home\",\"item\":\"https:\\\/\\\/www.upjs.sk\\\/lekarska-fakulta\\\/en\\\/\"},{\"@type\":\"ListItem\",\"position\":2,\"name\":\"International Relations\",\"item\":\"https:\\\/\\\/www.upjs.sk\\\/lekarska-fakulta\\\/en\\\/international-relations\\\/\"},{\"@type\":\"ListItem\",\"position\":3,\"name\":\"Free Mover\"}]},{\"@type\":\"WebSite\",\"@id\":\"https:\\\/\\\/www.upjs.sk\\\/lekarska-fakulta\\\/en\\\/#website\",\"url\":\"https:\\\/\\\/www.upjs.sk\\\/lekarska-fakulta\\\/en\\\/\",\"name\":\"Lek\u00e1rska fakulta | UPJ\u0160\",\"description\":\"\",\"publisher\":{\"@id\":\"https:\\\/\\\/www.upjs.sk\\\/lekarska-fakulta\\\/en\\\/#organization\"},\"potentialAction\":[{\"@type\":\"SearchAction\",\"target\":{\"@type\":\"EntryPoint\",\"urlTemplate\":\"https:\\\/\\\/www.upjs.sk\\\/lekarska-fakulta\\\/en\\\/?s={search_term_string}\"},\"query-input\":{\"@type\":\"PropertyValueSpecification\",\"valueRequired\":true,\"valueName\":\"search_term_string\"}}],\"inLanguage\":\"en-US\"},{\"@type\":\"Organization\",\"@id\":\"https:\\\/\\\/www.upjs.sk\\\/lekarska-fakulta\\\/en\\\/#organization\",\"name\":\"Lek\u00e1rska fakulta | UPJ\u0160\",\"url\":\"https:\\\/\\\/www.upjs.sk\\\/lekarska-fakulta\\\/en\\\/\",\"logo\":{\"@type\":\"ImageObject\",\"inLanguage\":\"en-US\",\"@id\":\"https:\\\/\\\/www.upjs.sk\\\/lekarska-fakulta\\\/en\\\/#\\\/schema\\\/logo\\\/image\\\/\",\"url\":\"https:\\\/\\\/www.upjs.sk\\\/app\\\/uploads\\\/sites\\\/9\\\/2023\\\/04\\\/LF-eNG_frame.svg\",\"contentUrl\":\"https:\\\/\\\/www.upjs.sk\\\/app\\\/uploads\\\/sites\\\/9\\\/2023\\\/04\\\/LF-eNG_frame.svg\",\"width\":292,\"height\":61,\"caption\":\"Lek\u00e1rska fakulta | UPJ\u0160\"},\"image\":{\"@id\":\"https:\\\/\\\/www.upjs.sk\\\/lekarska-fakulta\\\/en\\\/#\\\/schema\\\/logo\\\/image\\\/\"}}]}<\/script>\n<!-- \/ Yoast SEO plugin. -->","yoast_head_json":{"title":"Free Mover - Lek\u00e1rska fakulta | UPJ\u0160","robots":{"index":"index","follow":"follow","max-snippet":"max-snippet:-1","max-image-preview":"max-image-preview:large","max-video-preview":"max-video-preview:-1"},"canonical":"https:\/\/www.upjs.sk\/lekarska-fakulta\/en\/international-relations\/free-mover\/","og_locale":"en_US","og_type":"article","og_title":"Free Mover - Lek\u00e1rska fakulta | UPJ\u0160","og_description":"Foreign students who want to add an international dimension to their degrees can apply to undertake a short-term stay for studies (a semester or an academic year), research or traineeship at the Pavol Jozef \u0160af\u00e1rik University in Ko\u0161ice (UPJ\u0160), also as free movers &#8211; i.e. independently, without being part of a specific scholarship\/exchange programme (e.g. &hellip; Continued","og_url":"https:\/\/www.upjs.sk\/lekarska-fakulta\/en\/international-relations\/free-mover\/","og_site_name":"Lek\u00e1rska fakulta | UPJ\u0160","article_modified_time":"2025-12-10T09:57:58+00:00","twitter_card":"summary_large_image","twitter_misc":{"Est. reading time":"1 minute"},"schema":{"@context":"https:\/\/schema.org","@graph":[{"@type":"WebPage","@id":"https:\/\/www.upjs.sk\/lekarska-fakulta\/en\/international-relations\/free-mover\/","url":"https:\/\/www.upjs.sk\/lekarska-fakulta\/en\/international-relations\/free-mover\/","name":"Free Mover - Lek\u00e1rska fakulta | UPJ\u0160","isPartOf":{"@id":"https:\/\/www.upjs.sk\/lekarska-fakulta\/en\/#website"},"datePublished":"2023-02-22T02:59:11+00:00","dateModified":"2025-12-10T09:57:58+00:00","breadcrumb":{"@id":"https:\/\/www.upjs.sk\/lekarska-fakulta\/en\/international-relations\/free-mover\/#breadcrumb"},"inLanguage":"en-US","potentialAction":[{"@type":"ReadAction","target":["https:\/\/www.upjs.sk\/lekarska-fakulta\/en\/international-relations\/free-mover\/"]}]},{"@type":"BreadcrumbList","@id":"https:\/\/www.upjs.sk\/lekarska-fakulta\/en\/international-relations\/free-mover\/#breadcrumb","itemListElement":[{"@type":"ListItem","position":1,"name":"Home","item":"https:\/\/www.upjs.sk\/lekarska-fakulta\/en\/"},{"@type":"ListItem","position":2,"name":"International Relations","item":"https:\/\/www.upjs.sk\/lekarska-fakulta\/en\/international-relations\/"},{"@type":"ListItem","position":3,"name":"Free Mover"}]},{"@type":"WebSite","@id":"https:\/\/www.upjs.sk\/lekarska-fakulta\/en\/#website","url":"https:\/\/www.upjs.sk\/lekarska-fakulta\/en\/","name":"Lek\u00e1rska fakulta | UPJ\u0160","description":"","publisher":{"@id":"https:\/\/www.upjs.sk\/lekarska-fakulta\/en\/#organization"},"potentialAction":[{"@type":"SearchAction","target":{"@type":"EntryPoint","urlTemplate":"https:\/\/www.upjs.sk\/lekarska-fakulta\/en\/?s={search_term_string}"},"query-input":{"@type":"PropertyValueSpecification","valueRequired":true,"valueName":"search_term_string"}}],"inLanguage":"en-US"},{"@type":"Organization","@id":"https:\/\/www.upjs.sk\/lekarska-fakulta\/en\/#organization","name":"Lek\u00e1rska fakulta | UPJ\u0160","url":"https:\/\/www.upjs.sk\/lekarska-fakulta\/en\/","logo":{"@type":"ImageObject","inLanguage":"en-US","@id":"https:\/\/www.upjs.sk\/lekarska-fakulta\/en\/#\/schema\/logo\/image\/","url":"https:\/\/www.upjs.sk\/app\/uploads\/sites\/9\/2023\/04\/LF-eNG_frame.svg","contentUrl":"https:\/\/www.upjs.sk\/app\/uploads\/sites\/9\/2023\/04\/LF-eNG_frame.svg","width":292,"height":61,"caption":"Lek\u00e1rska fakulta | UPJ\u0160"},"image":{"@id":"https:\/\/www.upjs.sk\/lekarska-fakulta\/en\/#\/schema\/logo\/image\/"}}]}},"_links":{"self":[{"href":"https:\/\/www.upjs.sk\/lekarska-fakulta\/en\/wp-json\/wp\/v2\/pages\/69462","targetHints":{"allow":["GET"]}}],"collection":[{"href":"https:\/\/www.upjs.sk\/lekarska-fakulta\/en\/wp-json\/wp\/v2\/pages"}],"about":[{"href":"https:\/\/www.upjs.sk\/lekarska-fakulta\/en\/wp-json\/wp\/v2\/types\/page"}],"author":[{"embeddable":true,"href":"https:\/\/www.upjs.sk\/lekarska-fakulta\/en\/wp-json\/wp\/v2\/users\/1"}],"replies":[{"embeddable":true,"href":"https:\/\/www.upjs.sk\/lekarska-fakulta\/en\/wp-json\/wp\/v2\/comments?post=69462"}],"version-history":[{"count":7,"href":"https:\/\/www.upjs.sk\/lekarska-fakulta\/en\/wp-json\/wp\/v2\/pages\/69462\/revisions"}],"predecessor-version":[{"id":149381,"href":"https:\/\/www.upjs.sk\/lekarska-fakulta\/en\/wp-json\/wp\/v2\/pages\/69462\/revisions\/149381"}],"up":[{"embeddable":true,"href":"https:\/\/www.upjs.sk\/lekarska-fakulta\/en\/wp-json\/wp\/v2\/pages\/69446"}],"wp:attachment":[{"href":"https:\/\/www.upjs.sk\/lekarska-fakulta\/en\/wp-json\/wp\/v2\/media?parent=69462"}],"wp:term":[{"taxonomy":"category","embeddable":true,"href":"https:\/\/www.upjs.sk\/lekarska-fakulta\/en\/wp-json\/wp\/v2\/categories?post=69462"},{"taxonomy":"post_tag","embeddable":true,"href":"https:\/\/www.upjs.sk\/lekarska-fakulta\/en\/wp-json\/wp\/v2\/tags?post=69462"}],"curies":[{"name":"wp","href":"https:\/\/api.w.org\/{rel}","templated":true}]}}