{"id":69475,"date":"2023-02-28T09:36:51","date_gmt":"2023-02-28T08:36:51","guid":{"rendered":"https:\/\/www.upjs.sk\/lekarska-fakulta\/science\/department\/"},"modified":"2025-11-11T11:25:46","modified_gmt":"2025-11-11T10:25:46","slug":"department","status":"publish","type":"page","link":"https:\/\/www.upjs.sk\/lekarska-fakulta\/en\/science\/department\/","title":{"rendered":"Department of Scientific-Research Activities"},"content":{"rendered":"\n<div class=\"wp-block-columns is-style-gapless is-layout-flex wp-container-core-columns-is-layout-9d6595d7 wp-block-columns-is-layout-flex\">\n<div class=\"wp-block-column is-content-justification-left is-layout-constrained wp-container-core-column-is-layout-8c890d92 wp-block-column-is-layout-constrained\" style=\"flex-basis:170px\"><style>.kb-image69475_26e7f9-73.kb-image-is-ratio-size, .kb-image69475_26e7f9-73 .kb-image-is-ratio-size{max-width:150px;width:100%;}.wp-block-kadence-column > .kt-inside-inner-col > .kb-image69475_26e7f9-73.kb-image-is-ratio-size, .wp-block-kadence-column > .kt-inside-inner-col > .kb-image69475_26e7f9-73 .kb-image-is-ratio-size{align-self:unset;}.kb-image69475_26e7f9-73{max-width:150px;}.image-is-svg.kb-image69475_26e7f9-73{-webkit-flex:0 1 100%;flex:0 1 100%;}.image-is-svg.kb-image69475_26e7f9-73 img{width:100%;}.kb-image69475_26e7f9-73 .kb-image-has-overlay:after{opacity:0.3;}.kb-image69475_26e7f9-73 img.kb-img, .kb-image69475_26e7f9-73 .kb-img img{box-shadow:6px 6px 12px 0px #C92432;}<\/style>\n<figure class=\"wp-block-kadence-image kb-image69475_26e7f9-73 size-full kb-image-is-ratio-size\"><div class=\"kb-is-ratio-image kb-image-ratio-port23\"><img loading=\"lazy\" decoding=\"async\" width=\"292\" height=\"400\" src=\"https:\/\/www.upjs.sk\/app\/uploads\/sites\/9\/2022\/12\/Kristian.jpg\" alt=\"\" class=\"kb-img wp-image-71656\" srcset=\"https:\/\/www.upjs.sk\/app\/uploads\/sites\/9\/2022\/12\/Kristian.jpg 292w, https:\/\/www.upjs.sk\/app\/uploads\/sites\/9\/2022\/12\/Kristian-219x300.jpg 219w\" sizes=\"auto, (max-width: 292px) 100vw, 292px\" \/><\/div><\/figure>\n<\/div>\n\n\n\n<div class=\"wp-block-column is-vertically-aligned-bottom is-layout-flow wp-block-column-is-layout-flow\" style=\"flex-basis:75%\">\n<p><strong>prof. MUDr. Pavol Kristian, PhD.<br><\/strong>Vice-Dean for Scientific and Research Activities at the Pavol Jozef \u0160af\u00e1rik University in Ko\u0161ice, Faculty of Medicine<br>phone: +421 55 234 3519<br>e-mail: <a href=\"mailto:pavol.kristian@upjs.sk\" class=\"ek-link\">pavol.kristian@upjs.sk<\/a><\/p>\n<\/div>\n<\/div>\n\n\n\n<p><strong>Science and Research Officers:<\/strong><\/p>\n\n\n\n<div class=\"wp-block-columns is-style-gapless is-layout-flex wp-container-core-columns-is-layout-9d6595d7 wp-block-columns-is-layout-flex\">\n<div class=\"wp-block-column is-content-justification-left is-layout-constrained wp-container-core-column-is-layout-8c890d92 wp-block-column-is-layout-constrained\" style=\"flex-basis:170px\"><style>.kb-image69475_764eb1-41.kb-image-is-ratio-size, .kb-image69475_764eb1-41 .kb-image-is-ratio-size{max-width:150px;width:100%;}.wp-block-kadence-column > .kt-inside-inner-col > .kb-image69475_764eb1-41.kb-image-is-ratio-size, .wp-block-kadence-column > .kt-inside-inner-col > .kb-image69475_764eb1-41 .kb-image-is-ratio-size{align-self:unset;}.kb-image69475_764eb1-41{max-width:150px;}.image-is-svg.kb-image69475_764eb1-41{-webkit-flex:0 1 100%;flex:0 1 100%;}.image-is-svg.kb-image69475_764eb1-41 img{width:100%;}.kb-image69475_764eb1-41 .kb-image-has-overlay:after{opacity:0.3;}.kb-image69475_764eb1-41 img.kb-img, .kb-image69475_764eb1-41 .kb-img img{box-shadow:6px 6px 12px 0px #C92432;}<\/style>\n<figure class=\"wp-block-kadence-image kb-image69475_764eb1-41 size-full kb-image-is-ratio-size\"><div class=\"kb-is-ratio-image kb-image-ratio-port23\"><img loading=\"lazy\" decoding=\"async\" width=\"80\" height=\"100\" src=\"https:\/\/www.upjs.sk\/app\/uploads\/sites\/9\/2022\/09\/Kocisova.jpg\" alt=\"oddelenie-pre-vedu-a-vyskum\" class=\"kb-img wp-image-13451\"\/><\/div><\/figure>\n<\/div>\n\n\n\n<div class=\"wp-block-column is-vertically-aligned-bottom is-layout-flow wp-block-column-is-layout-flow\" style=\"flex-basis:75%\">\n<p><strong><strong>Ing. Ren\u00e1ta Ko\u010di\u0161ov\u00e1<\/strong><br><\/strong><em>Habilitation and Inauguration Procedure<\/em><br>phone: +421 55 234 3342<br>e-mail: <a href=\"mailto:renata.kocisova@upjs.sk\">renata.kocisova@upjs.sk<\/a><\/p>\n<\/div>\n<\/div>\n\n\n\n<div class=\"wp-block-columns is-style-gapless is-layout-flex wp-container-core-columns-is-layout-9d6595d7 wp-block-columns-is-layout-flex\">\n<div class=\"wp-block-column is-content-justification-left is-layout-constrained wp-container-core-column-is-layout-8c890d92 wp-block-column-is-layout-constrained\" style=\"flex-basis:170px\"><style>.kb-image69475_623f24-28.kb-image-is-ratio-size, .kb-image69475_623f24-28 .kb-image-is-ratio-size{max-width:150px;width:100%;}.wp-block-kadence-column > .kt-inside-inner-col > .kb-image69475_623f24-28.kb-image-is-ratio-size, .wp-block-kadence-column > .kt-inside-inner-col > .kb-image69475_623f24-28 .kb-image-is-ratio-size{align-self:unset;}.kb-image69475_623f24-28{max-width:150px;}.image-is-svg.kb-image69475_623f24-28{-webkit-flex:0 1 100%;flex:0 1 100%;}.image-is-svg.kb-image69475_623f24-28 img{width:100%;}.kb-image69475_623f24-28 .kb-image-has-overlay:after{opacity:0.3;}.kb-image69475_623f24-28 img.kb-img, .kb-image69475_623f24-28 .kb-img img{box-shadow:6px 6px 12px 0px #C92432;}<\/style>\n<figure class=\"wp-block-kadence-image kb-image69475_623f24-28 size-full kb-image-is-ratio-size\"><div class=\"kb-is-ratio-image kb-image-ratio-port23\"><img loading=\"lazy\" decoding=\"async\" width=\"80\" height=\"100\" src=\"https:\/\/www.upjs.sk\/app\/uploads\/sites\/9\/2022\/09\/Tomkova.jpg\" alt=\"\" class=\"kb-img wp-image-13452\"\/><\/div><\/figure>\n<\/div>\n\n\n\n<div class=\"wp-block-column is-vertically-aligned-bottom is-layout-flow wp-block-column-is-layout-flow\" style=\"flex-basis:75%\">\n<p><strong><strong><strong>Mgr. Zuzana Tomkov\u00e1<\/strong><br><\/strong><\/strong><em>PhD study<\/em><br>phone: +421 55 234 3316<br>e-mail: <a href=\"mailto:zuzana.tomkova@upjs.sk\">zuzana.tomkova@upjs.sk<\/a><\/p>\n<\/div>\n<\/div>\n\n\n\n<div class=\"wp-block-columns is-style-gapless is-layout-flex wp-container-core-columns-is-layout-9d6595d7 wp-block-columns-is-layout-flex\">\n<div class=\"wp-block-column is-content-justification-left is-layout-constrained wp-container-core-column-is-layout-8c890d92 wp-block-column-is-layout-constrained\" style=\"flex-basis:170px\"><style>.kb-image69475_d41095-6d.kb-image-is-ratio-size, .kb-image69475_d41095-6d .kb-image-is-ratio-size{max-width:150px;width:100%;}.wp-block-kadence-column > .kt-inside-inner-col > .kb-image69475_d41095-6d.kb-image-is-ratio-size, .wp-block-kadence-column > .kt-inside-inner-col > .kb-image69475_d41095-6d .kb-image-is-ratio-size{align-self:unset;}.kb-image69475_d41095-6d{max-width:150px;}.image-is-svg.kb-image69475_d41095-6d{-webkit-flex:0 1 100%;flex:0 1 100%;}.image-is-svg.kb-image69475_d41095-6d img{width:100%;}.kb-image69475_d41095-6d .kb-image-has-overlay:after{opacity:0.3;}.kb-image69475_d41095-6d img.kb-img, .kb-image69475_d41095-6d .kb-img img{box-shadow:6px 6px 12px 0px #C92432;}<\/style>\n<figure class=\"wp-block-kadence-image kb-image69475_d41095-6d size-full kb-image-is-ratio-size\"><div class=\"kb-is-ratio-image kb-image-ratio-port23\"><img loading=\"lazy\" decoding=\"async\" width=\"150\" height=\"180\" src=\"https:\/\/www.upjs.sk\/app\/uploads\/sites\/9\/2022\/09\/person.png\" alt=\"\" class=\"kb-img wp-image-12963\"\/><\/div><\/figure>\n<\/div>\n\n\n\n<div class=\"wp-block-column is-vertically-aligned-bottom is-layout-flow wp-block-column-is-layout-flow\" style=\"flex-basis:75%\">\n<p><strong><strong>Mgr. Eva Drot\u00e1rov\u00e1 Mayerov\u00e1<\/strong><br><\/strong>phone: +421 55 234 3316<br>e-mail: <a href=\"mailto:eva.mayerova@upjs.sk\">eva.mayerova@upjs.sk<\/a><\/p>\n<\/div>\n<\/div>\n","protected":false},"excerpt":{"rendered":"<p>prof. MUDr. Pavol Kristian, PhD.Vice-Dean for Scientific and Research Activities at the Pavol Jozef \u0160af\u00e1rik University in Ko\u0161ice, Faculty of Medicinephone: +421 55 234 3519e-mail: pavol.kristian@upjs.sk Science and Research Officers: Ing. Ren\u00e1ta Ko\u010di\u0161ov\u00e1Habilitation and Inauguration Procedurephone: +421 55 234 3342e-mail: renata.kocisova@upjs.sk Mgr. Zuzana Tomkov\u00e1PhD studyphone: +421 55 234 3316e-mail: zuzana.tomkova@upjs.sk Mgr. Eva Drot\u00e1rov\u00e1 Mayerov\u00e1phone: +421 &hellip; <a href=\"https:\/\/www.upjs.sk\/lekarska-fakulta\/en\/science\/department\/\">Continued<\/a><\/p>\n","protected":false},"author":1,"featured_media":0,"parent":69473,"menu_order":6,"comment_status":"closed","ping_status":"closed","template":"","meta":{"_acf_changed":false,"_editorskit_title_hidden":false,"_editorskit_reading_time":1,"_editorskit_is_block_options_detached":false,"_editorskit_block_options_position":"{}","footnotes":""},"categories":[],"tags":[],"class_list":["post-69475","page","type-page","status-publish","hentry"],"acf":{"acf_link_na_externy_obsah":""},"yoast_head":"<!-- This site is optimized with the Yoast SEO plugin v27.2 - https:\/\/yoast.com\/product\/yoast-seo-wordpress\/ -->\n<title>Department of Scientific-Research Activities - Lek\u00e1rska fakulta | UPJ\u0160<\/title>\n<meta name=\"robots\" content=\"index, follow, max-snippet:-1, max-image-preview:large, max-video-preview:-1\" \/>\n<link rel=\"canonical\" href=\"https:\/\/www.upjs.sk\/lekarska-fakulta\/en\/science\/department\/\" \/>\n<meta property=\"og:locale\" content=\"en_US\" \/>\n<meta property=\"og:type\" content=\"article\" \/>\n<meta property=\"og:title\" content=\"Department of Scientific-Research Activities - Lek\u00e1rska fakulta | UPJ\u0160\" \/>\n<meta property=\"og:description\" content=\"prof. MUDr. Pavol Kristian, PhD.Vice-Dean for Scientific and Research Activities at the Pavol Jozef \u0160af\u00e1rik University in Ko\u0161ice, Faculty of Medicinephone: +421 55 234 3519e-mail: pavol.kristian@upjs.sk Science and Research Officers: Ing. Ren\u00e1ta Ko\u010di\u0161ov\u00e1Habilitation and Inauguration Procedurephone: +421 55 234 3342e-mail: renata.kocisova@upjs.sk Mgr. Zuzana Tomkov\u00e1PhD studyphone: +421 55 234 3316e-mail: zuzana.tomkova@upjs.sk Mgr. Eva Drot\u00e1rov\u00e1 Mayerov\u00e1phone: +421 &hellip; Continued\" \/>\n<meta property=\"og:url\" content=\"https:\/\/www.upjs.sk\/lekarska-fakulta\/en\/science\/department\/\" \/>\n<meta property=\"og:site_name\" content=\"Lek\u00e1rska fakulta | UPJ\u0160\" \/>\n<meta property=\"article:modified_time\" content=\"2025-11-11T10:25:46+00:00\" \/>\n<meta property=\"og:image\" content=\"https:\/\/www.upjs.sk\/app\/uploads\/sites\/9\/2022\/12\/Kristian.jpg\" \/>\n\t<meta property=\"og:image:width\" content=\"292\" \/>\n\t<meta property=\"og:image:height\" content=\"400\" \/>\n\t<meta property=\"og:image:type\" content=\"image\/jpeg\" \/>\n<meta name=\"twitter:card\" content=\"summary_large_image\" \/>\n<meta name=\"twitter:label1\" content=\"Est. reading time\" \/>\n\t<meta name=\"twitter:data1\" content=\"2 minutes\" \/>\n<script type=\"application\/ld+json\" class=\"yoast-schema-graph\">{\"@context\":\"https:\/\/schema.org\",\"@graph\":[{\"@type\":\"WebPage\",\"@id\":\"https:\/\/www.upjs.sk\/lekarska-fakulta\/en\/science\/department\/\",\"url\":\"https:\/\/www.upjs.sk\/lekarska-fakulta\/en\/science\/department\/\",\"name\":\"Department of Scientific-Research Activities - Lek\u00e1rska fakulta | UPJ\u0160\",\"isPartOf\":{\"@id\":\"https:\/\/www.upjs.sk\/lekarska-fakulta\/en\/#website\"},\"primaryImageOfPage\":{\"@id\":\"https:\/\/www.upjs.sk\/lekarska-fakulta\/en\/science\/department\/#primaryimage\"},\"image\":{\"@id\":\"https:\/\/www.upjs.sk\/lekarska-fakulta\/en\/science\/department\/#primaryimage\"},\"thumbnailUrl\":\"https:\/\/www.upjs.sk\/app\/uploads\/sites\/9\/2022\/12\/Kristian.jpg\",\"datePublished\":\"2023-02-28T08:36:51+00:00\",\"dateModified\":\"2025-11-11T10:25:46+00:00\",\"breadcrumb\":{\"@id\":\"https:\/\/www.upjs.sk\/lekarska-fakulta\/en\/science\/department\/#breadcrumb\"},\"inLanguage\":\"en-US\",\"potentialAction\":[{\"@type\":\"ReadAction\",\"target\":[\"https:\/\/www.upjs.sk\/lekarska-fakulta\/en\/science\/department\/\"]}]},{\"@type\":\"ImageObject\",\"inLanguage\":\"en-US\",\"@id\":\"https:\/\/www.upjs.sk\/lekarska-fakulta\/en\/science\/department\/#primaryimage\",\"url\":\"https:\/\/www.upjs.sk\/app\/uploads\/sites\/9\/2022\/12\/Kristian.jpg\",\"contentUrl\":\"https:\/\/www.upjs.sk\/app\/uploads\/sites\/9\/2022\/12\/Kristian.jpg\"},{\"@type\":\"BreadcrumbList\",\"@id\":\"https:\/\/www.upjs.sk\/lekarska-fakulta\/en\/science\/department\/#breadcrumb\",\"itemListElement\":[{\"@type\":\"ListItem\",\"position\":1,\"name\":\"Home\",\"item\":\"https:\/\/www.upjs.sk\/lekarska-fakulta\/en\/\"},{\"@type\":\"ListItem\",\"position\":2,\"name\":\"Science, research and development\",\"item\":\"https:\/\/www.upjs.sk\/lekarska-fakulta\/en\/science\/\"},{\"@type\":\"ListItem\",\"position\":3,\"name\":\"Department of Scientific-Research Activities\"}]},{\"@type\":\"WebSite\",\"@id\":\"https:\/\/www.upjs.sk\/lekarska-fakulta\/en\/#website\",\"url\":\"https:\/\/www.upjs.sk\/lekarska-fakulta\/en\/\",\"name\":\"Lek\u00e1rska fakulta | UPJ\u0160\",\"description\":\"\",\"publisher\":{\"@id\":\"https:\/\/www.upjs.sk\/lekarska-fakulta\/en\/#organization\"},\"potentialAction\":[{\"@type\":\"SearchAction\",\"target\":{\"@type\":\"EntryPoint\",\"urlTemplate\":\"https:\/\/www.upjs.sk\/lekarska-fakulta\/en\/?s={search_term_string}\"},\"query-input\":{\"@type\":\"PropertyValueSpecification\",\"valueRequired\":true,\"valueName\":\"search_term_string\"}}],\"inLanguage\":\"en-US\"},{\"@type\":\"Organization\",\"@id\":\"https:\/\/www.upjs.sk\/lekarska-fakulta\/en\/#organization\",\"name\":\"Lek\u00e1rska fakulta | UPJ\u0160\",\"url\":\"https:\/\/www.upjs.sk\/lekarska-fakulta\/en\/\",\"logo\":{\"@type\":\"ImageObject\",\"inLanguage\":\"en-US\",\"@id\":\"https:\/\/www.upjs.sk\/lekarska-fakulta\/en\/#\/schema\/logo\/image\/\",\"url\":\"https:\/\/www.upjs.sk\/app\/uploads\/sites\/9\/2023\/04\/LF-eNG_frame.svg\",\"contentUrl\":\"https:\/\/www.upjs.sk\/app\/uploads\/sites\/9\/2023\/04\/LF-eNG_frame.svg\",\"width\":292,\"height\":61,\"caption\":\"Lek\u00e1rska fakulta | UPJ\u0160\"},\"image\":{\"@id\":\"https:\/\/www.upjs.sk\/lekarska-fakulta\/en\/#\/schema\/logo\/image\/\"}}]}<\/script>\n<!-- \/ Yoast SEO plugin. -->","yoast_head_json":{"title":"Department of Scientific-Research Activities - Lek\u00e1rska fakulta | UPJ\u0160","robots":{"index":"index","follow":"follow","max-snippet":"max-snippet:-1","max-image-preview":"max-image-preview:large","max-video-preview":"max-video-preview:-1"},"canonical":"https:\/\/www.upjs.sk\/lekarska-fakulta\/en\/science\/department\/","og_locale":"en_US","og_type":"article","og_title":"Department of Scientific-Research Activities - Lek\u00e1rska fakulta | UPJ\u0160","og_description":"prof. MUDr. Pavol Kristian, PhD.Vice-Dean for Scientific and Research Activities at the Pavol Jozef \u0160af\u00e1rik University in Ko\u0161ice, Faculty of Medicinephone: +421 55 234 3519e-mail: pavol.kristian@upjs.sk Science and Research Officers: Ing. Ren\u00e1ta Ko\u010di\u0161ov\u00e1Habilitation and Inauguration Procedurephone: +421 55 234 3342e-mail: renata.kocisova@upjs.sk Mgr. Zuzana Tomkov\u00e1PhD studyphone: +421 55 234 3316e-mail: zuzana.tomkova@upjs.sk Mgr. Eva Drot\u00e1rov\u00e1 Mayerov\u00e1phone: +421 &hellip; Continued","og_url":"https:\/\/www.upjs.sk\/lekarska-fakulta\/en\/science\/department\/","og_site_name":"Lek\u00e1rska fakulta | UPJ\u0160","article_modified_time":"2025-11-11T10:25:46+00:00","og_image":[{"width":292,"height":400,"url":"https:\/\/www.upjs.sk\/app\/uploads\/sites\/9\/2022\/12\/Kristian.jpg","type":"image\/jpeg"}],"twitter_card":"summary_large_image","twitter_misc":{"Est. reading time":"2 minutes"},"schema":{"@context":"https:\/\/schema.org","@graph":[{"@type":"WebPage","@id":"https:\/\/www.upjs.sk\/lekarska-fakulta\/en\/science\/department\/","url":"https:\/\/www.upjs.sk\/lekarska-fakulta\/en\/science\/department\/","name":"Department of Scientific-Research Activities - Lek\u00e1rska fakulta | UPJ\u0160","isPartOf":{"@id":"https:\/\/www.upjs.sk\/lekarska-fakulta\/en\/#website"},"primaryImageOfPage":{"@id":"https:\/\/www.upjs.sk\/lekarska-fakulta\/en\/science\/department\/#primaryimage"},"image":{"@id":"https:\/\/www.upjs.sk\/lekarska-fakulta\/en\/science\/department\/#primaryimage"},"thumbnailUrl":"https:\/\/www.upjs.sk\/app\/uploads\/sites\/9\/2022\/12\/Kristian.jpg","datePublished":"2023-02-28T08:36:51+00:00","dateModified":"2025-11-11T10:25:46+00:00","breadcrumb":{"@id":"https:\/\/www.upjs.sk\/lekarska-fakulta\/en\/science\/department\/#breadcrumb"},"inLanguage":"en-US","potentialAction":[{"@type":"ReadAction","target":["https:\/\/www.upjs.sk\/lekarska-fakulta\/en\/science\/department\/"]}]},{"@type":"ImageObject","inLanguage":"en-US","@id":"https:\/\/www.upjs.sk\/lekarska-fakulta\/en\/science\/department\/#primaryimage","url":"https:\/\/www.upjs.sk\/app\/uploads\/sites\/9\/2022\/12\/Kristian.jpg","contentUrl":"https:\/\/www.upjs.sk\/app\/uploads\/sites\/9\/2022\/12\/Kristian.jpg"},{"@type":"BreadcrumbList","@id":"https:\/\/www.upjs.sk\/lekarska-fakulta\/en\/science\/department\/#breadcrumb","itemListElement":[{"@type":"ListItem","position":1,"name":"Home","item":"https:\/\/www.upjs.sk\/lekarska-fakulta\/en\/"},{"@type":"ListItem","position":2,"name":"Science, research and development","item":"https:\/\/www.upjs.sk\/lekarska-fakulta\/en\/science\/"},{"@type":"ListItem","position":3,"name":"Department of Scientific-Research Activities"}]},{"@type":"WebSite","@id":"https:\/\/www.upjs.sk\/lekarska-fakulta\/en\/#website","url":"https:\/\/www.upjs.sk\/lekarska-fakulta\/en\/","name":"Lek\u00e1rska fakulta | UPJ\u0160","description":"","publisher":{"@id":"https:\/\/www.upjs.sk\/lekarska-fakulta\/en\/#organization"},"potentialAction":[{"@type":"SearchAction","target":{"@type":"EntryPoint","urlTemplate":"https:\/\/www.upjs.sk\/lekarska-fakulta\/en\/?s={search_term_string}"},"query-input":{"@type":"PropertyValueSpecification","valueRequired":true,"valueName":"search_term_string"}}],"inLanguage":"en-US"},{"@type":"Organization","@id":"https:\/\/www.upjs.sk\/lekarska-fakulta\/en\/#organization","name":"Lek\u00e1rska fakulta | UPJ\u0160","url":"https:\/\/www.upjs.sk\/lekarska-fakulta\/en\/","logo":{"@type":"ImageObject","inLanguage":"en-US","@id":"https:\/\/www.upjs.sk\/lekarska-fakulta\/en\/#\/schema\/logo\/image\/","url":"https:\/\/www.upjs.sk\/app\/uploads\/sites\/9\/2023\/04\/LF-eNG_frame.svg","contentUrl":"https:\/\/www.upjs.sk\/app\/uploads\/sites\/9\/2023\/04\/LF-eNG_frame.svg","width":292,"height":61,"caption":"Lek\u00e1rska fakulta | UPJ\u0160"},"image":{"@id":"https:\/\/www.upjs.sk\/lekarska-fakulta\/en\/#\/schema\/logo\/image\/"}}]}},"_links":{"self":[{"href":"https:\/\/www.upjs.sk\/lekarska-fakulta\/en\/wp-json\/wp\/v2\/pages\/69475","targetHints":{"allow":["GET"]}}],"collection":[{"href":"https:\/\/www.upjs.sk\/lekarska-fakulta\/en\/wp-json\/wp\/v2\/pages"}],"about":[{"href":"https:\/\/www.upjs.sk\/lekarska-fakulta\/en\/wp-json\/wp\/v2\/types\/page"}],"author":[{"embeddable":true,"href":"https:\/\/www.upjs.sk\/lekarska-fakulta\/en\/wp-json\/wp\/v2\/users\/1"}],"replies":[{"embeddable":true,"href":"https:\/\/www.upjs.sk\/lekarska-fakulta\/en\/wp-json\/wp\/v2\/comments?post=69475"}],"version-history":[{"count":7,"href":"https:\/\/www.upjs.sk\/lekarska-fakulta\/en\/wp-json\/wp\/v2\/pages\/69475\/revisions"}],"predecessor-version":[{"id":147932,"href":"https:\/\/www.upjs.sk\/lekarska-fakulta\/en\/wp-json\/wp\/v2\/pages\/69475\/revisions\/147932"}],"up":[{"embeddable":true,"href":"https:\/\/www.upjs.sk\/lekarska-fakulta\/en\/wp-json\/wp\/v2\/pages\/69473"}],"wp:attachment":[{"href":"https:\/\/www.upjs.sk\/lekarska-fakulta\/en\/wp-json\/wp\/v2\/media?parent=69475"}],"wp:term":[{"taxonomy":"category","embeddable":true,"href":"https:\/\/www.upjs.sk\/lekarska-fakulta\/en\/wp-json\/wp\/v2\/categories?post=69475"},{"taxonomy":"post_tag","embeddable":true,"href":"https:\/\/www.upjs.sk\/lekarska-fakulta\/en\/wp-json\/wp\/v2\/tags?post=69475"}],"curies":[{"name":"wp","href":"https:\/\/api.w.org\/{rel}","templated":true}]}}