{"id":69477,"date":"2023-04-15T03:52:18","date_gmt":"2023-04-15T02:52:18","guid":{"rendered":"https:\/\/www.upjs.sk\/lekarska-fakulta\/science\/projects\/"},"modified":"2024-11-11T15:21:29","modified_gmt":"2024-11-11T14:21:29","slug":"projects","status":"publish","type":"page","link":"https:\/\/www.upjs.sk\/lekarska-fakulta\/en\/science\/projects\/","title":{"rendered":"Scientific projects solved at UPJ\u0160 in Ko\u0161ice, Faculty of Medicine"},"content":{"rendered":"\n<p>At UPJ\u0160 in Ko\u0161ice, Faculty of Medicine, an average of 30 basic and applied research projects are solved each year, including projects for the preparation and improvement of study materials. In addition to projects supported by grant schemes of the Ministries of Education of the Slovak Republic, foreign projects are also implemented. Employees are also actively applying for projects within the EU Horizon 2020 research program. A summary of the solved projects is in the following table. See <a href=\"https:\/\/www.upjs.sk\/lekarska-fakulta\/en\/science\/research-activities-reports\/\" class=\"ek-link\">Reports on scientific research activities<\/a> for more details.<\/p>\n\n\n\n<figure class=\"wp-block-image aligncenter size-full is-resized\"><img loading=\"lazy\" decoding=\"async\" width=\"2112\" height=\"753\" src=\"https:\/\/www.upjs.sk\/app\/uploads\/sites\/9\/2024\/11\/EN-1.jpg\" alt=\"\" class=\"wp-image-123499\" style=\"width:851px;height:232px\" srcset=\"https:\/\/www.upjs.sk\/app\/uploads\/sites\/9\/2024\/11\/EN-1.jpg 2112w, https:\/\/www.upjs.sk\/app\/uploads\/sites\/9\/2024\/11\/EN-1-300x107.jpg 300w, https:\/\/www.upjs.sk\/app\/uploads\/sites\/9\/2024\/11\/EN-1-1024x365.jpg 1024w, https:\/\/www.upjs.sk\/app\/uploads\/sites\/9\/2024\/11\/EN-1-768x274.jpg 768w, https:\/\/www.upjs.sk\/app\/uploads\/sites\/9\/2024\/11\/EN-1-1536x548.jpg 1536w, https:\/\/www.upjs.sk\/app\/uploads\/sites\/9\/2024\/11\/EN-1-2048x730.jpg 2048w\" sizes=\"auto, (max-width: 2112px) 100vw, 2112px\" \/><\/figure>\n\n\n\n<p>Employees successfully publish the results achieved in solving projects, especially in foreign journals, the quality of which is also evidenced by the growing number of citations recorded in the Web of Science and Scopus databases, respectively, as documented in the table. A complete overview is provided by <a href=\"https:\/\/www.upjs.sk\/pracoviska\/univerzitna-kniznica\/en\/catalogues\/\" class=\"ek-link\">UL UPJ\u0160<\/a> in the section EPC UPJ\u0160, respectively directly by the international database of records of publishing activities, e.g. Web of Science, Scopus.<\/p>\n\n\n<style>.kb-image69477_a8f037-ca.kb-image-is-ratio-size, .kb-image69477_a8f037-ca .kb-image-is-ratio-size{max-width:850px;width:100%;}.wp-block-kadence-column > .kt-inside-inner-col > .kb-image69477_a8f037-ca.kb-image-is-ratio-size, .wp-block-kadence-column > .kt-inside-inner-col > .kb-image69477_a8f037-ca .kb-image-is-ratio-size{align-self:unset;}.kb-image69477_a8f037-ca figure{max-width:850px;}.kb-image69477_a8f037-ca .image-is-svg, .kb-image69477_a8f037-ca .image-is-svg img{width:100%;}.kb-image69477_a8f037-ca .kb-image-has-overlay:after{opacity:0.3;}<\/style>\n<div class=\"wp-block-kadence-image kb-image69477_a8f037-ca\"><figure class=\"aligncenter size-large\"><a href=\"https:\/\/www.upjs.sk\/app\/uploads\/sites\/9\/2024\/11\/EN-2-scaled.jpg\" class=\"kb-advanced-image-link\"><img loading=\"lazy\" decoding=\"async\" width=\"1024\" height=\"298\" src=\"https:\/\/www.upjs.sk\/app\/uploads\/sites\/9\/2024\/11\/EN-2-1024x298.jpg\" alt=\"\" class=\"kb-img wp-image-123502\" srcset=\"https:\/\/www.upjs.sk\/app\/uploads\/sites\/9\/2024\/11\/EN-2-1024x298.jpg 1024w, https:\/\/www.upjs.sk\/app\/uploads\/sites\/9\/2024\/11\/EN-2-300x87.jpg 300w, https:\/\/www.upjs.sk\/app\/uploads\/sites\/9\/2024\/11\/EN-2-768x224.jpg 768w, https:\/\/www.upjs.sk\/app\/uploads\/sites\/9\/2024\/11\/EN-2-1536x447.jpg 1536w, https:\/\/www.upjs.sk\/app\/uploads\/sites\/9\/2024\/11\/EN-2-2048x596.jpg 2048w\" sizes=\"auto, (max-width: 1024px) 100vw, 1024px\" \/><\/a><\/figure><\/div>\n\n\n\n<p>&nbsp;<\/p>\n","protected":false},"excerpt":{"rendered":"<p>At UPJ\u0160 in Ko\u0161ice, Faculty of Medicine, an average of 30 basic and applied research projects are solved each year, including projects for the preparation and improvement of study materials. In addition to projects supported by grant schemes of the Ministries of Education of the Slovak Republic, foreign projects are also implemented. Employees are also &hellip; <a href=\"https:\/\/www.upjs.sk\/lekarska-fakulta\/en\/science\/projects\/\">Continued<\/a><\/p>\n","protected":false},"author":1,"featured_media":0,"parent":69473,"menu_order":1,"comment_status":"closed","ping_status":"closed","template":"","meta":{"_acf_changed":false,"_editorskit_title_hidden":false,"_editorskit_reading_time":1,"_editorskit_is_block_options_detached":false,"_editorskit_block_options_position":"{}","footnotes":""},"categories":[],"tags":[],"class_list":["post-69477","page","type-page","status-publish","hentry"],"acf":{"acf_link_na_externy_obsah":""},"yoast_head":"<!-- This site is optimized with the Yoast SEO plugin v27.5 - https:\/\/yoast.com\/product\/yoast-seo-wordpress\/ -->\n<title>Scientific projects solved at UPJ\u0160 in Ko\u0161ice, Faculty of Medicine - Lek\u00e1rska fakulta | UPJ\u0160<\/title>\n<meta name=\"robots\" content=\"index, follow, max-snippet:-1, max-image-preview:large, max-video-preview:-1\" \/>\n<link rel=\"canonical\" href=\"https:\/\/www.upjs.sk\/lekarska-fakulta\/en\/science\/projects\/\" \/>\n<meta property=\"og:locale\" content=\"en_US\" \/>\n<meta property=\"og:type\" content=\"article\" \/>\n<meta property=\"og:title\" content=\"Scientific projects solved at UPJ\u0160 in Ko\u0161ice, Faculty of Medicine - Lek\u00e1rska fakulta | UPJ\u0160\" \/>\n<meta property=\"og:description\" content=\"At UPJ\u0160 in Ko\u0161ice, Faculty of Medicine, an average of 30 basic and applied research projects are solved each year, including projects for the preparation and improvement of study materials. In addition to projects supported by grant schemes of the Ministries of Education of the Slovak Republic, foreign projects are also implemented. Employees are also &hellip; Continued\" \/>\n<meta property=\"og:url\" content=\"https:\/\/www.upjs.sk\/lekarska-fakulta\/en\/science\/projects\/\" \/>\n<meta property=\"og:site_name\" content=\"Lek\u00e1rska fakulta | UPJ\u0160\" \/>\n<meta property=\"article:modified_time\" content=\"2024-11-11T14:21:29+00:00\" \/>\n<meta property=\"og:image\" content=\"https:\/\/www.upjs.sk\/app\/uploads\/sites\/9\/2024\/11\/EN-1.jpg\" \/>\n\t<meta property=\"og:image:width\" content=\"2112\" \/>\n\t<meta property=\"og:image:height\" content=\"753\" \/>\n\t<meta property=\"og:image:type\" content=\"image\/jpeg\" \/>\n<meta name=\"twitter:card\" content=\"summary_large_image\" \/>\n<meta name=\"twitter:label1\" content=\"Est. reading time\" \/>\n\t<meta name=\"twitter:data1\" content=\"2 minutes\" \/>\n<script type=\"application\/ld+json\" class=\"yoast-schema-graph\">{\"@context\":\"https:\\\/\\\/schema.org\",\"@graph\":[{\"@type\":\"WebPage\",\"@id\":\"https:\\\/\\\/www.upjs.sk\\\/lekarska-fakulta\\\/en\\\/science\\\/projects\\\/\",\"url\":\"https:\\\/\\\/www.upjs.sk\\\/lekarska-fakulta\\\/en\\\/science\\\/projects\\\/\",\"name\":\"Scientific projects solved at UPJ\u0160 in Ko\u0161ice, Faculty of Medicine - Lek\u00e1rska fakulta | UPJ\u0160\",\"isPartOf\":{\"@id\":\"https:\\\/\\\/www.upjs.sk\\\/lekarska-fakulta\\\/en\\\/#website\"},\"primaryImageOfPage\":{\"@id\":\"https:\\\/\\\/www.upjs.sk\\\/lekarska-fakulta\\\/en\\\/science\\\/projects\\\/#primaryimage\"},\"image\":{\"@id\":\"https:\\\/\\\/www.upjs.sk\\\/lekarska-fakulta\\\/en\\\/science\\\/projects\\\/#primaryimage\"},\"thumbnailUrl\":\"https:\\\/\\\/www.upjs.sk\\\/app\\\/uploads\\\/sites\\\/9\\\/2024\\\/11\\\/EN-1.jpg\",\"datePublished\":\"2023-04-15T02:52:18+00:00\",\"dateModified\":\"2024-11-11T14:21:29+00:00\",\"breadcrumb\":{\"@id\":\"https:\\\/\\\/www.upjs.sk\\\/lekarska-fakulta\\\/en\\\/science\\\/projects\\\/#breadcrumb\"},\"inLanguage\":\"en-US\",\"potentialAction\":[{\"@type\":\"ReadAction\",\"target\":[\"https:\\\/\\\/www.upjs.sk\\\/lekarska-fakulta\\\/en\\\/science\\\/projects\\\/\"]}]},{\"@type\":\"ImageObject\",\"inLanguage\":\"en-US\",\"@id\":\"https:\\\/\\\/www.upjs.sk\\\/lekarska-fakulta\\\/en\\\/science\\\/projects\\\/#primaryimage\",\"url\":\"https:\\\/\\\/www.upjs.sk\\\/app\\\/uploads\\\/sites\\\/9\\\/2024\\\/11\\\/EN-1.jpg\",\"contentUrl\":\"https:\\\/\\\/www.upjs.sk\\\/app\\\/uploads\\\/sites\\\/9\\\/2024\\\/11\\\/EN-1.jpg\"},{\"@type\":\"BreadcrumbList\",\"@id\":\"https:\\\/\\\/www.upjs.sk\\\/lekarska-fakulta\\\/en\\\/science\\\/projects\\\/#breadcrumb\",\"itemListElement\":[{\"@type\":\"ListItem\",\"position\":1,\"name\":\"Home\",\"item\":\"https:\\\/\\\/www.upjs.sk\\\/lekarska-fakulta\\\/en\\\/\"},{\"@type\":\"ListItem\",\"position\":2,\"name\":\"Science, research and development\",\"item\":\"https:\\\/\\\/www.upjs.sk\\\/lekarska-fakulta\\\/en\\\/science\\\/\"},{\"@type\":\"ListItem\",\"position\":3,\"name\":\"Scientific projects solved at UPJ\u0160 in Ko\u0161ice, Faculty of Medicine\"}]},{\"@type\":\"WebSite\",\"@id\":\"https:\\\/\\\/www.upjs.sk\\\/lekarska-fakulta\\\/en\\\/#website\",\"url\":\"https:\\\/\\\/www.upjs.sk\\\/lekarska-fakulta\\\/en\\\/\",\"name\":\"Lek\u00e1rska fakulta | UPJ\u0160\",\"description\":\"\",\"publisher\":{\"@id\":\"https:\\\/\\\/www.upjs.sk\\\/lekarska-fakulta\\\/en\\\/#organization\"},\"potentialAction\":[{\"@type\":\"SearchAction\",\"target\":{\"@type\":\"EntryPoint\",\"urlTemplate\":\"https:\\\/\\\/www.upjs.sk\\\/lekarska-fakulta\\\/en\\\/?s={search_term_string}\"},\"query-input\":{\"@type\":\"PropertyValueSpecification\",\"valueRequired\":true,\"valueName\":\"search_term_string\"}}],\"inLanguage\":\"en-US\"},{\"@type\":\"Organization\",\"@id\":\"https:\\\/\\\/www.upjs.sk\\\/lekarska-fakulta\\\/en\\\/#organization\",\"name\":\"Lek\u00e1rska fakulta | UPJ\u0160\",\"url\":\"https:\\\/\\\/www.upjs.sk\\\/lekarska-fakulta\\\/en\\\/\",\"logo\":{\"@type\":\"ImageObject\",\"inLanguage\":\"en-US\",\"@id\":\"https:\\\/\\\/www.upjs.sk\\\/lekarska-fakulta\\\/en\\\/#\\\/schema\\\/logo\\\/image\\\/\",\"url\":\"https:\\\/\\\/www.upjs.sk\\\/app\\\/uploads\\\/sites\\\/9\\\/2023\\\/04\\\/LF-eNG_frame.svg\",\"contentUrl\":\"https:\\\/\\\/www.upjs.sk\\\/app\\\/uploads\\\/sites\\\/9\\\/2023\\\/04\\\/LF-eNG_frame.svg\",\"width\":292,\"height\":61,\"caption\":\"Lek\u00e1rska fakulta | UPJ\u0160\"},\"image\":{\"@id\":\"https:\\\/\\\/www.upjs.sk\\\/lekarska-fakulta\\\/en\\\/#\\\/schema\\\/logo\\\/image\\\/\"}}]}<\/script>\n<!-- \/ Yoast SEO plugin. -->","yoast_head_json":{"title":"Scientific projects solved at UPJ\u0160 in Ko\u0161ice, Faculty of Medicine - Lek\u00e1rska fakulta | UPJ\u0160","robots":{"index":"index","follow":"follow","max-snippet":"max-snippet:-1","max-image-preview":"max-image-preview:large","max-video-preview":"max-video-preview:-1"},"canonical":"https:\/\/www.upjs.sk\/lekarska-fakulta\/en\/science\/projects\/","og_locale":"en_US","og_type":"article","og_title":"Scientific projects solved at UPJ\u0160 in Ko\u0161ice, Faculty of Medicine - Lek\u00e1rska fakulta | UPJ\u0160","og_description":"At UPJ\u0160 in Ko\u0161ice, Faculty of Medicine, an average of 30 basic and applied research projects are solved each year, including projects for the preparation and improvement of study materials. In addition to projects supported by grant schemes of the Ministries of Education of the Slovak Republic, foreign projects are also implemented. Employees are also &hellip; Continued","og_url":"https:\/\/www.upjs.sk\/lekarska-fakulta\/en\/science\/projects\/","og_site_name":"Lek\u00e1rska fakulta | UPJ\u0160","article_modified_time":"2024-11-11T14:21:29+00:00","og_image":[{"width":2112,"height":753,"url":"https:\/\/www.upjs.sk\/app\/uploads\/sites\/9\/2024\/11\/EN-1.jpg","type":"image\/jpeg"}],"twitter_card":"summary_large_image","twitter_misc":{"Est. reading time":"2 minutes"},"schema":{"@context":"https:\/\/schema.org","@graph":[{"@type":"WebPage","@id":"https:\/\/www.upjs.sk\/lekarska-fakulta\/en\/science\/projects\/","url":"https:\/\/www.upjs.sk\/lekarska-fakulta\/en\/science\/projects\/","name":"Scientific projects solved at UPJ\u0160 in Ko\u0161ice, Faculty of Medicine - Lek\u00e1rska fakulta | UPJ\u0160","isPartOf":{"@id":"https:\/\/www.upjs.sk\/lekarska-fakulta\/en\/#website"},"primaryImageOfPage":{"@id":"https:\/\/www.upjs.sk\/lekarska-fakulta\/en\/science\/projects\/#primaryimage"},"image":{"@id":"https:\/\/www.upjs.sk\/lekarska-fakulta\/en\/science\/projects\/#primaryimage"},"thumbnailUrl":"https:\/\/www.upjs.sk\/app\/uploads\/sites\/9\/2024\/11\/EN-1.jpg","datePublished":"2023-04-15T02:52:18+00:00","dateModified":"2024-11-11T14:21:29+00:00","breadcrumb":{"@id":"https:\/\/www.upjs.sk\/lekarska-fakulta\/en\/science\/projects\/#breadcrumb"},"inLanguage":"en-US","potentialAction":[{"@type":"ReadAction","target":["https:\/\/www.upjs.sk\/lekarska-fakulta\/en\/science\/projects\/"]}]},{"@type":"ImageObject","inLanguage":"en-US","@id":"https:\/\/www.upjs.sk\/lekarska-fakulta\/en\/science\/projects\/#primaryimage","url":"https:\/\/www.upjs.sk\/app\/uploads\/sites\/9\/2024\/11\/EN-1.jpg","contentUrl":"https:\/\/www.upjs.sk\/app\/uploads\/sites\/9\/2024\/11\/EN-1.jpg"},{"@type":"BreadcrumbList","@id":"https:\/\/www.upjs.sk\/lekarska-fakulta\/en\/science\/projects\/#breadcrumb","itemListElement":[{"@type":"ListItem","position":1,"name":"Home","item":"https:\/\/www.upjs.sk\/lekarska-fakulta\/en\/"},{"@type":"ListItem","position":2,"name":"Science, research and development","item":"https:\/\/www.upjs.sk\/lekarska-fakulta\/en\/science\/"},{"@type":"ListItem","position":3,"name":"Scientific projects solved at UPJ\u0160 in Ko\u0161ice, Faculty of Medicine"}]},{"@type":"WebSite","@id":"https:\/\/www.upjs.sk\/lekarska-fakulta\/en\/#website","url":"https:\/\/www.upjs.sk\/lekarska-fakulta\/en\/","name":"Lek\u00e1rska fakulta | UPJ\u0160","description":"","publisher":{"@id":"https:\/\/www.upjs.sk\/lekarska-fakulta\/en\/#organization"},"potentialAction":[{"@type":"SearchAction","target":{"@type":"EntryPoint","urlTemplate":"https:\/\/www.upjs.sk\/lekarska-fakulta\/en\/?s={search_term_string}"},"query-input":{"@type":"PropertyValueSpecification","valueRequired":true,"valueName":"search_term_string"}}],"inLanguage":"en-US"},{"@type":"Organization","@id":"https:\/\/www.upjs.sk\/lekarska-fakulta\/en\/#organization","name":"Lek\u00e1rska fakulta | UPJ\u0160","url":"https:\/\/www.upjs.sk\/lekarska-fakulta\/en\/","logo":{"@type":"ImageObject","inLanguage":"en-US","@id":"https:\/\/www.upjs.sk\/lekarska-fakulta\/en\/#\/schema\/logo\/image\/","url":"https:\/\/www.upjs.sk\/app\/uploads\/sites\/9\/2023\/04\/LF-eNG_frame.svg","contentUrl":"https:\/\/www.upjs.sk\/app\/uploads\/sites\/9\/2023\/04\/LF-eNG_frame.svg","width":292,"height":61,"caption":"Lek\u00e1rska fakulta | UPJ\u0160"},"image":{"@id":"https:\/\/www.upjs.sk\/lekarska-fakulta\/en\/#\/schema\/logo\/image\/"}}]}},"_links":{"self":[{"href":"https:\/\/www.upjs.sk\/lekarska-fakulta\/en\/wp-json\/wp\/v2\/pages\/69477","targetHints":{"allow":["GET"]}}],"collection":[{"href":"https:\/\/www.upjs.sk\/lekarska-fakulta\/en\/wp-json\/wp\/v2\/pages"}],"about":[{"href":"https:\/\/www.upjs.sk\/lekarska-fakulta\/en\/wp-json\/wp\/v2\/types\/page"}],"author":[{"embeddable":true,"href":"https:\/\/www.upjs.sk\/lekarska-fakulta\/en\/wp-json\/wp\/v2\/users\/1"}],"replies":[{"embeddable":true,"href":"https:\/\/www.upjs.sk\/lekarska-fakulta\/en\/wp-json\/wp\/v2\/comments?post=69477"}],"version-history":[{"count":18,"href":"https:\/\/www.upjs.sk\/lekarska-fakulta\/en\/wp-json\/wp\/v2\/pages\/69477\/revisions"}],"predecessor-version":[{"id":123513,"href":"https:\/\/www.upjs.sk\/lekarska-fakulta\/en\/wp-json\/wp\/v2\/pages\/69477\/revisions\/123513"}],"up":[{"embeddable":true,"href":"https:\/\/www.upjs.sk\/lekarska-fakulta\/en\/wp-json\/wp\/v2\/pages\/69473"}],"wp:attachment":[{"href":"https:\/\/www.upjs.sk\/lekarska-fakulta\/en\/wp-json\/wp\/v2\/media?parent=69477"}],"wp:term":[{"taxonomy":"category","embeddable":true,"href":"https:\/\/www.upjs.sk\/lekarska-fakulta\/en\/wp-json\/wp\/v2\/categories?post=69477"},{"taxonomy":"post_tag","embeddable":true,"href":"https:\/\/www.upjs.sk\/lekarska-fakulta\/en\/wp-json\/wp\/v2\/tags?post=69477"}],"curies":[{"name":"wp","href":"https:\/\/api.w.org\/{rel}","templated":true}]}}