{"id":69511,"date":"2023-01-31T17:51:50","date_gmt":"2023-01-31T16:51:50","guid":{"rendered":"https:\/\/www.upjs.sk\/lekarska-fakulta\/contact\/"},"modified":"2023-07-11T14:08:35","modified_gmt":"2023-07-11T13:08:35","slug":"address-and-contacts","status":"publish","type":"page","link":"https:\/\/www.upjs.sk\/lekarska-fakulta\/en\/address-and-contacts\/","title":{"rendered":"Contacts"},"content":{"rendered":"\n<div class=\"wp-block-columns is-layout-flex wp-container-core-columns-is-layout-9d6595d7 wp-block-columns-is-layout-flex\">\n<div class=\"wp-block-column is-layout-flow wp-block-column-is-layout-flow\"><style>.kb-image_2bdbbd-9d .kb-image-has-overlay:after{opacity:0.3;border-top-left-radius:6px;border-top-right-radius:6px;border-bottom-right-radius:6px;border-bottom-left-radius:6px;}.kb-image_2bdbbd-9d img.kb-img, .kb-image_2bdbbd-9d .kb-img img{border-top-left-radius:6px;border-top-right-radius:6px;border-bottom-right-radius:6px;border-bottom-left-radius:6px;}<\/style>\n<figure class=\"wp-block-kadence-image kb-image_2bdbbd-9d size-full\"><img loading=\"lazy\" decoding=\"async\" width=\"450\" height=\"250\" src=\"https:\/\/www.upjs.sk\/app\/uploads\/sites\/9\/2022\/09\/budova.jpg\" alt=\"\" class=\"kb-img wp-image-17503\" srcset=\"https:\/\/www.upjs.sk\/app\/uploads\/sites\/9\/2022\/09\/budova.jpg 450w, https:\/\/www.upjs.sk\/app\/uploads\/sites\/9\/2022\/09\/budova-300x167.jpg 300w\" sizes=\"auto, (max-width: 450px) 100vw, 450px\" \/><\/figure>\n<\/div>\n\n\n\n<div class=\"wp-block-column is-vertically-aligned-top is-layout-flow wp-block-column-is-layout-flow\">\n<p class=\"has-lekarska-f-color has-text-color\"><strong>Pavol Jozef \u0160af\u00e1rik University in Ko\u0161ice, Faculty of Medicine<\/strong><\/p>\n\n\n\n<p>Trieda SNP 1<br>040&nbsp;11  Ko\u0161ice<br>Slovak Republic<\/p>\n\n\n\n<p><strong><span style=\"text-decoration: underline\"><span style=\"text-decoration: underline\" class=\"ek-underline\"><a href=\"https:\/\/www.upjs.sk\/lekarska-fakulta\/pracoviska\/dekanat\/\" class=\"ek-link\">Dean&#8217;s Office:<\/a><\/span><\/span><\/strong><br>e-mail:&nbsp;<a href=\"mailto:LF-foreign@upjs.sk\" class=\"ek-link\">LF-foreign@upjs.sk<\/a><\/p>\n<\/div>\n\n\n\n<div class=\"wp-block-column is-vertically-aligned-top is-layout-flow wp-block-column-is-layout-flow\">\n<p><a href=\"https:\/\/www.upjs.sk\/lekarska-fakulta\/studium-na-fakulte\/pregradualne\/studijne-odddelenie\/zamestnanci\/\" class=\"ek-link\"><strong>Department of Student Affairs:<\/strong><\/a><br><strong>Transfer Students<\/strong><br>Phone\/VoIP: +421 55 234 3319<br>e-mail: <a href=\"mailto:maria.spisakova1@upjs.sk\" class=\"ek-link\">maria.spisakova1@upjs.sk<\/a><\/p>\n\n\n\n<p><strong>Applicants<\/strong><br>Phone\/VoIP: +421 55 234 3498<br>e-mail: <a href=\"mailto:ivana.koverova@upjs.sk\">ivana.koverova@upjs.sk<\/a>&nbsp;<\/p>\n\n\n\n<p><strong>1<sup>st<\/sup>\u00a0\u2013 2<sup>nd<\/sup>\u00a0Year Students<\/strong><br>Phone\/VoIP: +421 55 234 3371<br>e-mail: <a href=\"mailto:csilla.varadyova@upjs.sk\" class=\"ek-link\">csilla.varadyova@upjs.sk<\/a><\/p>\n\n\n\n<p><strong>3<sup>rd<\/sup>&nbsp;\u2013 4<sup>th<\/sup>&nbsp;Year Students<\/strong><br>Phone\/VoIP: +421 55 234 3516<br>e-mail: <a href=\"mailto:zuzana.salociova@upjs.sk\" class=\"ek-link\">zuzana.salociova@upjs.sk<\/a><\/p>\n\n\n\n<p><strong>5<sup>th<\/sup>&nbsp;\u2013 6<sup>th<\/sup>&nbsp;Year Students<\/strong><br>Phone\/VoIP: +421 55 234 3310<br>e-mail: <a href=\"mailto:beata.moskova@upjs.sk\">beata.moskova@upjs.sk<\/a>&nbsp;<\/p>\n<\/div>\n<\/div>\n","protected":false},"excerpt":{"rendered":"<p>Pavol Jozef \u0160af\u00e1rik University in Ko\u0161ice, Faculty of Medicine Trieda SNP 1040&nbsp;11 Ko\u0161iceSlovak Republic Dean&#8217;s Office:e-mail:&nbsp;LF-foreign@upjs.sk Department of Student Affairs:Transfer StudentsPhone\/VoIP: +421 55 234 3319e-mail: maria.spisakova1@upjs.sk ApplicantsPhone\/VoIP: +421 55 234 3498e-mail: ivana.koverova@upjs.sk&nbsp; 1st\u00a0\u2013 2nd\u00a0Year StudentsPhone\/VoIP: +421 55 234 3371e-mail: csilla.varadyova@upjs.sk 3rd&nbsp;\u2013 4th&nbsp;Year StudentsPhone\/VoIP: +421 55 234 3516e-mail: zuzana.salociova@upjs.sk 5th&nbsp;\u2013 6th&nbsp;Year StudentsPhone\/VoIP: +421 55 234 3310e-mail: &hellip; <a href=\"https:\/\/www.upjs.sk\/lekarska-fakulta\/en\/address-and-contacts\/\">Continued<\/a><\/p>\n","protected":false},"author":1,"featured_media":0,"parent":0,"menu_order":42,"comment_status":"closed","ping_status":"closed","template":"","meta":{"_acf_changed":false,"_editorskit_title_hidden":false,"_editorskit_reading_time":1,"_editorskit_is_block_options_detached":false,"_editorskit_block_options_position":"{}","footnotes":""},"categories":[],"tags":[],"class_list":["post-69511","page","type-page","status-publish","hentry"],"acf":{"acf_link_na_externy_obsah":""},"yoast_head":"<!-- This site is optimized with the Yoast SEO plugin v27.4 - https:\/\/yoast.com\/product\/yoast-seo-wordpress\/ -->\n<title>Contacts - Lek\u00e1rska fakulta | UPJ\u0160<\/title>\n<meta name=\"robots\" content=\"index, follow, max-snippet:-1, max-image-preview:large, max-video-preview:-1\" \/>\n<link rel=\"canonical\" href=\"https:\/\/www.upjs.sk\/lekarska-fakulta\/en\/address-and-contacts\/\" \/>\n<meta property=\"og:locale\" content=\"en_US\" \/>\n<meta property=\"og:type\" content=\"article\" \/>\n<meta property=\"og:title\" content=\"Contacts - Lek\u00e1rska fakulta | UPJ\u0160\" \/>\n<meta property=\"og:description\" content=\"Pavol Jozef \u0160af\u00e1rik University in Ko\u0161ice, Faculty of Medicine Trieda SNP 1040&nbsp;11 Ko\u0161iceSlovak Republic Dean&#8217;s Office:e-mail:&nbsp;LF-foreign@upjs.sk Department of Student Affairs:Transfer StudentsPhone\/VoIP: +421 55 234 3319e-mail: maria.spisakova1@upjs.sk ApplicantsPhone\/VoIP: +421 55 234 3498e-mail: ivana.koverova@upjs.sk&nbsp; 1st\u00a0\u2013 2nd\u00a0Year StudentsPhone\/VoIP: +421 55 234 3371e-mail: csilla.varadyova@upjs.sk 3rd&nbsp;\u2013 4th&nbsp;Year StudentsPhone\/VoIP: +421 55 234 3516e-mail: zuzana.salociova@upjs.sk 5th&nbsp;\u2013 6th&nbsp;Year StudentsPhone\/VoIP: +421 55 234 3310e-mail: &hellip; Continued\" \/>\n<meta property=\"og:url\" content=\"https:\/\/www.upjs.sk\/lekarska-fakulta\/en\/address-and-contacts\/\" \/>\n<meta property=\"og:site_name\" content=\"Lek\u00e1rska fakulta | UPJ\u0160\" \/>\n<meta property=\"article:modified_time\" content=\"2023-07-11T13:08:35+00:00\" \/>\n<meta property=\"og:image\" content=\"https:\/\/www.upjs.sk\/app\/uploads\/sites\/9\/2022\/09\/budova.jpg\" \/>\n<meta name=\"twitter:card\" content=\"summary_large_image\" \/>\n<meta name=\"twitter:label1\" content=\"Est. reading time\" \/>\n\t<meta name=\"twitter:data1\" content=\"1 minute\" \/>\n<script type=\"application\/ld+json\" class=\"yoast-schema-graph\">{\"@context\":\"https:\\\/\\\/schema.org\",\"@graph\":[{\"@type\":\"WebPage\",\"@id\":\"https:\\\/\\\/www.upjs.sk\\\/lekarska-fakulta\\\/en\\\/address-and-contacts\\\/\",\"url\":\"https:\\\/\\\/www.upjs.sk\\\/lekarska-fakulta\\\/en\\\/address-and-contacts\\\/\",\"name\":\"Contacts - Lek\u00e1rska fakulta | UPJ\u0160\",\"isPartOf\":{\"@id\":\"https:\\\/\\\/www.upjs.sk\\\/lekarska-fakulta\\\/en\\\/#website\"},\"primaryImageOfPage\":{\"@id\":\"https:\\\/\\\/www.upjs.sk\\\/lekarska-fakulta\\\/en\\\/address-and-contacts\\\/#primaryimage\"},\"image\":{\"@id\":\"https:\\\/\\\/www.upjs.sk\\\/lekarska-fakulta\\\/en\\\/address-and-contacts\\\/#primaryimage\"},\"thumbnailUrl\":\"https:\\\/\\\/www.upjs.sk\\\/app\\\/uploads\\\/sites\\\/9\\\/2022\\\/09\\\/budova.jpg\",\"datePublished\":\"2023-01-31T16:51:50+00:00\",\"dateModified\":\"2023-07-11T13:08:35+00:00\",\"breadcrumb\":{\"@id\":\"https:\\\/\\\/www.upjs.sk\\\/lekarska-fakulta\\\/en\\\/address-and-contacts\\\/#breadcrumb\"},\"inLanguage\":\"en-US\",\"potentialAction\":[{\"@type\":\"ReadAction\",\"target\":[\"https:\\\/\\\/www.upjs.sk\\\/lekarska-fakulta\\\/en\\\/address-and-contacts\\\/\"]}]},{\"@type\":\"ImageObject\",\"inLanguage\":\"en-US\",\"@id\":\"https:\\\/\\\/www.upjs.sk\\\/lekarska-fakulta\\\/en\\\/address-and-contacts\\\/#primaryimage\",\"url\":\"https:\\\/\\\/www.upjs.sk\\\/app\\\/uploads\\\/sites\\\/9\\\/2022\\\/09\\\/budova.jpg\",\"contentUrl\":\"https:\\\/\\\/www.upjs.sk\\\/app\\\/uploads\\\/sites\\\/9\\\/2022\\\/09\\\/budova.jpg\"},{\"@type\":\"BreadcrumbList\",\"@id\":\"https:\\\/\\\/www.upjs.sk\\\/lekarska-fakulta\\\/en\\\/address-and-contacts\\\/#breadcrumb\",\"itemListElement\":[{\"@type\":\"ListItem\",\"position\":1,\"name\":\"Home\",\"item\":\"https:\\\/\\\/www.upjs.sk\\\/lekarska-fakulta\\\/en\\\/\"},{\"@type\":\"ListItem\",\"position\":2,\"name\":\"Contacts\"}]},{\"@type\":\"WebSite\",\"@id\":\"https:\\\/\\\/www.upjs.sk\\\/lekarska-fakulta\\\/en\\\/#website\",\"url\":\"https:\\\/\\\/www.upjs.sk\\\/lekarska-fakulta\\\/en\\\/\",\"name\":\"Lek\u00e1rska fakulta | UPJ\u0160\",\"description\":\"\",\"publisher\":{\"@id\":\"https:\\\/\\\/www.upjs.sk\\\/lekarska-fakulta\\\/en\\\/#organization\"},\"potentialAction\":[{\"@type\":\"SearchAction\",\"target\":{\"@type\":\"EntryPoint\",\"urlTemplate\":\"https:\\\/\\\/www.upjs.sk\\\/lekarska-fakulta\\\/en\\\/?s={search_term_string}\"},\"query-input\":{\"@type\":\"PropertyValueSpecification\",\"valueRequired\":true,\"valueName\":\"search_term_string\"}}],\"inLanguage\":\"en-US\"},{\"@type\":\"Organization\",\"@id\":\"https:\\\/\\\/www.upjs.sk\\\/lekarska-fakulta\\\/en\\\/#organization\",\"name\":\"Lek\u00e1rska fakulta | UPJ\u0160\",\"url\":\"https:\\\/\\\/www.upjs.sk\\\/lekarska-fakulta\\\/en\\\/\",\"logo\":{\"@type\":\"ImageObject\",\"inLanguage\":\"en-US\",\"@id\":\"https:\\\/\\\/www.upjs.sk\\\/lekarska-fakulta\\\/en\\\/#\\\/schema\\\/logo\\\/image\\\/\",\"url\":\"https:\\\/\\\/www.upjs.sk\\\/app\\\/uploads\\\/sites\\\/9\\\/2023\\\/04\\\/LF-eNG_frame.svg\",\"contentUrl\":\"https:\\\/\\\/www.upjs.sk\\\/app\\\/uploads\\\/sites\\\/9\\\/2023\\\/04\\\/LF-eNG_frame.svg\",\"width\":292,\"height\":61,\"caption\":\"Lek\u00e1rska fakulta | UPJ\u0160\"},\"image\":{\"@id\":\"https:\\\/\\\/www.upjs.sk\\\/lekarska-fakulta\\\/en\\\/#\\\/schema\\\/logo\\\/image\\\/\"}}]}<\/script>\n<!-- \/ Yoast SEO plugin. -->","yoast_head_json":{"title":"Contacts - Lek\u00e1rska fakulta | UPJ\u0160","robots":{"index":"index","follow":"follow","max-snippet":"max-snippet:-1","max-image-preview":"max-image-preview:large","max-video-preview":"max-video-preview:-1"},"canonical":"https:\/\/www.upjs.sk\/lekarska-fakulta\/en\/address-and-contacts\/","og_locale":"en_US","og_type":"article","og_title":"Contacts - Lek\u00e1rska fakulta | UPJ\u0160","og_description":"Pavol Jozef \u0160af\u00e1rik University in Ko\u0161ice, Faculty of Medicine Trieda SNP 1040&nbsp;11 Ko\u0161iceSlovak Republic Dean&#8217;s Office:e-mail:&nbsp;LF-foreign@upjs.sk Department of Student Affairs:Transfer StudentsPhone\/VoIP: +421 55 234 3319e-mail: maria.spisakova1@upjs.sk ApplicantsPhone\/VoIP: +421 55 234 3498e-mail: ivana.koverova@upjs.sk&nbsp; 1st\u00a0\u2013 2nd\u00a0Year StudentsPhone\/VoIP: +421 55 234 3371e-mail: csilla.varadyova@upjs.sk 3rd&nbsp;\u2013 4th&nbsp;Year StudentsPhone\/VoIP: +421 55 234 3516e-mail: zuzana.salociova@upjs.sk 5th&nbsp;\u2013 6th&nbsp;Year StudentsPhone\/VoIP: +421 55 234 3310e-mail: &hellip; Continued","og_url":"https:\/\/www.upjs.sk\/lekarska-fakulta\/en\/address-and-contacts\/","og_site_name":"Lek\u00e1rska fakulta | UPJ\u0160","article_modified_time":"2023-07-11T13:08:35+00:00","og_image":[{"url":"https:\/\/www.upjs.sk\/app\/uploads\/sites\/9\/2022\/09\/budova.jpg","type":"","width":"","height":""}],"twitter_card":"summary_large_image","twitter_misc":{"Est. reading time":"1 minute"},"schema":{"@context":"https:\/\/schema.org","@graph":[{"@type":"WebPage","@id":"https:\/\/www.upjs.sk\/lekarska-fakulta\/en\/address-and-contacts\/","url":"https:\/\/www.upjs.sk\/lekarska-fakulta\/en\/address-and-contacts\/","name":"Contacts - Lek\u00e1rska fakulta | UPJ\u0160","isPartOf":{"@id":"https:\/\/www.upjs.sk\/lekarska-fakulta\/en\/#website"},"primaryImageOfPage":{"@id":"https:\/\/www.upjs.sk\/lekarska-fakulta\/en\/address-and-contacts\/#primaryimage"},"image":{"@id":"https:\/\/www.upjs.sk\/lekarska-fakulta\/en\/address-and-contacts\/#primaryimage"},"thumbnailUrl":"https:\/\/www.upjs.sk\/app\/uploads\/sites\/9\/2022\/09\/budova.jpg","datePublished":"2023-01-31T16:51:50+00:00","dateModified":"2023-07-11T13:08:35+00:00","breadcrumb":{"@id":"https:\/\/www.upjs.sk\/lekarska-fakulta\/en\/address-and-contacts\/#breadcrumb"},"inLanguage":"en-US","potentialAction":[{"@type":"ReadAction","target":["https:\/\/www.upjs.sk\/lekarska-fakulta\/en\/address-and-contacts\/"]}]},{"@type":"ImageObject","inLanguage":"en-US","@id":"https:\/\/www.upjs.sk\/lekarska-fakulta\/en\/address-and-contacts\/#primaryimage","url":"https:\/\/www.upjs.sk\/app\/uploads\/sites\/9\/2022\/09\/budova.jpg","contentUrl":"https:\/\/www.upjs.sk\/app\/uploads\/sites\/9\/2022\/09\/budova.jpg"},{"@type":"BreadcrumbList","@id":"https:\/\/www.upjs.sk\/lekarska-fakulta\/en\/address-and-contacts\/#breadcrumb","itemListElement":[{"@type":"ListItem","position":1,"name":"Home","item":"https:\/\/www.upjs.sk\/lekarska-fakulta\/en\/"},{"@type":"ListItem","position":2,"name":"Contacts"}]},{"@type":"WebSite","@id":"https:\/\/www.upjs.sk\/lekarska-fakulta\/en\/#website","url":"https:\/\/www.upjs.sk\/lekarska-fakulta\/en\/","name":"Lek\u00e1rska fakulta | UPJ\u0160","description":"","publisher":{"@id":"https:\/\/www.upjs.sk\/lekarska-fakulta\/en\/#organization"},"potentialAction":[{"@type":"SearchAction","target":{"@type":"EntryPoint","urlTemplate":"https:\/\/www.upjs.sk\/lekarska-fakulta\/en\/?s={search_term_string}"},"query-input":{"@type":"PropertyValueSpecification","valueRequired":true,"valueName":"search_term_string"}}],"inLanguage":"en-US"},{"@type":"Organization","@id":"https:\/\/www.upjs.sk\/lekarska-fakulta\/en\/#organization","name":"Lek\u00e1rska fakulta | UPJ\u0160","url":"https:\/\/www.upjs.sk\/lekarska-fakulta\/en\/","logo":{"@type":"ImageObject","inLanguage":"en-US","@id":"https:\/\/www.upjs.sk\/lekarska-fakulta\/en\/#\/schema\/logo\/image\/","url":"https:\/\/www.upjs.sk\/app\/uploads\/sites\/9\/2023\/04\/LF-eNG_frame.svg","contentUrl":"https:\/\/www.upjs.sk\/app\/uploads\/sites\/9\/2023\/04\/LF-eNG_frame.svg","width":292,"height":61,"caption":"Lek\u00e1rska fakulta | UPJ\u0160"},"image":{"@id":"https:\/\/www.upjs.sk\/lekarska-fakulta\/en\/#\/schema\/logo\/image\/"}}]}},"_links":{"self":[{"href":"https:\/\/www.upjs.sk\/lekarska-fakulta\/en\/wp-json\/wp\/v2\/pages\/69511","targetHints":{"allow":["GET"]}}],"collection":[{"href":"https:\/\/www.upjs.sk\/lekarska-fakulta\/en\/wp-json\/wp\/v2\/pages"}],"about":[{"href":"https:\/\/www.upjs.sk\/lekarska-fakulta\/en\/wp-json\/wp\/v2\/types\/page"}],"author":[{"embeddable":true,"href":"https:\/\/www.upjs.sk\/lekarska-fakulta\/en\/wp-json\/wp\/v2\/users\/1"}],"replies":[{"embeddable":true,"href":"https:\/\/www.upjs.sk\/lekarska-fakulta\/en\/wp-json\/wp\/v2\/comments?post=69511"}],"version-history":[{"count":13,"href":"https:\/\/www.upjs.sk\/lekarska-fakulta\/en\/wp-json\/wp\/v2\/pages\/69511\/revisions"}],"predecessor-version":[{"id":89820,"href":"https:\/\/www.upjs.sk\/lekarska-fakulta\/en\/wp-json\/wp\/v2\/pages\/69511\/revisions\/89820"}],"wp:attachment":[{"href":"https:\/\/www.upjs.sk\/lekarska-fakulta\/en\/wp-json\/wp\/v2\/media?parent=69511"}],"wp:term":[{"taxonomy":"category","embeddable":true,"href":"https:\/\/www.upjs.sk\/lekarska-fakulta\/en\/wp-json\/wp\/v2\/categories?post=69511"},{"taxonomy":"post_tag","embeddable":true,"href":"https:\/\/www.upjs.sk\/lekarska-fakulta\/en\/wp-json\/wp\/v2\/tags?post=69511"}],"curies":[{"name":"wp","href":"https:\/\/api.w.org\/{rel}","templated":true}]}}