{"id":73144,"date":"2023-02-10T15:24:23","date_gmt":"2023-02-10T14:24:23","guid":{"rendered":"https:\/\/www.upjs.sk\/lekarska-fakulta\/disciplinary-commission\/"},"modified":"2025-04-23T12:28:20","modified_gmt":"2025-04-23T11:28:20","slug":"disciplinary-committee","status":"publish","type":"page","link":"https:\/\/www.upjs.sk\/lekarska-fakulta\/en\/about-faculty\/faculty-leadership\/disciplinary-committee\/","title":{"rendered":"Disciplinary Committee"},"content":{"rendered":"\n<p><strong>Chairman of the commission:<\/strong> <br>prof. MUDr. Peter Urdz\u00edk, PhD., MPH<\/p>\n\n\n\n<p><strong>Members:<\/strong> <br>doc. MUDr. Ivan D\u00f3ci, PhD.<br>JUDr. Monika Kajla, PhD. (ML)<br>prof. MUDr. Pavol Kristian, PhD.<br>doc. MUDr. Silvia Timkov\u00e1, PhD.<br>doc. MVDr. \u0160tefan T\u00f3th, PhD.<br>Sofia Ber\u00e1nekov\u00e1, student VL<br>Sofia Alexandra Hleba\u0161ov\u00e1, student VL<br>Kl\u00e1ra Koc\u00farov\u00e1, student ZL<br>Lucia Linkeschov\u00e1, student VL<br>Eva Ma\u0165kov\u00e1, student ZL<br>Samuel Pa\u013eo, student VL<\/p>\n","protected":false},"excerpt":{"rendered":"<p>Chairman of the commission: prof. MUDr. Peter Urdz\u00edk, PhD., MPH Members: doc. MUDr. Ivan D\u00f3ci, PhD.JUDr. Monika Kajla, PhD. (ML)prof. MUDr. Pavol Kristian, PhD.doc. MUDr. Silvia Timkov\u00e1, PhD.doc. MVDr. \u0160tefan T\u00f3th, PhD.Sofia Ber\u00e1nekov\u00e1, student VLSofia Alexandra Hleba\u0161ov\u00e1, student VLKl\u00e1ra Koc\u00farov\u00e1, student ZLLucia Linkeschov\u00e1, student VLEva Ma\u0165kov\u00e1, student ZLSamuel Pa\u013eo, student VL<\/p>\n","protected":false},"author":31,"featured_media":0,"parent":72699,"menu_order":3,"comment_status":"closed","ping_status":"closed","template":"","meta":{"_acf_changed":false,"_editorskit_title_hidden":false,"_editorskit_reading_time":1,"_editorskit_is_block_options_detached":false,"_editorskit_block_options_position":"{}","footnotes":""},"categories":[],"tags":[],"class_list":["post-73144","page","type-page","status-publish","hentry"],"acf":{"acf_link_na_externy_obsah":""},"yoast_head":"<!-- This site is optimized with the Yoast SEO plugin v27.4 - https:\/\/yoast.com\/product\/yoast-seo-wordpress\/ -->\n<title>Disciplinary Committee - Lek\u00e1rska fakulta | UPJ\u0160<\/title>\n<meta name=\"robots\" content=\"index, follow, max-snippet:-1, max-image-preview:large, max-video-preview:-1\" \/>\n<link rel=\"canonical\" href=\"https:\/\/www.upjs.sk\/lekarska-fakulta\/en\/about-faculty\/faculty-leadership\/disciplinary-committee\/\" \/>\n<meta property=\"og:locale\" content=\"en_US\" \/>\n<meta property=\"og:type\" content=\"article\" \/>\n<meta property=\"og:title\" content=\"Disciplinary Committee - Lek\u00e1rska fakulta | UPJ\u0160\" \/>\n<meta property=\"og:description\" content=\"Chairman of the commission: prof. MUDr. Peter Urdz\u00edk, PhD., MPH Members: doc. MUDr. Ivan D\u00f3ci, PhD.JUDr. Monika Kajla, PhD. (ML)prof. MUDr. Pavol Kristian, PhD.doc. MUDr. Silvia Timkov\u00e1, PhD.doc. MVDr. \u0160tefan T\u00f3th, PhD.Sofia Ber\u00e1nekov\u00e1, student VLSofia Alexandra Hleba\u0161ov\u00e1, student VLKl\u00e1ra Koc\u00farov\u00e1, student ZLLucia Linkeschov\u00e1, student VLEva Ma\u0165kov\u00e1, student ZLSamuel Pa\u013eo, student VL\" \/>\n<meta property=\"og:url\" content=\"https:\/\/www.upjs.sk\/lekarska-fakulta\/en\/about-faculty\/faculty-leadership\/disciplinary-committee\/\" \/>\n<meta property=\"og:site_name\" content=\"Lek\u00e1rska fakulta | UPJ\u0160\" \/>\n<meta property=\"article:modified_time\" content=\"2025-04-23T11:28:20+00:00\" \/>\n<meta name=\"twitter:card\" content=\"summary_large_image\" \/>\n<meta name=\"twitter:label1\" content=\"Est. reading time\" \/>\n\t<meta name=\"twitter:data1\" content=\"1 minute\" \/>\n<script type=\"application\/ld+json\" class=\"yoast-schema-graph\">{\"@context\":\"https:\\\/\\\/schema.org\",\"@graph\":[{\"@type\":\"WebPage\",\"@id\":\"https:\\\/\\\/www.upjs.sk\\\/lekarska-fakulta\\\/en\\\/about-faculty\\\/faculty-leadership\\\/disciplinary-committee\\\/\",\"url\":\"https:\\\/\\\/www.upjs.sk\\\/lekarska-fakulta\\\/en\\\/about-faculty\\\/faculty-leadership\\\/disciplinary-committee\\\/\",\"name\":\"Disciplinary Committee - Lek\u00e1rska fakulta | UPJ\u0160\",\"isPartOf\":{\"@id\":\"https:\\\/\\\/www.upjs.sk\\\/lekarska-fakulta\\\/en\\\/#website\"},\"datePublished\":\"2023-02-10T14:24:23+00:00\",\"dateModified\":\"2025-04-23T11:28:20+00:00\",\"breadcrumb\":{\"@id\":\"https:\\\/\\\/www.upjs.sk\\\/lekarska-fakulta\\\/en\\\/about-faculty\\\/faculty-leadership\\\/disciplinary-committee\\\/#breadcrumb\"},\"inLanguage\":\"en-US\",\"potentialAction\":[{\"@type\":\"ReadAction\",\"target\":[\"https:\\\/\\\/www.upjs.sk\\\/lekarska-fakulta\\\/en\\\/about-faculty\\\/faculty-leadership\\\/disciplinary-committee\\\/\"]}]},{\"@type\":\"BreadcrumbList\",\"@id\":\"https:\\\/\\\/www.upjs.sk\\\/lekarska-fakulta\\\/en\\\/about-faculty\\\/faculty-leadership\\\/disciplinary-committee\\\/#breadcrumb\",\"itemListElement\":[{\"@type\":\"ListItem\",\"position\":1,\"name\":\"Home\",\"item\":\"https:\\\/\\\/www.upjs.sk\\\/lekarska-fakulta\\\/en\\\/\"},{\"@type\":\"ListItem\",\"position\":2,\"name\":\"About Faculty\",\"item\":\"https:\\\/\\\/www.upjs.sk\\\/lekarska-fakulta\\\/en\\\/about-faculty\\\/\"},{\"@type\":\"ListItem\",\"position\":3,\"name\":\"Faculty Leadership\",\"item\":\"https:\\\/\\\/www.upjs.sk\\\/lekarska-fakulta\\\/en\\\/about-faculty\\\/faculty-leadership\\\/\"},{\"@type\":\"ListItem\",\"position\":4,\"name\":\"Disciplinary Committee\"}]},{\"@type\":\"WebSite\",\"@id\":\"https:\\\/\\\/www.upjs.sk\\\/lekarska-fakulta\\\/en\\\/#website\",\"url\":\"https:\\\/\\\/www.upjs.sk\\\/lekarska-fakulta\\\/en\\\/\",\"name\":\"Lek\u00e1rska fakulta | UPJ\u0160\",\"description\":\"\",\"publisher\":{\"@id\":\"https:\\\/\\\/www.upjs.sk\\\/lekarska-fakulta\\\/en\\\/#organization\"},\"potentialAction\":[{\"@type\":\"SearchAction\",\"target\":{\"@type\":\"EntryPoint\",\"urlTemplate\":\"https:\\\/\\\/www.upjs.sk\\\/lekarska-fakulta\\\/en\\\/?s={search_term_string}\"},\"query-input\":{\"@type\":\"PropertyValueSpecification\",\"valueRequired\":true,\"valueName\":\"search_term_string\"}}],\"inLanguage\":\"en-US\"},{\"@type\":\"Organization\",\"@id\":\"https:\\\/\\\/www.upjs.sk\\\/lekarska-fakulta\\\/en\\\/#organization\",\"name\":\"Lek\u00e1rska fakulta | UPJ\u0160\",\"url\":\"https:\\\/\\\/www.upjs.sk\\\/lekarska-fakulta\\\/en\\\/\",\"logo\":{\"@type\":\"ImageObject\",\"inLanguage\":\"en-US\",\"@id\":\"https:\\\/\\\/www.upjs.sk\\\/lekarska-fakulta\\\/en\\\/#\\\/schema\\\/logo\\\/image\\\/\",\"url\":\"https:\\\/\\\/www.upjs.sk\\\/app\\\/uploads\\\/sites\\\/9\\\/2023\\\/04\\\/LF-eNG_frame.svg\",\"contentUrl\":\"https:\\\/\\\/www.upjs.sk\\\/app\\\/uploads\\\/sites\\\/9\\\/2023\\\/04\\\/LF-eNG_frame.svg\",\"width\":292,\"height\":61,\"caption\":\"Lek\u00e1rska fakulta | UPJ\u0160\"},\"image\":{\"@id\":\"https:\\\/\\\/www.upjs.sk\\\/lekarska-fakulta\\\/en\\\/#\\\/schema\\\/logo\\\/image\\\/\"}}]}<\/script>\n<!-- \/ Yoast SEO plugin. -->","yoast_head_json":{"title":"Disciplinary Committee - Lek\u00e1rska fakulta | UPJ\u0160","robots":{"index":"index","follow":"follow","max-snippet":"max-snippet:-1","max-image-preview":"max-image-preview:large","max-video-preview":"max-video-preview:-1"},"canonical":"https:\/\/www.upjs.sk\/lekarska-fakulta\/en\/about-faculty\/faculty-leadership\/disciplinary-committee\/","og_locale":"en_US","og_type":"article","og_title":"Disciplinary Committee - Lek\u00e1rska fakulta | UPJ\u0160","og_description":"Chairman of the commission: prof. MUDr. Peter Urdz\u00edk, PhD., MPH Members: doc. MUDr. Ivan D\u00f3ci, PhD.JUDr. Monika Kajla, PhD. (ML)prof. MUDr. Pavol Kristian, PhD.doc. MUDr. Silvia Timkov\u00e1, PhD.doc. MVDr. \u0160tefan T\u00f3th, PhD.Sofia Ber\u00e1nekov\u00e1, student VLSofia Alexandra Hleba\u0161ov\u00e1, student VLKl\u00e1ra Koc\u00farov\u00e1, student ZLLucia Linkeschov\u00e1, student VLEva Ma\u0165kov\u00e1, student ZLSamuel Pa\u013eo, student VL","og_url":"https:\/\/www.upjs.sk\/lekarska-fakulta\/en\/about-faculty\/faculty-leadership\/disciplinary-committee\/","og_site_name":"Lek\u00e1rska fakulta | UPJ\u0160","article_modified_time":"2025-04-23T11:28:20+00:00","twitter_card":"summary_large_image","twitter_misc":{"Est. reading time":"1 minute"},"schema":{"@context":"https:\/\/schema.org","@graph":[{"@type":"WebPage","@id":"https:\/\/www.upjs.sk\/lekarska-fakulta\/en\/about-faculty\/faculty-leadership\/disciplinary-committee\/","url":"https:\/\/www.upjs.sk\/lekarska-fakulta\/en\/about-faculty\/faculty-leadership\/disciplinary-committee\/","name":"Disciplinary Committee - Lek\u00e1rska fakulta | UPJ\u0160","isPartOf":{"@id":"https:\/\/www.upjs.sk\/lekarska-fakulta\/en\/#website"},"datePublished":"2023-02-10T14:24:23+00:00","dateModified":"2025-04-23T11:28:20+00:00","breadcrumb":{"@id":"https:\/\/www.upjs.sk\/lekarska-fakulta\/en\/about-faculty\/faculty-leadership\/disciplinary-committee\/#breadcrumb"},"inLanguage":"en-US","potentialAction":[{"@type":"ReadAction","target":["https:\/\/www.upjs.sk\/lekarska-fakulta\/en\/about-faculty\/faculty-leadership\/disciplinary-committee\/"]}]},{"@type":"BreadcrumbList","@id":"https:\/\/www.upjs.sk\/lekarska-fakulta\/en\/about-faculty\/faculty-leadership\/disciplinary-committee\/#breadcrumb","itemListElement":[{"@type":"ListItem","position":1,"name":"Home","item":"https:\/\/www.upjs.sk\/lekarska-fakulta\/en\/"},{"@type":"ListItem","position":2,"name":"About Faculty","item":"https:\/\/www.upjs.sk\/lekarska-fakulta\/en\/about-faculty\/"},{"@type":"ListItem","position":3,"name":"Faculty Leadership","item":"https:\/\/www.upjs.sk\/lekarska-fakulta\/en\/about-faculty\/faculty-leadership\/"},{"@type":"ListItem","position":4,"name":"Disciplinary Committee"}]},{"@type":"WebSite","@id":"https:\/\/www.upjs.sk\/lekarska-fakulta\/en\/#website","url":"https:\/\/www.upjs.sk\/lekarska-fakulta\/en\/","name":"Lek\u00e1rska fakulta | UPJ\u0160","description":"","publisher":{"@id":"https:\/\/www.upjs.sk\/lekarska-fakulta\/en\/#organization"},"potentialAction":[{"@type":"SearchAction","target":{"@type":"EntryPoint","urlTemplate":"https:\/\/www.upjs.sk\/lekarska-fakulta\/en\/?s={search_term_string}"},"query-input":{"@type":"PropertyValueSpecification","valueRequired":true,"valueName":"search_term_string"}}],"inLanguage":"en-US"},{"@type":"Organization","@id":"https:\/\/www.upjs.sk\/lekarska-fakulta\/en\/#organization","name":"Lek\u00e1rska fakulta | UPJ\u0160","url":"https:\/\/www.upjs.sk\/lekarska-fakulta\/en\/","logo":{"@type":"ImageObject","inLanguage":"en-US","@id":"https:\/\/www.upjs.sk\/lekarska-fakulta\/en\/#\/schema\/logo\/image\/","url":"https:\/\/www.upjs.sk\/app\/uploads\/sites\/9\/2023\/04\/LF-eNG_frame.svg","contentUrl":"https:\/\/www.upjs.sk\/app\/uploads\/sites\/9\/2023\/04\/LF-eNG_frame.svg","width":292,"height":61,"caption":"Lek\u00e1rska fakulta | UPJ\u0160"},"image":{"@id":"https:\/\/www.upjs.sk\/lekarska-fakulta\/en\/#\/schema\/logo\/image\/"}}]}},"_links":{"self":[{"href":"https:\/\/www.upjs.sk\/lekarska-fakulta\/en\/wp-json\/wp\/v2\/pages\/73144","targetHints":{"allow":["GET"]}}],"collection":[{"href":"https:\/\/www.upjs.sk\/lekarska-fakulta\/en\/wp-json\/wp\/v2\/pages"}],"about":[{"href":"https:\/\/www.upjs.sk\/lekarska-fakulta\/en\/wp-json\/wp\/v2\/types\/page"}],"author":[{"embeddable":true,"href":"https:\/\/www.upjs.sk\/lekarska-fakulta\/en\/wp-json\/wp\/v2\/users\/31"}],"replies":[{"embeddable":true,"href":"https:\/\/www.upjs.sk\/lekarska-fakulta\/en\/wp-json\/wp\/v2\/comments?post=73144"}],"version-history":[{"count":9,"href":"https:\/\/www.upjs.sk\/lekarska-fakulta\/en\/wp-json\/wp\/v2\/pages\/73144\/revisions"}],"predecessor-version":[{"id":134810,"href":"https:\/\/www.upjs.sk\/lekarska-fakulta\/en\/wp-json\/wp\/v2\/pages\/73144\/revisions\/134810"}],"up":[{"embeddable":true,"href":"https:\/\/www.upjs.sk\/lekarska-fakulta\/en\/wp-json\/wp\/v2\/pages\/72699"}],"wp:attachment":[{"href":"https:\/\/www.upjs.sk\/lekarska-fakulta\/en\/wp-json\/wp\/v2\/media?parent=73144"}],"wp:term":[{"taxonomy":"category","embeddable":true,"href":"https:\/\/www.upjs.sk\/lekarska-fakulta\/en\/wp-json\/wp\/v2\/categories?post=73144"},{"taxonomy":"post_tag","embeddable":true,"href":"https:\/\/www.upjs.sk\/lekarska-fakulta\/en\/wp-json\/wp\/v2\/tags?post=73144"}],"curies":[{"name":"wp","href":"https:\/\/api.w.org\/{rel}","templated":true}]}}