{"id":92446,"date":"2023-08-04T08:19:01","date_gmt":"2023-08-04T07:19:01","guid":{"rendered":"https:\/\/www.upjs.sk\/lekarska-fakulta\/?page_id=92446"},"modified":"2026-03-25T09:00:46","modified_gmt":"2026-03-25T08:00:46","slug":"current-call","status":"publish","type":"page","link":"https:\/\/www.upjs.sk\/lekarska-fakulta\/en\/current-students\/doctoral-studies\/student-scientific-activities\/current-call\/","title":{"rendered":"Current Call"},"content":{"rendered":"\n<p><strong>Academic year 2025\/2026<\/strong><\/p>\n\n\n\n<ul class=\"wp-block-list\">\n<li><a href=\"https:\/\/www.upjs.sk\/app\/uploads\/sites\/9\/2026\/03\/4.-Vzor_1_strany_prace_AJ-4.doc\">Template of first page<\/a><\/li>\n\n\n\n<li><a href=\"https:\/\/www.upjs.sk\/app\/uploads\/sites\/9\/2026\/03\/5_Application_form_for_Student_Scientific_Conference-5.doc\">Application form for Student Scientific Conference in 2026<\/a><\/li>\n\n\n\n<li><a href=\"https:\/\/www.upjs.sk\/app\/uploads\/sites\/9\/2026\/03\/3.-Oznam-o-terminoch-AJ.pdf\">Announcement of the dates of the Student Scientific Conference 2026<\/a><\/li>\n\n\n\n<li><a href=\"https:\/\/www.upjs.sk\/app\/uploads\/sites\/9\/2025\/09\/2.-Formular-anotacie-SVOC-2025_2026_AJ.docx\" target=\"_blank\" rel=\"noreferrer noopener\">SSA annotation form in the academic year 2025\/2026<\/a><\/li>\n\n\n\n<li><a href=\"https:\/\/www.upjs.sk\/app\/uploads\/sites\/9\/2025\/09\/1.-Vyzva-na-SVOC-2025_2026_EN.pdf\" target=\"_blank\" rel=\"noreferrer noopener\">Call \u2013 Registration of topics for SSA in the academic year 2025\/2026<\/a><\/li>\n\n\n\n<li><a href=\"https:\/\/www.upjs.sk\/app\/uploads\/sites\/9\/2024\/10\/Statut-SVOC_2024_2025_web.pdf\" target=\"_blank\" rel=\"noreferrer noopener\">\u0160tat\u00fat s\u00fa\u0165a\u017ee o najlep\u0161iu pr\u00e1cu \u0160VO\u010c na fakultnej konferencii \u2013 in Slovak language<\/a><\/li>\n\n\n\n<li><a href=\"https:\/\/www.upjs.sk\/app\/uploads\/sites\/9\/2025\/11\/Zoznam_neobsadenych-tem_25_26_III.pdf\" target=\"_blank\" rel=\"noreferrer noopener\">Unfilled SSA topics in the academic year 2025\/2026 \u2013&nbsp; in Slovak language<\/a><\/li>\n\n\n\n<li><a href=\"https:\/\/www.upjs.sk\/app\/uploads\/sites\/9\/2026\/03\/Zoznam_obsadenych-tem_25_26_VI.pdf\" target=\"_blank\" rel=\"noreferrer noopener\">List of occupied topics in the academic year 2025\/2026 \u2013\u00a0 in Slovak language<\/a><\/li>\n<\/ul>\n\n\n<style>.wp-block-kadence-advancedheading.kt-adv-heading92446_99e631-65, .wp-block-kadence-advancedheading.kt-adv-heading92446_99e631-65[data-kb-block=\"kb-adv-heading92446_99e631-65\"]{font-style:normal;}.wp-block-kadence-advancedheading.kt-adv-heading92446_99e631-65 mark.kt-highlight, .wp-block-kadence-advancedheading.kt-adv-heading92446_99e631-65[data-kb-block=\"kb-adv-heading92446_99e631-65\"] mark.kt-highlight{font-style:normal;color:#f76a0c;-webkit-box-decoration-break:clone;box-decoration-break:clone;padding-top:0px;padding-right:0px;padding-bottom:0px;padding-left:0px;}<\/style>\n<p class=\"kt-adv-heading92446_99e631-65 wp-block-kadence-advancedheading\" data-kb-block=\"kb-adv-heading92446_99e631-65\"><\/p>\n\n\n<style>.wp-block-kadence-advancedheading.kt-adv-heading92446_dad7d4-ab, .wp-block-kadence-advancedheading.kt-adv-heading92446_dad7d4-ab[data-kb-block=\"kb-adv-heading92446_dad7d4-ab\"]{font-style:normal;}.wp-block-kadence-advancedheading.kt-adv-heading92446_dad7d4-ab mark.kt-highlight, .wp-block-kadence-advancedheading.kt-adv-heading92446_dad7d4-ab[data-kb-block=\"kb-adv-heading92446_dad7d4-ab\"] mark.kt-highlight{font-style:normal;color:#f76a0c;-webkit-box-decoration-break:clone;box-decoration-break:clone;padding-top:0px;padding-right:0px;padding-bottom:0px;padding-left:0px;}<\/style>\n<p class=\"kt-adv-heading92446_dad7d4-ab wp-block-kadence-advancedheading\" data-kb-block=\"kb-adv-heading92446_dad7d4-ab\"><\/p>\n","protected":false},"excerpt":{"rendered":"<p>Academic year 2025\/2026<\/p>\n","protected":false},"author":75,"featured_media":0,"parent":69321,"menu_order":1,"comment_status":"closed","ping_status":"closed","template":"","meta":{"_acf_changed":false,"_editorskit_title_hidden":false,"_editorskit_reading_time":0,"_editorskit_is_block_options_detached":false,"_editorskit_block_options_position":"{}","footnotes":""},"categories":[],"tags":[],"class_list":["post-92446","page","type-page","status-publish","hentry"],"acf":{"acf_link_na_externy_obsah":""},"yoast_head":"<!-- This site is optimized with the Yoast SEO plugin v27.2 - https:\/\/yoast.com\/product\/yoast-seo-wordpress\/ -->\n<title>Current Call - Lek\u00e1rska fakulta | UPJ\u0160<\/title>\n<meta name=\"robots\" content=\"index, follow, max-snippet:-1, max-image-preview:large, max-video-preview:-1\" \/>\n<link rel=\"canonical\" href=\"https:\/\/www.upjs.sk\/lekarska-fakulta\/en\/current-students\/doctoral-studies\/student-scientific-activities\/current-call\/\" \/>\n<meta property=\"og:locale\" content=\"en_US\" \/>\n<meta property=\"og:type\" content=\"article\" \/>\n<meta property=\"og:title\" content=\"Current Call - Lek\u00e1rska fakulta | UPJ\u0160\" \/>\n<meta property=\"og:description\" content=\"Academic year 2025\/2026\" \/>\n<meta property=\"og:url\" content=\"https:\/\/www.upjs.sk\/lekarska-fakulta\/en\/current-students\/doctoral-studies\/student-scientific-activities\/current-call\/\" \/>\n<meta property=\"og:site_name\" content=\"Lek\u00e1rska fakulta | UPJ\u0160\" \/>\n<meta property=\"article:modified_time\" content=\"2026-03-25T08:00:46+00:00\" \/>\n<meta name=\"twitter:card\" content=\"summary_large_image\" \/>\n<meta name=\"twitter:label1\" content=\"Est. reading time\" \/>\n\t<meta name=\"twitter:data1\" content=\"1 minute\" \/>\n<script type=\"application\/ld+json\" class=\"yoast-schema-graph\">{\"@context\":\"https:\/\/schema.org\",\"@graph\":[{\"@type\":\"WebPage\",\"@id\":\"https:\/\/www.upjs.sk\/lekarska-fakulta\/en\/current-students\/doctoral-studies\/student-scientific-activities\/current-call\/\",\"url\":\"https:\/\/www.upjs.sk\/lekarska-fakulta\/en\/current-students\/doctoral-studies\/student-scientific-activities\/current-call\/\",\"name\":\"Current Call - Lek\u00e1rska fakulta | UPJ\u0160\",\"isPartOf\":{\"@id\":\"https:\/\/www.upjs.sk\/lekarska-fakulta\/en\/#website\"},\"datePublished\":\"2023-08-04T07:19:01+00:00\",\"dateModified\":\"2026-03-25T08:00:46+00:00\",\"breadcrumb\":{\"@id\":\"https:\/\/www.upjs.sk\/lekarska-fakulta\/en\/current-students\/doctoral-studies\/student-scientific-activities\/current-call\/#breadcrumb\"},\"inLanguage\":\"en-US\",\"potentialAction\":[{\"@type\":\"ReadAction\",\"target\":[\"https:\/\/www.upjs.sk\/lekarska-fakulta\/en\/current-students\/doctoral-studies\/student-scientific-activities\/current-call\/\"]}]},{\"@type\":\"BreadcrumbList\",\"@id\":\"https:\/\/www.upjs.sk\/lekarska-fakulta\/en\/current-students\/doctoral-studies\/student-scientific-activities\/current-call\/#breadcrumb\",\"itemListElement\":[{\"@type\":\"ListItem\",\"position\":1,\"name\":\"Home\",\"item\":\"https:\/\/www.upjs.sk\/lekarska-fakulta\/en\/\"},{\"@type\":\"ListItem\",\"position\":2,\"name\":\"Current students\",\"item\":\"https:\/\/www.upjs.sk\/lekarska-fakulta\/en\/current-students\/\"},{\"@type\":\"ListItem\",\"position\":3,\"name\":\"Bachelor&#8217;s, master\u2019s and doctoral studies\",\"item\":\"https:\/\/www.upjs.sk\/lekarska-fakulta\/en\/current-students\/doctoral-studies\/\"},{\"@type\":\"ListItem\",\"position\":4,\"name\":\"Student Scientific Activities &#8211; SSA\",\"item\":\"https:\/\/www.upjs.sk\/lekarska-fakulta\/en\/current-students\/doctoral-studies\/student-scientific-activities\/\"},{\"@type\":\"ListItem\",\"position\":5,\"name\":\"Current Call\"}]},{\"@type\":\"WebSite\",\"@id\":\"https:\/\/www.upjs.sk\/lekarska-fakulta\/en\/#website\",\"url\":\"https:\/\/www.upjs.sk\/lekarska-fakulta\/en\/\",\"name\":\"Lek\u00e1rska fakulta | UPJ\u0160\",\"description\":\"\",\"publisher\":{\"@id\":\"https:\/\/www.upjs.sk\/lekarska-fakulta\/en\/#organization\"},\"potentialAction\":[{\"@type\":\"SearchAction\",\"target\":{\"@type\":\"EntryPoint\",\"urlTemplate\":\"https:\/\/www.upjs.sk\/lekarska-fakulta\/en\/?s={search_term_string}\"},\"query-input\":{\"@type\":\"PropertyValueSpecification\",\"valueRequired\":true,\"valueName\":\"search_term_string\"}}],\"inLanguage\":\"en-US\"},{\"@type\":\"Organization\",\"@id\":\"https:\/\/www.upjs.sk\/lekarska-fakulta\/en\/#organization\",\"name\":\"Lek\u00e1rska fakulta | UPJ\u0160\",\"url\":\"https:\/\/www.upjs.sk\/lekarska-fakulta\/en\/\",\"logo\":{\"@type\":\"ImageObject\",\"inLanguage\":\"en-US\",\"@id\":\"https:\/\/www.upjs.sk\/lekarska-fakulta\/en\/#\/schema\/logo\/image\/\",\"url\":\"https:\/\/www.upjs.sk\/app\/uploads\/sites\/9\/2023\/04\/LF-eNG_frame.svg\",\"contentUrl\":\"https:\/\/www.upjs.sk\/app\/uploads\/sites\/9\/2023\/04\/LF-eNG_frame.svg\",\"width\":292,\"height\":61,\"caption\":\"Lek\u00e1rska fakulta | UPJ\u0160\"},\"image\":{\"@id\":\"https:\/\/www.upjs.sk\/lekarska-fakulta\/en\/#\/schema\/logo\/image\/\"}}]}<\/script>\n<!-- \/ Yoast SEO plugin. -->","yoast_head_json":{"title":"Current Call - Lek\u00e1rska fakulta | UPJ\u0160","robots":{"index":"index","follow":"follow","max-snippet":"max-snippet:-1","max-image-preview":"max-image-preview:large","max-video-preview":"max-video-preview:-1"},"canonical":"https:\/\/www.upjs.sk\/lekarska-fakulta\/en\/current-students\/doctoral-studies\/student-scientific-activities\/current-call\/","og_locale":"en_US","og_type":"article","og_title":"Current Call - Lek\u00e1rska fakulta | UPJ\u0160","og_description":"Academic year 2025\/2026","og_url":"https:\/\/www.upjs.sk\/lekarska-fakulta\/en\/current-students\/doctoral-studies\/student-scientific-activities\/current-call\/","og_site_name":"Lek\u00e1rska fakulta | UPJ\u0160","article_modified_time":"2026-03-25T08:00:46+00:00","twitter_card":"summary_large_image","twitter_misc":{"Est. reading time":"1 minute"},"schema":{"@context":"https:\/\/schema.org","@graph":[{"@type":"WebPage","@id":"https:\/\/www.upjs.sk\/lekarska-fakulta\/en\/current-students\/doctoral-studies\/student-scientific-activities\/current-call\/","url":"https:\/\/www.upjs.sk\/lekarska-fakulta\/en\/current-students\/doctoral-studies\/student-scientific-activities\/current-call\/","name":"Current Call - Lek\u00e1rska fakulta | UPJ\u0160","isPartOf":{"@id":"https:\/\/www.upjs.sk\/lekarska-fakulta\/en\/#website"},"datePublished":"2023-08-04T07:19:01+00:00","dateModified":"2026-03-25T08:00:46+00:00","breadcrumb":{"@id":"https:\/\/www.upjs.sk\/lekarska-fakulta\/en\/current-students\/doctoral-studies\/student-scientific-activities\/current-call\/#breadcrumb"},"inLanguage":"en-US","potentialAction":[{"@type":"ReadAction","target":["https:\/\/www.upjs.sk\/lekarska-fakulta\/en\/current-students\/doctoral-studies\/student-scientific-activities\/current-call\/"]}]},{"@type":"BreadcrumbList","@id":"https:\/\/www.upjs.sk\/lekarska-fakulta\/en\/current-students\/doctoral-studies\/student-scientific-activities\/current-call\/#breadcrumb","itemListElement":[{"@type":"ListItem","position":1,"name":"Home","item":"https:\/\/www.upjs.sk\/lekarska-fakulta\/en\/"},{"@type":"ListItem","position":2,"name":"Current students","item":"https:\/\/www.upjs.sk\/lekarska-fakulta\/en\/current-students\/"},{"@type":"ListItem","position":3,"name":"Bachelor&#8217;s, master\u2019s and doctoral studies","item":"https:\/\/www.upjs.sk\/lekarska-fakulta\/en\/current-students\/doctoral-studies\/"},{"@type":"ListItem","position":4,"name":"Student Scientific Activities &#8211; SSA","item":"https:\/\/www.upjs.sk\/lekarska-fakulta\/en\/current-students\/doctoral-studies\/student-scientific-activities\/"},{"@type":"ListItem","position":5,"name":"Current Call"}]},{"@type":"WebSite","@id":"https:\/\/www.upjs.sk\/lekarska-fakulta\/en\/#website","url":"https:\/\/www.upjs.sk\/lekarska-fakulta\/en\/","name":"Lek\u00e1rska fakulta | UPJ\u0160","description":"","publisher":{"@id":"https:\/\/www.upjs.sk\/lekarska-fakulta\/en\/#organization"},"potentialAction":[{"@type":"SearchAction","target":{"@type":"EntryPoint","urlTemplate":"https:\/\/www.upjs.sk\/lekarska-fakulta\/en\/?s={search_term_string}"},"query-input":{"@type":"PropertyValueSpecification","valueRequired":true,"valueName":"search_term_string"}}],"inLanguage":"en-US"},{"@type":"Organization","@id":"https:\/\/www.upjs.sk\/lekarska-fakulta\/en\/#organization","name":"Lek\u00e1rska fakulta | UPJ\u0160","url":"https:\/\/www.upjs.sk\/lekarska-fakulta\/en\/","logo":{"@type":"ImageObject","inLanguage":"en-US","@id":"https:\/\/www.upjs.sk\/lekarska-fakulta\/en\/#\/schema\/logo\/image\/","url":"https:\/\/www.upjs.sk\/app\/uploads\/sites\/9\/2023\/04\/LF-eNG_frame.svg","contentUrl":"https:\/\/www.upjs.sk\/app\/uploads\/sites\/9\/2023\/04\/LF-eNG_frame.svg","width":292,"height":61,"caption":"Lek\u00e1rska fakulta | UPJ\u0160"},"image":{"@id":"https:\/\/www.upjs.sk\/lekarska-fakulta\/en\/#\/schema\/logo\/image\/"}}]}},"_links":{"self":[{"href":"https:\/\/www.upjs.sk\/lekarska-fakulta\/en\/wp-json\/wp\/v2\/pages\/92446","targetHints":{"allow":["GET"]}}],"collection":[{"href":"https:\/\/www.upjs.sk\/lekarska-fakulta\/en\/wp-json\/wp\/v2\/pages"}],"about":[{"href":"https:\/\/www.upjs.sk\/lekarska-fakulta\/en\/wp-json\/wp\/v2\/types\/page"}],"author":[{"embeddable":true,"href":"https:\/\/www.upjs.sk\/lekarska-fakulta\/en\/wp-json\/wp\/v2\/users\/75"}],"replies":[{"embeddable":true,"href":"https:\/\/www.upjs.sk\/lekarska-fakulta\/en\/wp-json\/wp\/v2\/comments?post=92446"}],"version-history":[{"count":20,"href":"https:\/\/www.upjs.sk\/lekarska-fakulta\/en\/wp-json\/wp\/v2\/pages\/92446\/revisions"}],"predecessor-version":[{"id":156753,"href":"https:\/\/www.upjs.sk\/lekarska-fakulta\/en\/wp-json\/wp\/v2\/pages\/92446\/revisions\/156753"}],"up":[{"embeddable":true,"href":"https:\/\/www.upjs.sk\/lekarska-fakulta\/en\/wp-json\/wp\/v2\/pages\/69321"}],"wp:attachment":[{"href":"https:\/\/www.upjs.sk\/lekarska-fakulta\/en\/wp-json\/wp\/v2\/media?parent=92446"}],"wp:term":[{"taxonomy":"category","embeddable":true,"href":"https:\/\/www.upjs.sk\/lekarska-fakulta\/en\/wp-json\/wp\/v2\/categories?post=92446"},{"taxonomy":"post_tag","embeddable":true,"href":"https:\/\/www.upjs.sk\/lekarska-fakulta\/en\/wp-json\/wp\/v2\/tags?post=92446"}],"curies":[{"name":"wp","href":"https:\/\/api.w.org\/{rel}","templated":true}]}}