{"id":106902,"date":"2024-01-30T13:54:14","date_gmt":"2024-01-30T12:54:14","guid":{"rendered":"https:\/\/www.upjs.sk\/lekarska-fakulta\/studenti-lf\/pregradualne\/informacie\/dokumenty\/skolne-a-ine-poplatky\/"},"modified":"2026-03-16T13:26:18","modified_gmt":"2026-03-16T12:26:18","slug":"skolne-a-ine-poplatky","status":"publish","type":"page","link":"https:\/\/www.upjs.sk\/lekarska-fakulta\/studenti-lf\/pregradualne\/skolne-a-ine-poplatky\/","title":{"rendered":"\u0160koln\u00e9 a in\u00e9 poplatky"},"content":{"rendered":"\n<ul class=\"wp-block-list\">\n<li><a href=\"https:\/\/intranet.upjs.sk\/op\/op.Public.php?documentid=4214\" target=\"_blank\" rel=\"noreferrer noopener\">\u0160tat\u00fat UPJ\u0160 v Ko\u0161iciach<\/a><\/li>\n\n\n\n<li><a href=\"https:\/\/www.upjs.sk\/app\/uploads\/sites\/9\/2026\/03\/Poriadok-poplatkov_2026_2027_RR-c.-6_2026_ucinny-od-1.9.2026.pdf\" target=\"_blank\" rel=\"noreferrer noopener\">Rozhodnutie rektora \u010d. 3\/2026 o ur\u010den\u00ed \u0161koln\u00e9ho, poplatkov spojen\u00fdch so \u0161t\u00fadiom a o \u00fahrad\u00e1ch n\u00e1kladov spojen\u00fdch so zvy\u0161ovan\u00edm kvalifik\u00e1cie v akademickom roku 2026\/2027 na UPJ\u0160 v Ko\u0161iciach<\/a><\/li>\n\n\n\n<li><a href=\"https:\/\/www.upjs.sk\/app\/uploads\/sites\/9\/2025\/02\/RR-c.9_2025_Poriadok-poplatkov-pre-AR-2025_2026_ucinny-od-1.9.2025.pdf\" target=\"_blank\" rel=\"noreferrer noopener\">Rozhodnutie rektora \u010d. 9\/2025<\/a> o ur\u010den\u00ed \u0161koln\u00e9ho, poplatkov spojen\u00fdch so \u0161t\u00fadiom a o \u00fahrad\u00e1ch n\u00e1kladov spojen\u00fdch so zvy\u0161ovan\u00edm kvalifik\u00e1cie v akademickom roku 2025\/2026 na UPJ\u0160 v Ko\u0161iciach<\/li>\n\n\n\n<li><a href=\"https:\/\/www.upjs.sk\/app\/uploads\/sites\/9\/2024\/04\/RR-c.-6_2024_-Poriadok-poplatkov-pre-AR-2024_2025_ucinny-od1.9.2024.pdf\" target=\"_blank\" aria-label=\"Rozhodnutie rektora \u010d. 6\/2024  (opens in a new tab)\" rel=\"noreferrer noopener\" class=\"ek-link\">Rozhodnutie rektora \u010d. 6\/2024 <\/a>o ur\u010den\u00ed \u0161koln\u00e9ho, poplatkov spojen\u00fdch so \u0161t\u00fadiom a o \u00fahrad\u00e1ch n\u00e1kladov spojen\u00fdch so zvy\u0161ovan\u00edm kvalifik\u00e1cie v akademickom roku 2024\/2025 na UPJ\u0160 v Ko\u0161iciach<\/li>\n\n\n\n<li><a href=\"https:\/\/intranet.upjs.sk\/op\/op.Public.php?documentid=7668\" target=\"_blank\" rel=\"noreferrer noopener\">Metodick\u00fd pokyn 2\/2022 pre sp\u00f4sob v\u00fdpo\u010dtu v\u00fd\u0161ky \u0161koln\u00e9ho<\/a><\/li>\n\n\n\n<li><a href=\"https:\/\/www.upjs.sk\/app\/uploads\/sites\/9\/2025\/02\/ziadost-o-znizenie_skolne-1.doc\" target=\"_blank\" rel=\"noreferrer noopener\">\u017diados\u0165 o zn\u00ed\u017eenie, odpustenie alebo odlo\u017eenie splatnosti \u0161koln\u00e9ho<\/a><\/li>\n<\/ul>\n\n\n<style>.wp-block-kadence-advancedheading.kt-adv-heading106902_09229c-a4, .wp-block-kadence-advancedheading.kt-adv-heading106902_09229c-a4[data-kb-block=\"kb-adv-heading106902_09229c-a4\"]{font-style:normal;}.wp-block-kadence-advancedheading.kt-adv-heading106902_09229c-a4 mark.kt-highlight, .wp-block-kadence-advancedheading.kt-adv-heading106902_09229c-a4[data-kb-block=\"kb-adv-heading106902_09229c-a4\"] mark.kt-highlight{font-style:normal;color:#f76a0c;-webkit-box-decoration-break:clone;box-decoration-break:clone;padding-top:0px;padding-right:0px;padding-bottom:0px;padding-left:0px;}<\/style>\n<p class=\"kt-adv-heading106902_09229c-a4 wp-block-kadence-advancedheading\" data-kb-block=\"kb-adv-heading106902_09229c-a4\"><\/p>\n","protected":false},"excerpt":{"rendered":"","protected":false},"author":75,"featured_media":0,"parent":12757,"menu_order":8,"comment_status":"closed","ping_status":"closed","template":"","meta":{"_acf_changed":false,"_editorskit_title_hidden":false,"_editorskit_reading_time":0,"_editorskit_is_block_options_detached":false,"_editorskit_block_options_position":"{}","footnotes":""},"categories":[],"tags":[],"class_list":["post-106902","page","type-page","status-publish","hentry"],"acf":{"acf_link_na_externy_obsah":""},"yoast_head":"<!-- This site is optimized with the Yoast SEO plugin v27.2 - https:\/\/yoast.com\/product\/yoast-seo-wordpress\/ -->\n<title>\u0160koln\u00e9 a in\u00e9 poplatky - Lek\u00e1rska fakulta | UPJ\u0160<\/title>\n<meta name=\"robots\" content=\"index, follow, max-snippet:-1, max-image-preview:large, max-video-preview:-1\" \/>\n<link rel=\"canonical\" href=\"https:\/\/www.upjs.sk\/lekarska-fakulta\/studenti-lf\/pregradualne\/skolne-a-ine-poplatky\/\" \/>\n<meta property=\"og:locale\" content=\"sk_SK\" \/>\n<meta property=\"og:type\" content=\"article\" \/>\n<meta property=\"og:title\" content=\"\u0160koln\u00e9 a in\u00e9 poplatky - Lek\u00e1rska fakulta | UPJ\u0160\" \/>\n<meta property=\"og:url\" content=\"https:\/\/www.upjs.sk\/lekarska-fakulta\/studenti-lf\/pregradualne\/skolne-a-ine-poplatky\/\" \/>\n<meta property=\"og:site_name\" content=\"Lek\u00e1rska fakulta | UPJ\u0160\" \/>\n<meta property=\"article:modified_time\" content=\"2026-03-16T12:26:18+00:00\" \/>\n<meta name=\"twitter:card\" content=\"summary_large_image\" \/>\n<meta name=\"twitter:label1\" content=\"Predpokladan\u00fd \u010das \u010d\u00edtania\" \/>\n\t<meta name=\"twitter:data1\" content=\"1 min\u00fata\" \/>\n<script type=\"application\/ld+json\" class=\"yoast-schema-graph\">{\"@context\":\"https:\/\/schema.org\",\"@graph\":[{\"@type\":\"WebPage\",\"@id\":\"https:\/\/www.upjs.sk\/lekarska-fakulta\/studenti-lf\/pregradualne\/skolne-a-ine-poplatky\/\",\"url\":\"https:\/\/www.upjs.sk\/lekarska-fakulta\/studenti-lf\/pregradualne\/skolne-a-ine-poplatky\/\",\"name\":\"\u0160koln\u00e9 a in\u00e9 poplatky - Lek\u00e1rska fakulta | UPJ\u0160\",\"isPartOf\":{\"@id\":\"https:\/\/www.upjs.sk\/lekarska-fakulta\/#website\"},\"datePublished\":\"2024-01-30T12:54:14+00:00\",\"dateModified\":\"2026-03-16T12:26:18+00:00\",\"breadcrumb\":{\"@id\":\"https:\/\/www.upjs.sk\/lekarska-fakulta\/studenti-lf\/pregradualne\/skolne-a-ine-poplatky\/#breadcrumb\"},\"inLanguage\":\"sk-SK\",\"potentialAction\":[{\"@type\":\"ReadAction\",\"target\":[\"https:\/\/www.upjs.sk\/lekarska-fakulta\/studenti-lf\/pregradualne\/skolne-a-ine-poplatky\/\"]}]},{\"@type\":\"BreadcrumbList\",\"@id\":\"https:\/\/www.upjs.sk\/lekarska-fakulta\/studenti-lf\/pregradualne\/skolne-a-ine-poplatky\/#breadcrumb\",\"itemListElement\":[{\"@type\":\"ListItem\",\"position\":1,\"name\":\"Home\",\"item\":\"https:\/\/www.upjs.sk\/lekarska-fakulta\/\"},{\"@type\":\"ListItem\",\"position\":2,\"name\":\"\u0160tudenti\",\"item\":\"https:\/\/www.upjs.sk\/lekarska-fakulta\/studenti-lf\/\"},{\"@type\":\"ListItem\",\"position\":3,\"name\":\"Bakal\u00e1rske, magistersk\u00e9 a doktorsk\u00e9 \u0161t\u00fadium\",\"item\":\"https:\/\/www.upjs.sk\/lekarska-fakulta\/studenti-lf\/pregradualne\/\"},{\"@type\":\"ListItem\",\"position\":4,\"name\":\"\u0160koln\u00e9 a in\u00e9 poplatky\"}]},{\"@type\":\"WebSite\",\"@id\":\"https:\/\/www.upjs.sk\/lekarska-fakulta\/#website\",\"url\":\"https:\/\/www.upjs.sk\/lekarska-fakulta\/\",\"name\":\"Lek\u00e1rska fakulta | UPJ\u0160\",\"description\":\"\",\"publisher\":{\"@id\":\"https:\/\/www.upjs.sk\/lekarska-fakulta\/#organization\"},\"potentialAction\":[{\"@type\":\"SearchAction\",\"target\":{\"@type\":\"EntryPoint\",\"urlTemplate\":\"https:\/\/www.upjs.sk\/lekarska-fakulta\/?s={search_term_string}\"},\"query-input\":{\"@type\":\"PropertyValueSpecification\",\"valueRequired\":true,\"valueName\":\"search_term_string\"}}],\"inLanguage\":\"sk-SK\"},{\"@type\":\"Organization\",\"@id\":\"https:\/\/www.upjs.sk\/lekarska-fakulta\/#organization\",\"name\":\"Lek\u00e1rska fakulta | UPJ\u0160\",\"url\":\"https:\/\/www.upjs.sk\/lekarska-fakulta\/\",\"logo\":{\"@type\":\"ImageObject\",\"inLanguage\":\"sk-SK\",\"@id\":\"https:\/\/www.upjs.sk\/lekarska-fakulta\/#\/schema\/logo\/image\/\",\"url\":\"https:\/\/www.upjs.sk\/app\/uploads\/sites\/9\/2022\/09\/logo-lekarska-fakulta.png\",\"contentUrl\":\"https:\/\/www.upjs.sk\/app\/uploads\/sites\/9\/2022\/09\/logo-lekarska-fakulta.png\",\"width\":415,\"height\":87,\"caption\":\"Lek\u00e1rska fakulta | UPJ\u0160\"},\"image\":{\"@id\":\"https:\/\/www.upjs.sk\/lekarska-fakulta\/#\/schema\/logo\/image\/\"}}]}<\/script>\n<!-- \/ Yoast SEO plugin. -->","yoast_head_json":{"title":"\u0160koln\u00e9 a in\u00e9 poplatky - Lek\u00e1rska fakulta | UPJ\u0160","robots":{"index":"index","follow":"follow","max-snippet":"max-snippet:-1","max-image-preview":"max-image-preview:large","max-video-preview":"max-video-preview:-1"},"canonical":"https:\/\/www.upjs.sk\/lekarska-fakulta\/studenti-lf\/pregradualne\/skolne-a-ine-poplatky\/","og_locale":"sk_SK","og_type":"article","og_title":"\u0160koln\u00e9 a in\u00e9 poplatky - Lek\u00e1rska fakulta | UPJ\u0160","og_url":"https:\/\/www.upjs.sk\/lekarska-fakulta\/studenti-lf\/pregradualne\/skolne-a-ine-poplatky\/","og_site_name":"Lek\u00e1rska fakulta | UPJ\u0160","article_modified_time":"2026-03-16T12:26:18+00:00","twitter_card":"summary_large_image","twitter_misc":{"Predpokladan\u00fd \u010das \u010d\u00edtania":"1 min\u00fata"},"schema":{"@context":"https:\/\/schema.org","@graph":[{"@type":"WebPage","@id":"https:\/\/www.upjs.sk\/lekarska-fakulta\/studenti-lf\/pregradualne\/skolne-a-ine-poplatky\/","url":"https:\/\/www.upjs.sk\/lekarska-fakulta\/studenti-lf\/pregradualne\/skolne-a-ine-poplatky\/","name":"\u0160koln\u00e9 a in\u00e9 poplatky - Lek\u00e1rska fakulta | UPJ\u0160","isPartOf":{"@id":"https:\/\/www.upjs.sk\/lekarska-fakulta\/#website"},"datePublished":"2024-01-30T12:54:14+00:00","dateModified":"2026-03-16T12:26:18+00:00","breadcrumb":{"@id":"https:\/\/www.upjs.sk\/lekarska-fakulta\/studenti-lf\/pregradualne\/skolne-a-ine-poplatky\/#breadcrumb"},"inLanguage":"sk-SK","potentialAction":[{"@type":"ReadAction","target":["https:\/\/www.upjs.sk\/lekarska-fakulta\/studenti-lf\/pregradualne\/skolne-a-ine-poplatky\/"]}]},{"@type":"BreadcrumbList","@id":"https:\/\/www.upjs.sk\/lekarska-fakulta\/studenti-lf\/pregradualne\/skolne-a-ine-poplatky\/#breadcrumb","itemListElement":[{"@type":"ListItem","position":1,"name":"Home","item":"https:\/\/www.upjs.sk\/lekarska-fakulta\/"},{"@type":"ListItem","position":2,"name":"\u0160tudenti","item":"https:\/\/www.upjs.sk\/lekarska-fakulta\/studenti-lf\/"},{"@type":"ListItem","position":3,"name":"Bakal\u00e1rske, magistersk\u00e9 a doktorsk\u00e9 \u0161t\u00fadium","item":"https:\/\/www.upjs.sk\/lekarska-fakulta\/studenti-lf\/pregradualne\/"},{"@type":"ListItem","position":4,"name":"\u0160koln\u00e9 a in\u00e9 poplatky"}]},{"@type":"WebSite","@id":"https:\/\/www.upjs.sk\/lekarska-fakulta\/#website","url":"https:\/\/www.upjs.sk\/lekarska-fakulta\/","name":"Lek\u00e1rska fakulta | UPJ\u0160","description":"","publisher":{"@id":"https:\/\/www.upjs.sk\/lekarska-fakulta\/#organization"},"potentialAction":[{"@type":"SearchAction","target":{"@type":"EntryPoint","urlTemplate":"https:\/\/www.upjs.sk\/lekarska-fakulta\/?s={search_term_string}"},"query-input":{"@type":"PropertyValueSpecification","valueRequired":true,"valueName":"search_term_string"}}],"inLanguage":"sk-SK"},{"@type":"Organization","@id":"https:\/\/www.upjs.sk\/lekarska-fakulta\/#organization","name":"Lek\u00e1rska fakulta | UPJ\u0160","url":"https:\/\/www.upjs.sk\/lekarska-fakulta\/","logo":{"@type":"ImageObject","inLanguage":"sk-SK","@id":"https:\/\/www.upjs.sk\/lekarska-fakulta\/#\/schema\/logo\/image\/","url":"https:\/\/www.upjs.sk\/app\/uploads\/sites\/9\/2022\/09\/logo-lekarska-fakulta.png","contentUrl":"https:\/\/www.upjs.sk\/app\/uploads\/sites\/9\/2022\/09\/logo-lekarska-fakulta.png","width":415,"height":87,"caption":"Lek\u00e1rska fakulta | UPJ\u0160"},"image":{"@id":"https:\/\/www.upjs.sk\/lekarska-fakulta\/#\/schema\/logo\/image\/"}}]}},"_links":{"self":[{"href":"https:\/\/www.upjs.sk\/lekarska-fakulta\/wp-json\/wp\/v2\/pages\/106902","targetHints":{"allow":["GET"]}}],"collection":[{"href":"https:\/\/www.upjs.sk\/lekarska-fakulta\/wp-json\/wp\/v2\/pages"}],"about":[{"href":"https:\/\/www.upjs.sk\/lekarska-fakulta\/wp-json\/wp\/v2\/types\/page"}],"author":[{"embeddable":true,"href":"https:\/\/www.upjs.sk\/lekarska-fakulta\/wp-json\/wp\/v2\/users\/75"}],"replies":[{"embeddable":true,"href":"https:\/\/www.upjs.sk\/lekarska-fakulta\/wp-json\/wp\/v2\/comments?post=106902"}],"version-history":[{"count":14,"href":"https:\/\/www.upjs.sk\/lekarska-fakulta\/wp-json\/wp\/v2\/pages\/106902\/revisions"}],"predecessor-version":[{"id":156291,"href":"https:\/\/www.upjs.sk\/lekarska-fakulta\/wp-json\/wp\/v2\/pages\/106902\/revisions\/156291"}],"up":[{"embeddable":true,"href":"https:\/\/www.upjs.sk\/lekarska-fakulta\/wp-json\/wp\/v2\/pages\/12757"}],"wp:attachment":[{"href":"https:\/\/www.upjs.sk\/lekarska-fakulta\/wp-json\/wp\/v2\/media?parent=106902"}],"wp:term":[{"taxonomy":"category","embeddable":true,"href":"https:\/\/www.upjs.sk\/lekarska-fakulta\/wp-json\/wp\/v2\/categories?post=106902"},{"taxonomy":"post_tag","embeddable":true,"href":"https:\/\/www.upjs.sk\/lekarska-fakulta\/wp-json\/wp\/v2\/tags?post=106902"}],"curies":[{"name":"wp","href":"https:\/\/api.w.org\/{rel}","templated":true}]}}