{"id":110789,"date":"2024-03-25T09:45:01","date_gmt":"2024-03-25T10:29:34","guid":{"rendered":"https:\/\/www.upjs.sk\/lekarska-fakulta\/?page_id=110789"},"modified":"2024-03-25T11:59:34","modified_gmt":"2024-03-25T10:59:34","slug":"vybor-spolocnosti","status":"publish","type":"page","link":"https:\/\/www.upjs.sk\/lekarska-fakulta\/sas\/vybor-spolocnosti\/","title":{"rendered":"V\u00fdbor spolo\u010dnosti"},"content":{"rendered":"\n<h3 class=\"wp-block-heading\">Zoznam \u010dlenov v\u00fdboru a dozornej rady<\/h3>\n\n\n\n<p><br><strong>N\u00e1zov: SLOVENSK\u00c1 ANATOMICK\u00c1 SPOLO\u010cNOS\u0164<\/strong><br>(odborn\u00e1 spolo\u010dnos\u0165 &#8211; OS)<br><strong>Skratka: SAS K\u00f3d: 02<\/strong><br><strong>Po\u010det \u010dlenov v\u00fdboru:<\/strong>\u00a07<br><strong>Volebn\u00e9 obdobie:\u00a0<\/strong>od 8.9.2022 do 8.9.2026<br><br><strong>Prezident<\/strong>\u00a0(predseda) v\u00fdboru:\u00a0<strong>prof. MUDr. Ingrid Hodorov\u00e1, PhD.<\/strong><br>tel. \u010d., mob. tel. \u010d., e-mail: 055\/ 234 3212;\u00a0<strong><a href=\"mailto:ingrid.hodorova@upjs.sk\">ingrid.hodorova@upjs.sk<\/a><\/strong><br>Pracovisko (adresa): \u00dastav anat\u00f3mie UPJ\u0160 LF, \u0160rob\u00e1rova 2, 040 01 Ko\u0161ice<br><br><strong>Viceprezident<\/strong>\u00a0v\u00fdboru:\u00a0<strong>doc. MVDr. \u0160tefan T\u00f3th, PhD.<\/strong><br>tel. \u010d., mob. tel. \u010d., e-mail: 055\/ 234 3381;\u00a0<strong><a href=\"mailto:stefan.toth@upjs.sk\">stefan.toth@upjs.sk<\/a><\/strong><br>Pracovisko (adresa): \u00dastav histol\u00f3gie a embryol\u00f3gie UPJ\u0160 LF, \u0160rob\u00e1rova 2, 040 01 Ko\u0161ice<br><br><strong>Vedeck\u00fd sekret\u00e1r<\/strong>\u00a0v\u00fdboru:\u00a0<strong>doc. MVDr. Kv\u011btu\u0161e Lov\u00e1sov\u00e1, PhD.<\/strong><br>tel. \u010d., mob. tel. \u010d., e-mail: 055\/234 3209;\u00a0<strong><a href=\"mailto:kvetuse.lovasova@upjs.sk\">kvetuse.lovasova@upjs.sk<\/a><\/strong><br>Pracovisko (adresa): \u00dastav anat\u00f3mie UPJ\u0160 LF, \u0160rob\u00e1rova 2, 040 01 Ko\u0161ice<br><br><strong>Pokladn\u00edk<\/strong>\u00a0v\u00fdboru:\u00a0<strong>doc. MVDr. Iveta Domor\u00e1kov\u00e1, PhD.<\/strong><br>tel. \u010d., mob. tel. \u010d., e-mail: 0908 376 252;\u00a0<strong><a href=\"mailto:iveta.domorakova@upjs.sk\">iveta.domorakova@upjs.sk<\/a><\/strong><br>Pracovisko (adresa): \u00dastav histol\u00f3gie a embryol\u00f3gie UPJ\u0160 LF, \u0160rob\u00e1rova 2, 040 01 Ko\u0161ice<br><br><strong>\u010clen<\/strong>\u00a0v\u00fdboru:\u00a0<strong>doc. MVDr. Jozef Mihalik, CSc.<\/strong><br>tel. \u010d., mob. tel. \u010d., e-mail: 055\/ 234 3219;\u00a0<strong><a href=\"http:\/\/mailto:jozef.mihalik@upjs.sk\/\">jozef.mihalik@upjs.sk<\/a><\/strong><br>Pracovisko (adresa): \u00dastav anat\u00f3mie UPJ\u0160 LF, \u0160rob\u00e1rova 2, 040 01 Ko\u0161ice<br><br><strong>\u010clen<\/strong>\u00a0v\u00fdboru:\u00a0<strong>prof. MVDr. Silvia Ryb\u00e1rov\u00e1, PhD.<\/strong><br>tel. \u010d., mob. tel. \u010d., e-mail: 055\/ 234 3211;\u00a0<strong><a href=\"mailto:silvia.rybarova@upjs.sk\">silvia.rybarova@upjs.sk<\/a><\/strong><br>Pracovisko (adresa): \u00dastav anat\u00f3mie UPJ\u0160 LF, \u0160rob\u00e1rova 2, 040 01 Ko\u0161ice<br><br><strong>\u010clen<\/strong>\u00a0v\u00fdboru:\u00a0<strong>prof. MUDr. \u0160tefan, Pol\u00e1k, CSc.<\/strong><br>tel. \u010d., mob. tel. \u010d., e-mail: 02\/ 59357 319;\u00a0<strong><a href=\"mailto:stefan.polak@fmed.uniba.sk\">stefan.polak@fmed.uniba.sk<\/a><\/strong><br>Pracovisko (adresa): \u00dastav histol\u00f3gie a embryol\u00f3gie LF UK, Sasinkova 2, 801 00 Bratislava<br>\u00a0<\/p>\n\n\n\n<hr class=\"wp-block-separator has-alpha-channel-opacity\"\/>\n\n\n\n<p><strong>Dozorn\u00e1 rada<br>Po\u010det \u010dlenov<\/strong>: 3<br><br><strong>Predseda<\/strong>&nbsp;dozornej rady:&nbsp;<strong>doc. MVDr. Viera Alm\u00e1\u0161iov\u00e1, PhD.<\/strong><br>tel. \u010d., mob. tel. \u010d., e-mail; 0918 967 942&nbsp;<strong><a href=\"mailto:viera.almasiova@uvlf.sk\">viera.almasiova@uvlf.sk<\/a><\/strong><br>Pracovisko (adresa): Katedra morfologick\u00fdch discipl\u00edn, Univerzita veterin\u00e1rneho lek\u00e1rstva a farm\u00e1cie, Komensk\u00e9ho 68\/73, 041 81 Ko\u0161ice<br><br><strong>\u010clen<\/strong>&nbsp;dozornej rady:&nbsp;<strong>doc. MVDr. So\u0148a B\u00e1lentov\u00e1, PhD.<\/strong><br>tel. \u010d., mob. tel. \u010d., e-mail: 043\/ 2633 498;&nbsp;<strong><a href=\"mailto:sona.balentova@uniba.sk\">sona.balentova@uniba.sk<\/a><\/strong><br>Pracovisko (adresa): \u00dastav histol\u00f3gie JLF UK, Mal\u00e1 Hora 4, 036 01 Martin<br><br><strong>\u010clen<\/strong>&nbsp;dozornej rady:&nbsp;<strong>RNDr. Marianna Dankov\u00e1, PhD.<\/strong><br>tel. \u010d., mob. tel. \u010d., e-mail: 02\/ 59357 390;&nbsp;<a href=\"mailto:marianna.dankova@fmed.uniba.sk\"><strong>marianna.dankova@fmed.uniba.sk<\/strong><\/a><br>Pracovisko (adresa): \u00dastav histol\u00f3gie a embryol\u00f3gie LF UK, Sasinkova 2, 801 00 Bratislava<\/p>\n","protected":false},"excerpt":{"rendered":"<p>Zoznam \u010dlenov v\u00fdboru a dozornej rady N\u00e1zov: SLOVENSK\u00c1 ANATOMICK\u00c1 SPOLO\u010cNOS\u0164(odborn\u00e1 spolo\u010dnos\u0165 &#8211; OS)Skratka: SAS K\u00f3d: 02Po\u010det \u010dlenov v\u00fdboru:\u00a07Volebn\u00e9 obdobie:\u00a0od 8.9.2022 do 8.9.2026 Prezident\u00a0(predseda) v\u00fdboru:\u00a0prof. MUDr. Ingrid Hodorov\u00e1, PhD.tel. \u010d., mob. tel. \u010d., e-mail: 055\/ 234 3212;\u00a0ingrid.hodorova@upjs.skPracovisko (adresa): \u00dastav anat\u00f3mie UPJ\u0160 LF, \u0160rob\u00e1rova 2, 040 01 Ko\u0161ice Viceprezident\u00a0v\u00fdboru:\u00a0doc. MVDr. \u0160tefan T\u00f3th, PhD.tel. \u010d., mob. tel. \u010d., &hellip; <a href=\"https:\/\/www.upjs.sk\/lekarska-fakulta\/sas\/vybor-spolocnosti\/\">\u010c\u00edta\u0165 \u010falej<\/a><\/p>\n","protected":false},"author":75,"featured_media":0,"parent":110787,"menu_order":0,"comment_status":"closed","ping_status":"closed","template":"","meta":{"_acf_changed":false,"_editorskit_title_hidden":false,"_editorskit_reading_time":0,"_editorskit_is_block_options_detached":false,"_editorskit_block_options_position":"{}","footnotes":""},"categories":[],"tags":[],"class_list":["post-110789","page","type-page","status-publish","hentry"],"acf":{"acf_link_na_externy_obsah":""},"yoast_head":"<!-- This site is optimized with the Yoast SEO plugin v27.4 - https:\/\/yoast.com\/product\/yoast-seo-wordpress\/ -->\n<title>V\u00fdbor spolo\u010dnosti - Lek\u00e1rska fakulta | UPJ\u0160<\/title>\n<meta name=\"robots\" content=\"index, follow, max-snippet:-1, max-image-preview:large, max-video-preview:-1\" \/>\n<link rel=\"canonical\" href=\"https:\/\/www.upjs.sk\/lekarska-fakulta\/sas\/vybor-spolocnosti\/\" \/>\n<meta property=\"og:locale\" content=\"sk_SK\" \/>\n<meta property=\"og:type\" content=\"article\" \/>\n<meta property=\"og:title\" content=\"V\u00fdbor spolo\u010dnosti - Lek\u00e1rska fakulta | UPJ\u0160\" \/>\n<meta property=\"og:description\" content=\"Zoznam \u010dlenov v\u00fdboru a dozornej rady N\u00e1zov: SLOVENSK\u00c1 ANATOMICK\u00c1 SPOLO\u010cNOS\u0164(odborn\u00e1 spolo\u010dnos\u0165 &#8211; OS)Skratka: SAS K\u00f3d: 02Po\u010det \u010dlenov v\u00fdboru:\u00a07Volebn\u00e9 obdobie:\u00a0od 8.9.2022 do 8.9.2026 Prezident\u00a0(predseda) v\u00fdboru:\u00a0prof. MUDr. Ingrid Hodorov\u00e1, PhD.tel. \u010d., mob. tel. \u010d., e-mail: 055\/ 234 3212;\u00a0ingrid.hodorova@upjs.skPracovisko (adresa): \u00dastav anat\u00f3mie UPJ\u0160 LF, \u0160rob\u00e1rova 2, 040 01 Ko\u0161ice Viceprezident\u00a0v\u00fdboru:\u00a0doc. MVDr. \u0160tefan T\u00f3th, PhD.tel. \u010d., mob. tel. \u010d., &hellip; \u010c\u00edta\u0165 \u010falej\" \/>\n<meta property=\"og:url\" content=\"https:\/\/www.upjs.sk\/lekarska-fakulta\/sas\/vybor-spolocnosti\/\" \/>\n<meta property=\"og:site_name\" content=\"Lek\u00e1rska fakulta | UPJ\u0160\" \/>\n<meta property=\"article:modified_time\" content=\"2024-03-25T10:59:34+00:00\" \/>\n<meta name=\"twitter:card\" content=\"summary_large_image\" \/>\n<meta name=\"twitter:label1\" content=\"Predpokladan\u00fd \u010das \u010d\u00edtania\" \/>\n\t<meta name=\"twitter:data1\" content=\"2 min\u00faty\" \/>\n<script type=\"application\/ld+json\" class=\"yoast-schema-graph\">{\"@context\":\"https:\\\/\\\/schema.org\",\"@graph\":[{\"@type\":\"WebPage\",\"@id\":\"https:\\\/\\\/www.upjs.sk\\\/lekarska-fakulta\\\/sas\\\/vybor-spolocnosti\\\/\",\"url\":\"https:\\\/\\\/www.upjs.sk\\\/lekarska-fakulta\\\/sas\\\/vybor-spolocnosti\\\/\",\"name\":\"V\u00fdbor spolo\u010dnosti - Lek\u00e1rska fakulta | UPJ\u0160\",\"isPartOf\":{\"@id\":\"https:\\\/\\\/www.upjs.sk\\\/lekarska-fakulta\\\/#website\"},\"datePublished\":\"2024-03-25T10:29:34+00:00\",\"dateModified\":\"2024-03-25T10:59:34+00:00\",\"breadcrumb\":{\"@id\":\"https:\\\/\\\/www.upjs.sk\\\/lekarska-fakulta\\\/sas\\\/vybor-spolocnosti\\\/#breadcrumb\"},\"inLanguage\":\"sk-SK\",\"potentialAction\":[{\"@type\":\"ReadAction\",\"target\":[\"https:\\\/\\\/www.upjs.sk\\\/lekarska-fakulta\\\/sas\\\/vybor-spolocnosti\\\/\"]}]},{\"@type\":\"BreadcrumbList\",\"@id\":\"https:\\\/\\\/www.upjs.sk\\\/lekarska-fakulta\\\/sas\\\/vybor-spolocnosti\\\/#breadcrumb\",\"itemListElement\":[{\"@type\":\"ListItem\",\"position\":1,\"name\":\"Home\",\"item\":\"https:\\\/\\\/www.upjs.sk\\\/lekarska-fakulta\\\/\"},{\"@type\":\"ListItem\",\"position\":2,\"name\":\"SAS\",\"item\":\"https:\\\/\\\/www.upjs.sk\\\/lekarska-fakulta\\\/sas\\\/\"},{\"@type\":\"ListItem\",\"position\":3,\"name\":\"V\u00fdbor spolo\u010dnosti\"}]},{\"@type\":\"WebSite\",\"@id\":\"https:\\\/\\\/www.upjs.sk\\\/lekarska-fakulta\\\/#website\",\"url\":\"https:\\\/\\\/www.upjs.sk\\\/lekarska-fakulta\\\/\",\"name\":\"Lek\u00e1rska fakulta | UPJ\u0160\",\"description\":\"\",\"publisher\":{\"@id\":\"https:\\\/\\\/www.upjs.sk\\\/lekarska-fakulta\\\/#organization\"},\"potentialAction\":[{\"@type\":\"SearchAction\",\"target\":{\"@type\":\"EntryPoint\",\"urlTemplate\":\"https:\\\/\\\/www.upjs.sk\\\/lekarska-fakulta\\\/?s={search_term_string}\"},\"query-input\":{\"@type\":\"PropertyValueSpecification\",\"valueRequired\":true,\"valueName\":\"search_term_string\"}}],\"inLanguage\":\"sk-SK\"},{\"@type\":\"Organization\",\"@id\":\"https:\\\/\\\/www.upjs.sk\\\/lekarska-fakulta\\\/#organization\",\"name\":\"Lek\u00e1rska fakulta | UPJ\u0160\",\"url\":\"https:\\\/\\\/www.upjs.sk\\\/lekarska-fakulta\\\/\",\"logo\":{\"@type\":\"ImageObject\",\"inLanguage\":\"sk-SK\",\"@id\":\"https:\\\/\\\/www.upjs.sk\\\/lekarska-fakulta\\\/#\\\/schema\\\/logo\\\/image\\\/\",\"url\":\"https:\\\/\\\/www.upjs.sk\\\/app\\\/uploads\\\/sites\\\/9\\\/2022\\\/09\\\/logo-lekarska-fakulta.png\",\"contentUrl\":\"https:\\\/\\\/www.upjs.sk\\\/app\\\/uploads\\\/sites\\\/9\\\/2022\\\/09\\\/logo-lekarska-fakulta.png\",\"width\":415,\"height\":87,\"caption\":\"Lek\u00e1rska fakulta | UPJ\u0160\"},\"image\":{\"@id\":\"https:\\\/\\\/www.upjs.sk\\\/lekarska-fakulta\\\/#\\\/schema\\\/logo\\\/image\\\/\"}}]}<\/script>\n<!-- \/ Yoast SEO plugin. -->","yoast_head_json":{"title":"V\u00fdbor spolo\u010dnosti - Lek\u00e1rska fakulta | UPJ\u0160","robots":{"index":"index","follow":"follow","max-snippet":"max-snippet:-1","max-image-preview":"max-image-preview:large","max-video-preview":"max-video-preview:-1"},"canonical":"https:\/\/www.upjs.sk\/lekarska-fakulta\/sas\/vybor-spolocnosti\/","og_locale":"sk_SK","og_type":"article","og_title":"V\u00fdbor spolo\u010dnosti - Lek\u00e1rska fakulta | UPJ\u0160","og_description":"Zoznam \u010dlenov v\u00fdboru a dozornej rady N\u00e1zov: SLOVENSK\u00c1 ANATOMICK\u00c1 SPOLO\u010cNOS\u0164(odborn\u00e1 spolo\u010dnos\u0165 &#8211; OS)Skratka: SAS K\u00f3d: 02Po\u010det \u010dlenov v\u00fdboru:\u00a07Volebn\u00e9 obdobie:\u00a0od 8.9.2022 do 8.9.2026 Prezident\u00a0(predseda) v\u00fdboru:\u00a0prof. MUDr. Ingrid Hodorov\u00e1, PhD.tel. \u010d., mob. tel. \u010d., e-mail: 055\/ 234 3212;\u00a0ingrid.hodorova@upjs.skPracovisko (adresa): \u00dastav anat\u00f3mie UPJ\u0160 LF, \u0160rob\u00e1rova 2, 040 01 Ko\u0161ice Viceprezident\u00a0v\u00fdboru:\u00a0doc. MVDr. \u0160tefan T\u00f3th, PhD.tel. \u010d., mob. tel. \u010d., &hellip; \u010c\u00edta\u0165 \u010falej","og_url":"https:\/\/www.upjs.sk\/lekarska-fakulta\/sas\/vybor-spolocnosti\/","og_site_name":"Lek\u00e1rska fakulta | UPJ\u0160","article_modified_time":"2024-03-25T10:59:34+00:00","twitter_card":"summary_large_image","twitter_misc":{"Predpokladan\u00fd \u010das \u010d\u00edtania":"2 min\u00faty"},"schema":{"@context":"https:\/\/schema.org","@graph":[{"@type":"WebPage","@id":"https:\/\/www.upjs.sk\/lekarska-fakulta\/sas\/vybor-spolocnosti\/","url":"https:\/\/www.upjs.sk\/lekarska-fakulta\/sas\/vybor-spolocnosti\/","name":"V\u00fdbor spolo\u010dnosti - Lek\u00e1rska fakulta | UPJ\u0160","isPartOf":{"@id":"https:\/\/www.upjs.sk\/lekarska-fakulta\/#website"},"datePublished":"2024-03-25T10:29:34+00:00","dateModified":"2024-03-25T10:59:34+00:00","breadcrumb":{"@id":"https:\/\/www.upjs.sk\/lekarska-fakulta\/sas\/vybor-spolocnosti\/#breadcrumb"},"inLanguage":"sk-SK","potentialAction":[{"@type":"ReadAction","target":["https:\/\/www.upjs.sk\/lekarska-fakulta\/sas\/vybor-spolocnosti\/"]}]},{"@type":"BreadcrumbList","@id":"https:\/\/www.upjs.sk\/lekarska-fakulta\/sas\/vybor-spolocnosti\/#breadcrumb","itemListElement":[{"@type":"ListItem","position":1,"name":"Home","item":"https:\/\/www.upjs.sk\/lekarska-fakulta\/"},{"@type":"ListItem","position":2,"name":"SAS","item":"https:\/\/www.upjs.sk\/lekarska-fakulta\/sas\/"},{"@type":"ListItem","position":3,"name":"V\u00fdbor spolo\u010dnosti"}]},{"@type":"WebSite","@id":"https:\/\/www.upjs.sk\/lekarska-fakulta\/#website","url":"https:\/\/www.upjs.sk\/lekarska-fakulta\/","name":"Lek\u00e1rska fakulta | UPJ\u0160","description":"","publisher":{"@id":"https:\/\/www.upjs.sk\/lekarska-fakulta\/#organization"},"potentialAction":[{"@type":"SearchAction","target":{"@type":"EntryPoint","urlTemplate":"https:\/\/www.upjs.sk\/lekarska-fakulta\/?s={search_term_string}"},"query-input":{"@type":"PropertyValueSpecification","valueRequired":true,"valueName":"search_term_string"}}],"inLanguage":"sk-SK"},{"@type":"Organization","@id":"https:\/\/www.upjs.sk\/lekarska-fakulta\/#organization","name":"Lek\u00e1rska fakulta | UPJ\u0160","url":"https:\/\/www.upjs.sk\/lekarska-fakulta\/","logo":{"@type":"ImageObject","inLanguage":"sk-SK","@id":"https:\/\/www.upjs.sk\/lekarska-fakulta\/#\/schema\/logo\/image\/","url":"https:\/\/www.upjs.sk\/app\/uploads\/sites\/9\/2022\/09\/logo-lekarska-fakulta.png","contentUrl":"https:\/\/www.upjs.sk\/app\/uploads\/sites\/9\/2022\/09\/logo-lekarska-fakulta.png","width":415,"height":87,"caption":"Lek\u00e1rska fakulta | UPJ\u0160"},"image":{"@id":"https:\/\/www.upjs.sk\/lekarska-fakulta\/#\/schema\/logo\/image\/"}}]}},"_links":{"self":[{"href":"https:\/\/www.upjs.sk\/lekarska-fakulta\/wp-json\/wp\/v2\/pages\/110789","targetHints":{"allow":["GET"]}}],"collection":[{"href":"https:\/\/www.upjs.sk\/lekarska-fakulta\/wp-json\/wp\/v2\/pages"}],"about":[{"href":"https:\/\/www.upjs.sk\/lekarska-fakulta\/wp-json\/wp\/v2\/types\/page"}],"author":[{"embeddable":true,"href":"https:\/\/www.upjs.sk\/lekarska-fakulta\/wp-json\/wp\/v2\/users\/75"}],"replies":[{"embeddable":true,"href":"https:\/\/www.upjs.sk\/lekarska-fakulta\/wp-json\/wp\/v2\/comments?post=110789"}],"version-history":[{"count":4,"href":"https:\/\/www.upjs.sk\/lekarska-fakulta\/wp-json\/wp\/v2\/pages\/110789\/revisions"}],"predecessor-version":[{"id":111560,"href":"https:\/\/www.upjs.sk\/lekarska-fakulta\/wp-json\/wp\/v2\/pages\/110789\/revisions\/111560"}],"up":[{"embeddable":true,"href":"https:\/\/www.upjs.sk\/lekarska-fakulta\/wp-json\/wp\/v2\/pages\/110787"}],"wp:attachment":[{"href":"https:\/\/www.upjs.sk\/lekarska-fakulta\/wp-json\/wp\/v2\/media?parent=110789"}],"wp:term":[{"taxonomy":"category","embeddable":true,"href":"https:\/\/www.upjs.sk\/lekarska-fakulta\/wp-json\/wp\/v2\/categories?post=110789"},{"taxonomy":"post_tag","embeddable":true,"href":"https:\/\/www.upjs.sk\/lekarska-fakulta\/wp-json\/wp\/v2\/tags?post=110789"}],"curies":[{"name":"wp","href":"https:\/\/api.w.org\/{rel}","templated":true}]}}