{"id":110800,"date":"2024-03-25T10:01:01","date_gmt":"2024-03-25T09:01:56","guid":{"rendered":"https:\/\/www.upjs.sk\/lekarska-fakulta\/?page_id=110800"},"modified":"2025-05-27T09:09:46","modified_gmt":"2025-05-27T08:09:46","slug":"ceny-sas-podmienky","status":"publish","type":"page","link":"https:\/\/www.upjs.sk\/lekarska-fakulta\/sas\/ceny-sas-oznam\/ceny-sas-podmienky\/","title":{"rendered":"Ceny SAS &#8211; podmienky"},"content":{"rendered":"\n<ul class=\"wp-block-list\">\n<li>Cena sa <strong>ude\u013euje ka\u017ed\u00fd rok za najlep\u0161ie p\u00f4vodn\u00e9 vedeck\u00e9 publik\u00e1cie<\/strong> s morfologickou tematikou (anat\u00f3mia, histol\u00f3gia alebo embryol\u00f3gia) z predch\u00e1dzaj\u00faceho kalend\u00e1rneho roka.<\/li>\n\n\n\n<li>Pri <strong>ur\u010dovan\u00ed poradia sa zoh\u013ead\u0148uje <u>kvartil (Q)<\/u> \u010dasopisu z <u>roku publikovania <\/u>pod\u013ea <u>datab\u00e1zy JCR <\/u>a <u>JIF kvartilu <\/u>\u0161tatistickej metriky <\/strong>a <strong>charakter publik\u00e1cie v porad\u00ed <\/strong>\u2013 vedeck\u00fd \u010dl\u00e1nok, review article, case report, letter to the editor.<\/li>\n\n\n\n<li>V pr\u00edpade, \u017ee kvartil zaslan\u00fdch pr\u00e1c bude rovnak\u00fd, druh\u00fdm parametrom hodnotenia bude v\u00fd\u0161ka IF (IF>0,91), (pod\u013ea Journal Citation Reports na https:\/\/jcr.clarivate.com\/)<\/li>\n\n\n\n<li><strong>Prv\u00fd autor publik\u00e1cie mus\u00ed by\u0165 \u010dlenom SAS<\/strong>.<\/li>\n\n\n\n<li><strong>Pr\u00e1cu m\u00f4\u017ee do s\u00fa\u0165a\u017ee prihl\u00e1si\u0165 s\u00e1m autor<\/strong>, alebo <strong>prednosta \u00fastavu<\/strong> na ktorom pr\u00e1ca vznikla.<\/li>\n\n\n\n<li><strong>Term\u00edn prihl\u00e1senia pr\u00e1ce do s\u00fa\u0165a\u017ee je za\u010diatkom ka\u017ed\u00e9ho kalend\u00e1rneho roka ozn\u00e1men\u00fd v\u0161etk\u00fdm \u010dlenom SAS <\/strong>na webovej str\u00e1nke: <a href=\"https:\/\/www.upjs.sk\/lekarska-fakulta\/sas\/\">https:\/\/www.upjs.sk\/lekarska-fakulta\/sas\/<\/a><\/li>\n\n\n\n<li>Spolu <strong>s v\u00fdtla\u010dkom pr\u00e1ce je potrebn\u00e9 odosla\u0165<\/strong> aj <strong>aktu\u00e1lny Q a IF \u010dasopisu<\/strong> (pod\u013ea Journal Citation Reports na https:\/\/jcr.clarivate.com\/), <strong>za rok, v ktorom bola pr\u00e1ca uverejnen\u00e1<\/strong>.<\/li>\n\n\n\n<li><strong>Do s\u00fa\u0165a\u017ee m\u00f4\u017ee by\u0165 prihl\u00e1sen\u00e1 aj u\u010debnica alebo monografia<\/strong>, ktor\u00e1 bola vydan\u00e1 v dom\u00e1com alebo zahrani\u010dnom vydavate\u013estve a m\u00e1 <strong>minim\u00e1lne 200 str\u00e1n textu<\/strong> (10 AH). <strong><u>Skript\u00e1 sa nepova\u017euj\u00fa za u\u010debnicu.<\/u><\/strong><\/li>\n<\/ul>\n","protected":false},"excerpt":{"rendered":"","protected":false},"author":75,"featured_media":0,"parent":110796,"menu_order":0,"comment_status":"closed","ping_status":"closed","template":"","meta":{"_acf_changed":false,"_editorskit_title_hidden":false,"_editorskit_reading_time":0,"_editorskit_is_block_options_detached":false,"_editorskit_block_options_position":"{}","footnotes":""},"categories":[],"tags":[],"class_list":["post-110800","page","type-page","status-publish","hentry"],"acf":{"acf_link_na_externy_obsah":""},"yoast_head":"<!-- This site is optimized with the Yoast SEO plugin v27.4 - https:\/\/yoast.com\/product\/yoast-seo-wordpress\/ -->\n<title>Ceny SAS - podmienky - Lek\u00e1rska fakulta | UPJ\u0160<\/title>\n<meta name=\"robots\" content=\"index, follow, max-snippet:-1, max-image-preview:large, max-video-preview:-1\" \/>\n<link rel=\"canonical\" href=\"https:\/\/www.upjs.sk\/lekarska-fakulta\/sas\/ceny-sas-oznam\/ceny-sas-podmienky\/\" \/>\n<meta property=\"og:locale\" content=\"sk_SK\" \/>\n<meta property=\"og:type\" content=\"article\" \/>\n<meta property=\"og:title\" content=\"Ceny SAS - podmienky - Lek\u00e1rska fakulta | UPJ\u0160\" \/>\n<meta property=\"og:url\" content=\"https:\/\/www.upjs.sk\/lekarska-fakulta\/sas\/ceny-sas-oznam\/ceny-sas-podmienky\/\" \/>\n<meta property=\"og:site_name\" content=\"Lek\u00e1rska fakulta | UPJ\u0160\" \/>\n<meta property=\"article:modified_time\" content=\"2025-05-27T08:09:46+00:00\" \/>\n<meta name=\"twitter:card\" content=\"summary_large_image\" \/>\n<meta name=\"twitter:label1\" content=\"Predpokladan\u00fd \u010das \u010d\u00edtania\" \/>\n\t<meta name=\"twitter:data1\" content=\"1 min\u00fata\" \/>\n<script type=\"application\/ld+json\" class=\"yoast-schema-graph\">{\"@context\":\"https:\\\/\\\/schema.org\",\"@graph\":[{\"@type\":\"WebPage\",\"@id\":\"https:\\\/\\\/www.upjs.sk\\\/lekarska-fakulta\\\/sas\\\/ceny-sas-oznam\\\/ceny-sas-podmienky\\\/\",\"url\":\"https:\\\/\\\/www.upjs.sk\\\/lekarska-fakulta\\\/sas\\\/ceny-sas-oznam\\\/ceny-sas-podmienky\\\/\",\"name\":\"Ceny SAS - podmienky - Lek\u00e1rska fakulta | UPJ\u0160\",\"isPartOf\":{\"@id\":\"https:\\\/\\\/www.upjs.sk\\\/lekarska-fakulta\\\/#website\"},\"datePublished\":\"2024-03-25T09:01:56+00:00\",\"dateModified\":\"2025-05-27T08:09:46+00:00\",\"breadcrumb\":{\"@id\":\"https:\\\/\\\/www.upjs.sk\\\/lekarska-fakulta\\\/sas\\\/ceny-sas-oznam\\\/ceny-sas-podmienky\\\/#breadcrumb\"},\"inLanguage\":\"sk-SK\",\"potentialAction\":[{\"@type\":\"ReadAction\",\"target\":[\"https:\\\/\\\/www.upjs.sk\\\/lekarska-fakulta\\\/sas\\\/ceny-sas-oznam\\\/ceny-sas-podmienky\\\/\"]}]},{\"@type\":\"BreadcrumbList\",\"@id\":\"https:\\\/\\\/www.upjs.sk\\\/lekarska-fakulta\\\/sas\\\/ceny-sas-oznam\\\/ceny-sas-podmienky\\\/#breadcrumb\",\"itemListElement\":[{\"@type\":\"ListItem\",\"position\":1,\"name\":\"Home\",\"item\":\"https:\\\/\\\/www.upjs.sk\\\/lekarska-fakulta\\\/\"},{\"@type\":\"ListItem\",\"position\":2,\"name\":\"SAS\",\"item\":\"https:\\\/\\\/www.upjs.sk\\\/lekarska-fakulta\\\/sas\\\/\"},{\"@type\":\"ListItem\",\"position\":3,\"name\":\"Ceny SAS &#8211; oznam\",\"item\":\"https:\\\/\\\/www.upjs.sk\\\/lekarska-fakulta\\\/sas\\\/ceny-sas-oznam\\\/\"},{\"@type\":\"ListItem\",\"position\":4,\"name\":\"Ceny SAS &#8211; podmienky\"}]},{\"@type\":\"WebSite\",\"@id\":\"https:\\\/\\\/www.upjs.sk\\\/lekarska-fakulta\\\/#website\",\"url\":\"https:\\\/\\\/www.upjs.sk\\\/lekarska-fakulta\\\/\",\"name\":\"Lek\u00e1rska fakulta | UPJ\u0160\",\"description\":\"\",\"publisher\":{\"@id\":\"https:\\\/\\\/www.upjs.sk\\\/lekarska-fakulta\\\/#organization\"},\"potentialAction\":[{\"@type\":\"SearchAction\",\"target\":{\"@type\":\"EntryPoint\",\"urlTemplate\":\"https:\\\/\\\/www.upjs.sk\\\/lekarska-fakulta\\\/?s={search_term_string}\"},\"query-input\":{\"@type\":\"PropertyValueSpecification\",\"valueRequired\":true,\"valueName\":\"search_term_string\"}}],\"inLanguage\":\"sk-SK\"},{\"@type\":\"Organization\",\"@id\":\"https:\\\/\\\/www.upjs.sk\\\/lekarska-fakulta\\\/#organization\",\"name\":\"Lek\u00e1rska fakulta | UPJ\u0160\",\"url\":\"https:\\\/\\\/www.upjs.sk\\\/lekarska-fakulta\\\/\",\"logo\":{\"@type\":\"ImageObject\",\"inLanguage\":\"sk-SK\",\"@id\":\"https:\\\/\\\/www.upjs.sk\\\/lekarska-fakulta\\\/#\\\/schema\\\/logo\\\/image\\\/\",\"url\":\"https:\\\/\\\/www.upjs.sk\\\/app\\\/uploads\\\/sites\\\/9\\\/2022\\\/09\\\/logo-lekarska-fakulta.png\",\"contentUrl\":\"https:\\\/\\\/www.upjs.sk\\\/app\\\/uploads\\\/sites\\\/9\\\/2022\\\/09\\\/logo-lekarska-fakulta.png\",\"width\":415,\"height\":87,\"caption\":\"Lek\u00e1rska fakulta | UPJ\u0160\"},\"image\":{\"@id\":\"https:\\\/\\\/www.upjs.sk\\\/lekarska-fakulta\\\/#\\\/schema\\\/logo\\\/image\\\/\"}}]}<\/script>\n<!-- \/ Yoast SEO plugin. -->","yoast_head_json":{"title":"Ceny SAS - podmienky - Lek\u00e1rska fakulta | UPJ\u0160","robots":{"index":"index","follow":"follow","max-snippet":"max-snippet:-1","max-image-preview":"max-image-preview:large","max-video-preview":"max-video-preview:-1"},"canonical":"https:\/\/www.upjs.sk\/lekarska-fakulta\/sas\/ceny-sas-oznam\/ceny-sas-podmienky\/","og_locale":"sk_SK","og_type":"article","og_title":"Ceny SAS - podmienky - Lek\u00e1rska fakulta | UPJ\u0160","og_url":"https:\/\/www.upjs.sk\/lekarska-fakulta\/sas\/ceny-sas-oznam\/ceny-sas-podmienky\/","og_site_name":"Lek\u00e1rska fakulta | UPJ\u0160","article_modified_time":"2025-05-27T08:09:46+00:00","twitter_card":"summary_large_image","twitter_misc":{"Predpokladan\u00fd \u010das \u010d\u00edtania":"1 min\u00fata"},"schema":{"@context":"https:\/\/schema.org","@graph":[{"@type":"WebPage","@id":"https:\/\/www.upjs.sk\/lekarska-fakulta\/sas\/ceny-sas-oznam\/ceny-sas-podmienky\/","url":"https:\/\/www.upjs.sk\/lekarska-fakulta\/sas\/ceny-sas-oznam\/ceny-sas-podmienky\/","name":"Ceny SAS - podmienky - Lek\u00e1rska fakulta | UPJ\u0160","isPartOf":{"@id":"https:\/\/www.upjs.sk\/lekarska-fakulta\/#website"},"datePublished":"2024-03-25T09:01:56+00:00","dateModified":"2025-05-27T08:09:46+00:00","breadcrumb":{"@id":"https:\/\/www.upjs.sk\/lekarska-fakulta\/sas\/ceny-sas-oznam\/ceny-sas-podmienky\/#breadcrumb"},"inLanguage":"sk-SK","potentialAction":[{"@type":"ReadAction","target":["https:\/\/www.upjs.sk\/lekarska-fakulta\/sas\/ceny-sas-oznam\/ceny-sas-podmienky\/"]}]},{"@type":"BreadcrumbList","@id":"https:\/\/www.upjs.sk\/lekarska-fakulta\/sas\/ceny-sas-oznam\/ceny-sas-podmienky\/#breadcrumb","itemListElement":[{"@type":"ListItem","position":1,"name":"Home","item":"https:\/\/www.upjs.sk\/lekarska-fakulta\/"},{"@type":"ListItem","position":2,"name":"SAS","item":"https:\/\/www.upjs.sk\/lekarska-fakulta\/sas\/"},{"@type":"ListItem","position":3,"name":"Ceny SAS &#8211; oznam","item":"https:\/\/www.upjs.sk\/lekarska-fakulta\/sas\/ceny-sas-oznam\/"},{"@type":"ListItem","position":4,"name":"Ceny SAS &#8211; podmienky"}]},{"@type":"WebSite","@id":"https:\/\/www.upjs.sk\/lekarska-fakulta\/#website","url":"https:\/\/www.upjs.sk\/lekarska-fakulta\/","name":"Lek\u00e1rska fakulta | UPJ\u0160","description":"","publisher":{"@id":"https:\/\/www.upjs.sk\/lekarska-fakulta\/#organization"},"potentialAction":[{"@type":"SearchAction","target":{"@type":"EntryPoint","urlTemplate":"https:\/\/www.upjs.sk\/lekarska-fakulta\/?s={search_term_string}"},"query-input":{"@type":"PropertyValueSpecification","valueRequired":true,"valueName":"search_term_string"}}],"inLanguage":"sk-SK"},{"@type":"Organization","@id":"https:\/\/www.upjs.sk\/lekarska-fakulta\/#organization","name":"Lek\u00e1rska fakulta | UPJ\u0160","url":"https:\/\/www.upjs.sk\/lekarska-fakulta\/","logo":{"@type":"ImageObject","inLanguage":"sk-SK","@id":"https:\/\/www.upjs.sk\/lekarska-fakulta\/#\/schema\/logo\/image\/","url":"https:\/\/www.upjs.sk\/app\/uploads\/sites\/9\/2022\/09\/logo-lekarska-fakulta.png","contentUrl":"https:\/\/www.upjs.sk\/app\/uploads\/sites\/9\/2022\/09\/logo-lekarska-fakulta.png","width":415,"height":87,"caption":"Lek\u00e1rska fakulta | UPJ\u0160"},"image":{"@id":"https:\/\/www.upjs.sk\/lekarska-fakulta\/#\/schema\/logo\/image\/"}}]}},"_links":{"self":[{"href":"https:\/\/www.upjs.sk\/lekarska-fakulta\/wp-json\/wp\/v2\/pages\/110800","targetHints":{"allow":["GET"]}}],"collection":[{"href":"https:\/\/www.upjs.sk\/lekarska-fakulta\/wp-json\/wp\/v2\/pages"}],"about":[{"href":"https:\/\/www.upjs.sk\/lekarska-fakulta\/wp-json\/wp\/v2\/types\/page"}],"author":[{"embeddable":true,"href":"https:\/\/www.upjs.sk\/lekarska-fakulta\/wp-json\/wp\/v2\/users\/75"}],"replies":[{"embeddable":true,"href":"https:\/\/www.upjs.sk\/lekarska-fakulta\/wp-json\/wp\/v2\/comments?post=110800"}],"version-history":[{"count":3,"href":"https:\/\/www.upjs.sk\/lekarska-fakulta\/wp-json\/wp\/v2\/pages\/110800\/revisions"}],"predecessor-version":[{"id":136383,"href":"https:\/\/www.upjs.sk\/lekarska-fakulta\/wp-json\/wp\/v2\/pages\/110800\/revisions\/136383"}],"up":[{"embeddable":true,"href":"https:\/\/www.upjs.sk\/lekarska-fakulta\/wp-json\/wp\/v2\/pages\/110796"}],"wp:attachment":[{"href":"https:\/\/www.upjs.sk\/lekarska-fakulta\/wp-json\/wp\/v2\/media?parent=110800"}],"wp:term":[{"taxonomy":"category","embeddable":true,"href":"https:\/\/www.upjs.sk\/lekarska-fakulta\/wp-json\/wp\/v2\/categories?post=110800"},{"taxonomy":"post_tag","embeddable":true,"href":"https:\/\/www.upjs.sk\/lekarska-fakulta\/wp-json\/wp\/v2\/tags?post=110800"}],"curies":[{"name":"wp","href":"https:\/\/api.w.org\/{rel}","templated":true}]}}