{"id":110832,"date":"2024-03-25T11:16:01","date_gmt":"2024-03-25T10:16:13","guid":{"rendered":"https:\/\/www.upjs.sk\/lekarska-fakulta\/fakulta\/rozne-oznamy\/"},"modified":"2026-04-14T09:23:04","modified_gmt":"2026-04-14T08:23:04","slug":"rozne-oznamy","status":"publish","type":"page","link":"https:\/\/www.upjs.sk\/lekarska-fakulta\/sas\/rozne-oznamy\/","title":{"rendered":"R\u00f4zne oznamy"},"content":{"rendered":"\n<p>Gratulujeme<br>doc. MVDr. Jozefovi&nbsp;<strong>Mihalikovi<\/strong>, CSc.<br>k zvoleniu za \u010dlena (deleg\u00e1ta)<br>European Federation for Experimental Morphology (EFEM)!<\/p>\n\n\n\n<hr class=\"wp-block-separator has-alpha-channel-opacity\"\/>\n\n\n\n<p>V\u00e1\u017een\u00ed \u010dlenovia Slovenskej anatomickej spolo\u010dnosti,<br><br>ke\u010f\u017ee sa bl\u00ed\u017ei term\u00edn, kedy m\u00e1me mo\u017enos\u0165 rozhodn\u00fa\u0165 sa, na ak\u00e9 \u00fa\u010dely poskytneme 2 (3)% &#8211; podiel z na\u0161ej dane, dovo\u013eujem si V\u00e1s oslovi\u0165 a v mene v\u00fdboru SAS po\u017eiada\u0165 o podporu na\u0161ej spolo\u010dnosti pr\u00e1ve touto formou. Na\u0161e finan\u010dn\u00e9 mo\u017enosti s\u00fa v\u00fdrazne obmedzen\u00e9, a preto budeme ve\u013emi v\u010fa\u010dn\u00ed ka\u017ed\u00e9mu z V\u00e1s, kto sa rozhodne darova\u0165 svoje 2% z dane Slovenskej anatomickej spolo\u010dnosti. Financie, ktor\u00e9 takto z\u00edskame s\u00fa pou\u017eit\u00e9 ka\u017edoro\u010dne v prospech v\u0161etk\u00fdch \u010dlenov spolo\u010dnosti vo forme skromn\u00fdch pozornost\u00ed pri oce\u0148ovan\u00ed najlep\u0161\u00edch vedeck\u00fdch pr\u00e1c, vystaven\u00ed diplomov a na be\u017en\u00fa agendu spolo\u010dnosti.<br><br>Kontaktn\u00e9 \u00fadaje na SLS <strong><a aria-label=\"n\u00e1jdete tu (opens in a new tab)\" href=\"https:\/\/www.upjs.sk\/app\/uploads\/sites\/9\/2024\/05\/2024-05-06-10_12_13-VYHLASENIE-o-poukazani-podielu-zaplatenej-dane-z-prijmov-fyzickej-osoby.pdf-Ad.jpg\" target=\"_blank\" rel=\"noreferrer noopener\" class=\"ek-link\">n\u00e1jdete tu<\/a>:<\/strong><br>Formul\u00e1r \u201eVyhl\u00e1senie o pouk\u00e1zan\u00ed sumy do v\u00fd\u0161ky 2%&#8230;.\u201c\u00a0<strong><a href=\"https:\/\/www.upjs.sk\/app\/uploads\/sites\/9\/2026\/04\/File545495.pdf\" target=\"_blank\" rel=\"noreferrer noopener\">n\u00e1jdete\u00a0tu.<\/a><\/strong><br>Pou\u010denie na vyplnenie vyhl\u00e1senia\u00a0<strong><a href=\"https:\/\/www.danovecentrum.sk\/vzor\/vyhlasenie-o-poukazani-podielu-zaplatenej-dane-z-prijmov-fyzickej-osoby-za-zdanovacie-obdobie-2025.htm\" target=\"_blank\" rel=\"noreferrer noopener\">n\u00e1jdete\u00a0tu.<\/a><\/strong><br>Po vyplnen\u00ed formul\u00e1ra \u2013 vlo\u017een\u00ed \u00fadajov z ro\u010dn\u00e9ho z\u00fa\u010dtovania dane a 2% z uvedenej sumy zo zaplatenej dane, je potrebn\u00e9 tento formul\u00e1r aj s potvrden\u00edm o zaplaten\u00ed dane odovzda\u0165 na pr\u00edslu\u0161n\u00fd da\u0148ov\u00fd \u00farad.<br>K\u00f3piu tohto \u201eVyhl\u00e1senia&#8230;\u201c (formul\u00e1ra) vo forme pdf pros\u00edm za\u0161lite na dole uveden\u00e9 emailov\u00e9 adresy SLS s uveden\u00edm, \u017ee pr\u00edslu\u0161n\u00e9 2% s\u00fa venovan\u00e9 SAS.<br><a href=\"mailto:szaboova@sls.sk\">szaboova(at)sls.sk<\/a><br><a href=\"mailto:tomeckova@sls.sk\">tomeckova(at)sls.sk<\/a><br><br>Za Va\u0161u ochotu a podporu V\u00e1m vopred \u010fakujeme.<br><br>Ko\u0161ice, 7.3.2024.<\/p>\n\n\n\n<p>V\u00fdbor SAS<br><br>Adresa:<br>prof. MUDr. Ingrid Hodorov\u00e1, PhD.<br>\u00dastav anat\u00f3mie UPJ\u0160 LF<br>\u0160rob\u00e1rova 2<br>040 00 Ko\u0161ice<\/p>\n\n\n\n<hr class=\"wp-block-separator has-alpha-channel-opacity\"\/>\n\n\n\n<h4 class=\"wp-block-heading\"><strong>Inform\u00e1cie o podujatiach<\/strong><\/h4>\n\n\n<style>.wp-block-kadence-advancedheading.kt-adv-heading110832_3a3b59-9c, .wp-block-kadence-advancedheading.kt-adv-heading110832_3a3b59-9c[data-kb-block=\"kb-adv-heading110832_3a3b59-9c\"]{font-style:normal;}.wp-block-kadence-advancedheading.kt-adv-heading110832_3a3b59-9c mark.kt-highlight, .wp-block-kadence-advancedheading.kt-adv-heading110832_3a3b59-9c[data-kb-block=\"kb-adv-heading110832_3a3b59-9c\"] mark.kt-highlight{font-style:normal;color:#f76a0c;-webkit-box-decoration-break:clone;box-decoration-break:clone;padding-top:0px;padding-right:0px;padding-bottom:0px;padding-left:0px;}<\/style>\n<p class=\"kt-adv-heading110832_3a3b59-9c wp-block-kadence-advancedheading\" data-kb-block=\"kb-adv-heading110832_3a3b59-9c\">\u2022 <strong>MORPHOLOGY 2026<\/strong><br>Bratislava, 10.-12. september 2026<br><strong><a href=\"https:\/\/www.upjs.sk\/app\/uploads\/sites\/9\/2026\/03\/1.-pozvanka-na-kongres-Morphology-2026-1.pdf\" target=\"_blank\" rel=\"noreferrer noopener\">Pozv\u00e1nka<\/a><\/strong><\/p>\n\n\n<style>.wp-block-kadence-advancedheading.kt-adv-heading110832_1d980e-db, .wp-block-kadence-advancedheading.kt-adv-heading110832_1d980e-db[data-kb-block=\"kb-adv-heading110832_1d980e-db\"]{font-style:normal;}.wp-block-kadence-advancedheading.kt-adv-heading110832_1d980e-db mark.kt-highlight, .wp-block-kadence-advancedheading.kt-adv-heading110832_1d980e-db[data-kb-block=\"kb-adv-heading110832_1d980e-db\"] mark.kt-highlight{font-style:normal;color:#f76a0c;-webkit-box-decoration-break:clone;box-decoration-break:clone;padding-top:0px;padding-right:0px;padding-bottom:0px;padding-left:0px;}<\/style>\n<p class=\"kt-adv-heading110832_1d980e-db wp-block-kadence-advancedheading\" data-kb-block=\"kb-adv-heading110832_1d980e-db\">\u2022<a href=\"https:\/\/www.upjs.sk\/app\/uploads\/sites\/9\/2026\/02\/29.-KMD-2026.pdf\" target=\"_blank\" rel=\"noreferrer noopener\"><strong>29. KO\u0160ICK\u00dd MORFOLOGICK\u00dd DE\u0147<\/strong><\/a><br>28.-29. m\u00e1j 2026<\/p>\n\n\n\n<p><strong>\u2022&nbsp;<a href=\"https:\/\/nan.upol.cz\/morphology2025\/\" target=\"_blank\" rel=\"noreferrer noopener\">MORPHOLOGY 2025<\/a><\/strong><br>Olomouc, 7.-9. september 2025<br> <a href=\"https:\/\/www.upjs.sk\/app\/uploads\/sites\/9\/2025\/03\/1.-pozvanka_kongres_Morphology-1.pdf\"><strong>Pozv\u00e1nka<\/strong><\/a><\/p>\n\n\n\n<p><strong>\u2022 <a href=\"https:\/\/www.uvlf.sk\/akcie\/28-kosicky-morfologicky-den\" target=\"_blank\" rel=\"noreferrer noopener\">28. KO\u0160ICK\u00dd MORFOLOGICK\u00dd DE\u0147<\/a><br><\/strong>22.-23 m\u00e1j 2025<br><a href=\"https:\/\/www.uvlf.sk\/uploads\/source\/pics-oznamy\/2025\/28.KMD-zbornik.pdf\" target=\"_blank\" rel=\"noreferrer noopener\">Zborn\u00edk vedeck\u00fdch pr\u00e1c<\/a><\/p>\n\n\n\n<p><strong>\u2022&nbsp;<a class=\"ek-link\" href=\"https:\/\/morphology.med.muni.cz\/\">MORPHOLOGY 2024<\/a><\/strong><br>Tel\u010d, 08.-10. september 2024<\/p>\n\n\n\n<p><strong>\u2022&nbsp;<a href=\"https:\/\/sas.lf.upjs.sk\/27.%20KO%C5%A0ICK%C3%9D%20MORFOLOGICK%C3%9D%20DE%C5%87.pdf\">27. KO\u0160ICK\u00dd MORFOLOGICK\u00dd DE\u0147<\/a><\/strong><br>Ko\u0161ice, 23.-24. m\u00e1j 2024<br> <a aria-label=\"Zborn\u00edk (opens in a new tab)\" class=\"ek-link\" href=\"https:\/\/unibook.upjs.sk\/sk\/lekarska-fakulta\/2004-kosicky-morfologicky-den-miesto-morfologie-v-sucasnej-medicine\" target=\"_blank\" rel=\"noreferrer noopener\">Zborn\u00edk<\/a><\/p>\n\n\n\n<p><strong>\u2022&nbsp;<a href=\"https:\/\/morphology23.jlfuk.sk\/\">MORPHOLOGY 2023<\/a><\/strong><br>Martin, 7.- 9. september 2023<\/p>\n\n\n\n<p><strong>\u2022&nbsp;<a href=\"https:\/\/sas.lf.upjs.sk\/26-KMD-2023-1-informacia.pdf\">26. KO\u0160ICK\u00dd MORFOLOGICK\u00dd DE\u0147<\/a><\/strong><br>Ko\u0161ice, 25.-26. m\u00e1j 2023<\/p>\n\n\n\n<p><strong>\u2022&nbsp;<a href=\"http:\/\/morphology2019.lf.upjs.sk\/\">MORPHOLOGY 2019<\/a><\/strong><br>\u0160trbsk\u00e9 Pleso, High Tatras, September 5<sup>th<\/sup>&nbsp;\u2013 7<sup>th<\/sup>, 2019<\/p>\n\n\n\n<p><strong>\u2022&nbsp;<a href=\"https:\/\/sas.lf.upjs.sk\/22.%20KMD%202019.pdf\">22. KO\u0160ICK\u00dd MORFOLOGICK\u00dd DE\u0147<\/a><\/strong><br>Ko\u0161ice, 30. m\u00e1ja 2019<\/p>\n\n\n\n<p><strong>\u2022&nbsp;<a href=\"http:\/\/www.morphology.cz\/\">MORPHOLOGY 2014<\/a><\/strong><br>Brno, 7.-9. septembra 2014<\/p>\n\n\n\n<p><strong>\u2022&nbsp;<a href=\"https:\/\/sas.lf.upjs.sk\/17._KMD_cirkular_2014-1.pdf\">17. KO\u0160ICK\u00dd MORFOLOGICK\u00dd DE\u0147<\/a><\/strong><br>&nbsp; &nbsp;Ko\u0161ice, 30. m\u00e1ja 2014<\/p>\n\n\n\n<p><strong>\u2022&nbsp;<a href=\"https:\/\/sas.lf.upjs.sk\/16_Kosicky_Morfologicky_Den.pdf\">16. KO\u0160ICK\u00dd MORFOLOGICK\u00dd DE\u0147<\/a><\/strong><br>Ko\u0161ice, 30. m\u00e1ja 2013<\/p>\n","protected":false},"excerpt":{"rendered":"<p>Gratulujemedoc. MVDr. Jozefovi&nbsp;Mihalikovi, CSc.k zvoleniu za \u010dlena (deleg\u00e1ta)European Federation for Experimental Morphology (EFEM)! V\u00e1\u017een\u00ed \u010dlenovia Slovenskej anatomickej spolo\u010dnosti, ke\u010f\u017ee sa bl\u00ed\u017ei term\u00edn, kedy m\u00e1me mo\u017enos\u0165 rozhodn\u00fa\u0165 sa, na ak\u00e9 \u00fa\u010dely poskytneme 2 (3)% &#8211; podiel z na\u0161ej dane, dovo\u013eujem si V\u00e1s oslovi\u0165 a v mene v\u00fdboru SAS po\u017eiada\u0165 o podporu na\u0161ej spolo\u010dnosti pr\u00e1ve touto formou. &hellip; <a href=\"https:\/\/www.upjs.sk\/lekarska-fakulta\/sas\/rozne-oznamy\/\">\u010c\u00edta\u0165 \u010falej<\/a><\/p>\n","protected":false},"author":75,"featured_media":0,"parent":110787,"menu_order":7,"comment_status":"closed","ping_status":"closed","template":"","meta":{"_acf_changed":false,"_editorskit_title_hidden":false,"_editorskit_reading_time":0,"_editorskit_is_block_options_detached":false,"_editorskit_block_options_position":"{}","footnotes":""},"categories":[],"tags":[],"class_list":["post-110832","page","type-page","status-publish","hentry"],"acf":{"acf_link_na_externy_obsah":""},"yoast_head":"<!-- This site is optimized with the Yoast SEO plugin v27.4 - https:\/\/yoast.com\/product\/yoast-seo-wordpress\/ -->\n<title>R\u00f4zne oznamy - Lek\u00e1rska fakulta | UPJ\u0160<\/title>\n<meta name=\"robots\" content=\"index, follow, max-snippet:-1, max-image-preview:large, max-video-preview:-1\" \/>\n<link rel=\"canonical\" href=\"https:\/\/www.upjs.sk\/lekarska-fakulta\/sas\/rozne-oznamy\/\" \/>\n<meta property=\"og:locale\" content=\"sk_SK\" \/>\n<meta property=\"og:type\" content=\"article\" \/>\n<meta property=\"og:title\" content=\"R\u00f4zne oznamy - Lek\u00e1rska fakulta | UPJ\u0160\" \/>\n<meta property=\"og:description\" content=\"Gratulujemedoc. MVDr. Jozefovi&nbsp;Mihalikovi, CSc.k zvoleniu za \u010dlena (deleg\u00e1ta)European Federation for Experimental Morphology (EFEM)! V\u00e1\u017een\u00ed \u010dlenovia Slovenskej anatomickej spolo\u010dnosti, ke\u010f\u017ee sa bl\u00ed\u017ei term\u00edn, kedy m\u00e1me mo\u017enos\u0165 rozhodn\u00fa\u0165 sa, na ak\u00e9 \u00fa\u010dely poskytneme 2 (3)% &#8211; podiel z na\u0161ej dane, dovo\u013eujem si V\u00e1s oslovi\u0165 a v mene v\u00fdboru SAS po\u017eiada\u0165 o podporu na\u0161ej spolo\u010dnosti pr\u00e1ve touto formou. &hellip; \u010c\u00edta\u0165 \u010falej\" \/>\n<meta property=\"og:url\" content=\"https:\/\/www.upjs.sk\/lekarska-fakulta\/sas\/rozne-oznamy\/\" \/>\n<meta property=\"og:site_name\" content=\"Lek\u00e1rska fakulta | UPJ\u0160\" \/>\n<meta property=\"article:modified_time\" content=\"2026-04-14T08:23:04+00:00\" \/>\n<meta name=\"twitter:card\" content=\"summary_large_image\" \/>\n<meta name=\"twitter:label1\" content=\"Predpokladan\u00fd \u010das \u010d\u00edtania\" \/>\n\t<meta name=\"twitter:data1\" content=\"2 min\u00faty\" \/>\n<script type=\"application\/ld+json\" class=\"yoast-schema-graph\">{\"@context\":\"https:\\\/\\\/schema.org\",\"@graph\":[{\"@type\":\"WebPage\",\"@id\":\"https:\\\/\\\/www.upjs.sk\\\/lekarska-fakulta\\\/sas\\\/rozne-oznamy\\\/\",\"url\":\"https:\\\/\\\/www.upjs.sk\\\/lekarska-fakulta\\\/sas\\\/rozne-oznamy\\\/\",\"name\":\"R\u00f4zne oznamy - Lek\u00e1rska fakulta | UPJ\u0160\",\"isPartOf\":{\"@id\":\"https:\\\/\\\/www.upjs.sk\\\/lekarska-fakulta\\\/#website\"},\"datePublished\":\"2024-03-25T10:16:13+00:00\",\"dateModified\":\"2026-04-14T08:23:04+00:00\",\"breadcrumb\":{\"@id\":\"https:\\\/\\\/www.upjs.sk\\\/lekarska-fakulta\\\/sas\\\/rozne-oznamy\\\/#breadcrumb\"},\"inLanguage\":\"sk-SK\",\"potentialAction\":[{\"@type\":\"ReadAction\",\"target\":[\"https:\\\/\\\/www.upjs.sk\\\/lekarska-fakulta\\\/sas\\\/rozne-oznamy\\\/\"]}]},{\"@type\":\"BreadcrumbList\",\"@id\":\"https:\\\/\\\/www.upjs.sk\\\/lekarska-fakulta\\\/sas\\\/rozne-oznamy\\\/#breadcrumb\",\"itemListElement\":[{\"@type\":\"ListItem\",\"position\":1,\"name\":\"Home\",\"item\":\"https:\\\/\\\/www.upjs.sk\\\/lekarska-fakulta\\\/\"},{\"@type\":\"ListItem\",\"position\":2,\"name\":\"SAS\",\"item\":\"https:\\\/\\\/www.upjs.sk\\\/lekarska-fakulta\\\/sas\\\/\"},{\"@type\":\"ListItem\",\"position\":3,\"name\":\"R\u00f4zne oznamy\"}]},{\"@type\":\"WebSite\",\"@id\":\"https:\\\/\\\/www.upjs.sk\\\/lekarska-fakulta\\\/#website\",\"url\":\"https:\\\/\\\/www.upjs.sk\\\/lekarska-fakulta\\\/\",\"name\":\"Lek\u00e1rska fakulta | UPJ\u0160\",\"description\":\"\",\"publisher\":{\"@id\":\"https:\\\/\\\/www.upjs.sk\\\/lekarska-fakulta\\\/#organization\"},\"potentialAction\":[{\"@type\":\"SearchAction\",\"target\":{\"@type\":\"EntryPoint\",\"urlTemplate\":\"https:\\\/\\\/www.upjs.sk\\\/lekarska-fakulta\\\/?s={search_term_string}\"},\"query-input\":{\"@type\":\"PropertyValueSpecification\",\"valueRequired\":true,\"valueName\":\"search_term_string\"}}],\"inLanguage\":\"sk-SK\"},{\"@type\":\"Organization\",\"@id\":\"https:\\\/\\\/www.upjs.sk\\\/lekarska-fakulta\\\/#organization\",\"name\":\"Lek\u00e1rska fakulta | UPJ\u0160\",\"url\":\"https:\\\/\\\/www.upjs.sk\\\/lekarska-fakulta\\\/\",\"logo\":{\"@type\":\"ImageObject\",\"inLanguage\":\"sk-SK\",\"@id\":\"https:\\\/\\\/www.upjs.sk\\\/lekarska-fakulta\\\/#\\\/schema\\\/logo\\\/image\\\/\",\"url\":\"https:\\\/\\\/www.upjs.sk\\\/app\\\/uploads\\\/sites\\\/9\\\/2022\\\/09\\\/logo-lekarska-fakulta.png\",\"contentUrl\":\"https:\\\/\\\/www.upjs.sk\\\/app\\\/uploads\\\/sites\\\/9\\\/2022\\\/09\\\/logo-lekarska-fakulta.png\",\"width\":415,\"height\":87,\"caption\":\"Lek\u00e1rska fakulta | UPJ\u0160\"},\"image\":{\"@id\":\"https:\\\/\\\/www.upjs.sk\\\/lekarska-fakulta\\\/#\\\/schema\\\/logo\\\/image\\\/\"}}]}<\/script>\n<!-- \/ Yoast SEO plugin. -->","yoast_head_json":{"title":"R\u00f4zne oznamy - Lek\u00e1rska fakulta | UPJ\u0160","robots":{"index":"index","follow":"follow","max-snippet":"max-snippet:-1","max-image-preview":"max-image-preview:large","max-video-preview":"max-video-preview:-1"},"canonical":"https:\/\/www.upjs.sk\/lekarska-fakulta\/sas\/rozne-oznamy\/","og_locale":"sk_SK","og_type":"article","og_title":"R\u00f4zne oznamy - Lek\u00e1rska fakulta | UPJ\u0160","og_description":"Gratulujemedoc. MVDr. Jozefovi&nbsp;Mihalikovi, CSc.k zvoleniu za \u010dlena (deleg\u00e1ta)European Federation for Experimental Morphology (EFEM)! V\u00e1\u017een\u00ed \u010dlenovia Slovenskej anatomickej spolo\u010dnosti, ke\u010f\u017ee sa bl\u00ed\u017ei term\u00edn, kedy m\u00e1me mo\u017enos\u0165 rozhodn\u00fa\u0165 sa, na ak\u00e9 \u00fa\u010dely poskytneme 2 (3)% &#8211; podiel z na\u0161ej dane, dovo\u013eujem si V\u00e1s oslovi\u0165 a v mene v\u00fdboru SAS po\u017eiada\u0165 o podporu na\u0161ej spolo\u010dnosti pr\u00e1ve touto formou. &hellip; \u010c\u00edta\u0165 \u010falej","og_url":"https:\/\/www.upjs.sk\/lekarska-fakulta\/sas\/rozne-oznamy\/","og_site_name":"Lek\u00e1rska fakulta | UPJ\u0160","article_modified_time":"2026-04-14T08:23:04+00:00","twitter_card":"summary_large_image","twitter_misc":{"Predpokladan\u00fd \u010das \u010d\u00edtania":"2 min\u00faty"},"schema":{"@context":"https:\/\/schema.org","@graph":[{"@type":"WebPage","@id":"https:\/\/www.upjs.sk\/lekarska-fakulta\/sas\/rozne-oznamy\/","url":"https:\/\/www.upjs.sk\/lekarska-fakulta\/sas\/rozne-oznamy\/","name":"R\u00f4zne oznamy - Lek\u00e1rska fakulta | UPJ\u0160","isPartOf":{"@id":"https:\/\/www.upjs.sk\/lekarska-fakulta\/#website"},"datePublished":"2024-03-25T10:16:13+00:00","dateModified":"2026-04-14T08:23:04+00:00","breadcrumb":{"@id":"https:\/\/www.upjs.sk\/lekarska-fakulta\/sas\/rozne-oznamy\/#breadcrumb"},"inLanguage":"sk-SK","potentialAction":[{"@type":"ReadAction","target":["https:\/\/www.upjs.sk\/lekarska-fakulta\/sas\/rozne-oznamy\/"]}]},{"@type":"BreadcrumbList","@id":"https:\/\/www.upjs.sk\/lekarska-fakulta\/sas\/rozne-oznamy\/#breadcrumb","itemListElement":[{"@type":"ListItem","position":1,"name":"Home","item":"https:\/\/www.upjs.sk\/lekarska-fakulta\/"},{"@type":"ListItem","position":2,"name":"SAS","item":"https:\/\/www.upjs.sk\/lekarska-fakulta\/sas\/"},{"@type":"ListItem","position":3,"name":"R\u00f4zne oznamy"}]},{"@type":"WebSite","@id":"https:\/\/www.upjs.sk\/lekarska-fakulta\/#website","url":"https:\/\/www.upjs.sk\/lekarska-fakulta\/","name":"Lek\u00e1rska fakulta | UPJ\u0160","description":"","publisher":{"@id":"https:\/\/www.upjs.sk\/lekarska-fakulta\/#organization"},"potentialAction":[{"@type":"SearchAction","target":{"@type":"EntryPoint","urlTemplate":"https:\/\/www.upjs.sk\/lekarska-fakulta\/?s={search_term_string}"},"query-input":{"@type":"PropertyValueSpecification","valueRequired":true,"valueName":"search_term_string"}}],"inLanguage":"sk-SK"},{"@type":"Organization","@id":"https:\/\/www.upjs.sk\/lekarska-fakulta\/#organization","name":"Lek\u00e1rska fakulta | UPJ\u0160","url":"https:\/\/www.upjs.sk\/lekarska-fakulta\/","logo":{"@type":"ImageObject","inLanguage":"sk-SK","@id":"https:\/\/www.upjs.sk\/lekarska-fakulta\/#\/schema\/logo\/image\/","url":"https:\/\/www.upjs.sk\/app\/uploads\/sites\/9\/2022\/09\/logo-lekarska-fakulta.png","contentUrl":"https:\/\/www.upjs.sk\/app\/uploads\/sites\/9\/2022\/09\/logo-lekarska-fakulta.png","width":415,"height":87,"caption":"Lek\u00e1rska fakulta | UPJ\u0160"},"image":{"@id":"https:\/\/www.upjs.sk\/lekarska-fakulta\/#\/schema\/logo\/image\/"}}]}},"_links":{"self":[{"href":"https:\/\/www.upjs.sk\/lekarska-fakulta\/wp-json\/wp\/v2\/pages\/110832","targetHints":{"allow":["GET"]}}],"collection":[{"href":"https:\/\/www.upjs.sk\/lekarska-fakulta\/wp-json\/wp\/v2\/pages"}],"about":[{"href":"https:\/\/www.upjs.sk\/lekarska-fakulta\/wp-json\/wp\/v2\/types\/page"}],"author":[{"embeddable":true,"href":"https:\/\/www.upjs.sk\/lekarska-fakulta\/wp-json\/wp\/v2\/users\/75"}],"replies":[{"embeddable":true,"href":"https:\/\/www.upjs.sk\/lekarska-fakulta\/wp-json\/wp\/v2\/comments?post=110832"}],"version-history":[{"count":20,"href":"https:\/\/www.upjs.sk\/lekarska-fakulta\/wp-json\/wp\/v2\/pages\/110832\/revisions"}],"predecessor-version":[{"id":157258,"href":"https:\/\/www.upjs.sk\/lekarska-fakulta\/wp-json\/wp\/v2\/pages\/110832\/revisions\/157258"}],"up":[{"embeddable":true,"href":"https:\/\/www.upjs.sk\/lekarska-fakulta\/wp-json\/wp\/v2\/pages\/110787"}],"wp:attachment":[{"href":"https:\/\/www.upjs.sk\/lekarska-fakulta\/wp-json\/wp\/v2\/media?parent=110832"}],"wp:term":[{"taxonomy":"category","embeddable":true,"href":"https:\/\/www.upjs.sk\/lekarska-fakulta\/wp-json\/wp\/v2\/categories?post=110832"},{"taxonomy":"post_tag","embeddable":true,"href":"https:\/\/www.upjs.sk\/lekarska-fakulta\/wp-json\/wp\/v2\/tags?post=110832"}],"curies":[{"name":"wp","href":"https:\/\/api.w.org\/{rel}","templated":true}]}}