{"id":111566,"date":"2024-04-15T15:21:32","date_gmt":"2024-04-15T14:21:32","guid":{"rendered":"https:\/\/www.upjs.sk\/lekarska-fakulta\/sas\/zoznam-clenov\/"},"modified":"2026-02-11T11:52:52","modified_gmt":"2026-02-11T10:52:52","slug":"zoznam-clenov","status":"publish","type":"page","link":"https:\/\/www.upjs.sk\/lekarska-fakulta\/sas\/zoznam-clenov\/","title":{"rendered":"Zoznam \u010dlenov"},"content":{"rendered":"\n<figure class=\"wp-block-table caption-align-center\"><table><tbody><tr><td><strong>Meno<\/strong><\/td><td><strong>Titul<\/strong><\/td><td><strong>Mesto<\/strong><\/td><td><strong>E-mail<\/strong><\/td><\/tr><tr><td>Adamkov Mari\u00e1n<\/td><td>Prof., MUDr., CSc.<\/td><td>Martin 8<\/td><td><a href=\"mailto:adamkov@jfmed.uniba.sk\" class=\"ek-link\">adamkov@jfmed.uniba.sk<\/a><\/td><\/tr><tr><td>Alm\u00e1\u0161iov\u00e1 Viera<\/td><td>Doc., MVDr., PhD.<\/td><td>Rozhanovce<\/td><td><a href=\"mailto:viera.almasiova@uvlf.sk\" class=\"ek-link\">viera.almasiova@uvlf.sk<\/a><\/td><\/tr><tr><td>Andra\u0161kov\u00e1 Sandra<\/td><td>MVDr., PhD.<\/td><td>Ko\u0161ice 11<\/td><td><a href=\"mailto:sandra.andraskova@uvlf.sk\" class=\"ek-link\">sandra.andraskova@uvlf.sk<\/a><\/td><\/tr><tr><td>B\u00e1lentov\u00e1 So\u0148a<\/td><td>Doc., MVDr., PhD.<\/td><td>Martin<\/td><td><a href=\"mailto:sona.balentova@uniba.sk\" class=\"ek-link\">sona.balentova@uniba.sk<\/a><\/td><\/tr><tr><td>Bev\u00edzov\u00e1 Katar\u00edna <\/td><td>Mgr., PhD.<\/td><td>Bratislava<\/td><td><a href=\"mailto:katarina.bevizova@fmed.uniba.sk\" class=\"ek-link\">katarina.bevizova@fmed.uniba.sk<\/a><\/td><\/tr><tr><td>Bolekov\u00e1 Adriana<\/td><td>Doc., MUDr., PhD.<\/td><td>Ko\u0161ice<\/td><td><a href=\"mailto:adriana.bolekova@upjs.sk\" class=\"ek-link\">adriana.bolekova@upjs.sk<\/a><\/td><\/tr><tr><td>C\u00edgerov\u00e1 Veronika<\/td><td>Ing., PhD.<\/td><td>Martin<\/td><td><a href=\"mailto:veronika.tupa@uniba.sk\" class=\"ek-link\">veronika.tupa@uniba.sk<\/a><\/td><\/tr><tr><td>Cs\u00f6b\u00f6nyeiov\u00e1 M\u00e1ria<\/td><td>RNDr., PhD.<\/td><td>Hali\u010d<\/td><td><a href=\"mailto:maria.csobonyeiova@fmed.uniba.sk\" class=\"ek-link\">maria.csobonyeiova@fmed.uniba.sk<\/a><\/td><\/tr><tr><td>\u010curgali Krist\u00edna<\/td><td>RNDr., PhD.<\/td><td>Ko\u0161ice 11<\/td><td><a href=\"mailto:kristina.curgali@upjs.sk\" class=\"ek-link\">kristina.curgali@upjs.sk<\/a><\/td><\/tr><tr><td>Danko J\u00e1n<\/td><td>Prof., MVDr., CSc.<\/td><td>Ko\u0161ice 1<\/td><td><a href=\"mailto:danko@uvm.sk\" class=\"ek-link\">danko@uvm.sk<\/a><\/td><\/tr><tr><td>Dankov\u00e1 Marianna<\/td><td>Doc., RNDr., PhD.<\/td><td>Chorv\u00e1tsky Grob<\/td><td><a href=\"mailto:marianna.dankova@fmed.uniba.sk\" class=\"ek-link\">marianna.dankova@fmed.uniba.sk<\/a><\/td><\/tr><tr><td>Dem\u010di\u0161\u00e1kov\u00e1 Zuzana<\/td><td>RNDr., PhD.<\/td><td>Ko\u0161ice &#8211; Kr\u00e1sna<\/td><td><a href=\"mailto:zuzana.demcisakova@uvlf.sk\" class=\"ek-link\">zuzana.demcisakova@uvlf.sk<\/a><\/td><\/tr><tr><td>Domor\u00e1kov\u00e1 Iveta<\/td><td>Doc., MVDr., PhD.<\/td><td>Ko\u0161ice 23<\/td><td><a href=\"mailto:iveta.domorakova@upjs.sk\" class=\"ek-link\"><\/a><a href=\"mailto:iveta.domorakova@gmail.com\">iveta.domorakova@gmail.com<\/a><\/td><\/tr><tr><td>Dorko Franti\u0161ek<\/td><td>Doc., MUDr., CSc.<\/td><td>Ko\u0161ice 13<\/td><td><a href=\"mailto:frantiseklf@gmail.com\" class=\"ek-link\">frantiseklf@gmail.com<\/a><\/td><\/tr><tr><td>ElHassoun Se\u010dansk\u00e1 Ol\u00edvia <\/td><td>MUDr., PhD.<\/td><td>Bratislava<\/td><td><a href=\"mailto:olia.elhassoun@fmed.uniba.sk\">olia.elhassoun@fmed.uniba.sk<\/a><\/td><\/tr><tr><td>Fagov\u00e1 Zuzana<\/td><td>MVDr., PhD.<\/td><td>Ko\u0161ice<\/td><td><a href=\"mailto:zuzana.fagova@upjs.sk\" class=\"ek-link\">zuzana.fagova@upjs.sk<\/a><\/td><\/tr><tr><td>G\u00e1lfiov\u00e1 Paul\u00edna<\/td><td>MUDr., PhD.<\/td><td>Dunajsk\u00e1 Lu\u017en\u00e1<\/td><td><a href=\"mailto:paulina_galfiova@yahoo.com\" class=\"ek-link\">paulina_galfiova@yahoo.com<\/a><\/td><\/tr><tr><td>Guller Ladislav<\/td><td>Doc., RNDr., CSc.<\/td><td>Bratislava<\/td><td><a href=\"mailto:ladislav.guller@fmed.uniba.sk\" class=\"ek-link\">ladislav.guller@fmed.uniba.sk<\/a><\/td><\/tr><tr><td>Hajovsk\u00e1 Katar\u00edna<\/td><td>MVDr., PhD.<\/td><td>Ko\u0161ice<\/td><td><a href=\"mailto:hajovska@yahoo.co.uk\" class=\"ek-link\">hajovska@yahoo.co.uk<\/a><\/td><\/tr><tr><td>He\u0161kov\u00e1 Gabriela<\/td><td>MUDr., PhD.<\/td><td>Tur\u010dianske Teplice<\/td><td><a href=\"mailto:gabriela.heskova@uniba.sk\" class=\"ek-link\">gabriela.heskova@uniba.sk<\/a><\/td><\/tr><tr><td>Hisham El Falougy<\/td><td>MUDr., PhD.<\/td><td>Bratislava<\/td><td><a href=\"mailto:hisham.elfalougy@fmed.uniba.sk\" class=\"ek-link\">hisham.elfalougy@fmed.uniba.sk<\/a><\/td><\/tr><tr><td>Hodorov\u00e1 Ingrid<\/td><td>Prof., MUDr., PhD.<\/td><td>Bohdanovce&nbsp;<\/td><td><a href=\"mailto:ingrid.hodorova@upjs.sk\" class=\"ek-link\">ingrid.hodorova@upjs.sk<\/a><\/td><\/tr><tr><td>Holodov\u00e1 Monika<\/td><td>MVDr., PhD.<\/td><td>Gy\u0148ov<\/td><td><a href=\"mailto:monika.holodova@upjs.sk\" class=\"ek-link\">monika.holodova@upjs.sk<\/a><\/td><\/tr><tr><td>Holom\u00e1\u0148ov\u00e1 Anna<\/td><td>Doc., MUDr., CSc.<\/td><td>Bratislava<\/td><td><a href=\"mailto:anna.holomanova@fmed.uniba.sk\" class=\"ek-link\">anna.holomanova@fmed.uniba.sk<\/a><\/td><\/tr><tr><td>Holovsk\u00e1 Katar\u00edna<\/td><td>Doc., MVDr., PhD.<\/td><td>Ko\u0161ice<\/td><td><a href=\"mailto:katarina.holovska@uvlf.sk\" class=\"ek-link\">katarina.holovska@uvlf.sk<\/a><\/td><\/tr><tr><td>Hurn\u00edkov\u00e1 J\u00falia  <\/td><td>Mgr.<\/td><td>Ko\u0161ice <\/td><td><a href=\"mailto:julia.hurnikova@student.uvlf.sk\">julia.hurnikova@student.uvlf.sk<\/a><\/td><\/tr><tr><td>Hurta Csizm\u00e1r Sandra<\/td><td>MVDr.,PhD.<\/td><td>Val\u010da<\/td><td><a href=\"mailto:csizmar.sandrine@gmail.com\" class=\"ek-link\">csizmar.sandrine@gmail.com<\/a><\/td><\/tr><tr><td>Hvizdo\u0161ov\u00e1 Nat\u00e1lia<\/td><td>MVDr., PhD.<\/td><td>Margecany<\/td><td><a href=\"mailto:natalia.hvizdosova@upjs.sk\" class=\"ek-link\">natalia.hvizdosova@upjs.sk<\/a><\/td><\/tr><tr><td>Klein Martin<\/td><td>MUDr., PhD.<\/td><td>Bratislava<\/td><td><a href=\"mailto:martin.klein.feb14@gmail.com\" class=\"ek-link\">martin.klein.feb14@gmail.com<\/a><\/td><\/tr><tr><td>Koles\u00e1r Dalibor<\/td><td>Doc., RNDr., PhD.<\/td><td>Hodkove<\/td><td><a href=\"mailto:dalibor.kolesar@upjs.sk\" class=\"ek-link\">dalibor.kolesar@upjs.sk<\/a><\/td><\/tr><tr><td>Kov\u00e1\u010dov\u00e1 Zuzana<\/td><td>MUDr., PhD.<\/td><td>Ko\u0161ice<\/td><td><a href=\"mailto:zuzana.kovacova@upjs.sk\" class=\"ek-link\">zuzana.kovacova@upjs.sk<\/a><\/td><\/tr><tr><td>Kovalsk\u00e1 M\u00e1ria<\/td><td>Doc., RNDr., PhD.<\/td><td>Martin<\/td><td><a href=\"mailto:kovalska@jfmed.uniba.sk\" class=\"ek-link\">kovalska@jfmed.uniba.sk<\/a><\/td><\/tr><tr><td>Kraj\u0148\u00e1kov\u00e1 Bibiana  <\/td><td>Ing.<\/td><td>Martin <\/td><td><a href=\"mailto:bibianakrajnak@gmail.com\">bibianakrajnak@gmail.com<\/a><\/td><\/tr><tr><td>Krehe\u013eov\u00e1 Andrea<\/td><td>MVDr., PhD.<\/td><td>Liptovsk\u00fd Mikul\u00e1\u0161<\/td><td><a href=\"mailto:andrea.krehelova@upjs.sk\" class=\"ek-link\">andrea.krehelova@upjs.sk<\/a><\/td><\/tr><tr><td>Kre\u0161\u00e1kov\u00e1 Lenka<\/td><td>Doc. MVDr., PhD.<\/td><td>Se\u0148a<\/td><td><a href=\"mailto:lenka.kresakova@uvlf.sk.\" class=\"ek-link\">lenka.kresakova@uvlf.sk.<\/a><\/td><\/tr><tr><td>Kubatka Peter   <\/td><td>Prof., RNDr., PhD.<\/td><td>Martin-Priekopa<\/td><td><a href=\"mailto:kubatkap@gmail.com\">kubatkap@gmail.com<\/a><\/td><\/tr><tr><td>Kub\u00edkov\u00e1 Eli\u0161ka<\/td><td>Doc., MUDr., PhD.<\/td><td>Bratislava 1<\/td><td><a href=\"mailto:eliska.kubikova@fmed.uniba.sk\" class=\"ek-link\">eliska.kubikova@fmed.uniba.sk<\/a><\/td><\/tr><tr><td>Kunertov\u00e1 Lenka<\/td><td>MUDr.<\/td><td>Martin <\/td><td><a href=\"mailto:lenka.kunertova@uniba.sk\">lenka.kunertova@uniba.sk<\/a><\/td><\/tr><tr><td>Kunov\u00e1 Alexandra<\/td><td>MUDr.<\/td><td>Ko\u0161ice<\/td><td><a href=\"mailto:alexandra.kunova@upjs.sk\" class=\"ek-link\">alexandra.kunova@upjs.sk<\/a><\/td><\/tr><tr><td>Lackov\u00e1 Lenka  <\/td><td>RNDr., PhD.<\/td><td>Martin <\/td><td><a href=\"mailto:koklesova.lenka@gmail.com\">koklesova.lenka@gmail.com<\/a><\/td><\/tr><tr><td>Lov\u00e1sov\u00e1 Kv\u011btu\u0161e<\/td><td>Doc., MVDr., PhD.<\/td><td>Ko\u0161ice 1<\/td><td><a href=\"mailto:kvetuse.lovasova@upjs.sk\" class=\"ek-link\">kvetuse.lovasova@upjs.sk<\/a><\/td><\/tr><tr><td>Luk\u00e1\u010dikov\u00e1 Petra<\/td><td>RNDr., PhD.<\/td><td>Bratislava <\/td><td><a href=\"mailto:kvetuse.lovasova@upjs.sk\" class=\"ek-link\">petra.lukacikova@fmed.uniba.sk<\/a><\/td><\/tr><tr><td>Malakhov Stanislav <\/td><td>PhD.<\/td><td>Bratislava <\/td><td><a href=\"mailto:stanislav.malakhov@fmed.uniba.sk\">stanislav.malakhov@fmed.uniba.sk<\/a><\/td><\/tr><tr><td>Mech\u00edrov\u00e1 Eva<\/td><td>Prof., MUDr., CSc.<\/td><td>Ko\u0161ice 11<\/td><td><a href=\"mailto:eva.mechirova@upjs.sk\" class=\"ek-link\">eva.mechirova@upjs.sk<\/a><\/td><\/tr><tr><td>Mellov\u00e1 Yvetta<\/td><td>Doc., MUDr., CSc.<\/td><td>Martin 1<\/td><td><a href=\"mailto:yvetta.mellova@jfmed.uniba.sk\" class=\"ek-link\">yvetta.mellova@jfmed.uniba.sk<\/a><\/td><\/tr><tr><td>Me\u0161\u0165anov\u00e1 Veronika<\/td><td>RNDr., PhD.<\/td><td>Martin <\/td><td><a href=\"mailto:veronika.mestanova@uniba.sk\" class=\"ek-link\">veronika.mestanova@uniba.sk<\/a><\/td><\/tr><tr><td>Mifkovi\u010d Andrej <\/td><td>MUDr., PhD.<\/td><td>Bratislava<\/td><td><a href=\"mailto:andrej.mifkovic@fmed.uniba.sk\" class=\"ek-link\">andrej.mifkovic@fmed.uniba.sk<\/a><\/td><\/tr><tr><td>Mihalik Jozef<\/td><td>Doc., MVDr., CSc.<\/td><td>Ko\u0161ice<\/td><td><a href=\"mailto:jozef.mihalik@upjs.sk\" class=\"ek-link\">jozef.mihalik@upjs.sk<\/a><\/td><\/tr><tr><td>Miko Michal<\/td><td>Mgr. MUDr., PhD.<\/td><td>Stupava<\/td><td><a href=\"mailto:michal.miko@fmed.uniba.sk\" class=\"ek-link\">misko.miko@gmail.com<\/a><\/td><\/tr><tr><td>Mikulov\u00e1 Eva<\/td><td>MUDr., PhD.<\/td><td>Ko\u0161ice<\/td><td><\/td><\/tr><tr><td>Miku\u0161ov\u00e1 Ren\u00e1ta<\/td><td>MUDr., PhD.<\/td><td>Ko\u0161ice<\/td><td><a href=\"mailto:renata.mikusova@fmed.uniba.sk\" class=\"ek-link\">renata.mikusova@fmed.uniba.sk<\/a><\/td><\/tr><tr><td>Mu\u017eikov\u00e1 Silvia<\/td><td>Mgr.<\/td><td>Bratislava<\/td><td><a href=\"mailto:silvia.muzikova@fmed.uniba.sk\">silvia.muzikova@fmed.uniba.sk<\/a><\/td><\/tr><tr><td>Pastornick\u00e1 Alena<\/td><td>MVDr., PhD.<\/td><td>Ko\u0161ice<\/td><td><a href=\"mailto:alenka.hladova@gmail.com\" class=\"ek-link\">alenka.hladova@gmail.com<\/a><\/td><\/tr><tr><td>Pavliuk Karachevtseva Andriana<\/td><td>MUDr., PhD.<\/td><td>Ko\u0161ice<\/td><td><a href=\"mailto:andriana.pavliuk-karachevtseva@upjs.sk\" class=\"ek-link\">andriana.pavliuk-karachevtseva@upjs.sk<\/a><\/td><\/tr><tr><td>Per\u017ee\u013eov\u00e1 Anna<\/td><td>MUDr.<\/td><td>Bratislava<\/td><td><a href=\"mailto:anna.perzelova@fmed.uniba.sk\" class=\"ek-link\">anna.perzelova@fmed.uniba.sk<\/a><\/td><\/tr><tr><td>Petrovov\u00e1 Eva<\/td><td>Prof., MVDr., PhD.<\/td><td>Ko\u0161ice 11<\/td><td><a href=\"mailto:eva.petrovova@uvlf.sk\" class=\"ek-link\">eva.petrovova@uvlf.sk<\/a><\/td><\/tr><tr><td>Pol\u00e1k \u0160tefan<\/td><td>Prof., MUDr., PhD.<\/td><td>Bratislava<\/td><td><a href=\"mailto:stefanpolak19@gmail.com\" class=\"ek-link\">stefanpolak19@gmail.com<\/a><\/td><\/tr><tr><td>Ryb\u00e1rov\u00e1 Silvia<\/td><td>Prof., MVDr., PhD.<\/td><td>Ko\u0161ice 1<\/td><td><a href=\"mailto:silvia.rybarova19@gmail.com\">silvia.rybarova19@gmail.com<\/a><\/td><\/tr><tr><td>Siv\u00e1kov\u00e1 Ivana<\/td><td>RNDr., CSc.<\/td><td>Bratislava<\/td><td><a href=\"mailto:ivana.sivakova@fmed.uniba.sk\" class=\"ek-link\">ivana.sivakova@fmed.uniba.sk<\/a><\/td><\/tr><tr><td>\u0160imaiov\u00e1 Veronika<\/td><td>MVDr., PhD.<\/td><td>Ko\u0161ice&nbsp;<\/td><td><a href=\"mailto:viera.cigankova@uvlf.sk\" class=\"ek-link\">nika.simaiova<\/a><a href=\"mailto:nika.simaiova@gmail.com\" class=\"ek-link\">@<\/a><a href=\"mailto:viera.cigankova@uvlf.sk\" class=\"ek-link\">gmail.com<\/a><\/td><\/tr><tr><td>\u0160lebodov\u00e1 Miriama<\/td><td>RNDr., PhD.<\/td><td>Ke\u017emarok<\/td><td><a href=\"mailto:miriama.slebodova@upjs.sk\">miriama.slebodova@upjs.sk<\/a><\/td><\/tr><tr><td>\u0160ulla Igor<\/td><td>MVDr., PhD.<\/td><td>Ko\u0161ice&nbsp;<\/td><td><a href=\"mailto:igor.sulla@uvlf.sk\" class=\"ek-link\">igor.sulla@uvlf.sk<\/a><\/td><\/tr><tr><td>Tallov\u00e1 Zlata <\/td><td>MUDr. <\/td><td>Bratislava<\/td><td><\/td><\/tr><tr><td>Teleky Jana<\/td><td>MVDr.<\/td><td>Ko\u0161ice<\/td><td><a href=\"mailto:janekiraly@hotmail.com\" class=\"ek-link\">janekiraly@hotmail.com<\/a><\/td><\/tr><tr><td>Tesl\u00edk Juraj<\/td><td>MUDr.<\/td><td>Ko\u0161ice<\/td><td>&nbsp;<a href=\"mailto:juraj.teslik@upjs.sk\">juraj.teslik@upjs.sk<\/a><\/td><\/tr><tr><td>T\u00f3th \u0160tefan<\/td><td>Doc., MVDr., PhD.<\/td><td>Se\u0148a<\/td><td><a href=\"mailto:stefan.toth1@upjs.sk\" class=\"ek-link\">stefan.toth1@upjs.sk<\/a><\/td><\/tr><tr><td>Varga Ivan<\/td><td>Prof., RNDr., PhD.<\/td><td>Bratislava<\/td><td><a href=\"mailto:ivan.varga@fmed.uniba.sk\" class=\"ek-link\">ivan.varga@fmed.uniba.sk<\/a><\/td><\/tr><tr><td>Vdoviakov\u00e1 Katar\u00edna<\/td><td>Doc., MVDr., PhD.<\/td><td>Ko\u0161ice 1<\/td><td><a href=\"mailto:vdoviakova@uvm.sk\" class=\"ek-link\">vdoviakova@uvm.sk<\/a><\/td><\/tr><tr><td>Vecanov\u00e1 Janka<\/td><td>MUDr., PhD.<\/td><td>Ko\u0161ice 1<\/td><td><a href=\"mailto:janka.vecanova@upjs.sk\" class=\"ek-link\">janka.vecanova@upjs.sk<\/a><\/td><\/tr><tr><td>Vrzgula Marko<\/td><td>MUDr., PhD.<\/td><td>Ko\u0161ice<\/td><td><a href=\"mailto:marko.vrzgula@upjs.sk\" class=\"ek-link\">marko.vrzgula@upjs.sk<\/a><\/td><\/tr><tr><td>V\u00fdbohov\u00e1 Desanka<\/td><td>Doc. MUDr., PhD.<\/td><td>Vr\u00fatky<\/td><td><a href=\"mailto:desanka.vybohova@uniba.sk\" class=\"ek-link\">desanka.vybohova@uniba.sk<\/a><\/td><\/tr><tr><td>Weismann Peter<\/td><td>Doc., RNDr., PhD.<\/td><td>Bratislava<\/td><td><a href=\"mailto:peter.weismann@fmed.uniba.sk\" class=\"ek-link\">peter.weismann@fmed.uniba.sk<\/a><\/td><\/tr><\/tbody><\/table><\/figure>\n\n\n<style>.wp-block-kadence-advancedheading.kt-adv-heading111566_5bc07d-b1, .wp-block-kadence-advancedheading.kt-adv-heading111566_5bc07d-b1[data-kb-block=\"kb-adv-heading111566_5bc07d-b1\"]{font-style:normal;}.wp-block-kadence-advancedheading.kt-adv-heading111566_5bc07d-b1 mark.kt-highlight, .wp-block-kadence-advancedheading.kt-adv-heading111566_5bc07d-b1[data-kb-block=\"kb-adv-heading111566_5bc07d-b1\"] mark.kt-highlight{font-style:normal;color:#f76a0c;-webkit-box-decoration-break:clone;box-decoration-break:clone;padding-top:0px;padding-right:0px;padding-bottom:0px;padding-left:0px;}<\/style>\n<p class=\"kt-adv-heading111566_5bc07d-b1 wp-block-kadence-advancedheading\" data-kb-block=\"kb-adv-heading111566_5bc07d-b1\"><br><\/p>\n\n\n<style>.wp-block-kadence-advancedheading.kt-adv-heading111566_3833bb-18, .wp-block-kadence-advancedheading.kt-adv-heading111566_3833bb-18[data-kb-block=\"kb-adv-heading111566_3833bb-18\"]{font-style:normal;}.wp-block-kadence-advancedheading.kt-adv-heading111566_3833bb-18 mark.kt-highlight, .wp-block-kadence-advancedheading.kt-adv-heading111566_3833bb-18[data-kb-block=\"kb-adv-heading111566_3833bb-18\"] mark.kt-highlight{font-style:normal;color:#f76a0c;-webkit-box-decoration-break:clone;box-decoration-break:clone;padding-top:0px;padding-right:0px;padding-bottom:0px;padding-left:0px;}<\/style>\n<p class=\"kt-adv-heading111566_3833bb-18 wp-block-kadence-advancedheading\" data-kb-block=\"kb-adv-heading111566_3833bb-18\"><\/p>\n","protected":false},"excerpt":{"rendered":"<p>Meno Titul Mesto E-mail Adamkov Mari\u00e1n Prof., MUDr., CSc. Martin 8 adamkov@jfmed.uniba.sk Alm\u00e1\u0161iov\u00e1 Viera Doc., MVDr., PhD. Rozhanovce viera.almasiova@uvlf.sk Andra\u0161kov\u00e1 Sandra MVDr., PhD. Ko\u0161ice 11 sandra.andraskova@uvlf.sk B\u00e1lentov\u00e1 So\u0148a Doc., MVDr., PhD. Martin sona.balentova@uniba.sk Bev\u00edzov\u00e1 Katar\u00edna Mgr., PhD. Bratislava katarina.bevizova@fmed.uniba.sk Bolekov\u00e1 Adriana Doc., MUDr., PhD. Ko\u0161ice adriana.bolekova@upjs.sk C\u00edgerov\u00e1 Veronika Ing., PhD. Martin veronika.tupa@uniba.sk Cs\u00f6b\u00f6nyeiov\u00e1 M\u00e1ria RNDr., &hellip; <a href=\"https:\/\/www.upjs.sk\/lekarska-fakulta\/sas\/zoznam-clenov\/\">\u010c\u00edta\u0165 \u010falej<\/a><\/p>\n","protected":false},"author":75,"featured_media":0,"parent":110787,"menu_order":1,"comment_status":"closed","ping_status":"closed","template":"","meta":{"_acf_changed":false,"_editorskit_title_hidden":false,"_editorskit_reading_time":0,"_editorskit_is_block_options_detached":false,"_editorskit_block_options_position":"{}","footnotes":""},"categories":[],"tags":[],"class_list":["post-111566","page","type-page","status-publish","hentry"],"acf":{"acf_link_na_externy_obsah":""},"yoast_head":"<!-- This site is optimized with the Yoast SEO plugin v27.4 - https:\/\/yoast.com\/product\/yoast-seo-wordpress\/ -->\n<title>Zoznam \u010dlenov - Lek\u00e1rska fakulta | UPJ\u0160<\/title>\n<meta name=\"robots\" content=\"index, follow, max-snippet:-1, max-image-preview:large, max-video-preview:-1\" \/>\n<link rel=\"canonical\" href=\"https:\/\/www.upjs.sk\/lekarska-fakulta\/sas\/zoznam-clenov\/\" \/>\n<meta property=\"og:locale\" content=\"sk_SK\" \/>\n<meta property=\"og:type\" content=\"article\" \/>\n<meta property=\"og:title\" content=\"Zoznam \u010dlenov - Lek\u00e1rska fakulta | UPJ\u0160\" \/>\n<meta property=\"og:description\" content=\"Meno Titul Mesto E-mail Adamkov Mari\u00e1n Prof., MUDr., CSc. Martin 8 adamkov@jfmed.uniba.sk Alm\u00e1\u0161iov\u00e1 Viera Doc., MVDr., PhD. Rozhanovce viera.almasiova@uvlf.sk Andra\u0161kov\u00e1 Sandra MVDr., PhD. Ko\u0161ice 11 sandra.andraskova@uvlf.sk B\u00e1lentov\u00e1 So\u0148a Doc., MVDr., PhD. Martin sona.balentova@uniba.sk Bev\u00edzov\u00e1 Katar\u00edna Mgr., PhD. Bratislava katarina.bevizova@fmed.uniba.sk Bolekov\u00e1 Adriana Doc., MUDr., PhD. Ko\u0161ice adriana.bolekova@upjs.sk C\u00edgerov\u00e1 Veronika Ing., PhD. Martin veronika.tupa@uniba.sk Cs\u00f6b\u00f6nyeiov\u00e1 M\u00e1ria RNDr., &hellip; \u010c\u00edta\u0165 \u010falej\" \/>\n<meta property=\"og:url\" content=\"https:\/\/www.upjs.sk\/lekarska-fakulta\/sas\/zoznam-clenov\/\" \/>\n<meta property=\"og:site_name\" content=\"Lek\u00e1rska fakulta | UPJ\u0160\" \/>\n<meta property=\"article:modified_time\" content=\"2026-02-11T10:52:52+00:00\" \/>\n<meta name=\"twitter:card\" content=\"summary_large_image\" \/>\n<meta name=\"twitter:label1\" content=\"Predpokladan\u00fd \u010das \u010d\u00edtania\" \/>\n\t<meta name=\"twitter:data1\" content=\"3 min\u00faty\" \/>\n<script type=\"application\/ld+json\" class=\"yoast-schema-graph\">{\"@context\":\"https:\\\/\\\/schema.org\",\"@graph\":[{\"@type\":\"WebPage\",\"@id\":\"https:\\\/\\\/www.upjs.sk\\\/lekarska-fakulta\\\/sas\\\/zoznam-clenov\\\/\",\"url\":\"https:\\\/\\\/www.upjs.sk\\\/lekarska-fakulta\\\/sas\\\/zoznam-clenov\\\/\",\"name\":\"Zoznam \u010dlenov - Lek\u00e1rska fakulta | UPJ\u0160\",\"isPartOf\":{\"@id\":\"https:\\\/\\\/www.upjs.sk\\\/lekarska-fakulta\\\/#website\"},\"datePublished\":\"2024-04-15T14:21:32+00:00\",\"dateModified\":\"2026-02-11T10:52:52+00:00\",\"breadcrumb\":{\"@id\":\"https:\\\/\\\/www.upjs.sk\\\/lekarska-fakulta\\\/sas\\\/zoznam-clenov\\\/#breadcrumb\"},\"inLanguage\":\"sk-SK\",\"potentialAction\":[{\"@type\":\"ReadAction\",\"target\":[\"https:\\\/\\\/www.upjs.sk\\\/lekarska-fakulta\\\/sas\\\/zoznam-clenov\\\/\"]}]},{\"@type\":\"BreadcrumbList\",\"@id\":\"https:\\\/\\\/www.upjs.sk\\\/lekarska-fakulta\\\/sas\\\/zoznam-clenov\\\/#breadcrumb\",\"itemListElement\":[{\"@type\":\"ListItem\",\"position\":1,\"name\":\"Home\",\"item\":\"https:\\\/\\\/www.upjs.sk\\\/lekarska-fakulta\\\/\"},{\"@type\":\"ListItem\",\"position\":2,\"name\":\"SAS\",\"item\":\"https:\\\/\\\/www.upjs.sk\\\/lekarska-fakulta\\\/sas\\\/\"},{\"@type\":\"ListItem\",\"position\":3,\"name\":\"Zoznam \u010dlenov\"}]},{\"@type\":\"WebSite\",\"@id\":\"https:\\\/\\\/www.upjs.sk\\\/lekarska-fakulta\\\/#website\",\"url\":\"https:\\\/\\\/www.upjs.sk\\\/lekarska-fakulta\\\/\",\"name\":\"Lek\u00e1rska fakulta | UPJ\u0160\",\"description\":\"\",\"publisher\":{\"@id\":\"https:\\\/\\\/www.upjs.sk\\\/lekarska-fakulta\\\/#organization\"},\"potentialAction\":[{\"@type\":\"SearchAction\",\"target\":{\"@type\":\"EntryPoint\",\"urlTemplate\":\"https:\\\/\\\/www.upjs.sk\\\/lekarska-fakulta\\\/?s={search_term_string}\"},\"query-input\":{\"@type\":\"PropertyValueSpecification\",\"valueRequired\":true,\"valueName\":\"search_term_string\"}}],\"inLanguage\":\"sk-SK\"},{\"@type\":\"Organization\",\"@id\":\"https:\\\/\\\/www.upjs.sk\\\/lekarska-fakulta\\\/#organization\",\"name\":\"Lek\u00e1rska fakulta | UPJ\u0160\",\"url\":\"https:\\\/\\\/www.upjs.sk\\\/lekarska-fakulta\\\/\",\"logo\":{\"@type\":\"ImageObject\",\"inLanguage\":\"sk-SK\",\"@id\":\"https:\\\/\\\/www.upjs.sk\\\/lekarska-fakulta\\\/#\\\/schema\\\/logo\\\/image\\\/\",\"url\":\"https:\\\/\\\/www.upjs.sk\\\/app\\\/uploads\\\/sites\\\/9\\\/2022\\\/09\\\/logo-lekarska-fakulta.png\",\"contentUrl\":\"https:\\\/\\\/www.upjs.sk\\\/app\\\/uploads\\\/sites\\\/9\\\/2022\\\/09\\\/logo-lekarska-fakulta.png\",\"width\":415,\"height\":87,\"caption\":\"Lek\u00e1rska fakulta | UPJ\u0160\"},\"image\":{\"@id\":\"https:\\\/\\\/www.upjs.sk\\\/lekarska-fakulta\\\/#\\\/schema\\\/logo\\\/image\\\/\"}}]}<\/script>\n<!-- \/ Yoast SEO plugin. -->","yoast_head_json":{"title":"Zoznam \u010dlenov - Lek\u00e1rska fakulta | UPJ\u0160","robots":{"index":"index","follow":"follow","max-snippet":"max-snippet:-1","max-image-preview":"max-image-preview:large","max-video-preview":"max-video-preview:-1"},"canonical":"https:\/\/www.upjs.sk\/lekarska-fakulta\/sas\/zoznam-clenov\/","og_locale":"sk_SK","og_type":"article","og_title":"Zoznam \u010dlenov - Lek\u00e1rska fakulta | UPJ\u0160","og_description":"Meno Titul Mesto E-mail Adamkov Mari\u00e1n Prof., MUDr., CSc. Martin 8 adamkov@jfmed.uniba.sk Alm\u00e1\u0161iov\u00e1 Viera Doc., MVDr., PhD. Rozhanovce viera.almasiova@uvlf.sk Andra\u0161kov\u00e1 Sandra MVDr., PhD. Ko\u0161ice 11 sandra.andraskova@uvlf.sk B\u00e1lentov\u00e1 So\u0148a Doc., MVDr., PhD. Martin sona.balentova@uniba.sk Bev\u00edzov\u00e1 Katar\u00edna Mgr., PhD. Bratislava katarina.bevizova@fmed.uniba.sk Bolekov\u00e1 Adriana Doc., MUDr., PhD. Ko\u0161ice adriana.bolekova@upjs.sk C\u00edgerov\u00e1 Veronika Ing., PhD. Martin veronika.tupa@uniba.sk Cs\u00f6b\u00f6nyeiov\u00e1 M\u00e1ria RNDr., &hellip; \u010c\u00edta\u0165 \u010falej","og_url":"https:\/\/www.upjs.sk\/lekarska-fakulta\/sas\/zoznam-clenov\/","og_site_name":"Lek\u00e1rska fakulta | UPJ\u0160","article_modified_time":"2026-02-11T10:52:52+00:00","twitter_card":"summary_large_image","twitter_misc":{"Predpokladan\u00fd \u010das \u010d\u00edtania":"3 min\u00faty"},"schema":{"@context":"https:\/\/schema.org","@graph":[{"@type":"WebPage","@id":"https:\/\/www.upjs.sk\/lekarska-fakulta\/sas\/zoznam-clenov\/","url":"https:\/\/www.upjs.sk\/lekarska-fakulta\/sas\/zoznam-clenov\/","name":"Zoznam \u010dlenov - Lek\u00e1rska fakulta | UPJ\u0160","isPartOf":{"@id":"https:\/\/www.upjs.sk\/lekarska-fakulta\/#website"},"datePublished":"2024-04-15T14:21:32+00:00","dateModified":"2026-02-11T10:52:52+00:00","breadcrumb":{"@id":"https:\/\/www.upjs.sk\/lekarska-fakulta\/sas\/zoznam-clenov\/#breadcrumb"},"inLanguage":"sk-SK","potentialAction":[{"@type":"ReadAction","target":["https:\/\/www.upjs.sk\/lekarska-fakulta\/sas\/zoznam-clenov\/"]}]},{"@type":"BreadcrumbList","@id":"https:\/\/www.upjs.sk\/lekarska-fakulta\/sas\/zoznam-clenov\/#breadcrumb","itemListElement":[{"@type":"ListItem","position":1,"name":"Home","item":"https:\/\/www.upjs.sk\/lekarska-fakulta\/"},{"@type":"ListItem","position":2,"name":"SAS","item":"https:\/\/www.upjs.sk\/lekarska-fakulta\/sas\/"},{"@type":"ListItem","position":3,"name":"Zoznam \u010dlenov"}]},{"@type":"WebSite","@id":"https:\/\/www.upjs.sk\/lekarska-fakulta\/#website","url":"https:\/\/www.upjs.sk\/lekarska-fakulta\/","name":"Lek\u00e1rska fakulta | UPJ\u0160","description":"","publisher":{"@id":"https:\/\/www.upjs.sk\/lekarska-fakulta\/#organization"},"potentialAction":[{"@type":"SearchAction","target":{"@type":"EntryPoint","urlTemplate":"https:\/\/www.upjs.sk\/lekarska-fakulta\/?s={search_term_string}"},"query-input":{"@type":"PropertyValueSpecification","valueRequired":true,"valueName":"search_term_string"}}],"inLanguage":"sk-SK"},{"@type":"Organization","@id":"https:\/\/www.upjs.sk\/lekarska-fakulta\/#organization","name":"Lek\u00e1rska fakulta | UPJ\u0160","url":"https:\/\/www.upjs.sk\/lekarska-fakulta\/","logo":{"@type":"ImageObject","inLanguage":"sk-SK","@id":"https:\/\/www.upjs.sk\/lekarska-fakulta\/#\/schema\/logo\/image\/","url":"https:\/\/www.upjs.sk\/app\/uploads\/sites\/9\/2022\/09\/logo-lekarska-fakulta.png","contentUrl":"https:\/\/www.upjs.sk\/app\/uploads\/sites\/9\/2022\/09\/logo-lekarska-fakulta.png","width":415,"height":87,"caption":"Lek\u00e1rska fakulta | UPJ\u0160"},"image":{"@id":"https:\/\/www.upjs.sk\/lekarska-fakulta\/#\/schema\/logo\/image\/"}}]}},"_links":{"self":[{"href":"https:\/\/www.upjs.sk\/lekarska-fakulta\/wp-json\/wp\/v2\/pages\/111566","targetHints":{"allow":["GET"]}}],"collection":[{"href":"https:\/\/www.upjs.sk\/lekarska-fakulta\/wp-json\/wp\/v2\/pages"}],"about":[{"href":"https:\/\/www.upjs.sk\/lekarska-fakulta\/wp-json\/wp\/v2\/types\/page"}],"author":[{"embeddable":true,"href":"https:\/\/www.upjs.sk\/lekarska-fakulta\/wp-json\/wp\/v2\/users\/75"}],"replies":[{"embeddable":true,"href":"https:\/\/www.upjs.sk\/lekarska-fakulta\/wp-json\/wp\/v2\/comments?post=111566"}],"version-history":[{"count":20,"href":"https:\/\/www.upjs.sk\/lekarska-fakulta\/wp-json\/wp\/v2\/pages\/111566\/revisions"}],"predecessor-version":[{"id":154524,"href":"https:\/\/www.upjs.sk\/lekarska-fakulta\/wp-json\/wp\/v2\/pages\/111566\/revisions\/154524"}],"up":[{"embeddable":true,"href":"https:\/\/www.upjs.sk\/lekarska-fakulta\/wp-json\/wp\/v2\/pages\/110787"}],"wp:attachment":[{"href":"https:\/\/www.upjs.sk\/lekarska-fakulta\/wp-json\/wp\/v2\/media?parent=111566"}],"wp:term":[{"taxonomy":"category","embeddable":true,"href":"https:\/\/www.upjs.sk\/lekarska-fakulta\/wp-json\/wp\/v2\/categories?post=111566"},{"taxonomy":"post_tag","embeddable":true,"href":"https:\/\/www.upjs.sk\/lekarska-fakulta\/wp-json\/wp\/v2\/tags?post=111566"}],"curies":[{"name":"wp","href":"https:\/\/api.w.org\/{rel}","templated":true}]}}