{"id":121992,"date":"2024-10-22T10:30:23","date_gmt":"2024-10-22T09:30:23","guid":{"rendered":"https:\/\/www.upjs.sk\/lekarska-fakulta\/informacie-pre-zamestnancov\/odborovy-zvaz\/dokumenty\/"},"modified":"2026-03-16T09:05:09","modified_gmt":"2026-03-16T08:05:09","slug":"dokumenty","status":"publish","type":"page","link":"https:\/\/www.upjs.sk\/lekarska-fakulta\/informacie-pre-zamestnancov\/odborovy-zvaz-pri-lf\/dokumenty\/","title":{"rendered":"Dokumenty"},"content":{"rendered":"<style>.wp-block-kadence-advancedheading.kt-adv-heading121992_534717-0c, .wp-block-kadence-advancedheading.kt-adv-heading121992_534717-0c[data-kb-block=\"kb-adv-heading121992_534717-0c\"]{font-style:normal;}.wp-block-kadence-advancedheading.kt-adv-heading121992_534717-0c mark.kt-highlight, .wp-block-kadence-advancedheading.kt-adv-heading121992_534717-0c[data-kb-block=\"kb-adv-heading121992_534717-0c\"] mark.kt-highlight{font-style:normal;color:#f76a0c;-webkit-box-decoration-break:clone;box-decoration-break:clone;padding-top:0px;padding-right:0px;padding-bottom:0px;padding-left:0px;}<\/style>\n<p class=\"kt-adv-heading121992_534717-0c wp-block-kadence-advancedheading\" data-kb-block=\"kb-adv-heading121992_534717-0c\"><\/p>\n\n\n<style>.wp-block-kadence-advancedheading.kt-adv-heading121992_8c7b8c-d29, .wp-block-kadence-advancedheading.kt-adv-heading121992_8c7b8c-d29[data-kb-block=\"kb-adv-heading121992_8c7b8c-d29\"]{font-style:normal;}.wp-block-kadence-advancedheading.kt-adv-heading121992_8c7b8c-d29 mark.kt-highlight, .wp-block-kadence-advancedheading.kt-adv-heading121992_8c7b8c-d29[data-kb-block=\"kb-adv-heading121992_8c7b8c-d29\"] mark.kt-highlight{font-style:normal;color:#f76a0c;-webkit-box-decoration-break:clone;box-decoration-break:clone;padding-top:0px;padding-right:0px;padding-bottom:0px;padding-left:0px;}<\/style>\n<p class=\"kt-adv-heading121992_8c7b8c-d29 wp-block-kadence-advancedheading\" data-kb-block=\"kb-adv-heading121992_8c7b8c-d29\"><strong><a href=\"https:\/\/www.upjs.sk\/app\/uploads\/sites\/9\/2026\/03\/kzvs-vs-2025-final.pdf\">Kolekt\u00edvna zmluva vy\u0161\u0161ieho stup\u0148a na rok 2025<\/a><\/strong><\/p>\n\n\n\n<p><strong><a href=\"https:\/\/www.upjs.sk\/app\/uploads\/sites\/9\/2024\/10\/KZVS-2023-2024-verejna-sluzba-1.pdf\" target=\"_blank\" rel=\"noreferrer noopener\">Kolekt\u00edvna zmluva vy\u0161\u0161ieho stup\u0148a na rok 2023 &#8211; 2024<\/a><\/strong><\/p>\n\n\n\n<p><strong><a href=\"https:\/\/www.lf.upjs.sk\/odbory\/kzvs_statna_sluzba.pdf\">Kolekt\u00edvna zmluva vy\u0161\u0161ieho stup\u0148a na rok 2022<\/a><\/strong><\/p>\n\n\n\n<p><strong><a href=\"https:\/\/www.lf.upjs.sk\/odbory\/kzvs%20na%202021%20verejna%20sluzba.pdf\">Kolekt\u00edvna zmluva vy\u0161\u0161ieho stup\u0148a na rok 2021<\/a><br><\/strong><a href=\"https:\/\/www.lf.upjs.sk\/odbory\/dodatok_statna_sluzba.pdf\">Dodatok \u010d. 1 ku Kolekt\u00edvnej zmluve vy\u0161\u0161ieho stup\u0148a<\/a><\/p>\n\n\n\n<p><a href=\"https:\/\/www.lf.upjs.sk\/odbory\/dodatok_statna_sluzba.pdf\"><\/a><br><a href=\"https:\/\/www.upjs.sk\/app\/uploads\/sites\/9\/2026\/03\/Kolektivna-zmluva-2026.pdf\"><strong>Kolekt\u00edvna zmluva na rok 2026<br><\/strong><\/a><a href=\"https:\/\/www.upjs.sk\/app\/uploads\/sites\/9\/2026\/03\/Kolektivna-zmluva-2025.pdf\"><strong>Kolekt\u00edvna zmluva na rok 2025<\/strong><\/a><br><a href=\"https:\/\/www.upjs.sk\/app\/uploads\/sites\/9\/2026\/03\/Dodatok-c.-1-ku-KZ_2025.pdf\">Dodatok \u010d. 1\/2025 \u00fa\u010dinnej od 1.7.2025<br><\/a><a href=\"https:\/\/www.upjs.sk\/app\/uploads\/sites\/9\/2026\/03\/Dodatok-c.-2-_KZ_2025.pdf\">Dodatok \u010d. 2\/2025 \u00fa\u010dinnej od 1.1.2026<\/a><br><strong><a href=\"https:\/\/www.upjs.sk\/app\/uploads\/sites\/9\/2024\/10\/KZ_2024-platna.docx-1.pdf\">Kolekt\u00edvna zmluva na rok 2024<br><\/a><a href=\"https:\/\/www.upjs.sk\/app\/uploads\/sites\/9\/2024\/10\/KZ_2023_platna-1.pdf\" target=\"_blank\" rel=\"noreferrer noopener\">Kolekt\u00edvna zmluva na rok 2023<br><\/a><a href=\"https:\/\/www.lf.upjs.sk\/odbory\/KZ_2022.pdf\">Kolekt\u00edvna zmluva na rok 2022<\/a><\/strong><br><strong><a href=\"https:\/\/www.lf.upjs.sk\/odbory\/KZ_2021.pdf\">Kolekt\u00edvna zmluva na rok 2021<\/a><\/strong><br><strong><a href=\"https:\/\/www.lf.upjs.sk\/odbory\/KZ_2021_dodatok%20c1%20k%20SF%2012%202021.pdf\">Dodatok \u010d. 1 k Z\u00e1sad\u00e1m pre tvorbu a pou\u017eitie soci\u00e1lneho fondu<\/a><\/strong><\/p>\n\n\n\n<p><strong><a href=\"https:\/\/www.upjs.sk\/app\/uploads\/sites\/9\/2026\/03\/Rozhodnutie-dekana-1-2026-o-dalsom-pouziti-SF.pdf\" target=\"_blank\" rel=\"noreferrer noopener\">Rozhodnutie dekana \u010d. 1\/2026 o \u010fal\u0161om pou\u017eit\u00ed SF<br><\/a><\/strong><a href=\"https:\/\/www.upjs.sk\/app\/uploads\/sites\/9\/2026\/03\/Rozhodnutie-dekana-5-2025-o-dalsom-pouziti-SF.pdf\"><strong>Rozhodnutie dekana\u00a0 \u010d. 5\/2025 o\u00a0\u010fal\u0161om pou\u017eit\u00ed SF<br><\/strong><\/a><a href=\"https:\/\/www.upjs.sk\/app\/uploads\/sites\/9\/2024\/10\/Rozhodnutie_dekana_c2_2024-Soc.fond-1.pdf\"><b>Rozhodnutie dekana \u00a0\u010d. 2\/2024 &#8211; <\/b><strong>Z\u00e1sady pre tvorbu a pou\u017eitie soci\u00e1lneho fondu na Lek\u00e1rskej fakulte UPJ\u0160 v Ko\u0161iciach<\/strong><br><\/a><a href=\"https:\/\/www.upjs.sk\/app\/uploads\/sites\/9\/2024\/10\/Rozhodnutie-dekana-6-2023-Soc.fond-1.pdf\"><b>Rozhodnutie dekana \u00a0\u010d. 6\/2023 <\/b><strong>&#8211; Z\u00e1sady pre tvorbu a pou\u017eitie soci\u00e1lneho fondu na Lek\u00e1rskej fakulte UPJ\u0160 v Ko\u0161iciach<\/strong><br><\/a><strong><a href=\"https:\/\/www.lf.upjs.sk\/odbory\/Rozhodnutie_dekana_3_2021.pdf\" target=\"_blank\" rel=\"noreferrer noopener\">Rozhodnutie dekana \u010d. 3\/2021 &#8211; Z\u00e1sady pre tvorbu a pou\u017eitie soci\u00e1lneho fondu na Lek\u00e1rskej fakulte UPJ\u0160 v Ko\u0161iciach<\/a><\/strong><\/p>\n\n\n\n<p><\/p>\n","protected":false},"excerpt":{"rendered":"<p>Kolekt\u00edvna zmluva vy\u0161\u0161ieho stup\u0148a na rok 2025 Kolekt\u00edvna zmluva vy\u0161\u0161ieho stup\u0148a na rok 2023 &#8211; 2024 Kolekt\u00edvna zmluva vy\u0161\u0161ieho stup\u0148a na rok 2022 Kolekt\u00edvna zmluva vy\u0161\u0161ieho stup\u0148a na rok 2021Dodatok \u010d. 1 ku Kolekt\u00edvnej zmluve vy\u0161\u0161ieho stup\u0148a Kolekt\u00edvna zmluva na rok 2026Kolekt\u00edvna zmluva na rok 2025Dodatok \u010d. 1\/2025 \u00fa\u010dinnej od 1.7.2025Dodatok \u010d. 2\/2025 \u00fa\u010dinnej od &hellip; <a href=\"https:\/\/www.upjs.sk\/lekarska-fakulta\/informacie-pre-zamestnancov\/odborovy-zvaz-pri-lf\/dokumenty\/\">\u010c\u00edta\u0165 \u010falej<\/a><\/p>\n","protected":false},"author":75,"featured_media":0,"parent":121986,"menu_order":2,"comment_status":"closed","ping_status":"closed","template":"","meta":{"_acf_changed":false,"_editorskit_title_hidden":false,"_editorskit_reading_time":0,"_editorskit_is_block_options_detached":false,"_editorskit_block_options_position":"{}","footnotes":""},"categories":[],"tags":[],"class_list":["post-121992","page","type-page","status-publish","hentry"],"acf":{"acf_link_na_externy_obsah":""},"yoast_head":"<!-- This site is optimized with the Yoast SEO plugin v27.4 - https:\/\/yoast.com\/product\/yoast-seo-wordpress\/ -->\n<title>Dokumenty - Lek\u00e1rska fakulta | UPJ\u0160<\/title>\n<meta name=\"robots\" content=\"index, follow, max-snippet:-1, max-image-preview:large, max-video-preview:-1\" \/>\n<link rel=\"canonical\" href=\"https:\/\/www.upjs.sk\/lekarska-fakulta\/informacie-pre-zamestnancov\/odborovy-zvaz-pri-lf\/dokumenty\/\" \/>\n<meta property=\"og:locale\" content=\"sk_SK\" \/>\n<meta property=\"og:type\" content=\"article\" \/>\n<meta property=\"og:title\" content=\"Dokumenty - Lek\u00e1rska fakulta | UPJ\u0160\" \/>\n<meta property=\"og:description\" content=\"Kolekt\u00edvna zmluva vy\u0161\u0161ieho stup\u0148a na rok 2025 Kolekt\u00edvna zmluva vy\u0161\u0161ieho stup\u0148a na rok 2023 &#8211; 2024 Kolekt\u00edvna zmluva vy\u0161\u0161ieho stup\u0148a na rok 2022 Kolekt\u00edvna zmluva vy\u0161\u0161ieho stup\u0148a na rok 2021Dodatok \u010d. 1 ku Kolekt\u00edvnej zmluve vy\u0161\u0161ieho stup\u0148a Kolekt\u00edvna zmluva na rok 2026Kolekt\u00edvna zmluva na rok 2025Dodatok \u010d. 1\/2025 \u00fa\u010dinnej od 1.7.2025Dodatok \u010d. 2\/2025 \u00fa\u010dinnej od &hellip; \u010c\u00edta\u0165 \u010falej\" \/>\n<meta property=\"og:url\" content=\"https:\/\/www.upjs.sk\/lekarska-fakulta\/informacie-pre-zamestnancov\/odborovy-zvaz-pri-lf\/dokumenty\/\" \/>\n<meta property=\"og:site_name\" content=\"Lek\u00e1rska fakulta | UPJ\u0160\" \/>\n<meta property=\"article:modified_time\" content=\"2026-03-16T08:05:09+00:00\" \/>\n<meta name=\"twitter:card\" content=\"summary_large_image\" \/>\n<meta name=\"twitter:label1\" content=\"Predpokladan\u00fd \u010das \u010d\u00edtania\" \/>\n\t<meta name=\"twitter:data1\" content=\"1 min\u00fata\" \/>\n<script type=\"application\/ld+json\" class=\"yoast-schema-graph\">{\"@context\":\"https:\\\/\\\/schema.org\",\"@graph\":[{\"@type\":\"WebPage\",\"@id\":\"https:\\\/\\\/www.upjs.sk\\\/lekarska-fakulta\\\/informacie-pre-zamestnancov\\\/odborovy-zvaz-pri-lf\\\/dokumenty\\\/\",\"url\":\"https:\\\/\\\/www.upjs.sk\\\/lekarska-fakulta\\\/informacie-pre-zamestnancov\\\/odborovy-zvaz-pri-lf\\\/dokumenty\\\/\",\"name\":\"Dokumenty - Lek\u00e1rska fakulta | UPJ\u0160\",\"isPartOf\":{\"@id\":\"https:\\\/\\\/www.upjs.sk\\\/lekarska-fakulta\\\/#website\"},\"datePublished\":\"2024-10-22T09:30:23+00:00\",\"dateModified\":\"2026-03-16T08:05:09+00:00\",\"breadcrumb\":{\"@id\":\"https:\\\/\\\/www.upjs.sk\\\/lekarska-fakulta\\\/informacie-pre-zamestnancov\\\/odborovy-zvaz-pri-lf\\\/dokumenty\\\/#breadcrumb\"},\"inLanguage\":\"sk-SK\",\"potentialAction\":[{\"@type\":\"ReadAction\",\"target\":[\"https:\\\/\\\/www.upjs.sk\\\/lekarska-fakulta\\\/informacie-pre-zamestnancov\\\/odborovy-zvaz-pri-lf\\\/dokumenty\\\/\"]}]},{\"@type\":\"BreadcrumbList\",\"@id\":\"https:\\\/\\\/www.upjs.sk\\\/lekarska-fakulta\\\/informacie-pre-zamestnancov\\\/odborovy-zvaz-pri-lf\\\/dokumenty\\\/#breadcrumb\",\"itemListElement\":[{\"@type\":\"ListItem\",\"position\":1,\"name\":\"Home\",\"item\":\"https:\\\/\\\/www.upjs.sk\\\/lekarska-fakulta\\\/\"},{\"@type\":\"ListItem\",\"position\":2,\"name\":\"Inform\u00e1cie pre zamestnancov\",\"item\":\"https:\\\/\\\/www.upjs.sk\\\/lekarska-fakulta\\\/informacie-pre-zamestnancov\\\/\"},{\"@type\":\"ListItem\",\"position\":3,\"name\":\"Odborov\u00fd zv\u00e4z pri LF\",\"item\":\"https:\\\/\\\/www.upjs.sk\\\/lekarska-fakulta\\\/informacie-pre-zamestnancov\\\/odborovy-zvaz-pri-lf\\\/\"},{\"@type\":\"ListItem\",\"position\":4,\"name\":\"Dokumenty\"}]},{\"@type\":\"WebSite\",\"@id\":\"https:\\\/\\\/www.upjs.sk\\\/lekarska-fakulta\\\/#website\",\"url\":\"https:\\\/\\\/www.upjs.sk\\\/lekarska-fakulta\\\/\",\"name\":\"Lek\u00e1rska fakulta | UPJ\u0160\",\"description\":\"\",\"publisher\":{\"@id\":\"https:\\\/\\\/www.upjs.sk\\\/lekarska-fakulta\\\/#organization\"},\"potentialAction\":[{\"@type\":\"SearchAction\",\"target\":{\"@type\":\"EntryPoint\",\"urlTemplate\":\"https:\\\/\\\/www.upjs.sk\\\/lekarska-fakulta\\\/?s={search_term_string}\"},\"query-input\":{\"@type\":\"PropertyValueSpecification\",\"valueRequired\":true,\"valueName\":\"search_term_string\"}}],\"inLanguage\":\"sk-SK\"},{\"@type\":\"Organization\",\"@id\":\"https:\\\/\\\/www.upjs.sk\\\/lekarska-fakulta\\\/#organization\",\"name\":\"Lek\u00e1rska fakulta | UPJ\u0160\",\"url\":\"https:\\\/\\\/www.upjs.sk\\\/lekarska-fakulta\\\/\",\"logo\":{\"@type\":\"ImageObject\",\"inLanguage\":\"sk-SK\",\"@id\":\"https:\\\/\\\/www.upjs.sk\\\/lekarska-fakulta\\\/#\\\/schema\\\/logo\\\/image\\\/\",\"url\":\"https:\\\/\\\/www.upjs.sk\\\/app\\\/uploads\\\/sites\\\/9\\\/2022\\\/09\\\/logo-lekarska-fakulta.png\",\"contentUrl\":\"https:\\\/\\\/www.upjs.sk\\\/app\\\/uploads\\\/sites\\\/9\\\/2022\\\/09\\\/logo-lekarska-fakulta.png\",\"width\":415,\"height\":87,\"caption\":\"Lek\u00e1rska fakulta | UPJ\u0160\"},\"image\":{\"@id\":\"https:\\\/\\\/www.upjs.sk\\\/lekarska-fakulta\\\/#\\\/schema\\\/logo\\\/image\\\/\"}}]}<\/script>\n<!-- \/ Yoast SEO plugin. -->","yoast_head_json":{"title":"Dokumenty - Lek\u00e1rska fakulta | UPJ\u0160","robots":{"index":"index","follow":"follow","max-snippet":"max-snippet:-1","max-image-preview":"max-image-preview:large","max-video-preview":"max-video-preview:-1"},"canonical":"https:\/\/www.upjs.sk\/lekarska-fakulta\/informacie-pre-zamestnancov\/odborovy-zvaz-pri-lf\/dokumenty\/","og_locale":"sk_SK","og_type":"article","og_title":"Dokumenty - Lek\u00e1rska fakulta | UPJ\u0160","og_description":"Kolekt\u00edvna zmluva vy\u0161\u0161ieho stup\u0148a na rok 2025 Kolekt\u00edvna zmluva vy\u0161\u0161ieho stup\u0148a na rok 2023 &#8211; 2024 Kolekt\u00edvna zmluva vy\u0161\u0161ieho stup\u0148a na rok 2022 Kolekt\u00edvna zmluva vy\u0161\u0161ieho stup\u0148a na rok 2021Dodatok \u010d. 1 ku Kolekt\u00edvnej zmluve vy\u0161\u0161ieho stup\u0148a Kolekt\u00edvna zmluva na rok 2026Kolekt\u00edvna zmluva na rok 2025Dodatok \u010d. 1\/2025 \u00fa\u010dinnej od 1.7.2025Dodatok \u010d. 2\/2025 \u00fa\u010dinnej od &hellip; \u010c\u00edta\u0165 \u010falej","og_url":"https:\/\/www.upjs.sk\/lekarska-fakulta\/informacie-pre-zamestnancov\/odborovy-zvaz-pri-lf\/dokumenty\/","og_site_name":"Lek\u00e1rska fakulta | UPJ\u0160","article_modified_time":"2026-03-16T08:05:09+00:00","twitter_card":"summary_large_image","twitter_misc":{"Predpokladan\u00fd \u010das \u010d\u00edtania":"1 min\u00fata"},"schema":{"@context":"https:\/\/schema.org","@graph":[{"@type":"WebPage","@id":"https:\/\/www.upjs.sk\/lekarska-fakulta\/informacie-pre-zamestnancov\/odborovy-zvaz-pri-lf\/dokumenty\/","url":"https:\/\/www.upjs.sk\/lekarska-fakulta\/informacie-pre-zamestnancov\/odborovy-zvaz-pri-lf\/dokumenty\/","name":"Dokumenty - Lek\u00e1rska fakulta | UPJ\u0160","isPartOf":{"@id":"https:\/\/www.upjs.sk\/lekarska-fakulta\/#website"},"datePublished":"2024-10-22T09:30:23+00:00","dateModified":"2026-03-16T08:05:09+00:00","breadcrumb":{"@id":"https:\/\/www.upjs.sk\/lekarska-fakulta\/informacie-pre-zamestnancov\/odborovy-zvaz-pri-lf\/dokumenty\/#breadcrumb"},"inLanguage":"sk-SK","potentialAction":[{"@type":"ReadAction","target":["https:\/\/www.upjs.sk\/lekarska-fakulta\/informacie-pre-zamestnancov\/odborovy-zvaz-pri-lf\/dokumenty\/"]}]},{"@type":"BreadcrumbList","@id":"https:\/\/www.upjs.sk\/lekarska-fakulta\/informacie-pre-zamestnancov\/odborovy-zvaz-pri-lf\/dokumenty\/#breadcrumb","itemListElement":[{"@type":"ListItem","position":1,"name":"Home","item":"https:\/\/www.upjs.sk\/lekarska-fakulta\/"},{"@type":"ListItem","position":2,"name":"Inform\u00e1cie pre zamestnancov","item":"https:\/\/www.upjs.sk\/lekarska-fakulta\/informacie-pre-zamestnancov\/"},{"@type":"ListItem","position":3,"name":"Odborov\u00fd zv\u00e4z pri LF","item":"https:\/\/www.upjs.sk\/lekarska-fakulta\/informacie-pre-zamestnancov\/odborovy-zvaz-pri-lf\/"},{"@type":"ListItem","position":4,"name":"Dokumenty"}]},{"@type":"WebSite","@id":"https:\/\/www.upjs.sk\/lekarska-fakulta\/#website","url":"https:\/\/www.upjs.sk\/lekarska-fakulta\/","name":"Lek\u00e1rska fakulta | UPJ\u0160","description":"","publisher":{"@id":"https:\/\/www.upjs.sk\/lekarska-fakulta\/#organization"},"potentialAction":[{"@type":"SearchAction","target":{"@type":"EntryPoint","urlTemplate":"https:\/\/www.upjs.sk\/lekarska-fakulta\/?s={search_term_string}"},"query-input":{"@type":"PropertyValueSpecification","valueRequired":true,"valueName":"search_term_string"}}],"inLanguage":"sk-SK"},{"@type":"Organization","@id":"https:\/\/www.upjs.sk\/lekarska-fakulta\/#organization","name":"Lek\u00e1rska fakulta | UPJ\u0160","url":"https:\/\/www.upjs.sk\/lekarska-fakulta\/","logo":{"@type":"ImageObject","inLanguage":"sk-SK","@id":"https:\/\/www.upjs.sk\/lekarska-fakulta\/#\/schema\/logo\/image\/","url":"https:\/\/www.upjs.sk\/app\/uploads\/sites\/9\/2022\/09\/logo-lekarska-fakulta.png","contentUrl":"https:\/\/www.upjs.sk\/app\/uploads\/sites\/9\/2022\/09\/logo-lekarska-fakulta.png","width":415,"height":87,"caption":"Lek\u00e1rska fakulta | UPJ\u0160"},"image":{"@id":"https:\/\/www.upjs.sk\/lekarska-fakulta\/#\/schema\/logo\/image\/"}}]}},"_links":{"self":[{"href":"https:\/\/www.upjs.sk\/lekarska-fakulta\/wp-json\/wp\/v2\/pages\/121992","targetHints":{"allow":["GET"]}}],"collection":[{"href":"https:\/\/www.upjs.sk\/lekarska-fakulta\/wp-json\/wp\/v2\/pages"}],"about":[{"href":"https:\/\/www.upjs.sk\/lekarska-fakulta\/wp-json\/wp\/v2\/types\/page"}],"author":[{"embeddable":true,"href":"https:\/\/www.upjs.sk\/lekarska-fakulta\/wp-json\/wp\/v2\/users\/75"}],"replies":[{"embeddable":true,"href":"https:\/\/www.upjs.sk\/lekarska-fakulta\/wp-json\/wp\/v2\/comments?post=121992"}],"version-history":[{"count":8,"href":"https:\/\/www.upjs.sk\/lekarska-fakulta\/wp-json\/wp\/v2\/pages\/121992\/revisions"}],"predecessor-version":[{"id":156285,"href":"https:\/\/www.upjs.sk\/lekarska-fakulta\/wp-json\/wp\/v2\/pages\/121992\/revisions\/156285"}],"up":[{"embeddable":true,"href":"https:\/\/www.upjs.sk\/lekarska-fakulta\/wp-json\/wp\/v2\/pages\/121986"}],"wp:attachment":[{"href":"https:\/\/www.upjs.sk\/lekarska-fakulta\/wp-json\/wp\/v2\/media?parent=121992"}],"wp:term":[{"taxonomy":"category","embeddable":true,"href":"https:\/\/www.upjs.sk\/lekarska-fakulta\/wp-json\/wp\/v2\/categories?post=121992"},{"taxonomy":"post_tag","embeddable":true,"href":"https:\/\/www.upjs.sk\/lekarska-fakulta\/wp-json\/wp\/v2\/tags?post=121992"}],"curies":[{"name":"wp","href":"https:\/\/api.w.org\/{rel}","templated":true}]}}