{"id":12791,"date":"2022-05-17T09:10:20","date_gmt":"2022-05-17T09:10:20","guid":{"rendered":"https:\/\/www.upjs.sk\/lekarska-fakulta\/root\/studium-na-fakulte\/pregradualne\/studium-2\/prace-2\/"},"modified":"2026-01-27T14:30:49","modified_gmt":"2026-01-27T13:30:49","slug":"zaverecne-prace","status":"publish","type":"page","link":"https:\/\/www.upjs.sk\/lekarska-fakulta\/studenti-lf\/pregradualne\/zaverecne-prace\/","title":{"rendered":"Z\u00e1vere\u010dn\u00e9 pr\u00e1ce"},"content":{"rendered":"\n<ul class=\"wp-block-list\">\n<li>Obh\u00e1jen\u00e9 z\u00e1vere\u010dn\u00e9 pr\u00e1ce:&nbsp; <a href=\"vl\/\" class=\"ek-link\">VL<\/a> &nbsp; <a href=\"zl\/\">ZL<\/a><\/li>\n\n\n\n<li><a href=\"https:\/\/www.upjs.sk\/app\/uploads\/sites\/9\/2022\/09\/Smernica_ZP_UPJS_LF.pdf\" target=\"_blank\" rel=\"noreferrer noopener\">Smernica \u010d. 2\/2022<\/a> k z\u00e1vere\u010dn\u00fdm pr\u00e1cam predkladan\u00fdm na Univerzite Pavla Jozefa \u0160af\u00e1rika v&nbsp;Ko\u0161iciach, Lek\u00e1rskej fakulte<\/li>\n\n\n\n<li><a href=\"https:\/\/intranet.upjs.sk\/op\/op.Public.php?documentid=7404\" class=\"ek-link\">Rozhodnutie rektora \u010d. 9\/2022<\/a> o predkladan\u00ed z\u00e1vere\u010dn\u00fdch pr\u00e1c na 1., 2. a spojenom 1. a 2. stupni vysoko\u0161kolsk\u00e9ho vzdel\u00e1vania a uzatv\u00e1ran\u00ed licen\u010dn\u00fdch zml\u00fav<\/li>\n\n\n\n<li><a href=\"https:\/\/intranet.upjs.sk\/op\/op.Public.php?documentid=1572\" target=\"_blank\" aria-label=\" (opens in a new tab)\" rel=\"noreferrer noopener\" class=\"ek-link\">Smernica \u010d. 1\/2011<\/a> o z\u00e1kladn\u00fdch n\u00e1le\u017eitostiach z\u00e1vere\u010dn\u00fdch pr\u00e1c, rigor\u00f3znych pr\u00e1c a habilita\u010dn\u00fdch pr\u00e1c, ich zverejnen\u00ed a spr\u00edstupnen\u00ed po dobu ich uchov\u00e1vania a kontrole originality platn\u00e1 pre UPJ\u0160 v&nbsp;Ko\u0161iciach a jej s\u00fa\u010dasti<br>Pr\u00edlohy: <a href=\"\/public\/media\/3241\/smernica-1-2011-pril-1.pdf\" target=\"_blank\" rel=\"noopener\">1<\/a>, <a href=\"\/public\/media\/3241\/smernica-1-2011-pril-2.pdf\" target=\"_blank\" rel=\"noopener\">2<\/a>, <a href=\"\/public\/media\/3241\/smernica-1-2011-pril-3.pdf\" target=\"_blank\" rel=\"noopener\">3<\/a>, <a href=\"\/public\/media\/3241\/smernica-1-2011-pril-4.docx\" target=\"_blank\" rel=\"noopener\">4<\/a>, <a href=\"\/public\/media\/3241\/smernica-1-2011-pril-5.pdf\" target=\"_blank\" rel=\"noopener\">5<\/a>, <a href=\"\/public\/media\/3241\/smernica-1-2011-pril-6.pdf\" target=\"_blank\" rel=\"noopener\">6<\/a>,&nbsp; dodatok: <a href=\"\/public\/media\/3241\/smernica-1-2011-dodatok-1.pdf\" target=\"_blank\" rel=\"noopener\">\u010d. 1 <\/a>, dodatok: <a href=\"\/public\/media\/3241\/smernica-1-2011-dodatok-2.pdf\" target=\"_blank\" rel=\"noopener\">\u010d. 2<\/a>, dodatok <a href=\"\/public\/media\/2438\/Dodatok3-smernica-1-2011.pdf\" target=\"_blank\" rel=\"noopener\">\u010d. 3<\/a><\/li>\n\n\n\n<li><a href=\"https:\/\/www.upjs.sk\/app\/uploads\/sites\/9\/2026\/01\/zaverecne-prace_terminy_2025-2026_fin-.pdf\" target=\"_blank\" rel=\"noreferrer noopener\">Postup zad\u00e1vania a prihlasovania sa na t\u00e9my z\u00e1vere\u010dn\u00fdch pr\u00e1c<\/a><\/li>\n\n\n\n<li><a href=\"http:\/\/www.crzp.sk\/\">Centr\u00e1lny register ZP<\/a><\/li>\n\n\n\n<li><a href=\"https:\/\/www.upjs.sk\/app\/uploads\/sites\/9\/2022\/10\/Ramcovy_postup.pdf\" target=\"_blank\" rel=\"noreferrer noopener\">R\u00e1mcov\u00fd postup odovzd\u00e1vania ZP <\/a><\/li>\n\n\n\n<li><a href=\"https:\/\/intranet.upjs.sk\/op\/op.Public.php?documentid=10083\">\u0160abl\u00f3na pre z\u00e1vere\u010dn\u00e9 pr\u00e1ce<\/a><\/li>\n<\/ul>\n\n\n\n<div style=\"height:20px\" aria-hidden=\"true\" class=\"wp-block-spacer\"><\/div>\n\n\n\n<p><strong>Formul\u00e1re k z\u00e1vere\u010dn\u00fdm pr\u00e1cam:<\/strong><\/p>\n\n\n\n<ul class=\"wp-block-list\">\n<li><a href=\"https:\/\/www.upjs.sk\/app\/uploads\/sites\/9\/2024\/08\/Ziadost_o_vypracovanie_posudku_veduceho_ZP.doc\">\u017diados\u0165 o vypracovanie posudku ved\u00faceho z\u00e1vere\u010dnej pr\u00e1ce<\/a><\/li>\n\n\n\n<li><a href=\"https:\/\/www.upjs.sk\/app\/uploads\/sites\/9\/2024\/08\/Ziadost_o_vypracovanie_posudku_oponenta_ZP.doc\">\u017diados\u0165 o vypracovanie oponentsk\u00e9ho posudku k z\u00e1vere\u010dnej pr\u00e1ci<\/a><\/li>\n\n\n\n<li><a href=\"https:\/\/www.upjs.sk\/app\/uploads\/sites\/9\/2023\/07\/Posudok_veduceho_ZP_12.7.2023.doc\" target=\"_blank\" rel=\"noopener\">Posudok ved\u00faceho z\u00e1vere\u010dnej pr\u00e1ce<\/a><\/li>\n\n\n\n<li><a href=\"https:\/\/www.upjs.sk\/app\/uploads\/sites\/9\/2023\/07\/Posudok_oponenta_ZP_12.7.2023.doc\" target=\"_blank\" rel=\"noreferrer noopener\">Posudok oponenta z\u00e1vere\u010dnej pr\u00e1ce<\/a><\/li>\n\n\n\n<li><a href=\"https:\/\/www.upjs.sk\/app\/uploads\/sites\/9\/2022\/10\/Posudok_veduceho_rigoroznej_prace.doc\">Posudok ved\u00faceho rigor\u00f3znej pr\u00e1ce<\/a><\/li>\n\n\n\n<li><a href=\"https:\/\/www.upjs.sk\/app\/uploads\/sites\/9\/2022\/10\/Posudok_oponenta_rigoroznej_prace.doc\" target=\"_blank\" rel=\"noreferrer noopener\">Posudok oponenta rigor\u00f3znej pr\u00e1ce<\/a><\/li>\n\n\n\n<li><a href=\"https:\/\/www.upjs.sk\/app\/uploads\/sites\/9\/2022\/10\/Pokyny_k_ZP.doc\">Pokyny na vyplnenie formul\u00e1ra<\/a><\/li>\n\n\n\n<li><a href=\"https:\/\/www.upjs.sk\/app\/uploads\/sites\/9\/2022\/10\/Zaznamova_karta_NZO.doc\" target=\"_blank\" rel=\"noreferrer noopener\">Z\u00e1znamov\u00e1 karta NZO<\/a><\/li>\n\n\n\n<li><a href=\"https:\/\/www.upjs.sk\/app\/uploads\/sites\/9\/2022\/10\/Zaznamova_karta_DR_1.doc\" target=\"_blank\" rel=\"noreferrer noopener\">Z\u00e1znamov\u00e1 karta DR<\/a><\/li>\n\n\n\n<li><a href=\"https:\/\/www.upjs.sk\/app\/uploads\/sites\/9\/2022\/10\/Zaznamova_karta_2_strana.doc\" target=\"_blank\" rel=\"noreferrer noopener\">Z\u00e1znamov\u00e1 karta DR 2. strana<\/a><\/li>\n<\/ul>\n","protected":false},"excerpt":{"rendered":"<p>Formul\u00e1re k z\u00e1vere\u010dn\u00fdm pr\u00e1cam:<\/p>\n","protected":false},"author":1,"featured_media":0,"parent":12757,"menu_order":6,"comment_status":"closed","ping_status":"closed","template":"","meta":{"_acf_changed":false,"_editorskit_title_hidden":false,"_editorskit_reading_time":0,"_editorskit_is_block_options_detached":false,"_editorskit_block_options_position":"{}","footnotes":""},"categories":[],"tags":[],"class_list":["post-12791","page","type-page","status-publish","hentry"],"acf":{"acf_link_na_externy_obsah":""},"yoast_head":"<!-- This site is optimized with the Yoast SEO plugin v27.4 - https:\/\/yoast.com\/product\/yoast-seo-wordpress\/ -->\n<title>Z\u00e1vere\u010dn\u00e9 pr\u00e1ce - Lek\u00e1rska fakulta | UPJ\u0160<\/title>\n<meta name=\"robots\" content=\"index, follow, max-snippet:-1, max-image-preview:large, max-video-preview:-1\" \/>\n<link rel=\"canonical\" href=\"https:\/\/www.upjs.sk\/lekarska-fakulta\/studenti-lf\/pregradualne\/zaverecne-prace\/\" \/>\n<meta property=\"og:locale\" content=\"sk_SK\" \/>\n<meta property=\"og:type\" content=\"article\" \/>\n<meta property=\"og:title\" content=\"Z\u00e1vere\u010dn\u00e9 pr\u00e1ce - Lek\u00e1rska fakulta | UPJ\u0160\" \/>\n<meta property=\"og:description\" content=\"Formul\u00e1re k z\u00e1vere\u010dn\u00fdm pr\u00e1cam:\" \/>\n<meta property=\"og:url\" content=\"https:\/\/www.upjs.sk\/lekarska-fakulta\/studenti-lf\/pregradualne\/zaverecne-prace\/\" \/>\n<meta property=\"og:site_name\" content=\"Lek\u00e1rska fakulta | UPJ\u0160\" \/>\n<meta property=\"article:modified_time\" content=\"2026-01-27T13:30:49+00:00\" \/>\n<meta name=\"twitter:card\" content=\"summary_large_image\" \/>\n<meta name=\"twitter:label1\" content=\"Predpokladan\u00fd \u010das \u010d\u00edtania\" \/>\n\t<meta name=\"twitter:data1\" content=\"1 min\u00fata\" \/>\n<script type=\"application\/ld+json\" class=\"yoast-schema-graph\">{\"@context\":\"https:\\\/\\\/schema.org\",\"@graph\":[{\"@type\":\"WebPage\",\"@id\":\"https:\\\/\\\/www.upjs.sk\\\/lekarska-fakulta\\\/studenti-lf\\\/pregradualne\\\/zaverecne-prace\\\/\",\"url\":\"https:\\\/\\\/www.upjs.sk\\\/lekarska-fakulta\\\/studenti-lf\\\/pregradualne\\\/zaverecne-prace\\\/\",\"name\":\"Z\u00e1vere\u010dn\u00e9 pr\u00e1ce - Lek\u00e1rska fakulta | UPJ\u0160\",\"isPartOf\":{\"@id\":\"https:\\\/\\\/www.upjs.sk\\\/lekarska-fakulta\\\/#website\"},\"datePublished\":\"2022-05-17T09:10:20+00:00\",\"dateModified\":\"2026-01-27T13:30:49+00:00\",\"breadcrumb\":{\"@id\":\"https:\\\/\\\/www.upjs.sk\\\/lekarska-fakulta\\\/studenti-lf\\\/pregradualne\\\/zaverecne-prace\\\/#breadcrumb\"},\"inLanguage\":\"sk-SK\",\"potentialAction\":[{\"@type\":\"ReadAction\",\"target\":[\"https:\\\/\\\/www.upjs.sk\\\/lekarska-fakulta\\\/studenti-lf\\\/pregradualne\\\/zaverecne-prace\\\/\"]}]},{\"@type\":\"BreadcrumbList\",\"@id\":\"https:\\\/\\\/www.upjs.sk\\\/lekarska-fakulta\\\/studenti-lf\\\/pregradualne\\\/zaverecne-prace\\\/#breadcrumb\",\"itemListElement\":[{\"@type\":\"ListItem\",\"position\":1,\"name\":\"Home\",\"item\":\"https:\\\/\\\/www.upjs.sk\\\/lekarska-fakulta\\\/\"},{\"@type\":\"ListItem\",\"position\":2,\"name\":\"\u0160tudenti\",\"item\":\"https:\\\/\\\/www.upjs.sk\\\/lekarska-fakulta\\\/studenti-lf\\\/\"},{\"@type\":\"ListItem\",\"position\":3,\"name\":\"Bakal\u00e1rske, magistersk\u00e9 a doktorsk\u00e9 \u0161t\u00fadium\",\"item\":\"https:\\\/\\\/www.upjs.sk\\\/lekarska-fakulta\\\/studenti-lf\\\/pregradualne\\\/\"},{\"@type\":\"ListItem\",\"position\":4,\"name\":\"Z\u00e1vere\u010dn\u00e9 pr\u00e1ce\"}]},{\"@type\":\"WebSite\",\"@id\":\"https:\\\/\\\/www.upjs.sk\\\/lekarska-fakulta\\\/#website\",\"url\":\"https:\\\/\\\/www.upjs.sk\\\/lekarska-fakulta\\\/\",\"name\":\"Lek\u00e1rska fakulta | UPJ\u0160\",\"description\":\"\",\"publisher\":{\"@id\":\"https:\\\/\\\/www.upjs.sk\\\/lekarska-fakulta\\\/#organization\"},\"potentialAction\":[{\"@type\":\"SearchAction\",\"target\":{\"@type\":\"EntryPoint\",\"urlTemplate\":\"https:\\\/\\\/www.upjs.sk\\\/lekarska-fakulta\\\/?s={search_term_string}\"},\"query-input\":{\"@type\":\"PropertyValueSpecification\",\"valueRequired\":true,\"valueName\":\"search_term_string\"}}],\"inLanguage\":\"sk-SK\"},{\"@type\":\"Organization\",\"@id\":\"https:\\\/\\\/www.upjs.sk\\\/lekarska-fakulta\\\/#organization\",\"name\":\"Lek\u00e1rska fakulta | UPJ\u0160\",\"url\":\"https:\\\/\\\/www.upjs.sk\\\/lekarska-fakulta\\\/\",\"logo\":{\"@type\":\"ImageObject\",\"inLanguage\":\"sk-SK\",\"@id\":\"https:\\\/\\\/www.upjs.sk\\\/lekarska-fakulta\\\/#\\\/schema\\\/logo\\\/image\\\/\",\"url\":\"https:\\\/\\\/www.upjs.sk\\\/app\\\/uploads\\\/sites\\\/9\\\/2022\\\/09\\\/logo-lekarska-fakulta.png\",\"contentUrl\":\"https:\\\/\\\/www.upjs.sk\\\/app\\\/uploads\\\/sites\\\/9\\\/2022\\\/09\\\/logo-lekarska-fakulta.png\",\"width\":415,\"height\":87,\"caption\":\"Lek\u00e1rska fakulta | UPJ\u0160\"},\"image\":{\"@id\":\"https:\\\/\\\/www.upjs.sk\\\/lekarska-fakulta\\\/#\\\/schema\\\/logo\\\/image\\\/\"}}]}<\/script>\n<!-- \/ Yoast SEO plugin. -->","yoast_head_json":{"title":"Z\u00e1vere\u010dn\u00e9 pr\u00e1ce - Lek\u00e1rska fakulta | UPJ\u0160","robots":{"index":"index","follow":"follow","max-snippet":"max-snippet:-1","max-image-preview":"max-image-preview:large","max-video-preview":"max-video-preview:-1"},"canonical":"https:\/\/www.upjs.sk\/lekarska-fakulta\/studenti-lf\/pregradualne\/zaverecne-prace\/","og_locale":"sk_SK","og_type":"article","og_title":"Z\u00e1vere\u010dn\u00e9 pr\u00e1ce - Lek\u00e1rska fakulta | UPJ\u0160","og_description":"Formul\u00e1re k z\u00e1vere\u010dn\u00fdm pr\u00e1cam:","og_url":"https:\/\/www.upjs.sk\/lekarska-fakulta\/studenti-lf\/pregradualne\/zaverecne-prace\/","og_site_name":"Lek\u00e1rska fakulta | UPJ\u0160","article_modified_time":"2026-01-27T13:30:49+00:00","twitter_card":"summary_large_image","twitter_misc":{"Predpokladan\u00fd \u010das \u010d\u00edtania":"1 min\u00fata"},"schema":{"@context":"https:\/\/schema.org","@graph":[{"@type":"WebPage","@id":"https:\/\/www.upjs.sk\/lekarska-fakulta\/studenti-lf\/pregradualne\/zaverecne-prace\/","url":"https:\/\/www.upjs.sk\/lekarska-fakulta\/studenti-lf\/pregradualne\/zaverecne-prace\/","name":"Z\u00e1vere\u010dn\u00e9 pr\u00e1ce - Lek\u00e1rska fakulta | UPJ\u0160","isPartOf":{"@id":"https:\/\/www.upjs.sk\/lekarska-fakulta\/#website"},"datePublished":"2022-05-17T09:10:20+00:00","dateModified":"2026-01-27T13:30:49+00:00","breadcrumb":{"@id":"https:\/\/www.upjs.sk\/lekarska-fakulta\/studenti-lf\/pregradualne\/zaverecne-prace\/#breadcrumb"},"inLanguage":"sk-SK","potentialAction":[{"@type":"ReadAction","target":["https:\/\/www.upjs.sk\/lekarska-fakulta\/studenti-lf\/pregradualne\/zaverecne-prace\/"]}]},{"@type":"BreadcrumbList","@id":"https:\/\/www.upjs.sk\/lekarska-fakulta\/studenti-lf\/pregradualne\/zaverecne-prace\/#breadcrumb","itemListElement":[{"@type":"ListItem","position":1,"name":"Home","item":"https:\/\/www.upjs.sk\/lekarska-fakulta\/"},{"@type":"ListItem","position":2,"name":"\u0160tudenti","item":"https:\/\/www.upjs.sk\/lekarska-fakulta\/studenti-lf\/"},{"@type":"ListItem","position":3,"name":"Bakal\u00e1rske, magistersk\u00e9 a doktorsk\u00e9 \u0161t\u00fadium","item":"https:\/\/www.upjs.sk\/lekarska-fakulta\/studenti-lf\/pregradualne\/"},{"@type":"ListItem","position":4,"name":"Z\u00e1vere\u010dn\u00e9 pr\u00e1ce"}]},{"@type":"WebSite","@id":"https:\/\/www.upjs.sk\/lekarska-fakulta\/#website","url":"https:\/\/www.upjs.sk\/lekarska-fakulta\/","name":"Lek\u00e1rska fakulta | UPJ\u0160","description":"","publisher":{"@id":"https:\/\/www.upjs.sk\/lekarska-fakulta\/#organization"},"potentialAction":[{"@type":"SearchAction","target":{"@type":"EntryPoint","urlTemplate":"https:\/\/www.upjs.sk\/lekarska-fakulta\/?s={search_term_string}"},"query-input":{"@type":"PropertyValueSpecification","valueRequired":true,"valueName":"search_term_string"}}],"inLanguage":"sk-SK"},{"@type":"Organization","@id":"https:\/\/www.upjs.sk\/lekarska-fakulta\/#organization","name":"Lek\u00e1rska fakulta | UPJ\u0160","url":"https:\/\/www.upjs.sk\/lekarska-fakulta\/","logo":{"@type":"ImageObject","inLanguage":"sk-SK","@id":"https:\/\/www.upjs.sk\/lekarska-fakulta\/#\/schema\/logo\/image\/","url":"https:\/\/www.upjs.sk\/app\/uploads\/sites\/9\/2022\/09\/logo-lekarska-fakulta.png","contentUrl":"https:\/\/www.upjs.sk\/app\/uploads\/sites\/9\/2022\/09\/logo-lekarska-fakulta.png","width":415,"height":87,"caption":"Lek\u00e1rska fakulta | UPJ\u0160"},"image":{"@id":"https:\/\/www.upjs.sk\/lekarska-fakulta\/#\/schema\/logo\/image\/"}}]}},"_links":{"self":[{"href":"https:\/\/www.upjs.sk\/lekarska-fakulta\/wp-json\/wp\/v2\/pages\/12791","targetHints":{"allow":["GET"]}}],"collection":[{"href":"https:\/\/www.upjs.sk\/lekarska-fakulta\/wp-json\/wp\/v2\/pages"}],"about":[{"href":"https:\/\/www.upjs.sk\/lekarska-fakulta\/wp-json\/wp\/v2\/types\/page"}],"author":[{"embeddable":true,"href":"https:\/\/www.upjs.sk\/lekarska-fakulta\/wp-json\/wp\/v2\/users\/1"}],"replies":[{"embeddable":true,"href":"https:\/\/www.upjs.sk\/lekarska-fakulta\/wp-json\/wp\/v2\/comments?post=12791"}],"version-history":[{"count":20,"href":"https:\/\/www.upjs.sk\/lekarska-fakulta\/wp-json\/wp\/v2\/pages\/12791\/revisions"}],"predecessor-version":[{"id":151652,"href":"https:\/\/www.upjs.sk\/lekarska-fakulta\/wp-json\/wp\/v2\/pages\/12791\/revisions\/151652"}],"up":[{"embeddable":true,"href":"https:\/\/www.upjs.sk\/lekarska-fakulta\/wp-json\/wp\/v2\/pages\/12757"}],"wp:attachment":[{"href":"https:\/\/www.upjs.sk\/lekarska-fakulta\/wp-json\/wp\/v2\/media?parent=12791"}],"wp:term":[{"taxonomy":"category","embeddable":true,"href":"https:\/\/www.upjs.sk\/lekarska-fakulta\/wp-json\/wp\/v2\/categories?post=12791"},{"taxonomy":"post_tag","embeddable":true,"href":"https:\/\/www.upjs.sk\/lekarska-fakulta\/wp-json\/wp\/v2\/tags?post=12791"}],"curies":[{"name":"wp","href":"https:\/\/api.w.org\/{rel}","templated":true}]}}