{"id":12960,"date":"2023-02-26T10:55:33","date_gmt":"2023-02-26T09:55:25","guid":{"rendered":"https:\/\/www.upjs.sk\/lekarska-fakulta\/root\/studium-na-fakulte\/dalsie-vzdelavanie\/oddelenie\/"},"modified":"2026-02-02T13:01:37","modified_gmt":"2026-02-02T12:01:37","slug":"oddelenie","status":"publish","type":"page","link":"https:\/\/www.upjs.sk\/lekarska-fakulta\/studenti-lf\/dalsie-vzdelavanie\/oddelenie\/","title":{"rendered":"Oddelenie pre \u010fal\u0161ie vzdel\u00e1vanie zdravotn\u00edckych pracovn\u00edkov"},"content":{"rendered":"<style>.wp-block-kadence-advancedheading.kt-adv-heading12960_c0a64c-f1, .wp-block-kadence-advancedheading.kt-adv-heading12960_c0a64c-f1[data-kb-block=\"kb-adv-heading12960_c0a64c-f1\"]{font-style:normal;}.wp-block-kadence-advancedheading.kt-adv-heading12960_c0a64c-f1 mark.kt-highlight, .wp-block-kadence-advancedheading.kt-adv-heading12960_c0a64c-f1[data-kb-block=\"kb-adv-heading12960_c0a64c-f1\"] mark.kt-highlight{font-style:normal;color:#f76a0c;-webkit-box-decoration-break:clone;box-decoration-break:clone;padding-top:0px;padding-right:0px;padding-bottom:0px;padding-left:0px;}<\/style>\n<h4 class=\"kt-adv-heading12960_c0a64c-f1 wp-block-kadence-advancedheading\" data-kb-block=\"kb-adv-heading12960_c0a64c-f1\">Kontakty<\/h4>\n\n\n\n<p><strong>Adresa:<br><\/strong>Dekan\u00e1t UPJ\u0160 LF, 4. poschodie<br>Oddelenie pre \u010fal\u0161ie vzdel\u00e1vanie zdravotn\u00edckych pracovn\u00edkov<br>Trieda SNP 1<br>040 11 Ko\u0161ice<\/p>\n\n\n\n<div class=\"wp-block-columns is-style-gapless is-layout-flex wp-container-core-columns-is-layout-9d6595d7 wp-block-columns-is-layout-flex\">\n<div class=\"wp-block-column is-content-justification-left is-layout-constrained wp-container-core-column-is-layout-8c890d92 wp-block-column-is-layout-constrained\" style=\"flex-basis:170px\"><style>.kb-image12960_09ced2-36.kb-image-is-ratio-size, .kb-image12960_09ced2-36 .kb-image-is-ratio-size{max-width:150px;width:100%;}.wp-block-kadence-column > .kt-inside-inner-col > .kb-image12960_09ced2-36.kb-image-is-ratio-size, .wp-block-kadence-column > .kt-inside-inner-col > .kb-image12960_09ced2-36 .kb-image-is-ratio-size{align-self:unset;}.kb-image12960_09ced2-36{max-width:150px;}.image-is-svg.kb-image12960_09ced2-36{-webkit-flex:0 1 100%;flex:0 1 100%;}.image-is-svg.kb-image12960_09ced2-36 img{width:100%;}.kb-image12960_09ced2-36 .kb-image-has-overlay:after{opacity:0.3;}.kb-image12960_09ced2-36 img.kb-img, .kb-image12960_09ced2-36 .kb-img img{box-shadow:6px 6px 12px 0px #C92432;}<\/style>\n<figure class=\"wp-block-kadence-image kb-image12960_09ced2-36 size-full kb-image-is-ratio-size\"><div class=\"kb-is-ratio-image kb-image-ratio-port23\"><img loading=\"lazy\" decoding=\"async\" width=\"267\" height=\"400\" src=\"https:\/\/www.upjs.sk\/app\/uploads\/sites\/9\/2022\/12\/Urdzik.jpg\" alt=\"\" class=\"kb-img wp-image-71645\" srcset=\"https:\/\/www.upjs.sk\/app\/uploads\/sites\/9\/2022\/12\/Urdzik.jpg 267w, https:\/\/www.upjs.sk\/app\/uploads\/sites\/9\/2022\/12\/Urdzik-200x300.jpg 200w\" sizes=\"auto, (max-width: 267px) 100vw, 267px\" \/><\/div><\/figure>\n<\/div>\n\n\n\n<div class=\"wp-block-column is-vertically-aligned-bottom is-layout-flow wp-block-column-is-layout-flow\" style=\"flex-basis:75%\">\n<p><strong>prof. MUDr. Peter Urdz\u00edk, PhD., MPH<\/strong><br>prodekan pre \u010fal\u0161ie vzdel\u00e1vanie zdravotn\u00edckych pracovn\u00edkov a nelek\u00e1rske \u0161tudijn\u00e9 programy na Univerzite Pavla Jozefa \u0160af\u00e1rika v Ko\u0161iciach, Lek\u00e1rskej fakulte<br>E-mail: <a href=\"mailto:peter.urdzik@upjs.sk\">peter.urdzik@upjs.sk<\/a><br>Tel.: +421 55 640 3615<br>Tel.\/VoIP: +421 55 234 3487<\/p>\n<\/div>\n<\/div>\n\n\n\n<div class=\"wp-block-columns is-style-gapless is-layout-flex wp-container-core-columns-is-layout-9d6595d7 wp-block-columns-is-layout-flex\">\n<div class=\"wp-block-column is-content-justification-left is-layout-constrained wp-container-core-column-is-layout-8c890d92 wp-block-column-is-layout-constrained\" style=\"flex-basis:170px\"><style>.kb-image12960_398694-23.kb-image-is-ratio-size, .kb-image12960_398694-23 .kb-image-is-ratio-size{max-width:150px;width:100%;}.wp-block-kadence-column > .kt-inside-inner-col > .kb-image12960_398694-23.kb-image-is-ratio-size, .wp-block-kadence-column > .kt-inside-inner-col > .kb-image12960_398694-23 .kb-image-is-ratio-size{align-self:unset;}.kb-image12960_398694-23{max-width:150px;}.image-is-svg.kb-image12960_398694-23{-webkit-flex:0 1 100%;flex:0 1 100%;}.image-is-svg.kb-image12960_398694-23 img{width:100%;}.kb-image12960_398694-23 .kb-image-has-overlay:after{opacity:0.3;}.kb-image12960_398694-23 img.kb-img, .kb-image12960_398694-23 .kb-img img{box-shadow:6px 6px 12px 0px #C92432;}<\/style>\n<figure class=\"wp-block-kadence-image kb-image12960_398694-23 size-full kb-image-is-ratio-size\"><div class=\"kb-is-ratio-image kb-image-ratio-port23\"><img loading=\"lazy\" decoding=\"async\" width=\"150\" height=\"180\" src=\"https:\/\/www.upjs.sk\/app\/uploads\/sites\/9\/2022\/09\/person.png\" alt=\"\" class=\"kb-img wp-image-12963\"\/><\/div><\/figure>\n<\/div>\n\n\n\n<div class=\"wp-block-column is-vertically-aligned-bottom is-layout-flow wp-block-column-is-layout-flow\" style=\"flex-basis:75%\">\n<p><strong><strong><strong>Mgr. Zuzana Dlugo\u0161ov\u00e1<\/strong><\/strong><br>Zara\u010fovanie do \u010fal\u0161ieho vzdel\u00e1vania<\/strong> \u2013 <em>pod\u00e1vanie \u017eiadost\u00ed o&nbsp;zaradenie do \u0161pecializa\u010dn\u00e9ho \u0161t\u00fadia a certifika\u010dnej pr\u00edpravy<\/em><br>E-mail:&nbsp;<a href=\"mailto:zuzana.dlugosova@upjs.sk\">zuzana.dlugosova@upjs.sk<br><\/a>Tel.\/VoIP: +421 55 234 3317<\/p>\n<\/div>\n<\/div>\n\n\n\n<div class=\"wp-block-columns is-style-gapless is-layout-flex wp-container-core-columns-is-layout-9d6595d7 wp-block-columns-is-layout-flex\">\n<div class=\"wp-block-column is-content-justification-left is-layout-constrained wp-container-core-column-is-layout-8c890d92 wp-block-column-is-layout-constrained\" style=\"flex-basis:170px\"><style>.kb-image12960_3b839d-a4.kb-image-is-ratio-size, .kb-image12960_3b839d-a4 .kb-image-is-ratio-size{max-width:150px;width:100%;}.wp-block-kadence-column > .kt-inside-inner-col > .kb-image12960_3b839d-a4.kb-image-is-ratio-size, .wp-block-kadence-column > .kt-inside-inner-col > .kb-image12960_3b839d-a4 .kb-image-is-ratio-size{align-self:unset;}.kb-image12960_3b839d-a4{max-width:150px;}.image-is-svg.kb-image12960_3b839d-a4{-webkit-flex:0 1 100%;flex:0 1 100%;}.image-is-svg.kb-image12960_3b839d-a4 img{width:100%;}.kb-image12960_3b839d-a4 .kb-image-has-overlay:after{opacity:0.3;}.kb-image12960_3b839d-a4 img.kb-img, .kb-image12960_3b839d-a4 .kb-img img{box-shadow:6px 6px 12px 0px #C92432;}<\/style>\n<figure class=\"wp-block-kadence-image kb-image12960_3b839d-a4 size-full kb-image-is-ratio-size\"><div class=\"kb-is-ratio-image kb-image-ratio-port23\"><img loading=\"lazy\" decoding=\"async\" width=\"150\" height=\"215\" src=\"https:\/\/www.upjs.sk\/app\/uploads\/sites\/9\/2022\/09\/Hilovska.jpg\" alt=\"\" class=\"kb-img wp-image-12962\"\/><\/div><\/figure>\n<\/div>\n\n\n\n<div class=\"wp-block-column is-vertically-aligned-bottom is-layout-flow wp-block-column-is-layout-flow\" style=\"flex-basis:75%\">\n<p><strong>PhDr. Alexandra Hi\u013eovsk\u00e1<\/strong><br><strong>\u0160pecializa\u010dn\u00e9 \u0161t\u00fadium:&nbsp;<\/strong><em>Cievna chirurgia, \u010ce\u013eustn\u00e1 ortop\u00e9dia\/ZL, Gastroenterologick\u00e1 chirurgia, Gynekol\u00f3gia a p\u00f4rodn\u00edctvo, Gynekologick\u00e1 urol\u00f3gia, Chirurgia, Maxilofaci\u00e1lna chirurgia\/L, Maxilofaci\u00e1lna chirurgia\/ZL, Neurochirurgia, ORL, Urol\u00f3gia, \u00darazov\u00e1 chirurgia<\/em><br>ZP sestra:<em> Anest\u00e9ziol\u00f3gia a intenz\u00edvna starostlivos\u0165, O\u0161etrovate\u013esk\u00e1 starostlivos\u0165 v&nbsp;psychiatrii<\/em><br><strong>Certifika\u010dn\u00e1 pr\u00edprava:<\/strong>&nbsp;<em>Dentoalveol\u00e1rna chirurgia, Implantol\u00f3gia, Abdomin\u00e1lna ultrasonografia u&nbsp;dospel\u00fdch<\/em><br>E-mail: <a class=\"ek-link\" href=\"mailto:alexandra.hilovska@upjs.sk\">alexandra.hilovska@upjs.sk<\/a><br>Tel.\/VoIP: +421 55 234 3326<\/p>\n<\/div>\n<\/div>\n\n\n\n<div class=\"wp-block-columns is-style-gapless is-layout-flex wp-container-core-columns-is-layout-9d6595d7 wp-block-columns-is-layout-flex\">\n<div class=\"wp-block-column is-content-justification-left is-layout-constrained wp-container-core-column-is-layout-8c890d92 wp-block-column-is-layout-constrained\" style=\"flex-basis:170px\"><style>.kb-image12960_65b9fe-f4.kb-image-is-ratio-size, .kb-image12960_65b9fe-f4 .kb-image-is-ratio-size{max-width:150px;width:100%;}.wp-block-kadence-column > .kt-inside-inner-col > .kb-image12960_65b9fe-f4.kb-image-is-ratio-size, .wp-block-kadence-column > .kt-inside-inner-col > .kb-image12960_65b9fe-f4 .kb-image-is-ratio-size{align-self:unset;}.kb-image12960_65b9fe-f4{max-width:150px;}.image-is-svg.kb-image12960_65b9fe-f4{-webkit-flex:0 1 100%;flex:0 1 100%;}.image-is-svg.kb-image12960_65b9fe-f4 img{width:100%;}.kb-image12960_65b9fe-f4 .kb-image-has-overlay:after{opacity:0.3;}.kb-image12960_65b9fe-f4 img.kb-img, .kb-image12960_65b9fe-f4 .kb-img img{box-shadow:6px 6px 12px 0px #C92432;}<\/style>\n<figure class=\"wp-block-kadence-image kb-image12960_65b9fe-f4 size-full kb-image-is-ratio-size\"><div class=\"kb-is-ratio-image kb-image-ratio-port23\"><img loading=\"lazy\" decoding=\"async\" width=\"150\" height=\"180\" src=\"https:\/\/www.upjs.sk\/app\/uploads\/sites\/9\/2022\/09\/person.png\" alt=\"\" class=\"kb-img wp-image-12963\"\/><\/div><\/figure>\n<\/div>\n\n\n\n<div class=\"wp-block-column is-vertically-aligned-bottom is-layout-flow wp-block-column-is-layout-flow\" style=\"flex-basis:75%\">\n<p><strong><strong>Mgr. Katar\u00edna Tomkov\u00e1<\/strong><br>Rezidentsk\u00e9 \u0161t\u00fadium: <\/strong><em>vo v\u0161etk\u00fdch odboroch ur\u010den\u00fdch MZ SR, ktor\u00e9 s\u00fa akreditovan\u00e9 na UPJ\u0160 LF.<\/em><br><strong>\u0160pecializa\u010dn\u00e9 \u0161t\u00fadium:&nbsp;<\/strong><em>Anest\u00e9ziol\u00f3gia a intenz\u00edvna medic\u00edna, Dermatovenerol\u00f3gia, FBLR, Neurol\u00f3gia, Pediatria, Pediatrick\u00e1 reumatol\u00f3gia, Reumatol\u00f3gia, V\u0161eobecn\u00e9 lek\u00e1rstvo, Zdravotn\u00edcky mana\u017ement a&nbsp;financovanie<\/em><br><strong>Certifika\u010dn\u00e1 pr\u00edprava:&nbsp;<\/strong><em>Echokardiografia<\/em><strong><br><\/strong>E-mail: <a href=\"mailto:katarina.tomkova@upjs.sk\">katarina.tomkova@upjs.sk<\/a><br>Tel.\/VoIP: +421 55 234 3279<\/p>\n<\/div>\n<\/div>\n\n\n\n<div class=\"wp-block-columns is-style-gapless is-layout-flex wp-container-core-columns-is-layout-9d6595d7 wp-block-columns-is-layout-flex\">\n<div class=\"wp-block-column is-content-justification-left is-layout-constrained wp-container-core-column-is-layout-8c890d92 wp-block-column-is-layout-constrained\" style=\"flex-basis:170px\"><style>.kb-image12960_035345-9e.kb-image-is-ratio-size, .kb-image12960_035345-9e .kb-image-is-ratio-size{max-width:150px;width:100%;}.wp-block-kadence-column > .kt-inside-inner-col > .kb-image12960_035345-9e.kb-image-is-ratio-size, .wp-block-kadence-column > .kt-inside-inner-col > .kb-image12960_035345-9e .kb-image-is-ratio-size{align-self:unset;}.kb-image12960_035345-9e{max-width:150px;}.image-is-svg.kb-image12960_035345-9e{-webkit-flex:0 1 100%;flex:0 1 100%;}.image-is-svg.kb-image12960_035345-9e img{width:100%;}.kb-image12960_035345-9e .kb-image-has-overlay:after{opacity:0.3;}.kb-image12960_035345-9e img.kb-img, .kb-image12960_035345-9e .kb-img img{box-shadow:6px 6px 12px 0px #C92432;}<\/style>\n<figure class=\"wp-block-kadence-image kb-image12960_035345-9e size-full kb-image-is-ratio-size\"><div class=\"kb-is-ratio-image kb-image-ratio-port23\"><img loading=\"lazy\" decoding=\"async\" width=\"150\" height=\"180\" src=\"https:\/\/www.upjs.sk\/app\/uploads\/sites\/9\/2022\/09\/person.png\" alt=\"\" class=\"kb-img wp-image-12963\"\/><\/div><\/figure>\n<\/div>\n\n\n\n<div class=\"wp-block-column is-vertically-aligned-bottom is-layout-flow wp-block-column-is-layout-flow\" style=\"flex-basis:75%\">\n<p><strong>Ing. Lenka \u017dabkov\u00e1<\/strong><br><strong>\u0160pecializa\u010dn\u00e9 \u0161t\u00fadium:\u00a0<\/strong><em>Angiol\u00f3gia, Endokrinol\u00f3gia, <em>Geriatria<\/em><\/em>,<em> Fyzioterapia por\u00fach CNS, Infektol\u00f3gia, Kardiol\u00f3gia, Pneumol\u00f3gia a ftizeol\u00f3gia, Pracovn\u00e9 lek\u00e1rstvo, Vn\u00fatorn\u00e9 lek\u00e1rstvo<\/em><br>ZP sestra: <em>O\u0161etrovate\u013esk\u00e1 starostlivos\u0165 o dospel\u00fdch, O\u0161etrovate\u013esk\u00e1 starostlivos\u0165 v\u00a0pediatrii<\/em><br><strong>Certifika\u010dn\u00e1 pr\u00edprava:<\/strong>\u00a0<em>DaI ezofagogastroduodenoskopia, DaI kolonoskopia, Somnol\u00f3gia<\/em><br>E-mail: <a href=\"mailto:lenka.zabkova@upjs.sk\" class=\"ek-link\">lenka.zabkova@upjs.sk<br><\/a>Tel.\/VoIP: +421 55 234 3317<\/p>\n<\/div>\n<\/div>\n","protected":false},"excerpt":{"rendered":"<p>Kontakty Adresa:Dekan\u00e1t UPJ\u0160 LF, 4. poschodieOddelenie pre \u010fal\u0161ie vzdel\u00e1vanie zdravotn\u00edckych pracovn\u00edkovTrieda SNP 1040 11 Ko\u0161ice prof. MUDr. Peter Urdz\u00edk, PhD., MPHprodekan pre \u010fal\u0161ie vzdel\u00e1vanie zdravotn\u00edckych pracovn\u00edkov a nelek\u00e1rske \u0161tudijn\u00e9 programy na Univerzite Pavla Jozefa \u0160af\u00e1rika v Ko\u0161iciach, Lek\u00e1rskej fakulteE-mail: peter.urdzik@upjs.skTel.: +421 55 640 3615Tel.\/VoIP: +421 55 234 3487 Mgr. Zuzana Dlugo\u0161ov\u00e1Zara\u010fovanie do \u010fal\u0161ieho vzdel\u00e1vania \u2013 &hellip; <a href=\"https:\/\/www.upjs.sk\/lekarska-fakulta\/studenti-lf\/dalsie-vzdelavanie\/oddelenie\/\">\u010c\u00edta\u0165 \u010falej<\/a><\/p>\n","protected":false},"author":1,"featured_media":0,"parent":12955,"menu_order":0,"comment_status":"closed","ping_status":"closed","template":"","meta":{"_acf_changed":false,"_editorskit_title_hidden":false,"_editorskit_reading_time":1,"_editorskit_is_block_options_detached":false,"_editorskit_block_options_position":"{}","footnotes":""},"categories":[],"tags":[],"class_list":["post-12960","page","type-page","status-publish","hentry"],"acf":{"acf_link_na_externy_obsah":""},"yoast_head":"<!-- This site is optimized with the Yoast SEO plugin v27.5 - https:\/\/yoast.com\/product\/yoast-seo-wordpress\/ -->\n<title>Oddelenie pre \u010fal\u0161ie vzdel\u00e1vanie zdravotn\u00edckych pracovn\u00edkov - Lek\u00e1rska fakulta | UPJ\u0160<\/title>\n<meta name=\"robots\" content=\"index, follow, max-snippet:-1, max-image-preview:large, max-video-preview:-1\" \/>\n<link rel=\"canonical\" href=\"https:\/\/www.upjs.sk\/lekarska-fakulta\/studenti-lf\/dalsie-vzdelavanie\/oddelenie\/\" \/>\n<meta property=\"og:locale\" content=\"sk_SK\" \/>\n<meta property=\"og:type\" content=\"article\" \/>\n<meta property=\"og:title\" content=\"Oddelenie pre \u010fal\u0161ie vzdel\u00e1vanie zdravotn\u00edckych pracovn\u00edkov - Lek\u00e1rska fakulta | UPJ\u0160\" \/>\n<meta property=\"og:description\" content=\"Kontakty Adresa:Dekan\u00e1t UPJ\u0160 LF, 4. poschodieOddelenie pre \u010fal\u0161ie vzdel\u00e1vanie zdravotn\u00edckych pracovn\u00edkovTrieda SNP 1040 11 Ko\u0161ice prof. MUDr. Peter Urdz\u00edk, PhD., MPHprodekan pre \u010fal\u0161ie vzdel\u00e1vanie zdravotn\u00edckych pracovn\u00edkov a nelek\u00e1rske \u0161tudijn\u00e9 programy na Univerzite Pavla Jozefa \u0160af\u00e1rika v Ko\u0161iciach, Lek\u00e1rskej fakulteE-mail: peter.urdzik@upjs.skTel.: +421 55 640 3615Tel.\/VoIP: +421 55 234 3487 Mgr. Zuzana Dlugo\u0161ov\u00e1Zara\u010fovanie do \u010fal\u0161ieho vzdel\u00e1vania \u2013 &hellip; \u010c\u00edta\u0165 \u010falej\" \/>\n<meta property=\"og:url\" content=\"https:\/\/www.upjs.sk\/lekarska-fakulta\/studenti-lf\/dalsie-vzdelavanie\/oddelenie\/\" \/>\n<meta property=\"og:site_name\" content=\"Lek\u00e1rska fakulta | UPJ\u0160\" \/>\n<meta property=\"article:modified_time\" content=\"2026-02-02T12:01:37+00:00\" \/>\n<meta property=\"og:image\" content=\"https:\/\/www.upjs.sk\/app\/uploads\/sites\/9\/2022\/12\/Urdzik.jpg\" \/>\n\t<meta property=\"og:image:width\" content=\"267\" \/>\n\t<meta property=\"og:image:height\" content=\"400\" \/>\n\t<meta property=\"og:image:type\" content=\"image\/jpeg\" \/>\n<meta name=\"twitter:card\" content=\"summary_large_image\" \/>\n<meta name=\"twitter:label1\" content=\"Predpokladan\u00fd \u010das \u010d\u00edtania\" \/>\n\t<meta name=\"twitter:data1\" content=\"3 min\u00faty\" \/>\n<script type=\"application\/ld+json\" class=\"yoast-schema-graph\">{\"@context\":\"https:\\\/\\\/schema.org\",\"@graph\":[{\"@type\":\"WebPage\",\"@id\":\"https:\\\/\\\/www.upjs.sk\\\/lekarska-fakulta\\\/studenti-lf\\\/dalsie-vzdelavanie\\\/oddelenie\\\/\",\"url\":\"https:\\\/\\\/www.upjs.sk\\\/lekarska-fakulta\\\/studenti-lf\\\/dalsie-vzdelavanie\\\/oddelenie\\\/\",\"name\":\"Oddelenie pre \u010fal\u0161ie vzdel\u00e1vanie zdravotn\u00edckych pracovn\u00edkov - Lek\u00e1rska fakulta | UPJ\u0160\",\"isPartOf\":{\"@id\":\"https:\\\/\\\/www.upjs.sk\\\/lekarska-fakulta\\\/#website\"},\"primaryImageOfPage\":{\"@id\":\"https:\\\/\\\/www.upjs.sk\\\/lekarska-fakulta\\\/studenti-lf\\\/dalsie-vzdelavanie\\\/oddelenie\\\/#primaryimage\"},\"image\":{\"@id\":\"https:\\\/\\\/www.upjs.sk\\\/lekarska-fakulta\\\/studenti-lf\\\/dalsie-vzdelavanie\\\/oddelenie\\\/#primaryimage\"},\"thumbnailUrl\":\"https:\\\/\\\/www.upjs.sk\\\/app\\\/uploads\\\/sites\\\/9\\\/2022\\\/12\\\/Urdzik.jpg\",\"datePublished\":\"2023-02-26T09:55:25+00:00\",\"dateModified\":\"2026-02-02T12:01:37+00:00\",\"breadcrumb\":{\"@id\":\"https:\\\/\\\/www.upjs.sk\\\/lekarska-fakulta\\\/studenti-lf\\\/dalsie-vzdelavanie\\\/oddelenie\\\/#breadcrumb\"},\"inLanguage\":\"sk-SK\",\"potentialAction\":[{\"@type\":\"ReadAction\",\"target\":[\"https:\\\/\\\/www.upjs.sk\\\/lekarska-fakulta\\\/studenti-lf\\\/dalsie-vzdelavanie\\\/oddelenie\\\/\"]}]},{\"@type\":\"ImageObject\",\"inLanguage\":\"sk-SK\",\"@id\":\"https:\\\/\\\/www.upjs.sk\\\/lekarska-fakulta\\\/studenti-lf\\\/dalsie-vzdelavanie\\\/oddelenie\\\/#primaryimage\",\"url\":\"https:\\\/\\\/www.upjs.sk\\\/app\\\/uploads\\\/sites\\\/9\\\/2022\\\/12\\\/Urdzik.jpg\",\"contentUrl\":\"https:\\\/\\\/www.upjs.sk\\\/app\\\/uploads\\\/sites\\\/9\\\/2022\\\/12\\\/Urdzik.jpg\"},{\"@type\":\"BreadcrumbList\",\"@id\":\"https:\\\/\\\/www.upjs.sk\\\/lekarska-fakulta\\\/studenti-lf\\\/dalsie-vzdelavanie\\\/oddelenie\\\/#breadcrumb\",\"itemListElement\":[{\"@type\":\"ListItem\",\"position\":1,\"name\":\"Home\",\"item\":\"https:\\\/\\\/www.upjs.sk\\\/lekarska-fakulta\\\/\"},{\"@type\":\"ListItem\",\"position\":2,\"name\":\"\u0160tudenti\",\"item\":\"https:\\\/\\\/www.upjs.sk\\\/lekarska-fakulta\\\/studenti-lf\\\/\"},{\"@type\":\"ListItem\",\"position\":3,\"name\":\"\u010eal\u0161ie vzdel\u00e1vanie zdravotn\u00edckych pracovn\u00edkov\",\"item\":\"https:\\\/\\\/www.upjs.sk\\\/lekarska-fakulta\\\/studenti-lf\\\/dalsie-vzdelavanie\\\/\"},{\"@type\":\"ListItem\",\"position\":4,\"name\":\"Oddelenie pre \u010fal\u0161ie vzdel\u00e1vanie zdravotn\u00edckych pracovn\u00edkov\"}]},{\"@type\":\"WebSite\",\"@id\":\"https:\\\/\\\/www.upjs.sk\\\/lekarska-fakulta\\\/#website\",\"url\":\"https:\\\/\\\/www.upjs.sk\\\/lekarska-fakulta\\\/\",\"name\":\"Lek\u00e1rska fakulta | UPJ\u0160\",\"description\":\"\",\"publisher\":{\"@id\":\"https:\\\/\\\/www.upjs.sk\\\/lekarska-fakulta\\\/#organization\"},\"potentialAction\":[{\"@type\":\"SearchAction\",\"target\":{\"@type\":\"EntryPoint\",\"urlTemplate\":\"https:\\\/\\\/www.upjs.sk\\\/lekarska-fakulta\\\/?s={search_term_string}\"},\"query-input\":{\"@type\":\"PropertyValueSpecification\",\"valueRequired\":true,\"valueName\":\"search_term_string\"}}],\"inLanguage\":\"sk-SK\"},{\"@type\":\"Organization\",\"@id\":\"https:\\\/\\\/www.upjs.sk\\\/lekarska-fakulta\\\/#organization\",\"name\":\"Lek\u00e1rska fakulta | UPJ\u0160\",\"url\":\"https:\\\/\\\/www.upjs.sk\\\/lekarska-fakulta\\\/\",\"logo\":{\"@type\":\"ImageObject\",\"inLanguage\":\"sk-SK\",\"@id\":\"https:\\\/\\\/www.upjs.sk\\\/lekarska-fakulta\\\/#\\\/schema\\\/logo\\\/image\\\/\",\"url\":\"https:\\\/\\\/www.upjs.sk\\\/app\\\/uploads\\\/sites\\\/9\\\/2022\\\/09\\\/logo-lekarska-fakulta.png\",\"contentUrl\":\"https:\\\/\\\/www.upjs.sk\\\/app\\\/uploads\\\/sites\\\/9\\\/2022\\\/09\\\/logo-lekarska-fakulta.png\",\"width\":415,\"height\":87,\"caption\":\"Lek\u00e1rska fakulta | UPJ\u0160\"},\"image\":{\"@id\":\"https:\\\/\\\/www.upjs.sk\\\/lekarska-fakulta\\\/#\\\/schema\\\/logo\\\/image\\\/\"}}]}<\/script>\n<!-- \/ Yoast SEO plugin. -->","yoast_head_json":{"title":"Oddelenie pre \u010fal\u0161ie vzdel\u00e1vanie zdravotn\u00edckych pracovn\u00edkov - Lek\u00e1rska fakulta | UPJ\u0160","robots":{"index":"index","follow":"follow","max-snippet":"max-snippet:-1","max-image-preview":"max-image-preview:large","max-video-preview":"max-video-preview:-1"},"canonical":"https:\/\/www.upjs.sk\/lekarska-fakulta\/studenti-lf\/dalsie-vzdelavanie\/oddelenie\/","og_locale":"sk_SK","og_type":"article","og_title":"Oddelenie pre \u010fal\u0161ie vzdel\u00e1vanie zdravotn\u00edckych pracovn\u00edkov - Lek\u00e1rska fakulta | UPJ\u0160","og_description":"Kontakty Adresa:Dekan\u00e1t UPJ\u0160 LF, 4. poschodieOddelenie pre \u010fal\u0161ie vzdel\u00e1vanie zdravotn\u00edckych pracovn\u00edkovTrieda SNP 1040 11 Ko\u0161ice prof. MUDr. Peter Urdz\u00edk, PhD., MPHprodekan pre \u010fal\u0161ie vzdel\u00e1vanie zdravotn\u00edckych pracovn\u00edkov a nelek\u00e1rske \u0161tudijn\u00e9 programy na Univerzite Pavla Jozefa \u0160af\u00e1rika v Ko\u0161iciach, Lek\u00e1rskej fakulteE-mail: peter.urdzik@upjs.skTel.: +421 55 640 3615Tel.\/VoIP: +421 55 234 3487 Mgr. Zuzana Dlugo\u0161ov\u00e1Zara\u010fovanie do \u010fal\u0161ieho vzdel\u00e1vania \u2013 &hellip; \u010c\u00edta\u0165 \u010falej","og_url":"https:\/\/www.upjs.sk\/lekarska-fakulta\/studenti-lf\/dalsie-vzdelavanie\/oddelenie\/","og_site_name":"Lek\u00e1rska fakulta | UPJ\u0160","article_modified_time":"2026-02-02T12:01:37+00:00","og_image":[{"width":267,"height":400,"url":"https:\/\/www.upjs.sk\/app\/uploads\/sites\/9\/2022\/12\/Urdzik.jpg","type":"image\/jpeg"}],"twitter_card":"summary_large_image","twitter_misc":{"Predpokladan\u00fd \u010das \u010d\u00edtania":"3 min\u00faty"},"schema":{"@context":"https:\/\/schema.org","@graph":[{"@type":"WebPage","@id":"https:\/\/www.upjs.sk\/lekarska-fakulta\/studenti-lf\/dalsie-vzdelavanie\/oddelenie\/","url":"https:\/\/www.upjs.sk\/lekarska-fakulta\/studenti-lf\/dalsie-vzdelavanie\/oddelenie\/","name":"Oddelenie pre \u010fal\u0161ie vzdel\u00e1vanie zdravotn\u00edckych pracovn\u00edkov - Lek\u00e1rska fakulta | UPJ\u0160","isPartOf":{"@id":"https:\/\/www.upjs.sk\/lekarska-fakulta\/#website"},"primaryImageOfPage":{"@id":"https:\/\/www.upjs.sk\/lekarska-fakulta\/studenti-lf\/dalsie-vzdelavanie\/oddelenie\/#primaryimage"},"image":{"@id":"https:\/\/www.upjs.sk\/lekarska-fakulta\/studenti-lf\/dalsie-vzdelavanie\/oddelenie\/#primaryimage"},"thumbnailUrl":"https:\/\/www.upjs.sk\/app\/uploads\/sites\/9\/2022\/12\/Urdzik.jpg","datePublished":"2023-02-26T09:55:25+00:00","dateModified":"2026-02-02T12:01:37+00:00","breadcrumb":{"@id":"https:\/\/www.upjs.sk\/lekarska-fakulta\/studenti-lf\/dalsie-vzdelavanie\/oddelenie\/#breadcrumb"},"inLanguage":"sk-SK","potentialAction":[{"@type":"ReadAction","target":["https:\/\/www.upjs.sk\/lekarska-fakulta\/studenti-lf\/dalsie-vzdelavanie\/oddelenie\/"]}]},{"@type":"ImageObject","inLanguage":"sk-SK","@id":"https:\/\/www.upjs.sk\/lekarska-fakulta\/studenti-lf\/dalsie-vzdelavanie\/oddelenie\/#primaryimage","url":"https:\/\/www.upjs.sk\/app\/uploads\/sites\/9\/2022\/12\/Urdzik.jpg","contentUrl":"https:\/\/www.upjs.sk\/app\/uploads\/sites\/9\/2022\/12\/Urdzik.jpg"},{"@type":"BreadcrumbList","@id":"https:\/\/www.upjs.sk\/lekarska-fakulta\/studenti-lf\/dalsie-vzdelavanie\/oddelenie\/#breadcrumb","itemListElement":[{"@type":"ListItem","position":1,"name":"Home","item":"https:\/\/www.upjs.sk\/lekarska-fakulta\/"},{"@type":"ListItem","position":2,"name":"\u0160tudenti","item":"https:\/\/www.upjs.sk\/lekarska-fakulta\/studenti-lf\/"},{"@type":"ListItem","position":3,"name":"\u010eal\u0161ie vzdel\u00e1vanie zdravotn\u00edckych pracovn\u00edkov","item":"https:\/\/www.upjs.sk\/lekarska-fakulta\/studenti-lf\/dalsie-vzdelavanie\/"},{"@type":"ListItem","position":4,"name":"Oddelenie pre \u010fal\u0161ie vzdel\u00e1vanie zdravotn\u00edckych pracovn\u00edkov"}]},{"@type":"WebSite","@id":"https:\/\/www.upjs.sk\/lekarska-fakulta\/#website","url":"https:\/\/www.upjs.sk\/lekarska-fakulta\/","name":"Lek\u00e1rska fakulta | UPJ\u0160","description":"","publisher":{"@id":"https:\/\/www.upjs.sk\/lekarska-fakulta\/#organization"},"potentialAction":[{"@type":"SearchAction","target":{"@type":"EntryPoint","urlTemplate":"https:\/\/www.upjs.sk\/lekarska-fakulta\/?s={search_term_string}"},"query-input":{"@type":"PropertyValueSpecification","valueRequired":true,"valueName":"search_term_string"}}],"inLanguage":"sk-SK"},{"@type":"Organization","@id":"https:\/\/www.upjs.sk\/lekarska-fakulta\/#organization","name":"Lek\u00e1rska fakulta | UPJ\u0160","url":"https:\/\/www.upjs.sk\/lekarska-fakulta\/","logo":{"@type":"ImageObject","inLanguage":"sk-SK","@id":"https:\/\/www.upjs.sk\/lekarska-fakulta\/#\/schema\/logo\/image\/","url":"https:\/\/www.upjs.sk\/app\/uploads\/sites\/9\/2022\/09\/logo-lekarska-fakulta.png","contentUrl":"https:\/\/www.upjs.sk\/app\/uploads\/sites\/9\/2022\/09\/logo-lekarska-fakulta.png","width":415,"height":87,"caption":"Lek\u00e1rska fakulta | UPJ\u0160"},"image":{"@id":"https:\/\/www.upjs.sk\/lekarska-fakulta\/#\/schema\/logo\/image\/"}}]}},"_links":{"self":[{"href":"https:\/\/www.upjs.sk\/lekarska-fakulta\/wp-json\/wp\/v2\/pages\/12960","targetHints":{"allow":["GET"]}}],"collection":[{"href":"https:\/\/www.upjs.sk\/lekarska-fakulta\/wp-json\/wp\/v2\/pages"}],"about":[{"href":"https:\/\/www.upjs.sk\/lekarska-fakulta\/wp-json\/wp\/v2\/types\/page"}],"author":[{"embeddable":true,"href":"https:\/\/www.upjs.sk\/lekarska-fakulta\/wp-json\/wp\/v2\/users\/1"}],"replies":[{"embeddable":true,"href":"https:\/\/www.upjs.sk\/lekarska-fakulta\/wp-json\/wp\/v2\/comments?post=12960"}],"version-history":[{"count":19,"href":"https:\/\/www.upjs.sk\/lekarska-fakulta\/wp-json\/wp\/v2\/pages\/12960\/revisions"}],"predecessor-version":[{"id":153053,"href":"https:\/\/www.upjs.sk\/lekarska-fakulta\/wp-json\/wp\/v2\/pages\/12960\/revisions\/153053"}],"up":[{"embeddable":true,"href":"https:\/\/www.upjs.sk\/lekarska-fakulta\/wp-json\/wp\/v2\/pages\/12955"}],"wp:attachment":[{"href":"https:\/\/www.upjs.sk\/lekarska-fakulta\/wp-json\/wp\/v2\/media?parent=12960"}],"wp:term":[{"taxonomy":"category","embeddable":true,"href":"https:\/\/www.upjs.sk\/lekarska-fakulta\/wp-json\/wp\/v2\/categories?post=12960"},{"taxonomy":"post_tag","embeddable":true,"href":"https:\/\/www.upjs.sk\/lekarska-fakulta\/wp-json\/wp\/v2\/tags?post=12960"}],"curies":[{"name":"wp","href":"https:\/\/api.w.org\/{rel}","templated":true}]}}